{"id":2009,"date":"2022-09-30T13:19:57","date_gmt":"2022-09-30T13:19:57","guid":{"rendered":"https:\/\/nhkmachineryparts.pawsfabrik.dk\/?post_type=product&#038;p=2009"},"modified":"2026-02-23T14:45:54","modified_gmt":"2026-02-23T12:45:54","slug":"331-tuerca-esquina-en-acero-inoxidable-para-soldar","status":"publish","type":"product","link":"https:\/\/nhkmachineryparts.com\/es\/product\/331-corner-nut-in-stainless-steel-for-welding\/","title":{"rendered":"Tuerca angular en acero inoxidable para soldar."},"content":{"rendered":"<section class=\"vc_row vc_custom_1662993827263 liquid-row-shadowbox-69d4a79380cf7 vc_column-gap-0\"><div class=\"ld-container container\"><div class=\"row ld-row ld-row-outer\"><div class=\"wpb_column vc_column_container vc_col-sm-12 liquid-column-69d4a79380e6e\"><div class=\"vc_column-inner\" ><div class=\"wpb_wrapper\"  >\n\t<div class=\"wpb_text_column wpb_content_element\" >\n\t\t<div class=\"wpb_wrapper\">\n\t\t\t<h2>tuerca de esquina<\/h2>\n<p>Nuestras series de tuercas angulares y espaciadores est\u00e1n dise\u00f1adas para <a href=\"https:\/\/nhkmachineryparts.com\/es\/our-industries\/\" data-internallinksmanager029f6b8e52c=\"4\" title=\"Nuestras industrias\">industrias<\/a> donde se exigen cada vez m\u00e1s exigencias a la resistencia del material y a un dise\u00f1o que facilite la limpieza. Industrias como: equipos m\u00e9dicos, equipos de procesamiento de alimentos y productos farmac\u00e9uticos, maquinaria de envasado, equipos de procesamiento de carne y aves de dise\u00f1o 3A, m\u00e1quinas de procesamiento de l\u00e1cteos.<\/p>\n<h2>Tuerca angular roscada de acero inoxidable (Aisi 1.4301)<\/h2>\n<p>Tuerca angular en acero inoxidable (Aisi 1.4301)<br \/>\nTuerca de esquina M8-16-15 \u2013 ID=8.2 \u2013 OD=16.0 \u2013 L=15 \u2013 L1=6<br \/>\nTuerca de esquina M8-16-20 \u2013 ID=8.2 \u2013 OD=16.0 \u2013 L=20 \u2013 L1=6<br \/>\nTuerca de esquina M8-16-25 \u2013 ID=8.2 \u2013 OD=16.0 \u2013 L=25 \u2013 L1=10<br \/>\nTuerca de esquina M10-18-15 \u2013 ID=10.2 \u2013 OD=18.0 \u2013 L=15 \u2013 L1=6<br \/>\nTuerca de esquina M10-18-25 \u2013 ID=10.2 \u2013 OD=18.0 \u2013 L=25 \u2013 L1=10<br \/>\nTuerca de esquina M12-22-15 \u2013 ID=12,2 \u2013 OD=22,0 \u2013 L=15 \u2013 L1=6<br \/>\nTuerca de esquina M12-22-25 \u2013 ID=12,2 \u2013 OD=22,0 \u2013 L=25 \u2013 L1=10<br \/>\nTuerca de esquina M16-26-15 \u2013 ID=16.2 \u2013 OD=26.0 \u2013 L=15 \u2013 L1=6<br \/>\nTuerca de esquina M16-26-25 \u2013 ID=16.2 \u2013 OD=26.0 \u2013 L=25 \u2013 L1=10<\/p>\n<h2>Distanciador de esquina en acero inoxidable (Aisi 1.4301)<\/h2>\n<h3>El di\u00e1metro interior est\u00e1 listo para hacer roscas despu\u00e9s de soldar.<\/h3>\n<p>Espaciador de esquina 6.8-16-15 \u2013 ID=6.8 \u2013 OD=16.0 \u2013 L=15<br \/>\nEspaciador de esquina 6.8-16-25 \u2013 ID=6.8 \u2013 OD=16.0 \u2013 L=25<br \/>\nEspaciador de esquina 8.5-18-15 \u2013 ID=8.5 \u2013 OD=18.0 \u2013 L=15<br \/>\nEspaciador de esquina 8.5-18-25 \u2013 ID=8.5 \u2013 OD=18.0 \u2013 L=25<br \/>\nEspaciador de esquina 10.2-22-15 \u2013 ID=10.2 \u2013 OD=22.0 \u2013 L=15<br \/>\nEspaciador de esquina 10,2-22-25 \u2013 ID=10,2 \u2013 OD=22,0 \u2013 L=25<br \/>\nEspaciador de esquina 14.0-26-15 \u2013 ID=14.0 \u2013 OD=26.0 \u2013 L=15<br \/>\nEspaciador de esquina 14.0-26-25 \u2013 ID=14.0 \u2013 OD=26.0 \u2013 L=25<\/p>\n<p><a href=\"https:\/\/nhkmachineryparts.com\/es\/linea-de-producto\/categoria\/50-piezas-transportadoras-higienicas-en-diseno-de-acero-inoxidable\/\">Componentes del transportador en dise\u00f1o higi\u00e9nico<\/a><\/p>\n<p><a href=\"https:\/\/nhkmachineryparts.com\/es\/contacto\/\">Para otro tama\u00f1o, por favor cont\u00e1ctenos.<\/a><\/p>\n<h2>Tuerca de esquina de acero inoxidable para montaje por soldadura<\/h2>\n<h3>Una soluci\u00f3n vers\u00e1til para aplicaciones industriales<\/h3>\n<p>En el mundo de la ferreter\u00eda industrial, la tuerca angular en acero inoxidable para montaje por soldadura destaca por ser un componente robusto, vers\u00e1til e indispensable. Dise\u00f1adas para ofrecer tanto durabilidad como precisi\u00f3n, estas tuercas angulares son ideales para aplicaciones en entornos donde la higiene, la solidez y la resistencia a la corrosi\u00f3n son primordiales.<\/p>\n<hr \/>\n<h2><strong>\u00bfQu\u00e9 es una tuerca de esquina de acero inoxidable?<\/strong><\/h2>\n<p>Una tuerca de esquina de acero inoxidable es una soluci\u00f3n de fijaci\u00f3n especializada dise\u00f1ada para soldar sobre superficies. Estos componentes est\u00e1n fabricados con acero inoxidable de alta calidad, lo que ofrece una excelente durabilidad y resistencia a los factores ambientales. Su prop\u00f3sito principal es proporcionar un punto de montaje confiable para maquinaria, equipo o elementos estructurales, especialmente en industrias que requieren altos est\u00e1ndares de limpieza.<\/p>\n<hr \/>\n<h2><strong>Principales ventajas de las tuercas de esquina de acero inoxidable<\/strong><\/h2>\n<h3><strong>1. Resistencia superior a la corrosi\u00f3n<\/strong><\/h3>\n<p>Una de las caracter\u00edsticas m\u00e1s destacadas de las tuercas de acero inoxidable es su excepcional resistencia al \u00f3xido y la corrosi\u00f3n. Ya sea que se utilicen en plantas de procesamiento de alimentos, instalaciones farmac\u00e9uticas o industrias qu\u00edmicas, estas tuercas mantienen su integridad incluso en entornos hostiles.<\/p>\n<h3><strong>2. Mayor durabilidad<\/strong><\/h3>\n<p>La resistencia inherente del acero inoxidable garantiza que las tuercas de esquina puedan soportar una tensi\u00f3n mec\u00e1nica significativa. Esta durabilidad las convierte en una opci\u00f3n rentable para aplicaciones de servicio pesado, lo que reduce la necesidad de reemplazos frecuentes.<\/p>\n<h3><strong>3. Dise\u00f1o higi\u00e9nico<\/strong><\/h3>\n<p>Las industrias como la alimentaria y la farmac\u00e9utica exigen componentes que sean f\u00e1ciles de limpiar y que cumplan con estrictos est\u00e1ndares de higiene. Las tuercas de esquina de acero inoxidable est\u00e1n dise\u00f1adas con superficies lisas que evitan la acumulaci\u00f3n de contaminantes, cumpliendo con las normas de higiene. <a href=\"https:\/\/nhkmachineryparts.com\/es\/cual-es-la-diferencia-entre-3a-y-ehedg\/\" data-internallinksmanager029f6b8e52c=\"2\" title=\"Piezas de maquinaria certificadas EHEDG\">EHEDG<\/a> y certificaciones 3A.<\/p>\n<h3><strong>4. Montaje de soldadura vers\u00e1til<\/strong><\/h3>\n<p>Estas tuercas de esquina est\u00e1n dise\u00f1adas espec\u00edficamente para soldarse sin costuras en diversas superficies, lo que proporciona un punto de fijaci\u00f3n resistente y permanente. Su versatilidad les permite adaptarse a diferentes configuraciones y montajes.<\/p>\n<hr \/>\n<h2><strong>Aplicaciones de las tuercas de esquina de acero inoxidable<\/strong><\/h2>\n<h3><strong>1. Industria de alimentos y bebidas<\/strong><\/h3>\n<p>En las instalaciones de procesamiento de alimentos, se utilizan tuercas de esquina de acero inoxidable para montar equipos como sistemas de transporte, mezcladores y m\u00e1quinas de envasado. Sus propiedades higi\u00e9nicas garantizan el cumplimiento de las normas de la industria y, al mismo tiempo, resisten la exposici\u00f3n frecuente a agentes de limpieza y altos niveles de humedad.<\/p>\n<h3><strong>2. Farmac\u00e9utica y biotecnolog\u00eda<\/strong><\/h3>\n<p>La industria farmac\u00e9utica requiere componentes que mantengan la esterilidad y resistan la exposici\u00f3n a sustancias qu\u00edmicas. Las tuercas de esquina de acero inoxidable son ideales para montar de forma segura equipos de laboratorio y de fabricaci\u00f3n.<\/p>\n<h3><strong>3. Embalaje y log\u00edstica<\/strong><\/h3>\n<p>Para las m\u00e1quinas de las l\u00edneas de envasado, las tuercas de acero inoxidable proporcionan soluciones de montaje fiables. Su capacidad para soportar cargas din\u00e1micas las hace indispensables para mantener la eficiencia operativa.<\/p>\n<h3><strong>4. Procesamiento qu\u00edmico<\/strong><\/h3>\n<p>La industria qu\u00edmica suele operar en entornos con productos qu\u00edmicos agresivos y altas temperaturas. Las tuercas de acero inoxidable ofrecen un rendimiento inigualable en dichas condiciones, lo que garantiza una fiabilidad duradera.<\/p>\n<hr \/>\n<h2><strong>C\u00f3mo elegir la tuerca de esquina adecuada para sus necesidades<\/strong><\/h2>\n<p>La selecci\u00f3n de la tuerca de esquina adecuada depende de los requisitos espec\u00edficos de su aplicaci\u00f3n. Los factores clave a tener en cuenta incluyen:<\/p>\n<ul>\n<li><strong>Grado de acero inoxidable:<\/strong> Elija entre acero inoxidable 304 o 316 seg\u00fan la exposici\u00f3n de su entorno a sustancias corrosivas.<\/li>\n<li><strong>Tama\u00f1o y dimensiones:<\/strong> Aseg\u00farese la compatibilidad con su maquinaria o componentes estructurales.<\/li>\n<li><strong>Certificaciones:<\/strong> Verifique que las tuercas de esquina cumplan con los est\u00e1ndares espec\u00edficos de la industria, como EHEDG, 3A o FDA.<\/li>\n<\/ul>\n<hr \/>\n<h2><strong>Mantenimiento de las tuercas de esquina de acero inoxidable<\/strong><\/h2>\n<p>Para maximizar la longevidad y el rendimiento de las tuercas de esquina de acero inoxidable, es esencial realizar un mantenimiento regular. La limpieza peri\u00f3dica con soluciones aprobadas ayuda a prevenir la acumulaci\u00f3n de residuos y garantiza la higiene en aplicaciones delicadas.<\/p>\n<hr \/>\n<h2><strong>Tuerca de esquina de acero inoxidable para montaje por soldadura<\/strong><\/h2>\n<h3><strong>Lo esencial de la industria<\/strong><\/h3>\n<p>Las tuercas de esquina de acero inoxidable para montaje por soldadura son un componente invaluable en entornos industriales. Combinando resistencia, higiene y versatilidad, satisfacen los exigentes requisitos de industrias como la de procesamiento de alimentos, la farmac\u00e9utica y la fabricaci\u00f3n de productos qu\u00edmicos. Invertir en estos componentes duraderos garantiza eficiencia operativa y confiabilidad a largo plazo.<\/p>\n<p>Al seleccionar tuercas de esquina, conf\u00ede en productos de alta calidad que cumplan con los estrictos est\u00e1ndares de la industria para lograr el m\u00e1ximo rendimiento y seguridad.<\/p>\n\n\t\t<\/div>\n\t<\/div>\n<\/div><\/div><\/div><\/div><\/div><\/section>","protected":false},"excerpt":{"rendered":"Corner nut Our corner nut and spacer series are designed for the industries where continuously heavier demands on the material resistance and a design for easy-to-clean. Industries like: medical equipment, food &amp; pharmaceutical processing equipment, packaging machinery, 3A design-meat &amp; poultry processing equipment, dairy processing machines. Threaded stainless steel\u00a0corner nut\u00a0(Aisi 1.4301) Corner nut in stainless [...]","protected":false},"featured_media":8720,"template":"","meta":[],"product_brand":[],"product_cat":[64],"product_tag":[],"class_list":{"0":"post-2009","1":"product","2":"type-product","3":"status-publish","4":"has-post-thumbnail","6":"product_cat-hygienic-machinery-components-in-stainless-steel","8":"first","9":"instock","10":"shipping-taxable","11":"product-type-simple"},"yoast_head":"<!-- This site is optimized with the Yoast SEO plugin v27.3 - https:\/\/yoast.com\/product\/yoast-seo-wordpress\/ -->\n<title>Corner nut in stainless steel for welding | NHK Machinery Parts<\/title>\n<meta name=\"description\" content=\"Benefits of stainless steel corner nuts for welding mounting. Durable and corrosion-resistant components enhance industrial applications.\" \/>\n<meta name=\"robots\" content=\"index, follow, max-snippet:-1, max-image-preview:large, max-video-preview:-1\" \/>\n<link rel=\"canonical\" href=\"https:\/\/nhkmachineryparts.com\/es\/producto\/331-tuerca-esquina-en-acero-inoxidable-para-soldar\/\" \/>\n<meta property=\"og:locale\" content=\"es_ES\" \/>\n<meta property=\"og:type\" content=\"article\" \/>\n<meta property=\"og:title\" content=\"Corner nut in stainless steel for welding | NHK Machinery Parts\" \/>\n<meta property=\"og:description\" content=\"Benefits of stainless steel corner nuts for welding mounting. Durable and corrosion-resistant components enhance industrial applications.\" \/>\n<meta property=\"og:url\" content=\"https:\/\/nhkmachineryparts.com\/es\/producto\/331-tuerca-esquina-en-acero-inoxidable-para-soldar\/\" \/>\n<meta property=\"og:site_name\" content=\"NHK Machinery Parts\" \/>\n<meta property=\"article:publisher\" content=\"https:\/\/www.facebook.com\/NHK.Group.aps\" \/>\n<meta property=\"article:modified_time\" content=\"2026-02-23T12:45:54+00:00\" \/>\n<meta property=\"og:image\" content=\"https:\/\/nhkmachineryparts.com\/wp-content\/uploads\/2022\/09\/Corner-nut-in-stainless-steel-for-welding.jpg\" \/>\n\t<meta property=\"og:image:width\" content=\"1000\" \/>\n\t<meta property=\"og:image:height\" content=\"1000\" \/>\n\t<meta property=\"og:image:type\" content=\"image\/jpeg\" \/>\n<meta name=\"twitter:card\" content=\"summary_large_image\" \/>\n<meta name=\"twitter:label1\" content=\"Tiempo de lectura\" \/>\n\t<meta name=\"twitter:data1\" content=\"4 minutos\" \/>\n<script type=\"application\/ld+json\" class=\"yoast-schema-graph\">{\"@context\":\"https:\\\/\\\/schema.org\",\"@graph\":[{\"@type\":\"WebPage\",\"@id\":\"https:\\\/\\\/nhkmachineryparts.com\\\/product\\\/331-corner-nut-in-stainless-steel-for-welding\\\/\",\"url\":\"https:\\\/\\\/nhkmachineryparts.com\\\/product\\\/331-corner-nut-in-stainless-steel-for-welding\\\/\",\"name\":\"Corner nut in stainless steel for welding | NHK Machinery Parts\",\"isPartOf\":{\"@id\":\"https:\\\/\\\/nhkmachineryparts.com\\\/#website\"},\"primaryImageOfPage\":{\"@id\":\"https:\\\/\\\/nhkmachineryparts.com\\\/product\\\/331-corner-nut-in-stainless-steel-for-welding\\\/#primaryimage\"},\"image\":{\"@id\":\"https:\\\/\\\/nhkmachineryparts.com\\\/product\\\/331-corner-nut-in-stainless-steel-for-welding\\\/#primaryimage\"},\"thumbnailUrl\":\"https:\\\/\\\/nhkmachineryparts.com\\\/wp-content\\\/uploads\\\/2022\\\/09\\\/Corner-nut-in-stainless-steel-for-welding.jpg\",\"datePublished\":\"2022-09-30T13:19:57+00:00\",\"dateModified\":\"2026-02-23T12:45:54+00:00\",\"description\":\"Benefits of stainless steel corner nuts for welding mounting. Durable and corrosion-resistant components enhance industrial applications.\",\"breadcrumb\":{\"@id\":\"https:\\\/\\\/nhkmachineryparts.com\\\/product\\\/331-corner-nut-in-stainless-steel-for-welding\\\/#breadcrumb\"},\"inLanguage\":\"es\",\"potentialAction\":[{\"@type\":\"ReadAction\",\"target\":[\"https:\\\/\\\/nhkmachineryparts.com\\\/product\\\/331-corner-nut-in-stainless-steel-for-welding\\\/\"]}]},{\"@type\":\"ImageObject\",\"inLanguage\":\"es\",\"@id\":\"https:\\\/\\\/nhkmachineryparts.com\\\/product\\\/331-corner-nut-in-stainless-steel-for-welding\\\/#primaryimage\",\"url\":\"https:\\\/\\\/nhkmachineryparts.com\\\/wp-content\\\/uploads\\\/2022\\\/09\\\/Corner-nut-in-stainless-steel-for-welding.jpg\",\"contentUrl\":\"https:\\\/\\\/nhkmachineryparts.com\\\/wp-content\\\/uploads\\\/2022\\\/09\\\/Corner-nut-in-stainless-steel-for-welding.jpg\",\"width\":1000,\"height\":1000,\"caption\":\"Corner nut in stainless steel for welding\"},{\"@type\":\"BreadcrumbList\",\"@id\":\"https:\\\/\\\/nhkmachineryparts.com\\\/product\\\/331-corner-nut-in-stainless-steel-for-welding\\\/#breadcrumb\",\"itemListElement\":[{\"@type\":\"ListItem\",\"position\":1,\"name\":\"Home\",\"item\":\"https:\\\/\\\/nhkmachineryparts.com\\\/\"},{\"@type\":\"ListItem\",\"position\":2,\"name\":\"Product line\",\"item\":\"https:\\\/\\\/nhkmachineryparts.com\\\/product-line\\\/\"},{\"@type\":\"ListItem\",\"position\":3,\"name\":\"Hygienic machinery components in stainless steel\",\"item\":\"https:\\\/\\\/nhkmachineryparts.com\\\/product-line\\\/hygienic-machinery-components-in-stainless-steel\\\/\"},{\"@type\":\"ListItem\",\"position\":4,\"name\":\"Corner nut in stainless steel for welding\"}]},{\"@type\":\"WebSite\",\"@id\":\"https:\\\/\\\/nhkmachineryparts.com\\\/#website\",\"url\":\"https:\\\/\\\/nhkmachineryparts.com\\\/\",\"name\":\"NHK Machinery Parts\",\"description\":\"Bearing Houses, seismic levelling feet and levelling castors\",\"publisher\":{\"@id\":\"https:\\\/\\\/nhkmachineryparts.com\\\/#organization\"},\"potentialAction\":[{\"@type\":\"SearchAction\",\"target\":{\"@type\":\"EntryPoint\",\"urlTemplate\":\"https:\\\/\\\/nhkmachineryparts.com\\\/?s={search_term_string}\"},\"query-input\":{\"@type\":\"PropertyValueSpecification\",\"valueRequired\":true,\"valueName\":\"search_term_string\"}}],\"inLanguage\":\"es\"},{\"@type\":\"Organization\",\"@id\":\"https:\\\/\\\/nhkmachineryparts.com\\\/#organization\",\"name\":\"Nhk Group ApS\",\"url\":\"https:\\\/\\\/nhkmachineryparts.com\\\/\",\"logo\":{\"@type\":\"ImageObject\",\"inLanguage\":\"es\",\"@id\":\"https:\\\/\\\/nhkmachineryparts.com\\\/#\\\/schema\\\/logo\\\/image\\\/\",\"url\":\"https:\\\/\\\/nhkmachineryparts.com\\\/wp-content\\\/uploads\\\/2022\\\/09\\\/NHKgroup_social.jpg\",\"contentUrl\":\"https:\\\/\\\/nhkmachineryparts.com\\\/wp-content\\\/uploads\\\/2022\\\/09\\\/NHKgroup_social.jpg\",\"width\":1200,\"height\":630,\"caption\":\"Nhk Group ApS\"},\"image\":{\"@id\":\"https:\\\/\\\/nhkmachineryparts.com\\\/#\\\/schema\\\/logo\\\/image\\\/\"},\"sameAs\":[\"https:\\\/\\\/www.facebook.com\\\/NHK.Group.aps\"]}]}<\/script>\n<!-- \/ Yoast SEO plugin. -->","yoast_head_json":{"title":"Tuerca angular de acero inoxidable para soldar | Piezas de maquinaria NHK","description":"Beneficios de las tuercas de esquina de acero inoxidable para montaje por soldadura. Los componentes duraderos y resistentes a la corrosi\u00f3n mejoran las aplicaciones industriales.","robots":{"index":"index","follow":"follow","max-snippet":"max-snippet:-1","max-image-preview":"max-image-preview:large","max-video-preview":"max-video-preview:-1"},"canonical":"https:\/\/nhkmachineryparts.com\/es\/producto\/331-tuerca-esquina-en-acero-inoxidable-para-soldar\/","og_locale":"es_ES","og_type":"article","og_title":"Corner nut in stainless steel for welding | NHK Machinery Parts","og_description":"Benefits of stainless steel corner nuts for welding mounting. Durable and corrosion-resistant components enhance industrial applications.","og_url":"https:\/\/nhkmachineryparts.com\/es\/producto\/331-tuerca-esquina-en-acero-inoxidable-para-soldar\/","og_site_name":"NHK Machinery Parts","article_publisher":"https:\/\/www.facebook.com\/NHK.Group.aps","article_modified_time":"2026-02-23T12:45:54+00:00","og_image":[{"width":1000,"height":1000,"url":"https:\/\/nhkmachineryparts.com\/wp-content\/uploads\/2022\/09\/Corner-nut-in-stainless-steel-for-welding.jpg","type":"image\/jpeg"}],"twitter_card":"summary_large_image","twitter_misc":{"Tiempo de lectura":"4 minutos"},"schema":{"@context":"https:\/\/schema.org","@graph":[{"@type":"WebPage","@id":"https:\/\/nhkmachineryparts.com\/product\/331-corner-nut-in-stainless-steel-for-welding\/","url":"https:\/\/nhkmachineryparts.com\/product\/331-corner-nut-in-stainless-steel-for-welding\/","name":"Tuerca angular de acero inoxidable para soldar | Piezas de maquinaria NHK","isPartOf":{"@id":"https:\/\/nhkmachineryparts.com\/#website"},"primaryImageOfPage":{"@id":"https:\/\/nhkmachineryparts.com\/product\/331-corner-nut-in-stainless-steel-for-welding\/#primaryimage"},"image":{"@id":"https:\/\/nhkmachineryparts.com\/product\/331-corner-nut-in-stainless-steel-for-welding\/#primaryimage"},"thumbnailUrl":"https:\/\/nhkmachineryparts.com\/wp-content\/uploads\/2022\/09\/Corner-nut-in-stainless-steel-for-welding.jpg","datePublished":"2022-09-30T13:19:57+00:00","dateModified":"2026-02-23T12:45:54+00:00","description":"Beneficios de las tuercas de esquina de acero inoxidable para montaje por soldadura. Los componentes duraderos y resistentes a la corrosi\u00f3n mejoran las aplicaciones industriales.","breadcrumb":{"@id":"https:\/\/nhkmachineryparts.com\/product\/331-corner-nut-in-stainless-steel-for-welding\/#breadcrumb"},"inLanguage":"es","potentialAction":[{"@type":"ReadAction","target":["https:\/\/nhkmachineryparts.com\/product\/331-corner-nut-in-stainless-steel-for-welding\/"]}]},{"@type":"ImageObject","inLanguage":"es","@id":"https:\/\/nhkmachineryparts.com\/product\/331-corner-nut-in-stainless-steel-for-welding\/#primaryimage","url":"https:\/\/nhkmachineryparts.com\/wp-content\/uploads\/2022\/09\/Corner-nut-in-stainless-steel-for-welding.jpg","contentUrl":"https:\/\/nhkmachineryparts.com\/wp-content\/uploads\/2022\/09\/Corner-nut-in-stainless-steel-for-welding.jpg","width":1000,"height":1000,"caption":"Corner nut in stainless steel for welding"},{"@type":"BreadcrumbList","@id":"https:\/\/nhkmachineryparts.com\/product\/331-corner-nut-in-stainless-steel-for-welding\/#breadcrumb","itemListElement":[{"@type":"ListItem","position":1,"name":"Home","item":"https:\/\/nhkmachineryparts.com\/"},{"@type":"ListItem","position":2,"name":"Product line","item":"https:\/\/nhkmachineryparts.com\/product-line\/"},{"@type":"ListItem","position":3,"name":"Hygienic machinery components in stainless steel","item":"https:\/\/nhkmachineryparts.com\/product-line\/hygienic-machinery-components-in-stainless-steel\/"},{"@type":"ListItem","position":4,"name":"Corner nut in stainless steel for welding"}]},{"@type":"WebSite","@id":"https:\/\/nhkmachineryparts.com\/#website","url":"https:\/\/nhkmachineryparts.com\/","name":"Piezas de maquinaria NHK","description":"Casas de rodamiento, pies niveladores s\u00edsmicos y ruedas niveladoras","publisher":{"@id":"https:\/\/nhkmachineryparts.com\/#organization"},"potentialAction":[{"@type":"SearchAction","target":{"@type":"EntryPoint","urlTemplate":"https:\/\/nhkmachineryparts.com\/?s={search_term_string}"},"query-input":{"@type":"PropertyValueSpecification","valueRequired":true,"valueName":"search_term_string"}}],"inLanguage":"es"},{"@type":"Organization","@id":"https:\/\/nhkmachineryparts.com\/#organization","name":"Grupo Nhk ApS","url":"https:\/\/nhkmachineryparts.com\/","logo":{"@type":"ImageObject","inLanguage":"es","@id":"https:\/\/nhkmachineryparts.com\/#\/schema\/logo\/image\/","url":"https:\/\/nhkmachineryparts.com\/wp-content\/uploads\/2022\/09\/NHKgroup_social.jpg","contentUrl":"https:\/\/nhkmachineryparts.com\/wp-content\/uploads\/2022\/09\/NHKgroup_social.jpg","width":1200,"height":630,"caption":"Nhk Group ApS"},"image":{"@id":"https:\/\/nhkmachineryparts.com\/#\/schema\/logo\/image\/"},"sameAs":["https:\/\/www.facebook.com\/NHK.Group.aps"]}]}},"_links":{"self":[{"href":"https:\/\/nhkmachineryparts.com\/es\/wp-json\/wp\/v2\/product\/2009","targetHints":{"allow":["GET"]}}],"collection":[{"href":"https:\/\/nhkmachineryparts.com\/es\/wp-json\/wp\/v2\/product"}],"about":[{"href":"https:\/\/nhkmachineryparts.com\/es\/wp-json\/wp\/v2\/types\/product"}],"wp:featuredmedia":[{"embeddable":true,"href":"https:\/\/nhkmachineryparts.com\/es\/wp-json\/wp\/v2\/media\/8720"}],"wp:attachment":[{"href":"https:\/\/nhkmachineryparts.com\/es\/wp-json\/wp\/v2\/media?parent=2009"}],"wp:term":[{"taxonomy":"product_brand","embeddable":true,"href":"https:\/\/nhkmachineryparts.com\/es\/wp-json\/wp\/v2\/product_brand?post=2009"},{"taxonomy":"product_cat","embeddable":true,"href":"https:\/\/nhkmachineryparts.com\/es\/wp-json\/wp\/v2\/product_cat?post=2009"},{"taxonomy":"product_tag","embeddable":true,"href":"https:\/\/nhkmachineryparts.com\/es\/wp-json\/wp\/v2\/product_tag?post=2009"}],"curies":[{"name":"Gracias","href":"https:\/\/api.w.org\/{rel}","templated":true}]}}