{"id":1868,"date":"2022-09-26T19:06:06","date_gmt":"2022-09-26T19:06:06","guid":{"rendered":"https:\/\/nhkmachineryparts.pawsfabrik.dk\/?post_type=product&#038;p=1868"},"modified":"2026-02-23T14:53:26","modified_gmt":"2026-02-23T12:53:26","slug":"253-mini-unidades-de-brida-de-dos-pernos-en-acero-inoxidable-sufl","status":"publish","type":"product","link":"https:\/\/nhkmachineryparts.com\/es\/product\/253-mini-two-bolt-flange-units-in-stainless-steel-sufl\/","title":{"rendered":"Unidades mini con brida de dos tornillos en acero inoxidable SUFL"},"content":{"rendered":"<section class=\"vc_row vc_custom_1662993827263 liquid-row-shadowbox-69d50a4edd471 vc_column-gap-0\"><div class=\"ld-container container\"><div class=\"row ld-row ld-row-outer\"><div class=\"wpb_column vc_column_container vc_col-sm-12 liquid-column-69d50a4edd5bc\"><div class=\"vc_column-inner\" ><div class=\"wpb_wrapper\"  >\n\t<div class=\"wpb_text_column wpb_content_element\" >\n\t\t<div class=\"wpb_wrapper\">\n\t\t\t<h2>Unidades mini con brida de dos tornillos en acero inoxidable SUFL<\/h2>\n<p>La mini unidad de rodamiento con brida de acero inoxidable de 2 orificios tipo SUFL con cierres de collar exc\u00e9ntricos son unidades de rodamiento extra estrechas con un dise\u00f1o higi\u00e9nico, adecuadas para la producci\u00f3n de alimentos y otros entornos exigentes.<\/p>\n<h2>Caracter\u00edsticas y ventajas de las unidades Mini Brida de dos tornillos en acero inoxidable SUFL:<\/h2>\n<ul>\n<li>Carcasas de acero inoxidable AISI 304<\/li>\n<li>Rodamientos de acero inoxidable AISI 440C<\/li>\n<li>Sello: caucho de nitrilo (NBR) o caucho de silicona (Si) aprobado por la FDA<\/li>\n<li>Rodamientos estrechos<\/li>\n<li>No se requiere recubrimiento de superficie<\/li>\n<li>Bloqueo de cuello exc\u00e9ntrico<\/li>\n<li>Excelente vida \u00fatil<\/li>\n<li>Temperatura de funcionamiento de -30\u00b0C a +120\u00b0C.<\/li>\n<\/ul>\n<h2>Mini unidades de brida de dos pernos de acero inoxidable con bloqueo de collar exc\u00e9ntrico<\/h2>\n<p>Rodamiento: SUS440C<br \/>\nCasa del rodamiento: SUS304<br \/>\nBloqueo del collar: SUS304<br \/>\nTama\u00f1o del orificio: 10 mm a 35 mm<\/p>\n<h2>Mini unidades de brida de dos pernos de acero inoxidable en tama\u00f1os SUFL.<\/h2>\n<table width=\"252\">\n<tbody>\n<tr>\n<td width=\"126\">Di\u00e1metro del eje<\/td>\n<td width=\"126\">N\u00famero de cat\u00e1logo<\/td>\n<\/tr>\n<tr>\n<td width=\"126\">SUFL000<\/td>\n<td width=\"126\">eje de 10 mm<\/td>\n<\/tr>\n<tr>\n<td width=\"126\">SUFL001<\/td>\n<td width=\"126\">eje de 12 mm<\/td>\n<\/tr>\n<tr>\n<td width=\"126\">SUFL002<\/td>\n<td width=\"126\">eje de 15 mm<\/td>\n<\/tr>\n<tr>\n<td width=\"126\">SUFL003<\/td>\n<td width=\"126\">eje de 17 mm<\/td>\n<\/tr>\n<tr>\n<td width=\"126\">SUFL004<\/td>\n<td width=\"126\">eje de 20 mm<\/td>\n<\/tr>\n<tr>\n<td width=\"126\">SUFL005<\/td>\n<td width=\"126\">eje de 25 mm<\/td>\n<\/tr>\n<tr>\n<td width=\"126\">SUFL006<\/td>\n<td width=\"126\">eje de 30 mm<\/td>\n<\/tr>\n<tr>\n<td width=\"126\">SUFL007<\/td>\n<td width=\"126\">eje de 35 mm<\/td>\n<\/tr>\n<\/tbody>\n<\/table>\n<p>El SUFL00x se puede suministrar con tapa abierta o cerrada.<br \/>\nTapa abierta de pl\u00e1stico; se a\u00f1ade el sufijo \u201cOC\u201d a los n\u00fameros de rodamiento. ej.: SUFL00xOC<br \/>\nPl\u00e1stico con tapa cerrada, se agrega el sufijo \u201cCC\u201d a los n\u00fameros de rodamiento. ej.: SUFL00xCC<\/p>\n\n\t\t<\/div>\n\t<\/div>\n<\/div><\/div><\/div><\/div><\/div><\/section>","protected":false},"excerpt":{"rendered":"Mini Two-bolt flange units in stainless steel SUFL The 2-holes mini stainless steel flange bearing unit type SUFL with eccentric collar locks are extra narrow bearing units in hygienic design, suitable in food production and other demanding environments. Mini Two-bolt flange units in stainless steel SUFL features and advantages: Stainless steel housings AISI 304 Stainless [...]","protected":false},"featured_media":11574,"template":"","meta":[],"product_brand":[],"product_cat":[55],"product_tag":[],"class_list":{"0":"post-1868","1":"product","2":"type-product","3":"status-publish","4":"has-post-thumbnail","6":"product_cat-mini-bearing-units-in-stainless-steel","8":"first","9":"instock","10":"shipping-taxable","11":"product-type-simple"},"yoast_head":"<!-- This site is optimized with the Yoast SEO plugin v27.3 - https:\/\/yoast.com\/product\/yoast-seo-wordpress\/ -->\n<title>Mini Two-bolt flange units in stainless steel SUFL | NHK Machinery Parts<\/title>\n<meta name=\"description\" content=\"2-holes mini stainless steel flange bearing unit type SUFL with eccentric collar locks are extra narrow bearing units in hygienic design, food production\" \/>\n<meta name=\"robots\" content=\"index, follow, max-snippet:-1, max-image-preview:large, max-video-preview:-1\" \/>\n<link rel=\"canonical\" href=\"https:\/\/nhkmachineryparts.com\/es\/producto\/253-mini-unidades-de-brida-de-dos-pernos-en-acero-inoxidable-sufl\/\" \/>\n<meta property=\"og:locale\" content=\"es_ES\" \/>\n<meta property=\"og:type\" content=\"article\" \/>\n<meta property=\"og:title\" content=\"Mini Two-bolt flange units in stainless steel SUFL | NHK Machinery Parts\" \/>\n<meta property=\"og:description\" content=\"2-holes mini stainless steel flange bearing unit type SUFL with eccentric collar locks are extra narrow bearing units in hygienic design, food production\" \/>\n<meta property=\"og:url\" content=\"https:\/\/nhkmachineryparts.com\/es\/producto\/253-mini-unidades-de-brida-de-dos-pernos-en-acero-inoxidable-sufl\/\" \/>\n<meta property=\"og:site_name\" content=\"NHK Machinery Parts\" \/>\n<meta property=\"article:publisher\" content=\"https:\/\/www.facebook.com\/NHK.Group.aps\" \/>\n<meta property=\"article:modified_time\" content=\"2026-02-23T12:53:26+00:00\" \/>\n<meta property=\"og:image\" content=\"https:\/\/nhkmachineryparts.com\/wp-content\/uploads\/2022\/09\/Mini-Two-bolt-flange-units-in-stainless-steel-304.jpg\" \/>\n\t<meta property=\"og:image:width\" content=\"1000\" \/>\n\t<meta property=\"og:image:height\" content=\"1000\" \/>\n\t<meta property=\"og:image:type\" content=\"image\/jpeg\" \/>\n<meta name=\"twitter:card\" content=\"summary_large_image\" \/>\n<meta name=\"twitter:label1\" content=\"Tiempo de lectura\" \/>\n\t<meta name=\"twitter:data1\" content=\"2 minutos\" \/>\n<script type=\"application\/ld+json\" class=\"yoast-schema-graph\">{\"@context\":\"https:\\\/\\\/schema.org\",\"@graph\":[{\"@type\":\"WebPage\",\"@id\":\"https:\\\/\\\/nhkmachineryparts.com\\\/product\\\/253-mini-two-bolt-flange-units-in-stainless-steel-sufl\\\/\",\"url\":\"https:\\\/\\\/nhkmachineryparts.com\\\/product\\\/253-mini-two-bolt-flange-units-in-stainless-steel-sufl\\\/\",\"name\":\"Mini Two-bolt flange units in stainless steel SUFL | NHK Machinery Parts\",\"isPartOf\":{\"@id\":\"https:\\\/\\\/nhkmachineryparts.com\\\/#website\"},\"primaryImageOfPage\":{\"@id\":\"https:\\\/\\\/nhkmachineryparts.com\\\/product\\\/253-mini-two-bolt-flange-units-in-stainless-steel-sufl\\\/#primaryimage\"},\"image\":{\"@id\":\"https:\\\/\\\/nhkmachineryparts.com\\\/product\\\/253-mini-two-bolt-flange-units-in-stainless-steel-sufl\\\/#primaryimage\"},\"thumbnailUrl\":\"https:\\\/\\\/nhkmachineryparts.com\\\/wp-content\\\/uploads\\\/2022\\\/09\\\/Mini-Two-bolt-flange-units-in-stainless-steel-304.jpg\",\"datePublished\":\"2022-09-26T19:06:06+00:00\",\"dateModified\":\"2026-02-23T12:53:26+00:00\",\"description\":\"2-holes mini stainless steel flange bearing unit type SUFL with eccentric collar locks are extra narrow bearing units in hygienic design, food production\",\"breadcrumb\":{\"@id\":\"https:\\\/\\\/nhkmachineryparts.com\\\/product\\\/253-mini-two-bolt-flange-units-in-stainless-steel-sufl\\\/#breadcrumb\"},\"inLanguage\":\"es\",\"potentialAction\":[{\"@type\":\"ReadAction\",\"target\":[\"https:\\\/\\\/nhkmachineryparts.com\\\/product\\\/253-mini-two-bolt-flange-units-in-stainless-steel-sufl\\\/\"]}]},{\"@type\":\"ImageObject\",\"inLanguage\":\"es\",\"@id\":\"https:\\\/\\\/nhkmachineryparts.com\\\/product\\\/253-mini-two-bolt-flange-units-in-stainless-steel-sufl\\\/#primaryimage\",\"url\":\"https:\\\/\\\/nhkmachineryparts.com\\\/wp-content\\\/uploads\\\/2022\\\/09\\\/Mini-Two-bolt-flange-units-in-stainless-steel-304.jpg\",\"contentUrl\":\"https:\\\/\\\/nhkmachineryparts.com\\\/wp-content\\\/uploads\\\/2022\\\/09\\\/Mini-Two-bolt-flange-units-in-stainless-steel-304.jpg\",\"width\":1000,\"height\":1000,\"caption\":\"Mini Two-bolt flange units in stainless steel 304\"},{\"@type\":\"BreadcrumbList\",\"@id\":\"https:\\\/\\\/nhkmachineryparts.com\\\/product\\\/253-mini-two-bolt-flange-units-in-stainless-steel-sufl\\\/#breadcrumb\",\"itemListElement\":[{\"@type\":\"ListItem\",\"position\":1,\"name\":\"Home\",\"item\":\"https:\\\/\\\/nhkmachineryparts.com\\\/\"},{\"@type\":\"ListItem\",\"position\":2,\"name\":\"Product line\",\"item\":\"https:\\\/\\\/nhkmachineryparts.com\\\/product-line\\\/\"},{\"@type\":\"ListItem\",\"position\":3,\"name\":\"Mini Bearing Units in Stainless Steel\",\"item\":\"https:\\\/\\\/nhkmachineryparts.com\\\/product-line\\\/mini-bearing-units-in-stainless-steel\\\/\"},{\"@type\":\"ListItem\",\"position\":4,\"name\":\"Mini Two-bolt flange units in stainless steel SUFL\"}]},{\"@type\":\"WebSite\",\"@id\":\"https:\\\/\\\/nhkmachineryparts.com\\\/#website\",\"url\":\"https:\\\/\\\/nhkmachineryparts.com\\\/\",\"name\":\"NHK Machinery Parts\",\"description\":\"Bearing Houses, seismic levelling feet and levelling castors\",\"publisher\":{\"@id\":\"https:\\\/\\\/nhkmachineryparts.com\\\/#organization\"},\"potentialAction\":[{\"@type\":\"SearchAction\",\"target\":{\"@type\":\"EntryPoint\",\"urlTemplate\":\"https:\\\/\\\/nhkmachineryparts.com\\\/?s={search_term_string}\"},\"query-input\":{\"@type\":\"PropertyValueSpecification\",\"valueRequired\":true,\"valueName\":\"search_term_string\"}}],\"inLanguage\":\"es\"},{\"@type\":\"Organization\",\"@id\":\"https:\\\/\\\/nhkmachineryparts.com\\\/#organization\",\"name\":\"Nhk Group ApS\",\"url\":\"https:\\\/\\\/nhkmachineryparts.com\\\/\",\"logo\":{\"@type\":\"ImageObject\",\"inLanguage\":\"es\",\"@id\":\"https:\\\/\\\/nhkmachineryparts.com\\\/#\\\/schema\\\/logo\\\/image\\\/\",\"url\":\"https:\\\/\\\/nhkmachineryparts.com\\\/wp-content\\\/uploads\\\/2022\\\/09\\\/NHKgroup_social.jpg\",\"contentUrl\":\"https:\\\/\\\/nhkmachineryparts.com\\\/wp-content\\\/uploads\\\/2022\\\/09\\\/NHKgroup_social.jpg\",\"width\":1200,\"height\":630,\"caption\":\"Nhk Group ApS\"},\"image\":{\"@id\":\"https:\\\/\\\/nhkmachineryparts.com\\\/#\\\/schema\\\/logo\\\/image\\\/\"},\"sameAs\":[\"https:\\\/\\\/www.facebook.com\\\/NHK.Group.aps\"]}]}<\/script>\n<!-- \/ Yoast SEO plugin. -->","yoast_head_json":{"title":"Unidades mini con brida de dos tornillos en acero inoxidable SUFL | Piezas de maquinaria NHK","description":"Mini unidades de rodamientos con brida de acero inoxidable de 2 orificios tipo SUFL con cierres de collar exc\u00e9ntricos son unidades de rodamientos extra estrechas con dise\u00f1o higi\u00e9nico, para la producci\u00f3n de alimentos","robots":{"index":"index","follow":"follow","max-snippet":"max-snippet:-1","max-image-preview":"max-image-preview:large","max-video-preview":"max-video-preview:-1"},"canonical":"https:\/\/nhkmachineryparts.com\/es\/producto\/253-mini-unidades-de-brida-de-dos-pernos-en-acero-inoxidable-sufl\/","og_locale":"es_ES","og_type":"article","og_title":"Mini Two-bolt flange units in stainless steel SUFL | NHK Machinery Parts","og_description":"2-holes mini stainless steel flange bearing unit type SUFL with eccentric collar locks are extra narrow bearing units in hygienic design, food production","og_url":"https:\/\/nhkmachineryparts.com\/es\/producto\/253-mini-unidades-de-brida-de-dos-pernos-en-acero-inoxidable-sufl\/","og_site_name":"NHK Machinery Parts","article_publisher":"https:\/\/www.facebook.com\/NHK.Group.aps","article_modified_time":"2026-02-23T12:53:26+00:00","og_image":[{"width":1000,"height":1000,"url":"https:\/\/nhkmachineryparts.com\/wp-content\/uploads\/2022\/09\/Mini-Two-bolt-flange-units-in-stainless-steel-304.jpg","type":"image\/jpeg"}],"twitter_card":"summary_large_image","twitter_misc":{"Tiempo de lectura":"2 minutos"},"schema":{"@context":"https:\/\/schema.org","@graph":[{"@type":"WebPage","@id":"https:\/\/nhkmachineryparts.com\/product\/253-mini-two-bolt-flange-units-in-stainless-steel-sufl\/","url":"https:\/\/nhkmachineryparts.com\/product\/253-mini-two-bolt-flange-units-in-stainless-steel-sufl\/","name":"Unidades mini con brida de dos tornillos en acero inoxidable SUFL | Piezas de maquinaria NHK","isPartOf":{"@id":"https:\/\/nhkmachineryparts.com\/#website"},"primaryImageOfPage":{"@id":"https:\/\/nhkmachineryparts.com\/product\/253-mini-two-bolt-flange-units-in-stainless-steel-sufl\/#primaryimage"},"image":{"@id":"https:\/\/nhkmachineryparts.com\/product\/253-mini-two-bolt-flange-units-in-stainless-steel-sufl\/#primaryimage"},"thumbnailUrl":"https:\/\/nhkmachineryparts.com\/wp-content\/uploads\/2022\/09\/Mini-Two-bolt-flange-units-in-stainless-steel-304.jpg","datePublished":"2022-09-26T19:06:06+00:00","dateModified":"2026-02-23T12:53:26+00:00","description":"Mini unidades de rodamientos con brida de acero inoxidable de 2 orificios tipo SUFL con cierres de collar exc\u00e9ntricos son unidades de rodamientos extra estrechas con dise\u00f1o higi\u00e9nico, para la producci\u00f3n de alimentos","breadcrumb":{"@id":"https:\/\/nhkmachineryparts.com\/product\/253-mini-two-bolt-flange-units-in-stainless-steel-sufl\/#breadcrumb"},"inLanguage":"es","potentialAction":[{"@type":"ReadAction","target":["https:\/\/nhkmachineryparts.com\/product\/253-mini-two-bolt-flange-units-in-stainless-steel-sufl\/"]}]},{"@type":"ImageObject","inLanguage":"es","@id":"https:\/\/nhkmachineryparts.com\/product\/253-mini-two-bolt-flange-units-in-stainless-steel-sufl\/#primaryimage","url":"https:\/\/nhkmachineryparts.com\/wp-content\/uploads\/2022\/09\/Mini-Two-bolt-flange-units-in-stainless-steel-304.jpg","contentUrl":"https:\/\/nhkmachineryparts.com\/wp-content\/uploads\/2022\/09\/Mini-Two-bolt-flange-units-in-stainless-steel-304.jpg","width":1000,"height":1000,"caption":"Mini Two-bolt flange units in stainless steel 304"},{"@type":"BreadcrumbList","@id":"https:\/\/nhkmachineryparts.com\/product\/253-mini-two-bolt-flange-units-in-stainless-steel-sufl\/#breadcrumb","itemListElement":[{"@type":"ListItem","position":1,"name":"Home","item":"https:\/\/nhkmachineryparts.com\/"},{"@type":"ListItem","position":2,"name":"Product line","item":"https:\/\/nhkmachineryparts.com\/product-line\/"},{"@type":"ListItem","position":3,"name":"Mini Bearing Units in Stainless Steel","item":"https:\/\/nhkmachineryparts.com\/product-line\/mini-bearing-units-in-stainless-steel\/"},{"@type":"ListItem","position":4,"name":"Mini Two-bolt flange units in stainless steel SUFL"}]},{"@type":"WebSite","@id":"https:\/\/nhkmachineryparts.com\/#website","url":"https:\/\/nhkmachineryparts.com\/","name":"Piezas de maquinaria NHK","description":"Casas de rodamiento, pies niveladores s\u00edsmicos y ruedas niveladoras","publisher":{"@id":"https:\/\/nhkmachineryparts.com\/#organization"},"potentialAction":[{"@type":"SearchAction","target":{"@type":"EntryPoint","urlTemplate":"https:\/\/nhkmachineryparts.com\/?s={search_term_string}"},"query-input":{"@type":"PropertyValueSpecification","valueRequired":true,"valueName":"search_term_string"}}],"inLanguage":"es"},{"@type":"Organization","@id":"https:\/\/nhkmachineryparts.com\/#organization","name":"Grupo Nhk ApS","url":"https:\/\/nhkmachineryparts.com\/","logo":{"@type":"ImageObject","inLanguage":"es","@id":"https:\/\/nhkmachineryparts.com\/#\/schema\/logo\/image\/","url":"https:\/\/nhkmachineryparts.com\/wp-content\/uploads\/2022\/09\/NHKgroup_social.jpg","contentUrl":"https:\/\/nhkmachineryparts.com\/wp-content\/uploads\/2022\/09\/NHKgroup_social.jpg","width":1200,"height":630,"caption":"Nhk Group ApS"},"image":{"@id":"https:\/\/nhkmachineryparts.com\/#\/schema\/logo\/image\/"},"sameAs":["https:\/\/www.facebook.com\/NHK.Group.aps"]}]}},"_links":{"self":[{"href":"https:\/\/nhkmachineryparts.com\/es\/wp-json\/wp\/v2\/product\/1868","targetHints":{"allow":["GET"]}}],"collection":[{"href":"https:\/\/nhkmachineryparts.com\/es\/wp-json\/wp\/v2\/product"}],"about":[{"href":"https:\/\/nhkmachineryparts.com\/es\/wp-json\/wp\/v2\/types\/product"}],"wp:featuredmedia":[{"embeddable":true,"href":"https:\/\/nhkmachineryparts.com\/es\/wp-json\/wp\/v2\/media\/11574"}],"wp:attachment":[{"href":"https:\/\/nhkmachineryparts.com\/es\/wp-json\/wp\/v2\/media?parent=1868"}],"wp:term":[{"taxonomy":"product_brand","embeddable":true,"href":"https:\/\/nhkmachineryparts.com\/es\/wp-json\/wp\/v2\/product_brand?post=1868"},{"taxonomy":"product_cat","embeddable":true,"href":"https:\/\/nhkmachineryparts.com\/es\/wp-json\/wp\/v2\/product_cat?post=1868"},{"taxonomy":"product_tag","embeddable":true,"href":"https:\/\/nhkmachineryparts.com\/es\/wp-json\/wp\/v2\/product_tag?post=1868"}],"curies":[{"name":"Gracias","href":"https:\/\/api.w.org\/{rel}","templated":true}]}}