{"id":1856,"date":"2022-09-26T10:34:21","date_gmt":"2022-09-26T10:34:21","guid":{"rendered":"https:\/\/nhkmachineryparts.pawsfabrik.dk\/?post_type=product&#038;p=1856"},"modified":"2025-02-15T19:10:40","modified_gmt":"2025-02-15T17:10:40","slug":"229-unidad-termoplastica-tapa-abierta","status":"publish","type":"product","link":"https:\/\/nhkmachineryparts.com\/es\/product\/229-thermo-plastic-unit-open-cover\/","title":{"rendered":"Tapa abierta de la unidad de rodamiento de termopl\u00e1stico"},"content":{"rendered":"<section class=\"vc_row vc_custom_1662993827263 liquid-row-shadowbox-69d40ebce4056 vc_column-gap-0\"><div class=\"ld-container container\"><div class=\"row ld-row ld-row-outer\"><div class=\"wpb_column vc_column_container vc_col-sm-12 liquid-column-69d40ebce41e9\"><div class=\"vc_column-inner\" ><div class=\"wpb_wrapper\"  >\n\t<div class=\"wpb_text_column wpb_content_element\" >\n\t\t<div class=\"wpb_wrapper\">\n\t\t\t<h2>Mejore la durabilidad y la eficiencia<\/h2>\n<ul>\n<li>Cubierta de carcasa termopl\u00e1stica en color Negro, Blanco o Azul<\/li>\n<li>Material de la cubierta: Polipropileno<\/li>\n<li>Material del sello de aceite: caucho NBR<\/li>\n<li>Sello de aceite TC (Doble labio)<\/li>\n<li>Sello de aceite con resorte de acero inoxidable.<\/li>\n<\/ul>\n<h2>Tallas disponibles<\/h2>\n<div class=\"dcf-overflow-x-auto\" tabindex=\"0\">\n<table class=\"dcf-table dcf-table-bordered dcf-w-100%\">\n<thead>\n<tr>\n<th scope=\"col\">Di\u00e1metro del eje<\/th>\n<th scope=\"col\">N\u00famero de cat\u00e1logo<\/th>\n<\/tr>\n<\/thead>\n<tbody>\n<tr>\n<td data-label=\"Shaft Diameter\">\u00d820mm<\/td>\n<td data-label=\"Catalog No.\">OC 204<\/td>\n<\/tr>\n<tr>\n<td data-label=\"Shaft Diameter\">\u00d825mm<\/td>\n<td data-label=\"Catalog No.\">OC 205<\/td>\n<\/tr>\n<tr>\n<td data-label=\"Shaft Diameter\">\u00d830mm<\/td>\n<td data-label=\"Catalog No.\">OC 206<\/td>\n<\/tr>\n<tr>\n<td data-label=\"Shaft Diameter\">\u00d835mm<\/td>\n<td data-label=\"Catalog No.\">OC 207<\/td>\n<\/tr>\n<tr>\n<td data-label=\"Shaft Diameter\">\u00d840mm<\/td>\n<td data-label=\"Catalog No.\">OC 208<\/td>\n<\/tr>\n<tr>\n<td data-label=\"Shaft Diameter\">\u00d845mm<\/td>\n<td data-label=\"Catalog No.\">OC 209<\/td>\n<\/tr>\n<tr>\n<td data-label=\"Shaft Diameter\">\u00d850mm<\/td>\n<td data-label=\"Catalog No.\">OC 210<\/td>\n<\/tr>\n<tr>\n<td data-label=\"Shaft Diameter\">\u00d855mm<\/td>\n<td data-label=\"Catalog No.\">OC 211<\/td>\n<\/tr>\n<tr>\n<td data-label=\"Shaft Diameter\">\u00d860mm<\/td>\n<td data-label=\"Catalog No.\">OC 212<\/td>\n<\/tr>\n<\/tbody>\n<\/table>\n<\/div>\n<h2 data-start=\"0\" data-end=\"96\"><strong data-start=\"4\" data-end=\"96\">Unidades de rodamientos en carcasa compuesta IP54 con tapa abierta<\/strong><\/h2>\n<h3 data-start=\"0\" data-end=\"96\"><strong data-start=\"4\" data-end=\"96\">Soluciones duraderas y eficientes<\/strong><\/h3>\n<p data-start=\"98\" data-end=\"546\">Las unidades de rodamientos desempe\u00f1an un papel crucial en diversas aplicaciones industriales, garantizando un funcionamiento fluido y eficiente. Entre los diferentes tipos disponibles, <strong data-start=\"247\" data-end=\"304\">Unidades de rodamientos con carcasa compuesta IP54 y tapas abiertas<\/strong> Destacan por su <strong data-start=\"328\" data-end=\"379\">Durabilidad, versatilidad y rentabilidad<\/strong>Estas unidades ofrecen una excelente protecci\u00f3n contra el polvo y una exposici\u00f3n limitada al agua, lo que las hace ideales para <a href=\"https:\/\/nhkmachineryparts.com\/es\/our-industries\/\" data-internallinksmanager029f6b8e52c=\"4\" title=\"Nuestras industrias\">industrias<\/a> que requieren <strong data-start=\"507\" data-end=\"545\">Soluciones fiables y ligeras<\/strong>.<\/p>\n<h3 data-start=\"548\" data-end=\"606\"><strong data-start=\"552\" data-end=\"606\">Ventajas de las unidades de rodamientos con carcasa compuesta IP54<\/strong><\/h3>\n<ol data-start=\"607\" data-end=\"1288\">\n<li data-start=\"607\" data-end=\"774\"><strong data-start=\"610\" data-end=\"633\">Protecci\u00f3n mejorada<\/strong> - El <strong data-start=\"640\" data-end=\"672\">Carcasa compuesta con clasificaci\u00f3n IP54<\/strong> Proporciona resistencia contra el polvo y las salpicaduras de agua, lo que garantiza la longevidad en entornos dif\u00edciles.<\/li>\n<li data-start=\"775\" data-end=\"942\"><strong data-start=\"778\" data-end=\"817\">Ligero y resistente a la corrosi\u00f3n.<\/strong> \u2013 A diferencia de las carcasas met\u00e1licas tradicionales, los materiales compuestos son <strong data-start=\"879\" data-end=\"941\">Ligero, resistente a la corrosi\u00f3n y de f\u00e1cil mantenimiento.<\/strong>.<\/li>\n<li data-start=\"943\" data-end=\"1107\"><strong data-start=\"946\" data-end=\"966\">Rendimiento alto<\/strong> - El <strong data-start=\"973\" data-end=\"994\">dise\u00f1o de cubierta abierta<\/strong> permite un mejor flujo de aire, evitando el sobrecalentamiento y mejorando el rendimiento general en <strong data-start=\"1082\" data-end=\"1106\">aplicaciones din\u00e1micas<\/strong>.<\/li>\n<li data-start=\"1108\" data-end=\"1288\"><strong data-start=\"1111\" data-end=\"1138\">Soluci\u00f3n rentable<\/strong> - En comparaci\u00f3n con <strong data-start=\"1153\" data-end=\"1185\">alternativas al acero inoxidable<\/strong>Las unidades de cojinetes con carcasa compuesta ofrecen una <strong data-start=\"1227\" data-end=\"1245\">rentable<\/strong> Opci\u00f3n sin comprometer la durabilidad.<\/li>\n<\/ol>\n<h3 data-start=\"1290\" data-end=\"1332\"><strong data-start=\"1294\" data-end=\"1332\">Aplicaciones en diversas industrias<\/strong><\/h3>\n<ul data-start=\"1333\" data-end=\"1699\">\n<li data-start=\"1333\" data-end=\"1438\"><strong data-start=\"1335\" data-end=\"1367\">Procesamiento de alimentos y bebidas<\/strong> \u2013 Ideal para sistemas transportadores donde es necesaria resistencia a la humedad.<\/li>\n<li data-start=\"1439\" data-end=\"1528\"><strong data-start=\"1441\" data-end=\"1468\">Industria farmac\u00e9utica<\/strong> \u2013 Garantiza el cumplimiento de la higiene con superficies f\u00e1ciles de limpiar.<\/li>\n<li data-start=\"1529\" data-end=\"1607\"><strong data-start=\"1531\" data-end=\"1553\">Industria del embalaje<\/strong> \u2013 Se utiliza en sistemas de automatizaci\u00f3n y manipulaci\u00f3n de materiales.<\/li>\n<li data-start=\"1608\" data-end=\"1699\"><strong data-start=\"1610\" data-end=\"1642\">Agricultura y Horticultura<\/strong> \u2013 Protege contra el polvo y la suciedad en las plantas de procesamiento.<\/li>\n<\/ul>\n<h2 data-start=\"1701\" data-end=\"1719\"><strong data-start=\"1705\" data-end=\"1719\">Durabilidad, rendimiento y rentabilidad<\/strong><\/h2>\n<p data-start=\"1720\" data-end=\"2052\">Las unidades de cojinetes con carcasa compuesta IP54 con cubiertas abiertas proporcionan <strong data-start=\"1782\" data-end=\"1836\">Una soluci\u00f3n robusta, ligera y rentable<\/strong> Para industrias que buscan <strong data-start=\"1860\" data-end=\"1896\">Rendimiento confiable y duradero<\/strong>. Su <strong data-start=\"1904\" data-end=\"1988\">Resistencia a la corrosi\u00f3n, mejor flujo de aire y protecci\u00f3n contra el polvo y la humedad.<\/strong> Hazlos un <strong data-start=\"2001\" data-end=\"2024\">inversi\u00f3n valiosa<\/strong> Para diversas aplicaciones.<\/p>\n<h2>Unidad termopl\u00e1stica tapa abierta \/ tapa abierta (OC)<\/h2>\n<p><a href=\"https:\/\/nhkmachineryparts.com\/es\/producto\/223-unidad-de-almohada-personas\/\">Unidad de rodamiento de bolas PPL con soporte<\/a><br \/>\n<a href=\"https:\/\/nhkmachineryparts.com\/es\/producto\/unidad-de-brida-de-222-pernos-cuadrados-y-4-pernos-fpl\/\">Unidad de rodamiento de bolas FPL con brida cuadrada de 4 pernos<\/a><br \/>\n<a href=\"https:\/\/nhkmachineryparts.com\/es\/producto\/unidad-flpl-de-brida-224-oval-2-perno\/\">Unidad de rodamiento de bolas FLPL con brida ovalada de 2 pernos<\/a><br \/>\n<a href=\"https:\/\/nhkmachineryparts.com\/es\/producto\/225-base-roscada-almohada-unidad-papl\/\">Soporte de base roscada Unidad de rodamiento de bolas PAPL<\/a><br \/>\n<a href=\"https:\/\/nhkmachineryparts.com\/es\/producto\/unidad-de-brida-226-3-pernos-un-lado-fbpl\/\">Unidad de rodamiento de bolas FBPL con brida lateral de 3 pernos<\/a><br \/>\n<a href=\"https:\/\/nhkmachineryparts.com\/es\/producto\/unidad-de-brida-de-4-pernos-292-cartucho-fcpl\/\">Unidad de brida de cartucho de 4 pernos FCPL<\/a><br \/>\n<a href=\"https:\/\/nhkmachineryparts.com\/es\/producto\/227-unidad-percha-hppl\/\">Unidad de rodamiento de bolas HPPL Blue Hanger<\/a><br \/>\n<a href=\"https:\/\/nhkmachineryparts.com\/es\/producto\/228-unidad-de-recogida-tpl\/\">Unidad de rodamiento de bolas TPL Blue Take-up<\/a><\/p>\n\n\t\t<\/div>\n\t<\/div>\n<\/div><\/div><\/div><\/div><\/div><\/section>","protected":false},"excerpt":{"rendered":"Enhance durability and efficiency Thermoplastic housings cover in Black, White or Blue Cover material: Polypropylene Oil seal material: NBR Rubber Oil seal TC (Double lip) Oil seal with stainless steel spring Available sizes Shaft Diameter Catalog No. \u00d820 mm OC 204 \u00d825 mm OC 205 \u00d830 mm OC 206 \u00d835 mm OC 207 \u00d840 mm [...]","protected":false},"featured_media":11569,"template":"","meta":[],"product_brand":[],"product_cat":[52],"product_tag":[],"class_list":{"0":"post-1856","1":"product","2":"type-product","3":"status-publish","4":"has-post-thumbnail","6":"product_cat-bearing-units-in-ip54-thermo-plastic-housing","8":"first","9":"instock","10":"shipping-taxable","11":"product-type-simple"},"yoast_head":"<!-- This site is optimized with the Yoast SEO plugin v27.3 - https:\/\/yoast.com\/product\/yoast-seo-wordpress\/ -->\n<title>Thermo plastic bearing unit open cover | Durability and Efficiency | NHK Machinery Parts<\/title>\n<meta name=\"description\" content=\"The open cover for thermo plastic bearing unit is suitable for the food industry and other demanding environments, due to the hygienic design\" \/>\n<meta name=\"robots\" content=\"index, follow, max-snippet:-1, max-image-preview:large, max-video-preview:-1\" \/>\n<link rel=\"canonical\" href=\"https:\/\/nhkmachineryparts.com\/es\/producto\/229-unidad-termoplastica-tapa-abierta\/\" \/>\n<meta property=\"og:locale\" content=\"es_ES\" \/>\n<meta property=\"og:type\" content=\"article\" \/>\n<meta property=\"og:title\" content=\"Thermo plastic bearing unit open cover | Durability and Efficiency | NHK Machinery Parts\" \/>\n<meta property=\"og:description\" content=\"The open cover for thermo plastic bearing unit is suitable for the food industry and other demanding environments, due to the hygienic design\" \/>\n<meta property=\"og:url\" content=\"https:\/\/nhkmachineryparts.com\/es\/producto\/229-unidad-termoplastica-tapa-abierta\/\" \/>\n<meta property=\"og:site_name\" content=\"NHK Machinery Parts\" \/>\n<meta property=\"article:publisher\" content=\"https:\/\/www.facebook.com\/NHK.Group.aps\" \/>\n<meta property=\"article:modified_time\" content=\"2025-02-15T17:10:40+00:00\" \/>\n<meta property=\"og:image\" content=\"https:\/\/nhkmachineryparts.com\/wp-content\/uploads\/2022\/09\/Blue-cover-for-bearing-units-1.jpg\" \/>\n\t<meta property=\"og:image:width\" content=\"1000\" \/>\n\t<meta property=\"og:image:height\" content=\"1000\" \/>\n\t<meta property=\"og:image:type\" content=\"image\/jpeg\" \/>\n<meta name=\"twitter:card\" content=\"summary_large_image\" \/>\n<meta name=\"twitter:label1\" content=\"Tiempo de lectura\" \/>\n\t<meta name=\"twitter:data1\" content=\"2 minutos\" \/>\n<script type=\"application\/ld+json\" class=\"yoast-schema-graph\">{\"@context\":\"https:\\\/\\\/schema.org\",\"@graph\":[{\"@type\":\"WebPage\",\"@id\":\"https:\\\/\\\/nhkmachineryparts.com\\\/product\\\/229-thermo-plastic-unit-open-cover\\\/\",\"url\":\"https:\\\/\\\/nhkmachineryparts.com\\\/product\\\/229-thermo-plastic-unit-open-cover\\\/\",\"name\":\"Thermo plastic bearing unit open cover | Durability and Efficiency | NHK Machinery Parts\",\"isPartOf\":{\"@id\":\"https:\\\/\\\/nhkmachineryparts.com\\\/#website\"},\"primaryImageOfPage\":{\"@id\":\"https:\\\/\\\/nhkmachineryparts.com\\\/product\\\/229-thermo-plastic-unit-open-cover\\\/#primaryimage\"},\"image\":{\"@id\":\"https:\\\/\\\/nhkmachineryparts.com\\\/product\\\/229-thermo-plastic-unit-open-cover\\\/#primaryimage\"},\"thumbnailUrl\":\"https:\\\/\\\/nhkmachineryparts.com\\\/wp-content\\\/uploads\\\/2022\\\/09\\\/Blue-cover-for-bearing-units-1.jpg\",\"datePublished\":\"2022-09-26T10:34:21+00:00\",\"dateModified\":\"2025-02-15T17:10:40+00:00\",\"description\":\"The open cover for thermo plastic bearing unit is suitable for the food industry and other demanding environments, due to the hygienic design\",\"breadcrumb\":{\"@id\":\"https:\\\/\\\/nhkmachineryparts.com\\\/product\\\/229-thermo-plastic-unit-open-cover\\\/#breadcrumb\"},\"inLanguage\":\"es\",\"potentialAction\":[{\"@type\":\"ReadAction\",\"target\":[\"https:\\\/\\\/nhkmachineryparts.com\\\/product\\\/229-thermo-plastic-unit-open-cover\\\/\"]}]},{\"@type\":\"ImageObject\",\"inLanguage\":\"es\",\"@id\":\"https:\\\/\\\/nhkmachineryparts.com\\\/product\\\/229-thermo-plastic-unit-open-cover\\\/#primaryimage\",\"url\":\"https:\\\/\\\/nhkmachineryparts.com\\\/wp-content\\\/uploads\\\/2022\\\/09\\\/Blue-cover-for-bearing-units-1.jpg\",\"contentUrl\":\"https:\\\/\\\/nhkmachineryparts.com\\\/wp-content\\\/uploads\\\/2022\\\/09\\\/Blue-cover-for-bearing-units-1.jpg\",\"width\":1000,\"height\":1000,\"caption\":\"Blue cover for bearing units\"},{\"@type\":\"BreadcrumbList\",\"@id\":\"https:\\\/\\\/nhkmachineryparts.com\\\/product\\\/229-thermo-plastic-unit-open-cover\\\/#breadcrumb\",\"itemListElement\":[{\"@type\":\"ListItem\",\"position\":1,\"name\":\"Home\",\"item\":\"https:\\\/\\\/nhkmachineryparts.com\\\/\"},{\"@type\":\"ListItem\",\"position\":2,\"name\":\"Product line\",\"item\":\"https:\\\/\\\/nhkmachineryparts.com\\\/product-line\\\/\"},{\"@type\":\"ListItem\",\"position\":3,\"name\":\"Bearing units in IP54\u00a0composite housing\",\"item\":\"https:\\\/\\\/nhkmachineryparts.com\\\/product-line\\\/bearing-units-in-ip54-thermo-plastic-housing\\\/\"},{\"@type\":\"ListItem\",\"position\":4,\"name\":\"Thermo plastic bearing unit open cover\"}]},{\"@type\":\"WebSite\",\"@id\":\"https:\\\/\\\/nhkmachineryparts.com\\\/#website\",\"url\":\"https:\\\/\\\/nhkmachineryparts.com\\\/\",\"name\":\"NHK Machinery Parts\",\"description\":\"Bearing Houses, seismic levelling feet and levelling castors\",\"publisher\":{\"@id\":\"https:\\\/\\\/nhkmachineryparts.com\\\/#organization\"},\"potentialAction\":[{\"@type\":\"SearchAction\",\"target\":{\"@type\":\"EntryPoint\",\"urlTemplate\":\"https:\\\/\\\/nhkmachineryparts.com\\\/?s={search_term_string}\"},\"query-input\":{\"@type\":\"PropertyValueSpecification\",\"valueRequired\":true,\"valueName\":\"search_term_string\"}}],\"inLanguage\":\"es\"},{\"@type\":\"Organization\",\"@id\":\"https:\\\/\\\/nhkmachineryparts.com\\\/#organization\",\"name\":\"Nhk Group ApS\",\"url\":\"https:\\\/\\\/nhkmachineryparts.com\\\/\",\"logo\":{\"@type\":\"ImageObject\",\"inLanguage\":\"es\",\"@id\":\"https:\\\/\\\/nhkmachineryparts.com\\\/#\\\/schema\\\/logo\\\/image\\\/\",\"url\":\"https:\\\/\\\/nhkmachineryparts.com\\\/wp-content\\\/uploads\\\/2022\\\/09\\\/NHKgroup_social.jpg\",\"contentUrl\":\"https:\\\/\\\/nhkmachineryparts.com\\\/wp-content\\\/uploads\\\/2022\\\/09\\\/NHKgroup_social.jpg\",\"width\":1200,\"height\":630,\"caption\":\"Nhk Group ApS\"},\"image\":{\"@id\":\"https:\\\/\\\/nhkmachineryparts.com\\\/#\\\/schema\\\/logo\\\/image\\\/\"},\"sameAs\":[\"https:\\\/\\\/www.facebook.com\\\/NHK.Group.aps\"]}]}<\/script>\n<!-- \/ Yoast SEO plugin. -->","yoast_head_json":{"title":"Tapa abierta de unidad de cojinete termopl\u00e1stico | Durabilidad y eficiencia | Piezas de maquinaria NHK","description":"La cubierta abierta para unidad de rodamiento termopl\u00e1stico es adecuada para la industria alimentaria y otros entornos exigentes gracias a su dise\u00f1o higi\u00e9nico.","robots":{"index":"index","follow":"follow","max-snippet":"max-snippet:-1","max-image-preview":"max-image-preview:large","max-video-preview":"max-video-preview:-1"},"canonical":"https:\/\/nhkmachineryparts.com\/es\/producto\/229-unidad-termoplastica-tapa-abierta\/","og_locale":"es_ES","og_type":"article","og_title":"Thermo plastic bearing unit open cover | Durability and Efficiency | NHK Machinery Parts","og_description":"The open cover for thermo plastic bearing unit is suitable for the food industry and other demanding environments, due to the hygienic design","og_url":"https:\/\/nhkmachineryparts.com\/es\/producto\/229-unidad-termoplastica-tapa-abierta\/","og_site_name":"NHK Machinery Parts","article_publisher":"https:\/\/www.facebook.com\/NHK.Group.aps","article_modified_time":"2025-02-15T17:10:40+00:00","og_image":[{"width":1000,"height":1000,"url":"https:\/\/nhkmachineryparts.com\/wp-content\/uploads\/2022\/09\/Blue-cover-for-bearing-units-1.jpg","type":"image\/jpeg"}],"twitter_card":"summary_large_image","twitter_misc":{"Tiempo de lectura":"2 minutos"},"schema":{"@context":"https:\/\/schema.org","@graph":[{"@type":"WebPage","@id":"https:\/\/nhkmachineryparts.com\/product\/229-thermo-plastic-unit-open-cover\/","url":"https:\/\/nhkmachineryparts.com\/product\/229-thermo-plastic-unit-open-cover\/","name":"Tapa abierta de unidad de cojinete termopl\u00e1stico | Durabilidad y eficiencia | Piezas de maquinaria NHK","isPartOf":{"@id":"https:\/\/nhkmachineryparts.com\/#website"},"primaryImageOfPage":{"@id":"https:\/\/nhkmachineryparts.com\/product\/229-thermo-plastic-unit-open-cover\/#primaryimage"},"image":{"@id":"https:\/\/nhkmachineryparts.com\/product\/229-thermo-plastic-unit-open-cover\/#primaryimage"},"thumbnailUrl":"https:\/\/nhkmachineryparts.com\/wp-content\/uploads\/2022\/09\/Blue-cover-for-bearing-units-1.jpg","datePublished":"2022-09-26T10:34:21+00:00","dateModified":"2025-02-15T17:10:40+00:00","description":"La cubierta abierta para unidad de rodamiento termopl\u00e1stico es adecuada para la industria alimentaria y otros entornos exigentes gracias a su dise\u00f1o higi\u00e9nico.","breadcrumb":{"@id":"https:\/\/nhkmachineryparts.com\/product\/229-thermo-plastic-unit-open-cover\/#breadcrumb"},"inLanguage":"es","potentialAction":[{"@type":"ReadAction","target":["https:\/\/nhkmachineryparts.com\/product\/229-thermo-plastic-unit-open-cover\/"]}]},{"@type":"ImageObject","inLanguage":"es","@id":"https:\/\/nhkmachineryparts.com\/product\/229-thermo-plastic-unit-open-cover\/#primaryimage","url":"https:\/\/nhkmachineryparts.com\/wp-content\/uploads\/2022\/09\/Blue-cover-for-bearing-units-1.jpg","contentUrl":"https:\/\/nhkmachineryparts.com\/wp-content\/uploads\/2022\/09\/Blue-cover-for-bearing-units-1.jpg","width":1000,"height":1000,"caption":"Blue cover for bearing units"},{"@type":"BreadcrumbList","@id":"https:\/\/nhkmachineryparts.com\/product\/229-thermo-plastic-unit-open-cover\/#breadcrumb","itemListElement":[{"@type":"ListItem","position":1,"name":"Home","item":"https:\/\/nhkmachineryparts.com\/"},{"@type":"ListItem","position":2,"name":"Product line","item":"https:\/\/nhkmachineryparts.com\/product-line\/"},{"@type":"ListItem","position":3,"name":"Bearing units in IP54\u00a0composite housing","item":"https:\/\/nhkmachineryparts.com\/product-line\/bearing-units-in-ip54-thermo-plastic-housing\/"},{"@type":"ListItem","position":4,"name":"Thermo plastic bearing unit open cover"}]},{"@type":"WebSite","@id":"https:\/\/nhkmachineryparts.com\/#website","url":"https:\/\/nhkmachineryparts.com\/","name":"Piezas de maquinaria NHK","description":"Casas de rodamiento, pies niveladores s\u00edsmicos y ruedas niveladoras","publisher":{"@id":"https:\/\/nhkmachineryparts.com\/#organization"},"potentialAction":[{"@type":"SearchAction","target":{"@type":"EntryPoint","urlTemplate":"https:\/\/nhkmachineryparts.com\/?s={search_term_string}"},"query-input":{"@type":"PropertyValueSpecification","valueRequired":true,"valueName":"search_term_string"}}],"inLanguage":"es"},{"@type":"Organization","@id":"https:\/\/nhkmachineryparts.com\/#organization","name":"Grupo Nhk ApS","url":"https:\/\/nhkmachineryparts.com\/","logo":{"@type":"ImageObject","inLanguage":"es","@id":"https:\/\/nhkmachineryparts.com\/#\/schema\/logo\/image\/","url":"https:\/\/nhkmachineryparts.com\/wp-content\/uploads\/2022\/09\/NHKgroup_social.jpg","contentUrl":"https:\/\/nhkmachineryparts.com\/wp-content\/uploads\/2022\/09\/NHKgroup_social.jpg","width":1200,"height":630,"caption":"Nhk Group ApS"},"image":{"@id":"https:\/\/nhkmachineryparts.com\/#\/schema\/logo\/image\/"},"sameAs":["https:\/\/www.facebook.com\/NHK.Group.aps"]}]}},"_links":{"self":[{"href":"https:\/\/nhkmachineryparts.com\/es\/wp-json\/wp\/v2\/product\/1856","targetHints":{"allow":["GET"]}}],"collection":[{"href":"https:\/\/nhkmachineryparts.com\/es\/wp-json\/wp\/v2\/product"}],"about":[{"href":"https:\/\/nhkmachineryparts.com\/es\/wp-json\/wp\/v2\/types\/product"}],"wp:featuredmedia":[{"embeddable":true,"href":"https:\/\/nhkmachineryparts.com\/es\/wp-json\/wp\/v2\/media\/11569"}],"wp:attachment":[{"href":"https:\/\/nhkmachineryparts.com\/es\/wp-json\/wp\/v2\/media?parent=1856"}],"wp:term":[{"taxonomy":"product_brand","embeddable":true,"href":"https:\/\/nhkmachineryparts.com\/es\/wp-json\/wp\/v2\/product_brand?post=1856"},{"taxonomy":"product_cat","embeddable":true,"href":"https:\/\/nhkmachineryparts.com\/es\/wp-json\/wp\/v2\/product_cat?post=1856"},{"taxonomy":"product_tag","embeddable":true,"href":"https:\/\/nhkmachineryparts.com\/es\/wp-json\/wp\/v2\/product_tag?post=1856"}],"curies":[{"name":"Gracias","href":"https:\/\/api.w.org\/{rel}","templated":true}]}}