{"id":1820,"date":"2022-09-26T10:01:50","date_gmt":"2022-09-26T10:01:50","guid":{"rendered":"https:\/\/nhkmachineryparts.pawsfabrik.dk\/?post_type=product&#038;p=1820"},"modified":"2026-02-23T14:54:18","modified_gmt":"2026-02-23T12:54:18","slug":"228-unidad-de-recogida-tpl","status":"publish","type":"product","link":"https:\/\/nhkmachineryparts.com\/es\/product\/228-take-up-unit-tpl\/","title":{"rendered":"Unidad de rodamiento de bolas TPL de recogida"},"content":{"rendered":"<section class=\"vc_row vc_custom_1662993827263 liquid-row-shadowbox-69d3f6f99b6de vc_column-gap-0\"><div class=\"ld-container container\"><div class=\"row ld-row ld-row-outer\"><div class=\"wpb_column vc_column_container vc_col-sm-12 liquid-column-69d3f6f99b88e\"><div class=\"vc_column-inner\" ><div class=\"wpb_wrapper\"  >\n\t<div class=\"wpb_text_column wpb_content_element\" >\n\t\t<div class=\"wpb_wrapper\">\n\t\t\t<h2>Durable y resistente a la corrosi\u00f3n.<\/h2>\n<p>Carcasa de rodamiento IP54 en polipropileno. (Color en Negro, Blanco o Azul)<br \/>\nLa carcasa del rodamiento IP54 tiene un rodamiento de bolas ajustable de acero cromado prelubricado o de acero inoxidable prelubricado.<br \/>\nEl rodamiento se puede relubricar mediante un engrasador o un acoplamiento r\u00e1pido.<br \/>\nLa carcasa del rodamiento IP54 est\u00e1 equipada con una tapa de seguridad con clip.<br \/>\nRet\u00e9n del eje giratorio (TC) con labio extra protector contra el polvo de caucho NBR.<\/p>\n<h2>Caracter\u00edsticas y ventajas<\/h2>\n<ul>\n<li>Temperatura de funcionamiento entre -20C y +100C.<\/li>\n<li>Operaci\u00f3n econ\u00f3mica.<\/li>\n<li>Inserto de rodamiento de larga duraci\u00f3n.<\/li>\n<li>Concepto y dise\u00f1o para cumplir con todos los requisitos de seguridad.<\/li>\n<li>Intercambiable con soportes de cojinetes con bridas de hierro fundido est\u00e1ndar.<\/li>\n<li>Desalineaci\u00f3n m\u00e1xima entre el eje y la carcasa: 3 grados.<\/li>\n<li>Unidades completamente selladas.<\/li>\n<li>Engrasadores de acero inoxidable AISI304 M6x1mm<\/li>\n<li>Rodamientos de acero inoxidable AISI 440C (prelubricados)<\/li>\n<li>Rodamiento de bolas prelubricado con grasa de larga duraci\u00f3n, ideal en aplicaciones en condiciones h\u00famedas, con agua, soluciones alcalinas o \u00e1cidas.<\/li>\n<\/ul>\n<h2>Tallas disponibles<\/h2>\n<div class=\"dcf-overflow-x-auto\" tabindex=\"0\">\n<table class=\"dcf-table dcf-table-bordered dcf-w-100%\">\n<thead>\n<tr>\n<th scope=\"col\">Di\u00e1metro del eje<\/th>\n<th scope=\"col\">N\u00famero de cat\u00e1logo<\/th>\n<\/tr>\n<\/thead>\n<tbody>\n<tr>\n<td data-label=\"Shaft Diameter\">\u00d820mm<\/td>\n<td data-label=\"Catalog No.\">TPL 204<\/td>\n<\/tr>\n<tr>\n<td data-label=\"Shaft Diameter\">\u00d825mm<\/td>\n<td data-label=\"Catalog No.\">TPL 205<\/td>\n<\/tr>\n<tr>\n<td data-label=\"Shaft Diameter\">\u00d830mm<\/td>\n<td data-label=\"Catalog No.\">TPL 206<\/td>\n<\/tr>\n<tr>\n<td data-label=\"Shaft Diameter\">\u00d835mm<\/td>\n<td data-label=\"Catalog No.\">TPL 207<\/td>\n<\/tr>\n<tr>\n<td data-label=\"Shaft Diameter\">\u00d840mm<\/td>\n<td data-label=\"Catalog No.\">TPL 208<\/td>\n<\/tr>\n<tr>\n<td data-label=\"Shaft Diameter\">\u00d845mm<\/td>\n<td data-label=\"Catalog No.\">TPL 209<\/td>\n<\/tr>\n<tr>\n<td data-label=\"Shaft Diameter\">\u00d850mm<\/td>\n<td data-label=\"Catalog No.\">TPL 210<\/td>\n<\/tr>\n<tr>\n<td data-label=\"Shaft Diameter\">\u00d855mm<\/td>\n<td data-label=\"Catalog No.\">TPL 211<\/td>\n<\/tr>\n<tr>\n<td data-label=\"Shaft Diameter\">\u00d860mm<\/td>\n<td data-label=\"Catalog No.\">TPL 212<\/td>\n<\/tr>\n<\/tbody>\n<\/table>\n<\/div>\n<p>Unidad tensora TPL con rosca en pulgadas tambi\u00e9n disponible bajo pedido<\/p>\n<p>El TPL20x se puede suministrar con tapa abierta o cerrada.<br \/>\nTapa abierta, se agrega el sufijo \u201cOC\u201d a los n\u00fameros de rodamiento. ej.: TPL204OC.<br \/>\nTapa cerrada, se a\u00f1ade el sufijo \u201cCC\u201d a los n\u00fameros de rodamiento. ej.: TPL204CC.<\/p>\n<h2 data-start=\"0\" data-end=\"105\"><strong data-start=\"4\" data-end=\"103\">Unidad de rodamiento de bolas TPL de recogida azul: <\/strong><\/h2>\n<h3><strong data-start=\"4\" data-end=\"103\">Una soluci\u00f3n duradera e higi\u00e9nica para aplicaciones industriales<\/strong><\/h3>\n<p data-start=\"181\" data-end=\"524\">El <strong data-start=\"185\" data-end=\"223\">Unidad de rodamiento de bolas TPL de recogida azul<\/strong> es un cambio de juego en <a href=\"https:\/\/nhkmachineryparts.com\/es\/our-industries\/\" data-internallinksmanager029f6b8e52c=\"4\" title=\"Nuestras industrias\">industrias<\/a> que requieren soluciones de cojinetes de alto rendimiento, higi\u00e9nicos y resistentes a la corrosi\u00f3n. Dise\u00f1ada para aplicaciones exigentes, esta unidad de cojinetes se utiliza ampliamente en la <strong data-start=\"416\" data-end=\"477\">Industrias de procesamiento de alimentos, farmac\u00e9utica y de envasado<\/strong>, donde la higiene y la durabilidad son primordiales.<\/p>\n<h3 data-start=\"526\" data-end=\"587\"><strong data-start=\"531\" data-end=\"585\">Dise\u00f1o higi\u00e9nico con resistencia superior a la corrosi\u00f3n<\/strong><\/h3>\n<p data-start=\"588\" data-end=\"1064\">El <strong data-start=\"592\" data-end=\"630\">Unidad de rodamiento de bolas TPL de recogida azul<\/strong> Est\u00e1 dise\u00f1ado espec\u00edficamente para satisfacer <strong data-start=\"664\" data-end=\"694\">estrictas normas de higiene<\/strong>, incluido <strong data-start=\"706\" data-end=\"723\">FDA y <a href=\"https:\/\/nhkmachineryparts.com\/es\/cual-es-la-diferencia-entre-3a-y-ehedg\/\" data-internallinksmanager029f6b8e52c=\"2\" title=\"Piezas de maquinaria certificadas EHEDG\">EHEDG<\/a><\/strong> Normas. No es poroso. <strong data-start=\"750\" data-end=\"780\">carcasa termopl\u00e1stica azul<\/strong> No solo mejora la visibilidad en el control de la contaminaci\u00f3n, sino que tambi\u00e9n proporciona una excelente <strong data-start=\"863\" data-end=\"921\">Resistencia a la humedad, productos qu\u00edmicos y agentes de limpieza.<\/strong>El rodamiento de bolas de acero inoxidable garantiza <strong data-start=\"964\" data-end=\"1031\">Funcionamiento suave, vida \u00fatil prolongada y alta capacidad de carga.<\/strong>, incluso en entornos extremos.<\/p>\n<h3 data-start=\"1066\" data-end=\"1100\"><strong data-start=\"1071\" data-end=\"1098\">Principales caracter\u00edsticas y beneficios<\/strong><\/h3>\n<p data-start=\"1101\" data-end=\"1433\">\u2705 <strong data-start=\"1103\" data-end=\"1128\">Construcci\u00f3n higi\u00e9nica<\/strong> \u2013 Carcasa termopl\u00e1stica azul, no t\u00f3xica y f\u00e1cil de limpiar.<br data-start=\"1183\" data-end=\"1186\" \/>\u2705 <strong data-start=\"1188\" data-end=\"1211\">Resistente a la corrosi\u00f3n<\/strong> \u2013 Cojinete de acero inoxidable para mayor durabilidad en condiciones dif\u00edciles.<br data-start=\"1272\" data-end=\"1275\" \/>\u2705 <strong data-start=\"1277\" data-end=\"1311\">Resistencia a la humedad y a los productos qu\u00edmicos<\/strong> \u2013 Ideal para entornos de lavado.<br data-start=\"1346\" data-end=\"1349\" \/>\u2705 <strong data-start=\"1351\" data-end=\"1386\">F\u00e1cil instalaci\u00f3n y mantenimiento<\/strong> \u2013 Dise\u00f1o autoalineable para reducir el tiempo de inactividad.<\/p>\n<h3 data-start=\"1435\" data-end=\"1476\"><strong data-start=\"1440\" data-end=\"1474\">Aplicaciones en todas las industrias<\/strong><\/h3>\n<p data-start=\"1477\" data-end=\"1531\">La unidad de rodamiento de bolas TPL de recogida azul es ideal para:<\/p>\n<ul data-start=\"1532\" data-end=\"1811\">\n<li data-start=\"1532\" data-end=\"1623\"><strong data-start=\"1534\" data-end=\"1564\">Procesamiento de alimentos y bebidas<\/strong> \u2013 Sistemas de transporte, m\u00e1quinas llenadoras, equipos de corte.<\/li>\n<li data-start=\"1624\" data-end=\"1717\"><strong data-start=\"1626\" data-end=\"1655\">Producci\u00f3n farmac\u00e9utica<\/strong> \u2013 Sistemas de mezcla, l\u00edneas de envasado, equipos de esterilizaci\u00f3n.<\/li>\n<li data-start=\"1718\" data-end=\"1811\"><strong data-start=\"1720\" data-end=\"1746\">Embalaje y automatizaci\u00f3n<\/strong> \u2013 Sistemas de cintas transportadoras, etiquetadoras, manipulaci\u00f3n de materiales.<\/li>\n<\/ul>\n<h2 data-start=\"1813\" data-end=\"1833\"><strong data-start=\"1817\" data-end=\"1831\">La soluci\u00f3n definitiva, higi\u00e9nica y resistente a la corrosi\u00f3n<\/strong><\/h2>\n<p data-start=\"1834\" data-end=\"2114\">Invertir en una <strong data-start=\"1849\" data-end=\"1887\">Unidad de rodamiento de bolas TPL de recogida azul<\/strong> mejora <strong data-start=\"1897\" data-end=\"1968\">confiabilidad de la m\u00e1quina, cumplimiento de la higiene y eficiencia operativa<\/strong>Ya sea en la producci\u00f3n de alimentos, productos farmac\u00e9uticos o embalajes, esta soluci\u00f3n de cojinetes duradera es la clave para el rendimiento a largo plazo y el ahorro de costos.<\/p>\n<p data-start=\"2116\" data-end=\"2231\" data-is-last-node=\"\">\ud83d\udd39 <strong data-start=\"2119\" data-end=\"2231\" data-is-last-node=\"\">Actualice su equipo hoy con una unidad de rodamiento de bolas TPL Blue Take-up para una durabilidad e higiene inigualables.<\/strong><\/p>\n<p>Estamos listos para brindarle soluciones higi\u00e9nicas a usted y a su negocio, ya sea que necesite\u00a0<a href=\"https:\/\/nhkmachineryparts.com\/es\/linea-de-producto\/categoria\/stainless-feet-in-hygienic-design\/\">pies de maquinaria<\/a>,\u00a0<a href=\"https:\/\/nhkmachineryparts.com\/es\/linea-de-producto\/categoria\/31-unidades-de-rodamientos-impermeables-ip67\/\">rodamientos impermeables IP67<\/a>\u00a0o\u00a0<a href=\"https:\/\/nhkmachineryparts.com\/es\/linea-de-producto\/categoria\/34-bearing-house-units-in-stainless-steel\/\">unidades de rodamientos de acero inoxidable<\/a>, lo tenemos todo.<\/p>\n\n\t\t<\/div>\n\t<\/div>\n<\/div><\/div><\/div><\/div><\/div><\/section>","protected":false},"excerpt":{"rendered":"Durable and Corrosion-Resistant IP54 bearing housing in Polypropylene. (Colour in Black, White or Blue) IP54 bearing housing has adjustable pre-lubricated chrome steel or pre-lubricated stainless steel ball bearing. The bearing can be re-lubricated by means of grease-nipple or a quick coupler. IP54 bearing housing is fitted with clip-on safety cap. Rotary shaft seal ring (TC) [...]","protected":false},"featured_media":9075,"template":"","meta":[],"product_brand":[],"product_cat":[52],"product_tag":[],"class_list":{"0":"post-1820","1":"product","2":"type-product","3":"status-publish","4":"has-post-thumbnail","6":"product_cat-bearing-units-in-ip54-thermo-plastic-housing","8":"first","9":"instock","10":"shipping-taxable","11":"product-type-simple"},"yoast_head":"<!-- This site is optimized with the Yoast SEO plugin v27.3 - https:\/\/yoast.com\/product\/yoast-seo-wordpress\/ -->\n<title>Take-up TPL ball bearing unit | Enhance performance | NHK Machinery Parts<\/title>\n<meta name=\"description\" content=\"Our maintenance free take-up bearing units are resistant to all cleaning agents and chemicals, hygienic design and easy-to-clean. Enhance performance.\" \/>\n<meta name=\"robots\" content=\"index, follow, max-snippet:-1, max-image-preview:large, max-video-preview:-1\" \/>\n<link rel=\"canonical\" href=\"https:\/\/nhkmachineryparts.com\/es\/producto\/228-unidad-de-recogida-tpl\/\" \/>\n<meta property=\"og:locale\" content=\"es_ES\" \/>\n<meta property=\"og:type\" content=\"article\" \/>\n<meta property=\"og:title\" content=\"Take-up TPL ball bearing unit | Enhance performance | NHK Machinery Parts\" \/>\n<meta property=\"og:description\" content=\"Our maintenance free take-up bearing units are resistant to all cleaning agents and chemicals, hygienic design and easy-to-clean. Enhance performance.\" \/>\n<meta property=\"og:url\" content=\"https:\/\/nhkmachineryparts.com\/es\/producto\/228-unidad-de-recogida-tpl\/\" \/>\n<meta property=\"og:site_name\" content=\"NHK Machinery Parts\" \/>\n<meta property=\"article:publisher\" content=\"https:\/\/www.facebook.com\/NHK.Group.aps\" \/>\n<meta property=\"article:modified_time\" content=\"2026-02-23T12:54:18+00:00\" \/>\n<meta property=\"og:image\" content=\"https:\/\/nhkmachineryparts.com\/wp-content\/uploads\/2022\/09\/Blue-Take-up-TPL-ball-bearing-unit.jpg\" \/>\n\t<meta property=\"og:image:width\" content=\"1000\" \/>\n\t<meta property=\"og:image:height\" content=\"1000\" \/>\n\t<meta property=\"og:image:type\" content=\"image\/jpeg\" \/>\n<meta name=\"twitter:card\" content=\"summary_large_image\" \/>\n<meta name=\"twitter:label1\" content=\"Tiempo de lectura\" \/>\n\t<meta name=\"twitter:data1\" content=\"3 minutos\" \/>\n<script type=\"application\/ld+json\" class=\"yoast-schema-graph\">{\"@context\":\"https:\\\/\\\/schema.org\",\"@graph\":[{\"@type\":\"WebPage\",\"@id\":\"https:\\\/\\\/nhkmachineryparts.com\\\/product\\\/228-take-up-unit-tpl\\\/\",\"url\":\"https:\\\/\\\/nhkmachineryparts.com\\\/product\\\/228-take-up-unit-tpl\\\/\",\"name\":\"Take-up TPL ball bearing unit | Enhance performance | NHK Machinery Parts\",\"isPartOf\":{\"@id\":\"https:\\\/\\\/nhkmachineryparts.com\\\/#website\"},\"primaryImageOfPage\":{\"@id\":\"https:\\\/\\\/nhkmachineryparts.com\\\/product\\\/228-take-up-unit-tpl\\\/#primaryimage\"},\"image\":{\"@id\":\"https:\\\/\\\/nhkmachineryparts.com\\\/product\\\/228-take-up-unit-tpl\\\/#primaryimage\"},\"thumbnailUrl\":\"https:\\\/\\\/nhkmachineryparts.com\\\/wp-content\\\/uploads\\\/2022\\\/09\\\/Blue-Take-up-TPL-ball-bearing-unit.jpg\",\"datePublished\":\"2022-09-26T10:01:50+00:00\",\"dateModified\":\"2026-02-23T12:54:18+00:00\",\"description\":\"Our maintenance free take-up bearing units are resistant to all cleaning agents and chemicals, hygienic design and easy-to-clean. Enhance performance.\",\"breadcrumb\":{\"@id\":\"https:\\\/\\\/nhkmachineryparts.com\\\/product\\\/228-take-up-unit-tpl\\\/#breadcrumb\"},\"inLanguage\":\"es\",\"potentialAction\":[{\"@type\":\"ReadAction\",\"target\":[\"https:\\\/\\\/nhkmachineryparts.com\\\/product\\\/228-take-up-unit-tpl\\\/\"]}]},{\"@type\":\"ImageObject\",\"inLanguage\":\"es\",\"@id\":\"https:\\\/\\\/nhkmachineryparts.com\\\/product\\\/228-take-up-unit-tpl\\\/#primaryimage\",\"url\":\"https:\\\/\\\/nhkmachineryparts.com\\\/wp-content\\\/uploads\\\/2022\\\/09\\\/Blue-Take-up-TPL-ball-bearing-unit.jpg\",\"contentUrl\":\"https:\\\/\\\/nhkmachineryparts.com\\\/wp-content\\\/uploads\\\/2022\\\/09\\\/Blue-Take-up-TPL-ball-bearing-unit.jpg\",\"width\":1000,\"height\":1000,\"caption\":\"Blue Take-up TPL ball bearing unit\"},{\"@type\":\"BreadcrumbList\",\"@id\":\"https:\\\/\\\/nhkmachineryparts.com\\\/product\\\/228-take-up-unit-tpl\\\/#breadcrumb\",\"itemListElement\":[{\"@type\":\"ListItem\",\"position\":1,\"name\":\"Home\",\"item\":\"https:\\\/\\\/nhkmachineryparts.com\\\/\"},{\"@type\":\"ListItem\",\"position\":2,\"name\":\"Product line\",\"item\":\"https:\\\/\\\/nhkmachineryparts.com\\\/product-line\\\/\"},{\"@type\":\"ListItem\",\"position\":3,\"name\":\"Bearing units in IP54\u00a0composite housing\",\"item\":\"https:\\\/\\\/nhkmachineryparts.com\\\/product-line\\\/bearing-units-in-ip54-thermo-plastic-housing\\\/\"},{\"@type\":\"ListItem\",\"position\":4,\"name\":\"Take-up TPL ball bearing unit\"}]},{\"@type\":\"WebSite\",\"@id\":\"https:\\\/\\\/nhkmachineryparts.com\\\/#website\",\"url\":\"https:\\\/\\\/nhkmachineryparts.com\\\/\",\"name\":\"NHK Machinery Parts\",\"description\":\"Bearing Houses, seismic levelling feet and levelling castors\",\"publisher\":{\"@id\":\"https:\\\/\\\/nhkmachineryparts.com\\\/#organization\"},\"potentialAction\":[{\"@type\":\"SearchAction\",\"target\":{\"@type\":\"EntryPoint\",\"urlTemplate\":\"https:\\\/\\\/nhkmachineryparts.com\\\/?s={search_term_string}\"},\"query-input\":{\"@type\":\"PropertyValueSpecification\",\"valueRequired\":true,\"valueName\":\"search_term_string\"}}],\"inLanguage\":\"es\"},{\"@type\":\"Organization\",\"@id\":\"https:\\\/\\\/nhkmachineryparts.com\\\/#organization\",\"name\":\"Nhk Group ApS\",\"url\":\"https:\\\/\\\/nhkmachineryparts.com\\\/\",\"logo\":{\"@type\":\"ImageObject\",\"inLanguage\":\"es\",\"@id\":\"https:\\\/\\\/nhkmachineryparts.com\\\/#\\\/schema\\\/logo\\\/image\\\/\",\"url\":\"https:\\\/\\\/nhkmachineryparts.com\\\/wp-content\\\/uploads\\\/2022\\\/09\\\/NHKgroup_social.jpg\",\"contentUrl\":\"https:\\\/\\\/nhkmachineryparts.com\\\/wp-content\\\/uploads\\\/2022\\\/09\\\/NHKgroup_social.jpg\",\"width\":1200,\"height\":630,\"caption\":\"Nhk Group ApS\"},\"image\":{\"@id\":\"https:\\\/\\\/nhkmachineryparts.com\\\/#\\\/schema\\\/logo\\\/image\\\/\"},\"sameAs\":[\"https:\\\/\\\/www.facebook.com\\\/NHK.Group.aps\"]}]}<\/script>\n<!-- \/ Yoast SEO plugin. -->","yoast_head_json":{"title":"Unidad de rodamiento de bolas TPL de recogida | Mejorar el rendimiento | Piezas de maquinaria NHK","description":"Nuestras unidades de cojinetes de recogida que no requieren mantenimiento son resistentes a todos los agentes de limpieza y productos qu\u00edmicos, tienen un dise\u00f1o higi\u00e9nico y son f\u00e1ciles de limpiar. Mejoran el rendimiento.","robots":{"index":"index","follow":"follow","max-snippet":"max-snippet:-1","max-image-preview":"max-image-preview:large","max-video-preview":"max-video-preview:-1"},"canonical":"https:\/\/nhkmachineryparts.com\/es\/producto\/228-unidad-de-recogida-tpl\/","og_locale":"es_ES","og_type":"article","og_title":"Take-up TPL ball bearing unit | Enhance performance | NHK Machinery Parts","og_description":"Our maintenance free take-up bearing units are resistant to all cleaning agents and chemicals, hygienic design and easy-to-clean. Enhance performance.","og_url":"https:\/\/nhkmachineryparts.com\/es\/producto\/228-unidad-de-recogida-tpl\/","og_site_name":"NHK Machinery Parts","article_publisher":"https:\/\/www.facebook.com\/NHK.Group.aps","article_modified_time":"2026-02-23T12:54:18+00:00","og_image":[{"width":1000,"height":1000,"url":"https:\/\/nhkmachineryparts.com\/wp-content\/uploads\/2022\/09\/Blue-Take-up-TPL-ball-bearing-unit.jpg","type":"image\/jpeg"}],"twitter_card":"summary_large_image","twitter_misc":{"Tiempo de lectura":"3 minutos"},"schema":{"@context":"https:\/\/schema.org","@graph":[{"@type":"WebPage","@id":"https:\/\/nhkmachineryparts.com\/product\/228-take-up-unit-tpl\/","url":"https:\/\/nhkmachineryparts.com\/product\/228-take-up-unit-tpl\/","name":"Unidad de rodamiento de bolas TPL de recogida | Mejorar el rendimiento | Piezas de maquinaria NHK","isPartOf":{"@id":"https:\/\/nhkmachineryparts.com\/#website"},"primaryImageOfPage":{"@id":"https:\/\/nhkmachineryparts.com\/product\/228-take-up-unit-tpl\/#primaryimage"},"image":{"@id":"https:\/\/nhkmachineryparts.com\/product\/228-take-up-unit-tpl\/#primaryimage"},"thumbnailUrl":"https:\/\/nhkmachineryparts.com\/wp-content\/uploads\/2022\/09\/Blue-Take-up-TPL-ball-bearing-unit.jpg","datePublished":"2022-09-26T10:01:50+00:00","dateModified":"2026-02-23T12:54:18+00:00","description":"Nuestras unidades de cojinetes de recogida que no requieren mantenimiento son resistentes a todos los agentes de limpieza y productos qu\u00edmicos, tienen un dise\u00f1o higi\u00e9nico y son f\u00e1ciles de limpiar. Mejoran el rendimiento.","breadcrumb":{"@id":"https:\/\/nhkmachineryparts.com\/product\/228-take-up-unit-tpl\/#breadcrumb"},"inLanguage":"es","potentialAction":[{"@type":"ReadAction","target":["https:\/\/nhkmachineryparts.com\/product\/228-take-up-unit-tpl\/"]}]},{"@type":"ImageObject","inLanguage":"es","@id":"https:\/\/nhkmachineryparts.com\/product\/228-take-up-unit-tpl\/#primaryimage","url":"https:\/\/nhkmachineryparts.com\/wp-content\/uploads\/2022\/09\/Blue-Take-up-TPL-ball-bearing-unit.jpg","contentUrl":"https:\/\/nhkmachineryparts.com\/wp-content\/uploads\/2022\/09\/Blue-Take-up-TPL-ball-bearing-unit.jpg","width":1000,"height":1000,"caption":"Blue Take-up TPL ball bearing unit"},{"@type":"BreadcrumbList","@id":"https:\/\/nhkmachineryparts.com\/product\/228-take-up-unit-tpl\/#breadcrumb","itemListElement":[{"@type":"ListItem","position":1,"name":"Home","item":"https:\/\/nhkmachineryparts.com\/"},{"@type":"ListItem","position":2,"name":"Product line","item":"https:\/\/nhkmachineryparts.com\/product-line\/"},{"@type":"ListItem","position":3,"name":"Bearing units in IP54\u00a0composite housing","item":"https:\/\/nhkmachineryparts.com\/product-line\/bearing-units-in-ip54-thermo-plastic-housing\/"},{"@type":"ListItem","position":4,"name":"Take-up TPL ball bearing unit"}]},{"@type":"WebSite","@id":"https:\/\/nhkmachineryparts.com\/#website","url":"https:\/\/nhkmachineryparts.com\/","name":"Piezas de maquinaria NHK","description":"Casas de rodamiento, pies niveladores s\u00edsmicos y ruedas niveladoras","publisher":{"@id":"https:\/\/nhkmachineryparts.com\/#organization"},"potentialAction":[{"@type":"SearchAction","target":{"@type":"EntryPoint","urlTemplate":"https:\/\/nhkmachineryparts.com\/?s={search_term_string}"},"query-input":{"@type":"PropertyValueSpecification","valueRequired":true,"valueName":"search_term_string"}}],"inLanguage":"es"},{"@type":"Organization","@id":"https:\/\/nhkmachineryparts.com\/#organization","name":"Grupo Nhk ApS","url":"https:\/\/nhkmachineryparts.com\/","logo":{"@type":"ImageObject","inLanguage":"es","@id":"https:\/\/nhkmachineryparts.com\/#\/schema\/logo\/image\/","url":"https:\/\/nhkmachineryparts.com\/wp-content\/uploads\/2022\/09\/NHKgroup_social.jpg","contentUrl":"https:\/\/nhkmachineryparts.com\/wp-content\/uploads\/2022\/09\/NHKgroup_social.jpg","width":1200,"height":630,"caption":"Nhk Group ApS"},"image":{"@id":"https:\/\/nhkmachineryparts.com\/#\/schema\/logo\/image\/"},"sameAs":["https:\/\/www.facebook.com\/NHK.Group.aps"]}]}},"_links":{"self":[{"href":"https:\/\/nhkmachineryparts.com\/es\/wp-json\/wp\/v2\/product\/1820","targetHints":{"allow":["GET"]}}],"collection":[{"href":"https:\/\/nhkmachineryparts.com\/es\/wp-json\/wp\/v2\/product"}],"about":[{"href":"https:\/\/nhkmachineryparts.com\/es\/wp-json\/wp\/v2\/types\/product"}],"wp:featuredmedia":[{"embeddable":true,"href":"https:\/\/nhkmachineryparts.com\/es\/wp-json\/wp\/v2\/media\/9075"}],"wp:attachment":[{"href":"https:\/\/nhkmachineryparts.com\/es\/wp-json\/wp\/v2\/media?parent=1820"}],"wp:term":[{"taxonomy":"product_brand","embeddable":true,"href":"https:\/\/nhkmachineryparts.com\/es\/wp-json\/wp\/v2\/product_brand?post=1820"},{"taxonomy":"product_cat","embeddable":true,"href":"https:\/\/nhkmachineryparts.com\/es\/wp-json\/wp\/v2\/product_cat?post=1820"},{"taxonomy":"product_tag","embeddable":true,"href":"https:\/\/nhkmachineryparts.com\/es\/wp-json\/wp\/v2\/product_tag?post=1820"}],"curies":[{"name":"Gracias","href":"https:\/\/api.w.org\/{rel}","templated":true}]}}