{"id":1783,"date":"2022-09-26T09:45:47","date_gmt":"2022-09-26T09:45:47","guid":{"rendered":"https:\/\/nhkmachineryparts.pawsfabrik.dk\/?post_type=product&#038;p=1783"},"modified":"2026-02-23T14:55:38","modified_gmt":"2026-02-23T12:55:38","slug":"unidad-de-brida-226-3-pernos-un-lado-fbpl","status":"publish","type":"product","link":"https:\/\/nhkmachineryparts.com\/es\/product\/226-flange-unit-3-bolt-one-side-fbpl\/","title":{"rendered":"Unidad de rodamiento de bolas FBPL con brida lateral de 3 pernos"},"content":{"rendered":"<section class=\"vc_row vc_custom_1662993827263 liquid-row-shadowbox-69d3e0b0cbbfb vc_column-gap-0\"><div class=\"ld-container container\"><div class=\"row ld-row ld-row-outer\"><div class=\"wpb_column vc_column_container vc_col-sm-12 liquid-column-69d3e0b0cbd8a\"><div class=\"vc_column-inner\" ><div class=\"wpb_wrapper\"  >\n\t<div class=\"wpb_text_column wpb_content_element\" >\n\t\t<div class=\"wpb_wrapper\">\n\t\t\t<h2>Optimice el rendimiento y la durabilidad<\/h2>\n<p>Carcasa de rodamiento IP54 en polipropileno. (Color en Negro, Blanco o Azul)<br \/>\nLa carcasa del rodamiento IP54 tiene un rodamiento de bolas ajustable de acero cromado prelubricado o de acero inoxidable prelubricado.<br \/>\nEl rodamiento se puede relubricar mediante un engrasador o un acoplamiento r\u00e1pido.<br \/>\nLa carcasa del rodamiento IP54 est\u00e1 equipada con una tapa de seguridad con clip.<br \/>\nRet\u00e9n del eje giratorio (TC) con labio extra protector contra el polvo de caucho NBR.<\/p>\n<h2>Caracter\u00edsticas y ventajas<\/h2>\n<ul>\n<li>Temperatura de funcionamiento entre -20C y +100C.<\/li>\n<li>Operaci\u00f3n econ\u00f3mica.<\/li>\n<li>Inserto de rodamiento de larga duraci\u00f3n.<\/li>\n<li>Concepto y dise\u00f1o para cumplir con todos los requisitos de seguridad.<\/li>\n<li>Intercambiable con soportes de cojinetes con bridas de hierro fundido est\u00e1ndar.<\/li>\n<li>Desalineaci\u00f3n m\u00e1xima entre el eje y la carcasa: 3 grados.<\/li>\n<li>Unidades completamente selladas.<\/li>\n<li>Engrasadores de acero inoxidable AISI304 M6x1mm<\/li>\n<li>Rodamientos de acero inoxidable AISI 440C (prelubricados)<\/li>\n<li>Rodamiento de bolas prelubricado con grasa de larga duraci\u00f3n, ideal en aplicaciones en condiciones h\u00famedas, con agua, soluciones alcalinas o \u00e1cidas.<\/li>\n<\/ul>\n<h2>Tallas disponibles<\/h2>\n<div class=\"dcf-overflow-x-auto\" tabindex=\"0\">\n<table class=\"dcf-table dcf-table-bordered dcf-w-100%\">\n<thead>\n<tr>\n<th scope=\"col\">Di\u00e1metro del eje<\/th>\n<th scope=\"col\">N\u00famero de cat\u00e1logo<\/th>\n<\/tr>\n<\/thead>\n<tbody>\n<tr>\n<td data-label=\"Shaft Diameter\">\u00d820mm<\/td>\n<td data-label=\"Catalog No.\">FBPL 204<\/td>\n<\/tr>\n<tr>\n<td data-label=\"Shaft Diameter\">\u00d825mm<\/td>\n<td data-label=\"Catalog No.\">FBPL 205<\/td>\n<\/tr>\n<tr>\n<td data-label=\"Shaft Diameter\">\u00d830mm<\/td>\n<td data-label=\"Catalog No.\">FBPL 206<\/td>\n<\/tr>\n<tr>\n<td data-label=\"Shaft Diameter\">\u00d835mm<\/td>\n<td data-label=\"Catalog No.\">FBPL 207<\/td>\n<\/tr>\n<tr>\n<td data-label=\"Shaft Diameter\">\u00d840mm<\/td>\n<td data-label=\"Catalog No.\">FBPL 208<\/td>\n<\/tr>\n<tr>\n<td data-label=\"Shaft Diameter\">\u00d845mm<\/td>\n<td data-label=\"Catalog No.\">FBPL 209<\/td>\n<\/tr>\n<tr>\n<td data-label=\"Shaft Diameter\">\u00d850mm<\/td>\n<td data-label=\"Catalog No.\">FBPL 210<\/td>\n<\/tr>\n<tr>\n<td data-label=\"Shaft Diameter\">\u00d855mm<\/td>\n<td data-label=\"Catalog No.\">FBPL 211<\/td>\n<\/tr>\n<tr>\n<td data-label=\"Shaft Diameter\">\u00d860mm<\/td>\n<td data-label=\"Catalog No.\">FBPL 212<\/td>\n<\/tr>\n<\/tbody>\n<\/table>\n<\/div>\n<p>El FBPL20x se puede suministrar con tapa abierta o cerrada.<br \/>\nTapa abierta, se agrega el sufijo \u201cOC\u201d a los n\u00fameros de rodamiento. ej.: FBPL204OC.<br \/>\nTapa cerrada, se a\u00f1ade el sufijo \u201cCC\u201d a los n\u00fameros de rodamiento. ej.: FBPL204CC.<\/p>\n<h2 data-start=\"0\" data-end=\"86\"><strong data-start=\"4\" data-end=\"84\">Unidad de cojinete de bolas FBPL con brida de un solo lado y 3 pernos<\/strong><\/h2>\n<h3 data-start=\"0\" data-end=\"86\"><strong data-start=\"4\" data-end=\"84\">Mejora del rendimiento:\u00a0<\/strong><strong data-start=\"93\" data-end=\"131\">Estabilidad y confiabilidad superiores<\/strong><\/h3>\n<p data-start=\"134\" data-end=\"506\">El <strong data-start=\"138\" data-end=\"187\">Unidad de cojinete de bolas FBPL con brida unilateral de 3 pernos<\/strong> es una soluci\u00f3n premium para <a href=\"https:\/\/nhkmachineryparts.com\/es\/our-industries\/\" data-internallinksmanager029f6b8e52c=\"4\" title=\"Nuestras industrias\">industrias<\/a> Requerimiento <strong data-start=\"235\" data-end=\"289\">Alta estabilidad, durabilidad y funcionamiento higi\u00e9nico.<\/strong>Dise\u00f1ada para aplicaciones de trabajo pesado, esta unidad proporciona <strong data-start=\"348\" data-end=\"376\">Soporte de carga excepcional<\/strong> manteniendo una alineaci\u00f3n precisa, lo que lo convierte en una opci\u00f3n ideal para <strong data-start=\"444\" data-end=\"505\">Industrias de procesamiento de alimentos, farmac\u00e9utica y de envasado<\/strong>.<\/p>\n<h3 data-start=\"508\" data-end=\"561\"><strong data-start=\"513\" data-end=\"559\">Caracter\u00edsticas principales de la unidad de rodamiento de bolas FBPL<\/strong><\/h3>\n<ul data-start=\"562\" data-end=\"1198\">\n<li data-start=\"562\" data-end=\"727\"><strong data-start=\"564\" data-end=\"587\">Construcci\u00f3n robusta<\/strong> \u2013 Fabricado a partir de <strong data-start=\"608\" data-end=\"638\">acero inoxidable de alta calidad<\/strong>, asegurando <strong data-start=\"649\" data-end=\"698\">Resistencia a la corrosi\u00f3n y durabilidad a largo plazo<\/strong> en <strong data-start=\"702\" data-end=\"724\">entornos hostiles<\/strong>.<\/li>\n<li data-start=\"728\" data-end=\"860\"><strong data-start=\"730\" data-end=\"756\"><a href=\"https:\/\/nhkmachineryparts.com\/es\/producto\/217-unidades-de-rodamientos-de-brida-estancos-con-insertos-esfericos-ip67\/\" data-internallinksmanager029f6b8e52c=\"22\" title=\"ip67 impermeable\">IP67 a prueba de agua<\/a> Dise\u00f1o<\/strong> \u2013 Protege contra la humedad, el polvo y los contaminantes, lo que lo hace <strong data-start=\"820\" data-end=\"857\">Perfecto para aplicaciones higi\u00e9nicas.<\/strong>.<\/li>\n<li data-start=\"861\" data-end=\"979\"><strong data-start=\"863\" data-end=\"891\">Montaje con brida de un solo lado<\/strong> \u2013 Permite <strong data-start=\"905\" data-end=\"942\">F\u00e1cil instalaci\u00f3n en espacios reducidos<\/strong>, mejorando la eficiencia operativa.<\/li>\n<li data-start=\"980\" data-end=\"1092\"><strong data-start=\"982\" data-end=\"1014\">Rodamientos de bolas de alta precisi\u00f3n<\/strong> - Proporcionar <strong data-start=\"1025\" data-end=\"1089\">Rotaci\u00f3n suave, fricci\u00f3n reducida y vida \u00fatil prolongada<\/strong>.<\/li>\n<li data-start=\"1093\" data-end=\"1198\"><strong data-start=\"1095\" data-end=\"1121\">Sellos autolubricantes<\/strong> \u2013 Reducir los requisitos de mantenimiento al tiempo que se garantiza <strong data-start=\"1171\" data-end=\"1197\">rendimiento consistente<\/strong>.<\/li>\n<\/ul>\n<h3 data-start=\"1200\" data-end=\"1241\"><strong data-start=\"1205\" data-end=\"1239\">Aplicaciones en industrias clave<\/strong><\/h3>\n<p data-start=\"1242\" data-end=\"1288\">El <strong data-start=\"1246\" data-end=\"1267\">Unidad de cojinete FBPL<\/strong> Se utiliza ampliamente en:<\/p>\n<ul data-start=\"1289\" data-end=\"1599\">\n<li data-start=\"1289\" data-end=\"1401\"><strong data-start=\"1291\" data-end=\"1321\">Procesamiento de alimentos y bebidas<\/strong> \u2013 Garantizar el funcionamiento higi\u00e9nico en <strong data-start=\"1355\" data-end=\"1398\">Transportadores, mezcladores y m\u00e1quinas llenadoras<\/strong>.<\/li>\n<li data-start=\"1402\" data-end=\"1505\"><strong data-start=\"1404\" data-end=\"1436\">Fabricaci\u00f3n farmac\u00e9utica<\/strong> \u2013 Apoyo <strong data-start=\"1450\" data-end=\"1479\">equipo de grado sala limpia<\/strong> Para producci\u00f3n est\u00e9ril.<\/li>\n<li data-start=\"1506\" data-end=\"1599\"><strong data-start=\"1508\" data-end=\"1534\">Embalaje y automatizaci\u00f3n<\/strong> \u2013 Proporcionar <strong data-start=\"1547\" data-end=\"1596\">Manejo eficiente de cargas en sistemas de alta velocidad<\/strong>.<\/li>\n<\/ul>\n<h3 data-start=\"1601\" data-end=\"1644\"><strong data-start=\"1606\" data-end=\"1642\">Optimizado para m\u00e1xima eficiencia<\/strong><\/h3>\n<p data-start=\"1645\" data-end=\"1921\">Dise\u00f1ado con <strong data-start=\"1659\" data-end=\"1694\"><a href=\"https:\/\/nhkmachineryparts.com\/es\/cual-es-la-diferencia-entre-3a-y-ehedg\/\" data-internallinksmanager029f6b8e52c=\"2\" title=\"Piezas de maquinaria certificadas EHEDG\">EHEDG<\/a> y cumplimiento de la higiene 3A<\/strong>, el <strong data-start=\"1700\" data-end=\"1749\">Unidad de cojinete de bolas FBPL con brida unilateral de 3 pernos<\/strong> reduce el tiempo de inactividad, aumenta la vida \u00fatil del equipo y mejora la productividad. <strong data-start=\"1829\" data-end=\"1858\">Dise\u00f1o compacto pero resistente<\/strong> lo convierte en un componente vital en <strong data-start=\"1889\" data-end=\"1920\">maquinaria industrial moderna<\/strong>.<\/p>\n<h3 data-start=\"1923\" data-end=\"2033\"><strong data-start=\"1923\" data-end=\"2033\" data-is-last-node=\"\">Aumente la eficiencia operativa con la unidad de rodamiento FBPL<\/strong><\/h3>\n<p><strong data-start=\"1923\" data-end=\"2033\" data-is-last-node=\"\">Dise\u00f1ado para precisi\u00f3n, durabilidad e higiene.<\/strong><\/p>\n<p>Estamos listos para brindarle soluciones higi\u00e9nicas a usted y a su negocio, ya sea que necesite <a href=\"https:\/\/nhkmachineryparts.com\/es\/linea-de-producto\/pies-de-maquina-de-diseno-higienico-pies-de-acero-inoxidable\/\">pies de maquinaria<\/a>, <a href=\"https:\/\/nhkmachineryparts.com\/es\/linea-de-producto\/carcasa-de-cojinete-impermeable-unidades-de-cojinete-impermeables-ip67\/\">rodamientos impermeables IP67<\/a> o <a href=\"https:\/\/nhkmachineryparts.com\/es\/linea-de-producto\/bearing-house-units-in-stainless-steel\/\">unidades de rodamientos de acero inoxidable<\/a>, lo tenemos todo.<\/p>\n\n\t\t<\/div>\n\t<\/div>\n<\/div><\/div><\/div><\/div><\/div><\/section>","protected":false},"excerpt":{"rendered":"Optimize Performance and Durability IP54 bearing housing in Polypropylene. (Colour in Black, White or Blue) IP54 bearing housing has adjustable pre-lubricated chrome steel or pre-lubricated stainless steel ball bearing. The bearing can be re-lubricated by means of grease-nipple or a quick coupler. IP54 bearing housing is fitted with clip-on safety cap. Rotary shaft seal ring [...]","protected":false},"featured_media":11646,"template":"","meta":[],"product_brand":[],"product_cat":[52],"product_tag":[],"class_list":{"0":"post-1783","1":"product","2":"type-product","3":"status-publish","4":"has-post-thumbnail","6":"product_cat-bearing-units-in-ip54-thermo-plastic-housing","8":"first","9":"instock","10":"shipping-taxable","11":"product-type-simple"},"yoast_head":"<!-- This site is optimized with the Yoast SEO plugin v27.3 - https:\/\/yoast.com\/product\/yoast-seo-wordpress\/ -->\n<title>3 bolt one side flange FBPL ball bearing unit | Optimize Performance | NHK Machinery Parts<\/title>\n<meta name=\"description\" content=\"Our maintenance free 3 bolt one side flange bearing units are resistant to all cleaning agents and chemicals, hygienic design and easy-to-clean. Performance\" \/>\n<meta name=\"robots\" content=\"index, follow, max-snippet:-1, max-image-preview:large, max-video-preview:-1\" \/>\n<link rel=\"canonical\" href=\"https:\/\/nhkmachineryparts.com\/es\/producto\/unidad-de-brida-226-3-pernos-un-lado-fbpl\/\" \/>\n<meta property=\"og:locale\" content=\"es_ES\" \/>\n<meta property=\"og:type\" content=\"article\" \/>\n<meta property=\"og:title\" content=\"3 bolt one side flange FBPL ball bearing unit | Optimize Performance | NHK Machinery Parts\" \/>\n<meta property=\"og:description\" content=\"Our maintenance free 3 bolt one side flange bearing units are resistant to all cleaning agents and chemicals, hygienic design and easy-to-clean. Performance\" \/>\n<meta property=\"og:url\" content=\"https:\/\/nhkmachineryparts.com\/es\/producto\/unidad-de-brida-226-3-pernos-un-lado-fbpl\/\" \/>\n<meta property=\"og:site_name\" content=\"NHK Machinery Parts\" \/>\n<meta property=\"article:publisher\" content=\"https:\/\/www.facebook.com\/NHK.Group.aps\" \/>\n<meta property=\"article:modified_time\" content=\"2026-02-23T12:55:38+00:00\" \/>\n<meta property=\"og:image\" content=\"https:\/\/nhkmachineryparts.com\/wp-content\/uploads\/2022\/09\/3-bolt-one-side-flange-FBPL-ball-bearing-unit-2.jpg\" \/>\n\t<meta property=\"og:image:width\" content=\"1000\" \/>\n\t<meta property=\"og:image:height\" content=\"1000\" \/>\n\t<meta property=\"og:image:type\" content=\"image\/jpeg\" \/>\n<meta name=\"twitter:card\" content=\"summary_large_image\" \/>\n<meta name=\"twitter:label1\" content=\"Tiempo de lectura\" \/>\n\t<meta name=\"twitter:data1\" content=\"3 minutos\" \/>\n<script type=\"application\/ld+json\" class=\"yoast-schema-graph\">{\"@context\":\"https:\\\/\\\/schema.org\",\"@graph\":[{\"@type\":\"WebPage\",\"@id\":\"https:\\\/\\\/nhkmachineryparts.com\\\/product\\\/226-flange-unit-3-bolt-one-side-fbpl\\\/\",\"url\":\"https:\\\/\\\/nhkmachineryparts.com\\\/product\\\/226-flange-unit-3-bolt-one-side-fbpl\\\/\",\"name\":\"3 bolt one side flange FBPL ball bearing unit | Optimize Performance | NHK Machinery Parts\",\"isPartOf\":{\"@id\":\"https:\\\/\\\/nhkmachineryparts.com\\\/#website\"},\"primaryImageOfPage\":{\"@id\":\"https:\\\/\\\/nhkmachineryparts.com\\\/product\\\/226-flange-unit-3-bolt-one-side-fbpl\\\/#primaryimage\"},\"image\":{\"@id\":\"https:\\\/\\\/nhkmachineryparts.com\\\/product\\\/226-flange-unit-3-bolt-one-side-fbpl\\\/#primaryimage\"},\"thumbnailUrl\":\"https:\\\/\\\/nhkmachineryparts.com\\\/wp-content\\\/uploads\\\/2022\\\/09\\\/3-bolt-one-side-flange-FBPL-ball-bearing-unit-2.jpg\",\"datePublished\":\"2022-09-26T09:45:47+00:00\",\"dateModified\":\"2026-02-23T12:55:38+00:00\",\"description\":\"Our maintenance free 3 bolt one side flange bearing units are resistant to all cleaning agents and chemicals, hygienic design and easy-to-clean. Performance\",\"breadcrumb\":{\"@id\":\"https:\\\/\\\/nhkmachineryparts.com\\\/product\\\/226-flange-unit-3-bolt-one-side-fbpl\\\/#breadcrumb\"},\"inLanguage\":\"es\",\"potentialAction\":[{\"@type\":\"ReadAction\",\"target\":[\"https:\\\/\\\/nhkmachineryparts.com\\\/product\\\/226-flange-unit-3-bolt-one-side-fbpl\\\/\"]}]},{\"@type\":\"ImageObject\",\"inLanguage\":\"es\",\"@id\":\"https:\\\/\\\/nhkmachineryparts.com\\\/product\\\/226-flange-unit-3-bolt-one-side-fbpl\\\/#primaryimage\",\"url\":\"https:\\\/\\\/nhkmachineryparts.com\\\/wp-content\\\/uploads\\\/2022\\\/09\\\/3-bolt-one-side-flange-FBPL-ball-bearing-unit-2.jpg\",\"contentUrl\":\"https:\\\/\\\/nhkmachineryparts.com\\\/wp-content\\\/uploads\\\/2022\\\/09\\\/3-bolt-one-side-flange-FBPL-ball-bearing-unit-2.jpg\",\"width\":1000,\"height\":1000,\"caption\":\"3 bolt one side flange FBPL ball bearing unit\"},{\"@type\":\"BreadcrumbList\",\"@id\":\"https:\\\/\\\/nhkmachineryparts.com\\\/product\\\/226-flange-unit-3-bolt-one-side-fbpl\\\/#breadcrumb\",\"itemListElement\":[{\"@type\":\"ListItem\",\"position\":1,\"name\":\"Home\",\"item\":\"https:\\\/\\\/nhkmachineryparts.com\\\/\"},{\"@type\":\"ListItem\",\"position\":2,\"name\":\"Product line\",\"item\":\"https:\\\/\\\/nhkmachineryparts.com\\\/product-line\\\/\"},{\"@type\":\"ListItem\",\"position\":3,\"name\":\"Bearing units in IP54\u00a0composite housing\",\"item\":\"https:\\\/\\\/nhkmachineryparts.com\\\/product-line\\\/bearing-units-in-ip54-thermo-plastic-housing\\\/\"},{\"@type\":\"ListItem\",\"position\":4,\"name\":\"3 bolt one side flange FBPL ball bearing unit\"}]},{\"@type\":\"WebSite\",\"@id\":\"https:\\\/\\\/nhkmachineryparts.com\\\/#website\",\"url\":\"https:\\\/\\\/nhkmachineryparts.com\\\/\",\"name\":\"NHK Machinery Parts\",\"description\":\"Bearing Houses, seismic levelling feet and levelling castors\",\"publisher\":{\"@id\":\"https:\\\/\\\/nhkmachineryparts.com\\\/#organization\"},\"potentialAction\":[{\"@type\":\"SearchAction\",\"target\":{\"@type\":\"EntryPoint\",\"urlTemplate\":\"https:\\\/\\\/nhkmachineryparts.com\\\/?s={search_term_string}\"},\"query-input\":{\"@type\":\"PropertyValueSpecification\",\"valueRequired\":true,\"valueName\":\"search_term_string\"}}],\"inLanguage\":\"es\"},{\"@type\":\"Organization\",\"@id\":\"https:\\\/\\\/nhkmachineryparts.com\\\/#organization\",\"name\":\"Nhk Group ApS\",\"url\":\"https:\\\/\\\/nhkmachineryparts.com\\\/\",\"logo\":{\"@type\":\"ImageObject\",\"inLanguage\":\"es\",\"@id\":\"https:\\\/\\\/nhkmachineryparts.com\\\/#\\\/schema\\\/logo\\\/image\\\/\",\"url\":\"https:\\\/\\\/nhkmachineryparts.com\\\/wp-content\\\/uploads\\\/2022\\\/09\\\/NHKgroup_social.jpg\",\"contentUrl\":\"https:\\\/\\\/nhkmachineryparts.com\\\/wp-content\\\/uploads\\\/2022\\\/09\\\/NHKgroup_social.jpg\",\"width\":1200,\"height\":630,\"caption\":\"Nhk Group ApS\"},\"image\":{\"@id\":\"https:\\\/\\\/nhkmachineryparts.com\\\/#\\\/schema\\\/logo\\\/image\\\/\"},\"sameAs\":[\"https:\\\/\\\/www.facebook.com\\\/NHK.Group.aps\"]}]}<\/script>\n<!-- \/ Yoast SEO plugin. -->","yoast_head_json":{"title":"Unidad de rodamiento de bolas FBPL con brida de un solo lado y 3 pernos | Optimizaci\u00f3n del rendimiento | Piezas de maquinaria NHK","description":"Nuestras unidades de cojinetes con brida de un solo lado con 3 pernos que no requieren mantenimiento son resistentes a todos los agentes de limpieza y productos qu\u00edmicos, tienen un dise\u00f1o higi\u00e9nico y son f\u00e1ciles de limpiar.","robots":{"index":"index","follow":"follow","max-snippet":"max-snippet:-1","max-image-preview":"max-image-preview:large","max-video-preview":"max-video-preview:-1"},"canonical":"https:\/\/nhkmachineryparts.com\/es\/producto\/unidad-de-brida-226-3-pernos-un-lado-fbpl\/","og_locale":"es_ES","og_type":"article","og_title":"3 bolt one side flange FBPL ball bearing unit | Optimize Performance | NHK Machinery Parts","og_description":"Our maintenance free 3 bolt one side flange bearing units are resistant to all cleaning agents and chemicals, hygienic design and easy-to-clean. Performance","og_url":"https:\/\/nhkmachineryparts.com\/es\/producto\/unidad-de-brida-226-3-pernos-un-lado-fbpl\/","og_site_name":"NHK Machinery Parts","article_publisher":"https:\/\/www.facebook.com\/NHK.Group.aps","article_modified_time":"2026-02-23T12:55:38+00:00","og_image":[{"width":1000,"height":1000,"url":"https:\/\/nhkmachineryparts.com\/wp-content\/uploads\/2022\/09\/3-bolt-one-side-flange-FBPL-ball-bearing-unit-2.jpg","type":"image\/jpeg"}],"twitter_card":"summary_large_image","twitter_misc":{"Tiempo de lectura":"3 minutos"},"schema":{"@context":"https:\/\/schema.org","@graph":[{"@type":"WebPage","@id":"https:\/\/nhkmachineryparts.com\/product\/226-flange-unit-3-bolt-one-side-fbpl\/","url":"https:\/\/nhkmachineryparts.com\/product\/226-flange-unit-3-bolt-one-side-fbpl\/","name":"Unidad de rodamiento de bolas FBPL con brida de un solo lado y 3 pernos | Optimizaci\u00f3n del rendimiento | Piezas de maquinaria NHK","isPartOf":{"@id":"https:\/\/nhkmachineryparts.com\/#website"},"primaryImageOfPage":{"@id":"https:\/\/nhkmachineryparts.com\/product\/226-flange-unit-3-bolt-one-side-fbpl\/#primaryimage"},"image":{"@id":"https:\/\/nhkmachineryparts.com\/product\/226-flange-unit-3-bolt-one-side-fbpl\/#primaryimage"},"thumbnailUrl":"https:\/\/nhkmachineryparts.com\/wp-content\/uploads\/2022\/09\/3-bolt-one-side-flange-FBPL-ball-bearing-unit-2.jpg","datePublished":"2022-09-26T09:45:47+00:00","dateModified":"2026-02-23T12:55:38+00:00","description":"Nuestras unidades de cojinetes con brida de un solo lado con 3 pernos que no requieren mantenimiento son resistentes a todos los agentes de limpieza y productos qu\u00edmicos, tienen un dise\u00f1o higi\u00e9nico y son f\u00e1ciles de limpiar.","breadcrumb":{"@id":"https:\/\/nhkmachineryparts.com\/product\/226-flange-unit-3-bolt-one-side-fbpl\/#breadcrumb"},"inLanguage":"es","potentialAction":[{"@type":"ReadAction","target":["https:\/\/nhkmachineryparts.com\/product\/226-flange-unit-3-bolt-one-side-fbpl\/"]}]},{"@type":"ImageObject","inLanguage":"es","@id":"https:\/\/nhkmachineryparts.com\/product\/226-flange-unit-3-bolt-one-side-fbpl\/#primaryimage","url":"https:\/\/nhkmachineryparts.com\/wp-content\/uploads\/2022\/09\/3-bolt-one-side-flange-FBPL-ball-bearing-unit-2.jpg","contentUrl":"https:\/\/nhkmachineryparts.com\/wp-content\/uploads\/2022\/09\/3-bolt-one-side-flange-FBPL-ball-bearing-unit-2.jpg","width":1000,"height":1000,"caption":"3 bolt one side flange FBPL ball bearing unit"},{"@type":"BreadcrumbList","@id":"https:\/\/nhkmachineryparts.com\/product\/226-flange-unit-3-bolt-one-side-fbpl\/#breadcrumb","itemListElement":[{"@type":"ListItem","position":1,"name":"Home","item":"https:\/\/nhkmachineryparts.com\/"},{"@type":"ListItem","position":2,"name":"Product line","item":"https:\/\/nhkmachineryparts.com\/product-line\/"},{"@type":"ListItem","position":3,"name":"Bearing units in IP54\u00a0composite housing","item":"https:\/\/nhkmachineryparts.com\/product-line\/bearing-units-in-ip54-thermo-plastic-housing\/"},{"@type":"ListItem","position":4,"name":"3 bolt one side flange FBPL ball bearing unit"}]},{"@type":"WebSite","@id":"https:\/\/nhkmachineryparts.com\/#website","url":"https:\/\/nhkmachineryparts.com\/","name":"Piezas de maquinaria NHK","description":"Casas de rodamiento, pies niveladores s\u00edsmicos y ruedas niveladoras","publisher":{"@id":"https:\/\/nhkmachineryparts.com\/#organization"},"potentialAction":[{"@type":"SearchAction","target":{"@type":"EntryPoint","urlTemplate":"https:\/\/nhkmachineryparts.com\/?s={search_term_string}"},"query-input":{"@type":"PropertyValueSpecification","valueRequired":true,"valueName":"search_term_string"}}],"inLanguage":"es"},{"@type":"Organization","@id":"https:\/\/nhkmachineryparts.com\/#organization","name":"Grupo Nhk ApS","url":"https:\/\/nhkmachineryparts.com\/","logo":{"@type":"ImageObject","inLanguage":"es","@id":"https:\/\/nhkmachineryparts.com\/#\/schema\/logo\/image\/","url":"https:\/\/nhkmachineryparts.com\/wp-content\/uploads\/2022\/09\/NHKgroup_social.jpg","contentUrl":"https:\/\/nhkmachineryparts.com\/wp-content\/uploads\/2022\/09\/NHKgroup_social.jpg","width":1200,"height":630,"caption":"Nhk Group ApS"},"image":{"@id":"https:\/\/nhkmachineryparts.com\/#\/schema\/logo\/image\/"},"sameAs":["https:\/\/www.facebook.com\/NHK.Group.aps"]}]}},"_links":{"self":[{"href":"https:\/\/nhkmachineryparts.com\/es\/wp-json\/wp\/v2\/product\/1783","targetHints":{"allow":["GET"]}}],"collection":[{"href":"https:\/\/nhkmachineryparts.com\/es\/wp-json\/wp\/v2\/product"}],"about":[{"href":"https:\/\/nhkmachineryparts.com\/es\/wp-json\/wp\/v2\/types\/product"}],"wp:featuredmedia":[{"embeddable":true,"href":"https:\/\/nhkmachineryparts.com\/es\/wp-json\/wp\/v2\/media\/11646"}],"wp:attachment":[{"href":"https:\/\/nhkmachineryparts.com\/es\/wp-json\/wp\/v2\/media?parent=1783"}],"wp:term":[{"taxonomy":"product_brand","embeddable":true,"href":"https:\/\/nhkmachineryparts.com\/es\/wp-json\/wp\/v2\/product_brand?post=1783"},{"taxonomy":"product_cat","embeddable":true,"href":"https:\/\/nhkmachineryparts.com\/es\/wp-json\/wp\/v2\/product_cat?post=1783"},{"taxonomy":"product_tag","embeddable":true,"href":"https:\/\/nhkmachineryparts.com\/es\/wp-json\/wp\/v2\/product_tag?post=1783"}],"curies":[{"name":"Gracias","href":"https:\/\/api.w.org\/{rel}","templated":true}]}}