{"id":1542,"date":"2022-09-24T18:21:20","date_gmt":"2022-09-24T18:21:20","guid":{"rendered":"https:\/\/nhkmachineryparts.pawsfabrik.dk\/?post_type=product&#038;p=1542"},"modified":"2026-02-23T15:09:29","modified_gmt":"2026-02-23T13:09:29","slug":"315-unidades_de_rodamiento_de_bloques_de_almohada_impermeables_con_insertos_esfericos_ip67","status":"publish","type":"product","link":"https:\/\/nhkmachineryparts.com\/es\/product\/ip67-steam-and-dust-resistant-bearing-units-with-spherical-inserts\/","title":{"rendered":"Unidades de rodamientos IP67 resistentes al vapor y al polvo con inserciones esf\u00e9ricas"},"content":{"rendered":"<section class=\"vc_row vc_custom_1662993827263 liquid-row-shadowbox-69d138ad73256 vc_column-gap-0\"><div class=\"ld-container container\"><div class=\"row ld-row ld-row-outer\"><div class=\"wpb_column vc_column_container vc_col-sm-12 liquid-column-69d138ad7340a\"><div class=\"vc_column-inner\" ><div class=\"wpb_wrapper\"  >\n\t<div class=\"wpb_text_column wpb_content_element\" >\n\t\t<div class=\"wpb_wrapper\">\n\t\t\t<h2>Unidades de rodamientos resistentes al vapor IP67 con inserciones esf\u00e9ricas<\/h2>\n<p>Conozca nuestra amplia gama de <a href=\"https:\/\/nhkmachineryparts.com\/es\/linea-de-producto\/carcasa-de-cojinete-impermeable-unidades-de-cojinete-impermeables-ip67\/\"><strong>rodamientos impermeables<\/strong><\/a><\/p>\n<p>Muchas unidades de rodamientos con brida se utilizan en entornos h\u00famedos y exigentes; es en estos entornos hostiles que las unidades de rodamientos NHK son una alternativa econ\u00f3mica a las unidades de rodamientos tradicionales, que se desgastan r\u00e1pidamente por el \u00f3xido con la siguiente penetraci\u00f3n de agua, en al mismo tiempo se adapta a las necesidades de la industria alimentaria, donde la higiene en el proceso de producci\u00f3n es muy importante.<\/p>\n<p>Las unidades de rodamientos NHK est\u00e1n fabricadas con rodamientos de inserci\u00f3n radiales esf\u00e9ricos de acero inoxidable, para un montaje f\u00e1cil y preciso, los rodamientos de bolas de las unidades de rodamientos NHK no requieren mantenimiento y tienen sello de aceite con un resorte de acero inoxidable en el paso del eje, las unidades de rodamientos NHK tienen engrasador de acero inoxidable para un llenado \u00f3ptimo de grasa de calidad alimentaria, que evita la condensaci\u00f3n en la caja del rodamiento.<\/p>\n<p>Las unidades de rodamientos NHK est\u00e1n hechas de Dupolit, con su dise\u00f1o compacto y extremadamente resistente a los impactos, con la cubierta atornillada a la carcasa de los rodamientos, lo que hace que las unidades de rodamientos NHK sean especialmente adecuadas en ambientes h\u00famedos y mojados, como equipos de producci\u00f3n para la industria de procesamiento de alimentos.<\/p>\n<p>Las unidades de rodamientos NHK son resistentes a todos los productos de limpieza y a la mayor\u00eda de los productos qu\u00edmicos, con esquinas redondeadas y superficie lisa en la parte posterior, lo que las hace \u00fanicas y muy f\u00e1ciles de limpiar.<\/p>\n<p>La medida de montaje de las unidades de rodamientos NHK es la misma que la de otras unidades de rodamientos con brida del mercado.<br \/>\nLas unidades de rodamientos NHK son resistentes al calor de -30 \u00b0C a +100 \u00b0C.<br \/>\nLa carcasa con brida NHK ha sido probada por el Instituto Tecnol\u00f3gico Dan\u00e9s.<\/p>\n<p>Conozca nuestra amplia gama de <a href=\"https:\/\/nhkmachineryparts.com\/es\/linea-de-producto\/carcasa-de-cojinete-impermeable-unidades-de-cojinete-impermeables-ip67\/\"><strong>rodamientos impermeables<\/strong><\/a><\/p>\n<h2>Preguntas y contacto<\/h2>\n<p>\u00bfTiene alguna pregunta sobre nuestros productos? <a href=\"https:\/\/nhkmachineryparts.com\/es\/contacto\/\">Siempre puede contactarnos si tiene preguntas sobre el rendimiento y las soluciones para su m\u00e1quina o cualquier otra cosa. Puede leer m\u00e1s sobre c\u00f3mo contactarnos aqu\u00ed.<\/a>\u00a0Puede encontrarnos en Dinamarca, el Reino Unido, Alemania y Hong Kong.<\/p>\n<p>Consulte nuestra gama de <a href=\"https:\/\/nhkmachineryparts.com\/es\/linea-de-producto\/\">componentes higi\u00e9nicos de maquinaria<\/a>\u00a0aqu\u00ed.<\/p>\n\n\t\t<\/div>\n\t<\/div>\n<\/div><\/div><\/div><\/div><\/div><\/section>","protected":false},"excerpt":{"rendered":"IP67 Steam resistant bearing units with spherical inserts Check out our extensive range of waterproof bearings A lot of flange bearing units are used in wet and demanding environments, it is in these harsh environments the NHK bearing units are an economical alternative to the traditional bearing units, which is quickly is worn down by [...]","protected":false},"featured_media":1064,"template":"","meta":[],"product_brand":[],"product_cat":[129],"product_tag":[],"class_list":{"0":"post-1542","1":"product","2":"type-product","3":"status-publish","4":"has-post-thumbnail","6":"product_cat-related-products","8":"first","9":"instock","10":"shipping-taxable","11":"product-type-simple"},"yoast_head":"<!-- This site is optimized with the Yoast SEO plugin v27.2 - https:\/\/yoast.com\/product\/yoast-seo-wordpress\/ -->\n<title>IP67 Steam and dust resistant\u00a0bearing units with spherical inserts | NHK Machinery Parts<\/title>\n<meta name=\"description\" content=\"IP67 Steam- and Waterproof bearing housing with corrosion safe spherical inserts which are special suitable in wet and harsh environments.\" \/>\n<meta name=\"robots\" content=\"index, follow, max-snippet:-1, max-image-preview:large, max-video-preview:-1\" \/>\n<link rel=\"canonical\" href=\"https:\/\/nhkmachineryparts.com\/es\/producto\/315-unidades_de_rodamiento_de_bloques_de_almohada_impermeables_con_insertos_esfericos_ip67\/\" \/>\n<meta property=\"og:locale\" content=\"es_ES\" \/>\n<meta property=\"og:type\" content=\"article\" \/>\n<meta property=\"og:title\" content=\"IP67 Steam and dust resistant\u00a0bearing units with spherical inserts | NHK Machinery Parts\" \/>\n<meta property=\"og:description\" content=\"IP67 Steam- and Waterproof bearing housing with corrosion safe spherical inserts which are special suitable in wet and harsh environments.\" \/>\n<meta property=\"og:url\" content=\"https:\/\/nhkmachineryparts.com\/es\/producto\/315-unidades_de_rodamiento_de_bloques_de_almohada_impermeables_con_insertos_esfericos_ip67\/\" \/>\n<meta property=\"og:site_name\" content=\"NHK Machinery Parts\" \/>\n<meta property=\"article:publisher\" content=\"https:\/\/www.facebook.com\/NHK.Group.aps\" \/>\n<meta property=\"article:modified_time\" content=\"2026-02-23T13:09:29+00:00\" \/>\n<meta property=\"og:image\" content=\"https:\/\/nhkmachineryparts.com\/wp-content\/uploads\/2022\/09\/IP67-Hygienic-waterproof-bearing-units.jpg\" \/>\n\t<meta property=\"og:image:width\" content=\"910\" \/>\n\t<meta property=\"og:image:height\" content=\"910\" \/>\n\t<meta property=\"og:image:type\" content=\"image\/jpeg\" \/>\n<meta name=\"twitter:card\" content=\"summary_large_image\" \/>\n<meta name=\"twitter:label1\" content=\"Tiempo de lectura\" \/>\n\t<meta name=\"twitter:data1\" content=\"2 minutos\" \/>\n<script type=\"application\/ld+json\" class=\"yoast-schema-graph\">{\"@context\":\"https:\/\/schema.org\",\"@graph\":[{\"@type\":\"WebPage\",\"@id\":\"https:\/\/nhkmachineryparts.com\/product\/ip67-steam-and-dust-resistant-bearing-units-with-spherical-inserts\/\",\"url\":\"https:\/\/nhkmachineryparts.com\/product\/ip67-steam-and-dust-resistant-bearing-units-with-spherical-inserts\/\",\"name\":\"IP67 Steam and dust resistant\u00a0bearing units with spherical inserts | NHK Machinery Parts\",\"isPartOf\":{\"@id\":\"https:\/\/nhkmachineryparts.com\/#website\"},\"primaryImageOfPage\":{\"@id\":\"https:\/\/nhkmachineryparts.com\/product\/ip67-steam-and-dust-resistant-bearing-units-with-spherical-inserts\/#primaryimage\"},\"image\":{\"@id\":\"https:\/\/nhkmachineryparts.com\/product\/ip67-steam-and-dust-resistant-bearing-units-with-spherical-inserts\/#primaryimage\"},\"thumbnailUrl\":\"https:\/\/nhkmachineryparts.com\/wp-content\/uploads\/2022\/09\/IP67-Hygienic-waterproof-bearing-units.jpg\",\"datePublished\":\"2022-09-24T18:21:20+00:00\",\"dateModified\":\"2026-02-23T13:09:29+00:00\",\"description\":\"IP67 Steam- and Waterproof bearing housing with corrosion safe spherical inserts which are special suitable in wet and harsh environments.\",\"breadcrumb\":{\"@id\":\"https:\/\/nhkmachineryparts.com\/product\/ip67-steam-and-dust-resistant-bearing-units-with-spherical-inserts\/#breadcrumb\"},\"inLanguage\":\"es\",\"potentialAction\":[{\"@type\":\"ReadAction\",\"target\":[\"https:\/\/nhkmachineryparts.com\/product\/ip67-steam-and-dust-resistant-bearing-units-with-spherical-inserts\/\"]}]},{\"@type\":\"ImageObject\",\"inLanguage\":\"es\",\"@id\":\"https:\/\/nhkmachineryparts.com\/product\/ip67-steam-and-dust-resistant-bearing-units-with-spherical-inserts\/#primaryimage\",\"url\":\"https:\/\/nhkmachineryparts.com\/wp-content\/uploads\/2022\/09\/IP67-Hygienic-waterproof-bearing-units.jpg\",\"contentUrl\":\"https:\/\/nhkmachineryparts.com\/wp-content\/uploads\/2022\/09\/IP67-Hygienic-waterproof-bearing-units.jpg\",\"width\":910,\"height\":910,\"caption\":\"Hygienic IP67 waterproof bearing with USDA certificates\"},{\"@type\":\"BreadcrumbList\",\"@id\":\"https:\/\/nhkmachineryparts.com\/product\/ip67-steam-and-dust-resistant-bearing-units-with-spherical-inserts\/#breadcrumb\",\"itemListElement\":[{\"@type\":\"ListItem\",\"position\":1,\"name\":\"Home\",\"item\":\"https:\/\/nhkmachineryparts.com\/\"},{\"@type\":\"ListItem\",\"position\":2,\"name\":\"Product line\",\"item\":\"https:\/\/nhkmachineryparts.com\/product-line\/\"},{\"@type\":\"ListItem\",\"position\":3,\"name\":\"Related products\",\"item\":\"https:\/\/nhkmachineryparts.com\/product-line\/related-products\/\"},{\"@type\":\"ListItem\",\"position\":4,\"name\":\"IP67 Steam and dust resistant\u00a0bearing units with spherical inserts\"}]},{\"@type\":\"WebSite\",\"@id\":\"https:\/\/nhkmachineryparts.com\/#website\",\"url\":\"https:\/\/nhkmachineryparts.com\/\",\"name\":\"NHK Machinery Parts\",\"description\":\"Bearing Houses, seismic levelling feet and levelling castors\",\"publisher\":{\"@id\":\"https:\/\/nhkmachineryparts.com\/#organization\"},\"potentialAction\":[{\"@type\":\"SearchAction\",\"target\":{\"@type\":\"EntryPoint\",\"urlTemplate\":\"https:\/\/nhkmachineryparts.com\/?s={search_term_string}\"},\"query-input\":{\"@type\":\"PropertyValueSpecification\",\"valueRequired\":true,\"valueName\":\"search_term_string\"}}],\"inLanguage\":\"es\"},{\"@type\":\"Organization\",\"@id\":\"https:\/\/nhkmachineryparts.com\/#organization\",\"name\":\"Nhk Group ApS\",\"url\":\"https:\/\/nhkmachineryparts.com\/\",\"logo\":{\"@type\":\"ImageObject\",\"inLanguage\":\"es\",\"@id\":\"https:\/\/nhkmachineryparts.com\/#\/schema\/logo\/image\/\",\"url\":\"https:\/\/nhkmachineryparts.com\/wp-content\/uploads\/2022\/09\/NHKgroup_social.jpg\",\"contentUrl\":\"https:\/\/nhkmachineryparts.com\/wp-content\/uploads\/2022\/09\/NHKgroup_social.jpg\",\"width\":1200,\"height\":630,\"caption\":\"Nhk Group ApS\"},\"image\":{\"@id\":\"https:\/\/nhkmachineryparts.com\/#\/schema\/logo\/image\/\"},\"sameAs\":[\"https:\/\/www.facebook.com\/NHK.Group.aps\"]}]}<\/script>\n<!-- \/ Yoast SEO plugin. -->","yoast_head_json":{"title":"IP67 Unidades de rodamientos resistentes al vapor y al polvo con inserciones esf\u00e9ricas | Piezas de maquinaria NHK","description":"Carcasa de rodamiento IP67 resistente al vapor y al agua con inserciones esf\u00e9ricas resistentes a la corrosi\u00f3n que son especialmente adecuadas en entornos h\u00famedos y hostiles.","robots":{"index":"index","follow":"follow","max-snippet":"max-snippet:-1","max-image-preview":"max-image-preview:large","max-video-preview":"max-video-preview:-1"},"canonical":"https:\/\/nhkmachineryparts.com\/es\/producto\/315-unidades_de_rodamiento_de_bloques_de_almohada_impermeables_con_insertos_esfericos_ip67\/","og_locale":"es_ES","og_type":"article","og_title":"IP67 Steam and dust resistant\u00a0bearing units with spherical inserts | NHK Machinery Parts","og_description":"IP67 Steam- and Waterproof bearing housing with corrosion safe spherical inserts which are special suitable in wet and harsh environments.","og_url":"https:\/\/nhkmachineryparts.com\/es\/producto\/315-unidades_de_rodamiento_de_bloques_de_almohada_impermeables_con_insertos_esfericos_ip67\/","og_site_name":"NHK Machinery Parts","article_publisher":"https:\/\/www.facebook.com\/NHK.Group.aps","article_modified_time":"2026-02-23T13:09:29+00:00","og_image":[{"width":910,"height":910,"url":"https:\/\/nhkmachineryparts.com\/wp-content\/uploads\/2022\/09\/IP67-Hygienic-waterproof-bearing-units.jpg","type":"image\/jpeg"}],"twitter_card":"summary_large_image","twitter_misc":{"Tiempo de lectura":"2 minutos"},"schema":{"@context":"https:\/\/schema.org","@graph":[{"@type":"WebPage","@id":"https:\/\/nhkmachineryparts.com\/product\/ip67-steam-and-dust-resistant-bearing-units-with-spherical-inserts\/","url":"https:\/\/nhkmachineryparts.com\/product\/ip67-steam-and-dust-resistant-bearing-units-with-spherical-inserts\/","name":"IP67 Unidades de rodamientos resistentes al vapor y al polvo con inserciones esf\u00e9ricas | Piezas de maquinaria NHK","isPartOf":{"@id":"https:\/\/nhkmachineryparts.com\/#website"},"primaryImageOfPage":{"@id":"https:\/\/nhkmachineryparts.com\/product\/ip67-steam-and-dust-resistant-bearing-units-with-spherical-inserts\/#primaryimage"},"image":{"@id":"https:\/\/nhkmachineryparts.com\/product\/ip67-steam-and-dust-resistant-bearing-units-with-spherical-inserts\/#primaryimage"},"thumbnailUrl":"https:\/\/nhkmachineryparts.com\/wp-content\/uploads\/2022\/09\/IP67-Hygienic-waterproof-bearing-units.jpg","datePublished":"2022-09-24T18:21:20+00:00","dateModified":"2026-02-23T13:09:29+00:00","description":"Carcasa de rodamiento IP67 resistente al vapor y al agua con inserciones esf\u00e9ricas resistentes a la corrosi\u00f3n que son especialmente adecuadas en entornos h\u00famedos y hostiles.","breadcrumb":{"@id":"https:\/\/nhkmachineryparts.com\/product\/ip67-steam-and-dust-resistant-bearing-units-with-spherical-inserts\/#breadcrumb"},"inLanguage":"es","potentialAction":[{"@type":"ReadAction","target":["https:\/\/nhkmachineryparts.com\/product\/ip67-steam-and-dust-resistant-bearing-units-with-spherical-inserts\/"]}]},{"@type":"ImageObject","inLanguage":"es","@id":"https:\/\/nhkmachineryparts.com\/product\/ip67-steam-and-dust-resistant-bearing-units-with-spherical-inserts\/#primaryimage","url":"https:\/\/nhkmachineryparts.com\/wp-content\/uploads\/2022\/09\/IP67-Hygienic-waterproof-bearing-units.jpg","contentUrl":"https:\/\/nhkmachineryparts.com\/wp-content\/uploads\/2022\/09\/IP67-Hygienic-waterproof-bearing-units.jpg","width":910,"height":910,"caption":"Hygienic IP67 waterproof bearing with USDA certificates"},{"@type":"BreadcrumbList","@id":"https:\/\/nhkmachineryparts.com\/product\/ip67-steam-and-dust-resistant-bearing-units-with-spherical-inserts\/#breadcrumb","itemListElement":[{"@type":"ListItem","position":1,"name":"Home","item":"https:\/\/nhkmachineryparts.com\/"},{"@type":"ListItem","position":2,"name":"Product line","item":"https:\/\/nhkmachineryparts.com\/product-line\/"},{"@type":"ListItem","position":3,"name":"Related products","item":"https:\/\/nhkmachineryparts.com\/product-line\/related-products\/"},{"@type":"ListItem","position":4,"name":"IP67 Steam and dust resistant\u00a0bearing units with spherical inserts"}]},{"@type":"WebSite","@id":"https:\/\/nhkmachineryparts.com\/#website","url":"https:\/\/nhkmachineryparts.com\/","name":"Piezas de maquinaria NHK","description":"Casas de rodamiento, pies niveladores s\u00edsmicos y ruedas niveladoras","publisher":{"@id":"https:\/\/nhkmachineryparts.com\/#organization"},"potentialAction":[{"@type":"SearchAction","target":{"@type":"EntryPoint","urlTemplate":"https:\/\/nhkmachineryparts.com\/?s={search_term_string}"},"query-input":{"@type":"PropertyValueSpecification","valueRequired":true,"valueName":"search_term_string"}}],"inLanguage":"es"},{"@type":"Organization","@id":"https:\/\/nhkmachineryparts.com\/#organization","name":"Grupo Nhk ApS","url":"https:\/\/nhkmachineryparts.com\/","logo":{"@type":"ImageObject","inLanguage":"es","@id":"https:\/\/nhkmachineryparts.com\/#\/schema\/logo\/image\/","url":"https:\/\/nhkmachineryparts.com\/wp-content\/uploads\/2022\/09\/NHKgroup_social.jpg","contentUrl":"https:\/\/nhkmachineryparts.com\/wp-content\/uploads\/2022\/09\/NHKgroup_social.jpg","width":1200,"height":630,"caption":"Nhk Group ApS"},"image":{"@id":"https:\/\/nhkmachineryparts.com\/#\/schema\/logo\/image\/"},"sameAs":["https:\/\/www.facebook.com\/NHK.Group.aps"]}]}},"_links":{"self":[{"href":"https:\/\/nhkmachineryparts.com\/es\/wp-json\/wp\/v2\/product\/1542","targetHints":{"allow":["GET"]}}],"collection":[{"href":"https:\/\/nhkmachineryparts.com\/es\/wp-json\/wp\/v2\/product"}],"about":[{"href":"https:\/\/nhkmachineryparts.com\/es\/wp-json\/wp\/v2\/types\/product"}],"wp:featuredmedia":[{"embeddable":true,"href":"https:\/\/nhkmachineryparts.com\/es\/wp-json\/wp\/v2\/media\/1064"}],"wp:attachment":[{"href":"https:\/\/nhkmachineryparts.com\/es\/wp-json\/wp\/v2\/media?parent=1542"}],"wp:term":[{"taxonomy":"product_brand","embeddable":true,"href":"https:\/\/nhkmachineryparts.com\/es\/wp-json\/wp\/v2\/product_brand?post=1542"},{"taxonomy":"product_cat","embeddable":true,"href":"https:\/\/nhkmachineryparts.com\/es\/wp-json\/wp\/v2\/product_cat?post=1542"},{"taxonomy":"product_tag","embeddable":true,"href":"https:\/\/nhkmachineryparts.com\/es\/wp-json\/wp\/v2\/product_tag?post=1542"}],"curies":[{"name":"Gracias","href":"https:\/\/api.w.org\/{rel}","templated":true}]}}