{"id":1529,"date":"2022-09-24T18:13:36","date_gmt":"2022-09-24T18:13:36","guid":{"rendered":"https:\/\/nhkmachineryparts.pawsfabrik.dk\/?post_type=product&#038;p=1529"},"modified":"2026-02-23T15:08:17","modified_gmt":"2026-02-23T13:08:17","slug":"unidades-de-cojinetes-de-bloque-de-almohada-con-base-roscada-a-prueba-de-agua-ip67","status":"publish","type":"product","link":"https:\/\/nhkmachineryparts.com\/es\/product\/ip67-waterproof-tapped-base-pillow-block-bearing-units\/","title":{"rendered":"Unidades de cojinetes de bloque de almohada con base roscada a prueba de agua IP67"},"content":{"rendered":"<section class=\"vc_row vc_custom_1662993827263 liquid-row-shadowbox-69d369ce2182d vc_column-gap-0\"><div class=\"ld-container container\"><div class=\"row ld-row ld-row-outer\"><div class=\"wpb_column vc_column_container vc_col-sm-12 liquid-column-69d369ce219cc\"><div class=\"vc_column-inner\" ><div class=\"wpb_wrapper\"  >\n\t<div class=\"wpb_text_column wpb_content_element\" >\n\t\t<div class=\"wpb_wrapper\">\n\t\t\t<h2><strong data-start=\"100\" data-end=\"195\">Precisi\u00f3n y protecci\u00f3n combinadas<\/strong><\/h2>\n<p>Nuestro <a href=\"https:\/\/nhkmachineryparts.com\/es\/product-line\/ip67-waterproof-bearing-house-units\/\" data-internallinksmanager029f6b8e52c=\"3\" title=\"Unidades de casa de rodamientos impermeables IP67\">IP67<\/a> Las unidades de rodamientos han obtenido <a href=\"https:\/\/nhkmachineryparts.com\/es\/linea-de-producto\/carcasa-de-cojinete-impermeable-unidades-de-cojinete-impermeables-ip67\/\" data-internallinksmanager029f6b8e52c=\"6\" title=\"USDA\">USDA<\/a> certificado.<br \/>\nLas unidades de rodamientos IP67 tienen un n\u00famero de identificaci\u00f3n de lote \u00fanico para la trazabilidad de la seguridad alimentaria.<br \/>\nUnidades de rodamientos con brida IP67 resistentes al vapor, impermeables y resistentes a la corrosi\u00f3n, especialmente adecuadas en entornos h\u00famedos y hostiles.<\/p>\n<h2><strong data-start=\"199\" data-end=\"303\">Durabilidad superior para entornos hostiles<\/strong><\/h2>\n<p>Nuestras unidades de rodamientos IP67 est\u00e1n dise\u00f1adas para <a href=\"https:\/\/nhkmachineryparts.com\/es\/our-industries\/\" data-internallinksmanager029f6b8e52c=\"4\" title=\"Nuestras industrias\">industrias<\/a> con exigencias cada vez mayores en cuanto a la resistencia del material y un dise\u00f1o que facilita la limpieza. Para reducir el riesgo de crecimiento de bacterias, este dise\u00f1o se caracteriza por superficies lisas y esquinas redondeadas.<\/p>\n<p>Las unidades de rodamientos IP67 cumplen con 3A y <a href=\"https:\/\/nhkmachineryparts.com\/es\/cual-es-la-diferencia-entre-3a-y-ehedg\/\" data-internallinksmanager029f6b8e52c=\"2\" title=\"Piezas de maquinaria certificadas EHEDG\">EHEDG<\/a> regulaci\u00f3n La clase de protecci\u00f3n es IP67, lo que garantiza que las unidades de rodamientos se puedan limpiar con agua a alta presi\u00f3n desde todas las direcciones. Un anillo ret\u00e9n de aceite con resorte de acero inoxidable garantiza que el agua no pueda penetrar en la carcasa.<\/p>\n<p>Los rodamientos no requieren mantenimiento y son resistentes a todos los agentes de limpieza y a la mayor\u00eda de los productos qu\u00edmicos.<\/p>\n<h2><strong data-start=\"307\" data-end=\"402\">Dise\u00f1ado para condiciones extremas<\/strong><\/h2>\n<ul>\n<li>Base de alojamiento de rodamientos compacta y resistente, con la tapa atornillada a la base.<\/li>\n<li>La carcasa del rodamiento est\u00e1 fabricada por Dupolit, que es de extrema estabilidad y resistencia.<\/li>\n<li>Engrasador de acero inoxidable para un llenado \u00f3ptimo de grasa alimentaria, evitando la condensaci\u00f3n en la carcasa.<\/li>\n<li>La carcasa del rodamiento est\u00e1 equipada con un rodamiento de bolas esf\u00e9rico lubricado de por vida con collar de bloqueo exc\u00e9ntrico.<\/li>\n<li>El rodamiento esf\u00e9rico es autoalineante.<\/li>\n<li>Las medidas de la carcasa del rodamiento son similares a los est\u00e1ndares del mercado para facilitar su reemplazo.<\/li>\n<li>La carcasa del rodamiento se puede montar en todos los \u00e1ngulos.<\/li>\n<li>Los rodamientos insertables esf\u00e9ricos de acero inoxidable para un montaje f\u00e1cil y preciso<\/li>\n<li>La carcasa del rodamiento es resistente al calor de -30\u00b0C a +100\u00b0C<\/li>\n<li>Los insertos de rodamiento est\u00e1n lubricados con grasa registrada NSF H1 que cumple con requisitos como DIN 51825.<\/li>\n<li>Las unidades de rodamientos est\u00e1n aceptadas por el USDA y cumplen con el est\u00e1ndar NSF\/ANSI\/3-A 14159-1-2010.<\/li>\n<li>Grado alimentario seg\u00fan el marco del reglamento (CE) n\u00ba 1935\/2004<\/li>\n<li>Posibilidad de etiqueta privada.<\/li>\n<\/ul>\n<h2><strong data-start=\"100\" data-end=\"195\">Unidades de cojinetes de base roscada con protecci\u00f3n IP67 a prueba de agua<\/strong><\/h2>\n<div class=\"dcf-overflow-x-auto\" tabindex=\"0\">\n<table class=\"dcf-table dcf-table-bordered dcf-w-100%\">\n<thead>\n<tr>\n<th scope=\"col\">Tipo IP67 PA<\/th>\n<th scope=\"col\">N\u00famero de cat\u00e1logo<\/th>\n<th scope=\"col\">N\u00famero de cat\u00e1logo<\/th>\n<\/tr>\n<\/thead>\n<tbody>\n<tr>\n<td data-label=\"Type IP67 F\">Unidad de rodamiento de chumacera con base roscada<\/td>\n<td data-label=\"Catalogue No.\">tapa cerrada<\/td>\n<td data-label=\"Catalogue No.\">tapa abierta<\/td>\n<\/tr>\n<tr>\n<td data-label=\"Type IP67 F\">\u00d820mm<\/td>\n<td data-label=\"Catalogue No.\">IP67 PA204CC<\/td>\n<td data-label=\"Catalogue No.\">IP67 PA204 OC<\/td>\n<\/tr>\n<tr>\n<td data-label=\"Type IP67 F\">\u00d825mm<\/td>\n<td data-label=\"Catalogue No.\">IP67 PA205CC<\/td>\n<td data-label=\"Catalogue No.\">IP67 PA205 OC<\/td>\n<\/tr>\n<tr>\n<td data-label=\"Type IP67 F\">\u00d830mm<\/td>\n<td data-label=\"Catalogue No.\">IP67 PA206CC<\/td>\n<td data-label=\"Catalogue No.\">IP67 PA206 OC<\/td>\n<\/tr>\n<tr>\n<td data-label=\"Type IP67 F\">\u00d835mm<\/td>\n<td data-label=\"Catalogue No.\">IP67 PA207CC<\/td>\n<td data-label=\"Catalogue No.\">IP67 PA207 OC<\/td>\n<\/tr>\n<tr>\n<td data-label=\"Type IP67 F\">\u00d840mm<\/td>\n<td data-label=\"Catalogue No.\">IP67 PA208CC<\/td>\n<td data-label=\"Catalogue No.\">IP67 PA208 OC<\/td>\n<\/tr>\n<\/tbody>\n<\/table>\n<p><a href=\"https:\/\/nhkmachineryparts.com\/es\/linea-de-producto\/categoria\/31-unidades-de-rodamientos-impermeables-ip67\/\">Vea tambi\u00e9n nuestros otros rodamientos impermeables con certificados FDA.<\/a><\/p>\n<div class=\"w-full text-token-text-primary border-b border-black\/10 gizmo:border-0 dark:border-gray-900\/50 gizmo:dark:border-0 bg-gray-50 gizmo:bg-transparent dark:bg-&#091;#444654&#093; gizmo:dark:bg-transparent\" data-testid=\"conversation-turn-3\">\n<div class=\"p-4 gizmo:py-2 justify-center text-base md:gap-6 md:py-6 m-auto\">\n<div class=\"flex flex-1 gap-4 text-base mx-auto md:gap-6 gizmo:gap-3 gizmo:md:px-5 gizmo:lg:px-1 gizmo:xl:px-5 md:max-w-2xl lg:max-w-&#091;38rem&#093; gizmo:md:max-w-3xl gizmo:lg:max-w-&#091;40rem&#093; gizmo:xl:max-w-&#091;48rem&#093; xl:max-w-3xl } group\">\n<div class=\"relative flex w-&#091;calc(100%-50px)&#093; flex-col gizmo:w-full lg:w-&#091;calc(100%-115px)&#093; agent-turn\">\n<div class=\"flex-col gap-1 md:gap-3\">\n<div class=\"flex flex-grow flex-col max-w-full gap-3 gizmo:gap-0\">\n<div class=\"min-h-&#091;20px&#093; text-message peer flex flex-col items-start gap-3 whitespace-pre-wrap break-words peer-&#091;.text-message&#093;:mt-5 overflow-x-auto\" data-message-author-role=\"assistant\" data-message-id=\"6162d90c-acdb-4ffc-82be-d3c77259ca95\">\n<div class=\"markdown prose w-full break-words dark:prose-invert light\">\n<h2>Caja de rodamientos con clasificaci\u00f3n IP67<\/h2>\n<p>Una clasificaci\u00f3n IP67 para una caja de rodamientos o cualquier otro gabinete electr\u00f3nico o mec\u00e1nico indica un alto nivel de protecci\u00f3n contra el polvo y el agua. Analicemos lo que significa IP67:<\/p>\n<ol>\n<li>Clasificaci\u00f3n IP (protecci\u00f3n de ingreso): La clasificaci\u00f3n IP es un sistema estandarizado que se utiliza para clasificar el nivel de protecci\u00f3n que proporciona un gabinete contra diversos elementos ambientales, como el polvo y el agua.<\/li>\n<li>Primer d\u00edgito (6): El primer d\u00edgito de la clasificaci\u00f3n IP se refiere a la protecci\u00f3n contra objetos s\u00f3lidos, incluido el polvo. En este caso, una calificaci\u00f3n de 6 significa que el gabinete es herm\u00e9tico al polvo. Proporciona una protecci\u00f3n completa contra el polvo y otras part\u00edculas s\u00f3lidas.<\/li>\n<li>Segundo d\u00edgito (7): El segundo d\u00edgito de la clasificaci\u00f3n IP se refiere a la protecci\u00f3n contra l\u00edquidos, particularmente agua. Una calificaci\u00f3n de 7 indica que el recinto es capaz de soportar la inmersi\u00f3n en agua hasta 1 metro de profundidad durante 30 minutos sin permitir que el agua penetre.<\/li>\n<\/ol>\n<p>Por lo tanto, una carcasa de rodamiento impermeable IP67 est\u00e1 dise\u00f1ada para ser herm\u00e9tica al polvo y tambi\u00e9n puede soportar una inmersi\u00f3n temporal en agua sin que entre agua. Este nivel de protecci\u00f3n se utiliza a menudo en diversas aplicaciones industriales, exteriores o marinas donde la carcasa del rodamiento debe permanecer funcional y libre de da\u00f1os causados por la exposici\u00f3n al polvo y al agua.<\/p>\n<\/div>\n<\/div>\n<\/div>\n<\/div>\n<\/div>\n<\/div>\n<\/div>\n<\/div>\n<h2>Preguntas y contacto<\/h2>\n<p>Si tiene alguna pregunta sobre nuestros productos.\u00a0<a href=\"https:\/\/nhkmachineryparts.com\/es\/contacto\/\">Siempre puede contactarnos si tiene preguntas sobre el rendimiento y las soluciones para su m\u00e1quina o cualquier otra cosa. Puede leer m\u00e1s sobre c\u00f3mo contactarnos aqu\u00ed.<\/a>\u00a0Puede encontrarnos en Dinamarca, el Reino Unido, Alemania y Hong Kong.<\/p>\n<\/div>\n\n\t\t<\/div>\n\t<\/div>\n<\/div><\/div><\/div><\/div><\/div><\/section>","protected":false},"excerpt":{"rendered":"Precision and Protection Combined Our IP67 Bearing units has obtained USDA certificate. The IP67 Bearing units has unique batch ID number for food safety traceability. IP67 Steam resistant, waterproof and corrosion safe flange bearing units which are special suitable in wet and harsh environments. Superior Durability for Harsh Environments Our IP67 bearing units are designed [...]","protected":false},"featured_media":8899,"template":"","meta":[],"product_brand":[],"product_cat":[46],"product_tag":[],"class_list":{"0":"post-1529","1":"product","2":"type-product","3":"status-publish","4":"has-post-thumbnail","6":"product_cat-ip67-waterproof-bearing-house-units","8":"first","9":"instock","10":"shipping-taxable","11":"product-type-simple"},"yoast_head":"<!-- This site is optimized with the Yoast SEO plugin v27.3 - https:\/\/yoast.com\/product\/yoast-seo-wordpress\/ -->\n<title>IP67 Waterproof tapped base pillow block bearing units |<\/title>\n<meta name=\"description\" content=\"IP67 Steam resistant, waterproof and corrosion safe tapped base pillow block bearing units which are special suitable in wet and harsh environments.\" \/>\n<meta name=\"robots\" content=\"index, follow, max-snippet:-1, max-image-preview:large, max-video-preview:-1\" \/>\n<link rel=\"canonical\" href=\"https:\/\/nhkmachineryparts.com\/es\/producto\/unidades-de-cojinetes-de-bloque-de-almohada-con-base-roscada-a-prueba-de-agua-ip67\/\" \/>\n<meta property=\"og:locale\" content=\"es_ES\" \/>\n<meta property=\"og:type\" content=\"article\" \/>\n<meta property=\"og:title\" content=\"IP67 Waterproof tapped base pillow block bearing units |\" \/>\n<meta property=\"og:description\" content=\"IP67 Steam resistant, waterproof and corrosion safe tapped base pillow block bearing units which are special suitable in wet and harsh environments.\" \/>\n<meta property=\"og:url\" content=\"https:\/\/nhkmachineryparts.com\/es\/producto\/unidades-de-cojinetes-de-bloque-de-almohada-con-base-roscada-a-prueba-de-agua-ip67\/\" \/>\n<meta property=\"og:site_name\" content=\"NHK Machinery Parts\" \/>\n<meta property=\"article:publisher\" content=\"https:\/\/www.facebook.com\/NHK.Group.aps\" \/>\n<meta property=\"article:modified_time\" content=\"2026-02-23T13:08:17+00:00\" \/>\n<meta property=\"og:image\" content=\"https:\/\/nhkmachineryparts.com\/wp-content\/uploads\/2022\/09\/Waterproof-tapped-base-pillow-block-bearing-units-with-spherical-inserts-IP67.jpg\" \/>\n\t<meta property=\"og:image:width\" content=\"1000\" \/>\n\t<meta property=\"og:image:height\" content=\"1000\" \/>\n\t<meta property=\"og:image:type\" content=\"image\/jpeg\" \/>\n<meta name=\"twitter:card\" content=\"summary_large_image\" \/>\n<meta name=\"twitter:label1\" content=\"Tiempo de lectura\" \/>\n\t<meta name=\"twitter:data1\" content=\"4 minutos\" \/>\n<script type=\"application\/ld+json\" class=\"yoast-schema-graph\">{\"@context\":\"https:\\\/\\\/schema.org\",\"@graph\":[{\"@type\":\"WebPage\",\"@id\":\"https:\\\/\\\/nhkmachineryparts.com\\\/product\\\/ip67-waterproof-tapped-base-pillow-block-bearing-units\\\/\",\"url\":\"https:\\\/\\\/nhkmachineryparts.com\\\/product\\\/ip67-waterproof-tapped-base-pillow-block-bearing-units\\\/\",\"name\":\"IP67 Waterproof tapped base pillow block bearing units |\",\"isPartOf\":{\"@id\":\"https:\\\/\\\/nhkmachineryparts.com\\\/#website\"},\"primaryImageOfPage\":{\"@id\":\"https:\\\/\\\/nhkmachineryparts.com\\\/product\\\/ip67-waterproof-tapped-base-pillow-block-bearing-units\\\/#primaryimage\"},\"image\":{\"@id\":\"https:\\\/\\\/nhkmachineryparts.com\\\/product\\\/ip67-waterproof-tapped-base-pillow-block-bearing-units\\\/#primaryimage\"},\"thumbnailUrl\":\"https:\\\/\\\/nhkmachineryparts.com\\\/wp-content\\\/uploads\\\/2022\\\/09\\\/Waterproof-tapped-base-pillow-block-bearing-units-with-spherical-inserts-IP67.jpg\",\"datePublished\":\"2022-09-24T18:13:36+00:00\",\"dateModified\":\"2026-02-23T13:08:17+00:00\",\"description\":\"IP67 Steam resistant, waterproof and corrosion safe tapped base pillow block bearing units which are special suitable in wet and harsh environments.\",\"breadcrumb\":{\"@id\":\"https:\\\/\\\/nhkmachineryparts.com\\\/product\\\/ip67-waterproof-tapped-base-pillow-block-bearing-units\\\/#breadcrumb\"},\"inLanguage\":\"es\",\"potentialAction\":[{\"@type\":\"ReadAction\",\"target\":[\"https:\\\/\\\/nhkmachineryparts.com\\\/product\\\/ip67-waterproof-tapped-base-pillow-block-bearing-units\\\/\"]}]},{\"@type\":\"ImageObject\",\"inLanguage\":\"es\",\"@id\":\"https:\\\/\\\/nhkmachineryparts.com\\\/product\\\/ip67-waterproof-tapped-base-pillow-block-bearing-units\\\/#primaryimage\",\"url\":\"https:\\\/\\\/nhkmachineryparts.com\\\/wp-content\\\/uploads\\\/2022\\\/09\\\/Waterproof-tapped-base-pillow-block-bearing-units-with-spherical-inserts-IP67.jpg\",\"contentUrl\":\"https:\\\/\\\/nhkmachineryparts.com\\\/wp-content\\\/uploads\\\/2022\\\/09\\\/Waterproof-tapped-base-pillow-block-bearing-units-with-spherical-inserts-IP67.jpg\",\"width\":1000,\"height\":1000,\"caption\":\"Waterproof tapped base pillow block bearing units with spherical inserts IP67\"},{\"@type\":\"BreadcrumbList\",\"@id\":\"https:\\\/\\\/nhkmachineryparts.com\\\/product\\\/ip67-waterproof-tapped-base-pillow-block-bearing-units\\\/#breadcrumb\",\"itemListElement\":[{\"@type\":\"ListItem\",\"position\":1,\"name\":\"Home\",\"item\":\"https:\\\/\\\/nhkmachineryparts.com\\\/\"},{\"@type\":\"ListItem\",\"position\":2,\"name\":\"Product line\",\"item\":\"https:\\\/\\\/nhkmachineryparts.com\\\/product-line\\\/\"},{\"@type\":\"ListItem\",\"position\":3,\"name\":\"IP67 Waterproof bearing house units\",\"item\":\"https:\\\/\\\/nhkmachineryparts.com\\\/product-line\\\/ip67-waterproof-bearing-house-units\\\/\"},{\"@type\":\"ListItem\",\"position\":4,\"name\":\"IP67 Waterproof tapped base pillow block bearing units\"}]},{\"@type\":\"WebSite\",\"@id\":\"https:\\\/\\\/nhkmachineryparts.com\\\/#website\",\"url\":\"https:\\\/\\\/nhkmachineryparts.com\\\/\",\"name\":\"NHK Machinery Parts\",\"description\":\"Bearing Houses, seismic levelling feet and levelling castors\",\"publisher\":{\"@id\":\"https:\\\/\\\/nhkmachineryparts.com\\\/#organization\"},\"potentialAction\":[{\"@type\":\"SearchAction\",\"target\":{\"@type\":\"EntryPoint\",\"urlTemplate\":\"https:\\\/\\\/nhkmachineryparts.com\\\/?s={search_term_string}\"},\"query-input\":{\"@type\":\"PropertyValueSpecification\",\"valueRequired\":true,\"valueName\":\"search_term_string\"}}],\"inLanguage\":\"es\"},{\"@type\":\"Organization\",\"@id\":\"https:\\\/\\\/nhkmachineryparts.com\\\/#organization\",\"name\":\"Nhk Group ApS\",\"url\":\"https:\\\/\\\/nhkmachineryparts.com\\\/\",\"logo\":{\"@type\":\"ImageObject\",\"inLanguage\":\"es\",\"@id\":\"https:\\\/\\\/nhkmachineryparts.com\\\/#\\\/schema\\\/logo\\\/image\\\/\",\"url\":\"https:\\\/\\\/nhkmachineryparts.com\\\/wp-content\\\/uploads\\\/2022\\\/09\\\/NHKgroup_social.jpg\",\"contentUrl\":\"https:\\\/\\\/nhkmachineryparts.com\\\/wp-content\\\/uploads\\\/2022\\\/09\\\/NHKgroup_social.jpg\",\"width\":1200,\"height\":630,\"caption\":\"Nhk Group ApS\"},\"image\":{\"@id\":\"https:\\\/\\\/nhkmachineryparts.com\\\/#\\\/schema\\\/logo\\\/image\\\/\"},\"sameAs\":[\"https:\\\/\\\/www.facebook.com\\\/NHK.Group.aps\"]}]}<\/script>\n<!-- \/ Yoast SEO plugin. -->","yoast_head_json":{"title":"IP67 Waterproof tapped base pillow block bearing units |","description":"Unidades de cojinetes de chumacera con base roscada IP67 resistentes al vapor, impermeables y resistentes a la corrosi\u00f3n, especialmente adecuadas en entornos h\u00famedos y hostiles.","robots":{"index":"index","follow":"follow","max-snippet":"max-snippet:-1","max-image-preview":"max-image-preview:large","max-video-preview":"max-video-preview:-1"},"canonical":"https:\/\/nhkmachineryparts.com\/es\/producto\/unidades-de-cojinetes-de-bloque-de-almohada-con-base-roscada-a-prueba-de-agua-ip67\/","og_locale":"es_ES","og_type":"article","og_title":"IP67 Waterproof tapped base pillow block bearing units |","og_description":"IP67 Steam resistant, waterproof and corrosion safe tapped base pillow block bearing units which are special suitable in wet and harsh environments.","og_url":"https:\/\/nhkmachineryparts.com\/es\/producto\/unidades-de-cojinetes-de-bloque-de-almohada-con-base-roscada-a-prueba-de-agua-ip67\/","og_site_name":"NHK Machinery Parts","article_publisher":"https:\/\/www.facebook.com\/NHK.Group.aps","article_modified_time":"2026-02-23T13:08:17+00:00","og_image":[{"width":1000,"height":1000,"url":"https:\/\/nhkmachineryparts.com\/wp-content\/uploads\/2022\/09\/Waterproof-tapped-base-pillow-block-bearing-units-with-spherical-inserts-IP67.jpg","type":"image\/jpeg"}],"twitter_card":"summary_large_image","twitter_misc":{"Tiempo de lectura":"4 minutos"},"schema":{"@context":"https:\/\/schema.org","@graph":[{"@type":"WebPage","@id":"https:\/\/nhkmachineryparts.com\/product\/ip67-waterproof-tapped-base-pillow-block-bearing-units\/","url":"https:\/\/nhkmachineryparts.com\/product\/ip67-waterproof-tapped-base-pillow-block-bearing-units\/","name":"IP67 Waterproof tapped base pillow block bearing units |","isPartOf":{"@id":"https:\/\/nhkmachineryparts.com\/#website"},"primaryImageOfPage":{"@id":"https:\/\/nhkmachineryparts.com\/product\/ip67-waterproof-tapped-base-pillow-block-bearing-units\/#primaryimage"},"image":{"@id":"https:\/\/nhkmachineryparts.com\/product\/ip67-waterproof-tapped-base-pillow-block-bearing-units\/#primaryimage"},"thumbnailUrl":"https:\/\/nhkmachineryparts.com\/wp-content\/uploads\/2022\/09\/Waterproof-tapped-base-pillow-block-bearing-units-with-spherical-inserts-IP67.jpg","datePublished":"2022-09-24T18:13:36+00:00","dateModified":"2026-02-23T13:08:17+00:00","description":"Unidades de cojinetes de chumacera con base roscada IP67 resistentes al vapor, impermeables y resistentes a la corrosi\u00f3n, especialmente adecuadas en entornos h\u00famedos y hostiles.","breadcrumb":{"@id":"https:\/\/nhkmachineryparts.com\/product\/ip67-waterproof-tapped-base-pillow-block-bearing-units\/#breadcrumb"},"inLanguage":"es","potentialAction":[{"@type":"ReadAction","target":["https:\/\/nhkmachineryparts.com\/product\/ip67-waterproof-tapped-base-pillow-block-bearing-units\/"]}]},{"@type":"ImageObject","inLanguage":"es","@id":"https:\/\/nhkmachineryparts.com\/product\/ip67-waterproof-tapped-base-pillow-block-bearing-units\/#primaryimage","url":"https:\/\/nhkmachineryparts.com\/wp-content\/uploads\/2022\/09\/Waterproof-tapped-base-pillow-block-bearing-units-with-spherical-inserts-IP67.jpg","contentUrl":"https:\/\/nhkmachineryparts.com\/wp-content\/uploads\/2022\/09\/Waterproof-tapped-base-pillow-block-bearing-units-with-spherical-inserts-IP67.jpg","width":1000,"height":1000,"caption":"Waterproof tapped base pillow block bearing units with spherical inserts IP67"},{"@type":"BreadcrumbList","@id":"https:\/\/nhkmachineryparts.com\/product\/ip67-waterproof-tapped-base-pillow-block-bearing-units\/#breadcrumb","itemListElement":[{"@type":"ListItem","position":1,"name":"Home","item":"https:\/\/nhkmachineryparts.com\/"},{"@type":"ListItem","position":2,"name":"Product line","item":"https:\/\/nhkmachineryparts.com\/product-line\/"},{"@type":"ListItem","position":3,"name":"IP67 Waterproof bearing house units","item":"https:\/\/nhkmachineryparts.com\/product-line\/ip67-waterproof-bearing-house-units\/"},{"@type":"ListItem","position":4,"name":"IP67 Waterproof tapped base pillow block bearing units"}]},{"@type":"WebSite","@id":"https:\/\/nhkmachineryparts.com\/#website","url":"https:\/\/nhkmachineryparts.com\/","name":"Piezas de maquinaria NHK","description":"Casas de rodamiento, pies niveladores s\u00edsmicos y ruedas niveladoras","publisher":{"@id":"https:\/\/nhkmachineryparts.com\/#organization"},"potentialAction":[{"@type":"SearchAction","target":{"@type":"EntryPoint","urlTemplate":"https:\/\/nhkmachineryparts.com\/?s={search_term_string}"},"query-input":{"@type":"PropertyValueSpecification","valueRequired":true,"valueName":"search_term_string"}}],"inLanguage":"es"},{"@type":"Organization","@id":"https:\/\/nhkmachineryparts.com\/#organization","name":"Grupo Nhk ApS","url":"https:\/\/nhkmachineryparts.com\/","logo":{"@type":"ImageObject","inLanguage":"es","@id":"https:\/\/nhkmachineryparts.com\/#\/schema\/logo\/image\/","url":"https:\/\/nhkmachineryparts.com\/wp-content\/uploads\/2022\/09\/NHKgroup_social.jpg","contentUrl":"https:\/\/nhkmachineryparts.com\/wp-content\/uploads\/2022\/09\/NHKgroup_social.jpg","width":1200,"height":630,"caption":"Nhk Group ApS"},"image":{"@id":"https:\/\/nhkmachineryparts.com\/#\/schema\/logo\/image\/"},"sameAs":["https:\/\/www.facebook.com\/NHK.Group.aps"]}]}},"_links":{"self":[{"href":"https:\/\/nhkmachineryparts.com\/es\/wp-json\/wp\/v2\/product\/1529","targetHints":{"allow":["GET"]}}],"collection":[{"href":"https:\/\/nhkmachineryparts.com\/es\/wp-json\/wp\/v2\/product"}],"about":[{"href":"https:\/\/nhkmachineryparts.com\/es\/wp-json\/wp\/v2\/types\/product"}],"wp:featuredmedia":[{"embeddable":true,"href":"https:\/\/nhkmachineryparts.com\/es\/wp-json\/wp\/v2\/media\/8899"}],"wp:attachment":[{"href":"https:\/\/nhkmachineryparts.com\/es\/wp-json\/wp\/v2\/media?parent=1529"}],"wp:term":[{"taxonomy":"product_brand","embeddable":true,"href":"https:\/\/nhkmachineryparts.com\/es\/wp-json\/wp\/v2\/product_brand?post=1529"},{"taxonomy":"product_cat","embeddable":true,"href":"https:\/\/nhkmachineryparts.com\/es\/wp-json\/wp\/v2\/product_cat?post=1529"},{"taxonomy":"product_tag","embeddable":true,"href":"https:\/\/nhkmachineryparts.com\/es\/wp-json\/wp\/v2\/product_tag?post=1529"}],"curies":[{"name":"Gracias","href":"https:\/\/api.w.org\/{rel}","templated":true}]}}