{"id":1331,"date":"2022-09-20T19:23:06","date_gmt":"2022-09-20T19:23:06","guid":{"rendered":"https:\/\/nhkmachineryparts.pawsfabrik.dk\/?post_type=product&#038;p=1331"},"modified":"2026-02-27T15:52:33","modified_gmt":"2026-02-27T13:52:33","slug":"301-pies-de-maquina-en-diseno-higienico-sellado-shmf-con-placa-de-bloqueo-de-piso","status":"publish","type":"product","link":"https:\/\/nhkmachineryparts.com\/es\/product\/301-machine-feet-in-sealed-hygienic-design-shmf-with-floor-lock-plate\/","title":{"rendered":"3-A machine feet with floor lock plate\u00a0"},"content":{"rendered":"<section class=\"vc_row vc_custom_1662993827263 liquid-row-shadowbox-69d39adad10c1 vc_column-gap-0\"><div class=\"ld-container container\"><div class=\"row ld-row ld-row-outer\"><div class=\"wpb_column vc_column_container vc_col-sm-12 liquid-column-69d39adad12ee\"><div class=\"vc_column-inner\" ><div class=\"wpb_wrapper\"  >\n\t<div class=\"wpb_text_column wpb_content_element\" >\n\t\t<div class=\"wpb_wrapper\">\n\t\t\t<h2>Dise\u00f1ado para una limpieza industrial sin concesiones<\/h2>\n<p><a href=\"https:\/\/nhkmachineryparts.com\/es\/producto\/301-pies-de-maquina-en-diseno-higienico-sellado-shmf-con-placa-de-bloqueo-de-piso\/\" data-internallinksmanager029f6b8e52c=\"20\" title=\"pies de m\u00e1quina\">Pies de m\u00e1quina<\/a> En dise\u00f1o higi\u00e9nico sellado con base de goma para reducci\u00f3n de vibraciones y propiedades antideslizantes<br \/>\nNuestras patas de m\u00e1quina higi\u00e9nicas selladas cuentan con un certificado de la FDA (FDA CFR 21 177 2600) con un n\u00famero de identificaci\u00f3n de lote \u00fanico para la trazabilidad de la seguridad alimentaria.<\/p>\n<p><a href=\"https:\/\/nhkmachineryparts.com\/es\/comercio\/linea-de-producto\/pies-niveladores-para-maquinas-en-diseno-higienico\/sanitary-machine-feet-with-protected-spindle\/\">Pruebe nuestro selector de productos<\/a><\/p>\n<h3>Pies de m\u00e1quina con dise\u00f1o higi\u00e9nico sellado caracter\u00edsticas y ventajas<\/h3>\n<p>Los pies de m\u00e1quina higi\u00e9nicos sellados tienen un dise\u00f1o redondeado e higi\u00e9nico que facilita su limpieza.<br \/>\nLos pies de m\u00e1quina higi\u00e9nicos sellados pueden soportar pendientes de hasta 10 grados en pisos y equipos.<\/p>\n<h3>Pies de m\u00e1quina en materiales de dise\u00f1o higi\u00e9nico sellados.<\/h3>\n<p>Pies de m\u00e1quina higi\u00e9nicos sellados, pieza de caucho vulcanizado con certificado FDA seg\u00fan FDA CFR 21 177 2600.<\/p>\n<p>Descripci\u00f3n del material de la placa base:<br \/>\nAcero inoxidable Aisi 304 o Aisi 316<\/p>\n<p>Descripci\u00f3n del material del husillo:<br \/>\nAcero inoxidable A2-70 o A4-70<\/p>\n<p>Descripci\u00f3n del material base de caucho:<br \/>\nCaucho NBR (caucho de nitrilo CAS no. 9005-98-5)<br \/>\nCertificado FDA seg\u00fan FDA CFR 21 177 2600<\/p>\n<p>Todos los materiales son altamente resistentes a los productos qu\u00edmicos y agentes de limpieza com\u00fanmente utilizados, as\u00ed como a aceites y grasas resistentes.<\/p>\n<h3>Pies de m\u00e1quina en tama\u00f1os de dise\u00f1o higi\u00e9nico sellados<\/h3>\n<p>Las bases de pies de m\u00e1quina higi\u00e9nicas selladas est\u00e1n disponibles en una amplia gama, lo que brinda una flexibilidad y una elecci\u00f3n \u00f3ptimas.<\/p>\n<table class=\"dcf-table dcf-table-responsive dcf-table-bordered dcf-w-100%\">\n<thead>\n<tr>\n<th scope=\"col\">Tipo de base<\/th>\n<th scope=\"col\">Di\u00e1metro de la base D<\/th>\n<th scope=\"col\">Nom. Carga<\/th>\n<\/tr>\n<\/thead>\n<tbody>\n<tr>\n<td data-label=\"HMF Base Size\">HMF 61<\/td>\n<td data-label=\"Base Diameter D\">60mm<\/td>\n<td data-label=\"Nom. Load \">7.000 norte<\/td>\n<\/tr>\n<tr>\n<td data-label=\"HMF Base Size\">HMF 81<\/td>\n<td data-label=\"Base Diameter D\">80mm<\/td>\n<td data-label=\"Nom. Load \">15.000 norte<\/td>\n<\/tr>\n<tr>\n<td data-label=\"HMF Base Size\">HMF 101<\/td>\n<td data-label=\"Base Diameter D\">100mm<\/td>\n<td data-label=\"Nom. Load \">20.000 norte<\/td>\n<\/tr>\n<tr>\n<td data-label=\"HMF Base Size\">HMF 121<\/td>\n<td data-label=\"Base Diameter D\">120mm<\/td>\n<td data-label=\"Nom. Load \">30.000 norte<\/td>\n<\/tr>\n<\/tbody>\n<\/table>\n<p>Los pies de m\u00e1quina higi\u00e9nicos sellados con husillo y funda protectora est\u00e1n disponibles en una amplia gama, lo que brinda una flexibilidad y una elecci\u00f3n \u00f3ptimas.<\/p>\n<div class=\"dcf-overflow-x-auto\" tabindex=\"0\">\n<table class=\"dcf-table dcf-table-bordered dcf-w-100%\">\n<caption>SHMF Di\u00e1metro del husillo y manguito<\/caption>\n<tbody>\n<tr>\n<td>M16<\/td>\n<td>M20<\/td>\n<td>M24<\/td>\n<td>M30<\/td>\n<td>M36<\/td>\n<td>M42<\/td>\n<td>M48<\/td>\n<\/tr>\n<\/tbody>\n<\/table>\n<\/div>\n<div class=\"dcf-overflow-x-auto\" tabindex=\"0\">\n<table class=\"dcf-table dcf-table-bordered dcf-w-100%\">\n<caption>SHMF Longitud del husillo (L) y longitud de la manga (H)<\/caption>\n<tbody>\n<tr>\n<td>Largo=135 mm Alto=55 mm<\/td>\n<td>M\u00ednimo 80 mm a m\u00e1ximo 120 mm<\/td>\n<\/tr>\n<tr>\n<td>Largo=175 mm Alto=75 mm<\/td>\n<td>M\u00ednimo 100 mm a m\u00e1ximo 160 mm<\/td>\n<\/tr>\n<tr>\n<td>Largo=215 mm Alto=95 mm<\/td>\n<td>M\u00ednimo 120 mm a m\u00e1ximo 200 mm<\/td>\n<\/tr>\n<tr>\n<td>Largo=255 mm Alto=115 mm<\/td>\n<td>M\u00ednimo 140 mm a m\u00e1ximo 240 mm<\/td>\n<\/tr>\n<tr>\n<td>Largo=295 mm Alto=125 mm<\/td>\n<td>M\u00ednimo 180 mm a m\u00e1ximo 280 mm<\/td>\n<\/tr>\n<\/tbody>\n<\/table>\n<\/div>\n<p>Para otras longitudes de husillo roscado (L), cons\u00faltenos<br \/>\nRoscas en pulgadas est\u00e1n disponibles bajo pedido.<br \/>\nLa rosca tambi\u00e9n se puede personalizar seg\u00fan una solicitud espec\u00edfica, rosca extra trapezoidal, etc.<\/p>\n<h3>Pies de m\u00e1quina en opci\u00f3n de entrega de dise\u00f1o higi\u00e9nico sellado<\/h3>\n<p>Para pedidos grandes ofrecemos suministrar la base y los husillos por separado.<br \/>\nLa ventaja es la flexibilidad para el cliente que utiliza muchos tama\u00f1os diferentes de husillos.<\/p>\n<h2 data-start=\"0\" data-end=\"100\">Patas de m\u00e1quina higi\u00e9nicas con placa de bloqueo al suelo y husillo protegido sellado<\/h2>\n<h3 data-start=\"0\" data-end=\"100\">Revolucionando la higiene de los equipos<\/h3>\n<p data-start=\"143\" data-end=\"504\">En el acelerado entorno industrial actual, mantener la higiene de los equipos es esencial para la productividad y la seguridad. Nuestros innovadores pies de m\u00e1quina higi\u00e9nicos est\u00e1n dise\u00f1ados con ingenier\u00eda de precisi\u00f3n para cumplir con los est\u00e1ndares sanitarios m\u00e1s estrictos. Esta soluci\u00f3n a medida garantiza un riesgo m\u00ednimo de contaminaci\u00f3n y es ideal para <a href=\"https:\/\/nhkmachineryparts.com\/es\/our-industries\/\" data-internallinksmanager029f6b8e52c=\"4\" title=\"Nuestras industrias\">industrias<\/a> requiriendo estrictos protocolos de limpieza.<\/p>\n<h3 data-start=\"506\" data-end=\"543\">Dise\u00f1o innovador de placa de bloqueo de piso<\/h3>\n<p data-start=\"544\" data-end=\"908\">La placa de bloqueo del suelo integrada proporciona una estabilidad excepcional y evita movimientos no deseados durante el funcionamiento. Su dise\u00f1o robusto permite que la m\u00e1quina permanezca segura en su lugar incluso en condiciones de alto estr\u00e9s. Esta caracter\u00edstica no solo mejora la seguridad, sino que tambi\u00e9n contribuye a un proceso de producci\u00f3n m\u00e1s eficiente al reducir el tiempo de inactividad asociado con los cambios de equipo.<\/p>\n<h3 data-start=\"910\" data-end=\"946\">Husillo avanzado sellado y protegido<\/h3>\n<p data-start=\"947\" data-end=\"1334\">En el coraz\u00f3n de esta tecnolog\u00eda innovadora se encuentra el husillo protegido y sellado. El avanzado sistema de sellado protege el husillo del polvo, la humedad y otros contaminantes. Esta protecci\u00f3n extiende la vida \u00fatil de los componentes cr\u00edticos y minimiza las necesidades de mantenimiento. El dise\u00f1o seguro del husillo es esencial para lograr un rendimiento \u00f3ptimo en entornos donde la higiene es una prioridad m\u00e1xima.<\/p>\n<h3 data-start=\"1336\" data-end=\"1374\">Mayor rendimiento y durabilidad<\/h3>\n<p data-start=\"1375\" data-end=\"2256\" data-is-last-node=\"\" data-is-only-node=\"\">Al combinar patas de m\u00e1quina higi\u00e9nicas con una placa de bloqueo de piso confiable y un husillo protegido y sellado, las empresas pueden lograr una mayor eficiencia operativa y seguridad. Este enfoque de dise\u00f1o hol\u00edstico aborda tanto el rendimiento como la durabilidad, lo que garantiza que el equipo permanezca limpio y funcional a lo largo del tiempo. Las soluciones de ingenier\u00eda a medida est\u00e1n dise\u00f1adas para satisfacer las demandas de diversas aplicaciones industriales, lo que las convierte en una inversi\u00f3n inteligente para empresas con visi\u00f3n de futuro comprometidas con mantener los m\u00e1s altos est\u00e1ndares de limpieza y rendimiento.<\/p>\n<h3 data-start=\"1375\" data-end=\"2256\">Garantizar la estabilidad y aumentar la eficiencia<\/h3>\n<p data-start=\"1375\" data-end=\"2256\" data-is-last-node=\"\" data-is-only-node=\"\">Esta soluci\u00f3n avanzada no solo cumple con los rigurosos requisitos de higiene industrial, sino que tambi\u00e9n aumenta la confiabilidad operativa y la rentabilidad, lo que proporciona una ventaja competitiva en el desafiante mercado actual. Dise\u00f1ados para durar y ser f\u00e1ciles de mantener, estos componentes son un testimonio de la calidad de la fabricaci\u00f3n y el dise\u00f1o innovador.<\/p>\n\n\t\t<\/div>\n\t<\/div>\n<\/div><\/div><\/div><\/div><\/div><\/section>","protected":false},"excerpt":{"rendered":"Engineered for Uncompromised Industrial Cleanliness Machine feet in sealed hygienic design with rubber base for vibration reduction and anti-slip properties Our sealed hygienic machine feet are provided with FDA certificate (FDA CFR 21 177 2600) with unique batch ID number for food safety traceability Try our product selector Machine feet in sealed hygienic design features [...]","protected":false},"featured_media":11306,"template":"","meta":[],"product_brand":[],"product_cat":[98],"product_tag":[],"class_list":{"0":"post-1331","1":"product","2":"type-product","3":"status-publish","4":"has-post-thumbnail","6":"product_cat-ehedg-certified-3a-ssi-standard-components","8":"first","9":"instock","10":"shipping-taxable","11":"product-type-simple"},"yoast_head":"<!-- This site is optimized with the Yoast SEO plugin v27.3 - https:\/\/yoast.com\/product\/yoast-seo-wordpress\/ -->\n<title>3-A machine feet with floor lock plate\u00a0 | NHK Machinery Parts<\/title>\n<meta name=\"description\" content=\"Transform your industrial workspace with our bespoke hygienic machine feet. Engineered for optimal stability, unrivaled cleanliness, and peak performance.\" \/>\n<meta name=\"robots\" content=\"index, follow, max-snippet:-1, max-image-preview:large, max-video-preview:-1\" \/>\n<link rel=\"canonical\" href=\"https:\/\/nhkmachineryparts.com\/es\/producto\/301-pies-de-maquina-en-diseno-higienico-sellado-shmf-con-placa-de-bloqueo-de-piso\/\" \/>\n<meta property=\"og:locale\" content=\"es_ES\" \/>\n<meta property=\"og:type\" content=\"article\" \/>\n<meta property=\"og:title\" content=\"3-A machine feet with floor lock plate\u00a0 | NHK Machinery Parts\" \/>\n<meta property=\"og:description\" content=\"Transform your industrial workspace with our bespoke hygienic machine feet. Engineered for optimal stability, unrivaled cleanliness, and peak performance.\" \/>\n<meta property=\"og:url\" content=\"https:\/\/nhkmachineryparts.com\/es\/producto\/301-pies-de-maquina-en-diseno-higienico-sellado-shmf-con-placa-de-bloqueo-de-piso\/\" \/>\n<meta property=\"og:site_name\" content=\"NHK Machinery Parts\" \/>\n<meta property=\"article:publisher\" content=\"https:\/\/www.facebook.com\/NHK.Group.aps\" \/>\n<meta property=\"article:modified_time\" content=\"2026-02-27T13:52:33+00:00\" \/>\n<meta property=\"og:image\" content=\"https:\/\/nhkmachineryparts.com\/wp-content\/uploads\/2022\/09\/Levelling-feet-in-extra-hygienic-design-SHLF-with-black-rubber-with-floor-lock-plate-and-spindle-with-protecting-sleeve.jpg\" \/>\n\t<meta property=\"og:image:width\" content=\"1000\" \/>\n\t<meta property=\"og:image:height\" content=\"1000\" \/>\n\t<meta property=\"og:image:type\" content=\"image\/jpeg\" \/>\n<meta name=\"twitter:card\" content=\"summary_large_image\" \/>\n<meta name=\"twitter:label1\" content=\"Tiempo de lectura\" \/>\n\t<meta name=\"twitter:data1\" content=\"4 minutos\" \/>\n<script type=\"application\/ld+json\" class=\"yoast-schema-graph\">{\"@context\":\"https:\\\/\\\/schema.org\",\"@graph\":[{\"@type\":\"WebPage\",\"@id\":\"https:\\\/\\\/nhkmachineryparts.com\\\/product\\\/301-machine-feet-in-sealed-hygienic-design-shmf-with-floor-lock-plate\\\/\",\"url\":\"https:\\\/\\\/nhkmachineryparts.com\\\/product\\\/301-machine-feet-in-sealed-hygienic-design-shmf-with-floor-lock-plate\\\/\",\"name\":\"3-A machine feet with floor lock plate\u00a0 | NHK Machinery Parts\",\"isPartOf\":{\"@id\":\"https:\\\/\\\/nhkmachineryparts.com\\\/#website\"},\"primaryImageOfPage\":{\"@id\":\"https:\\\/\\\/nhkmachineryparts.com\\\/product\\\/301-machine-feet-in-sealed-hygienic-design-shmf-with-floor-lock-plate\\\/#primaryimage\"},\"image\":{\"@id\":\"https:\\\/\\\/nhkmachineryparts.com\\\/product\\\/301-machine-feet-in-sealed-hygienic-design-shmf-with-floor-lock-plate\\\/#primaryimage\"},\"thumbnailUrl\":\"https:\\\/\\\/nhkmachineryparts.com\\\/wp-content\\\/uploads\\\/2022\\\/09\\\/Levelling-feet-in-extra-hygienic-design-SHLF-with-black-rubber-with-floor-lock-plate-and-spindle-with-protecting-sleeve.jpg\",\"datePublished\":\"2022-09-20T19:23:06+00:00\",\"dateModified\":\"2026-02-27T13:52:33+00:00\",\"description\":\"Transform your industrial workspace with our bespoke hygienic machine feet. Engineered for optimal stability, unrivaled cleanliness, and peak performance.\",\"breadcrumb\":{\"@id\":\"https:\\\/\\\/nhkmachineryparts.com\\\/product\\\/301-machine-feet-in-sealed-hygienic-design-shmf-with-floor-lock-plate\\\/#breadcrumb\"},\"inLanguage\":\"es\",\"potentialAction\":[{\"@type\":\"ReadAction\",\"target\":[\"https:\\\/\\\/nhkmachineryparts.com\\\/product\\\/301-machine-feet-in-sealed-hygienic-design-shmf-with-floor-lock-plate\\\/\"]}]},{\"@type\":\"ImageObject\",\"inLanguage\":\"es\",\"@id\":\"https:\\\/\\\/nhkmachineryparts.com\\\/product\\\/301-machine-feet-in-sealed-hygienic-design-shmf-with-floor-lock-plate\\\/#primaryimage\",\"url\":\"https:\\\/\\\/nhkmachineryparts.com\\\/wp-content\\\/uploads\\\/2022\\\/09\\\/Levelling-feet-in-extra-hygienic-design-SHLF-with-black-rubber-with-floor-lock-plate-and-spindle-with-protecting-sleeve.jpg\",\"contentUrl\":\"https:\\\/\\\/nhkmachineryparts.com\\\/wp-content\\\/uploads\\\/2022\\\/09\\\/Levelling-feet-in-extra-hygienic-design-SHLF-with-black-rubber-with-floor-lock-plate-and-spindle-with-protecting-sleeve.jpg\",\"width\":1000,\"height\":1000,\"caption\":\"Levelling feet in extra hygienic design SHLF with black rubber with floor lock plate and spindle with protecting sleeve\"},{\"@type\":\"BreadcrumbList\",\"@id\":\"https:\\\/\\\/nhkmachineryparts.com\\\/product\\\/301-machine-feet-in-sealed-hygienic-design-shmf-with-floor-lock-plate\\\/#breadcrumb\",\"itemListElement\":[{\"@type\":\"ListItem\",\"position\":1,\"name\":\"Home\",\"item\":\"https:\\\/\\\/nhkmachineryparts.com\\\/\"},{\"@type\":\"ListItem\",\"position\":2,\"name\":\"Product line\",\"item\":\"https:\\\/\\\/nhkmachineryparts.com\\\/product-line\\\/\"},{\"@type\":\"ListItem\",\"position\":3,\"name\":\"Certified EHEDG standard components\",\"item\":\"https:\\\/\\\/nhkmachineryparts.com\\\/product-line\\\/ehedg-certified-3a-ssi-standard-components\\\/\"},{\"@type\":\"ListItem\",\"position\":4,\"name\":\"3-A machine feet with floor lock plate\u00a0\"}]},{\"@type\":\"WebSite\",\"@id\":\"https:\\\/\\\/nhkmachineryparts.com\\\/#website\",\"url\":\"https:\\\/\\\/nhkmachineryparts.com\\\/\",\"name\":\"NHK Machinery Parts\",\"description\":\"Bearing Houses, seismic levelling feet and levelling castors\",\"publisher\":{\"@id\":\"https:\\\/\\\/nhkmachineryparts.com\\\/#organization\"},\"potentialAction\":[{\"@type\":\"SearchAction\",\"target\":{\"@type\":\"EntryPoint\",\"urlTemplate\":\"https:\\\/\\\/nhkmachineryparts.com\\\/?s={search_term_string}\"},\"query-input\":{\"@type\":\"PropertyValueSpecification\",\"valueRequired\":true,\"valueName\":\"search_term_string\"}}],\"inLanguage\":\"es\"},{\"@type\":\"Organization\",\"@id\":\"https:\\\/\\\/nhkmachineryparts.com\\\/#organization\",\"name\":\"Nhk Group ApS\",\"url\":\"https:\\\/\\\/nhkmachineryparts.com\\\/\",\"logo\":{\"@type\":\"ImageObject\",\"inLanguage\":\"es\",\"@id\":\"https:\\\/\\\/nhkmachineryparts.com\\\/#\\\/schema\\\/logo\\\/image\\\/\",\"url\":\"https:\\\/\\\/nhkmachineryparts.com\\\/wp-content\\\/uploads\\\/2022\\\/09\\\/NHKgroup_social.jpg\",\"contentUrl\":\"https:\\\/\\\/nhkmachineryparts.com\\\/wp-content\\\/uploads\\\/2022\\\/09\\\/NHKgroup_social.jpg\",\"width\":1200,\"height\":630,\"caption\":\"Nhk Group ApS\"},\"image\":{\"@id\":\"https:\\\/\\\/nhkmachineryparts.com\\\/#\\\/schema\\\/logo\\\/image\\\/\"},\"sameAs\":[\"https:\\\/\\\/www.facebook.com\\\/NHK.Group.aps\"]}]}<\/script>\n<!-- \/ Yoast SEO plugin. -->","yoast_head_json":{"title":"3-A machine feet with floor lock plate\u00a0 | NHK Machinery Parts","description":"Transforme su espacio de trabajo industrial con nuestros pies de m\u00e1quina higi\u00e9nicos hechos a medida. Dise\u00f1ados para lograr una estabilidad \u00f3ptima, una limpieza inigualable y un rendimiento m\u00e1ximo.","robots":{"index":"index","follow":"follow","max-snippet":"max-snippet:-1","max-image-preview":"max-image-preview:large","max-video-preview":"max-video-preview:-1"},"canonical":"https:\/\/nhkmachineryparts.com\/es\/producto\/301-pies-de-maquina-en-diseno-higienico-sellado-shmf-con-placa-de-bloqueo-de-piso\/","og_locale":"es_ES","og_type":"article","og_title":"3-A machine feet with floor lock plate\u00a0 | NHK Machinery Parts","og_description":"Transform your industrial workspace with our bespoke hygienic machine feet. Engineered for optimal stability, unrivaled cleanliness, and peak performance.","og_url":"https:\/\/nhkmachineryparts.com\/es\/producto\/301-pies-de-maquina-en-diseno-higienico-sellado-shmf-con-placa-de-bloqueo-de-piso\/","og_site_name":"NHK Machinery Parts","article_publisher":"https:\/\/www.facebook.com\/NHK.Group.aps","article_modified_time":"2026-02-27T13:52:33+00:00","og_image":[{"width":1000,"height":1000,"url":"https:\/\/nhkmachineryparts.com\/wp-content\/uploads\/2022\/09\/Levelling-feet-in-extra-hygienic-design-SHLF-with-black-rubber-with-floor-lock-plate-and-spindle-with-protecting-sleeve.jpg","type":"image\/jpeg"}],"twitter_card":"summary_large_image","twitter_misc":{"Tiempo de lectura":"4 minutos"},"schema":{"@context":"https:\/\/schema.org","@graph":[{"@type":"WebPage","@id":"https:\/\/nhkmachineryparts.com\/product\/301-machine-feet-in-sealed-hygienic-design-shmf-with-floor-lock-plate\/","url":"https:\/\/nhkmachineryparts.com\/product\/301-machine-feet-in-sealed-hygienic-design-shmf-with-floor-lock-plate\/","name":"3-A machine feet with floor lock plate\u00a0 | NHK Machinery Parts","isPartOf":{"@id":"https:\/\/nhkmachineryparts.com\/#website"},"primaryImageOfPage":{"@id":"https:\/\/nhkmachineryparts.com\/product\/301-machine-feet-in-sealed-hygienic-design-shmf-with-floor-lock-plate\/#primaryimage"},"image":{"@id":"https:\/\/nhkmachineryparts.com\/product\/301-machine-feet-in-sealed-hygienic-design-shmf-with-floor-lock-plate\/#primaryimage"},"thumbnailUrl":"https:\/\/nhkmachineryparts.com\/wp-content\/uploads\/2022\/09\/Levelling-feet-in-extra-hygienic-design-SHLF-with-black-rubber-with-floor-lock-plate-and-spindle-with-protecting-sleeve.jpg","datePublished":"2022-09-20T19:23:06+00:00","dateModified":"2026-02-27T13:52:33+00:00","description":"Transforme su espacio de trabajo industrial con nuestros pies de m\u00e1quina higi\u00e9nicos hechos a medida. Dise\u00f1ados para lograr una estabilidad \u00f3ptima, una limpieza inigualable y un rendimiento m\u00e1ximo.","breadcrumb":{"@id":"https:\/\/nhkmachineryparts.com\/product\/301-machine-feet-in-sealed-hygienic-design-shmf-with-floor-lock-plate\/#breadcrumb"},"inLanguage":"es","potentialAction":[{"@type":"ReadAction","target":["https:\/\/nhkmachineryparts.com\/product\/301-machine-feet-in-sealed-hygienic-design-shmf-with-floor-lock-plate\/"]}]},{"@type":"ImageObject","inLanguage":"es","@id":"https:\/\/nhkmachineryparts.com\/product\/301-machine-feet-in-sealed-hygienic-design-shmf-with-floor-lock-plate\/#primaryimage","url":"https:\/\/nhkmachineryparts.com\/wp-content\/uploads\/2022\/09\/Levelling-feet-in-extra-hygienic-design-SHLF-with-black-rubber-with-floor-lock-plate-and-spindle-with-protecting-sleeve.jpg","contentUrl":"https:\/\/nhkmachineryparts.com\/wp-content\/uploads\/2022\/09\/Levelling-feet-in-extra-hygienic-design-SHLF-with-black-rubber-with-floor-lock-plate-and-spindle-with-protecting-sleeve.jpg","width":1000,"height":1000,"caption":"Levelling feet in extra hygienic design SHLF with black rubber with floor lock plate and spindle with protecting sleeve"},{"@type":"BreadcrumbList","@id":"https:\/\/nhkmachineryparts.com\/product\/301-machine-feet-in-sealed-hygienic-design-shmf-with-floor-lock-plate\/#breadcrumb","itemListElement":[{"@type":"ListItem","position":1,"name":"Home","item":"https:\/\/nhkmachineryparts.com\/"},{"@type":"ListItem","position":2,"name":"Product line","item":"https:\/\/nhkmachineryparts.com\/product-line\/"},{"@type":"ListItem","position":3,"name":"Certified EHEDG standard components","item":"https:\/\/nhkmachineryparts.com\/product-line\/ehedg-certified-3a-ssi-standard-components\/"},{"@type":"ListItem","position":4,"name":"3-A machine feet with floor lock plate\u00a0"}]},{"@type":"WebSite","@id":"https:\/\/nhkmachineryparts.com\/#website","url":"https:\/\/nhkmachineryparts.com\/","name":"Piezas de maquinaria NHK","description":"Casas de rodamiento, pies niveladores s\u00edsmicos y ruedas niveladoras","publisher":{"@id":"https:\/\/nhkmachineryparts.com\/#organization"},"potentialAction":[{"@type":"SearchAction","target":{"@type":"EntryPoint","urlTemplate":"https:\/\/nhkmachineryparts.com\/?s={search_term_string}"},"query-input":{"@type":"PropertyValueSpecification","valueRequired":true,"valueName":"search_term_string"}}],"inLanguage":"es"},{"@type":"Organization","@id":"https:\/\/nhkmachineryparts.com\/#organization","name":"Grupo Nhk ApS","url":"https:\/\/nhkmachineryparts.com\/","logo":{"@type":"ImageObject","inLanguage":"es","@id":"https:\/\/nhkmachineryparts.com\/#\/schema\/logo\/image\/","url":"https:\/\/nhkmachineryparts.com\/wp-content\/uploads\/2022\/09\/NHKgroup_social.jpg","contentUrl":"https:\/\/nhkmachineryparts.com\/wp-content\/uploads\/2022\/09\/NHKgroup_social.jpg","width":1200,"height":630,"caption":"Nhk Group ApS"},"image":{"@id":"https:\/\/nhkmachineryparts.com\/#\/schema\/logo\/image\/"},"sameAs":["https:\/\/www.facebook.com\/NHK.Group.aps"]}]}},"_links":{"self":[{"href":"https:\/\/nhkmachineryparts.com\/es\/wp-json\/wp\/v2\/product\/1331","targetHints":{"allow":["GET"]}}],"collection":[{"href":"https:\/\/nhkmachineryparts.com\/es\/wp-json\/wp\/v2\/product"}],"about":[{"href":"https:\/\/nhkmachineryparts.com\/es\/wp-json\/wp\/v2\/types\/product"}],"wp:featuredmedia":[{"embeddable":true,"href":"https:\/\/nhkmachineryparts.com\/es\/wp-json\/wp\/v2\/media\/11306"}],"wp:attachment":[{"href":"https:\/\/nhkmachineryparts.com\/es\/wp-json\/wp\/v2\/media?parent=1331"}],"wp:term":[{"taxonomy":"product_brand","embeddable":true,"href":"https:\/\/nhkmachineryparts.com\/es\/wp-json\/wp\/v2\/product_brand?post=1331"},{"taxonomy":"product_cat","embeddable":true,"href":"https:\/\/nhkmachineryparts.com\/es\/wp-json\/wp\/v2\/product_cat?post=1331"},{"taxonomy":"product_tag","embeddable":true,"href":"https:\/\/nhkmachineryparts.com\/es\/wp-json\/wp\/v2\/product_tag?post=1331"}],"curies":[{"name":"Gracias","href":"https:\/\/api.w.org\/{rel}","templated":true}]}}