{"id":1297,"date":"2022-09-20T17:58:37","date_gmt":"2022-09-20T17:58:37","guid":{"rendered":"https:\/\/nhkmachineryparts.pawsfabrik.dk\/?post_type=product&#038;p=1297"},"modified":"2026-02-23T15:11:19","modified_gmt":"2026-02-23T13:11:19","slug":"211-pies-de-maquina-en-diseno-higienico-hmf-con-placa-de-bloqueo-de-piso","status":"publish","type":"product","link":"https:\/\/nhkmachineryparts.com\/es\/product\/211-machine-feet-in-hygienic-design-hmf-with-floor-lock-plate\/","title":{"rendered":"Pies de m\u00e1quina con placa de bloqueo de piso y husillo completamente roscado"},"content":{"rendered":"<section class=\"vc_row vc_custom_1662993827263 liquid-row-shadowbox-69d429ad12eab vc_column-gap-0\"><div class=\"ld-container container\"><div class=\"row ld-row ld-row-outer\"><div class=\"wpb_column vc_column_container vc_col-sm-12 liquid-column-69d429ad13067\"><div class=\"vc_column-inner\" ><div class=\"wpb_wrapper\"  >\n\t<div class=\"wpb_text_column wpb_content_element\" >\n\t\t<div class=\"wpb_wrapper\">\n\t\t\t<h2>Mejorando la estabilidad y la seguridad<\/h2>\n<p><a href=\"https:\/\/nhkmachineryparts.com\/es\/producto\/301-pies-de-maquina-en-diseno-higienico-sellado-shmf-con-placa-de-bloqueo-de-piso\/\" data-internallinksmanager029f6b8e52c=\"20\" title=\"pies de m\u00e1quina\">Pies de m\u00e1quina<\/a> con base de goma para reducci\u00f3n de vibraciones y propiedades antideslizantes<br \/>\nNuestros pies de m\u00e1quina est\u00e1n provistos de certificado FDA (FDA CFR 21 177 2600) con n\u00famero de identificaci\u00f3n de lote \u00fanico para trazabilidad de seguridad alimentaria.<\/p>\n<p><a href=\"https:\/\/nhkmachineryparts.com\/es\/comercio\/linea-de-producto\/pies-niveladores-para-maquinas-en-diseno-higienico\/machine-feet-with-fully-threaded-spindle\/\">Pruebe nuestro selector de productos<\/a><\/p>\n<h3>Caracter\u00edsticas y ventajas de los pies de m\u00e1quina<\/h3>\n<p>Las patas de la m\u00e1quina tienen un dise\u00f1o redondeado e higi\u00e9nico que facilita su limpieza.<br \/>\nLos pies de la m\u00e1quina pueden soportar pendientes de hasta 10 grados en pisos y equipos.<\/p>\n<h3>Materiales de dise\u00f1o para pies de m\u00e1quina<\/h3>\n<p>Pieza de caucho vulcanizado para pies de m\u00e1quina con certificado FDA seg\u00fan FDA CFR 21 177 2600.<\/p>\n<p>Descripci\u00f3n del material de la placa base:<br \/>\nAcero inoxidable Aisi 304 o Aisi 316<\/p>\n<p>Descripci\u00f3n del material del husillo:<br \/>\nAcero inoxidable A2-70 o A4-70<\/p>\n<p>Descripci\u00f3n del material base de caucho:<br \/>\nCaucho NBR (caucho de nitrilo CAS no. 9005-98-5)<br \/>\nCertificado FDA seg\u00fan FDA CFR 21 177 2600<\/p>\n<p>Todos los materiales son altamente resistentes a los productos qu\u00edmicos y agentes de limpieza com\u00fanmente utilizados, as\u00ed como a aceites y grasas resistentes.<\/p>\n<h3>Tama\u00f1os de pies de m\u00e1quina<\/h3>\n<p>Las bases de los pies de las m\u00e1quinas est\u00e1n disponibles en una amplia gama, lo que ofrece una flexibilidad y una elecci\u00f3n \u00f3ptimas.<\/p>\n<div class=\"dcf-overflow-x-auto\" tabindex=\"0\">\n<table class=\"dcf-table dcf-table-responsive dcf-table-bordered dcf-w-100%\">\n<thead>\n<tr>\n<th scope=\"col\">Base HMF<\/th>\n<th scope=\"col\">Di\u00e1metro de la base D<\/th>\n<th scope=\"col\">Nom. Carga<\/th>\n<\/tr>\n<\/thead>\n<tbody>\n<tr>\n<td data-label=\"HMF Base Size\">HMF 61<\/td>\n<td data-label=\"Base Diameter D\">60mm<\/td>\n<td data-label=\"Nom. Load \">7.000 norte<\/td>\n<\/tr>\n<tr>\n<td data-label=\"HMF Base Size\">HMF 81<\/td>\n<td data-label=\"Base Diameter D\">80mm<\/td>\n<td data-label=\"Nom. Load \">15.000 norte<\/td>\n<\/tr>\n<tr>\n<td data-label=\"HMF Base Size\">HMF 101<\/td>\n<td data-label=\"Base Diameter D\">100mm<\/td>\n<td data-label=\"Nom. Load \">20.000 norte<\/td>\n<\/tr>\n<tr>\n<td data-label=\"HMF Base Size\">HMF 121<\/td>\n<td data-label=\"Base Diameter D\">120mm<\/td>\n<td data-label=\"Nom. Load \">30.000 norte<\/td>\n<\/tr>\n<\/tbody>\n<\/table>\n<\/div>\n<p>Los husillos para pies de m\u00e1quina est\u00e1n disponibles en una amplia gama, lo que proporciona una flexibilidad y una elecci\u00f3n \u00f3ptimas.<\/p>\n<div class=\"dcf-overflow-x-auto\" tabindex=\"0\">\n<table class=\"dcf-table dcf-table-responsive dcf-table-bordered dcf-w-100%\">\n<caption>Roscas del husillo HMF<\/caption>\n<tbody>\n<tr>\n<td>M12<\/td>\n<td>M16<\/td>\n<td>M20<\/td>\n<td>M24<\/td>\n<td>M30<\/td>\n<td>M36<\/td>\n<td>M42<\/td>\n<td>M48<\/td>\n<\/tr>\n<\/tbody>\n<\/table>\n<\/div>\n<div class=\"dcf-overflow-x-auto\" tabindex=\"0\">\n<table class=\"dcf-table dcf-table-responsive dcf-table-bordered dcf-w-100%\">\n<caption>HMF Longitud del husillo (L)<\/caption>\n<tbody>\n<tr>\n<td>50mm<\/td>\n<td>70mm<\/td>\n<td>100mm<\/td>\n<td>120mm<\/td>\n<td>150mm<\/td>\n<td>180mm<\/td>\n<td>200 mm<\/td>\n<td>230 mm<\/td>\n<td>280 mm<\/td>\n<td>330 mm<\/td>\n<\/tr>\n<\/tbody>\n<\/table>\n<\/div>\n<p>Para otras longitudes de husillo roscado (L), cons\u00faltenos<br \/>\nRoscas en pulgadas est\u00e1n disponibles bajo pedido.<br \/>\nLa rosca tambi\u00e9n se puede personalizar seg\u00fan una solicitud espec\u00edfica, rosca extra trapezoidal, etc.<\/p>\n<h3>Opci\u00f3n de entrega de pies de m\u00e1quina<\/h3>\n<p>Para pedidos grandes ofrecemos suministrar la base y los husillos por separado.<br \/>\nLa ventaja es la flexibilidad para el cliente que utiliza muchos tama\u00f1os diferentes de husillos.<\/p>\n<h2 data-start=\"0\" data-end=\"99\"><strong data-start=\"0\" data-end=\"97\">Patas de m\u00e1quina con placa de bloqueo de piso y husillo totalmente roscado<\/strong><\/h2>\n<h3 data-start=\"101\" data-end=\"149\">Estabilidad \u00f3ptima para equipos pesados<\/h3>\n<p data-start=\"150\" data-end=\"581\">Los pies de m\u00e1quina con placa de bloqueo al suelo y husillo totalmente roscado son esenciales para garantizar la estabilidad en entornos industriales. Estos componentes est\u00e1n dise\u00f1ados para soportar maquinaria pesada, reduciendo las vibraciones y manteniendo el equilibrio durante el funcionamiento. La placa de bloqueo al suelo mejora la estabilidad al fijar la m\u00e1quina al suelo, lo que evita movimientos no deseados, mientras que el husillo totalmente roscado permite realizar ajustes de altura precisos.<\/p>\n<h3 data-start=\"583\" data-end=\"629\">Aplicaciones vers\u00e1tiles en todas las industrias<\/h3>\n<p data-start=\"630\" data-end=\"1052\">Estos pies de m\u00e1quina son ampliamente utilizados en <a href=\"https:\/\/nhkmachineryparts.com\/es\/our-industries\/\" data-internallinksmanager029f6b8e52c=\"4\" title=\"Nuestras industrias\">industrias<\/a> Como en el procesamiento de alimentos, la industria farmac\u00e9utica y la fabricaci\u00f3n. Su dise\u00f1o robusto garantiza la estabilidad del equipo, incluso en entornos con alta vibraci\u00f3n. El husillo totalmente roscado ofrece flexibilidad, lo que facilita el ajuste de la altura de la m\u00e1quina para un rendimiento \u00f3ptimo. Esta versatilidad es crucial para mantener la calidad del producto y garantizar la eficiencia operativa.<\/p>\n<h3 data-start=\"1054\" data-end=\"1106\">Construcci\u00f3n duradera para un rendimiento a largo plazo<\/h3>\n<p data-start=\"1107\" data-end=\"1460\">Fabricadas en acero inoxidable de alta calidad, las patas de la m\u00e1quina con placas de bloqueo al suelo son resistentes a la corrosi\u00f3n, lo que garantiza una larga vida \u00fatil en entornos hostiles. El husillo totalmente roscado est\u00e1 dise\u00f1ado para soportar cargas pesadas sin comprometer la estabilidad. Esta construcci\u00f3n duradera minimiza los requisitos de mantenimiento, lo que reduce el tiempo de inactividad y los costos operativos.<\/p>\n<h3 data-start=\"1462\" data-end=\"1501\">F\u00e1cil instalaci\u00f3n y mantenimiento<\/h3>\n<p data-start=\"1502\" data-end=\"1908\">El dise\u00f1o de estos pies de m\u00e1quina permite una instalaci\u00f3n r\u00e1pida y sencilla, lo que minimiza el tiempo de configuraci\u00f3n. El husillo totalmente roscado simplifica los ajustes de altura, mientras que la placa de bloqueo del suelo garantiza un posicionamiento seguro. El mantenimiento es sencillo y se requiere una limpieza m\u00ednima para mantener los componentes en condiciones \u00f3ptimas. Esta facilidad de uso los hace ideales para industrias donde la estabilidad del equipo es fundamental.<\/p>\n<h3 data-start=\"1502\" data-end=\"1908\">Maximice la estabilidad del equipo y mejore el rendimiento<\/h3>\n<p data-start=\"1927\" data-end=\"2346\" data-is-last-node=\"\" data-is-only-node=\"\">Los pies de m\u00e1quina con placas de bloqueo de piso y husillos totalmente roscados brindan la estabilidad y la capacidad de ajuste necesarias para mejorar el rendimiento del equipo. Su construcci\u00f3n duradera y dise\u00f1o vers\u00e1til los convierten en componentes esenciales en industrias donde la precisi\u00f3n y la confiabilidad son primordiales. Al garantizar que la maquinaria se mantenga estable y segura, estos componentes contribuyen a mejorar la seguridad, la eficiencia y la calidad del producto.<\/p>\n\n\t\t<\/div>\n\t<\/div>\n<\/div><\/div><\/div><\/div><\/div><\/section>","protected":false},"excerpt":{"rendered":"Enhancing Stability and Safety Machine feet with rubber base for vibration reduction and anti-slip properties Our machine feet are provided with FDA certificate (FDA CFR 21 177 2600) with unique batch ID number for food safety traceability Try our product selector Machine feet features and advantages Machine feet have a rounded, hygienic design which makes [...]","protected":false},"featured_media":11302,"template":"","meta":[],"product_brand":[],"product_cat":[18],"product_tag":[],"class_list":{"0":"post-1297","1":"product","2":"type-product","3":"status-publish","4":"has-post-thumbnail","6":"product_cat-stainless-steel-machine-levelling-feet","8":"first","9":"instock","10":"shipping-taxable","11":"product-type-simple"},"yoast_head":"<!-- This site is optimized with the Yoast SEO plugin v27.3 - https:\/\/yoast.com\/product\/yoast-seo-wordpress\/ -->\n<title>Machine feet with floor lock plate and fully-threaded spindle | NHK Machinery Parts<\/title>\n<meta name=\"description\" content=\"Achieve unparalleled stability and precision for your industrial equipment with machine feet featuring floor lock plates and fully-threaded spindles.\" \/>\n<meta name=\"robots\" content=\"index, follow, max-snippet:-1, max-image-preview:large, max-video-preview:-1\" \/>\n<link rel=\"canonical\" href=\"https:\/\/nhkmachineryparts.com\/es\/producto\/211-pies-de-maquina-en-diseno-higienico-hmf-con-placa-de-bloqueo-de-piso\/\" \/>\n<meta property=\"og:locale\" content=\"es_ES\" \/>\n<meta property=\"og:type\" content=\"article\" \/>\n<meta property=\"og:title\" content=\"Machine feet with floor lock plate and fully-threaded spindle | NHK Machinery Parts\" \/>\n<meta property=\"og:description\" content=\"Achieve unparalleled stability and precision for your industrial equipment with machine feet featuring floor lock plates and fully-threaded spindles.\" \/>\n<meta property=\"og:url\" content=\"https:\/\/nhkmachineryparts.com\/es\/producto\/211-pies-de-maquina-en-diseno-higienico-hmf-con-placa-de-bloqueo-de-piso\/\" \/>\n<meta property=\"og:site_name\" content=\"NHK Machinery Parts\" \/>\n<meta property=\"article:publisher\" content=\"https:\/\/www.facebook.com\/NHK.Group.aps\" \/>\n<meta property=\"article:modified_time\" content=\"2026-02-23T13:11:19+00:00\" \/>\n<meta property=\"og:image\" content=\"https:\/\/nhkmachineryparts.com\/wp-content\/uploads\/2022\/09\/Levelling-feet-in-extra-hygienic-design-HLF-with-bleck-rubber-with-floor-lock-plate-and-spindle.jpg\" \/>\n\t<meta property=\"og:image:width\" content=\"1000\" \/>\n\t<meta property=\"og:image:height\" content=\"1000\" \/>\n\t<meta property=\"og:image:type\" content=\"image\/jpeg\" \/>\n<meta name=\"twitter:card\" content=\"summary_large_image\" \/>\n<meta name=\"twitter:label1\" content=\"Tiempo de lectura\" \/>\n\t<meta name=\"twitter:data1\" content=\"3 minutos\" \/>\n<script type=\"application\/ld+json\" class=\"yoast-schema-graph\">{\"@context\":\"https:\\\/\\\/schema.org\",\"@graph\":[{\"@type\":\"WebPage\",\"@id\":\"https:\\\/\\\/nhkmachineryparts.com\\\/product\\\/211-machine-feet-in-hygienic-design-hmf-with-floor-lock-plate\\\/\",\"url\":\"https:\\\/\\\/nhkmachineryparts.com\\\/product\\\/211-machine-feet-in-hygienic-design-hmf-with-floor-lock-plate\\\/\",\"name\":\"Machine feet with floor lock plate and fully-threaded spindle | NHK Machinery Parts\",\"isPartOf\":{\"@id\":\"https:\\\/\\\/nhkmachineryparts.com\\\/#website\"},\"primaryImageOfPage\":{\"@id\":\"https:\\\/\\\/nhkmachineryparts.com\\\/product\\\/211-machine-feet-in-hygienic-design-hmf-with-floor-lock-plate\\\/#primaryimage\"},\"image\":{\"@id\":\"https:\\\/\\\/nhkmachineryparts.com\\\/product\\\/211-machine-feet-in-hygienic-design-hmf-with-floor-lock-plate\\\/#primaryimage\"},\"thumbnailUrl\":\"https:\\\/\\\/nhkmachineryparts.com\\\/wp-content\\\/uploads\\\/2022\\\/09\\\/Levelling-feet-in-extra-hygienic-design-HLF-with-bleck-rubber-with-floor-lock-plate-and-spindle.jpg\",\"datePublished\":\"2022-09-20T17:58:37+00:00\",\"dateModified\":\"2026-02-23T13:11:19+00:00\",\"description\":\"Achieve unparalleled stability and precision for your industrial equipment with machine feet featuring floor lock plates and fully-threaded spindles.\",\"breadcrumb\":{\"@id\":\"https:\\\/\\\/nhkmachineryparts.com\\\/product\\\/211-machine-feet-in-hygienic-design-hmf-with-floor-lock-plate\\\/#breadcrumb\"},\"inLanguage\":\"es\",\"potentialAction\":[{\"@type\":\"ReadAction\",\"target\":[\"https:\\\/\\\/nhkmachineryparts.com\\\/product\\\/211-machine-feet-in-hygienic-design-hmf-with-floor-lock-plate\\\/\"]}]},{\"@type\":\"ImageObject\",\"inLanguage\":\"es\",\"@id\":\"https:\\\/\\\/nhkmachineryparts.com\\\/product\\\/211-machine-feet-in-hygienic-design-hmf-with-floor-lock-plate\\\/#primaryimage\",\"url\":\"https:\\\/\\\/nhkmachineryparts.com\\\/wp-content\\\/uploads\\\/2022\\\/09\\\/Levelling-feet-in-extra-hygienic-design-HLF-with-bleck-rubber-with-floor-lock-plate-and-spindle.jpg\",\"contentUrl\":\"https:\\\/\\\/nhkmachineryparts.com\\\/wp-content\\\/uploads\\\/2022\\\/09\\\/Levelling-feet-in-extra-hygienic-design-HLF-with-bleck-rubber-with-floor-lock-plate-and-spindle.jpg\",\"width\":1000,\"height\":1000,\"caption\":\"Levelling feet in extra hygienic design HLF with bleck rubber with floor lock plate and spindle\"},{\"@type\":\"BreadcrumbList\",\"@id\":\"https:\\\/\\\/nhkmachineryparts.com\\\/product\\\/211-machine-feet-in-hygienic-design-hmf-with-floor-lock-plate\\\/#breadcrumb\",\"itemListElement\":[{\"@type\":\"ListItem\",\"position\":1,\"name\":\"Home\",\"item\":\"https:\\\/\\\/nhkmachineryparts.com\\\/\"},{\"@type\":\"ListItem\",\"position\":2,\"name\":\"Product line\",\"item\":\"https:\\\/\\\/nhkmachineryparts.com\\\/product-line\\\/\"},{\"@type\":\"ListItem\",\"position\":3,\"name\":\"Industrial machine leveling feet in stainless steel\",\"item\":\"https:\\\/\\\/nhkmachineryparts.com\\\/product-line\\\/stainless-steel-machine-levelling-feet\\\/\"},{\"@type\":\"ListItem\",\"position\":4,\"name\":\"Machine feet with floor lock plate and fully-threaded spindle\"}]},{\"@type\":\"WebSite\",\"@id\":\"https:\\\/\\\/nhkmachineryparts.com\\\/#website\",\"url\":\"https:\\\/\\\/nhkmachineryparts.com\\\/\",\"name\":\"NHK Machinery Parts\",\"description\":\"Bearing Houses, seismic levelling feet and levelling castors\",\"publisher\":{\"@id\":\"https:\\\/\\\/nhkmachineryparts.com\\\/#organization\"},\"potentialAction\":[{\"@type\":\"SearchAction\",\"target\":{\"@type\":\"EntryPoint\",\"urlTemplate\":\"https:\\\/\\\/nhkmachineryparts.com\\\/?s={search_term_string}\"},\"query-input\":{\"@type\":\"PropertyValueSpecification\",\"valueRequired\":true,\"valueName\":\"search_term_string\"}}],\"inLanguage\":\"es\"},{\"@type\":\"Organization\",\"@id\":\"https:\\\/\\\/nhkmachineryparts.com\\\/#organization\",\"name\":\"Nhk Group ApS\",\"url\":\"https:\\\/\\\/nhkmachineryparts.com\\\/\",\"logo\":{\"@type\":\"ImageObject\",\"inLanguage\":\"es\",\"@id\":\"https:\\\/\\\/nhkmachineryparts.com\\\/#\\\/schema\\\/logo\\\/image\\\/\",\"url\":\"https:\\\/\\\/nhkmachineryparts.com\\\/wp-content\\\/uploads\\\/2022\\\/09\\\/NHKgroup_social.jpg\",\"contentUrl\":\"https:\\\/\\\/nhkmachineryparts.com\\\/wp-content\\\/uploads\\\/2022\\\/09\\\/NHKgroup_social.jpg\",\"width\":1200,\"height\":630,\"caption\":\"Nhk Group ApS\"},\"image\":{\"@id\":\"https:\\\/\\\/nhkmachineryparts.com\\\/#\\\/schema\\\/logo\\\/image\\\/\"},\"sameAs\":[\"https:\\\/\\\/www.facebook.com\\\/NHK.Group.aps\"]}]}<\/script>\n<!-- \/ Yoast SEO plugin. -->","yoast_head_json":{"title":"Patas de m\u00e1quina con placa de bloqueo de suelo y husillo totalmente roscado | Piezas de maquinaria NHK","description":"Consiga una estabilidad y precisi\u00f3n incomparables para sus equipos industriales con pies de m\u00e1quina con placas de bloqueo de piso y husillos completamente roscados.","robots":{"index":"index","follow":"follow","max-snippet":"max-snippet:-1","max-image-preview":"max-image-preview:large","max-video-preview":"max-video-preview:-1"},"canonical":"https:\/\/nhkmachineryparts.com\/es\/producto\/211-pies-de-maquina-en-diseno-higienico-hmf-con-placa-de-bloqueo-de-piso\/","og_locale":"es_ES","og_type":"article","og_title":"Machine feet with floor lock plate and fully-threaded spindle | NHK Machinery Parts","og_description":"Achieve unparalleled stability and precision for your industrial equipment with machine feet featuring floor lock plates and fully-threaded spindles.","og_url":"https:\/\/nhkmachineryparts.com\/es\/producto\/211-pies-de-maquina-en-diseno-higienico-hmf-con-placa-de-bloqueo-de-piso\/","og_site_name":"NHK Machinery Parts","article_publisher":"https:\/\/www.facebook.com\/NHK.Group.aps","article_modified_time":"2026-02-23T13:11:19+00:00","og_image":[{"width":1000,"height":1000,"url":"https:\/\/nhkmachineryparts.com\/wp-content\/uploads\/2022\/09\/Levelling-feet-in-extra-hygienic-design-HLF-with-bleck-rubber-with-floor-lock-plate-and-spindle.jpg","type":"image\/jpeg"}],"twitter_card":"summary_large_image","twitter_misc":{"Tiempo de lectura":"3 minutos"},"schema":{"@context":"https:\/\/schema.org","@graph":[{"@type":"WebPage","@id":"https:\/\/nhkmachineryparts.com\/product\/211-machine-feet-in-hygienic-design-hmf-with-floor-lock-plate\/","url":"https:\/\/nhkmachineryparts.com\/product\/211-machine-feet-in-hygienic-design-hmf-with-floor-lock-plate\/","name":"Patas de m\u00e1quina con placa de bloqueo de suelo y husillo totalmente roscado | Piezas de maquinaria NHK","isPartOf":{"@id":"https:\/\/nhkmachineryparts.com\/#website"},"primaryImageOfPage":{"@id":"https:\/\/nhkmachineryparts.com\/product\/211-machine-feet-in-hygienic-design-hmf-with-floor-lock-plate\/#primaryimage"},"image":{"@id":"https:\/\/nhkmachineryparts.com\/product\/211-machine-feet-in-hygienic-design-hmf-with-floor-lock-plate\/#primaryimage"},"thumbnailUrl":"https:\/\/nhkmachineryparts.com\/wp-content\/uploads\/2022\/09\/Levelling-feet-in-extra-hygienic-design-HLF-with-bleck-rubber-with-floor-lock-plate-and-spindle.jpg","datePublished":"2022-09-20T17:58:37+00:00","dateModified":"2026-02-23T13:11:19+00:00","description":"Consiga una estabilidad y precisi\u00f3n incomparables para sus equipos industriales con pies de m\u00e1quina con placas de bloqueo de piso y husillos completamente roscados.","breadcrumb":{"@id":"https:\/\/nhkmachineryparts.com\/product\/211-machine-feet-in-hygienic-design-hmf-with-floor-lock-plate\/#breadcrumb"},"inLanguage":"es","potentialAction":[{"@type":"ReadAction","target":["https:\/\/nhkmachineryparts.com\/product\/211-machine-feet-in-hygienic-design-hmf-with-floor-lock-plate\/"]}]},{"@type":"ImageObject","inLanguage":"es","@id":"https:\/\/nhkmachineryparts.com\/product\/211-machine-feet-in-hygienic-design-hmf-with-floor-lock-plate\/#primaryimage","url":"https:\/\/nhkmachineryparts.com\/wp-content\/uploads\/2022\/09\/Levelling-feet-in-extra-hygienic-design-HLF-with-bleck-rubber-with-floor-lock-plate-and-spindle.jpg","contentUrl":"https:\/\/nhkmachineryparts.com\/wp-content\/uploads\/2022\/09\/Levelling-feet-in-extra-hygienic-design-HLF-with-bleck-rubber-with-floor-lock-plate-and-spindle.jpg","width":1000,"height":1000,"caption":"Levelling feet in extra hygienic design HLF with bleck rubber with floor lock plate and spindle"},{"@type":"BreadcrumbList","@id":"https:\/\/nhkmachineryparts.com\/product\/211-machine-feet-in-hygienic-design-hmf-with-floor-lock-plate\/#breadcrumb","itemListElement":[{"@type":"ListItem","position":1,"name":"Home","item":"https:\/\/nhkmachineryparts.com\/"},{"@type":"ListItem","position":2,"name":"Product line","item":"https:\/\/nhkmachineryparts.com\/product-line\/"},{"@type":"ListItem","position":3,"name":"Industrial machine leveling feet in stainless steel","item":"https:\/\/nhkmachineryparts.com\/product-line\/stainless-steel-machine-levelling-feet\/"},{"@type":"ListItem","position":4,"name":"Machine feet with floor lock plate and fully-threaded spindle"}]},{"@type":"WebSite","@id":"https:\/\/nhkmachineryparts.com\/#website","url":"https:\/\/nhkmachineryparts.com\/","name":"Piezas de maquinaria NHK","description":"Casas de rodamiento, pies niveladores s\u00edsmicos y ruedas niveladoras","publisher":{"@id":"https:\/\/nhkmachineryparts.com\/#organization"},"potentialAction":[{"@type":"SearchAction","target":{"@type":"EntryPoint","urlTemplate":"https:\/\/nhkmachineryparts.com\/?s={search_term_string}"},"query-input":{"@type":"PropertyValueSpecification","valueRequired":true,"valueName":"search_term_string"}}],"inLanguage":"es"},{"@type":"Organization","@id":"https:\/\/nhkmachineryparts.com\/#organization","name":"Grupo Nhk ApS","url":"https:\/\/nhkmachineryparts.com\/","logo":{"@type":"ImageObject","inLanguage":"es","@id":"https:\/\/nhkmachineryparts.com\/#\/schema\/logo\/image\/","url":"https:\/\/nhkmachineryparts.com\/wp-content\/uploads\/2022\/09\/NHKgroup_social.jpg","contentUrl":"https:\/\/nhkmachineryparts.com\/wp-content\/uploads\/2022\/09\/NHKgroup_social.jpg","width":1200,"height":630,"caption":"Nhk Group ApS"},"image":{"@id":"https:\/\/nhkmachineryparts.com\/#\/schema\/logo\/image\/"},"sameAs":["https:\/\/www.facebook.com\/NHK.Group.aps"]}]}},"_links":{"self":[{"href":"https:\/\/nhkmachineryparts.com\/es\/wp-json\/wp\/v2\/product\/1297","targetHints":{"allow":["GET"]}}],"collection":[{"href":"https:\/\/nhkmachineryparts.com\/es\/wp-json\/wp\/v2\/product"}],"about":[{"href":"https:\/\/nhkmachineryparts.com\/es\/wp-json\/wp\/v2\/types\/product"}],"wp:featuredmedia":[{"embeddable":true,"href":"https:\/\/nhkmachineryparts.com\/es\/wp-json\/wp\/v2\/media\/11302"}],"wp:attachment":[{"href":"https:\/\/nhkmachineryparts.com\/es\/wp-json\/wp\/v2\/media?parent=1297"}],"wp:term":[{"taxonomy":"product_brand","embeddable":true,"href":"https:\/\/nhkmachineryparts.com\/es\/wp-json\/wp\/v2\/product_brand?post=1297"},{"taxonomy":"product_cat","embeddable":true,"href":"https:\/\/nhkmachineryparts.com\/es\/wp-json\/wp\/v2\/product_cat?post=1297"},{"taxonomy":"product_tag","embeddable":true,"href":"https:\/\/nhkmachineryparts.com\/es\/wp-json\/wp\/v2\/product_tag?post=1297"}],"curies":[{"name":"Gracias","href":"https:\/\/api.w.org\/{rel}","templated":true}]}}