{"id":12778,"date":"2024-11-09T22:42:55","date_gmt":"2024-11-09T20:42:55","guid":{"rendered":"https:\/\/nhkmachineryparts.com\/?post_type=product&#038;p=12778"},"modified":"2026-02-27T15:48:56","modified_gmt":"2026-02-27T13:48:56","slug":"patas-de-maquina-higienicas-con-2-placas-de-bloqueo-al-suelo-y-husillo-protegido-y-sellado","status":"publish","type":"product","link":"https:\/\/nhkmachineryparts.com\/es\/product\/hygienic-machine-feet-with-2-floor-locking-plates-and-sealed-protected-spindle\/","title":{"rendered":"3-A machine feet with 2 floor locking plates\u00a0"},"content":{"rendered":"<section class=\"vc_row vc_custom_1662993827263 liquid-row-shadowbox-69d3ca8262801 vc_column-gap-0\"><div class=\"ld-container container\"><div class=\"row ld-row ld-row-outer\"><div class=\"wpb_column vc_column_container vc_col-sm-12 liquid-column-69d3ca8262add\"><div class=\"vc_column-inner\" ><div class=\"wpb_wrapper\"  >\n\t<div class=\"wpb_text_column wpb_content_element\" >\n\t\t<div class=\"wpb_wrapper\">\n\t\t\t<h2>Excelencia a medida: soluciones industriales a medida para necesidades sanitarias<\/h2>\n<p><a href=\"https:\/\/nhkmachineryparts.com\/es\/producto\/301-pies-de-maquina-en-diseno-higienico-sellado-shmf-con-placa-de-bloqueo-de-piso\/\" data-internallinksmanager029f6b8e52c=\"20\" title=\"pies de m\u00e1quina\">Pies de m\u00e1quina<\/a> En dise\u00f1o higi\u00e9nico sellado con base de goma para reducci\u00f3n de vibraciones y propiedades antideslizantes<br \/>\nNuestras patas de m\u00e1quina higi\u00e9nicas selladas cuentan con un certificado de la FDA (FDA CFR 21 177 2600) con un n\u00famero de identificaci\u00f3n de lote \u00fanico para la trazabilidad de la seguridad alimentaria.<\/p>\n<p><a href=\"https:\/\/nhkmachineryparts.com\/es\/comercio\/linea-de-producto\/pies-niveladores-para-maquinas-en-diseno-higienico\/sanitary-machine-feet-with-protected-spindle\/\">Pruebe nuestro selector de productos<\/a><\/p>\n<h3>Pies de m\u00e1quina con dise\u00f1o higi\u00e9nico sellado caracter\u00edsticas y ventajas<\/h3>\n<p>Los pies de m\u00e1quina higi\u00e9nicos sellados tienen un dise\u00f1o redondeado e higi\u00e9nico que facilita su limpieza.<br \/>\nLos pies de m\u00e1quina higi\u00e9nicos sellados pueden soportar pendientes de hasta 10 grados en pisos y equipos.<\/p>\n<h3>Pies de m\u00e1quina en materiales de dise\u00f1o higi\u00e9nico sellados.<\/h3>\n<p>Pies de m\u00e1quina higi\u00e9nicos sellados, pieza de caucho vulcanizado con certificado FDA seg\u00fan FDA CFR 21 177 2600.<\/p>\n<p>Descripci\u00f3n del material de la placa base:<br \/>\nAcero inoxidable Aisi 304 o Aisi 316<\/p>\n<p>Descripci\u00f3n del material del husillo:<br \/>\nAcero inoxidable A2-70 o A4-70<\/p>\n<p>Descripci\u00f3n del material base de caucho:<br \/>\nCaucho NBR (caucho de nitrilo CAS no. 9005-98-5)<br \/>\nCertificado FDA seg\u00fan FDA CFR 21 177 2600<\/p>\n<p>Todos los materiales son altamente resistentes a los productos qu\u00edmicos y agentes de limpieza com\u00fanmente utilizados, as\u00ed como a aceites y grasas resistentes.<\/p>\n<h3>Pies de m\u00e1quina en tama\u00f1os de dise\u00f1o higi\u00e9nico sellados<\/h3>\n<p>Las bases de pies de m\u00e1quina higi\u00e9nicas selladas est\u00e1n disponibles en una amplia gama, lo que brinda una flexibilidad y una elecci\u00f3n \u00f3ptimas.<\/p>\n<table class=\"dcf-table dcf-table-responsive dcf-table-bordered dcf-w-100%\">\n<thead>\n<tr>\n<th scope=\"col\">Tipo de base<\/th>\n<th scope=\"col\">Di\u00e1metro de la base D<\/th>\n<th scope=\"col\">Nom. Carga<\/th>\n<\/tr>\n<\/thead>\n<tbody>\n<tr>\n<td data-label=\"HMF Base Size\">HMF62<\/td>\n<td data-label=\"Base Diameter D\">60mm<\/td>\n<td data-label=\"Nom. Load \">7.000 norte<\/td>\n<\/tr>\n<tr>\n<td data-label=\"HMF Base Size\">HMF82<\/td>\n<td data-label=\"Base Diameter D\">80mm<\/td>\n<td data-label=\"Nom. Load \">15.000 norte<\/td>\n<\/tr>\n<tr>\n<td data-label=\"HMF Base Size\">HMF102<\/td>\n<td data-label=\"Base Diameter D\">100mm<\/td>\n<td data-label=\"Nom. Load \">20.000 norte<\/td>\n<\/tr>\n<tr>\n<td data-label=\"HMF Base Size\">HMF122<\/td>\n<td data-label=\"Base Diameter D\">120mm<\/td>\n<td data-label=\"Nom. Load \">30.000 norte<\/td>\n<\/tr>\n<\/tbody>\n<\/table>\n<p>Los pies de m\u00e1quina higi\u00e9nicos sellados con husillo y funda protectora est\u00e1n disponibles en una amplia gama, lo que brinda una flexibilidad y una elecci\u00f3n \u00f3ptimas.<\/p>\n<div class=\"dcf-overflow-x-auto\" tabindex=\"0\">\n<table class=\"dcf-table dcf-table-bordered dcf-w-100%\">\n<caption>SHMF Di\u00e1metro del husillo y manguito<\/caption>\n<tbody>\n<tr>\n<td>M16<\/td>\n<td>M20<\/td>\n<td>M24<\/td>\n<td>M30<\/td>\n<td>M36<\/td>\n<td>M42<\/td>\n<td>M48<\/td>\n<\/tr>\n<\/tbody>\n<\/table>\n<\/div>\n<div class=\"dcf-overflow-x-auto\" tabindex=\"0\">\n<table class=\"dcf-table dcf-table-bordered dcf-w-100%\">\n<caption>SHMF Longitud del husillo (L) y longitud de la manga (H)<\/caption>\n<tbody>\n<tr>\n<td>Largo=135 mm Alto=55 mm<\/td>\n<td>M\u00ednimo 80 mm a m\u00e1ximo 120 mm<\/td>\n<\/tr>\n<tr>\n<td>Largo=175 mm Alto=75 mm<\/td>\n<td>M\u00ednimo 100 mm a m\u00e1ximo 160 mm<\/td>\n<\/tr>\n<tr>\n<td>Largo=215 mm Alto=95 mm<\/td>\n<td>M\u00ednimo 120 mm a m\u00e1ximo 200 mm<\/td>\n<\/tr>\n<tr>\n<td>Largo=255 mm Alto=115 mm<\/td>\n<td>M\u00ednimo 140 mm a m\u00e1ximo 240 mm<\/td>\n<\/tr>\n<tr>\n<td>Largo=295 mm Alto=125 mm<\/td>\n<td>M\u00ednimo 180 mm a m\u00e1ximo 280 mm<\/td>\n<\/tr>\n<\/tbody>\n<\/table>\n<\/div>\n<p>Para otras longitudes de husillo roscado (L), cons\u00faltenos<br \/>\nRoscas en pulgadas est\u00e1n disponibles bajo pedido.<br \/>\nLa rosca tambi\u00e9n se puede personalizar seg\u00fan una solicitud espec\u00edfica, rosca extra trapezoidal, etc.<\/p>\n<h3>Pies de m\u00e1quina en opci\u00f3n de entrega de dise\u00f1o higi\u00e9nico sellado<\/h3>\n<p>Para pedidos grandes ofrecemos suministrar la base y los husillos por separado.<br \/>\nLa ventaja es la flexibilidad para el cliente que utiliza muchos tama\u00f1os diferentes de husillos.<\/p>\n<h2>Pies de m\u00e1quina higi\u00e9nicos con 2 placas de bloqueo al suelo y husillo protegido sellado<\/h2>\n<h3 data-start=\"59\" data-end=\"112\">Estabilidad \u00f3ptima con placas de bloqueo de piso dobles<\/h3>\n<p data-start=\"113\" data-end=\"483\">Nuestros innovadores pies de m\u00e1quina higi\u00e9nicos est\u00e1n dise\u00f1ados para una estabilidad superior en entornos industriales exigentes. Con dos placas de bloqueo de piso resistentes, estos pies de m\u00e1quina fijan firmemente el equipo pesado en su lugar. El sistema de bloqueo doble distribuye el peso de manera uniforme, minimiza las vibraciones y evita movimientos no deseados, lo que garantiza una seguridad y un rendimiento operativos \u00f3ptimos.<\/p>\n<h3 data-start=\"485\" data-end=\"527\">Mayor higiene y f\u00e1cil mantenimiento<\/h3>\n<p data-start=\"528\" data-end=\"944\">Dise\u00f1ados para entornos limpios, nuestros pies de m\u00e1quina higi\u00e9nicos son ideales para <a href=\"https:\/\/nhkmachineryparts.com\/es\/our-industries\/\" data-internallinksmanager029f6b8e52c=\"4\" title=\"Nuestras industrias\">industrias<\/a> que requieren estrictas normas de saneamiento, como el procesamiento de alimentos, la industria farmac\u00e9utica y las salas blancas. El dise\u00f1o de superficie lisa y resistente a los contaminantes no solo cumple con los requisitos de higiene, sino que tambi\u00e9n simplifica la limpieza y el mantenimiento. La reducci\u00f3n del tiempo de inactividad y de los costos de mantenimiento son ventajas significativas de este dise\u00f1o de vanguardia.<\/p>\n<h3 data-start=\"946\" data-end=\"995\">Tecnolog\u00eda avanzada de husillo sellado y protegido<\/h3>\n<p data-start=\"996\" data-end=\"1377\">Una caracter\u00edstica clave de nuestro sistema es el husillo protegido y sellado, que est\u00e1 dise\u00f1ado para soportar condiciones adversas. Esta tecnolog\u00eda avanzada evita la entrada de polvo, humedad y productos qu\u00edmicos, lo que garantiza que el husillo se mantenga en \u00f3ptimas condiciones. El dise\u00f1o sellado extiende la vida \u00fatil del equipo y, al mismo tiempo, mantiene un rendimiento constante en entornos exigentes y de alto estr\u00e9s.<\/p>\n<h3 data-start=\"1379\" data-end=\"1438\">Soluciones personalizadas a medida para la excelencia industrial<\/h3>\n<p data-start=\"1439\" data-end=\"1935\">Entendemos que cada aplicaci\u00f3n industrial tiene demandas \u00fanicas. Es por eso que nuestros pies de m\u00e1quina higi\u00e9nicos est\u00e1n disponibles como soluciones a medida adaptadas a sus necesidades espec\u00edficas. Ya sea que necesite una mayor estabilidad para maquinaria de servicio pesado o est\u00e1ndares de higiene avanzados para \u00e1reas de producci\u00f3n sensibles, nuestras opciones personalizadas brindan una confiabilidad inigualable. Invierta en nuestros innovadores pies de m\u00e1quina para aumentar la eficiencia operativa, reducir los costos de mantenimiento y lograr una durabilidad a largo plazo en sus instalaciones.<\/p>\n<h3 data-start=\"0\" data-end=\"57\">Patas de m\u00e1quina innovadoras e higi\u00e9nicas para una mayor estabilidad<\/h3>\n<p data-start=\"1937\" data-end=\"2258\" data-is-last-node=\"\" data-is-only-node=\"\">Nuestro compromiso con la calidad y la precisi\u00f3n es evidente en cada aspecto del dise\u00f1o de nuestros pies de m\u00e1quina. Al integrar ingenier\u00eda, mecanismos de bloqueo doble y tecnolog\u00eda de husillo sellado, ofrecemos soluciones que cumplen con los est\u00e1ndares m\u00e1s altos de la industria. Elija nuestros pies de m\u00e1quina higi\u00e9nicos para una operaci\u00f3n m\u00e1s segura, limpia y eficiente.<\/p>\n\n\t\t<\/div>\n\t<\/div>\n<\/div><\/div><\/div><\/div><\/div><\/section>","protected":false},"excerpt":{"rendered":"Tailored Excellence: Bespoke Industrial Solutions for Sanitary Need Machine feet in sealed hygienic design with rubber base for vibration reduction and anti-slip properties Our sealed hygienic machine feet are provided with FDA certificate (FDA CFR 21 177 2600) with unique batch ID number for food safety traceability Try our product selector Machine feet in sealed [...]","protected":false},"featured_media":12779,"template":"","meta":[],"product_brand":[],"product_cat":[98],"product_tag":[],"class_list":{"0":"post-12778","1":"product","2":"type-product","3":"status-publish","4":"has-post-thumbnail","6":"product_cat-ehedg-certified-3a-ssi-standard-components","8":"first","9":"instock","10":"shipping-taxable","11":"product-type-simple"},"yoast_head":"<!-- This site is optimized with the Yoast SEO plugin v27.3 - https:\/\/yoast.com\/product\/yoast-seo-wordpress\/ -->\n<title>3-A machine feet with 2 floor locking plates\u00a0 | NHK Machinery Parts<\/title>\n<meta name=\"description\" content=\"Revolutionize your operations with hygienic machine feet engineered for unmatched stability and protection. Unmatched Stability with Hygienic Machine Feet.\" \/>\n<meta name=\"robots\" content=\"index, follow, max-snippet:-1, max-image-preview:large, max-video-preview:-1\" \/>\n<link rel=\"canonical\" href=\"https:\/\/nhkmachineryparts.com\/es\/producto\/patas-de-maquina-higienicas-con-2-placas-de-bloqueo-al-suelo-y-husillo-protegido-y-sellado\/\" \/>\n<meta property=\"og:locale\" content=\"es_ES\" \/>\n<meta property=\"og:type\" content=\"article\" \/>\n<meta property=\"og:title\" content=\"3-A machine feet with 2 floor locking plates\u00a0 | NHK Machinery Parts\" \/>\n<meta property=\"og:description\" content=\"Revolutionize your operations with hygienic machine feet engineered for unmatched stability and protection. Unmatched Stability with Hygienic Machine Feet.\" \/>\n<meta property=\"og:url\" content=\"https:\/\/nhkmachineryparts.com\/es\/producto\/patas-de-maquina-higienicas-con-2-placas-de-bloqueo-al-suelo-y-husillo-protegido-y-sellado\/\" \/>\n<meta property=\"og:site_name\" content=\"NHK Machinery Parts\" \/>\n<meta property=\"article:publisher\" content=\"https:\/\/www.facebook.com\/NHK.Group.aps\" \/>\n<meta property=\"article:modified_time\" content=\"2026-02-27T13:48:56+00:00\" \/>\n<meta property=\"og:image\" content=\"https:\/\/nhkmachineryparts.com\/wp-content\/uploads\/2024\/11\/HMF-x2-3A-1.jpg\" \/>\n\t<meta property=\"og:image:width\" content=\"1000\" \/>\n\t<meta property=\"og:image:height\" content=\"1006\" \/>\n\t<meta property=\"og:image:type\" content=\"image\/jpeg\" \/>\n<meta name=\"twitter:card\" content=\"summary_large_image\" \/>\n<meta name=\"twitter:label1\" content=\"Tiempo de lectura\" \/>\n\t<meta name=\"twitter:data1\" content=\"4 minutos\" \/>\n<script type=\"application\/ld+json\" class=\"yoast-schema-graph\">{\"@context\":\"https:\\\/\\\/schema.org\",\"@graph\":[{\"@type\":\"WebPage\",\"@id\":\"https:\\\/\\\/nhkmachineryparts.com\\\/product\\\/hygienic-machine-feet-with-2-floor-locking-plates-and-sealed-protected-spindle\\\/\",\"url\":\"https:\\\/\\\/nhkmachineryparts.com\\\/product\\\/hygienic-machine-feet-with-2-floor-locking-plates-and-sealed-protected-spindle\\\/\",\"name\":\"3-A machine feet with 2 floor locking plates\u00a0 | NHK Machinery Parts\",\"isPartOf\":{\"@id\":\"https:\\\/\\\/nhkmachineryparts.com\\\/#website\"},\"primaryImageOfPage\":{\"@id\":\"https:\\\/\\\/nhkmachineryparts.com\\\/product\\\/hygienic-machine-feet-with-2-floor-locking-plates-and-sealed-protected-spindle\\\/#primaryimage\"},\"image\":{\"@id\":\"https:\\\/\\\/nhkmachineryparts.com\\\/product\\\/hygienic-machine-feet-with-2-floor-locking-plates-and-sealed-protected-spindle\\\/#primaryimage\"},\"thumbnailUrl\":\"https:\\\/\\\/nhkmachineryparts.com\\\/wp-content\\\/uploads\\\/2024\\\/11\\\/HMF-x2-3A-1.jpg\",\"datePublished\":\"2024-11-09T20:42:55+00:00\",\"dateModified\":\"2026-02-27T13:48:56+00:00\",\"description\":\"Revolutionize your operations with hygienic machine feet engineered for unmatched stability and protection. Unmatched Stability with Hygienic Machine Feet.\",\"breadcrumb\":{\"@id\":\"https:\\\/\\\/nhkmachineryparts.com\\\/product\\\/hygienic-machine-feet-with-2-floor-locking-plates-and-sealed-protected-spindle\\\/#breadcrumb\"},\"inLanguage\":\"es\",\"potentialAction\":[{\"@type\":\"ReadAction\",\"target\":[\"https:\\\/\\\/nhkmachineryparts.com\\\/product\\\/hygienic-machine-feet-with-2-floor-locking-plates-and-sealed-protected-spindle\\\/\"]}]},{\"@type\":\"ImageObject\",\"inLanguage\":\"es\",\"@id\":\"https:\\\/\\\/nhkmachineryparts.com\\\/product\\\/hygienic-machine-feet-with-2-floor-locking-plates-and-sealed-protected-spindle\\\/#primaryimage\",\"url\":\"https:\\\/\\\/nhkmachineryparts.com\\\/wp-content\\\/uploads\\\/2024\\\/11\\\/HMF-x2-3A-1.jpg\",\"contentUrl\":\"https:\\\/\\\/nhkmachineryparts.com\\\/wp-content\\\/uploads\\\/2024\\\/11\\\/HMF-x2-3A-1.jpg\",\"width\":1000,\"height\":1006,\"caption\":\"Hygienic machine feet with 2 floor locking plates\u00a0and sealed protected spindle\"},{\"@type\":\"BreadcrumbList\",\"@id\":\"https:\\\/\\\/nhkmachineryparts.com\\\/product\\\/hygienic-machine-feet-with-2-floor-locking-plates-and-sealed-protected-spindle\\\/#breadcrumb\",\"itemListElement\":[{\"@type\":\"ListItem\",\"position\":1,\"name\":\"Home\",\"item\":\"https:\\\/\\\/nhkmachineryparts.com\\\/\"},{\"@type\":\"ListItem\",\"position\":2,\"name\":\"Product line\",\"item\":\"https:\\\/\\\/nhkmachineryparts.com\\\/product-line\\\/\"},{\"@type\":\"ListItem\",\"position\":3,\"name\":\"Certified EHEDG standard components\",\"item\":\"https:\\\/\\\/nhkmachineryparts.com\\\/product-line\\\/ehedg-certified-3a-ssi-standard-components\\\/\"},{\"@type\":\"ListItem\",\"position\":4,\"name\":\"3-A machine feet with 2 floor locking plates\u00a0\"}]},{\"@type\":\"WebSite\",\"@id\":\"https:\\\/\\\/nhkmachineryparts.com\\\/#website\",\"url\":\"https:\\\/\\\/nhkmachineryparts.com\\\/\",\"name\":\"NHK Machinery Parts\",\"description\":\"Bearing Houses, seismic levelling feet and levelling castors\",\"publisher\":{\"@id\":\"https:\\\/\\\/nhkmachineryparts.com\\\/#organization\"},\"potentialAction\":[{\"@type\":\"SearchAction\",\"target\":{\"@type\":\"EntryPoint\",\"urlTemplate\":\"https:\\\/\\\/nhkmachineryparts.com\\\/?s={search_term_string}\"},\"query-input\":{\"@type\":\"PropertyValueSpecification\",\"valueRequired\":true,\"valueName\":\"search_term_string\"}}],\"inLanguage\":\"es\"},{\"@type\":\"Organization\",\"@id\":\"https:\\\/\\\/nhkmachineryparts.com\\\/#organization\",\"name\":\"Nhk Group ApS\",\"url\":\"https:\\\/\\\/nhkmachineryparts.com\\\/\",\"logo\":{\"@type\":\"ImageObject\",\"inLanguage\":\"es\",\"@id\":\"https:\\\/\\\/nhkmachineryparts.com\\\/#\\\/schema\\\/logo\\\/image\\\/\",\"url\":\"https:\\\/\\\/nhkmachineryparts.com\\\/wp-content\\\/uploads\\\/2022\\\/09\\\/NHKgroup_social.jpg\",\"contentUrl\":\"https:\\\/\\\/nhkmachineryparts.com\\\/wp-content\\\/uploads\\\/2022\\\/09\\\/NHKgroup_social.jpg\",\"width\":1200,\"height\":630,\"caption\":\"Nhk Group ApS\"},\"image\":{\"@id\":\"https:\\\/\\\/nhkmachineryparts.com\\\/#\\\/schema\\\/logo\\\/image\\\/\"},\"sameAs\":[\"https:\\\/\\\/www.facebook.com\\\/NHK.Group.aps\"]}]}<\/script>\n<!-- \/ Yoast SEO plugin. -->","yoast_head_json":{"title":"3-A machine feet with 2 floor locking plates\u00a0 | NHK Machinery Parts","description":"Revolucione sus operaciones con pies de m\u00e1quina higi\u00e9nicos dise\u00f1ados para brindar estabilidad y protecci\u00f3n inigualables. Estabilidad inigualable con pies de m\u00e1quina higi\u00e9nicos.","robots":{"index":"index","follow":"follow","max-snippet":"max-snippet:-1","max-image-preview":"max-image-preview:large","max-video-preview":"max-video-preview:-1"},"canonical":"https:\/\/nhkmachineryparts.com\/es\/producto\/patas-de-maquina-higienicas-con-2-placas-de-bloqueo-al-suelo-y-husillo-protegido-y-sellado\/","og_locale":"es_ES","og_type":"article","og_title":"3-A machine feet with 2 floor locking plates\u00a0 | NHK Machinery Parts","og_description":"Revolutionize your operations with hygienic machine feet engineered for unmatched stability and protection. Unmatched Stability with Hygienic Machine Feet.","og_url":"https:\/\/nhkmachineryparts.com\/es\/producto\/patas-de-maquina-higienicas-con-2-placas-de-bloqueo-al-suelo-y-husillo-protegido-y-sellado\/","og_site_name":"NHK Machinery Parts","article_publisher":"https:\/\/www.facebook.com\/NHK.Group.aps","article_modified_time":"2026-02-27T13:48:56+00:00","og_image":[{"width":1000,"height":1006,"url":"https:\/\/nhkmachineryparts.com\/wp-content\/uploads\/2024\/11\/HMF-x2-3A-1.jpg","type":"image\/jpeg"}],"twitter_card":"summary_large_image","twitter_misc":{"Tiempo de lectura":"4 minutos"},"schema":{"@context":"https:\/\/schema.org","@graph":[{"@type":"WebPage","@id":"https:\/\/nhkmachineryparts.com\/product\/hygienic-machine-feet-with-2-floor-locking-plates-and-sealed-protected-spindle\/","url":"https:\/\/nhkmachineryparts.com\/product\/hygienic-machine-feet-with-2-floor-locking-plates-and-sealed-protected-spindle\/","name":"3-A machine feet with 2 floor locking plates\u00a0 | NHK Machinery Parts","isPartOf":{"@id":"https:\/\/nhkmachineryparts.com\/#website"},"primaryImageOfPage":{"@id":"https:\/\/nhkmachineryparts.com\/product\/hygienic-machine-feet-with-2-floor-locking-plates-and-sealed-protected-spindle\/#primaryimage"},"image":{"@id":"https:\/\/nhkmachineryparts.com\/product\/hygienic-machine-feet-with-2-floor-locking-plates-and-sealed-protected-spindle\/#primaryimage"},"thumbnailUrl":"https:\/\/nhkmachineryparts.com\/wp-content\/uploads\/2024\/11\/HMF-x2-3A-1.jpg","datePublished":"2024-11-09T20:42:55+00:00","dateModified":"2026-02-27T13:48:56+00:00","description":"Revolucione sus operaciones con pies de m\u00e1quina higi\u00e9nicos dise\u00f1ados para brindar estabilidad y protecci\u00f3n inigualables. Estabilidad inigualable con pies de m\u00e1quina higi\u00e9nicos.","breadcrumb":{"@id":"https:\/\/nhkmachineryparts.com\/product\/hygienic-machine-feet-with-2-floor-locking-plates-and-sealed-protected-spindle\/#breadcrumb"},"inLanguage":"es","potentialAction":[{"@type":"ReadAction","target":["https:\/\/nhkmachineryparts.com\/product\/hygienic-machine-feet-with-2-floor-locking-plates-and-sealed-protected-spindle\/"]}]},{"@type":"ImageObject","inLanguage":"es","@id":"https:\/\/nhkmachineryparts.com\/product\/hygienic-machine-feet-with-2-floor-locking-plates-and-sealed-protected-spindle\/#primaryimage","url":"https:\/\/nhkmachineryparts.com\/wp-content\/uploads\/2024\/11\/HMF-x2-3A-1.jpg","contentUrl":"https:\/\/nhkmachineryparts.com\/wp-content\/uploads\/2024\/11\/HMF-x2-3A-1.jpg","width":1000,"height":1006,"caption":"Hygienic machine feet with 2 floor locking plates\u00a0and sealed protected spindle"},{"@type":"BreadcrumbList","@id":"https:\/\/nhkmachineryparts.com\/product\/hygienic-machine-feet-with-2-floor-locking-plates-and-sealed-protected-spindle\/#breadcrumb","itemListElement":[{"@type":"ListItem","position":1,"name":"Home","item":"https:\/\/nhkmachineryparts.com\/"},{"@type":"ListItem","position":2,"name":"Product line","item":"https:\/\/nhkmachineryparts.com\/product-line\/"},{"@type":"ListItem","position":3,"name":"Certified EHEDG standard components","item":"https:\/\/nhkmachineryparts.com\/product-line\/ehedg-certified-3a-ssi-standard-components\/"},{"@type":"ListItem","position":4,"name":"3-A machine feet with 2 floor locking plates\u00a0"}]},{"@type":"WebSite","@id":"https:\/\/nhkmachineryparts.com\/#website","url":"https:\/\/nhkmachineryparts.com\/","name":"Piezas de maquinaria NHK","description":"Casas de rodamiento, pies niveladores s\u00edsmicos y ruedas niveladoras","publisher":{"@id":"https:\/\/nhkmachineryparts.com\/#organization"},"potentialAction":[{"@type":"SearchAction","target":{"@type":"EntryPoint","urlTemplate":"https:\/\/nhkmachineryparts.com\/?s={search_term_string}"},"query-input":{"@type":"PropertyValueSpecification","valueRequired":true,"valueName":"search_term_string"}}],"inLanguage":"es"},{"@type":"Organization","@id":"https:\/\/nhkmachineryparts.com\/#organization","name":"Grupo Nhk ApS","url":"https:\/\/nhkmachineryparts.com\/","logo":{"@type":"ImageObject","inLanguage":"es","@id":"https:\/\/nhkmachineryparts.com\/#\/schema\/logo\/image\/","url":"https:\/\/nhkmachineryparts.com\/wp-content\/uploads\/2022\/09\/NHKgroup_social.jpg","contentUrl":"https:\/\/nhkmachineryparts.com\/wp-content\/uploads\/2022\/09\/NHKgroup_social.jpg","width":1200,"height":630,"caption":"Nhk Group ApS"},"image":{"@id":"https:\/\/nhkmachineryparts.com\/#\/schema\/logo\/image\/"},"sameAs":["https:\/\/www.facebook.com\/NHK.Group.aps"]}]}},"_links":{"self":[{"href":"https:\/\/nhkmachineryparts.com\/es\/wp-json\/wp\/v2\/product\/12778","targetHints":{"allow":["GET"]}}],"collection":[{"href":"https:\/\/nhkmachineryparts.com\/es\/wp-json\/wp\/v2\/product"}],"about":[{"href":"https:\/\/nhkmachineryparts.com\/es\/wp-json\/wp\/v2\/types\/product"}],"wp:featuredmedia":[{"embeddable":true,"href":"https:\/\/nhkmachineryparts.com\/es\/wp-json\/wp\/v2\/media\/12779"}],"wp:attachment":[{"href":"https:\/\/nhkmachineryparts.com\/es\/wp-json\/wp\/v2\/media?parent=12778"}],"wp:term":[{"taxonomy":"product_brand","embeddable":true,"href":"https:\/\/nhkmachineryparts.com\/es\/wp-json\/wp\/v2\/product_brand?post=12778"},{"taxonomy":"product_cat","embeddable":true,"href":"https:\/\/nhkmachineryparts.com\/es\/wp-json\/wp\/v2\/product_cat?post=12778"},{"taxonomy":"product_tag","embeddable":true,"href":"https:\/\/nhkmachineryparts.com\/es\/wp-json\/wp\/v2\/product_tag?post=12778"}],"curies":[{"name":"Gracias","href":"https:\/\/api.w.org\/{rel}","templated":true}]}}