{"id":12776,"date":"2024-11-09T22:35:55","date_gmt":"2024-11-09T20:35:55","guid":{"rendered":"https:\/\/nhkmachineryparts.com\/?post_type=product&#038;p=12776"},"modified":"2026-02-27T16:03:33","modified_gmt":"2026-02-27T14:03:33","slug":"pies-niveladores-higienicos-con-2-placas-de-bloqueo-al-suelo-y-husillo-protegido-y-sellado","status":"publish","type":"product","link":"https:\/\/nhkmachineryparts.com\/es\/product\/hygienic-levelling-feet-with-2-floor-locking-plates-and-sealed-protected-spindle\/","title":{"rendered":"3-A authorized levelling feet with 2 floor locking plates\u00a0"},"content":{"rendered":"<section class=\"vc_row vc_custom_1662993827263 liquid-row-shadowbox-69d3e0adc9fde vc_column-gap-0\"><div class=\"ld-container container\"><div class=\"row ld-row ld-row-outer\"><div class=\"wpb_column vc_column_container vc_col-sm-12 liquid-column-69d3e0adca17a\"><div class=\"vc_column-inner\" ><div class=\"wpb_wrapper\"  >\n\t<div class=\"wpb_text_column wpb_content_element\" >\n\t\t<div class=\"wpb_wrapper\">\n\t\t\t<h2>Mejore la higiene de las instalaciones con soluciones avanzadas de sistemas de nivelaci\u00f3n<\/h2>\n<p><a href=\"https:\/\/nhkmachineryparts.com\/es\/product-line\/stainless-steel-solid-base-feet\/\" data-internallinksmanager029f6b8e52c=\"7\" title=\"Pies niveladores de m\u00e1quina con placa base s\u00f3lida\">Pies niveladores<\/a> En dise\u00f1o higi\u00e9nico sellado con base de goma para reducci\u00f3n de vibraciones y propiedades antideslizantes<br \/>\nNuestro sellado <a href=\"https:\/\/nhkmachineryparts.com\/es\/product-line\/stainless-steel-solid-base-feet\/\" data-internallinksmanager029f6b8e52c=\"17\" title=\"Pies niveladores de m\u00e1quina con placa base s\u00f3lida\">pies niveladores higi\u00e9nicos<\/a> Se proporcionan con un certificado de la FDA (FDA CFR 21 177 2600) con un n\u00famero de identificaci\u00f3n de lote \u00fanico para la trazabilidad de la seguridad alimentaria.<\/p>\n<p><a href=\"https:\/\/nhkmachineryparts.com\/shop\/product-line\/machine-levelling-feet-in-a-hygienic-design\/levelling-feet-with-fully-threaded-spindle\/\">Pruebe nuestro selector de productos<\/a><\/p>\n<h3>Pies niveladores en dise\u00f1o higi\u00e9nico sellado caracter\u00edsticas y ventajas<\/h3>\n<p>Sellado <a href=\"https:\/\/nhkmachineryparts.com\/es\/product-line\/stainless-steel-solid-base-feet\/\" data-internallinksmanager029f6b8e52c=\"17\" title=\"Pies niveladores de m\u00e1quina con placa base s\u00f3lida\">pies niveladores higi\u00e9nicos<\/a> Tienen un dise\u00f1o redondeado e higi\u00e9nico que facilita su limpieza.<br \/>\nSellado <a href=\"https:\/\/nhkmachineryparts.com\/es\/product-line\/stainless-steel-solid-base-feet\/\" data-internallinksmanager029f6b8e52c=\"17\" title=\"Pies niveladores de m\u00e1quina con placa base s\u00f3lida\">pies niveladores higi\u00e9nicos<\/a> Puede soportar pendientes de hasta 10 grados en suelos y equipos.<\/p>\n<h3>Pies niveladores en materiales de dise\u00f1o higi\u00e9nico sellados<\/h3>\n<p>Sellado <a href=\"https:\/\/nhkmachineryparts.com\/es\/product-line\/stainless-steel-solid-base-feet\/\" data-internallinksmanager029f6b8e52c=\"17\" title=\"Pies niveladores de m\u00e1quina con placa base s\u00f3lida\">pies niveladores higi\u00e9nicos<\/a> pieza de caucho vulcanizado con certificado FDA seg\u00fan FDA CFR 21 177 2600.<\/p>\n<p>Descripci\u00f3n del material de la placa base:<br \/>\nAcero inoxidable Aisi 304 o Aisi 316<\/p>\n<p>Descripci\u00f3n del material del husillo:<br \/>\nAcero inoxidable A2-70 o A4-70<\/p>\n<p>Descripci\u00f3n del material base de caucho:<br \/>\nCaucho NBR (caucho de nitrilo CAS no. 9005-98-5)<br \/>\nCertificado FDA seg\u00fan FDA CFR 21 177 2600<\/p>\n<p>Todos los materiales son altamente resistentes a los productos qu\u00edmicos y agentes de limpieza com\u00fanmente utilizados, as\u00ed como a aceites y grasas resistentes.<\/p>\n<h3>Pies niveladores en tama\u00f1os de dise\u00f1o higi\u00e9nico sellados<\/h3>\n<p>Sellado higi\u00e9nico <a href=\"https:\/\/nhkmachineryparts.com\/es\/producto\/301-pies-de-maquina-en-diseno-higienico-sellado-shmf-con-placa-de-bloqueo-de-piso\/\" data-internallinksmanager029f6b8e52c=\"20\" title=\"pies de m\u00e1quina\">pies de m\u00e1quina<\/a> La base est\u00e1 disponible en una amplia gama, lo que brinda flexibilidad y elecci\u00f3n \u00f3ptimas.<\/p>\n<table class=\"dcf-table dcf-table-responsive dcf-table-bordered dcf-w-100%\">\n<thead>\n<tr>\n<th scope=\"col\">Tipo de base<\/th>\n<th scope=\"col\">Di\u00e1metro de la base D<\/th>\n<th scope=\"col\">Nom. Carga<\/th>\n<\/tr>\n<\/thead>\n<tbody>\n<tr>\n<td data-label=\"HMF Base Size\">Liga de Alto Nivel 62<\/td>\n<td data-label=\"Base Diameter D\">60mm<\/td>\n<td data-label=\"Nom. Load \">7.000 norte<\/td>\n<\/tr>\n<tr>\n<td data-label=\"HMF Base Size\">Liga de Alto Nivel 82<\/td>\n<td data-label=\"Base Diameter D\">80mm<\/td>\n<td data-label=\"Nom. Load \">15.000 norte<\/td>\n<\/tr>\n<tr>\n<td data-label=\"HMF Base Size\">HLF 102 (en ingl\u00e9s)<\/td>\n<td data-label=\"Base Diameter D\">100mm<\/td>\n<td data-label=\"Nom. Load \">20.000 norte<\/td>\n<\/tr>\n<tr>\n<td data-label=\"HMF Base Size\">Alto Nivel 122<\/td>\n<td data-label=\"Base Diameter D\">120mm<\/td>\n<td data-label=\"Nom. Load \">30.000 norte<\/td>\n<\/tr>\n<\/tbody>\n<\/table>\n<p>Sellado <a href=\"https:\/\/nhkmachineryparts.com\/es\/product-line\/stainless-steel-solid-base-feet\/\" data-internallinksmanager029f6b8e52c=\"17\" title=\"Pies niveladores de m\u00e1quina con placa base s\u00f3lida\">pies niveladores higi\u00e9nicos<\/a> Los husillos con funda protectora est\u00e1n disponibles en una amplia gama, lo que brinda flexibilidad y elecci\u00f3n \u00f3ptimas.<\/p>\n<div class=\"dcf-overflow-x-auto\" tabindex=\"0\">\n<table class=\"dcf-table dcf-table-bordered dcf-w-100%\">\n<caption>SHLF Di\u00e1metro del husillo y manguito<\/caption>\n<tbody>\n<tr>\n<td>M16<\/td>\n<td>M20<\/td>\n<td>M24<\/td>\n<td>M30<\/td>\n<td>M36<\/td>\n<td>M42<\/td>\n<td>M48<\/td>\n<\/tr>\n<\/tbody>\n<\/table>\n<\/div>\n<div class=\"dcf-overflow-x-auto\" tabindex=\"0\">\n<table class=\"dcf-table dcf-table-bordered dcf-w-100%\">\n<caption>SHLF Longitud del husillo (L) y longitud de la manga (H)<\/caption>\n<tbody>\n<tr>\n<td>Largo=135 mm Alto=55 mm<\/td>\n<td>M\u00ednimo 80 mm a m\u00e1ximo 120 mm<\/td>\n<\/tr>\n<tr>\n<td>Largo=175 mm Alto=75 mm<\/td>\n<td>M\u00ednimo 100 mm a m\u00e1ximo 160 mm<\/td>\n<\/tr>\n<tr>\n<td>Largo=215 mm Alto=95 mm<\/td>\n<td>M\u00ednimo 120 mm a m\u00e1ximo 200 mm<\/td>\n<\/tr>\n<tr>\n<td>Largo=255 mm Alto=115 mm<\/td>\n<td>M\u00ednimo 140 mm a m\u00e1ximo 240 mm<\/td>\n<\/tr>\n<tr>\n<td>Largo=295 mm Alto=125 mm<\/td>\n<td>M\u00ednimo 180 mm a m\u00e1ximo 280 mm<\/td>\n<\/tr>\n<\/tbody>\n<\/table>\n<\/div>\n<p>Para otras longitudes de husillo roscado (L), cons\u00faltenos<br \/>\nRoscas en pulgadas est\u00e1n disponibles bajo pedido.<br \/>\nLa rosca tambi\u00e9n se puede personalizar seg\u00fan una solicitud espec\u00edfica, rosca extra trapezoidal, etc.<\/p>\n<h3>Pies niveladores en opci\u00f3n de entrega con dise\u00f1o higi\u00e9nico sellado<\/h3>\n<p>Para pedidos grandes ofrecemos suministrar la base y los husillos por separado.<br \/>\nLa ventaja es la flexibilidad para el cliente que utiliza muchos tama\u00f1os diferentes de husillos.<\/p>\n<h2 data-start=\"0\" data-end=\"84\">Pies niveladores higi\u00e9nicos con 2 placas de bloqueo al suelo y eje protegido y sellado<\/h2>\n<h3 data-start=\"86\" data-end=\"154\">La importancia de los pies niveladores higi\u00e9nicos en entornos limpios<\/h3>\n<p data-start=\"155\" data-end=\"457\"><a href=\"https:\/\/nhkmachineryparts.com\/es\/product-line\/stainless-steel-solid-base-feet\/\" data-internallinksmanager029f6b8e52c=\"17\" title=\"Pies niveladores de m\u00e1quina con placa base s\u00f3lida\">Pies niveladores higi\u00e9nicos<\/a> juegan un papel crucial en <a href=\"https:\/\/nhkmachineryparts.com\/es\/our-industries\/\" data-internallinksmanager029f6b8e52c=\"4\" title=\"Nuestras industrias\">industrias<\/a> donde la limpieza y la seguridad son prioridades m\u00e1ximas, como en el procesamiento de alimentos, productos farmac\u00e9uticos y biotecnolog\u00eda. Dise\u00f1ados para brindar un soporte estable y minimizar los riesgos de contaminaci\u00f3n, estos componentes garantizan que la maquinaria se mantenga nivelada y segura.<\/p>\n<h3 data-start=\"459\" data-end=\"503\">Ventajas de las placas de bloqueo de piso dobles<\/h3>\n<p data-start=\"504\" data-end=\"885\">Pies niveladores con <strong data-start=\"524\" data-end=\"552\">Dos placas de bloqueo de piso<\/strong> Mejora la estabilidad y evita movimientos o vibraciones no deseados. Este dise\u00f1o es especialmente beneficioso en entornos de mucho tr\u00e1fico donde la maquinaria debe permanecer en una posici\u00f3n fija para evitar interrupciones operativas. Adem\u00e1s, el sistema de doble bloqueo refuerza la higiene al eliminar los huecos donde se pueden acumular suciedad y bacterias.<\/p>\n<h3 data-start=\"887\" data-end=\"936\">Husillo sellado y protegido para m\u00e1xima higiene<\/h3>\n<p data-start=\"937\" data-end=\"1310\">A <strong data-start=\"939\" data-end=\"967\">husillo protegido sellado<\/strong> Evita que la suciedad, la humedad y los contaminantes penetren en los componentes cr\u00edticos. Esta caracter\u00edstica reduce significativamente los esfuerzos de mantenimiento y prolonga la vida \u00fatil del pie nivelador. En las industrias donde la higiene es primordial, un husillo completamente cerrado garantiza el cumplimiento de estrictas normas de higiene, incluidas <a href=\"https:\/\/nhkmachineryparts.com\/es\/cual-es-la-diferencia-entre-3a-y-ehedg\/\" data-internallinksmanager029f6b8e52c=\"2\" title=\"Piezas de maquinaria certificadas EHEDG\">EHEDG<\/a> y normas 3-A.<\/p>\n<h3 data-start=\"1312\" data-end=\"1364\">Aplicaciones en sectores higi\u00e9nicos e industriales<\/h3>\n<p data-start=\"1365\" data-end=\"1641\">Estos pies niveladores avanzados se utilizan ampliamente en l\u00edneas de procesamiento de alimentos, instalaciones de producci\u00f3n farmac\u00e9utica y maquinaria de envasado. Su dise\u00f1o higi\u00e9nico garantiza el cumplimiento de los requisitos normativos, lo que los convierte en una opci\u00f3n confiable para salas blancas y entornos est\u00e9riles.<\/p>\n<h3 data-start=\"1643\" data-end=\"1696\">Optimizaci\u00f3n del rendimiento con componentes certificados<\/h3>\n<p data-start=\"1697\" data-end=\"1994\">Elegir pies niveladores fabricados con materiales de alta calidad <strong data-start=\"1742\" data-end=\"1761\">acero inoxidable<\/strong> Con materiales de sellado higi\u00e9nicos que garantizan durabilidad y resistencia a la corrosi\u00f3n. Cuando se combinan con protocolos de limpieza y anclaje de piso adecuados, estos componentes ayudan a mantener un entorno de producci\u00f3n eficiente y libre de contaminaci\u00f3n.<\/p>\n<h3 data-start=\"1697\" data-end=\"1994\">Pies niveladores higi\u00e9nicos personalizados para una eficiencia operativa \u00f3ptima<\/h3>\n<p data-start=\"1697\" data-end=\"1994\">Los beneficios de <a href=\"https:\/\/nhkmachineryparts.com\/es\/product-line\/stainless-steel-solid-base-feet\/\" data-internallinksmanager029f6b8e52c=\"17\" title=\"Pies niveladores de m\u00e1quina con placa base s\u00f3lida\">pies niveladores higi\u00e9nicos<\/a> con 2 placas de bloqueo de piso y un husillo protegido sellado, lo que garantiza estabilidad, durabilidad y cumplimiento en entornos e industrias limpias.<\/p>\n\n\t\t<\/div>\n\t<\/div>\n<\/div><\/div><\/div><\/div><\/div><\/section>","protected":false},"excerpt":{"rendered":"Boost Facility Hygiene with Advanced Levelling System Solutions Levelling feet in sealed hygienic design with rubber base for vibration reduction and anti-slip properties Our sealed hygienic levelling feet are provided with FDA certificate (FDA CFR 21 177 2600) with unique batch ID number for food safety traceability Try our product selector Levelling feet in sealed [...]","protected":false},"featured_media":12777,"template":"","meta":[],"product_brand":[],"product_cat":[98],"product_tag":[],"class_list":{"0":"post-12776","1":"product","2":"type-product","3":"status-publish","4":"has-post-thumbnail","6":"product_cat-ehedg-certified-3a-ssi-standard-components","8":"first","9":"instock","10":"shipping-taxable","11":"product-type-simple"},"yoast_head":"<!-- This site is optimized with the Yoast SEO plugin v27.3 - https:\/\/yoast.com\/product\/yoast-seo-wordpress\/ -->\n<title>3-A authorized levelling feet with 2 floor locking plates\u00a0<\/title>\n<meta name=\"description\" content=\"Elevate your facility\u2019s hygiene with precision-engineered levelling feet. Designed for maximum stability and performance. Ensure contamination control.\" \/>\n<meta name=\"robots\" content=\"index, follow, max-snippet:-1, max-image-preview:large, max-video-preview:-1\" \/>\n<link rel=\"canonical\" href=\"https:\/\/nhkmachineryparts.com\/es\/producto\/pies-niveladores-higienicos-con-2-placas-de-bloqueo-al-suelo-y-husillo-protegido-y-sellado\/\" \/>\n<meta property=\"og:locale\" content=\"es_ES\" \/>\n<meta property=\"og:type\" content=\"article\" \/>\n<meta property=\"og:title\" content=\"3-A authorized levelling feet with 2 floor locking plates\u00a0\" \/>\n<meta property=\"og:description\" content=\"Elevate your facility\u2019s hygiene with precision-engineered levelling feet. Designed for maximum stability and performance. Ensure contamination control.\" \/>\n<meta property=\"og:url\" content=\"https:\/\/nhkmachineryparts.com\/es\/producto\/pies-niveladores-higienicos-con-2-placas-de-bloqueo-al-suelo-y-husillo-protegido-y-sellado\/\" \/>\n<meta property=\"og:site_name\" content=\"NHK Machinery Parts\" \/>\n<meta property=\"article:publisher\" content=\"https:\/\/www.facebook.com\/NHK.Group.aps\" \/>\n<meta property=\"article:modified_time\" content=\"2026-02-27T14:03:33+00:00\" \/>\n<meta property=\"og:image\" content=\"https:\/\/nhkmachineryparts.com\/wp-content\/uploads\/2024\/11\/HLF-x2-3A-1.jpg\" \/>\n\t<meta property=\"og:image:width\" content=\"1000\" \/>\n\t<meta property=\"og:image:height\" content=\"1000\" \/>\n\t<meta property=\"og:image:type\" content=\"image\/jpeg\" \/>\n<meta name=\"twitter:card\" content=\"summary_large_image\" \/>\n<meta name=\"twitter:label1\" content=\"Tiempo de lectura\" \/>\n\t<meta name=\"twitter:data1\" content=\"4 minutos\" \/>\n<script type=\"application\/ld+json\" class=\"yoast-schema-graph\">{\"@context\":\"https:\\\/\\\/schema.org\",\"@graph\":[{\"@type\":\"WebPage\",\"@id\":\"https:\\\/\\\/nhkmachineryparts.com\\\/product\\\/hygienic-levelling-feet-with-2-floor-locking-plates-and-sealed-protected-spindle\\\/\",\"url\":\"https:\\\/\\\/nhkmachineryparts.com\\\/product\\\/hygienic-levelling-feet-with-2-floor-locking-plates-and-sealed-protected-spindle\\\/\",\"name\":\"3-A authorized levelling feet with 2 floor locking plates\u00a0\",\"isPartOf\":{\"@id\":\"https:\\\/\\\/nhkmachineryparts.com\\\/#website\"},\"primaryImageOfPage\":{\"@id\":\"https:\\\/\\\/nhkmachineryparts.com\\\/product\\\/hygienic-levelling-feet-with-2-floor-locking-plates-and-sealed-protected-spindle\\\/#primaryimage\"},\"image\":{\"@id\":\"https:\\\/\\\/nhkmachineryparts.com\\\/product\\\/hygienic-levelling-feet-with-2-floor-locking-plates-and-sealed-protected-spindle\\\/#primaryimage\"},\"thumbnailUrl\":\"https:\\\/\\\/nhkmachineryparts.com\\\/wp-content\\\/uploads\\\/2024\\\/11\\\/HLF-x2-3A-1.jpg\",\"datePublished\":\"2024-11-09T20:35:55+00:00\",\"dateModified\":\"2026-02-27T14:03:33+00:00\",\"description\":\"Elevate your facility\u2019s hygiene with precision-engineered levelling feet. Designed for maximum stability and performance. Ensure contamination control.\",\"breadcrumb\":{\"@id\":\"https:\\\/\\\/nhkmachineryparts.com\\\/product\\\/hygienic-levelling-feet-with-2-floor-locking-plates-and-sealed-protected-spindle\\\/#breadcrumb\"},\"inLanguage\":\"es\",\"potentialAction\":[{\"@type\":\"ReadAction\",\"target\":[\"https:\\\/\\\/nhkmachineryparts.com\\\/product\\\/hygienic-levelling-feet-with-2-floor-locking-plates-and-sealed-protected-spindle\\\/\"]}]},{\"@type\":\"ImageObject\",\"inLanguage\":\"es\",\"@id\":\"https:\\\/\\\/nhkmachineryparts.com\\\/product\\\/hygienic-levelling-feet-with-2-floor-locking-plates-and-sealed-protected-spindle\\\/#primaryimage\",\"url\":\"https:\\\/\\\/nhkmachineryparts.com\\\/wp-content\\\/uploads\\\/2024\\\/11\\\/HLF-x2-3A-1.jpg\",\"contentUrl\":\"https:\\\/\\\/nhkmachineryparts.com\\\/wp-content\\\/uploads\\\/2024\\\/11\\\/HLF-x2-3A-1.jpg\",\"width\":1000,\"height\":1000,\"caption\":\"Hygienic levelling feet with 2 floor locking plates\u00a0and sealed protected spindle\"},{\"@type\":\"BreadcrumbList\",\"@id\":\"https:\\\/\\\/nhkmachineryparts.com\\\/product\\\/hygienic-levelling-feet-with-2-floor-locking-plates-and-sealed-protected-spindle\\\/#breadcrumb\",\"itemListElement\":[{\"@type\":\"ListItem\",\"position\":1,\"name\":\"Home\",\"item\":\"https:\\\/\\\/nhkmachineryparts.com\\\/\"},{\"@type\":\"ListItem\",\"position\":2,\"name\":\"Product line\",\"item\":\"https:\\\/\\\/nhkmachineryparts.com\\\/product-line\\\/\"},{\"@type\":\"ListItem\",\"position\":3,\"name\":\"Certified EHEDG standard components\",\"item\":\"https:\\\/\\\/nhkmachineryparts.com\\\/product-line\\\/ehedg-certified-3a-ssi-standard-components\\\/\"},{\"@type\":\"ListItem\",\"position\":4,\"name\":\"3-A authorized levelling feet with 2 floor locking plates\u00a0\"}]},{\"@type\":\"WebSite\",\"@id\":\"https:\\\/\\\/nhkmachineryparts.com\\\/#website\",\"url\":\"https:\\\/\\\/nhkmachineryparts.com\\\/\",\"name\":\"NHK Machinery Parts\",\"description\":\"Bearing Houses, seismic levelling feet and levelling castors\",\"publisher\":{\"@id\":\"https:\\\/\\\/nhkmachineryparts.com\\\/#organization\"},\"potentialAction\":[{\"@type\":\"SearchAction\",\"target\":{\"@type\":\"EntryPoint\",\"urlTemplate\":\"https:\\\/\\\/nhkmachineryparts.com\\\/?s={search_term_string}\"},\"query-input\":{\"@type\":\"PropertyValueSpecification\",\"valueRequired\":true,\"valueName\":\"search_term_string\"}}],\"inLanguage\":\"es\"},{\"@type\":\"Organization\",\"@id\":\"https:\\\/\\\/nhkmachineryparts.com\\\/#organization\",\"name\":\"Nhk Group ApS\",\"url\":\"https:\\\/\\\/nhkmachineryparts.com\\\/\",\"logo\":{\"@type\":\"ImageObject\",\"inLanguage\":\"es\",\"@id\":\"https:\\\/\\\/nhkmachineryparts.com\\\/#\\\/schema\\\/logo\\\/image\\\/\",\"url\":\"https:\\\/\\\/nhkmachineryparts.com\\\/wp-content\\\/uploads\\\/2022\\\/09\\\/NHKgroup_social.jpg\",\"contentUrl\":\"https:\\\/\\\/nhkmachineryparts.com\\\/wp-content\\\/uploads\\\/2022\\\/09\\\/NHKgroup_social.jpg\",\"width\":1200,\"height\":630,\"caption\":\"Nhk Group ApS\"},\"image\":{\"@id\":\"https:\\\/\\\/nhkmachineryparts.com\\\/#\\\/schema\\\/logo\\\/image\\\/\"},\"sameAs\":[\"https:\\\/\\\/www.facebook.com\\\/NHK.Group.aps\"]}]}<\/script>\n<!-- \/ Yoast SEO plugin. -->","yoast_head_json":{"title":"3-A authorized levelling feet with 2 floor locking plates\u00a0","description":"Mejore la higiene de sus instalaciones con pies niveladores dise\u00f1ados con precisi\u00f3n para lograr la m\u00e1xima estabilidad y rendimiento. Garantice el control de la contaminaci\u00f3n.","robots":{"index":"index","follow":"follow","max-snippet":"max-snippet:-1","max-image-preview":"max-image-preview:large","max-video-preview":"max-video-preview:-1"},"canonical":"https:\/\/nhkmachineryparts.com\/es\/producto\/pies-niveladores-higienicos-con-2-placas-de-bloqueo-al-suelo-y-husillo-protegido-y-sellado\/","og_locale":"es_ES","og_type":"article","og_title":"3-A authorized levelling feet with 2 floor locking plates\u00a0","og_description":"Elevate your facility\u2019s hygiene with precision-engineered levelling feet. Designed for maximum stability and performance. Ensure contamination control.","og_url":"https:\/\/nhkmachineryparts.com\/es\/producto\/pies-niveladores-higienicos-con-2-placas-de-bloqueo-al-suelo-y-husillo-protegido-y-sellado\/","og_site_name":"NHK Machinery Parts","article_publisher":"https:\/\/www.facebook.com\/NHK.Group.aps","article_modified_time":"2026-02-27T14:03:33+00:00","og_image":[{"width":1000,"height":1000,"url":"https:\/\/nhkmachineryparts.com\/wp-content\/uploads\/2024\/11\/HLF-x2-3A-1.jpg","type":"image\/jpeg"}],"twitter_card":"summary_large_image","twitter_misc":{"Tiempo de lectura":"4 minutos"},"schema":{"@context":"https:\/\/schema.org","@graph":[{"@type":"WebPage","@id":"https:\/\/nhkmachineryparts.com\/product\/hygienic-levelling-feet-with-2-floor-locking-plates-and-sealed-protected-spindle\/","url":"https:\/\/nhkmachineryparts.com\/product\/hygienic-levelling-feet-with-2-floor-locking-plates-and-sealed-protected-spindle\/","name":"3-A authorized levelling feet with 2 floor locking plates\u00a0","isPartOf":{"@id":"https:\/\/nhkmachineryparts.com\/#website"},"primaryImageOfPage":{"@id":"https:\/\/nhkmachineryparts.com\/product\/hygienic-levelling-feet-with-2-floor-locking-plates-and-sealed-protected-spindle\/#primaryimage"},"image":{"@id":"https:\/\/nhkmachineryparts.com\/product\/hygienic-levelling-feet-with-2-floor-locking-plates-and-sealed-protected-spindle\/#primaryimage"},"thumbnailUrl":"https:\/\/nhkmachineryparts.com\/wp-content\/uploads\/2024\/11\/HLF-x2-3A-1.jpg","datePublished":"2024-11-09T20:35:55+00:00","dateModified":"2026-02-27T14:03:33+00:00","description":"Mejore la higiene de sus instalaciones con pies niveladores dise\u00f1ados con precisi\u00f3n para lograr la m\u00e1xima estabilidad y rendimiento. Garantice el control de la contaminaci\u00f3n.","breadcrumb":{"@id":"https:\/\/nhkmachineryparts.com\/product\/hygienic-levelling-feet-with-2-floor-locking-plates-and-sealed-protected-spindle\/#breadcrumb"},"inLanguage":"es","potentialAction":[{"@type":"ReadAction","target":["https:\/\/nhkmachineryparts.com\/product\/hygienic-levelling-feet-with-2-floor-locking-plates-and-sealed-protected-spindle\/"]}]},{"@type":"ImageObject","inLanguage":"es","@id":"https:\/\/nhkmachineryparts.com\/product\/hygienic-levelling-feet-with-2-floor-locking-plates-and-sealed-protected-spindle\/#primaryimage","url":"https:\/\/nhkmachineryparts.com\/wp-content\/uploads\/2024\/11\/HLF-x2-3A-1.jpg","contentUrl":"https:\/\/nhkmachineryparts.com\/wp-content\/uploads\/2024\/11\/HLF-x2-3A-1.jpg","width":1000,"height":1000,"caption":"Hygienic levelling feet with 2 floor locking plates\u00a0and sealed protected spindle"},{"@type":"BreadcrumbList","@id":"https:\/\/nhkmachineryparts.com\/product\/hygienic-levelling-feet-with-2-floor-locking-plates-and-sealed-protected-spindle\/#breadcrumb","itemListElement":[{"@type":"ListItem","position":1,"name":"Home","item":"https:\/\/nhkmachineryparts.com\/"},{"@type":"ListItem","position":2,"name":"Product line","item":"https:\/\/nhkmachineryparts.com\/product-line\/"},{"@type":"ListItem","position":3,"name":"Certified EHEDG standard components","item":"https:\/\/nhkmachineryparts.com\/product-line\/ehedg-certified-3a-ssi-standard-components\/"},{"@type":"ListItem","position":4,"name":"3-A authorized levelling feet with 2 floor locking plates\u00a0"}]},{"@type":"WebSite","@id":"https:\/\/nhkmachineryparts.com\/#website","url":"https:\/\/nhkmachineryparts.com\/","name":"Piezas de maquinaria NHK","description":"Casas de rodamiento, pies niveladores s\u00edsmicos y ruedas niveladoras","publisher":{"@id":"https:\/\/nhkmachineryparts.com\/#organization"},"potentialAction":[{"@type":"SearchAction","target":{"@type":"EntryPoint","urlTemplate":"https:\/\/nhkmachineryparts.com\/?s={search_term_string}"},"query-input":{"@type":"PropertyValueSpecification","valueRequired":true,"valueName":"search_term_string"}}],"inLanguage":"es"},{"@type":"Organization","@id":"https:\/\/nhkmachineryparts.com\/#organization","name":"Grupo Nhk ApS","url":"https:\/\/nhkmachineryparts.com\/","logo":{"@type":"ImageObject","inLanguage":"es","@id":"https:\/\/nhkmachineryparts.com\/#\/schema\/logo\/image\/","url":"https:\/\/nhkmachineryparts.com\/wp-content\/uploads\/2022\/09\/NHKgroup_social.jpg","contentUrl":"https:\/\/nhkmachineryparts.com\/wp-content\/uploads\/2022\/09\/NHKgroup_social.jpg","width":1200,"height":630,"caption":"Nhk Group ApS"},"image":{"@id":"https:\/\/nhkmachineryparts.com\/#\/schema\/logo\/image\/"},"sameAs":["https:\/\/www.facebook.com\/NHK.Group.aps"]}]}},"_links":{"self":[{"href":"https:\/\/nhkmachineryparts.com\/es\/wp-json\/wp\/v2\/product\/12776","targetHints":{"allow":["GET"]}}],"collection":[{"href":"https:\/\/nhkmachineryparts.com\/es\/wp-json\/wp\/v2\/product"}],"about":[{"href":"https:\/\/nhkmachineryparts.com\/es\/wp-json\/wp\/v2\/types\/product"}],"wp:featuredmedia":[{"embeddable":true,"href":"https:\/\/nhkmachineryparts.com\/es\/wp-json\/wp\/v2\/media\/12777"}],"wp:attachment":[{"href":"https:\/\/nhkmachineryparts.com\/es\/wp-json\/wp\/v2\/media?parent=12776"}],"wp:term":[{"taxonomy":"product_brand","embeddable":true,"href":"https:\/\/nhkmachineryparts.com\/es\/wp-json\/wp\/v2\/product_brand?post=12776"},{"taxonomy":"product_cat","embeddable":true,"href":"https:\/\/nhkmachineryparts.com\/es\/wp-json\/wp\/v2\/product_cat?post=12776"},{"taxonomy":"product_tag","embeddable":true,"href":"https:\/\/nhkmachineryparts.com\/es\/wp-json\/wp\/v2\/product_tag?post=12776"}],"curies":[{"name":"Gracias","href":"https:\/\/api.w.org\/{rel}","templated":true}]}}