{"id":12772,"date":"2024-11-09T22:14:26","date_gmt":"2024-11-09T20:14:26","guid":{"rendered":"https:\/\/nhkmachineryparts.com\/?post_type=product&#038;p=12772"},"modified":"2026-02-23T13:35:13","modified_gmt":"2026-02-23T11:35:13","slug":"pies-de-maquina-higienicos-con-2-placas-de-bloqueo-al-suelo-y-husillo-protegido","status":"publish","type":"product","link":"https:\/\/nhkmachineryparts.com\/es\/product\/hygienic-machine-feet-with-2-floor-locking-plates-and-protected-spindle\/","title":{"rendered":"Pies de m\u00e1quina higi\u00e9nicos con 2 placas de bloqueo al suelo y husillo protegido"},"content":{"rendered":"<section class=\"vc_row vc_custom_1662993827263 liquid-row-shadowbox-69d411fde6f52 vc_column-gap-0\"><div class=\"ld-container container\"><div class=\"row ld-row ld-row-outer\"><div class=\"wpb_column vc_column_container vc_col-sm-12 liquid-column-69d411fde70dd\"><div class=\"vc_column-inner\" ><div class=\"wpb_wrapper\"  >\n\t<div class=\"wpb_text_column wpb_content_element\" >\n\t\t<div class=\"wpb_wrapper\">\n\t\t\t<h2>Garantizar la estabilidad y la limpieza en aplicaciones industriales<\/h2>\n<p><a href=\"https:\/\/nhkmachineryparts.com\/es\/producto\/301-pies-de-maquina-en-diseno-higienico-sellado-shmf-con-placa-de-bloqueo-de-piso\/\" data-internallinksmanager029f6b8e52c=\"20\" title=\"pies de m\u00e1quina\">Pies de m\u00e1quina<\/a> en dise\u00f1o higi\u00e9nico con base de goma para reducir las vibraciones y propiedades antideslizantes<br \/>\nNuestras patas de m\u00e1quina extra higi\u00e9nicas cuentan con el certificado FDA (FDA CFR 21 177 2600) con un n\u00famero de identificaci\u00f3n de lote \u00fanico para la trazabilidad de la seguridad alimentaria.<\/p>\n<p><a href=\"https:\/\/nhkmachineryparts.com\/es\/comercio\/linea-de-producto\/pies-niveladores-para-maquinas-en-diseno-higienico\/sanitary-machine-feet-with-protected-spindle\/\">Pruebe nuestro selector de productos<\/a><\/p>\n<h3>Pies de m\u00e1quina en dise\u00f1o higi\u00e9nico caracter\u00edsticas y ventajas<\/h3>\n<p>Los pies de m\u00e1quina higi\u00e9nicos tienen un dise\u00f1o redondeado e higi\u00e9nico que facilita su limpieza.<br \/>\nLos pies de m\u00e1quina higi\u00e9nicos pueden soportar pendientes de hasta 10 grados en pisos y equipos.<\/p>\n<h3>Pies de m\u00e1quina en materiales de dise\u00f1o higi\u00e9nico.<\/h3>\n<p>Pies de m\u00e1quina higi\u00e9nicos, pieza de caucho vulcanizado con certificado FDA seg\u00fan FDA CFR 21 177 2600.<\/p>\n<p>Descripci\u00f3n del material de la placa base:<br \/>\nAcero inoxidable Aisi 304 o Aisi 316<\/p>\n<p>Descripci\u00f3n del material del husillo:<br \/>\nAcero inoxidable A2-70 o A4-70<\/p>\n<p>Descripci\u00f3n del material base de caucho:<br \/>\nCaucho NBR (caucho de nitrilo CAS no. 9005-98-5)<br \/>\nCertificado FDA seg\u00fan FDA CFR 21 177 2600<\/p>\n<p>Todos los materiales son altamente resistentes a los productos qu\u00edmicos y agentes de limpieza com\u00fanmente utilizados, as\u00ed como a aceites y grasas resistentes.<\/p>\n<h3>Pies de m\u00e1quina en tama\u00f1os de dise\u00f1o higi\u00e9nico<\/h3>\n<p>Las bases de pies de m\u00e1quina higi\u00e9nicas est\u00e1n disponibles en una amplia gama, lo que ofrece una flexibilidad y una elecci\u00f3n \u00f3ptimas.<\/p>\n<table class=\"dcf-table dcf-table-responsive dcf-table-bordered dcf-w-100%\">\n<thead>\n<tr>\n<th scope=\"col\">Tipo de base<\/th>\n<th scope=\"col\">Di\u00e1metro de la base D<\/th>\n<th scope=\"col\">Nom. Carga<\/th>\n<\/tr>\n<\/thead>\n<tbody>\n<tr>\n<td data-label=\"HMF Base Size\">HMF62<\/td>\n<td data-label=\"Base Diameter D\">60mm<\/td>\n<td data-label=\"Nom. Load \">7.000 norte<\/td>\n<\/tr>\n<tr>\n<td data-label=\"HMF Base Size\">HMF82<\/td>\n<td data-label=\"Base Diameter D\">80mm<\/td>\n<td data-label=\"Nom. Load \">15.000 norte<\/td>\n<\/tr>\n<tr>\n<td data-label=\"HMF Base Size\">HMF102<\/td>\n<td data-label=\"Base Diameter D\">100mm<\/td>\n<td data-label=\"Nom. Load \">20.000 norte<\/td>\n<\/tr>\n<tr>\n<td data-label=\"HMF Base Size\">HMF122<\/td>\n<td data-label=\"Base Diameter D\">120mm<\/td>\n<td data-label=\"Nom. Load \">30.000 norte<\/td>\n<\/tr>\n<\/tbody>\n<\/table>\n<p>Los pies de m\u00e1quina higi\u00e9nicos para husillo con funda protectora est\u00e1n disponibles en una amplia gama, lo que ofrece una flexibilidad y una elecci\u00f3n \u00f3ptimas.<\/p>\n<div class=\"dcf-overflow-x-auto\" tabindex=\"0\">\n<table class=\"dcf-table dcf-table-bordered dcf-w-100%\">\n<caption>EHMF Di\u00e1metro del husillo y del manguito<\/caption>\n<tbody>\n<tr>\n<td>M16<\/td>\n<td>M20<\/td>\n<td>M24<\/td>\n<td>M30<\/td>\n<td>M36<\/td>\n<td>M42<\/td>\n<td>M48<\/td>\n<\/tr>\n<\/tbody>\n<\/table>\n<\/div>\n<div class=\"dcf-overflow-x-auto\" tabindex=\"0\">\n<table class=\"dcf-table dcf-table-bordered dcf-w-100%\">\n<caption>EHMF Longitud del husillo (L) y longitud de la manga (H)<\/caption>\n<tbody>\n<tr>\n<td>Largo=135 mm Alto=55 mm<\/td>\n<td>M\u00ednimo 80 mm a m\u00e1ximo 120 mm<\/td>\n<\/tr>\n<tr>\n<td>Largo=175 mm Alto=75 mm<\/td>\n<td>M\u00ednimo 100 mm a m\u00e1ximo 160 mm<\/td>\n<\/tr>\n<tr>\n<td>Largo=215 mm Alto=95 mm<\/td>\n<td>M\u00ednimo 120 mm a m\u00e1ximo 200 mm<\/td>\n<\/tr>\n<tr>\n<td>Largo=255 mm Alto=115 mm<\/td>\n<td>M\u00ednimo 140 mm a m\u00e1ximo 240 mm<\/td>\n<\/tr>\n<tr>\n<td>Largo=295 mm Alto=125 mm<\/td>\n<td>M\u00ednimo 180 mm a m\u00e1ximo 280 mm<\/td>\n<\/tr>\n<\/tbody>\n<\/table>\n<\/div>\n<p>Para otras longitudes de husillo roscado (L), cons\u00faltenos<br \/>\nRoscas en pulgadas est\u00e1n disponibles bajo pedido.<br \/>\nLa rosca tambi\u00e9n se puede personalizar seg\u00fan una solicitud espec\u00edfica, rosca extra trapezoidal, etc.<\/p>\n<h3>Pies de m\u00e1quina en opci\u00f3n de entrega de dise\u00f1o higi\u00e9nico<\/h3>\n<p>Para pedidos grandes ofrecemos suministrar la base y los husillos por separado.<br \/>\nLa ventaja es la flexibilidad para el cliente que utiliza muchos tama\u00f1os diferentes de husillos.<\/p>\n<h2 data-start=\"0\" data-end=\"140\">Patas de m\u00e1quina higi\u00e9nicas con dos placas de bloqueo al suelo y husillo protegido<\/h2>\n<h3 data-start=\"142\" data-end=\"196\">Mayor estabilidad con dos placas de bloqueo en el suelo<\/h3>\n<p data-start=\"198\" data-end=\"594\">Los pies de m\u00e1quina higi\u00e9nicos con dos placas de bloqueo al piso son esenciales para mantener la estabilidad y el control de la vibraci\u00f3n en el procesamiento de alimentos, productos farmac\u00e9uticos y biotecnolog\u00eda. <a href=\"https:\/\/nhkmachineryparts.com\/es\/our-industries\/\" data-internallinksmanager029f6b8e52c=\"4\" title=\"Nuestras industrias\">industrias<\/a>Las dos placas de bloqueo garantizan que el equipo permanezca firmemente anclado, lo que evita movimientos no deseados durante el funcionamiento. Este dise\u00f1o es especialmente beneficioso en entornos donde la precisi\u00f3n y la seguridad son primordiales.<\/p>\n<h3 data-start=\"596\" data-end=\"638\">Husillo protegido para una higiene \u00f3ptima<\/h3>\n<p data-start=\"640\" data-end=\"1007\">Una caracter\u00edstica clave de estos pies de m\u00e1quina es el husillo protegido, que evita que se acumulen suciedad, polvo y contaminantes. El dise\u00f1o del husillo cerrado no solo extiende la vida \u00fatil del componente, sino que tambi\u00e9n garantiza el cumplimiento de estrictas normas de higiene, como <a href=\"https:\/\/nhkmachineryparts.com\/es\/cual-es-la-diferencia-entre-3a-y-ehedg\/\" data-internallinksmanager029f6b8e52c=\"2\" title=\"Piezas de maquinaria certificadas EHEDG\">EHEDG<\/a> y 3-A. Esto los hace ideales para industrias donde la limpieza y el saneamiento son fundamentales.<\/p>\n<h3 data-start=\"1009\" data-end=\"1062\">Construcci\u00f3n de acero inoxidable resistente a la corrosi\u00f3n<\/h3>\n<p data-start=\"1064\" data-end=\"1387\">Fabricadas en acero inoxidable de alta calidad, estas patas de m\u00e1quina ofrecen una excelente resistencia a la corrosi\u00f3n, lo que las hace adecuadas para \u00e1reas de lavado y entornos hostiles. El material de acero inoxidable es f\u00e1cil de limpiar, lo que garantiza que el equipo cumpla con las normas de seguridad alimentaria y, al mismo tiempo, mantenga un rendimiento y una confiabilidad a largo plazo.<\/p>\n<h3 data-start=\"1389\" data-end=\"1427\">F\u00e1cil instalaci\u00f3n y mantenimiento<\/h3>\n<p data-start=\"1429\" data-end=\"1817\">Los pies de m\u00e1quina higi\u00e9nicos con dos placas de bloqueo al suelo est\u00e1n dise\u00f1ados para una instalaci\u00f3n r\u00e1pida y sencilla. La funci\u00f3n de altura ajustable permite una nivelaci\u00f3n precisa, lo que garantiza que la maquinaria funcione correctamente en superficies irregulares. Adem\u00e1s, el dise\u00f1o de bajo mantenimiento reduce el tiempo de inactividad y mejora la productividad general, lo que los convierte en una opci\u00f3n rentable para aplicaciones industriales.<\/p>\n<h3 data-start=\"1819\" data-end=\"2067\"><strong data-start=\"3\" data-end=\"77\" data-is-only-node=\"\">Maximizar la estabilidad y <\/strong><strong data-start=\"84\" data-end=\"196\" data-is-last-node=\"\" data-is-only-node=\"\">Asegure su equipo<\/strong><\/h3>\n<p data-start=\"1819\" data-end=\"2067\" data-is-last-node=\"\" data-is-only-node=\"\">Descubra los beneficios de los pies de m\u00e1quina higi\u00e9nicos con dos placas de bloqueo al piso y un husillo protegido, que ofrecen mayor estabilidad, higiene \u00f3ptima y f\u00e1cil mantenimiento para las industrias alimentaria, farmac\u00e9utica y biotecnol\u00f3gica.<\/p>\n\n\t\t<\/div>\n\t<\/div>\n<\/div><\/div><\/div><\/div><\/div><\/section>","protected":false},"excerpt":{"rendered":"Ensuring Stability and Cleanliness in Industrial Applications Machine feet in hygienic design with rubber base for vibration reduction and anti-slip properties Our extra hygienic machine feet are provided with FDA certificate (FDA CFR 21 177 2600) with unique batch ID number for food safety traceability Try our product selector Machine feet in hygienic design features [...]","protected":false},"featured_media":12773,"template":"","meta":[],"product_brand":[],"product_cat":[18],"product_tag":[],"class_list":{"0":"post-12772","1":"product","2":"type-product","3":"status-publish","4":"has-post-thumbnail","6":"product_cat-stainless-steel-machine-levelling-feet","8":"first","9":"instock","10":"shipping-taxable","11":"product-type-simple"},"yoast_head":"<!-- This site is optimized with the Yoast SEO plugin v27.3 - https:\/\/yoast.com\/product\/yoast-seo-wordpress\/ -->\n<title>Hygienic machine feet\u00a0with 2 floor locking plates\u00a0and protected spindle | NHK Machinery Parts<\/title>\n<meta name=\"description\" content=\"In industries where stability and durability are essential, hygienic machine feet with two floor locking plates and protected spindle offers reliability.\" \/>\n<meta name=\"robots\" content=\"index, follow, max-snippet:-1, max-image-preview:large, max-video-preview:-1\" \/>\n<link rel=\"canonical\" href=\"https:\/\/nhkmachineryparts.com\/es\/producto\/pies-de-maquina-higienicos-con-2-placas-de-bloqueo-al-suelo-y-husillo-protegido\/\" \/>\n<meta property=\"og:locale\" content=\"es_ES\" \/>\n<meta property=\"og:type\" content=\"article\" \/>\n<meta property=\"og:title\" content=\"Hygienic machine feet\u00a0with 2 floor locking plates\u00a0and protected spindle | NHK Machinery Parts\" \/>\n<meta property=\"og:description\" content=\"In industries where stability and durability are essential, hygienic machine feet with two floor locking plates and protected spindle offers reliability.\" \/>\n<meta property=\"og:url\" content=\"https:\/\/nhkmachineryparts.com\/es\/producto\/pies-de-maquina-higienicos-con-2-placas-de-bloqueo-al-suelo-y-husillo-protegido\/\" \/>\n<meta property=\"og:site_name\" content=\"NHK Machinery Parts\" \/>\n<meta property=\"article:publisher\" content=\"https:\/\/www.facebook.com\/NHK.Group.aps\" \/>\n<meta property=\"article:modified_time\" content=\"2026-02-23T11:35:13+00:00\" \/>\n<meta property=\"og:image\" content=\"https:\/\/nhkmachineryparts.com\/wp-content\/uploads\/2024\/11\/HMF-x2-LC-1.jpg\" \/>\n\t<meta property=\"og:image:width\" content=\"1000\" \/>\n\t<meta property=\"og:image:height\" content=\"1000\" \/>\n\t<meta property=\"og:image:type\" content=\"image\/jpeg\" \/>\n<meta name=\"twitter:card\" content=\"summary_large_image\" \/>\n<meta name=\"twitter:label1\" content=\"Tiempo de lectura\" \/>\n\t<meta name=\"twitter:data1\" content=\"4 minutos\" \/>\n<script type=\"application\/ld+json\" class=\"yoast-schema-graph\">{\"@context\":\"https:\\\/\\\/schema.org\",\"@graph\":[{\"@type\":\"WebPage\",\"@id\":\"https:\\\/\\\/nhkmachineryparts.com\\\/product\\\/hygienic-machine-feet-with-2-floor-locking-plates-and-protected-spindle\\\/\",\"url\":\"https:\\\/\\\/nhkmachineryparts.com\\\/product\\\/hygienic-machine-feet-with-2-floor-locking-plates-and-protected-spindle\\\/\",\"name\":\"Hygienic machine feet\u00a0with 2 floor locking plates\u00a0and protected spindle | NHK Machinery Parts\",\"isPartOf\":{\"@id\":\"https:\\\/\\\/nhkmachineryparts.com\\\/#website\"},\"primaryImageOfPage\":{\"@id\":\"https:\\\/\\\/nhkmachineryparts.com\\\/product\\\/hygienic-machine-feet-with-2-floor-locking-plates-and-protected-spindle\\\/#primaryimage\"},\"image\":{\"@id\":\"https:\\\/\\\/nhkmachineryparts.com\\\/product\\\/hygienic-machine-feet-with-2-floor-locking-plates-and-protected-spindle\\\/#primaryimage\"},\"thumbnailUrl\":\"https:\\\/\\\/nhkmachineryparts.com\\\/wp-content\\\/uploads\\\/2024\\\/11\\\/HMF-x2-LC-1.jpg\",\"datePublished\":\"2024-11-09T20:14:26+00:00\",\"dateModified\":\"2026-02-23T11:35:13+00:00\",\"description\":\"In industries where stability and durability are essential, hygienic machine feet with two floor locking plates and protected spindle offers reliability.\",\"breadcrumb\":{\"@id\":\"https:\\\/\\\/nhkmachineryparts.com\\\/product\\\/hygienic-machine-feet-with-2-floor-locking-plates-and-protected-spindle\\\/#breadcrumb\"},\"inLanguage\":\"es\",\"potentialAction\":[{\"@type\":\"ReadAction\",\"target\":[\"https:\\\/\\\/nhkmachineryparts.com\\\/product\\\/hygienic-machine-feet-with-2-floor-locking-plates-and-protected-spindle\\\/\"]}]},{\"@type\":\"ImageObject\",\"inLanguage\":\"es\",\"@id\":\"https:\\\/\\\/nhkmachineryparts.com\\\/product\\\/hygienic-machine-feet-with-2-floor-locking-plates-and-protected-spindle\\\/#primaryimage\",\"url\":\"https:\\\/\\\/nhkmachineryparts.com\\\/wp-content\\\/uploads\\\/2024\\\/11\\\/HMF-x2-LC-1.jpg\",\"contentUrl\":\"https:\\\/\\\/nhkmachineryparts.com\\\/wp-content\\\/uploads\\\/2024\\\/11\\\/HMF-x2-LC-1.jpg\",\"width\":1000,\"height\":1000,\"caption\":\"Hygienic machine feet\u00a0with 2 floor locking plates\u00a0and protected spindle\"},{\"@type\":\"BreadcrumbList\",\"@id\":\"https:\\\/\\\/nhkmachineryparts.com\\\/product\\\/hygienic-machine-feet-with-2-floor-locking-plates-and-protected-spindle\\\/#breadcrumb\",\"itemListElement\":[{\"@type\":\"ListItem\",\"position\":1,\"name\":\"Home\",\"item\":\"https:\\\/\\\/nhkmachineryparts.com\\\/\"},{\"@type\":\"ListItem\",\"position\":2,\"name\":\"Product line\",\"item\":\"https:\\\/\\\/nhkmachineryparts.com\\\/product-line\\\/\"},{\"@type\":\"ListItem\",\"position\":3,\"name\":\"Industrial machine leveling feet in stainless steel\",\"item\":\"https:\\\/\\\/nhkmachineryparts.com\\\/product-line\\\/stainless-steel-machine-levelling-feet\\\/\"},{\"@type\":\"ListItem\",\"position\":4,\"name\":\"Hygienic machine feet\u00a0with 2 floor locking plates\u00a0and protected spindle\"}]},{\"@type\":\"WebSite\",\"@id\":\"https:\\\/\\\/nhkmachineryparts.com\\\/#website\",\"url\":\"https:\\\/\\\/nhkmachineryparts.com\\\/\",\"name\":\"NHK Machinery Parts\",\"description\":\"Bearing Houses, seismic levelling feet and levelling castors\",\"publisher\":{\"@id\":\"https:\\\/\\\/nhkmachineryparts.com\\\/#organization\"},\"potentialAction\":[{\"@type\":\"SearchAction\",\"target\":{\"@type\":\"EntryPoint\",\"urlTemplate\":\"https:\\\/\\\/nhkmachineryparts.com\\\/?s={search_term_string}\"},\"query-input\":{\"@type\":\"PropertyValueSpecification\",\"valueRequired\":true,\"valueName\":\"search_term_string\"}}],\"inLanguage\":\"es\"},{\"@type\":\"Organization\",\"@id\":\"https:\\\/\\\/nhkmachineryparts.com\\\/#organization\",\"name\":\"Nhk Group ApS\",\"url\":\"https:\\\/\\\/nhkmachineryparts.com\\\/\",\"logo\":{\"@type\":\"ImageObject\",\"inLanguage\":\"es\",\"@id\":\"https:\\\/\\\/nhkmachineryparts.com\\\/#\\\/schema\\\/logo\\\/image\\\/\",\"url\":\"https:\\\/\\\/nhkmachineryparts.com\\\/wp-content\\\/uploads\\\/2022\\\/09\\\/NHKgroup_social.jpg\",\"contentUrl\":\"https:\\\/\\\/nhkmachineryparts.com\\\/wp-content\\\/uploads\\\/2022\\\/09\\\/NHKgroup_social.jpg\",\"width\":1200,\"height\":630,\"caption\":\"Nhk Group ApS\"},\"image\":{\"@id\":\"https:\\\/\\\/nhkmachineryparts.com\\\/#\\\/schema\\\/logo\\\/image\\\/\"},\"sameAs\":[\"https:\\\/\\\/www.facebook.com\\\/NHK.Group.aps\"]}]}<\/script>\n<!-- \/ Yoast SEO plugin. -->","yoast_head_json":{"title":"Patas de m\u00e1quina higi\u00e9nicas con 2 placas de bloqueo en el suelo y husillo protegido | NHK Machinery Parts","description":"En industrias donde la estabilidad y la durabilidad son esenciales, los pies de m\u00e1quina higi\u00e9nicos con dos placas de bloqueo en el piso y husillo protegido ofrecen confiabilidad.","robots":{"index":"index","follow":"follow","max-snippet":"max-snippet:-1","max-image-preview":"max-image-preview:large","max-video-preview":"max-video-preview:-1"},"canonical":"https:\/\/nhkmachineryparts.com\/es\/producto\/pies-de-maquina-higienicos-con-2-placas-de-bloqueo-al-suelo-y-husillo-protegido\/","og_locale":"es_ES","og_type":"article","og_title":"Hygienic machine feet\u00a0with 2 floor locking plates\u00a0and protected spindle | NHK Machinery Parts","og_description":"In industries where stability and durability are essential, hygienic machine feet with two floor locking plates and protected spindle offers reliability.","og_url":"https:\/\/nhkmachineryparts.com\/es\/producto\/pies-de-maquina-higienicos-con-2-placas-de-bloqueo-al-suelo-y-husillo-protegido\/","og_site_name":"NHK Machinery Parts","article_publisher":"https:\/\/www.facebook.com\/NHK.Group.aps","article_modified_time":"2026-02-23T11:35:13+00:00","og_image":[{"width":1000,"height":1000,"url":"https:\/\/nhkmachineryparts.com\/wp-content\/uploads\/2024\/11\/HMF-x2-LC-1.jpg","type":"image\/jpeg"}],"twitter_card":"summary_large_image","twitter_misc":{"Tiempo de lectura":"4 minutos"},"schema":{"@context":"https:\/\/schema.org","@graph":[{"@type":"WebPage","@id":"https:\/\/nhkmachineryparts.com\/product\/hygienic-machine-feet-with-2-floor-locking-plates-and-protected-spindle\/","url":"https:\/\/nhkmachineryparts.com\/product\/hygienic-machine-feet-with-2-floor-locking-plates-and-protected-spindle\/","name":"Patas de m\u00e1quina higi\u00e9nicas con 2 placas de bloqueo en el suelo y husillo protegido | NHK Machinery Parts","isPartOf":{"@id":"https:\/\/nhkmachineryparts.com\/#website"},"primaryImageOfPage":{"@id":"https:\/\/nhkmachineryparts.com\/product\/hygienic-machine-feet-with-2-floor-locking-plates-and-protected-spindle\/#primaryimage"},"image":{"@id":"https:\/\/nhkmachineryparts.com\/product\/hygienic-machine-feet-with-2-floor-locking-plates-and-protected-spindle\/#primaryimage"},"thumbnailUrl":"https:\/\/nhkmachineryparts.com\/wp-content\/uploads\/2024\/11\/HMF-x2-LC-1.jpg","datePublished":"2024-11-09T20:14:26+00:00","dateModified":"2026-02-23T11:35:13+00:00","description":"En industrias donde la estabilidad y la durabilidad son esenciales, los pies de m\u00e1quina higi\u00e9nicos con dos placas de bloqueo en el piso y husillo protegido ofrecen confiabilidad.","breadcrumb":{"@id":"https:\/\/nhkmachineryparts.com\/product\/hygienic-machine-feet-with-2-floor-locking-plates-and-protected-spindle\/#breadcrumb"},"inLanguage":"es","potentialAction":[{"@type":"ReadAction","target":["https:\/\/nhkmachineryparts.com\/product\/hygienic-machine-feet-with-2-floor-locking-plates-and-protected-spindle\/"]}]},{"@type":"ImageObject","inLanguage":"es","@id":"https:\/\/nhkmachineryparts.com\/product\/hygienic-machine-feet-with-2-floor-locking-plates-and-protected-spindle\/#primaryimage","url":"https:\/\/nhkmachineryparts.com\/wp-content\/uploads\/2024\/11\/HMF-x2-LC-1.jpg","contentUrl":"https:\/\/nhkmachineryparts.com\/wp-content\/uploads\/2024\/11\/HMF-x2-LC-1.jpg","width":1000,"height":1000,"caption":"Hygienic machine feet\u00a0with 2 floor locking plates\u00a0and protected spindle"},{"@type":"BreadcrumbList","@id":"https:\/\/nhkmachineryparts.com\/product\/hygienic-machine-feet-with-2-floor-locking-plates-and-protected-spindle\/#breadcrumb","itemListElement":[{"@type":"ListItem","position":1,"name":"Home","item":"https:\/\/nhkmachineryparts.com\/"},{"@type":"ListItem","position":2,"name":"Product line","item":"https:\/\/nhkmachineryparts.com\/product-line\/"},{"@type":"ListItem","position":3,"name":"Industrial machine leveling feet in stainless steel","item":"https:\/\/nhkmachineryparts.com\/product-line\/stainless-steel-machine-levelling-feet\/"},{"@type":"ListItem","position":4,"name":"Hygienic machine feet\u00a0with 2 floor locking plates\u00a0and protected spindle"}]},{"@type":"WebSite","@id":"https:\/\/nhkmachineryparts.com\/#website","url":"https:\/\/nhkmachineryparts.com\/","name":"Piezas de maquinaria NHK","description":"Casas de rodamiento, pies niveladores s\u00edsmicos y ruedas niveladoras","publisher":{"@id":"https:\/\/nhkmachineryparts.com\/#organization"},"potentialAction":[{"@type":"SearchAction","target":{"@type":"EntryPoint","urlTemplate":"https:\/\/nhkmachineryparts.com\/?s={search_term_string}"},"query-input":{"@type":"PropertyValueSpecification","valueRequired":true,"valueName":"search_term_string"}}],"inLanguage":"es"},{"@type":"Organization","@id":"https:\/\/nhkmachineryparts.com\/#organization","name":"Grupo Nhk ApS","url":"https:\/\/nhkmachineryparts.com\/","logo":{"@type":"ImageObject","inLanguage":"es","@id":"https:\/\/nhkmachineryparts.com\/#\/schema\/logo\/image\/","url":"https:\/\/nhkmachineryparts.com\/wp-content\/uploads\/2022\/09\/NHKgroup_social.jpg","contentUrl":"https:\/\/nhkmachineryparts.com\/wp-content\/uploads\/2022\/09\/NHKgroup_social.jpg","width":1200,"height":630,"caption":"Nhk Group ApS"},"image":{"@id":"https:\/\/nhkmachineryparts.com\/#\/schema\/logo\/image\/"},"sameAs":["https:\/\/www.facebook.com\/NHK.Group.aps"]}]}},"_links":{"self":[{"href":"https:\/\/nhkmachineryparts.com\/es\/wp-json\/wp\/v2\/product\/12772","targetHints":{"allow":["GET"]}}],"collection":[{"href":"https:\/\/nhkmachineryparts.com\/es\/wp-json\/wp\/v2\/product"}],"about":[{"href":"https:\/\/nhkmachineryparts.com\/es\/wp-json\/wp\/v2\/types\/product"}],"wp:featuredmedia":[{"embeddable":true,"href":"https:\/\/nhkmachineryparts.com\/es\/wp-json\/wp\/v2\/media\/12773"}],"wp:attachment":[{"href":"https:\/\/nhkmachineryparts.com\/es\/wp-json\/wp\/v2\/media?parent=12772"}],"wp:term":[{"taxonomy":"product_brand","embeddable":true,"href":"https:\/\/nhkmachineryparts.com\/es\/wp-json\/wp\/v2\/product_brand?post=12772"},{"taxonomy":"product_cat","embeddable":true,"href":"https:\/\/nhkmachineryparts.com\/es\/wp-json\/wp\/v2\/product_cat?post=12772"},{"taxonomy":"product_tag","embeddable":true,"href":"https:\/\/nhkmachineryparts.com\/es\/wp-json\/wp\/v2\/product_tag?post=12772"}],"curies":[{"name":"Gracias","href":"https:\/\/api.w.org\/{rel}","templated":true}]}}