{"id":8144,"date":"2024-01-13T16:53:19","date_gmt":"2024-01-13T14:53:19","guid":{"rendered":"https:\/\/nhkmachineryparts.com\/?post_type=product&#038;p=8144"},"modified":"2026-02-23T13:46:08","modified_gmt":"2026-02-23T11:46:08","slug":"hygienische-lc-spindelabdeckung-aus-edelstahl","status":"publish","type":"product","link":"https:\/\/nhkmachineryparts.com\/de\/product\/hygienic-lc-spindle-top-cover-in-stainless-steel\/","title":{"rendered":"Hygienische Spindelabdeckung aus Edelstahl"},"content":{"rendered":"<section class=\"vc_row liquid-row-shadowbox-69d4a77fa5088\"><div class=\"ld-container container\"><div class=\"row ld-row ld-row-outer\"><div class=\"wpb_column vc_column_container vc_col-sm-12 liquid-column-69d4a77fa521e\"><div class=\"vc_column-inner\" ><div class=\"wpb_wrapper\"  >\n\t<div class=\"wpb_text_column wpb_content_element\" >\n\t\t<div class=\"wpb_wrapper\">\n\t\t\t<h2><a href=\"https:\/\/nhkmachineryparts.com\/de\/haltbarkeit-in-rauen-und-extremen-umgebungen\/\"><strong>Haltbarkeit in rauen und extremen Umgebungen<\/strong><\/a><\/h2>\n<p>Die hygienische Spindelabdeckung aus Edelstahl ist ein wesentlicher Bestandteil f\u00fcr <a href=\"https:\/\/nhkmachineryparts.com\/de\/our-industries\/\" data-internallinksmanager029f6b8e52c=\"4\" title=\"Unsere Branchen\">Branchen<\/a> erfordern ein hohes Ma\u00df an Hygiene, wie z. B. Lebensmittelverarbeitung, Pharmazie und Biotechnologie. Diese Abdeckungen wurden mit Blick auf h\u00f6chste Hygiene entwickelt und sch\u00fctzen Spindeloberteile vor Verunreinigungen und Korrosion und sorgen gleichzeitig f\u00fcr eine einfache Reinigung. Die Spindeloberteile werden aus zertifiziertem Edelstahl hergestellt, erf\u00fcllen strenge Hygienestandards und bieten eine hervorragende Best\u00e4ndigkeit gegen Chemikalien, Feuchtigkeit und Verschlei\u00df, wodurch sie sich ideal f\u00fcr raue Umgebungen eignen.<\/p>\n<table width=\"312\">\n<tbody>\n<tr>\n<td width=\"312\">Spindeldeckel LC M12-L50<\/td>\n<\/tr>\n<tr>\n<td>Spindeldeckel LC M12-L70<\/td>\n<\/tr>\n<tr>\n<td>Spindeldeckel LC M12-L90<\/td>\n<\/tr>\n<tr>\n<td>Spindeldeckel LC M12-L110<\/td>\n<\/tr>\n<tr>\n<td><\/td>\n<\/tr>\n<tr>\n<td>Spindeldeckel LC M16-L50<\/td>\n<\/tr>\n<tr>\n<td>Spindeldeckel LC M16-L70<\/td>\n<\/tr>\n<tr>\n<td>Spindeldeckel LC M16-L90<\/td>\n<\/tr>\n<tr>\n<td>Spindeldeckel LC M16-L110<\/td>\n<\/tr>\n<tr>\n<td><\/td>\n<\/tr>\n<tr>\n<td>Spindeldeckel LC M20-L50<\/td>\n<\/tr>\n<tr>\n<td>Spindeldeckel LC M20-L70<\/td>\n<\/tr>\n<tr>\n<td>Spindeldeckel LC M20-L90<\/td>\n<\/tr>\n<tr>\n<td>Spindeldeckel LC M20-L110<\/td>\n<\/tr>\n<tr>\n<td><\/td>\n<\/tr>\n<tr>\n<td>Spindeldeckel LC M24-L50<\/td>\n<\/tr>\n<tr>\n<td>Spindeldeckel LC M24-L70<\/td>\n<\/tr>\n<tr>\n<td>Spindeldeckel LC M24-L90<\/td>\n<\/tr>\n<tr>\n<td>Spindeldeckel LC M24-L110<\/td>\n<\/tr>\n<tr>\n<td><\/td>\n<\/tr>\n<tr>\n<td>Spindeldeckel LC M30-L50<\/td>\n<\/tr>\n<tr>\n<td>Spindeldeckel LC M30-L70<\/td>\n<\/tr>\n<tr>\n<td>Spindeldeckel LC M30-L90<\/td>\n<\/tr>\n<tr>\n<td>Spindeldeckel LC M30-L110<\/td>\n<\/tr>\n<tr>\n<td><\/td>\n<\/tr>\n<tr>\n<td>Spindeldeckel LC M36-L50<\/td>\n<\/tr>\n<tr>\n<td>Spindeldeckel LC M36-L70<\/td>\n<\/tr>\n<tr>\n<td>Spindeldeckel LC M36-L90<\/td>\n<\/tr>\n<tr>\n<td>Spindeldeckel LC M36-L110<\/td>\n<\/tr>\n<\/tbody>\n<\/table>\n<p>Selbstentw\u00e4ssernde Oberfl\u00e4chen mit einer maximalen Rauheit von 1,6 \u00b5m Ra.<\/p>\n<h2>Verbesserte Sauberkeit und Haltbarkeit<\/h2>\n<p>Ihr glattes, spaltfreies Design verhindert Bakterienansammlungen und gew\u00e4hrleistet die Einhaltung globaler Hygienevorschriften. Diese Abdeckungen steigern nicht nur die Betriebseffizienz, sondern tragen auch zu einer l\u00e4ngeren Lebensdauer der Ger\u00e4te bei, indem sie mechanische Komponenten vor \u00e4u\u00dferen Sch\u00e4den sch\u00fctzen. Die Robustheit und Korrosionsbest\u00e4ndigkeit von Edelstahl sorgen f\u00fcr langfristige Zuverl\u00e4ssigkeit und machen ihn zu einer wichtigen Wahl f\u00fcr Unternehmen, die strenge Hygienestandards einhalten und gleichzeitig ihre Produktionsprozesse optimieren m\u00f6chten.<\/p>\n<p>Der Einbau hygienischer Spindelabdeckungen in Maschinen f\u00f6rdert die Sauberkeit, reduziert wartungsbedingte Ausfallzeiten und steigert die Produktivit\u00e4t. Damit sind sie f\u00fcr Branchen, in denen Hygiene und Sicherheit an erster Stelle stehen, unverzichtbar. Entdecken Sie, wie diese Edelstahlkomponenten Ihren Betrieb verbessern und sowohl Qualit\u00e4t als auch Konformit\u00e4t gew\u00e4hrleisten k\u00f6nnen.<\/p>\n<p><a href=\"https:\/\/nhkmachineryparts.com\/de\/produktlinie\/hygienische-forderteile-in-edelstahlausfuhrung\/\">Weitere Hygieneteile aus Edelstahl<\/a><\/p>\n<h2>Hygienische Spindelabdeckung aus Edelstahl<\/h2>\n<h3>Revolution\u00e4re Reinraumanwendungen<\/h3>\n<p>&nbsp;<\/p>\n<p>In Branchen, die einwandfreie Hygiene und Sauberkeit erfordern, wie etwa in der Lebensmittelverarbeitung, Pharmazie und Biotechnologie, kann die Bedeutung hygienischer Komponenten nicht genug betont werden. Eine solche wesentliche Komponente ist die <strong>Hygienische Spindelabdeckung<\/strong> aus Edelstahl. Diese Abdeckungen spielen eine entscheidende Rolle bei der Aufrechterhaltung einer sterilen Umgebung, der Gew\u00e4hrleistung der Betriebseffizienz und der Einhaltung strenger Konformit\u00e4tsstandards.<\/p>\n<hr \/>\n<h2>Was ist eine hygienische Spindelabdeckung?<\/h2>\n<p>Der <strong>Obere Spindelabdeckung<\/strong> ist ein wichtiges Zubeh\u00f6r zum Abdecken und Sch\u00fctzen von Spindeln in Ger\u00e4ten verschiedener Branchen. Diese Abdeckung aus hochwertigem Edelstahl bietet eine hygienische L\u00f6sung zur Vermeidung von Verunreinigungen, verbessert die Haltbarkeit und erleichtert die Reinigung.<\/p>\n<p>Zu den Hauptmerkmalen geh\u00f6ren:<\/p>\n<ul>\n<li><strong>Materialzusammensetzung<\/strong>: Typischerweise hergestellt aus <strong>Edelstahl AISI 304 oder 316<\/strong>, wodurch Korrosions- und Chemikalienbest\u00e4ndigkeit gew\u00e4hrleistet wird.<\/li>\n<li><strong>Glatte Oberfl\u00e4che<\/strong>: Polierte Oberfl\u00e4chen minimieren die mikrobielle Anhaftung und vereinfachen die Reinigung.<\/li>\n<li><strong>Hygienisches Design<\/strong>: Erf\u00fcllt internationale Standards wie <strong><a href=\"https:\/\/nhkmachineryparts.com\/de\/was-ist-der-unterschied-zwischen-3a-und-ehedg\/\" data-internallinksmanager029f6b8e52c=\"2\" title=\"EHEDG-zertifizierte Maschinenteile\">EHEDG<\/a><\/strong> Und <strong>3-A Hygienestandards<\/strong>, um die Einhaltung der Hygienevorschriften zu gew\u00e4hrleisten.<\/li>\n<\/ul>\n<hr \/>\n<h2>Anwendungen von hygienischen Spindeldeckeln<\/h2>\n<p>Hygienische Spindelabdeckungen sind f\u00fcr die Aufrechterhaltung der Sauberkeit und Gew\u00e4hrleistung der Sicherheit in zahlreichen Branchen von entscheidender Bedeutung, darunter:<\/p>\n<h3>Lebensmittel- und Getr\u00e4nkeverarbeitung<\/h3>\n<p>In Lebensmittelproduktionsanlagen sch\u00fctzen diese Abdeckungen vor Verunreinigungen durch Staub, Fett und andere Partikel. Sie sind besonders in Umgebungen mit h\u00e4ufigen Waschvorg\u00e4ngen von Vorteil.<\/p>\n<h3>Pharmazeutik und Biotechnologie<\/h3>\n<p>In der Pharmaindustrie gelten strenge Sauberkeitsstandards. Hygienische Spindelabdeckungen tragen zur Schaffung steriler Umgebungen bei, die f\u00fcr die Herstellung von Medikamenten und Impfstoffen unerl\u00e4sslich sind.<\/p>\n<h3>Verpackungsindustrie<\/h3>\n<p>In automatisierten Hochgeschwindigkeitsverpackungslinien sch\u00fctzen Spindelabdeckungen die Ausr\u00fcstung vor Verschlei\u00df und sorgen so f\u00fcr eine gleichbleibende Leistung und l\u00e4ngere Lebensdauer der Maschine.<\/p>\n<hr \/>\n<h2>Vorteile von hygienischen Spindeldeckeln aus Edelstahl<\/h2>\n<h3>1. <strong>Korrosionsbest\u00e4ndigkeit<\/strong><\/h3>\n<p>Aufgrund der nat\u00fcrlichen Korrosionsbest\u00e4ndigkeit von Edelstahl sind diese Spindelabdeckungen ideal f\u00fcr Umgebungen, die Feuchtigkeit, Chemikalien oder salzhaltigen Bedingungen ausgesetzt sind.<\/p>\n<h3>2. <strong>Haltbarkeit und Langlebigkeit<\/strong><\/h3>\n<p>Die Robustheit von Edelstahl stellt sicher, dass diese Abdeckungen strengen Reinigungsvorg\u00e4ngen und einer langfristigen Nutzung ohne Qualit\u00e4tsverlust standhalten.<\/p>\n<h3>3. <strong>Einfache Wartung<\/strong><\/h3>\n<p>Dank ihrer glatten, porenfreien Oberfl\u00e4che sind diese Abdeckungen einfach zu reinigen und zu pflegen. Sie verhindern die Ansammlung von Verunreinigungen und reduzieren so die Ausfallzeiten f\u00fcr Reinigung und Wartung.<\/p>\n<h3>4. <strong>Einhaltung von Hygienestandards<\/strong><\/h3>\n<p>Zertifizierte Designs stellen sicher, dass diese Abdeckungen <strong>EHEDG<\/strong> Und <strong>3-A Hygienestandards<\/strong>und bietet Sicherheit in regulierten Branchen.<\/p>\n<h3>5. <strong>Verbesserte Betriebseffizienz<\/strong><\/h3>\n<p>Indem sie kritische Komponenten vor \u00e4u\u00dferen Besch\u00e4digungen und Verunreinigungen sch\u00fctzen, tragen Spindelabdeckungen zu einem unterbrechungsfreien Betrieb und geringeren Wartungskosten bei.<\/p>\n<hr \/>\n<h2>Auswahl der richtigen hygienischen Spindelabdeckung<\/h2>\n<p>Ber\u00fccksichtigen Sie bei der Auswahl einer hygienischen Spindelabdeckung die folgenden Faktoren:<\/p>\n<ul>\n<li><strong>Materialqualit\u00e4t<\/strong>: Entscheiden Sie sich f\u00fcr <strong>Edelstahl AISI 316<\/strong> f\u00fcr verbesserte Korrosionsbest\u00e4ndigkeit in anspruchsvollen Umgebungen.<\/li>\n<li><strong>Gr\u00f6\u00dfe und Kompatibilit\u00e4t<\/strong>: Stellen Sie sicher, dass die Abdeckung nahtlos zu Ihrer Ausr\u00fcstung passt.<\/li>\n<li><strong>Zertifizierung<\/strong>: \u00dcberpr\u00fcfen Sie die Einhaltung von Industriestandards wie EHEDG oder 3-A Sanitary Standards.<\/li>\n<li><strong>Oberfl\u00e4chenfinish<\/strong>: W\u00e4hlen Sie polierte Oberfl\u00e4chen f\u00fcr optimale Hygiene.<\/li>\n<\/ul>\n<hr \/>\n<h2>Hygienische Spindelabdeckung<\/h2>\n<h3>Erstklassiger Edelstahl f\u00fcr effiziente Reinr\u00e4ume<\/h3>\n<p>Der <strong>Hygienische Spindelabdeckung aus Edelstahl<\/strong> ist eine entscheidende Innovation f\u00fcr Branchen, in denen Sauberkeit und Betriebseffizienz im Vordergrund stehen. Das langlebige, korrosionsbest\u00e4ndige Design gew\u00e4hrleistet eine reibungslose Leistung selbst in den anspruchsvollsten Umgebungen. Durch die Investition in diese hygienischen Komponenten k\u00f6nnen Unternehmen die Einhaltung der Branchenvorschriften erreichen und gleichzeitig die Produktivit\u00e4t steigern und die Wartungskosten senken.<\/p>\n<p>Treffen Sie noch heute die kluge Wahl und werten Sie Ihre Ausr\u00fcstung mit Top-Qualit\u00e4t auf <strong>hygienische Spindelabdeckungen<\/strong>, zugeschnitten auf die individuellen Anforderungen Ihrer Branche.<\/p>\n\n\t\t<\/div>\n\t<\/div>\n<\/div><\/div><\/div><\/div><\/div><\/section>","protected":false},"excerpt":{"rendered":"Durability in harsh and extreme environments The Hygienic Spindle Top Cover in stainless steel is an essential component for industries requiring high levels of sanitation, such as food processing, pharmaceuticals, and biotechnology. Designed with superior hygiene in mind, these covers protect spindle tops from contamination and corrosion while ensuring easy cleanability. Made from certified stainless [...]","protected":false},"featured_media":8562,"template":"","meta":[],"product_brand":[],"product_cat":[64],"product_tag":[],"class_list":{"0":"post-8144","1":"product","2":"type-product","3":"status-publish","4":"has-post-thumbnail","6":"product_cat-hygienic-machinery-components-in-stainless-steel","8":"first","9":"instock","10":"shipping-taxable","11":"product-type-simple"},"yoast_head":"<!-- This site is optimized with the Yoast SEO plugin v27.3 - https:\/\/yoast.com\/product\/yoast-seo-wordpress\/ -->\n<title>Hygienic spindle top cover in stainless steel | NHK Machinery Parts<\/title>\n<meta name=\"description\" content=\"Spindle top cover are the optimal choice for equipment that must comply with strict hygiene requirements. The seal blocks out water and bacteria\" \/>\n<meta name=\"robots\" content=\"index, follow, max-snippet:-1, max-image-preview:large, max-video-preview:-1\" \/>\n<link rel=\"canonical\" href=\"https:\/\/nhkmachineryparts.com\/de\/produkt\/hygienische-lc-spindelabdeckung-aus-edelstahl\/\" \/>\n<meta property=\"og:locale\" content=\"de_DE\" \/>\n<meta property=\"og:type\" content=\"article\" \/>\n<meta property=\"og:title\" content=\"Hygienic spindle top cover in stainless steel | NHK Machinery Parts\" \/>\n<meta property=\"og:description\" content=\"Spindle top cover are the optimal choice for equipment that must comply with strict hygiene requirements. The seal blocks out water and bacteria\" \/>\n<meta property=\"og:url\" content=\"https:\/\/nhkmachineryparts.com\/de\/produkt\/hygienische-lc-spindelabdeckung-aus-edelstahl\/\" \/>\n<meta property=\"og:site_name\" content=\"NHK Machinery Parts\" \/>\n<meta property=\"article:publisher\" content=\"https:\/\/www.facebook.com\/NHK.Group.aps\" \/>\n<meta property=\"article:modified_time\" content=\"2026-02-23T11:46:08+00:00\" \/>\n<meta property=\"og:image\" content=\"https:\/\/nhkmachineryparts.com\/wp-content\/uploads\/2024\/01\/Hygienic-LC-spindle-top-cover-in-stainless-steel.jpg\" \/>\n\t<meta property=\"og:image:width\" content=\"1000\" \/>\n\t<meta property=\"og:image:height\" content=\"1000\" \/>\n\t<meta property=\"og:image:type\" content=\"image\/jpeg\" \/>\n<meta name=\"twitter:card\" content=\"summary_large_image\" \/>\n<meta name=\"twitter:label1\" content=\"Gesch\u00e4tzte Lesezeit\" \/>\n\t<meta name=\"twitter:data1\" content=\"4\u00a0Minuten\" \/>\n<script type=\"application\/ld+json\" class=\"yoast-schema-graph\">{\"@context\":\"https:\\\/\\\/schema.org\",\"@graph\":[{\"@type\":\"WebPage\",\"@id\":\"https:\\\/\\\/nhkmachineryparts.com\\\/product\\\/hygienic-lc-spindle-top-cover-in-stainless-steel\\\/\",\"url\":\"https:\\\/\\\/nhkmachineryparts.com\\\/product\\\/hygienic-lc-spindle-top-cover-in-stainless-steel\\\/\",\"name\":\"Hygienic spindle top cover in stainless steel | NHK Machinery Parts\",\"isPartOf\":{\"@id\":\"https:\\\/\\\/nhkmachineryparts.com\\\/#website\"},\"primaryImageOfPage\":{\"@id\":\"https:\\\/\\\/nhkmachineryparts.com\\\/product\\\/hygienic-lc-spindle-top-cover-in-stainless-steel\\\/#primaryimage\"},\"image\":{\"@id\":\"https:\\\/\\\/nhkmachineryparts.com\\\/product\\\/hygienic-lc-spindle-top-cover-in-stainless-steel\\\/#primaryimage\"},\"thumbnailUrl\":\"https:\\\/\\\/nhkmachineryparts.com\\\/wp-content\\\/uploads\\\/2024\\\/01\\\/Hygienic-LC-spindle-top-cover-in-stainless-steel.jpg\",\"datePublished\":\"2024-01-13T14:53:19+00:00\",\"dateModified\":\"2026-02-23T11:46:08+00:00\",\"description\":\"Spindle top cover are the optimal choice for equipment that must comply with strict hygiene requirements. The seal blocks out water and bacteria\",\"breadcrumb\":{\"@id\":\"https:\\\/\\\/nhkmachineryparts.com\\\/product\\\/hygienic-lc-spindle-top-cover-in-stainless-steel\\\/#breadcrumb\"},\"inLanguage\":\"de\",\"potentialAction\":[{\"@type\":\"ReadAction\",\"target\":[\"https:\\\/\\\/nhkmachineryparts.com\\\/product\\\/hygienic-lc-spindle-top-cover-in-stainless-steel\\\/\"]}]},{\"@type\":\"ImageObject\",\"inLanguage\":\"de\",\"@id\":\"https:\\\/\\\/nhkmachineryparts.com\\\/product\\\/hygienic-lc-spindle-top-cover-in-stainless-steel\\\/#primaryimage\",\"url\":\"https:\\\/\\\/nhkmachineryparts.com\\\/wp-content\\\/uploads\\\/2024\\\/01\\\/Hygienic-LC-spindle-top-cover-in-stainless-steel.jpg\",\"contentUrl\":\"https:\\\/\\\/nhkmachineryparts.com\\\/wp-content\\\/uploads\\\/2024\\\/01\\\/Hygienic-LC-spindle-top-cover-in-stainless-steel.jpg\",\"width\":1000,\"height\":1000,\"caption\":\"Hygienic LC spindle top cover in stainless steel\"},{\"@type\":\"BreadcrumbList\",\"@id\":\"https:\\\/\\\/nhkmachineryparts.com\\\/product\\\/hygienic-lc-spindle-top-cover-in-stainless-steel\\\/#breadcrumb\",\"itemListElement\":[{\"@type\":\"ListItem\",\"position\":1,\"name\":\"Home\",\"item\":\"https:\\\/\\\/nhkmachineryparts.com\\\/\"},{\"@type\":\"ListItem\",\"position\":2,\"name\":\"Product line\",\"item\":\"https:\\\/\\\/nhkmachineryparts.com\\\/product-line\\\/\"},{\"@type\":\"ListItem\",\"position\":3,\"name\":\"Hygienic machinery components in stainless steel\",\"item\":\"https:\\\/\\\/nhkmachineryparts.com\\\/product-line\\\/hygienic-machinery-components-in-stainless-steel\\\/\"},{\"@type\":\"ListItem\",\"position\":4,\"name\":\"Hygienic spindle top cover in stainless steel\"}]},{\"@type\":\"WebSite\",\"@id\":\"https:\\\/\\\/nhkmachineryparts.com\\\/#website\",\"url\":\"https:\\\/\\\/nhkmachineryparts.com\\\/\",\"name\":\"NHK Machinery Parts\",\"description\":\"Bearing Houses, seismic levelling feet and levelling castors\",\"publisher\":{\"@id\":\"https:\\\/\\\/nhkmachineryparts.com\\\/#organization\"},\"potentialAction\":[{\"@type\":\"SearchAction\",\"target\":{\"@type\":\"EntryPoint\",\"urlTemplate\":\"https:\\\/\\\/nhkmachineryparts.com\\\/?s={search_term_string}\"},\"query-input\":{\"@type\":\"PropertyValueSpecification\",\"valueRequired\":true,\"valueName\":\"search_term_string\"}}],\"inLanguage\":\"de\"},{\"@type\":\"Organization\",\"@id\":\"https:\\\/\\\/nhkmachineryparts.com\\\/#organization\",\"name\":\"Nhk Group ApS\",\"url\":\"https:\\\/\\\/nhkmachineryparts.com\\\/\",\"logo\":{\"@type\":\"ImageObject\",\"inLanguage\":\"de\",\"@id\":\"https:\\\/\\\/nhkmachineryparts.com\\\/#\\\/schema\\\/logo\\\/image\\\/\",\"url\":\"https:\\\/\\\/nhkmachineryparts.com\\\/wp-content\\\/uploads\\\/2022\\\/09\\\/NHKgroup_social.jpg\",\"contentUrl\":\"https:\\\/\\\/nhkmachineryparts.com\\\/wp-content\\\/uploads\\\/2022\\\/09\\\/NHKgroup_social.jpg\",\"width\":1200,\"height\":630,\"caption\":\"Nhk Group ApS\"},\"image\":{\"@id\":\"https:\\\/\\\/nhkmachineryparts.com\\\/#\\\/schema\\\/logo\\\/image\\\/\"},\"sameAs\":[\"https:\\\/\\\/www.facebook.com\\\/NHK.Group.aps\"]}]}<\/script>\n<!-- \/ Yoast SEO plugin. -->","yoast_head_json":{"title":"Hygienische Spindelabdeckung aus Edelstahl | NHK Machinery Parts","description":"Spindelabdeckungen sind die optimale Wahl f\u00fcr Ger\u00e4te, die strenge Hygieneanforderungen erf\u00fcllen m\u00fcssen. Die Versiegelung h\u00e4lt Wasser und Bakterien fern","robots":{"index":"index","follow":"follow","max-snippet":"max-snippet:-1","max-image-preview":"max-image-preview:large","max-video-preview":"max-video-preview:-1"},"canonical":"https:\/\/nhkmachineryparts.com\/de\/produkt\/hygienische-lc-spindelabdeckung-aus-edelstahl\/","og_locale":"de_DE","og_type":"article","og_title":"Hygienic spindle top cover in stainless steel | NHK Machinery Parts","og_description":"Spindle top cover are the optimal choice for equipment that must comply with strict hygiene requirements. The seal blocks out water and bacteria","og_url":"https:\/\/nhkmachineryparts.com\/de\/produkt\/hygienische-lc-spindelabdeckung-aus-edelstahl\/","og_site_name":"NHK Machinery Parts","article_publisher":"https:\/\/www.facebook.com\/NHK.Group.aps","article_modified_time":"2026-02-23T11:46:08+00:00","og_image":[{"width":1000,"height":1000,"url":"https:\/\/nhkmachineryparts.com\/wp-content\/uploads\/2024\/01\/Hygienic-LC-spindle-top-cover-in-stainless-steel.jpg","type":"image\/jpeg"}],"twitter_card":"summary_large_image","twitter_misc":{"Gesch\u00e4tzte Lesezeit":"4\u00a0Minuten"},"schema":{"@context":"https:\/\/schema.org","@graph":[{"@type":"WebPage","@id":"https:\/\/nhkmachineryparts.com\/product\/hygienic-lc-spindle-top-cover-in-stainless-steel\/","url":"https:\/\/nhkmachineryparts.com\/product\/hygienic-lc-spindle-top-cover-in-stainless-steel\/","name":"Hygienische Spindelabdeckung aus Edelstahl | NHK Machinery Parts","isPartOf":{"@id":"https:\/\/nhkmachineryparts.com\/#website"},"primaryImageOfPage":{"@id":"https:\/\/nhkmachineryparts.com\/product\/hygienic-lc-spindle-top-cover-in-stainless-steel\/#primaryimage"},"image":{"@id":"https:\/\/nhkmachineryparts.com\/product\/hygienic-lc-spindle-top-cover-in-stainless-steel\/#primaryimage"},"thumbnailUrl":"https:\/\/nhkmachineryparts.com\/wp-content\/uploads\/2024\/01\/Hygienic-LC-spindle-top-cover-in-stainless-steel.jpg","datePublished":"2024-01-13T14:53:19+00:00","dateModified":"2026-02-23T11:46:08+00:00","description":"Spindelabdeckungen sind die optimale Wahl f\u00fcr Ger\u00e4te, die strenge Hygieneanforderungen erf\u00fcllen m\u00fcssen. Die Versiegelung h\u00e4lt Wasser und Bakterien fern","breadcrumb":{"@id":"https:\/\/nhkmachineryparts.com\/product\/hygienic-lc-spindle-top-cover-in-stainless-steel\/#breadcrumb"},"inLanguage":"de","potentialAction":[{"@type":"ReadAction","target":["https:\/\/nhkmachineryparts.com\/product\/hygienic-lc-spindle-top-cover-in-stainless-steel\/"]}]},{"@type":"ImageObject","inLanguage":"de","@id":"https:\/\/nhkmachineryparts.com\/product\/hygienic-lc-spindle-top-cover-in-stainless-steel\/#primaryimage","url":"https:\/\/nhkmachineryparts.com\/wp-content\/uploads\/2024\/01\/Hygienic-LC-spindle-top-cover-in-stainless-steel.jpg","contentUrl":"https:\/\/nhkmachineryparts.com\/wp-content\/uploads\/2024\/01\/Hygienic-LC-spindle-top-cover-in-stainless-steel.jpg","width":1000,"height":1000,"caption":"Hygienic LC spindle top cover in stainless steel"},{"@type":"BreadcrumbList","@id":"https:\/\/nhkmachineryparts.com\/product\/hygienic-lc-spindle-top-cover-in-stainless-steel\/#breadcrumb","itemListElement":[{"@type":"ListItem","position":1,"name":"Home","item":"https:\/\/nhkmachineryparts.com\/"},{"@type":"ListItem","position":2,"name":"Product line","item":"https:\/\/nhkmachineryparts.com\/product-line\/"},{"@type":"ListItem","position":3,"name":"Hygienic machinery components in stainless steel","item":"https:\/\/nhkmachineryparts.com\/product-line\/hygienic-machinery-components-in-stainless-steel\/"},{"@type":"ListItem","position":4,"name":"Hygienic spindle top cover in stainless steel"}]},{"@type":"WebSite","@id":"https:\/\/nhkmachineryparts.com\/#website","url":"https:\/\/nhkmachineryparts.com\/","name":"NHK-Maschinenteile","description":"Lagergeh\u00e4use, seismische Nivellierf\u00fc\u00dfe und Nivellierrollen","publisher":{"@id":"https:\/\/nhkmachineryparts.com\/#organization"},"potentialAction":[{"@type":"SearchAction","target":{"@type":"EntryPoint","urlTemplate":"https:\/\/nhkmachineryparts.com\/?s={search_term_string}"},"query-input":{"@type":"PropertyValueSpecification","valueRequired":true,"valueName":"search_term_string"}}],"inLanguage":"de"},{"@type":"Organization","@id":"https:\/\/nhkmachineryparts.com\/#organization","name":"Nhk Group ApS","url":"https:\/\/nhkmachineryparts.com\/","logo":{"@type":"ImageObject","inLanguage":"de","@id":"https:\/\/nhkmachineryparts.com\/#\/schema\/logo\/image\/","url":"https:\/\/nhkmachineryparts.com\/wp-content\/uploads\/2022\/09\/NHKgroup_social.jpg","contentUrl":"https:\/\/nhkmachineryparts.com\/wp-content\/uploads\/2022\/09\/NHKgroup_social.jpg","width":1200,"height":630,"caption":"Nhk Group ApS"},"image":{"@id":"https:\/\/nhkmachineryparts.com\/#\/schema\/logo\/image\/"},"sameAs":["https:\/\/www.facebook.com\/NHK.Group.aps"]}]}},"_links":{"self":[{"href":"https:\/\/nhkmachineryparts.com\/de\/wp-json\/wp\/v2\/product\/8144","targetHints":{"allow":["GET"]}}],"collection":[{"href":"https:\/\/nhkmachineryparts.com\/de\/wp-json\/wp\/v2\/product"}],"about":[{"href":"https:\/\/nhkmachineryparts.com\/de\/wp-json\/wp\/v2\/types\/product"}],"wp:featuredmedia":[{"embeddable":true,"href":"https:\/\/nhkmachineryparts.com\/de\/wp-json\/wp\/v2\/media\/8562"}],"wp:attachment":[{"href":"https:\/\/nhkmachineryparts.com\/de\/wp-json\/wp\/v2\/media?parent=8144"}],"wp:term":[{"taxonomy":"product_brand","embeddable":true,"href":"https:\/\/nhkmachineryparts.com\/de\/wp-json\/wp\/v2\/product_brand?post=8144"},{"taxonomy":"product_cat","embeddable":true,"href":"https:\/\/nhkmachineryparts.com\/de\/wp-json\/wp\/v2\/product_cat?post=8144"},{"taxonomy":"product_tag","embeddable":true,"href":"https:\/\/nhkmachineryparts.com\/de\/wp-json\/wp\/v2\/product_tag?post=8144"}],"curies":[{"name":"wp","href":"https:\/\/api.w.org\/{rel}","templated":true}]}}