{"id":8027,"date":"2024-01-08T05:12:26","date_gmt":"2024-01-08T03:12:26","guid":{"rendered":"https:\/\/nhkmachineryparts.com\/?post_type=product&#038;p=8027"},"modified":"2026-02-23T13:47:40","modified_gmt":"2026-02-23T11:47:40","slug":"distanzmutter-aus-edelstahl-2","status":"publish","type":"product","link":"https:\/\/nhkmachineryparts.com\/de\/product\/hygienic-spacer-nut\/","title":{"rendered":"Distanzmutter aus Edelstahl"},"content":{"rendered":"<section class=\"vc_row liquid-row-shadowbox-69d48f48b3fd6\"><div class=\"ld-container container\"><div class=\"row ld-row ld-row-outer\"><div class=\"wpb_column vc_column_container vc_col-sm-12 liquid-column-69d48f48b41bd\"><div class=\"vc_column-inner\" ><div class=\"wpb_wrapper\"  >\n\t<div class=\"wpb_text_column wpb_content_element\" >\n\t\t<div class=\"wpb_wrapper\">\n\t\t\t<h2>Distanzmutter aus Edelstahl (Aisi 1.4301)<\/h2>\n<p>Distanzmutter mit Gewinde aus Edelstahl (Aisi 1.4301)<br \/>\nDistanzmutter M8-16-9 \u2013 ID=8,2 \u2013 OD=16,0 \u2013 L=9 \u2013 L1=6<br \/>\nDistanzmutter M8-16-18 \u2013 ID=8,2 \u2013 OD=16,0 \u2013 L=18 \u2013 L1=12<br \/>\nDistanzmutter M10-18-9 \u2013 ID=10,2 \u2013 OD=18,0 \u2013 L=9 \u2013 L1=6<br \/>\nDistanzmutter M10-18-18 \u2013 ID=10,2 \u2013 OD=18,0 \u2013 L=18 \u2013 L1=12<br \/>\nDistanzmutter M12-22-9 \u2013 ID=12,2 \u2013 OD=22,0 \u2013 L=9 \u2013 L1=6<br \/>\nDistanzmutter M12-22-18 \u2013 ID=12,2 \u2013 OD=22,0 \u2013 L=18 \u2013 L1=12<br \/>\nDistanzmutter M16-26-9 \u2013 ID=16,2 \u2013 OD=26,0 \u2013 L=9 \u2013 L1=6<br \/>\nDistanzmutter M16-26-18 \u2013 ID=16,2 \u2013 OD=26,0 \u2013 L=18 \u2013 L1=12<\/p>\n<h2>Abstandhalter aus Edelstahl (Aisi 1.4301)<\/h2>\n<p>Abstandhalter 8-16-9 \u2013 ID=8,2 \u2013 AD=16,0 \u2013 L=9<br \/>\nAbstandhalter 8-16-18 \u2013 ID=8,2 \u2013 AD=16,0 \u2013 L=18<br \/>\nAbstandhalter 10-18-9 \u2013 ID=10,2 \u2013 AD=18,0 \u2013 L=9<br \/>\nAbstandhalter 10-18-18 \u2013 ID=10,2 \u2013 AD=18,0 \u2013 L=18<br \/>\nAbstandhalter 12-22-9 \u2013 ID=12,2 \u2013 AD=22,0 \u2013 L=9<br \/>\nAbstandhalter 12-22-18 \u2013 ID=12,2 \u2013 AD=22,0 \u2013 L=18<br \/>\nAbstandhalter 16-26-9 \u2013 ID=16,2 \u2013 AD=26,0 \u2013 L=9<br \/>\nDistanzst\u00fcck 16-26-18 \u2013 ID=16,2 \u2013 AD=26,0 \u2013 L=18<\/p>\n<h2>Distanzst\u00fcck aus Edelstahl zum Gewindeschneiden (Aisi 1.4301)<\/h2>\n<p>Der Innendurchmesser ist nach dem Schwei\u00dfen bereit f\u00fcr die Herstellung von Gewinden<br \/>\nAbstandhalter f\u00fcr Gewinde 6,8-16-15 \u2013 ID=6,8 \u2013 OD=16,0 \u2013 L=9<br \/>\nDistanzst\u00fcck f\u00fcr Gewinde 6,8-16-25 \u2013 ID=6,8 \u2013 OD=16,0 \u2013 L=18<br \/>\nAbstandhalter f\u00fcr Gewinde 8,5-18-15 \u2013 ID=8,5 \u2013 OD=18,0 \u2013 L=9<br \/>\nAbstandhalter f\u00fcr Gewinde 8,5-18-25 \u2013 ID=8,5 \u2013 OD=18,0 \u2013 L=18<br \/>\nAbstandhalter f\u00fcr Gewinde 10,2-22-15 \u2013 ID=10,2 \u2013 OD=22,0 \u2013 L=9<br \/>\nAbstandhalter f\u00fcr Gewinde 10,2-22-25 \u2013 ID=10,2 \u2013 OD=22,0 \u2013 L=18<br \/>\nAbstandhalter f\u00fcr Gewinde 14,0-26-15 \u2013 ID=14,0 \u2013 OD=26,0 \u2013 L=9<br \/>\nAbstandhalter f\u00fcr Gewinde 14,0-26-25 \u2013 ID=14,0 \u2013 OD=26,0 \u2013 L=18<\/p>\n<p><a href=\"https:\/\/nhkmachineryparts.com\/de\/produktlinie\/kategorie\/50-hygienic-conveyor-parts-in-stainless-steel-design\/\">Maschinenkomponenten im Hygienic Design<\/a><\/p>\n<p><a href=\"https:\/\/nhkmachineryparts.com\/de\/kontakt\/\">F\u00fcr andere Gr\u00f6\u00dfen kontaktieren Sie uns bitte.<\/a><\/p>\n<div class=\"flex-1 overflow-hidden @container\/thread\">\n<div class=\"h-full\">\n<div class=\"react-scroll-to-bottom--css-wjprm-79elbk h-full\">\n<div class=\"react-scroll-to-bottom--css-wjprm-1n7m0yu\">\n<div class=\"flex flex-col text-sm md:pb-9\">\n<article class=\"w-full scroll-mb-&#091;var(--thread-trailing-height,150px)&#093; text-token-text-primary focus-visible:outline-2 focus-visible:outline-offset-&#091;-4px&#093;\" dir=\"auto\" data-testid=\"conversation-turn-3\" data-scroll-anchor=\"true\">\n<div class=\"m-auto text-base py-&#091;18px&#093; px-3 md:px-4 w-full md:px-5 lg:px-4 xl:px-5\">\n<div class=\"mx-auto flex flex-1 gap-4 text-base md:gap-5 lg:gap-6 md:max-w-3xl lg:max-w-&#091;40rem&#093; xl:max-w-&#091;48rem&#093;\">\n<div class=\"group\/conversation-turn relative flex w-full min-w-0 flex-col agent-turn\">\n<div class=\"flex-col gap-1 md:gap-3\">\n<div class=\"flex max-w-full flex-col flex-grow\">\n<div class=\"min-h-8 text-message flex w-full flex-col items-end gap-2 whitespace-normal break-words text-start &#091;.text-message+&amp;&#093;:mt-5\" dir=\"auto\" data-message-author-role=\"assistant\" data-message-id=\"dcf8b918-0536-46f8-8dfe-35edc7431667\" data-message-model-slug=\"gpt-4o\">\n<div class=\"flex w-full flex-col gap-1 empty:hidden first:pt-&#091;3px&#093;\">\n<div class=\"markdown prose w-full break-words dark:prose-invert light\">\n<h2>Distanzmutter aus Edelstahl<\/h2>\n<h3>Reduzieren Sie Ausfallzeiten und Wartungskosten<\/h3>\n<p>In <a href=\"https:\/\/nhkmachineryparts.com\/de\/our-industries\/\" data-internallinksmanager029f6b8e52c=\"4\" title=\"Unsere Branchen\">Branchen<\/a> Wenn die Leistung der Anlage von entscheidender Bedeutung ist, kann die Wahl der richtigen Komponenten die Effizienz und Wartung erheblich beeinflussen. Distanzmuttern aus Edelstahl sind eine solche wichtige Komponente, die die Betriebszuverl\u00e4ssigkeit verbessern und gleichzeitig Ausfallzeiten und damit verbundene Kosten reduzieren soll. Ihre Haltbarkeit und Pr\u00e4zision machen sie in verschiedenen Branchen unverzichtbar, von der Lebensmittelverarbeitung bis zur Pharmaindustrie.<\/p>\n<hr \/>\n<h2>Was sind Distanzmuttern?<\/h2>\n<p>Distanzmuttern sind spezielle Befestigungselemente, die dazu dienen, einen pr\u00e4zisen Abstand zwischen Komponenten einzuhalten und so Stabilit\u00e4t und Ausrichtung in Maschinen sicherzustellen. Im Gegensatz zu herk\u00f6mmlichen Muttern erf\u00fcllen Distanzmuttern eine Doppelfunktion: Befestigung und Abstand. Wenn sie aus rostfreiem Stahl gefertigt sind, bieten sie zus\u00e4tzliche Vorteile wie Korrosionsbest\u00e4ndigkeit, Festigkeit und Hygiene.<\/p>\n<hr \/>\n<h2>Vorteile von Distanzmuttern aus Edelstahl<\/h2>\n<h3>1. <strong>Korrosionsbest\u00e4ndigkeit<\/strong><\/h3>\n<p>Edelstahl ist daf\u00fcr bekannt, dass er rauen Umgebungen standh\u00e4lt, darunter Feuchtigkeit, Chemikalien und extremen Temperaturen. Dadurch sind Distanzmuttern aus Edelstahl ideal f\u00fcr Branchen wie die Lebensmittelverarbeitung und die Pharmaindustrie, in denen Hygiene und Haltbarkeit von gr\u00f6\u00dfter Bedeutung sind.<\/p>\n<h3>2. <strong>Haltbarkeit und St\u00e4rke<\/strong><\/h3>\n<p>Die robuste Konstruktion von Distanzmuttern aus Edelstahl sorgt daf\u00fcr, dass sie hohen Belastungen und Beanspruchungen standhalten, wodurch die Wahrscheinlichkeit mechanischer Ausf\u00e4lle verringert wird. Diese Haltbarkeit f\u00fchrt zu einer l\u00e4ngeren Lebensdauer und geringeren Ersatzkosten.<\/p>\n<h3>3. <strong>Hygienisches Design<\/strong><\/h3>\n<p>In Branchen, in denen strenge Hygienestandards eingehalten werden m\u00fcssen, wie etwa in der Lebensmittel- und Arzneimittelproduktion, erf\u00fcllen Distanzmuttern aus Edelstahl die Hygieneanforderungen. Ihre glatte Oberfl\u00e4che widersteht Bakterienansammlungen und ist leicht zu reinigen. Dies unterst\u00fctzt die Einhaltung von <a href=\"https:\/\/nhkmachineryparts.com\/de\/was-ist-der-unterschied-zwischen-3a-und-ehedg\/\" data-internallinksmanager029f6b8e52c=\"2\" title=\"EHEDG-zertifizierte Maschinenteile\">EHEDG<\/a> und 3-A-Standards.<\/p>\n<h3>4. <strong>Kosteng\u00fcnstige Wartung<\/strong><\/h3>\n<p>Durch die Aufrechterhaltung der Ausrichtung und Stabilit\u00e4t der Maschinen verringern Distanzmuttern aus Edelstahl den Verschlei\u00df der Ausr\u00fcstung. Dies f\u00fchrt zu weniger Ausf\u00e4llen und minimiert Ausfallzeiten und Reparaturkosten.<\/p>\n<h3>5. <strong>Branchen\u00fcbergreifende Vielseitigkeit<\/strong><\/h3>\n<p>Distanzmuttern sind mit einer Vielzahl von Maschinen und Anwendungen kompatibel. Ob in F\u00f6rderb\u00e4ndern, Pumpen oder Robotersystemen \u2013 sie bieten gleichbleibende Leistung.<\/p>\n<hr \/>\n<h2>Wichtige Anwendungen von Distanzmuttern aus Edelstahl<\/h2>\n<h3>Lebensmittelindustrie<\/h3>\n<p>Bei der Lebensmittelproduktion ist die Einhaltung der Hygiene von entscheidender Bedeutung. Distanzmuttern aus Edelstahl werden h\u00e4ufig in Ger\u00e4ten wie F\u00f6rderb\u00e4ndern und Mischern verwendet, bei denen pr\u00e4zise Abst\u00e4nde und Hygiene von entscheidender Bedeutung sind. Ihre korrosionsbest\u00e4ndigen Eigenschaften stellen sicher, dass sie regelm\u00e4\u00dfiger Reinigung und Desinfektion standhalten.<\/p>\n<h3>Pharmazeutische und biotechnologische Industrie<\/h3>\n<p>Distanzmuttern aus Edelstahl erf\u00fcllen die strengen Anforderungen in pharmazeutischen Umgebungen. Ihre Widerstandsf\u00e4higkeit gegen\u00fcber chemischen Einfl\u00fcssen und die Aufrechterhaltung der strukturellen Integrit\u00e4t gew\u00e4hrleisten eine zuverl\u00e4ssige Leistung in Reinr\u00e4umen und Laboren.<\/p>\n<h3>Verpackungsindustrie<\/h3>\n<p>Distanzmuttern aus Edelstahl sind ein wesentlicher Bestandteil von Hochgeschwindigkeitsverpackungsmaschinen und sorgen f\u00fcr Stabilit\u00e4t und Ausrichtung f\u00fcr einen reibungslosen Betrieb. Ihre Haltbarkeit reduziert den Bedarf an h\u00e4ufigen Anpassungen und sorgt so f\u00fcr eine gleichbleibende Produktivit\u00e4t.<\/p>\n<h3>Automobil- und Luftfahrtsektor<\/h3>\n<p>In der Automobil- und Luftfahrtindustrie sind Pr\u00e4zision und Zuverl\u00e4ssigkeit unverzichtbar. Distanzmuttern aus Edelstahl sorgen f\u00fcr die n\u00f6tige Stabilit\u00e4t und Festigkeit, um die Ausrichtung der Komponenten in Hochleistungsmaschinen sicherzustellen.<\/p>\n<hr \/>\n<h2>Auswahl der richtigen Distanzmutter aus Edelstahl<\/h2>\n<p>Ber\u00fccksichtigen Sie bei der Auswahl von Distanzmuttern f\u00fcr Ihren Betrieb Faktoren wie:<\/p>\n<ul>\n<li><strong>Materialqualit\u00e4t:<\/strong> Entscheiden Sie sich f\u00fcr Edelstahlsorten wie 304 oder 316 f\u00fcr \u00fcberragende Korrosionsbest\u00e4ndigkeit.<\/li>\n<li><strong>Design-Spezifikationen:<\/strong> Stellen Sie sicher, dass die Abmessungen und Gewinde Ihren Anwendungsanforderungen entsprechen.<\/li>\n<li><strong>Zertifizierungen:<\/strong> Suchen Sie nach Distanzmuttern, die Industriestandards wie ISO oder EHEDG entsprechen.<\/li>\n<\/ul>\n<hr \/>\n<h2>Distanzmuttern aus Edelstahl: Der Schl\u00fcssel zur Reduzierung von Ausfallzeiten und Wartungskosten<\/h2>\n<p>Die Investition in Distanzmuttern aus Edelstahl ist eine strategische Entscheidung f\u00fcr Branchen, die Ausfallzeiten und Wartungskosten minimieren m\u00f6chten. Ihre Korrosionsbest\u00e4ndigkeit, Langlebigkeit und ihr hygienisches Design machen sie zu einer wertvollen Erg\u00e4nzung f\u00fcr verschiedene Anwendungen. Durch die Wahl hochwertiger Distanzmuttern k\u00f6nnen Unternehmen ihre Betriebseffizienz sicherstellen, die Produktivit\u00e4t steigern und langfristige Kosteneinsparungen erzielen.<\/p>\n<p>R\u00fcsten Sie Ihre Maschinen noch heute mit Distanzmuttern aus Edelstahl auf und profitieren Sie von weniger Wartungsaufwand, geringeren Ausfallzeiten und h\u00f6herer Zuverl\u00e4ssigkeit.<\/p>\n<\/div>\n<\/div>\n<\/div>\n<\/div>\n<\/div>\n<\/div>\n<\/div>\n<\/div>\n<\/article>\n<\/div>\n<\/div>\n<\/div>\n<\/div>\n<\/div>\n\n\t\t<\/div>\n\t<\/div>\n<\/div><\/div><\/div><\/div><\/div><\/section>","protected":false},"excerpt":{"rendered":"Spacer nut in stainless steel\u00a0 (Aisi 1.4301) Threaded stainless steel\u00a0spacer nut\u00a0(Aisi 1.4301) Spacer nut M8-16-9 - ID=8.2 \u2013 OD=16.0 \u2013 L=9 \u2013 L1=6 Spacer nut M8-16-18 - ID=8.2 \u2013 OD=16.0 \u2013 L=18 \u2013 L1=12 Spacer nut M10-18-9 - ID=10.2 \u2013 OD=18.0 \u2013 L=9 \u2013 L1=6 Spacer nut M10-18-18 - ID=10.2 \u2013 OD=18.0 \u2013 L=18 \u2013 [...]","protected":false},"featured_media":8564,"template":"","meta":[],"product_brand":[],"product_cat":[64],"product_tag":[],"class_list":{"0":"post-8027","1":"product","2":"type-product","3":"status-publish","4":"has-post-thumbnail","6":"product_cat-hygienic-machinery-components-in-stainless-steel","8":"first","9":"instock","10":"shipping-taxable","11":"product-type-simple"},"yoast_head":"<!-- This site is optimized with the Yoast SEO plugin v27.3 - https:\/\/yoast.com\/product\/yoast-seo-wordpress\/ -->\n<title>Spacer nut in stainless steel | NHK Machinery Parts<\/title>\n<meta name=\"description\" content=\"Threaded stainless steel\u00a0spacer nut\u00a0(Aisi 1.4301), components in hygienic design for the manufacture and processing of food and pharmaceutical products.\" \/>\n<meta name=\"robots\" content=\"index, follow, max-snippet:-1, max-image-preview:large, max-video-preview:-1\" \/>\n<link rel=\"canonical\" href=\"https:\/\/nhkmachineryparts.com\/de\/produkt\/distanzmutter-aus-edelstahl-2\/\" \/>\n<meta property=\"og:locale\" content=\"de_DE\" \/>\n<meta property=\"og:type\" content=\"article\" \/>\n<meta property=\"og:title\" content=\"Spacer nut in stainless steel | NHK Machinery Parts\" \/>\n<meta property=\"og:description\" content=\"Threaded stainless steel\u00a0spacer nut\u00a0(Aisi 1.4301), components in hygienic design for the manufacture and processing of food and pharmaceutical products.\" \/>\n<meta property=\"og:url\" content=\"https:\/\/nhkmachineryparts.com\/de\/produkt\/distanzmutter-aus-edelstahl-2\/\" \/>\n<meta property=\"og:site_name\" content=\"NHK Machinery Parts\" \/>\n<meta property=\"article:publisher\" content=\"https:\/\/www.facebook.com\/NHK.Group.aps\" \/>\n<meta property=\"article:modified_time\" content=\"2026-02-23T11:47:40+00:00\" \/>\n<meta property=\"og:image\" content=\"https:\/\/nhkmachineryparts.com\/wp-content\/uploads\/2024\/01\/Hygienic-spacer-nut.jpg\" \/>\n\t<meta property=\"og:image:width\" content=\"1000\" \/>\n\t<meta property=\"og:image:height\" content=\"1000\" \/>\n\t<meta property=\"og:image:type\" content=\"image\/jpeg\" \/>\n<meta name=\"twitter:card\" content=\"summary_large_image\" \/>\n<meta name=\"twitter:label1\" content=\"Gesch\u00e4tzte Lesezeit\" \/>\n\t<meta name=\"twitter:data1\" content=\"4\u00a0Minuten\" \/>\n<script type=\"application\/ld+json\" class=\"yoast-schema-graph\">{\"@context\":\"https:\\\/\\\/schema.org\",\"@graph\":[{\"@type\":\"WebPage\",\"@id\":\"https:\\\/\\\/nhkmachineryparts.com\\\/product\\\/hygienic-spacer-nut\\\/\",\"url\":\"https:\\\/\\\/nhkmachineryparts.com\\\/product\\\/hygienic-spacer-nut\\\/\",\"name\":\"Spacer nut in stainless steel | NHK Machinery Parts\",\"isPartOf\":{\"@id\":\"https:\\\/\\\/nhkmachineryparts.com\\\/#website\"},\"primaryImageOfPage\":{\"@id\":\"https:\\\/\\\/nhkmachineryparts.com\\\/product\\\/hygienic-spacer-nut\\\/#primaryimage\"},\"image\":{\"@id\":\"https:\\\/\\\/nhkmachineryparts.com\\\/product\\\/hygienic-spacer-nut\\\/#primaryimage\"},\"thumbnailUrl\":\"https:\\\/\\\/nhkmachineryparts.com\\\/wp-content\\\/uploads\\\/2024\\\/01\\\/Hygienic-spacer-nut.jpg\",\"datePublished\":\"2024-01-08T03:12:26+00:00\",\"dateModified\":\"2026-02-23T11:47:40+00:00\",\"description\":\"Threaded stainless steel\u00a0spacer nut\u00a0(Aisi 1.4301), components in hygienic design for the manufacture and processing of food and pharmaceutical products.\",\"breadcrumb\":{\"@id\":\"https:\\\/\\\/nhkmachineryparts.com\\\/product\\\/hygienic-spacer-nut\\\/#breadcrumb\"},\"inLanguage\":\"de\",\"potentialAction\":[{\"@type\":\"ReadAction\",\"target\":[\"https:\\\/\\\/nhkmachineryparts.com\\\/product\\\/hygienic-spacer-nut\\\/\"]}]},{\"@type\":\"ImageObject\",\"inLanguage\":\"de\",\"@id\":\"https:\\\/\\\/nhkmachineryparts.com\\\/product\\\/hygienic-spacer-nut\\\/#primaryimage\",\"url\":\"https:\\\/\\\/nhkmachineryparts.com\\\/wp-content\\\/uploads\\\/2024\\\/01\\\/Hygienic-spacer-nut.jpg\",\"contentUrl\":\"https:\\\/\\\/nhkmachineryparts.com\\\/wp-content\\\/uploads\\\/2024\\\/01\\\/Hygienic-spacer-nut.jpg\",\"width\":1000,\"height\":1000,\"caption\":\"Hygienic spacer nut\"},{\"@type\":\"BreadcrumbList\",\"@id\":\"https:\\\/\\\/nhkmachineryparts.com\\\/product\\\/hygienic-spacer-nut\\\/#breadcrumb\",\"itemListElement\":[{\"@type\":\"ListItem\",\"position\":1,\"name\":\"Home\",\"item\":\"https:\\\/\\\/nhkmachineryparts.com\\\/\"},{\"@type\":\"ListItem\",\"position\":2,\"name\":\"Product line\",\"item\":\"https:\\\/\\\/nhkmachineryparts.com\\\/product-line\\\/\"},{\"@type\":\"ListItem\",\"position\":3,\"name\":\"Hygienic machinery components in stainless steel\",\"item\":\"https:\\\/\\\/nhkmachineryparts.com\\\/product-line\\\/hygienic-machinery-components-in-stainless-steel\\\/\"},{\"@type\":\"ListItem\",\"position\":4,\"name\":\"Spacer nut in stainless steel\"}]},{\"@type\":\"WebSite\",\"@id\":\"https:\\\/\\\/nhkmachineryparts.com\\\/#website\",\"url\":\"https:\\\/\\\/nhkmachineryparts.com\\\/\",\"name\":\"NHK Machinery Parts\",\"description\":\"Bearing Houses, seismic levelling feet and levelling castors\",\"publisher\":{\"@id\":\"https:\\\/\\\/nhkmachineryparts.com\\\/#organization\"},\"potentialAction\":[{\"@type\":\"SearchAction\",\"target\":{\"@type\":\"EntryPoint\",\"urlTemplate\":\"https:\\\/\\\/nhkmachineryparts.com\\\/?s={search_term_string}\"},\"query-input\":{\"@type\":\"PropertyValueSpecification\",\"valueRequired\":true,\"valueName\":\"search_term_string\"}}],\"inLanguage\":\"de\"},{\"@type\":\"Organization\",\"@id\":\"https:\\\/\\\/nhkmachineryparts.com\\\/#organization\",\"name\":\"Nhk Group ApS\",\"url\":\"https:\\\/\\\/nhkmachineryparts.com\\\/\",\"logo\":{\"@type\":\"ImageObject\",\"inLanguage\":\"de\",\"@id\":\"https:\\\/\\\/nhkmachineryparts.com\\\/#\\\/schema\\\/logo\\\/image\\\/\",\"url\":\"https:\\\/\\\/nhkmachineryparts.com\\\/wp-content\\\/uploads\\\/2022\\\/09\\\/NHKgroup_social.jpg\",\"contentUrl\":\"https:\\\/\\\/nhkmachineryparts.com\\\/wp-content\\\/uploads\\\/2022\\\/09\\\/NHKgroup_social.jpg\",\"width\":1200,\"height\":630,\"caption\":\"Nhk Group ApS\"},\"image\":{\"@id\":\"https:\\\/\\\/nhkmachineryparts.com\\\/#\\\/schema\\\/logo\\\/image\\\/\"},\"sameAs\":[\"https:\\\/\\\/www.facebook.com\\\/NHK.Group.aps\"]}]}<\/script>\n<!-- \/ Yoast SEO plugin. -->","yoast_head_json":{"title":"Distanzmutter aus Edelstahl | NHK-Maschinenteile","description":"Gewinde-Distanzmutter aus Edelstahl (Aisi 1.4301), Komponenten im Hygienedesign f\u00fcr die Herstellung und Verarbeitung von Lebensmitteln und Pharmaprodukten.","robots":{"index":"index","follow":"follow","max-snippet":"max-snippet:-1","max-image-preview":"max-image-preview:large","max-video-preview":"max-video-preview:-1"},"canonical":"https:\/\/nhkmachineryparts.com\/de\/produkt\/distanzmutter-aus-edelstahl-2\/","og_locale":"de_DE","og_type":"article","og_title":"Spacer nut in stainless steel | NHK Machinery Parts","og_description":"Threaded stainless steel\u00a0spacer nut\u00a0(Aisi 1.4301), components in hygienic design for the manufacture and processing of food and pharmaceutical products.","og_url":"https:\/\/nhkmachineryparts.com\/de\/produkt\/distanzmutter-aus-edelstahl-2\/","og_site_name":"NHK Machinery Parts","article_publisher":"https:\/\/www.facebook.com\/NHK.Group.aps","article_modified_time":"2026-02-23T11:47:40+00:00","og_image":[{"width":1000,"height":1000,"url":"https:\/\/nhkmachineryparts.com\/wp-content\/uploads\/2024\/01\/Hygienic-spacer-nut.jpg","type":"image\/jpeg"}],"twitter_card":"summary_large_image","twitter_misc":{"Gesch\u00e4tzte Lesezeit":"4\u00a0Minuten"},"schema":{"@context":"https:\/\/schema.org","@graph":[{"@type":"WebPage","@id":"https:\/\/nhkmachineryparts.com\/product\/hygienic-spacer-nut\/","url":"https:\/\/nhkmachineryparts.com\/product\/hygienic-spacer-nut\/","name":"Distanzmutter aus Edelstahl | NHK-Maschinenteile","isPartOf":{"@id":"https:\/\/nhkmachineryparts.com\/#website"},"primaryImageOfPage":{"@id":"https:\/\/nhkmachineryparts.com\/product\/hygienic-spacer-nut\/#primaryimage"},"image":{"@id":"https:\/\/nhkmachineryparts.com\/product\/hygienic-spacer-nut\/#primaryimage"},"thumbnailUrl":"https:\/\/nhkmachineryparts.com\/wp-content\/uploads\/2024\/01\/Hygienic-spacer-nut.jpg","datePublished":"2024-01-08T03:12:26+00:00","dateModified":"2026-02-23T11:47:40+00:00","description":"Gewinde-Distanzmutter aus Edelstahl (Aisi 1.4301), Komponenten im Hygienedesign f\u00fcr die Herstellung und Verarbeitung von Lebensmitteln und Pharmaprodukten.","breadcrumb":{"@id":"https:\/\/nhkmachineryparts.com\/product\/hygienic-spacer-nut\/#breadcrumb"},"inLanguage":"de","potentialAction":[{"@type":"ReadAction","target":["https:\/\/nhkmachineryparts.com\/product\/hygienic-spacer-nut\/"]}]},{"@type":"ImageObject","inLanguage":"de","@id":"https:\/\/nhkmachineryparts.com\/product\/hygienic-spacer-nut\/#primaryimage","url":"https:\/\/nhkmachineryparts.com\/wp-content\/uploads\/2024\/01\/Hygienic-spacer-nut.jpg","contentUrl":"https:\/\/nhkmachineryparts.com\/wp-content\/uploads\/2024\/01\/Hygienic-spacer-nut.jpg","width":1000,"height":1000,"caption":"Hygienic spacer nut"},{"@type":"BreadcrumbList","@id":"https:\/\/nhkmachineryparts.com\/product\/hygienic-spacer-nut\/#breadcrumb","itemListElement":[{"@type":"ListItem","position":1,"name":"Home","item":"https:\/\/nhkmachineryparts.com\/"},{"@type":"ListItem","position":2,"name":"Product line","item":"https:\/\/nhkmachineryparts.com\/product-line\/"},{"@type":"ListItem","position":3,"name":"Hygienic machinery components in stainless steel","item":"https:\/\/nhkmachineryparts.com\/product-line\/hygienic-machinery-components-in-stainless-steel\/"},{"@type":"ListItem","position":4,"name":"Spacer nut in stainless steel"}]},{"@type":"WebSite","@id":"https:\/\/nhkmachineryparts.com\/#website","url":"https:\/\/nhkmachineryparts.com\/","name":"NHK-Maschinenteile","description":"Lagergeh\u00e4use, seismische Nivellierf\u00fc\u00dfe und Nivellierrollen","publisher":{"@id":"https:\/\/nhkmachineryparts.com\/#organization"},"potentialAction":[{"@type":"SearchAction","target":{"@type":"EntryPoint","urlTemplate":"https:\/\/nhkmachineryparts.com\/?s={search_term_string}"},"query-input":{"@type":"PropertyValueSpecification","valueRequired":true,"valueName":"search_term_string"}}],"inLanguage":"de"},{"@type":"Organization","@id":"https:\/\/nhkmachineryparts.com\/#organization","name":"Nhk Group ApS","url":"https:\/\/nhkmachineryparts.com\/","logo":{"@type":"ImageObject","inLanguage":"de","@id":"https:\/\/nhkmachineryparts.com\/#\/schema\/logo\/image\/","url":"https:\/\/nhkmachineryparts.com\/wp-content\/uploads\/2022\/09\/NHKgroup_social.jpg","contentUrl":"https:\/\/nhkmachineryparts.com\/wp-content\/uploads\/2022\/09\/NHKgroup_social.jpg","width":1200,"height":630,"caption":"Nhk Group ApS"},"image":{"@id":"https:\/\/nhkmachineryparts.com\/#\/schema\/logo\/image\/"},"sameAs":["https:\/\/www.facebook.com\/NHK.Group.aps"]}]}},"_links":{"self":[{"href":"https:\/\/nhkmachineryparts.com\/de\/wp-json\/wp\/v2\/product\/8027","targetHints":{"allow":["GET"]}}],"collection":[{"href":"https:\/\/nhkmachineryparts.com\/de\/wp-json\/wp\/v2\/product"}],"about":[{"href":"https:\/\/nhkmachineryparts.com\/de\/wp-json\/wp\/v2\/types\/product"}],"wp:featuredmedia":[{"embeddable":true,"href":"https:\/\/nhkmachineryparts.com\/de\/wp-json\/wp\/v2\/media\/8564"}],"wp:attachment":[{"href":"https:\/\/nhkmachineryparts.com\/de\/wp-json\/wp\/v2\/media?parent=8027"}],"wp:term":[{"taxonomy":"product_brand","embeddable":true,"href":"https:\/\/nhkmachineryparts.com\/de\/wp-json\/wp\/v2\/product_brand?post=8027"},{"taxonomy":"product_cat","embeddable":true,"href":"https:\/\/nhkmachineryparts.com\/de\/wp-json\/wp\/v2\/product_cat?post=8027"},{"taxonomy":"product_tag","embeddable":true,"href":"https:\/\/nhkmachineryparts.com\/de\/wp-json\/wp\/v2\/product_tag?post=8027"}],"curies":[{"name":"wp","href":"https:\/\/api.w.org\/{rel}","templated":true}]}}