{"id":5782,"date":"2023-07-28T13:08:35","date_gmt":"2023-07-28T11:08:35","guid":{"rendered":"https:\/\/nhkmachineryparts.com\/?post_type=product&#038;p=5782"},"modified":"2026-02-23T13:54:24","modified_gmt":"2026-02-23T11:54:24","slug":"distanzmutter-aus-edelstahl","status":"publish","type":"product","link":"https:\/\/nhkmachineryparts.com\/de\/product\/spacer-nut-in-stainless-steel\/","title":{"rendered":"Abstandhalter aus Edelstahl"},"content":{"rendered":"<section class=\"vc_row liquid-row-shadowbox-69d48f595b42e\"><div class=\"ld-container container\"><div class=\"row ld-row ld-row-outer\"><div class=\"wpb_column vc_column_container vc_col-sm-12 liquid-column-69d48f595b709\"><div class=\"vc_column-inner\" ><div class=\"wpb_wrapper\"  >\n\t<div class=\"wpb_text_column wpb_content_element\" >\n\t\t<div class=\"wpb_wrapper\">\n\t\t\t<h2>Distanzmutter aus Edelstahl (Aisi 1.4301)<\/h2>\n<p>Distanzmutter mit Gewinde aus Edelstahl (Aisi 1.4301)<br \/>\nDistanzmutter M8-16-9 \u2013 ID=8,2 \u2013 OD=16,0 \u2013 L=9 \u2013 L1=6<br \/>\nDistanzmutter M8-16-18 \u2013 ID=8,2 \u2013 OD=16,0 \u2013 L=18 \u2013 L1=12<br \/>\nDistanzmutter M10-18-9 \u2013 ID=10,2 \u2013 OD=18,0 \u2013 L=9 \u2013 L1=6<br \/>\nDistanzmutter M10-18-18 \u2013 ID=10,2 \u2013 OD=18,0 \u2013 L=18 \u2013 L1=12<br \/>\nDistanzmutter M12-22-9 \u2013 ID=12,2 \u2013 OD=22,0 \u2013 L=9 \u2013 L1=6<br \/>\nDistanzmutter M12-22-18 \u2013 ID=12,2 \u2013 OD=22,0 \u2013 L=18 \u2013 L1=12<br \/>\nDistanzmutter M16-26-9 \u2013 ID=16,2 \u2013 OD=26,0 \u2013 L=9 \u2013 L1=6<br \/>\nDistanzmutter M16-26-18 \u2013 ID=16,2 \u2013 OD=26,0 \u2013 L=18 \u2013 L1=12<\/p>\n<h2>Abstandhalter aus Edelstahl (Aisi 1.4301)<\/h2>\n<p>Abstandhalter 8-16-9 \u2013 ID=8,2 \u2013 AD=16,0 \u2013 L=9<br \/>\nAbstandhalter 8-16-18 \u2013 ID=8,2 \u2013 AD=16,0 \u2013 L=18<br \/>\nAbstandhalter 10-18-9 \u2013 ID=10,2 \u2013 AD=18,0 \u2013 L=9<br \/>\nAbstandhalter 10-18-18 \u2013 ID=10,2 \u2013 AD=18,0 \u2013 L=18<br \/>\nAbstandhalter 12-22-9 \u2013 ID=12,2 \u2013 AD=22,0 \u2013 L=9<br \/>\nAbstandhalter 12-22-18 \u2013 ID=12,2 \u2013 AD=22,0 \u2013 L=18<br \/>\nAbstandhalter 16-26-9 \u2013 ID=16,2 \u2013 AD=26,0 \u2013 L=9<br \/>\nDistanzst\u00fcck 16-26-18 \u2013 ID=16,2 \u2013 AD=26,0 \u2013 L=18<\/p>\n<h2>Distanzst\u00fcck aus Edelstahl zum Gewindeschneiden (Aisi 1.4301)<\/h2>\n<p>Der Innendurchmesser ist nach dem Schwei\u00dfen bereit f\u00fcr die Herstellung von Gewinden<br \/>\nAbstandhalter f\u00fcr Gewinde 6,8-16-15 \u2013 ID=6,8 \u2013 OD=16,0 \u2013 L=9<br \/>\nDistanzst\u00fcck f\u00fcr Gewinde 6,8-16-25 \u2013 ID=6,8 \u2013 OD=16,0 \u2013 L=18<br \/>\nAbstandhalter f\u00fcr Gewinde 8,5-18-15 \u2013 ID=8,5 \u2013 OD=18,0 \u2013 L=9<br \/>\nAbstandhalter f\u00fcr Gewinde 8,5-18-25 \u2013 ID=8,5 \u2013 OD=18,0 \u2013 L=18<br \/>\nAbstandhalter f\u00fcr Gewinde 10,2-22-15 \u2013 ID=10,2 \u2013 OD=22,0 \u2013 L=9<br \/>\nAbstandhalter f\u00fcr Gewinde 10,2-22-25 \u2013 ID=10,2 \u2013 OD=22,0 \u2013 L=18<br \/>\nAbstandhalter f\u00fcr Gewinde 14,0-26-15 \u2013 ID=14,0 \u2013 OD=26,0 \u2013 L=9<br \/>\nAbstandhalter f\u00fcr Gewinde 14,0-26-25 \u2013 ID=14,0 \u2013 OD=26,0 \u2013 L=18<\/p>\n<p><a href=\"https:\/\/nhkmachineryparts.com\/de\/produktlinie\/kategorie\/50-hygienic-conveyor-parts-in-stainless-steel-design\/\">Maschinenkomponenten im Hygienic Design<\/a><\/p>\n<p><a href=\"https:\/\/nhkmachineryparts.com\/de\/kontakt\/\">F\u00fcr andere Gr\u00f6\u00dfen kontaktieren Sie uns bitte.<\/a><\/p>\n<h2>Edelstahl-Abstandhalter: Leicht zu reinigende Anwendung f\u00fcr optimale Hygiene<\/h2>\n<h3>Warum Abstandshalter aus Edelstahl unverzichtbar sind<\/h3>\n<p>In <a href=\"https:\/\/nhkmachineryparts.com\/de\/our-industries\/\" data-internallinksmanager029f6b8e52c=\"4\" title=\"Unsere Branchen\">Branchen<\/a> In der Lebensmittelverarbeitung, Pharmazie und Biotechnologie ist die Aufrechterhaltung der Sauberkeit von gr\u00f6\u00dfter Bedeutung. Edelstahl-Abstandhalter bieten eine robuste, hygienische und leicht zu reinigende L\u00f6sung und stellen sicher, dass Maschinen und Ger\u00e4te strenge Hygienestandards erf\u00fcllen. Diese Komponenten steigern nicht nur die Betriebseffizienz, sondern tragen auch zur Langlebigkeit der Ger\u00e4te in anspruchsvollen Umgebungen bei.<\/p>\n<hr \/>\n<h2>Edelstahl-Abstandshalter verstehen<\/h2>\n<p>Abstandshalter aus Edelstahl sind kleine, aber wichtige Komponenten, die dazu dienen, den genauen Abstand zwischen Maschinenteilen einzuhalten. Sie werden aus hochwertigem Edelstahl hergestellt und bieten eine au\u00dfergew\u00f6hnliche Best\u00e4ndigkeit gegen Korrosion, Temperaturschwankungen und Verschlei\u00df.<\/p>\n<p>Ihre glatte, porenfreie Oberfl\u00e4che verhindert die Ansammlung von Schmutz, Bakterien oder Ablagerungen und macht sie zur idealen Wahl f\u00fcr Anwendungen in sauberen Umgebungen. Dar\u00fcber hinaus vereinfacht ihr leicht zu reinigendes Design die Wartungsroutinen und reduziert Ausfallzeiten und Betriebskosten.<\/p>\n<hr \/>\n<h2>Hauptvorteile von Abstandshaltern aus Edelstahl<\/h2>\n<h3>1. <strong>Hygienisches Design<\/strong><\/h3>\n<p>Edelstahl-Abstandhalter werden unter Ber\u00fccksichtigung der Hygiene hergestellt. Ihre nahtlose Konstruktion verhindert Spalten, in denen sich Verunreinigungen verstecken k\u00f6nnten, und gew\u00e4hrleistet die Einhaltung von Industrienormen wie <a href=\"https:\/\/nhkmachineryparts.com\/de\/was-ist-der-unterschied-zwischen-3a-und-ehedg\/\" data-internallinksmanager029f6b8e52c=\"2\" title=\"EHEDG-zertifizierte Maschinenteile\">EHEDG<\/a> und 3-A.<\/p>\n<h3>2. <strong>Haltbarkeit<\/strong><\/h3>\n<p>Aufgrund der Festigkeit und Korrosionsbest\u00e4ndigkeit von Edelstahl eignen sich diese Abstandshalter ideal f\u00fcr den Einsatz in Umgebungen, die Feuchtigkeit, Chemikalien und hohen Temperaturen ausgesetzt sind.<\/p>\n<h3>3. <strong>Einfache Wartung<\/strong><\/h3>\n<p>Dank ihrer polierten Oberfl\u00e4che lassen sich Edelstahl-Abstandshalter leicht reinigen und sterilisieren und tragen so zur Aufrechterhaltung eines sicheren und hygienischen Arbeitsplatzes bei.<\/p>\n<h3>4. <strong>Vielseitigkeit<\/strong><\/h3>\n<p>Diese Abstandshalter sind mit verschiedenen Maschinentypen kompatibel und werden in Branchen wie der Lebensmittel- und Getr\u00e4nkeindustrie, der Pharmaindustrie und der Medizintechnik h\u00e4ufig verwendet.<\/p>\n<hr \/>\n<h2>Anwendungen in Schl\u00fcsselindustrien<\/h2>\n<h3>Lebensmittel- und Getr\u00e4nkeverarbeitung<\/h3>\n<p>Abstandshalter aus Edelstahl sind fester Bestandteil von Ger\u00e4ten wie F\u00f6rderb\u00e4ndern, Mischern und Abf\u00fcllmaschinen und sorgen daf\u00fcr, dass die Maschinen w\u00e4hrend des Betriebs frei von Verunreinigungen bleiben.<\/p>\n<h3>Pharmazeutik und Biotechnologie<\/h3>\n<p>In sterilen Umgebungen tragen diese Abstandshalter dazu bei, die Sauberkeit der Labor- und Produktionsger\u00e4te aufrechtzuerhalten und das Risiko einer Kreuzkontamination zu verringern.<\/p>\n<h3>Verpackungsindustrie<\/h3>\n<p>Abstandshalter aus Edelstahl werden in Versiegelungs-, Abf\u00fcll- und Etikettiermaschinen verwendet und erh\u00f6hen die Zuverl\u00e4ssigkeit und Sauberkeit von Verpackungsprozessen.<\/p>\n<hr \/>\n<h2>Auswahl des richtigen Edelstahl-Abstandshalters<\/h2>\n<p>Ber\u00fccksichtigen Sie bei der Auswahl von Abstandshaltern aus Edelstahl Faktoren wie:<\/p>\n<ul>\n<li><strong>Materialqualit\u00e4t:<\/strong> Achten Sie auf Edelstahl 304 oder 316 f\u00fcr h\u00f6chste Korrosionsbest\u00e4ndigkeit.<\/li>\n<li><strong>Einhaltung:<\/strong> Stellen Sie sicher, dass die Abstandshalter Industriestandards wie EHEDG oder FDA entsprechen.<\/li>\n<li><strong>Anpassung:<\/strong> Entscheiden Sie sich f\u00fcr Designs, die auf Ihre Maschinen und Betriebsanforderungen zugeschnitten sind.<\/li>\n<\/ul>\n<hr \/>\n<h2>Effizienzsteigerung durch leicht zu reinigende Abstandshalter<\/h2>\n<p>Die regelm\u00e4\u00dfige Wartung wird durch Edelstahl-Abstandshalter vereinfacht, die strengen Reinigungsverfahren wie Hochdruckreinigung und dem Kontakt mit aggressiven Chemikalien standhalten. Ihr robustes Design minimiert den Verschlei\u00df und gew\u00e4hrleistet eine gleichbleibende Leistung.<\/p>\n<p>Durch den Einbau dieser Abstandshalter k\u00f6nnen Unternehmen Folgendes erreichen:<\/p>\n<ul>\n<li>Verbesserte Hygiene<\/li>\n<li>Reduzierte Ausfallzeiten der Ger\u00e4te<\/li>\n<li>Einhaltung regulatorischer Standards<\/li>\n<\/ul>\n<hr \/>\n<h2>Abstandshalter aus Edelstahl: Die ultimative, leicht zu reinigende L\u00f6sung<\/h2>\n<p>Edelstahl-Abstandhalter sind ein unverzichtbarer Bestandteil in Branchen, in denen strenge Hygiene und Haltbarkeit gefordert sind. Ihr leicht zu reinigendes Design und ihre ausgezeichnete Best\u00e4ndigkeit gegen raue Umgebungen machen sie zu einer wertvollen Erg\u00e4nzung f\u00fcr jeden Betrieb.<\/p>\n<p>Die Investition in hochwertige Edelstahl-Abstandshalter gew\u00e4hrleistet nicht nur die Zuverl\u00e4ssigkeit der Ausr\u00fcstung, sondern verbessert auch die allgemeine Produktivit\u00e4t und Sicherheit. R\u00fcsten Sie Ihre Maschinen noch heute auf, um die langfristigen Vorteile dieser au\u00dfergew\u00f6hnlichen Komponenten zu nutzen.<\/p>\n\n\t\t<\/div>\n\t<\/div>\n<\/div><\/div><\/div><\/div><\/div><\/section>","protected":false},"excerpt":{"rendered":"Spacer nut in stainless steel\u00a0 (Aisi 1.4301) Threaded stainless steel\u00a0spacer nut\u00a0(Aisi 1.4301) Spacer nut M8-16-9 - ID=8.2 \u2013 OD=16.0 \u2013 L=9 \u2013 L1=6 Spacer nut M8-16-18 - ID=8.2 \u2013 OD=16.0 \u2013 L=18 \u2013 L1=12 Spacer nut M10-18-9 - ID=10.2 \u2013 OD=18.0 \u2013 L=9 \u2013 L1=6 Spacer nut M10-18-18 - ID=10.2 \u2013 OD=18.0 \u2013 L=18 \u2013 [...]","protected":false},"featured_media":8564,"template":"","meta":[],"product_brand":[],"product_cat":[64],"product_tag":[],"class_list":{"0":"post-5782","1":"product","2":"type-product","3":"status-publish","4":"has-post-thumbnail","6":"product_cat-hygienic-machinery-components-in-stainless-steel","8":"first","9":"instock","10":"shipping-taxable","11":"product-type-simple"},"yoast_head":"<!-- This site is optimized with the Yoast SEO plugin v27.3 - https:\/\/yoast.com\/product\/yoast-seo-wordpress\/ -->\n<title>Spacer in stainless steel | NHK Machinery Parts<\/title>\n<meta name=\"description\" content=\"Threaded stainless steel\u00a0spacer nut\u00a0(Aisi 1.4301), components in hygienic design for the manufacture and processing of food and pharmaceutical products.\" \/>\n<meta name=\"robots\" content=\"index, follow, max-snippet:-1, max-image-preview:large, max-video-preview:-1\" \/>\n<link rel=\"canonical\" href=\"https:\/\/nhkmachineryparts.com\/de\/produkt\/distanzmutter-aus-edelstahl\/\" \/>\n<meta property=\"og:locale\" content=\"de_DE\" \/>\n<meta property=\"og:type\" content=\"article\" \/>\n<meta property=\"og:title\" content=\"Spacer in stainless steel | NHK Machinery Parts\" \/>\n<meta property=\"og:description\" content=\"Threaded stainless steel\u00a0spacer nut\u00a0(Aisi 1.4301), components in hygienic design for the manufacture and processing of food and pharmaceutical products.\" \/>\n<meta property=\"og:url\" content=\"https:\/\/nhkmachineryparts.com\/de\/produkt\/distanzmutter-aus-edelstahl\/\" \/>\n<meta property=\"og:site_name\" content=\"NHK Machinery Parts\" \/>\n<meta property=\"article:publisher\" content=\"https:\/\/www.facebook.com\/NHK.Group.aps\" \/>\n<meta property=\"article:modified_time\" content=\"2026-02-23T11:54:24+00:00\" \/>\n<meta property=\"og:image\" content=\"https:\/\/nhkmachineryparts.com\/wp-content\/uploads\/2024\/01\/Hygienic-spacer-nut.jpg\" \/>\n\t<meta property=\"og:image:width\" content=\"1000\" \/>\n\t<meta property=\"og:image:height\" content=\"1000\" \/>\n\t<meta property=\"og:image:type\" content=\"image\/jpeg\" \/>\n<meta name=\"twitter:card\" content=\"summary_large_image\" \/>\n<meta name=\"twitter:label1\" content=\"Gesch\u00e4tzte Lesezeit\" \/>\n\t<meta name=\"twitter:data1\" content=\"4\u00a0Minuten\" \/>\n<script type=\"application\/ld+json\" class=\"yoast-schema-graph\">{\"@context\":\"https:\\\/\\\/schema.org\",\"@graph\":[{\"@type\":\"WebPage\",\"@id\":\"https:\\\/\\\/nhkmachineryparts.com\\\/product\\\/spacer-nut-in-stainless-steel\\\/\",\"url\":\"https:\\\/\\\/nhkmachineryparts.com\\\/product\\\/spacer-nut-in-stainless-steel\\\/\",\"name\":\"Spacer in stainless steel | NHK Machinery Parts\",\"isPartOf\":{\"@id\":\"https:\\\/\\\/nhkmachineryparts.com\\\/#website\"},\"primaryImageOfPage\":{\"@id\":\"https:\\\/\\\/nhkmachineryparts.com\\\/product\\\/spacer-nut-in-stainless-steel\\\/#primaryimage\"},\"image\":{\"@id\":\"https:\\\/\\\/nhkmachineryparts.com\\\/product\\\/spacer-nut-in-stainless-steel\\\/#primaryimage\"},\"thumbnailUrl\":\"https:\\\/\\\/nhkmachineryparts.com\\\/wp-content\\\/uploads\\\/2024\\\/01\\\/Hygienic-spacer-nut.jpg\",\"datePublished\":\"2023-07-28T11:08:35+00:00\",\"dateModified\":\"2026-02-23T11:54:24+00:00\",\"description\":\"Threaded stainless steel\u00a0spacer nut\u00a0(Aisi 1.4301), components in hygienic design for the manufacture and processing of food and pharmaceutical products.\",\"breadcrumb\":{\"@id\":\"https:\\\/\\\/nhkmachineryparts.com\\\/product\\\/spacer-nut-in-stainless-steel\\\/#breadcrumb\"},\"inLanguage\":\"de\",\"potentialAction\":[{\"@type\":\"ReadAction\",\"target\":[\"https:\\\/\\\/nhkmachineryparts.com\\\/product\\\/spacer-nut-in-stainless-steel\\\/\"]}]},{\"@type\":\"ImageObject\",\"inLanguage\":\"de\",\"@id\":\"https:\\\/\\\/nhkmachineryparts.com\\\/product\\\/spacer-nut-in-stainless-steel\\\/#primaryimage\",\"url\":\"https:\\\/\\\/nhkmachineryparts.com\\\/wp-content\\\/uploads\\\/2024\\\/01\\\/Hygienic-spacer-nut.jpg\",\"contentUrl\":\"https:\\\/\\\/nhkmachineryparts.com\\\/wp-content\\\/uploads\\\/2024\\\/01\\\/Hygienic-spacer-nut.jpg\",\"width\":1000,\"height\":1000,\"caption\":\"Hygienic spacer nut\"},{\"@type\":\"BreadcrumbList\",\"@id\":\"https:\\\/\\\/nhkmachineryparts.com\\\/product\\\/spacer-nut-in-stainless-steel\\\/#breadcrumb\",\"itemListElement\":[{\"@type\":\"ListItem\",\"position\":1,\"name\":\"Home\",\"item\":\"https:\\\/\\\/nhkmachineryparts.com\\\/\"},{\"@type\":\"ListItem\",\"position\":2,\"name\":\"Product line\",\"item\":\"https:\\\/\\\/nhkmachineryparts.com\\\/product-line\\\/\"},{\"@type\":\"ListItem\",\"position\":3,\"name\":\"Hygienic machinery components in stainless steel\",\"item\":\"https:\\\/\\\/nhkmachineryparts.com\\\/product-line\\\/hygienic-machinery-components-in-stainless-steel\\\/\"},{\"@type\":\"ListItem\",\"position\":4,\"name\":\"Spacer in stainless steel\"}]},{\"@type\":\"WebSite\",\"@id\":\"https:\\\/\\\/nhkmachineryparts.com\\\/#website\",\"url\":\"https:\\\/\\\/nhkmachineryparts.com\\\/\",\"name\":\"NHK Machinery Parts\",\"description\":\"Bearing Houses, seismic levelling feet and levelling castors\",\"publisher\":{\"@id\":\"https:\\\/\\\/nhkmachineryparts.com\\\/#organization\"},\"potentialAction\":[{\"@type\":\"SearchAction\",\"target\":{\"@type\":\"EntryPoint\",\"urlTemplate\":\"https:\\\/\\\/nhkmachineryparts.com\\\/?s={search_term_string}\"},\"query-input\":{\"@type\":\"PropertyValueSpecification\",\"valueRequired\":true,\"valueName\":\"search_term_string\"}}],\"inLanguage\":\"de\"},{\"@type\":\"Organization\",\"@id\":\"https:\\\/\\\/nhkmachineryparts.com\\\/#organization\",\"name\":\"Nhk Group ApS\",\"url\":\"https:\\\/\\\/nhkmachineryparts.com\\\/\",\"logo\":{\"@type\":\"ImageObject\",\"inLanguage\":\"de\",\"@id\":\"https:\\\/\\\/nhkmachineryparts.com\\\/#\\\/schema\\\/logo\\\/image\\\/\",\"url\":\"https:\\\/\\\/nhkmachineryparts.com\\\/wp-content\\\/uploads\\\/2022\\\/09\\\/NHKgroup_social.jpg\",\"contentUrl\":\"https:\\\/\\\/nhkmachineryparts.com\\\/wp-content\\\/uploads\\\/2022\\\/09\\\/NHKgroup_social.jpg\",\"width\":1200,\"height\":630,\"caption\":\"Nhk Group ApS\"},\"image\":{\"@id\":\"https:\\\/\\\/nhkmachineryparts.com\\\/#\\\/schema\\\/logo\\\/image\\\/\"},\"sameAs\":[\"https:\\\/\\\/www.facebook.com\\\/NHK.Group.aps\"]}]}<\/script>\n<!-- \/ Yoast SEO plugin. -->","yoast_head_json":{"title":"Abstandshalter aus Edelstahl | NHK Machinery Parts","description":"Gewinde-Distanzmutter aus Edelstahl (Aisi 1.4301), Komponenten im Hygienedesign f\u00fcr die Herstellung und Verarbeitung von Lebensmitteln und Pharmaprodukten.","robots":{"index":"index","follow":"follow","max-snippet":"max-snippet:-1","max-image-preview":"max-image-preview:large","max-video-preview":"max-video-preview:-1"},"canonical":"https:\/\/nhkmachineryparts.com\/de\/produkt\/distanzmutter-aus-edelstahl\/","og_locale":"de_DE","og_type":"article","og_title":"Spacer in stainless steel | NHK Machinery Parts","og_description":"Threaded stainless steel\u00a0spacer nut\u00a0(Aisi 1.4301), components in hygienic design for the manufacture and processing of food and pharmaceutical products.","og_url":"https:\/\/nhkmachineryparts.com\/de\/produkt\/distanzmutter-aus-edelstahl\/","og_site_name":"NHK Machinery Parts","article_publisher":"https:\/\/www.facebook.com\/NHK.Group.aps","article_modified_time":"2026-02-23T11:54:24+00:00","og_image":[{"width":1000,"height":1000,"url":"https:\/\/nhkmachineryparts.com\/wp-content\/uploads\/2024\/01\/Hygienic-spacer-nut.jpg","type":"image\/jpeg"}],"twitter_card":"summary_large_image","twitter_misc":{"Gesch\u00e4tzte Lesezeit":"4\u00a0Minuten"},"schema":{"@context":"https:\/\/schema.org","@graph":[{"@type":"WebPage","@id":"https:\/\/nhkmachineryparts.com\/product\/spacer-nut-in-stainless-steel\/","url":"https:\/\/nhkmachineryparts.com\/product\/spacer-nut-in-stainless-steel\/","name":"Abstandshalter aus Edelstahl | NHK Machinery Parts","isPartOf":{"@id":"https:\/\/nhkmachineryparts.com\/#website"},"primaryImageOfPage":{"@id":"https:\/\/nhkmachineryparts.com\/product\/spacer-nut-in-stainless-steel\/#primaryimage"},"image":{"@id":"https:\/\/nhkmachineryparts.com\/product\/spacer-nut-in-stainless-steel\/#primaryimage"},"thumbnailUrl":"https:\/\/nhkmachineryparts.com\/wp-content\/uploads\/2024\/01\/Hygienic-spacer-nut.jpg","datePublished":"2023-07-28T11:08:35+00:00","dateModified":"2026-02-23T11:54:24+00:00","description":"Gewinde-Distanzmutter aus Edelstahl (Aisi 1.4301), Komponenten im Hygienedesign f\u00fcr die Herstellung und Verarbeitung von Lebensmitteln und Pharmaprodukten.","breadcrumb":{"@id":"https:\/\/nhkmachineryparts.com\/product\/spacer-nut-in-stainless-steel\/#breadcrumb"},"inLanguage":"de","potentialAction":[{"@type":"ReadAction","target":["https:\/\/nhkmachineryparts.com\/product\/spacer-nut-in-stainless-steel\/"]}]},{"@type":"ImageObject","inLanguage":"de","@id":"https:\/\/nhkmachineryparts.com\/product\/spacer-nut-in-stainless-steel\/#primaryimage","url":"https:\/\/nhkmachineryparts.com\/wp-content\/uploads\/2024\/01\/Hygienic-spacer-nut.jpg","contentUrl":"https:\/\/nhkmachineryparts.com\/wp-content\/uploads\/2024\/01\/Hygienic-spacer-nut.jpg","width":1000,"height":1000,"caption":"Hygienic spacer nut"},{"@type":"BreadcrumbList","@id":"https:\/\/nhkmachineryparts.com\/product\/spacer-nut-in-stainless-steel\/#breadcrumb","itemListElement":[{"@type":"ListItem","position":1,"name":"Home","item":"https:\/\/nhkmachineryparts.com\/"},{"@type":"ListItem","position":2,"name":"Product line","item":"https:\/\/nhkmachineryparts.com\/product-line\/"},{"@type":"ListItem","position":3,"name":"Hygienic machinery components in stainless steel","item":"https:\/\/nhkmachineryparts.com\/product-line\/hygienic-machinery-components-in-stainless-steel\/"},{"@type":"ListItem","position":4,"name":"Spacer in stainless steel"}]},{"@type":"WebSite","@id":"https:\/\/nhkmachineryparts.com\/#website","url":"https:\/\/nhkmachineryparts.com\/","name":"NHK-Maschinenteile","description":"Lagergeh\u00e4use, seismische Nivellierf\u00fc\u00dfe und Nivellierrollen","publisher":{"@id":"https:\/\/nhkmachineryparts.com\/#organization"},"potentialAction":[{"@type":"SearchAction","target":{"@type":"EntryPoint","urlTemplate":"https:\/\/nhkmachineryparts.com\/?s={search_term_string}"},"query-input":{"@type":"PropertyValueSpecification","valueRequired":true,"valueName":"search_term_string"}}],"inLanguage":"de"},{"@type":"Organization","@id":"https:\/\/nhkmachineryparts.com\/#organization","name":"Nhk Group ApS","url":"https:\/\/nhkmachineryparts.com\/","logo":{"@type":"ImageObject","inLanguage":"de","@id":"https:\/\/nhkmachineryparts.com\/#\/schema\/logo\/image\/","url":"https:\/\/nhkmachineryparts.com\/wp-content\/uploads\/2022\/09\/NHKgroup_social.jpg","contentUrl":"https:\/\/nhkmachineryparts.com\/wp-content\/uploads\/2022\/09\/NHKgroup_social.jpg","width":1200,"height":630,"caption":"Nhk Group ApS"},"image":{"@id":"https:\/\/nhkmachineryparts.com\/#\/schema\/logo\/image\/"},"sameAs":["https:\/\/www.facebook.com\/NHK.Group.aps"]}]}},"_links":{"self":[{"href":"https:\/\/nhkmachineryparts.com\/de\/wp-json\/wp\/v2\/product\/5782","targetHints":{"allow":["GET"]}}],"collection":[{"href":"https:\/\/nhkmachineryparts.com\/de\/wp-json\/wp\/v2\/product"}],"about":[{"href":"https:\/\/nhkmachineryparts.com\/de\/wp-json\/wp\/v2\/types\/product"}],"wp:featuredmedia":[{"embeddable":true,"href":"https:\/\/nhkmachineryparts.com\/de\/wp-json\/wp\/v2\/media\/8564"}],"wp:attachment":[{"href":"https:\/\/nhkmachineryparts.com\/de\/wp-json\/wp\/v2\/media?parent=5782"}],"wp:term":[{"taxonomy":"product_brand","embeddable":true,"href":"https:\/\/nhkmachineryparts.com\/de\/wp-json\/wp\/v2\/product_brand?post=5782"},{"taxonomy":"product_cat","embeddable":true,"href":"https:\/\/nhkmachineryparts.com\/de\/wp-json\/wp\/v2\/product_cat?post=5782"},{"taxonomy":"product_tag","embeddable":true,"href":"https:\/\/nhkmachineryparts.com\/de\/wp-json\/wp\/v2\/product_tag?post=5782"}],"curies":[{"name":"wp","href":"https:\/\/api.w.org\/{rel}","templated":true}]}}