{"id":5549,"date":"2023-07-14T09:27:43","date_gmt":"2023-07-14T07:27:43","guid":{"rendered":"https:\/\/nhkmachineryparts.com\/?post_type=product&#038;p=5549"},"modified":"2026-02-27T15:59:30","modified_gmt":"2026-02-27T13:59:30","slug":"ehedg-3a-hygieneschraube-m6-bis-m30-aus-edelstahl","status":"publish","type":"product","link":"https:\/\/nhkmachineryparts.com\/de\/product\/ehedg-3a-hygienic-bolt-m5-to-m30-in-stainless-steel\/","title":{"rendered":"EHEDG-certified bolt M5 to M30"},"content":{"rendered":"<section class=\"vc_row liquid-row-shadowbox-69d3b26fadb87\"><div class=\"ld-container container\"><div class=\"row ld-row ld-row-outer\"><div class=\"wpb_column vc_column_container vc_col-sm-12 liquid-column-69d3b26fadd21\"><div class=\"vc_column-inner\" ><div class=\"wpb_wrapper\"  >\n\t<div class=\"wpb_text_column wpb_content_element\" >\n\t\t<div class=\"wpb_wrapper\">\n\t\t\t<h3>Die ideale L\u00f6sung f\u00fcr hygienische und sanit\u00e4re Anwendungen<\/h3>\n<p>Die Dichtung h\u00e4lt Wasser und Bakterien fern und verhindert au\u00dferdem eine unhygienische Metall-auf-Metall-Verbindung.<\/p>\n<p>Das Design der Schrauben weicht nicht von den Gr\u00f6\u00dfen aktueller Standardschrauben ab. Daher bleiben Schl\u00fcsselweiten, Gewindeh\u00f6hen usw. alle gleich, was das Aufr\u00fcsten und Ersetzen von Standardschrauben sehr einfach macht. Dies ist die richtige Schraubenauswahl f\u00fcr den Einsatz an allen Maschinen in allen zertifizierten hygienischen Waschumgebungen.<\/p>\n<p>Selbstentleerende Oberfl\u00e4chen mit einer maximalen Rauheit von 0,8 \u00b5m Ra.<br \/>\nMaterial Edelstahl 1.4301 und Silikondichtung.<\/p>\n<h2>EHEDG Hygieneschraube<\/h2>\n<p>3A HB M5-L10 \u00d812 H=12<br \/>\n3A HB M5-L12 \u00d812 H=12<br \/>\n3A HB M5-L16 \u00d812 H=12<br \/>\n3A HB M5-L20 \u00d812 H=12<br \/>\n3A HB M5-L25 \u00d812 H=12<br \/>\n3A HB M5-L30 \u00d812 H=12<br \/>\n3A HB M5-L35 \u00d812 H=12<\/p>\n<p>3A HB M6-L10 \u00d812 H=12<br \/>\n3A HB M6-L12 \u00d812 H=12<br \/>\n3A HB M6-L16 \u00d812 H=12<br \/>\n3A HB M6-L20 \u00d812 H=12<br \/>\n3A HB M6-L25 \u00d812 H=12<br \/>\n3A HB M6-L30 \u00d812 H=12<br \/>\n3A HB M6-L35 \u00d812 H=12<br \/>\n3A HB M6-L40 \u00d812 H=12<br \/>\n3A HB M6-L50 \u00d812 H=12<br \/>\n3A HB M6-L60 \u00d812 H=12<br \/>\n3A HB M6-L80 \u00d812 H=12<br \/>\n3A HB M6-L100 \u00d812 H=12<\/p>\n<p>3A HB M8-L10 \u00d815 H=14<br \/>\n3A HB M8-L12 \u00d815 H=14<br \/>\n3A HB M8-L16 \u00d815 H=14<br \/>\n3A HB M8-L20 \u00d815 H=14<br \/>\n3A HB M8-L25 \u00d815 H=14<br \/>\n3A HB M8-L30 \u00d815 H=14<br \/>\n3A HB M8-L35 \u00d815 H=14<br \/>\n3A HB M8-L40 \u00d815 H=14<br \/>\n3A HB M8-L50 \u00d815 H=14<br \/>\n3A HB M8-L60 \u00d815 H=14<br \/>\n3A HB M8-L80 \u00d815 H=14<br \/>\n3A HB M8-L100 \u00d815 H=14<\/p>\n<p>3A HB M10-L10 \u00d820 H=16<br \/>\n3A HB M10-L12 \u00d820 H=16<br \/>\n3A HB M10-L16 \u00d820 H=16<br \/>\n3A HB M10-L20 \u00d820 H=16<br \/>\n3A HB M10-L25 \u00d820 H=16<br \/>\n3A HB M10-L30 \u00d820 H=16<br \/>\n3A HB M10-L35 \u00d820 H=16<br \/>\n3A HB M10-L40 \u00d820 H=16<br \/>\n3A HB M10-L50 \u00d820 H=16<br \/>\n3A HB M10-L60 \u00d820 H=16<br \/>\n3A HB M10-L80 \u00d820 H=16<br \/>\n3A HB M10-L100 \u00d820 H=16<\/p>\n<p>3A HB M12-L12 \u00d822 H=18<br \/>\n3A HB M12-L16 \u00d822 H=18<br \/>\n3A HB M12-L20 \u00d822 H=18<br \/>\n3A HB M12-L25 \u00d822 H=18<br \/>\n3A HB M12-L30 \u00d822 H=18<br \/>\n3A HB M12-L35 \u00d822 H=18<br \/>\n3A HB M12-L40 \u00d822 H=18<br \/>\n3A HB M12-L50 \u00d822 H=18<br \/>\n3A HB M12-L60 \u00d822 H=18<br \/>\n3A HB M12-L80 \u00d822 H=18<br \/>\n3A HB M12-L100 \u00d822 H=18<br \/>\n3A HB M12-L120 \u00d822 H=18<\/p>\n<p>3A HB M16-L16 \u00d828 H=20<br \/>\n3A HB M16-L20 \u00d828 H=20<br \/>\n3A HB M16-L25 \u00d828 H=20<br \/>\n3A HB M16-L30 \u00d828 H=20<br \/>\n3A HB M16-L35 \u00d828 H=20<br \/>\n3A HB M16-L40 \u00d828 H=20<br \/>\n3A HB M16-L50 \u00d828 H=20<br \/>\n3A HB M16-L60 \u00d828 H=20<br \/>\n3A HB M16-L80 \u00d828 H=20<br \/>\n3A HB M16-L100 \u00d828 H=20<br \/>\n3A HB M16-L120 \u00d828 H=20<br \/>\n3A HB M16-L150 \u00d828 H=20<\/p>\n<p>3A HB M20-L20 \u00d832 H=22<br \/>\n3A HB M20-L25 \u00d832 H=22<br \/>\n3A HB M20-L30 \u00d832 H=22<br \/>\n3A HB M20-L35 \u00d832 H=22<br \/>\n3A HB M20-L40 \u00d832 H=22<br \/>\n3A HB M20-L50 \u00d832 H=22<br \/>\n3A HB M20-L60 \u00d832 H=22<br \/>\n3A HB M20-L80 \u00d832 H=22<br \/>\n3A HB M20-L100 \u00d832 H=22<br \/>\n3A HB M20-L120 \u00d832 H=22<br \/>\n3A HB M20-L150 \u00d832 H=22<\/p>\n<p>3A HB M24-L25 \u00d836 H=24<br \/>\n3A HB M24-L30 \u00d836 H=24<br \/>\n3A HB M24-L35 \u00d836 H=24<br \/>\n3A HB M24-L40 \u00d836 H=24<br \/>\n3A HB M24-L50 \u00d836 H=24<br \/>\n3A HB M24-L60 \u00d836 H=24<br \/>\n3A HB M24-L80 \u00d836 H=24<br \/>\n3A HB M24-L100 \u00d836 H=24<br \/>\n3A HB M24-L120 \u00d836 H=24<br \/>\n3A HB M24-L150 \u00d836 H=24<\/p>\n<p>3A HB M30-L30 \u00d846 H=26<br \/>\n3A HB M30-L35 \u00d846 H=26<br \/>\n3A HB M30-L40 \u00d846 H=26<br \/>\n3A HB M30-L50 \u00d846 H=26<br \/>\n3A HB M30-L60 \u00d846 H=26<br \/>\n3A HB M30-L80 \u00d846 H=26<br \/>\n3A HB M30-L100 \u00d846 H=26<br \/>\n3A HB M30-L120 \u00d846 H=26<br \/>\n3A HB M30-L150 \u00d846 H=26<\/p>\n<p><a href=\"https:\/\/nhkmachineryparts.com\/de\/produktlinie\/\">Entdecken Sie unsere Komponenten, die die Produktsicherheit gew\u00e4hrleisten<\/a><\/p>\n<p><a href=\"https:\/\/nhkmachineryparts.com\/de\/kontakt\/\">Kontaktieren Sie uns f\u00fcr eine hygienische L\u00f6sung<\/a><\/p>\n<p><a class=\"btn btn-default btn-sm btn-bordered border-thick btn-bordered-gradient btn-has-label ld_button_659f848cbf99c vc_custom_1695064545432\" href=\"https:\/\/nhkmachineryparts.com\/de\/katalog-4\/#modal-box\" data-lity=\"#modal-box\"><span class=\"btn-txt\" data-text=\"Get our catalogue here\">Holen Sie sich hier unseren Katalog<\/span><\/a><\/p>\n<h2><strong>Was sind EHEDG-Hygieneschrauben?<\/strong><\/h2>\n<p><a href=\"https:\/\/nhkmachineryparts.com\/de\/was-ist-der-unterschied-zwischen-3a-und-ehedg\/\" data-internallinksmanager029f6b8e52c=\"2\" title=\"EHEDG-zertifizierte Maschinenteile\">EHEDG<\/a> (European Hygienic Engineering &amp; Design Group) und Sanitary Standard sind zwei international anerkannte Standards, die sich auf hygienisches Design und Leistung konzentrieren und sicherstellen, dass Ger\u00e4tekomponenten strenge Sauberkeitsanforderungen erf\u00fcllen. Die EHEDG-Hygieneschrauben M5 bis M30 aus Edelstahl sind ein Paradebeispiel f\u00fcr hochwertige Komponenten, die diese hohen Standards erf\u00fcllen. Diese Schrauben werden h\u00e4ufig verwendet in <a href=\"https:\/\/nhkmachineryparts.com\/de\/our-industries\/\" data-internallinksmanager029f6b8e52c=\"4\" title=\"Unsere Branchen\">Branchen<\/a> wo Hygiene und Sauberkeit von h\u00f6chster Bedeutung sind, einschlie\u00dflich der Lebensmittelverarbeitung, Pharmazie und Biotechnologie.<\/p>\n<p>Diese aus rostfreiem Stahl gefertigten Bolzen sind f\u00fcr den Einsatz in Umgebungen konzipiert, in denen ein hohes Ma\u00df an Sterilit\u00e4t erforderlich ist. Der Bereich von M5 bis M30 sorgt f\u00fcr Vielseitigkeit. Bolzen sind in verschiedenen Gr\u00f6\u00dfen erh\u00e4ltlich und passen sich so verschiedenen Ger\u00e4te- und Maschinenkonfigurationen an.<\/p>\n<hr \/>\n<h2><strong>Die Bedeutung hygienischer Schrauben in der Sanit\u00e4rindustrie<\/strong><\/h2>\n<p>In Branchen wie der Lebensmittelverarbeitung und der Pharmaindustrie sind Anlagenkomponenten wie Schrauben h\u00e4ufig aggressiven Reinigungsmitteln, Hochdruckreinigungen und extremen Temperaturen ausgesetzt. Werden diese Schrauben nicht hygienisch konstruiert, k\u00f6nnen sie zu Brutst\u00e4tten f\u00fcr Bakterien, Schimmel und andere Verunreinigungen werden. Die EHEDG Hygieneschrauben M5 bis M30 wurden speziell entwickelt, um solche Risiken zu vermeiden. Sie bieten eine L\u00f6sung, die die allgemeine Anlagenhygiene verbessert und das Kontaminationsrisiko reduziert.<\/p>\n<p>Diese hygienischen Bolzen sind zudem korrosionsbest\u00e4ndig und eignen sich daher ideal f\u00fcr den Einsatz in Umgebungen mit hoher Luftfeuchtigkeit oder in Systemen, die Chemikalien, Feuchtigkeit und Dampf ausgesetzt sind. Indem sie ihre Integrit\u00e4t \u00fcber einen l\u00e4ngeren Zeitraum beibehalten, stellen sie sicher, dass Ihre Ger\u00e4te effizient und sicher laufen, mit minimalem Risiko von Bakterienwachstum oder Kontamination.<\/p>\n<hr \/>\n<h2><strong>Merkmale der EHEDG Hygieneschrauben M5 bis M30<\/strong><\/h2>\n<p>Mehrere wichtige Merkmale machen die EHEDG-Hygieneschrauben M5 bis M30 zur ersten Wahl f\u00fcr Branchen, in denen Hygiene von entscheidender Bedeutung ist:<\/p>\n<ul>\n<li><strong>Edelstahlkonstruktion<\/strong>: Das Edelstahlmaterial stellt sicher, dass die Bolzen langlebig, korrosionsbest\u00e4ndig und leicht zu reinigen sind, was f\u00fcr die Aufrechterhaltung einer sterilen Umgebung entscheidend ist.<\/li>\n<li><strong>EHEDG- und Sanitary Standard-zertifiziert<\/strong>: Diese Schrauben erf\u00fcllen die strengen Hygienestandards der EHEDG und des Sanitary Standard und entsprechen somit den h\u00f6chsten Hygienestandards der Branche.<\/li>\n<li><strong>Vielseitigkeit in den Gr\u00f6\u00dfen<\/strong>: Mit einem Gr\u00f6\u00dfenbereich von M5 bis M30 k\u00f6nnen diese Schrauben in verschiedenen Anwendungen eingesetzt werden und bieten Flexibilit\u00e4t f\u00fcr unterschiedliche Ger\u00e4te- und Maschinendesigns.<\/li>\n<li><strong>Glatte Oberfl\u00e4che<\/strong>: Die glatte Oberfl\u00e4che der Bolzen verhindert die Ansammlung von Schmutz, Bakterien und anderen Verunreinigungen und erleichtert die Reinigung und Wartung.<\/li>\n<li><strong>Widerstandsf\u00e4higkeit gegen\u00fcber extremen Bedingungen<\/strong>: EHEDG-Hygieneschrauben sind so konzipiert, dass sie Hochdruckreinigung, Hitze und der Einwirkung von Reinigungschemikalien standhalten und sind daher perfekt f\u00fcr Umgebungen geeignet, die h\u00e4ufige Desinfektion erfordern.<\/li>\n<\/ul>\n<hr \/>\n<h2><strong>Anwendungen der EHEDG Hygieneschrauben M5 bis M30<\/strong><\/h2>\n<p>Aufgrund ihrer Vielseitigkeit und des hygienischen Designs eignen sich diese Bolzen f\u00fcr eine breite Palette von Anwendungen in unterschiedlichsten Branchen:<\/p>\n<ol>\n<li><strong>Lebensmittelverarbeitung<\/strong>: In der Lebensmittelproduktion sorgen diese Hygieneschrauben daf\u00fcr, dass die Verarbeitungsger\u00e4te sicher, sauber und effizient sind. Von Mischern bis zu F\u00f6rderb\u00e4ndern muss jedes Ger\u00e4t, das in direktem Kontakt mit Lebensmitteln steht, strengen Hygienevorschriften entsprechen.<\/li>\n<li><strong>Pharmazeutische Herstellung<\/strong>: In pharmazeutischen Anlagen sind Hygiene und Sicherheit f\u00fcr die Herstellung hochwertiger Medikamente von entscheidender Bedeutung. Diese Bolzen werden zur Befestigung von Ger\u00e4ten in Bereichen verwendet, in denen Sterilit\u00e4t gew\u00e4hrleistet sein muss, wie z. B. in Abf\u00fcllanlagen, Mischern und Reaktoren.<\/li>\n<li><strong>Biotechnologie<\/strong>: In der biotechnologischen Forschung und Entwicklung bieten diese Schrauben die notwendige Hygieneleistung, die f\u00fcr sterilisierte Ger\u00e4te erforderlich ist, und stellen sicher, dass der Forschungs- oder Produktentwicklungsprozess durch keine Kontamination beeintr\u00e4chtigt wird.<\/li>\n<li><strong>Chemische Produktion<\/strong>: Die Schrauben eignen sich auch f\u00fcr den Einsatz in der chemischen Industrie, wo oft aggressive Chemikalien vorhanden sind und Hygiene gew\u00e4hrleistet sein muss, um Kreuzkontaminationen zu vermeiden.<\/li>\n<\/ol>\n<hr \/>\n<h2><strong>Warum sollten Sie sich f\u00fcr Hygieneschrauben von EHEDG entscheiden?<\/strong><\/h2>\n<p>Die Wahl von EHEDG-Hygieneschrauben M5 bis M30 bietet Unternehmen aus verschiedenen Branchen zahlreiche Vorteile:<\/p>\n<ul>\n<li><strong>Einhaltung hygienischer Standards<\/strong>: Die Einhaltung der EHEDG- und Hygienestandards garantiert, dass die Schrauben den Branchenvorschriften entsprechen, was f\u00fcr das Bestehen von Audits und die Aufrechterhaltung von Zertifizierungen unerl\u00e4sslich ist.<\/li>\n<li><strong>Verbesserte Ger\u00e4telebensdauer<\/strong>: Dank ihrer Korrosionsbest\u00e4ndigkeit und Langlebigkeit tragen diese Schrauben dazu bei, die Lebensdauer Ihrer Ausr\u00fcstung zu verl\u00e4ngern und den Bedarf an h\u00e4ufigen Austauschen und Wartungen zu verringern.<\/li>\n<li><strong>Verbesserte Betriebseffizienz<\/strong>: Die Verwendung hygienischer Komponenten wie dieser Schrauben tr\u00e4gt dazu bei, durch Verunreinigungen verursachte Ger\u00e4teausf\u00e4lle zu verhindern und verbessert die Gesamteffizienz Ihres Betriebs.<\/li>\n<li><strong>Einfache Wartung<\/strong>: Die glatte, porenfreie Oberfl\u00e4che der Bolzen vereinfacht die Reinigung und sorgt daf\u00fcr, dass der Wartungsaufwand minimiert und die Hygienebedingungen eingehalten werden.<\/li>\n<\/ul>\n<hr \/>\n<h2><strong>EHEDG Hygieneschrauben M5 bis M30 aus Edelstahl<\/strong><\/h2>\n<h3><strong>Gew\u00e4hrleistung von Hygiene und Haltbarkeit f\u00fcr kritische Industrien<\/strong><\/h3>\n<p>Die EHEDG Hygieneschrauben M5 bis M30 aus Edelstahl sind unverzichtbare Komponenten f\u00fcr Branchen, in denen Hygiene und Sicherheit oberste Priorit\u00e4t haben. Ihre robuste Konstruktion, die Best\u00e4ndigkeit gegen raue Reinigungsbedingungen und die Einhaltung strenger Hygienestandards machen sie zu einer hervorragenden Wahl f\u00fcr Anwendungen in der Lebensmittelverarbeitung, Pharmaindustrie, Biotechnologie und anderen hygienischen Umgebungen. Mit diesen Schrauben verbessern Unternehmen die Sicherheit, Effizienz und Langlebigkeit ihrer Ger\u00e4te und gew\u00e4hrleisten gleichzeitig die Einhaltung der Gesundheits- und Sicherheitsvorschriften.<\/p>\n<p><a href=\"https:\/\/nhkmachineryparts.com\/de\/produktlinie\/\">Entdecken Sie unsere Komponenten, die die Produktsicherheit gew\u00e4hrleisten<\/a><\/p>\n<p><a href=\"https:\/\/nhkmachineryparts.com\/de\/kontakt\/\">Kontaktieren Sie uns f\u00fcr eine hygienische L\u00f6sung<\/a><\/p>\n<p><a class=\"btn btn-default btn-sm btn-bordered border-thick btn-bordered-gradient btn-has-label ld_button_659f848cbf99c vc_custom_1695064545432\" href=\"https:\/\/nhkmachineryparts.com\/de\/katalog-4\/#modal-box\" data-lity=\"#modal-box\"><span class=\"btn-txt\" data-text=\"Get our catalogue here\">Holen Sie sich hier unseren Katalog<\/span><\/a><\/p>\n\n\t\t<\/div>\n\t<\/div>\n<\/div><\/div><\/div><\/div><\/div><\/section>","protected":false},"excerpt":{"rendered":"The Ideal Solution for Hygienic and Sanitary Applications The seal blocks out water and bacteria and also prevents a non-hygienic metal-to-metal assembly. The design of the bolts does not deviate from the sizes of current standard bolts. Therefore, wrench sizes, thread heights etc. all remains the same making it very easy to upgrade and replace [...]","protected":false},"featured_media":8626,"template":"","meta":[],"product_brand":[],"product_cat":[98],"product_tag":[],"class_list":{"0":"post-5549","1":"product","2":"type-product","3":"status-publish","4":"has-post-thumbnail","6":"product_cat-ehedg-certified-3a-ssi-standard-components","8":"first","9":"instock","10":"shipping-taxable","11":"product-type-simple"},"yoast_head":"<!-- This site is optimized with the Yoast SEO plugin v27.3 - https:\/\/yoast.com\/product\/yoast-seo-wordpress\/ -->\n<title>EHEDG-certified bolt M5 to M30 | NHK Machinery Parts<\/title>\n<meta name=\"description\" content=\"Explore the benefits of EHEDG Hygienic Bolts M5 to M30 in stainless steel for food processing, pharmaceutical, and other sanitary industries.\" \/>\n<meta name=\"robots\" content=\"index, follow, max-snippet:-1, max-image-preview:large, max-video-preview:-1\" \/>\n<link rel=\"canonical\" href=\"https:\/\/nhkmachineryparts.com\/de\/produkt\/ehedg-3a-hygieneschraube-m6-bis-m30-aus-edelstahl\/\" \/>\n<meta property=\"og:locale\" content=\"de_DE\" \/>\n<meta property=\"og:type\" content=\"article\" \/>\n<meta property=\"og:title\" content=\"EHEDG-certified bolt M5 to M30 | NHK Machinery Parts\" \/>\n<meta property=\"og:description\" content=\"Explore the benefits of EHEDG Hygienic Bolts M5 to M30 in stainless steel for food processing, pharmaceutical, and other sanitary industries.\" \/>\n<meta property=\"og:url\" content=\"https:\/\/nhkmachineryparts.com\/de\/produkt\/ehedg-3a-hygieneschraube-m6-bis-m30-aus-edelstahl\/\" \/>\n<meta property=\"og:site_name\" content=\"NHK Machinery Parts\" \/>\n<meta property=\"article:publisher\" content=\"https:\/\/www.facebook.com\/NHK.Group.aps\" \/>\n<meta property=\"article:modified_time\" content=\"2026-02-27T13:59:30+00:00\" \/>\n<meta property=\"og:image\" content=\"https:\/\/nhkmachineryparts.com\/wp-content\/uploads\/2023\/07\/EHEDG-Hygienic-3A-bolt.jpg\" \/>\n\t<meta property=\"og:image:width\" content=\"1000\" \/>\n\t<meta property=\"og:image:height\" content=\"1000\" \/>\n\t<meta property=\"og:image:type\" content=\"image\/jpeg\" \/>\n<meta name=\"twitter:card\" content=\"summary_large_image\" \/>\n<meta name=\"twitter:label1\" content=\"Gesch\u00e4tzte Lesezeit\" \/>\n\t<meta name=\"twitter:data1\" content=\"7\u00a0Minuten\" \/>\n<script type=\"application\/ld+json\" class=\"yoast-schema-graph\">{\"@context\":\"https:\\\/\\\/schema.org\",\"@graph\":[{\"@type\":\"WebPage\",\"@id\":\"https:\\\/\\\/nhkmachineryparts.com\\\/product\\\/ehedg-3a-hygienic-bolt-m5-to-m30-in-stainless-steel\\\/\",\"url\":\"https:\\\/\\\/nhkmachineryparts.com\\\/product\\\/ehedg-3a-hygienic-bolt-m5-to-m30-in-stainless-steel\\\/\",\"name\":\"EHEDG-certified bolt M5 to M30 | NHK Machinery Parts\",\"isPartOf\":{\"@id\":\"https:\\\/\\\/nhkmachineryparts.com\\\/#website\"},\"primaryImageOfPage\":{\"@id\":\"https:\\\/\\\/nhkmachineryparts.com\\\/product\\\/ehedg-3a-hygienic-bolt-m5-to-m30-in-stainless-steel\\\/#primaryimage\"},\"image\":{\"@id\":\"https:\\\/\\\/nhkmachineryparts.com\\\/product\\\/ehedg-3a-hygienic-bolt-m5-to-m30-in-stainless-steel\\\/#primaryimage\"},\"thumbnailUrl\":\"https:\\\/\\\/nhkmachineryparts.com\\\/wp-content\\\/uploads\\\/2023\\\/07\\\/EHEDG-Hygienic-3A-bolt.jpg\",\"datePublished\":\"2023-07-14T07:27:43+00:00\",\"dateModified\":\"2026-02-27T13:59:30+00:00\",\"description\":\"Explore the benefits of EHEDG Hygienic Bolts M5 to M30 in stainless steel for food processing, pharmaceutical, and other sanitary industries.\",\"breadcrumb\":{\"@id\":\"https:\\\/\\\/nhkmachineryparts.com\\\/product\\\/ehedg-3a-hygienic-bolt-m5-to-m30-in-stainless-steel\\\/#breadcrumb\"},\"inLanguage\":\"de\",\"potentialAction\":[{\"@type\":\"ReadAction\",\"target\":[\"https:\\\/\\\/nhkmachineryparts.com\\\/product\\\/ehedg-3a-hygienic-bolt-m5-to-m30-in-stainless-steel\\\/\"]}]},{\"@type\":\"ImageObject\",\"inLanguage\":\"de\",\"@id\":\"https:\\\/\\\/nhkmachineryparts.com\\\/product\\\/ehedg-3a-hygienic-bolt-m5-to-m30-in-stainless-steel\\\/#primaryimage\",\"url\":\"https:\\\/\\\/nhkmachineryparts.com\\\/wp-content\\\/uploads\\\/2023\\\/07\\\/EHEDG-Hygienic-3A-bolt.jpg\",\"contentUrl\":\"https:\\\/\\\/nhkmachineryparts.com\\\/wp-content\\\/uploads\\\/2023\\\/07\\\/EHEDG-Hygienic-3A-bolt.jpg\",\"width\":1000,\"height\":1000,\"caption\":\"EHEDG Hygienic 3A bolt\"},{\"@type\":\"BreadcrumbList\",\"@id\":\"https:\\\/\\\/nhkmachineryparts.com\\\/product\\\/ehedg-3a-hygienic-bolt-m5-to-m30-in-stainless-steel\\\/#breadcrumb\",\"itemListElement\":[{\"@type\":\"ListItem\",\"position\":1,\"name\":\"Home\",\"item\":\"https:\\\/\\\/nhkmachineryparts.com\\\/\"},{\"@type\":\"ListItem\",\"position\":2,\"name\":\"Product line\",\"item\":\"https:\\\/\\\/nhkmachineryparts.com\\\/product-line\\\/\"},{\"@type\":\"ListItem\",\"position\":3,\"name\":\"Certified EHEDG standard components\",\"item\":\"https:\\\/\\\/nhkmachineryparts.com\\\/product-line\\\/ehedg-certified-3a-ssi-standard-components\\\/\"},{\"@type\":\"ListItem\",\"position\":4,\"name\":\"EHEDG-certified bolt M5 to M30\"}]},{\"@type\":\"WebSite\",\"@id\":\"https:\\\/\\\/nhkmachineryparts.com\\\/#website\",\"url\":\"https:\\\/\\\/nhkmachineryparts.com\\\/\",\"name\":\"NHK Machinery Parts\",\"description\":\"Bearing Houses, seismic levelling feet and levelling castors\",\"publisher\":{\"@id\":\"https:\\\/\\\/nhkmachineryparts.com\\\/#organization\"},\"potentialAction\":[{\"@type\":\"SearchAction\",\"target\":{\"@type\":\"EntryPoint\",\"urlTemplate\":\"https:\\\/\\\/nhkmachineryparts.com\\\/?s={search_term_string}\"},\"query-input\":{\"@type\":\"PropertyValueSpecification\",\"valueRequired\":true,\"valueName\":\"search_term_string\"}}],\"inLanguage\":\"de\"},{\"@type\":\"Organization\",\"@id\":\"https:\\\/\\\/nhkmachineryparts.com\\\/#organization\",\"name\":\"Nhk Group ApS\",\"url\":\"https:\\\/\\\/nhkmachineryparts.com\\\/\",\"logo\":{\"@type\":\"ImageObject\",\"inLanguage\":\"de\",\"@id\":\"https:\\\/\\\/nhkmachineryparts.com\\\/#\\\/schema\\\/logo\\\/image\\\/\",\"url\":\"https:\\\/\\\/nhkmachineryparts.com\\\/wp-content\\\/uploads\\\/2022\\\/09\\\/NHKgroup_social.jpg\",\"contentUrl\":\"https:\\\/\\\/nhkmachineryparts.com\\\/wp-content\\\/uploads\\\/2022\\\/09\\\/NHKgroup_social.jpg\",\"width\":1200,\"height\":630,\"caption\":\"Nhk Group ApS\"},\"image\":{\"@id\":\"https:\\\/\\\/nhkmachineryparts.com\\\/#\\\/schema\\\/logo\\\/image\\\/\"},\"sameAs\":[\"https:\\\/\\\/www.facebook.com\\\/NHK.Group.aps\"]}]}<\/script>\n<!-- \/ Yoast SEO plugin. -->","yoast_head_json":{"title":"EHEDG-certified bolt M5 to M30 | NHK Machinery Parts","description":"Entdecken Sie die Vorteile der EHEDG-Hygieneschrauben M5 bis M30 aus Edelstahl f\u00fcr die Lebensmittelverarbeitung, die Pharmaindustrie und andere Hygienebranchen.","robots":{"index":"index","follow":"follow","max-snippet":"max-snippet:-1","max-image-preview":"max-image-preview:large","max-video-preview":"max-video-preview:-1"},"canonical":"https:\/\/nhkmachineryparts.com\/de\/produkt\/ehedg-3a-hygieneschraube-m6-bis-m30-aus-edelstahl\/","og_locale":"de_DE","og_type":"article","og_title":"EHEDG-certified bolt M5 to M30 | NHK Machinery Parts","og_description":"Explore the benefits of EHEDG Hygienic Bolts M5 to M30 in stainless steel for food processing, pharmaceutical, and other sanitary industries.","og_url":"https:\/\/nhkmachineryparts.com\/de\/produkt\/ehedg-3a-hygieneschraube-m6-bis-m30-aus-edelstahl\/","og_site_name":"NHK Machinery Parts","article_publisher":"https:\/\/www.facebook.com\/NHK.Group.aps","article_modified_time":"2026-02-27T13:59:30+00:00","og_image":[{"width":1000,"height":1000,"url":"https:\/\/nhkmachineryparts.com\/wp-content\/uploads\/2023\/07\/EHEDG-Hygienic-3A-bolt.jpg","type":"image\/jpeg"}],"twitter_card":"summary_large_image","twitter_misc":{"Gesch\u00e4tzte Lesezeit":"7\u00a0Minuten"},"schema":{"@context":"https:\/\/schema.org","@graph":[{"@type":"WebPage","@id":"https:\/\/nhkmachineryparts.com\/product\/ehedg-3a-hygienic-bolt-m5-to-m30-in-stainless-steel\/","url":"https:\/\/nhkmachineryparts.com\/product\/ehedg-3a-hygienic-bolt-m5-to-m30-in-stainless-steel\/","name":"EHEDG-certified bolt M5 to M30 | NHK Machinery Parts","isPartOf":{"@id":"https:\/\/nhkmachineryparts.com\/#website"},"primaryImageOfPage":{"@id":"https:\/\/nhkmachineryparts.com\/product\/ehedg-3a-hygienic-bolt-m5-to-m30-in-stainless-steel\/#primaryimage"},"image":{"@id":"https:\/\/nhkmachineryparts.com\/product\/ehedg-3a-hygienic-bolt-m5-to-m30-in-stainless-steel\/#primaryimage"},"thumbnailUrl":"https:\/\/nhkmachineryparts.com\/wp-content\/uploads\/2023\/07\/EHEDG-Hygienic-3A-bolt.jpg","datePublished":"2023-07-14T07:27:43+00:00","dateModified":"2026-02-27T13:59:30+00:00","description":"Entdecken Sie die Vorteile der EHEDG-Hygieneschrauben M5 bis M30 aus Edelstahl f\u00fcr die Lebensmittelverarbeitung, die Pharmaindustrie und andere Hygienebranchen.","breadcrumb":{"@id":"https:\/\/nhkmachineryparts.com\/product\/ehedg-3a-hygienic-bolt-m5-to-m30-in-stainless-steel\/#breadcrumb"},"inLanguage":"de","potentialAction":[{"@type":"ReadAction","target":["https:\/\/nhkmachineryparts.com\/product\/ehedg-3a-hygienic-bolt-m5-to-m30-in-stainless-steel\/"]}]},{"@type":"ImageObject","inLanguage":"de","@id":"https:\/\/nhkmachineryparts.com\/product\/ehedg-3a-hygienic-bolt-m5-to-m30-in-stainless-steel\/#primaryimage","url":"https:\/\/nhkmachineryparts.com\/wp-content\/uploads\/2023\/07\/EHEDG-Hygienic-3A-bolt.jpg","contentUrl":"https:\/\/nhkmachineryparts.com\/wp-content\/uploads\/2023\/07\/EHEDG-Hygienic-3A-bolt.jpg","width":1000,"height":1000,"caption":"EHEDG Hygienic 3A bolt"},{"@type":"BreadcrumbList","@id":"https:\/\/nhkmachineryparts.com\/product\/ehedg-3a-hygienic-bolt-m5-to-m30-in-stainless-steel\/#breadcrumb","itemListElement":[{"@type":"ListItem","position":1,"name":"Home","item":"https:\/\/nhkmachineryparts.com\/"},{"@type":"ListItem","position":2,"name":"Product line","item":"https:\/\/nhkmachineryparts.com\/product-line\/"},{"@type":"ListItem","position":3,"name":"Certified EHEDG standard components","item":"https:\/\/nhkmachineryparts.com\/product-line\/ehedg-certified-3a-ssi-standard-components\/"},{"@type":"ListItem","position":4,"name":"EHEDG-certified bolt M5 to M30"}]},{"@type":"WebSite","@id":"https:\/\/nhkmachineryparts.com\/#website","url":"https:\/\/nhkmachineryparts.com\/","name":"NHK-Maschinenteile","description":"Lagergeh\u00e4use, seismische Nivellierf\u00fc\u00dfe und Nivellierrollen","publisher":{"@id":"https:\/\/nhkmachineryparts.com\/#organization"},"potentialAction":[{"@type":"SearchAction","target":{"@type":"EntryPoint","urlTemplate":"https:\/\/nhkmachineryparts.com\/?s={search_term_string}"},"query-input":{"@type":"PropertyValueSpecification","valueRequired":true,"valueName":"search_term_string"}}],"inLanguage":"de"},{"@type":"Organization","@id":"https:\/\/nhkmachineryparts.com\/#organization","name":"Nhk Group ApS","url":"https:\/\/nhkmachineryparts.com\/","logo":{"@type":"ImageObject","inLanguage":"de","@id":"https:\/\/nhkmachineryparts.com\/#\/schema\/logo\/image\/","url":"https:\/\/nhkmachineryparts.com\/wp-content\/uploads\/2022\/09\/NHKgroup_social.jpg","contentUrl":"https:\/\/nhkmachineryparts.com\/wp-content\/uploads\/2022\/09\/NHKgroup_social.jpg","width":1200,"height":630,"caption":"Nhk Group ApS"},"image":{"@id":"https:\/\/nhkmachineryparts.com\/#\/schema\/logo\/image\/"},"sameAs":["https:\/\/www.facebook.com\/NHK.Group.aps"]}]}},"_links":{"self":[{"href":"https:\/\/nhkmachineryparts.com\/de\/wp-json\/wp\/v2\/product\/5549","targetHints":{"allow":["GET"]}}],"collection":[{"href":"https:\/\/nhkmachineryparts.com\/de\/wp-json\/wp\/v2\/product"}],"about":[{"href":"https:\/\/nhkmachineryparts.com\/de\/wp-json\/wp\/v2\/types\/product"}],"wp:featuredmedia":[{"embeddable":true,"href":"https:\/\/nhkmachineryparts.com\/de\/wp-json\/wp\/v2\/media\/8626"}],"wp:attachment":[{"href":"https:\/\/nhkmachineryparts.com\/de\/wp-json\/wp\/v2\/media?parent=5549"}],"wp:term":[{"taxonomy":"product_brand","embeddable":true,"href":"https:\/\/nhkmachineryparts.com\/de\/wp-json\/wp\/v2\/product_brand?post=5549"},{"taxonomy":"product_cat","embeddable":true,"href":"https:\/\/nhkmachineryparts.com\/de\/wp-json\/wp\/v2\/product_cat?post=5549"},{"taxonomy":"product_tag","embeddable":true,"href":"https:\/\/nhkmachineryparts.com\/de\/wp-json\/wp\/v2\/product_tag?post=5549"}],"curies":[{"name":"wp","href":"https:\/\/api.w.org\/{rel}","templated":true}]}}