{"id":5542,"date":"2023-07-14T09:16:02","date_gmt":"2023-07-14T07:16:02","guid":{"rendered":"https:\/\/nhkmachineryparts.com\/?post_type=product&#038;p=5542"},"modified":"2026-02-27T15:59:45","modified_gmt":"2026-02-27T13:59:45","slug":"ehedg-3a-hygienic-nut-in-stainless-steel","status":"publish","type":"product","link":"https:\/\/nhkmachineryparts.com\/de\/product\/ehedg-3a-hygienic-nut-in-stainless-steel\/","title":{"rendered":"EHEDG-certified nut"},"content":{"rendered":"<section class=\"vc_row liquid-row-shadowbox-69d0a0e91fa12\"><div class=\"ld-container container\"><div class=\"row ld-row ld-row-outer\"><div class=\"wpb_column vc_column_container vc_col-sm-12 liquid-column-69d0a0e91fbc9\"><div class=\"vc_column-inner\" ><div class=\"wpb_wrapper\"  >\n\t<div class=\"wpb_text_column wpb_content_element\" >\n\t\t<div class=\"wpb_wrapper\">\n\t\t\t<h3>Ein Muss f\u00fcr Hygieneger\u00e4te<\/h3>\n<p>Die Dichtung h\u00e4lt Wasser und Bakterien fern und verhindert au\u00dferdem eine unhygienische Metall-auf-Metall-Verbindung.<\/p>\n<p>Das Design der Muttern weicht nicht von den Gr\u00f6\u00dfen aktueller Standardmuttern ab. Daher bleiben Schl\u00fcsselweiten, Gewindeh\u00f6hen usw. alle gleich, was das Aufr\u00fcsten und Ersetzen von Standardmuttern sehr einfach macht. Dies ist die richtige Auswahl an Muttern f\u00fcr den Einsatz an allen Maschinen in allen zertifizierten hygienischen Waschumgebungen.<\/p>\n<p>Selbstentleerende Oberfl\u00e4chen mit einer maximalen Rauheit von 0,8 \u00b5m Ra.<br \/>\nMaterial Edelstahl 1.4301 und Silikondichtung.<\/p>\n<h2>EHEDG Hygienemutter<\/h2>\n<p>3A HN M5-L12 \u00d812<br \/>\n3A HN M5-L18 \u00d812<\/p>\n<p>3A HN M6-L12 \u00d812<br \/>\n3A HN M6-L18 \u00d812<\/p>\n<p>3A HN M8-L14 \u00d815<br \/>\n3A HN M8-L21 \u00d815<\/p>\n<p>3A HN M10-L16 \u00d820<br \/>\n3A HN M10-L24 \u00d820<\/p>\n<p>3A HN M12-L18 \u00d822<br \/>\n3A HN M12-L27 \u00d822<\/p>\n<p>3A HN M16-L20 \u00d828<br \/>\n3A HN M16-L30 \u00d828<\/p>\n<p>3A HN M20-L22 \u00d832<br \/>\n3A HN M20-L33 \u00d832<\/p>\n<p>3A HN M24-L24 \u00d836<br \/>\n3A HN M24-L36 \u00d836<\/p>\n<p>3A HN M30-L26 \u00d846<br \/>\n3A HN M30-L39 \u00d846<\/p>\n<p><a href=\"https:\/\/nhkmachineryparts.com\/de\/produktlinie\/\">Sehen Sie sich hier unsere Produktlinie an | NHK Machinery Parts<\/a><\/p>\n<p><a href=\"https:\/\/nhkmachineryparts.com\/de\/kontakt\/\">Kontaktieren Sie uns f\u00fcr eine hygienische L\u00f6sung<\/a><\/p>\n<p><a class=\"btn btn-default btn-sm btn-bordered border-thick btn-bordered-gradient btn-has-label ld_button_659f848cbf99c vc_custom_1695064545432\" href=\"https:\/\/nhkmachineryparts.com\/de\/katalog-4\/#modal-box\" data-lity=\"#modal-box\"><span class=\"btn-txt\" data-text=\"Get our catalogue here\">Holen Sie sich hier unseren Katalog<\/span><\/a><\/p>\n<h2>EHEDG Hygienemutter aus Edelstahl:<\/h2>\n<h3>Sicherstellung von Hygiene und Haltbarkeit bei der Lebensmittel- und Pharmaverarbeitung<\/h3>\n<p>In <a href=\"https:\/\/nhkmachineryparts.com\/de\/our-industries\/\" data-internallinksmanager029f6b8e52c=\"4\" title=\"Unsere Branchen\">Branchen<\/a> In Bereichen wie Lebensmittelverarbeitung, Pharmazie und Biotechnologie, in denen Hygiene eine wichtige Rolle spielt, spielt die Qualit\u00e4t jeder Komponente eine entscheidende Rolle. Eine dieser kritischen Komponenten ist die <strong><a href=\"https:\/\/nhkmachineryparts.com\/de\/was-ist-der-unterschied-zwischen-3a-und-ehedg\/\" data-internallinksmanager029f6b8e52c=\"2\" title=\"EHEDG-zertifizierte Maschinenteile\">EHEDG<\/a> Hygienemutter aus Edelstahl<\/strong>, das sowohl die strukturelle Integrit\u00e4t als auch die Hygienekonformit\u00e4t der in diesen Branchen verwendeten Ger\u00e4te gew\u00e4hrleistet. In diesem Artikel werden die einzigartigen Merkmale und Vorteile dieses wichtigen Teils erl\u00e4utert und wie es zur Optimierung des Maschinendesigns und der Maschinenwartung beitr\u00e4gt.<\/p>\n<h2>Was ist eine EHEDG-Hygienemutter?<\/h2>\n<p>Der <strong>EHEDG Hygienemutter<\/strong> ist ein spezielles Befestigungselement aus hochwertigem Edelstahl. Es wurde entwickelt, um die strengen Hygiene- und Sicherheitsstandards zu erf\u00fcllen, die bei der Herstellung von Lebensmitteln, Getr\u00e4nken und Arzneimitteln erforderlich sind. Diese Art von Mutter ist von Organisationen wie der zertifiziert <strong>Europ\u00e4ische Gruppe f\u00fcr Hygienetechnik und Design (EHEDG)<\/strong> Und <strong>Hygienestandards<\/strong>, deren Schwerpunkt auf der F\u00f6rderung h\u00f6chster Sauberkeits- und Lebensmittelsicherheitsstandards bei Verarbeitungsger\u00e4ten liegt.<\/p>\n<p>EHEDG-Hygienemuttern sind Teil eines umfassenden Richtlinienkatalogs zur Vermeidung von Verunreinigungen und zur Gew\u00e4hrleistung der Sicherheit von Lebensmitteln und Arzneimitteln f\u00fcr den Verzehr und die Anwendung. Diese Muttern sind so konstruiert, dass sie die Ansammlung von Schmutz, Bakterien und anderen Verunreinigungen in schwer zu reinigenden Bereichen verhindern, was bei Standard-Befestigungselementen h\u00e4ufig vorkommt.<\/p>\n<h2>Hauptmerkmale der EHEDG-Hygienemuttern<\/h2>\n<h3>1. <strong>Korrosionsbest\u00e4ndigkeit<\/strong><\/h3>\n<p>Einer der Hauptvorteile der Verwendung <strong>Hygienemuttern aus Edelstahl EHEDG<\/strong> ist ihre ausgezeichnete Korrosionsbest\u00e4ndigkeit. Edelstahl, insbesondere G\u00fcten wie AISI 304 oder 316, ist \u00e4u\u00dferst oxidations- und fleckenbest\u00e4ndig. Dies macht diese Muttern ideal f\u00fcr Umgebungen, in denen sie h\u00e4ufig gewaschen werden, Feuchtigkeit ausgesetzt sind oder mit aggressiven Reinigungsmitteln in Ber\u00fchrung kommen, die in hygienischen Anwendungen verwendet werden.<\/p>\n<h3>2. <strong>Leicht zu reinigen und zu pflegen<\/strong><\/h3>\n<p>Das Design der EHEDG-Hygienemutter ist glatt, porenfrei und frei von Gewinden, in denen sich Verunreinigungen festsetzen k\u00f6nnten. Dadurch ist sie leicht zu reinigen, was in Branchen, in denen Hygiene oberste Priorit\u00e4t hat, von entscheidender Bedeutung ist. Das Fehlen von Spalten oder Rillen gew\u00e4hrleistet, dass Reinigungsmittel jede Oberfl\u00e4che problemlos erreichen und so die Bildung von Bakterien, Schimmel oder anderen Schadstoffen verhindert wird.<\/p>\n<h3>3. <strong>Hohe Haltbarkeit und Langlebigkeit<\/strong><\/h3>\n<p>EHEDG-Hygienemuttern sind f\u00fcr hohe Leistung in anspruchsvollen Umgebungen ausgelegt. Sie halten extremen Temperatur- und Druckschwankungen stand, wie sie in Prozessanlagen h\u00e4ufig vorkommen. Die Langlebigkeit dieser Muttern reduziert den Austauschbedarf und tr\u00e4gt dazu bei, den kontinuierlichen Betrieb der Maschinen ohne kostspielige Ausfallzeiten zu gew\u00e4hrleisten.<\/p>\n<h3>4. <strong>Feinmechanik<\/strong><\/h3>\n<p>EHEDG-Hygienemuttern werden pr\u00e4zise gefertigt, um spezifische Anforderungen zu erf\u00fcllen. Dadurch wird sichergestellt, dass jede Mutter sicher und fest sitzt, was das Risiko von Maschinenst\u00f6rungen oder Produktkontaminationen reduziert. Ihr standardisiertes Design gew\u00e4hrleistet zudem die Kompatibilit\u00e4t mit einer Vielzahl von Ger\u00e4ten und macht sie zu einer vielseitigen Wahl f\u00fcr Hersteller.<\/p>\n<h3>5. <strong>Einhaltung hygienischer Standards<\/strong><\/h3>\n<p>Der <strong>EHEDG-Zertifizierungsstandard<\/strong> stellt sicher, dass diese Muttern den internationalen Sicherheits- und Hygienevorschriften entsprechen. Ob in der Lebensmittel- und Getr\u00e4nkeindustrie oder im Pharmasektor, diese Komponenten erf\u00fcllen die kritischen Hygienekriterien und verhindern Kreuzkontaminationen in Produktionsprozessen.<\/p>\n<h2>Anwendungen von EHEDG-Hygienemuttern<\/h2>\n<p>EHEDG-Hygienemuttern werden in einer Vielzahl von Anwendungen in verschiedenen Branchen eingesetzt. Einige wichtige Anwendungsgebiete sind:<\/p>\n<ul>\n<li><strong>Lebensmittelverarbeitung<\/strong>: In Anlagen zur Lebensmittelproduktion werden Hygienemuttern verwendet, um Ger\u00e4te wie Pasteurisierer, Mischer und F\u00f6rderb\u00e4nder zu sichern, die alle regelm\u00e4\u00dfig gereinigt werden m\u00fcssen.<\/li>\n<li><strong>Pharmazeutische Herstellung<\/strong>: Diese Muttern werden h\u00e4ufig in pharmazeutischen Verarbeitungsger\u00e4ten wie Mischern, Reaktoren und Abf\u00fcllmaschinen verwendet, bei denen Sauberkeit und Pr\u00e4zision von gr\u00f6\u00dfter Bedeutung sind.<\/li>\n<li><strong>Biotechnologie<\/strong>: In biotechnologischen Anlagen werden diese N\u00fcsse h\u00e4ufig in Fermentationstanks, Reaktoren und Filtersystemen eingesetzt, in denen strenge Hygienebedingungen eingehalten werden m\u00fcssen.<\/li>\n<\/ul>\n<h2>Warum sollten Sie sich f\u00fcr Hygienemuttern von EHEDG entscheiden?<\/h2>\n<p>In Branchen, in denen Hygiene nicht verhandelbar ist, <strong>EHEDG Hygienemuttern aus Edelstahl<\/strong> bieten die perfekte L\u00f6sung f\u00fcr hohe Anspr\u00fcche an Sauberkeit, Langlebigkeit und Funktionalit\u00e4t. Ihre Korrosionsbest\u00e4ndigkeit, ihr leicht zu reinigendes Design und ihre Kompatibilit\u00e4t mit verschiedenen Hygieneger\u00e4ten machen sie unverzichtbar f\u00fcr die Lebensmittel-, Pharma- und Biotechnologiebranche. Ob Sie neue Anlagen entwickeln oder bestehende Maschinen modernisieren \u2013 der Einsatz EHEDG-zertifizierter Komponenten gew\u00e4hrleistet konforme, effiziente und sichere Abl\u00e4ufe.<\/p>\n<p>Wenn Sie sich f\u00fcr EHEDG-Hygienemuttern entscheiden, investieren Sie in eine Komponente, die nicht nur die Zuverl\u00e4ssigkeit und Langlebigkeit Ihrer Ger\u00e4te verbessert, sondern auch zu einer saubereren und sichereren Produktionsumgebung beitr\u00e4gt.<\/p>\n\n\t\t<\/div>\n\t<\/div>\n<\/div><\/div><\/div><\/div><\/div><\/section>","protected":false},"excerpt":{"rendered":"A Must-Have for Hygienic Equipment The seal blocks out water and bacteria and also prevents a non-hygienic metal-to-metal assembly. The design of the nuts does not deviate from the sizes of current standard nuts. Therefore, wrench sizes, thread heights etc. all remains the same making it very easy to upgrade and replace standard nuts. This [...]","protected":false},"featured_media":8627,"template":"","meta":[],"product_brand":[],"product_cat":[98],"product_tag":[],"class_list":{"0":"post-5542","1":"product","2":"type-product","3":"status-publish","4":"has-post-thumbnail","6":"product_cat-ehedg-certified-3a-ssi-standard-components","8":"first","9":"instock","10":"shipping-taxable","11":"product-type-simple"},"yoast_head":"<!-- This site is optimized with the Yoast SEO plugin v27.2 - https:\/\/yoast.com\/product\/yoast-seo-wordpress\/ -->\n<title>EHEDG-certified nut | NHK Machinery Parts<\/title>\n<meta name=\"description\" content=\"Benefits and features of EHEDG Hygienic Nuts in Stainless Steel, ideal for applications in the food and pharmaceutical industries.\" \/>\n<meta name=\"robots\" content=\"index, follow, max-snippet:-1, max-image-preview:large, max-video-preview:-1\" \/>\n<link rel=\"canonical\" href=\"https:\/\/nhkmachineryparts.com\/de\/produkt\/ehedg-3a-hygienic-nut-in-stainless-steel\/\" \/>\n<meta property=\"og:locale\" content=\"de_DE\" \/>\n<meta property=\"og:type\" content=\"article\" \/>\n<meta property=\"og:title\" content=\"EHEDG-certified nut | NHK Machinery Parts\" \/>\n<meta property=\"og:description\" content=\"Benefits and features of EHEDG Hygienic Nuts in Stainless Steel, ideal for applications in the food and pharmaceutical industries.\" \/>\n<meta property=\"og:url\" content=\"https:\/\/nhkmachineryparts.com\/de\/produkt\/ehedg-3a-hygienic-nut-in-stainless-steel\/\" \/>\n<meta property=\"og:site_name\" content=\"NHK Machinery Parts\" \/>\n<meta property=\"article:publisher\" content=\"https:\/\/www.facebook.com\/NHK.Group.aps\" \/>\n<meta property=\"article:modified_time\" content=\"2026-02-27T13:59:45+00:00\" \/>\n<meta property=\"og:image\" content=\"https:\/\/nhkmachineryparts.com\/wp-content\/uploads\/2023\/07\/EHEDG-Hygienic-3A-nut.jpg\" \/>\n\t<meta property=\"og:image:width\" content=\"1000\" \/>\n\t<meta property=\"og:image:height\" content=\"1000\" \/>\n\t<meta property=\"og:image:type\" content=\"image\/jpeg\" \/>\n<meta name=\"twitter:card\" content=\"summary_large_image\" \/>\n<meta name=\"twitter:label1\" content=\"Gesch\u00e4tzte Lesezeit\" \/>\n\t<meta name=\"twitter:data1\" content=\"5\u00a0Minuten\" \/>\n<script type=\"application\/ld+json\" class=\"yoast-schema-graph\">{\"@context\":\"https:\/\/schema.org\",\"@graph\":[{\"@type\":\"WebPage\",\"@id\":\"https:\/\/nhkmachineryparts.com\/product\/ehedg-3a-hygienic-nut-in-stainless-steel\/\",\"url\":\"https:\/\/nhkmachineryparts.com\/product\/ehedg-3a-hygienic-nut-in-stainless-steel\/\",\"name\":\"EHEDG-certified nut | NHK Machinery Parts\",\"isPartOf\":{\"@id\":\"https:\/\/nhkmachineryparts.com\/#website\"},\"primaryImageOfPage\":{\"@id\":\"https:\/\/nhkmachineryparts.com\/product\/ehedg-3a-hygienic-nut-in-stainless-steel\/#primaryimage\"},\"image\":{\"@id\":\"https:\/\/nhkmachineryparts.com\/product\/ehedg-3a-hygienic-nut-in-stainless-steel\/#primaryimage\"},\"thumbnailUrl\":\"https:\/\/nhkmachineryparts.com\/wp-content\/uploads\/2023\/07\/EHEDG-Hygienic-3A-nut.jpg\",\"datePublished\":\"2023-07-14T07:16:02+00:00\",\"dateModified\":\"2026-02-27T13:59:45+00:00\",\"description\":\"Benefits and features of EHEDG Hygienic Nuts in Stainless Steel, ideal for applications in the food and pharmaceutical industries.\",\"breadcrumb\":{\"@id\":\"https:\/\/nhkmachineryparts.com\/product\/ehedg-3a-hygienic-nut-in-stainless-steel\/#breadcrumb\"},\"inLanguage\":\"de\",\"potentialAction\":[{\"@type\":\"ReadAction\",\"target\":[\"https:\/\/nhkmachineryparts.com\/product\/ehedg-3a-hygienic-nut-in-stainless-steel\/\"]}]},{\"@type\":\"ImageObject\",\"inLanguage\":\"de\",\"@id\":\"https:\/\/nhkmachineryparts.com\/product\/ehedg-3a-hygienic-nut-in-stainless-steel\/#primaryimage\",\"url\":\"https:\/\/nhkmachineryparts.com\/wp-content\/uploads\/2023\/07\/EHEDG-Hygienic-3A-nut.jpg\",\"contentUrl\":\"https:\/\/nhkmachineryparts.com\/wp-content\/uploads\/2023\/07\/EHEDG-Hygienic-3A-nut.jpg\",\"width\":1000,\"height\":1000,\"caption\":\"EHEDG Hygienic 3A nut\"},{\"@type\":\"BreadcrumbList\",\"@id\":\"https:\/\/nhkmachineryparts.com\/product\/ehedg-3a-hygienic-nut-in-stainless-steel\/#breadcrumb\",\"itemListElement\":[{\"@type\":\"ListItem\",\"position\":1,\"name\":\"Home\",\"item\":\"https:\/\/nhkmachineryparts.com\/\"},{\"@type\":\"ListItem\",\"position\":2,\"name\":\"Product line\",\"item\":\"https:\/\/nhkmachineryparts.com\/product-line\/\"},{\"@type\":\"ListItem\",\"position\":3,\"name\":\"Certified EHEDG standard components\",\"item\":\"https:\/\/nhkmachineryparts.com\/product-line\/ehedg-certified-3a-ssi-standard-components\/\"},{\"@type\":\"ListItem\",\"position\":4,\"name\":\"EHEDG-certified nut\"}]},{\"@type\":\"WebSite\",\"@id\":\"https:\/\/nhkmachineryparts.com\/#website\",\"url\":\"https:\/\/nhkmachineryparts.com\/\",\"name\":\"NHK Machinery Parts\",\"description\":\"Bearing Houses, seismic levelling feet and levelling castors\",\"publisher\":{\"@id\":\"https:\/\/nhkmachineryparts.com\/#organization\"},\"potentialAction\":[{\"@type\":\"SearchAction\",\"target\":{\"@type\":\"EntryPoint\",\"urlTemplate\":\"https:\/\/nhkmachineryparts.com\/?s={search_term_string}\"},\"query-input\":{\"@type\":\"PropertyValueSpecification\",\"valueRequired\":true,\"valueName\":\"search_term_string\"}}],\"inLanguage\":\"de\"},{\"@type\":\"Organization\",\"@id\":\"https:\/\/nhkmachineryparts.com\/#organization\",\"name\":\"Nhk Group ApS\",\"url\":\"https:\/\/nhkmachineryparts.com\/\",\"logo\":{\"@type\":\"ImageObject\",\"inLanguage\":\"de\",\"@id\":\"https:\/\/nhkmachineryparts.com\/#\/schema\/logo\/image\/\",\"url\":\"https:\/\/nhkmachineryparts.com\/wp-content\/uploads\/2022\/09\/NHKgroup_social.jpg\",\"contentUrl\":\"https:\/\/nhkmachineryparts.com\/wp-content\/uploads\/2022\/09\/NHKgroup_social.jpg\",\"width\":1200,\"height\":630,\"caption\":\"Nhk Group ApS\"},\"image\":{\"@id\":\"https:\/\/nhkmachineryparts.com\/#\/schema\/logo\/image\/\"},\"sameAs\":[\"https:\/\/www.facebook.com\/NHK.Group.aps\"]}]}<\/script>\n<!-- \/ Yoast SEO plugin. -->","yoast_head_json":{"title":"EHEDG-certified nut | NHK Machinery Parts","description":"Vorteile und Merkmale der EHEDG-Hygienemuttern aus Edelstahl, ideal f\u00fcr Anwendungen in der Lebensmittel- und Pharmaindustrie.","robots":{"index":"index","follow":"follow","max-snippet":"max-snippet:-1","max-image-preview":"max-image-preview:large","max-video-preview":"max-video-preview:-1"},"canonical":"https:\/\/nhkmachineryparts.com\/de\/produkt\/ehedg-3a-hygienic-nut-in-stainless-steel\/","og_locale":"de_DE","og_type":"article","og_title":"EHEDG-certified nut | NHK Machinery Parts","og_description":"Benefits and features of EHEDG Hygienic Nuts in Stainless Steel, ideal for applications in the food and pharmaceutical industries.","og_url":"https:\/\/nhkmachineryparts.com\/de\/produkt\/ehedg-3a-hygienic-nut-in-stainless-steel\/","og_site_name":"NHK Machinery Parts","article_publisher":"https:\/\/www.facebook.com\/NHK.Group.aps","article_modified_time":"2026-02-27T13:59:45+00:00","og_image":[{"width":1000,"height":1000,"url":"https:\/\/nhkmachineryparts.com\/wp-content\/uploads\/2023\/07\/EHEDG-Hygienic-3A-nut.jpg","type":"image\/jpeg"}],"twitter_card":"summary_large_image","twitter_misc":{"Gesch\u00e4tzte Lesezeit":"5\u00a0Minuten"},"schema":{"@context":"https:\/\/schema.org","@graph":[{"@type":"WebPage","@id":"https:\/\/nhkmachineryparts.com\/product\/ehedg-3a-hygienic-nut-in-stainless-steel\/","url":"https:\/\/nhkmachineryparts.com\/product\/ehedg-3a-hygienic-nut-in-stainless-steel\/","name":"EHEDG-certified nut | NHK Machinery Parts","isPartOf":{"@id":"https:\/\/nhkmachineryparts.com\/#website"},"primaryImageOfPage":{"@id":"https:\/\/nhkmachineryparts.com\/product\/ehedg-3a-hygienic-nut-in-stainless-steel\/#primaryimage"},"image":{"@id":"https:\/\/nhkmachineryparts.com\/product\/ehedg-3a-hygienic-nut-in-stainless-steel\/#primaryimage"},"thumbnailUrl":"https:\/\/nhkmachineryparts.com\/wp-content\/uploads\/2023\/07\/EHEDG-Hygienic-3A-nut.jpg","datePublished":"2023-07-14T07:16:02+00:00","dateModified":"2026-02-27T13:59:45+00:00","description":"Vorteile und Merkmale der EHEDG-Hygienemuttern aus Edelstahl, ideal f\u00fcr Anwendungen in der Lebensmittel- und Pharmaindustrie.","breadcrumb":{"@id":"https:\/\/nhkmachineryparts.com\/product\/ehedg-3a-hygienic-nut-in-stainless-steel\/#breadcrumb"},"inLanguage":"de","potentialAction":[{"@type":"ReadAction","target":["https:\/\/nhkmachineryparts.com\/product\/ehedg-3a-hygienic-nut-in-stainless-steel\/"]}]},{"@type":"ImageObject","inLanguage":"de","@id":"https:\/\/nhkmachineryparts.com\/product\/ehedg-3a-hygienic-nut-in-stainless-steel\/#primaryimage","url":"https:\/\/nhkmachineryparts.com\/wp-content\/uploads\/2023\/07\/EHEDG-Hygienic-3A-nut.jpg","contentUrl":"https:\/\/nhkmachineryparts.com\/wp-content\/uploads\/2023\/07\/EHEDG-Hygienic-3A-nut.jpg","width":1000,"height":1000,"caption":"EHEDG Hygienic 3A nut"},{"@type":"BreadcrumbList","@id":"https:\/\/nhkmachineryparts.com\/product\/ehedg-3a-hygienic-nut-in-stainless-steel\/#breadcrumb","itemListElement":[{"@type":"ListItem","position":1,"name":"Home","item":"https:\/\/nhkmachineryparts.com\/"},{"@type":"ListItem","position":2,"name":"Product line","item":"https:\/\/nhkmachineryparts.com\/product-line\/"},{"@type":"ListItem","position":3,"name":"Certified EHEDG standard components","item":"https:\/\/nhkmachineryparts.com\/product-line\/ehedg-certified-3a-ssi-standard-components\/"},{"@type":"ListItem","position":4,"name":"EHEDG-certified nut"}]},{"@type":"WebSite","@id":"https:\/\/nhkmachineryparts.com\/#website","url":"https:\/\/nhkmachineryparts.com\/","name":"NHK-Maschinenteile","description":"Lagergeh\u00e4use, seismische Nivellierf\u00fc\u00dfe und Nivellierrollen","publisher":{"@id":"https:\/\/nhkmachineryparts.com\/#organization"},"potentialAction":[{"@type":"SearchAction","target":{"@type":"EntryPoint","urlTemplate":"https:\/\/nhkmachineryparts.com\/?s={search_term_string}"},"query-input":{"@type":"PropertyValueSpecification","valueRequired":true,"valueName":"search_term_string"}}],"inLanguage":"de"},{"@type":"Organization","@id":"https:\/\/nhkmachineryparts.com\/#organization","name":"Nhk Group ApS","url":"https:\/\/nhkmachineryparts.com\/","logo":{"@type":"ImageObject","inLanguage":"de","@id":"https:\/\/nhkmachineryparts.com\/#\/schema\/logo\/image\/","url":"https:\/\/nhkmachineryparts.com\/wp-content\/uploads\/2022\/09\/NHKgroup_social.jpg","contentUrl":"https:\/\/nhkmachineryparts.com\/wp-content\/uploads\/2022\/09\/NHKgroup_social.jpg","width":1200,"height":630,"caption":"Nhk Group ApS"},"image":{"@id":"https:\/\/nhkmachineryparts.com\/#\/schema\/logo\/image\/"},"sameAs":["https:\/\/www.facebook.com\/NHK.Group.aps"]}]}},"_links":{"self":[{"href":"https:\/\/nhkmachineryparts.com\/de\/wp-json\/wp\/v2\/product\/5542","targetHints":{"allow":["GET"]}}],"collection":[{"href":"https:\/\/nhkmachineryparts.com\/de\/wp-json\/wp\/v2\/product"}],"about":[{"href":"https:\/\/nhkmachineryparts.com\/de\/wp-json\/wp\/v2\/types\/product"}],"wp:featuredmedia":[{"embeddable":true,"href":"https:\/\/nhkmachineryparts.com\/de\/wp-json\/wp\/v2\/media\/8627"}],"wp:attachment":[{"href":"https:\/\/nhkmachineryparts.com\/de\/wp-json\/wp\/v2\/media?parent=5542"}],"wp:term":[{"taxonomy":"product_brand","embeddable":true,"href":"https:\/\/nhkmachineryparts.com\/de\/wp-json\/wp\/v2\/product_brand?post=5542"},{"taxonomy":"product_cat","embeddable":true,"href":"https:\/\/nhkmachineryparts.com\/de\/wp-json\/wp\/v2\/product_cat?post=5542"},{"taxonomy":"product_tag","embeddable":true,"href":"https:\/\/nhkmachineryparts.com\/de\/wp-json\/wp\/v2\/product_tag?post=5542"}],"curies":[{"name":"wp","href":"https:\/\/api.w.org\/{rel}","templated":true}]}}