{"id":3576,"date":"2023-01-31T19:47:45","date_gmt":"2023-01-31T19:47:45","guid":{"rendered":"https:\/\/nhkmachineryparts.com\/?post_type=product&#038;p=3576"},"modified":"2026-02-23T14:12:46","modified_gmt":"2026-02-23T12:12:46","slug":"sterngriff-mit-ringschraube","status":"publish","type":"product","link":"https:\/\/nhkmachineryparts.com\/de\/product\/star-knob-with-eyebolt\/","title":{"rendered":"Sterngriffeinheit mit Ringschraube"},"content":{"rendered":"<section class=\"vc_row liquid-row-shadowbox-69d3b27b611e2\"><div class=\"ld-container container\"><div class=\"row ld-row ld-row-outer\"><div class=\"wpb_column vc_column_container vc_col-sm-12 liquid-column-69d3b27b614a4\"><div class=\"vc_column-inner\" ><div class=\"wpb_wrapper\"  >\n\t<div class=\"wpb_text_column wpb_content_element\" >\n\t\t<div class=\"wpb_wrapper\">\n\t\t\t<h2>Sterngriffeinheit mit Ringschraube<\/h2>\n<p>Sternknopf aus Polyamid mit vernickeltem Messingeinsatz<br \/>\nRingschraube und Unterlegscheibe aus Edelstahl AISI 304 (Aisi 1.4301)<\/p>\n<h2>Sterngriffeinheit mit Ringschraube f\u00fcr Seitenf\u00fchrung<\/h2>\n<p>Alle Komponenten der Seitenf\u00fchrung sind mit einer glatten Oberfl\u00e4che ohne unn\u00f6tige Rippen, Flansche, Aussparungen oder Befestigungsl\u00f6cher ausgestattet, wodurch das Risiko versteckter Kontaminationsquellen minimiert wird. Die glatte Oberfl\u00e4che erleichtert die Reinigung und minimiert das Risiko versteckter Verunreinigungen.<\/p>\n<h2>Sternknopfeinheit mit rostfreier Ringschraube<\/h2>\n<p>Unsere Seitenf\u00fchrungskomponenten sind f\u00fcr die <a href=\"https:\/\/nhkmachineryparts.com\/de\/our-industries\/\" data-internallinksmanager029f6b8e52c=\"4\" title=\"Unsere Branchen\">Branchen<\/a> bei denen immer h\u00f6here Anforderungen an die Materialbest\u00e4ndigkeit und ein reinigungsfreundliches Design gestellt werden. Branchen wie: <a href=\"https:\/\/nhkmachineryparts.com\/de\/was-ist-der-unterschied-zwischen-3a-und-ehedg\/\" data-internallinksmanager029f6b8e52c=\"2\" title=\"EHEDG-zertifizierte Maschinenteile\">EHEDG<\/a> und 3A-Design, Verpackungsmaschinen, Verpackungsausr\u00fcstung, medizinische Ausr\u00fcstung, Fischverarbeitungssysteme und -l\u00f6sungen, Getr\u00e4nkesysteme und -l\u00f6sungen, Milchverarbeitungsl\u00f6sungen, pharmazeutische Ausr\u00fcstung, Lebensmittelverarbeitungsmaschinen, Arzneimittelverarbeitungssysteme, Metzgereiverarbeitungsmaschinen, Schlachthofverarbeitungsausr\u00fcstung, Gefl\u00fcgelverarbeitungsmaschinen , Fleischverarbeitungsger\u00e4te<\/p>\n<p>Sterngriff der Seitenf\u00fchrung<br \/>\nSK48 \u00d812-M10-L40<\/p>\n\n\t\t<\/div>\n\t<\/div>\n<\/div><\/div><\/div><\/div><\/div><\/section>","protected":false},"excerpt":{"rendered":"Star knob unit with eyebolt Star knob in polyamide with nickel plated brass insert Eyebolt and washer in stainless steel AISI 304 (Aisi 1.4301) Star knob unit with eyebolt for side guide All the side guide components are designed with a smooth surface without any unnecessary ribs, flanges, recesses or mounting holes, minimizing the risk [...]","protected":false},"featured_media":38327,"template":"","meta":[],"product_brand":[],"product_cat":[132,61],"product_tag":[],"class_list":{"0":"post-3576","1":"product","2":"type-product","3":"status-publish","4":"has-post-thumbnail","6":"product_cat-machinery-components","7":"product_cat-conveyor-components-and-machinery-parts","9":"first","10":"instock","11":"shipping-taxable","12":"product-type-simple"},"yoast_head":"<!-- This site is optimized with the Yoast SEO plugin v27.3 - https:\/\/yoast.com\/product\/yoast-seo-wordpress\/ -->\n<title>Star knob unit with eyebolt | NHK Machinery Parts<\/title>\n<meta name=\"description\" content=\"Star knob with stainless eyebolt Star knob in polyamide with nickel plated brass insert Eyebolt and washer in stainless steel AISI 304 (Aisi 1.4301)\" \/>\n<meta name=\"robots\" content=\"index, follow, max-snippet:-1, max-image-preview:large, max-video-preview:-1\" \/>\n<link rel=\"canonical\" href=\"https:\/\/nhkmachineryparts.com\/de\/produkt\/sterngriff-mit-ringschraube\/\" \/>\n<meta property=\"og:locale\" content=\"de_DE\" \/>\n<meta property=\"og:type\" content=\"article\" \/>\n<meta property=\"og:title\" content=\"Star knob unit with eyebolt | NHK Machinery Parts\" \/>\n<meta property=\"og:description\" content=\"Star knob with stainless eyebolt Star knob in polyamide with nickel plated brass insert Eyebolt and washer in stainless steel AISI 304 (Aisi 1.4301)\" \/>\n<meta property=\"og:url\" content=\"https:\/\/nhkmachineryparts.com\/de\/produkt\/sterngriff-mit-ringschraube\/\" \/>\n<meta property=\"og:site_name\" content=\"NHK Machinery Parts\" \/>\n<meta property=\"article:publisher\" content=\"https:\/\/www.facebook.com\/NHK.Group.aps\" \/>\n<meta property=\"article:modified_time\" content=\"2026-02-23T12:12:46+00:00\" \/>\n<meta property=\"og:image\" content=\"https:\/\/nhkmachineryparts.com\/wp-content\/uploads\/2023\/01\/Blue-Star-knob-unit-with-eyebolt.jpg\" \/>\n\t<meta property=\"og:image:width\" content=\"500\" \/>\n\t<meta property=\"og:image:height\" content=\"500\" \/>\n\t<meta property=\"og:image:type\" content=\"image\/jpeg\" \/>\n<meta name=\"twitter:card\" content=\"summary_large_image\" \/>\n<meta name=\"twitter:label1\" content=\"Gesch\u00e4tzte Lesezeit\" \/>\n\t<meta name=\"twitter:data1\" content=\"1\u00a0Minute\" \/>\n<script type=\"application\/ld+json\" class=\"yoast-schema-graph\">{\"@context\":\"https:\\\/\\\/schema.org\",\"@graph\":[{\"@type\":\"WebPage\",\"@id\":\"https:\\\/\\\/nhkmachineryparts.com\\\/product\\\/star-knob-with-eyebolt\\\/\",\"url\":\"https:\\\/\\\/nhkmachineryparts.com\\\/product\\\/star-knob-with-eyebolt\\\/\",\"name\":\"Star knob unit with eyebolt | NHK Machinery Parts\",\"isPartOf\":{\"@id\":\"https:\\\/\\\/nhkmachineryparts.com\\\/#website\"},\"primaryImageOfPage\":{\"@id\":\"https:\\\/\\\/nhkmachineryparts.com\\\/product\\\/star-knob-with-eyebolt\\\/#primaryimage\"},\"image\":{\"@id\":\"https:\\\/\\\/nhkmachineryparts.com\\\/product\\\/star-knob-with-eyebolt\\\/#primaryimage\"},\"thumbnailUrl\":\"https:\\\/\\\/nhkmachineryparts.com\\\/wp-content\\\/uploads\\\/2023\\\/01\\\/Blue-Star-knob-unit-with-eyebolt.jpg\",\"datePublished\":\"2023-01-31T19:47:45+00:00\",\"dateModified\":\"2026-02-23T12:12:46+00:00\",\"description\":\"Star knob with stainless eyebolt Star knob in polyamide with nickel plated brass insert Eyebolt and washer in stainless steel AISI 304 (Aisi 1.4301)\",\"breadcrumb\":{\"@id\":\"https:\\\/\\\/nhkmachineryparts.com\\\/product\\\/star-knob-with-eyebolt\\\/#breadcrumb\"},\"inLanguage\":\"de\",\"potentialAction\":[{\"@type\":\"ReadAction\",\"target\":[\"https:\\\/\\\/nhkmachineryparts.com\\\/product\\\/star-knob-with-eyebolt\\\/\"]}]},{\"@type\":\"ImageObject\",\"inLanguage\":\"de\",\"@id\":\"https:\\\/\\\/nhkmachineryparts.com\\\/product\\\/star-knob-with-eyebolt\\\/#primaryimage\",\"url\":\"https:\\\/\\\/nhkmachineryparts.com\\\/wp-content\\\/uploads\\\/2023\\\/01\\\/Blue-Star-knob-unit-with-eyebolt.jpg\",\"contentUrl\":\"https:\\\/\\\/nhkmachineryparts.com\\\/wp-content\\\/uploads\\\/2023\\\/01\\\/Blue-Star-knob-unit-with-eyebolt.jpg\",\"width\":500,\"height\":500,\"caption\":\"Blue Star knob unit with eyebolt\"},{\"@type\":\"BreadcrumbList\",\"@id\":\"https:\\\/\\\/nhkmachineryparts.com\\\/product\\\/star-knob-with-eyebolt\\\/#breadcrumb\",\"itemListElement\":[{\"@type\":\"ListItem\",\"position\":1,\"name\":\"Home\",\"item\":\"https:\\\/\\\/nhkmachineryparts.com\\\/\"},{\"@type\":\"ListItem\",\"position\":2,\"name\":\"Product line\",\"item\":\"https:\\\/\\\/nhkmachineryparts.com\\\/product-line\\\/\"},{\"@type\":\"ListItem\",\"position\":3,\"name\":\"Machinery Components and Mounting Bracket\",\"item\":\"https:\\\/\\\/nhkmachineryparts.com\\\/product-line\\\/conveyor-components-and-machinery-parts\\\/\"},{\"@type\":\"ListItem\",\"position\":4,\"name\":\"Star knob unit with eyebolt\"}]},{\"@type\":\"WebSite\",\"@id\":\"https:\\\/\\\/nhkmachineryparts.com\\\/#website\",\"url\":\"https:\\\/\\\/nhkmachineryparts.com\\\/\",\"name\":\"NHK Machinery Parts\",\"description\":\"Bearing Houses, seismic levelling feet and levelling castors\",\"publisher\":{\"@id\":\"https:\\\/\\\/nhkmachineryparts.com\\\/#organization\"},\"potentialAction\":[{\"@type\":\"SearchAction\",\"target\":{\"@type\":\"EntryPoint\",\"urlTemplate\":\"https:\\\/\\\/nhkmachineryparts.com\\\/?s={search_term_string}\"},\"query-input\":{\"@type\":\"PropertyValueSpecification\",\"valueRequired\":true,\"valueName\":\"search_term_string\"}}],\"inLanguage\":\"de\"},{\"@type\":\"Organization\",\"@id\":\"https:\\\/\\\/nhkmachineryparts.com\\\/#organization\",\"name\":\"Nhk Group ApS\",\"url\":\"https:\\\/\\\/nhkmachineryparts.com\\\/\",\"logo\":{\"@type\":\"ImageObject\",\"inLanguage\":\"de\",\"@id\":\"https:\\\/\\\/nhkmachineryparts.com\\\/#\\\/schema\\\/logo\\\/image\\\/\",\"url\":\"https:\\\/\\\/nhkmachineryparts.com\\\/wp-content\\\/uploads\\\/2022\\\/09\\\/NHKgroup_social.jpg\",\"contentUrl\":\"https:\\\/\\\/nhkmachineryparts.com\\\/wp-content\\\/uploads\\\/2022\\\/09\\\/NHKgroup_social.jpg\",\"width\":1200,\"height\":630,\"caption\":\"Nhk Group ApS\"},\"image\":{\"@id\":\"https:\\\/\\\/nhkmachineryparts.com\\\/#\\\/schema\\\/logo\\\/image\\\/\"},\"sameAs\":[\"https:\\\/\\\/www.facebook.com\\\/NHK.Group.aps\"]}]}<\/script>\n<!-- \/ Yoast SEO plugin. -->","yoast_head_json":{"title":"Sterngriffeinheit mit Ringschraube | NHK-Maschinenteile","description":"Sternknopf mit Ringschraube aus Edelstahl Sternknopf aus Polyamid mit vernickeltem Messingeinsatz Ringschraube und Unterlegscheibe aus Edelstahl AISI 304 (Aisi 1.4301)","robots":{"index":"index","follow":"follow","max-snippet":"max-snippet:-1","max-image-preview":"max-image-preview:large","max-video-preview":"max-video-preview:-1"},"canonical":"https:\/\/nhkmachineryparts.com\/de\/produkt\/sterngriff-mit-ringschraube\/","og_locale":"de_DE","og_type":"article","og_title":"Star knob unit with eyebolt | NHK Machinery Parts","og_description":"Star knob with stainless eyebolt Star knob in polyamide with nickel plated brass insert Eyebolt and washer in stainless steel AISI 304 (Aisi 1.4301)","og_url":"https:\/\/nhkmachineryparts.com\/de\/produkt\/sterngriff-mit-ringschraube\/","og_site_name":"NHK Machinery Parts","article_publisher":"https:\/\/www.facebook.com\/NHK.Group.aps","article_modified_time":"2026-02-23T12:12:46+00:00","og_image":[{"width":500,"height":500,"url":"https:\/\/nhkmachineryparts.com\/wp-content\/uploads\/2023\/01\/Blue-Star-knob-unit-with-eyebolt.jpg","type":"image\/jpeg"}],"twitter_card":"summary_large_image","twitter_misc":{"Gesch\u00e4tzte Lesezeit":"1\u00a0Minute"},"schema":{"@context":"https:\/\/schema.org","@graph":[{"@type":"WebPage","@id":"https:\/\/nhkmachineryparts.com\/product\/star-knob-with-eyebolt\/","url":"https:\/\/nhkmachineryparts.com\/product\/star-knob-with-eyebolt\/","name":"Sterngriffeinheit mit Ringschraube | NHK-Maschinenteile","isPartOf":{"@id":"https:\/\/nhkmachineryparts.com\/#website"},"primaryImageOfPage":{"@id":"https:\/\/nhkmachineryparts.com\/product\/star-knob-with-eyebolt\/#primaryimage"},"image":{"@id":"https:\/\/nhkmachineryparts.com\/product\/star-knob-with-eyebolt\/#primaryimage"},"thumbnailUrl":"https:\/\/nhkmachineryparts.com\/wp-content\/uploads\/2023\/01\/Blue-Star-knob-unit-with-eyebolt.jpg","datePublished":"2023-01-31T19:47:45+00:00","dateModified":"2026-02-23T12:12:46+00:00","description":"Sternknopf mit Ringschraube aus Edelstahl Sternknopf aus Polyamid mit vernickeltem Messingeinsatz Ringschraube und Unterlegscheibe aus Edelstahl AISI 304 (Aisi 1.4301)","breadcrumb":{"@id":"https:\/\/nhkmachineryparts.com\/product\/star-knob-with-eyebolt\/#breadcrumb"},"inLanguage":"de","potentialAction":[{"@type":"ReadAction","target":["https:\/\/nhkmachineryparts.com\/product\/star-knob-with-eyebolt\/"]}]},{"@type":"ImageObject","inLanguage":"de","@id":"https:\/\/nhkmachineryparts.com\/product\/star-knob-with-eyebolt\/#primaryimage","url":"https:\/\/nhkmachineryparts.com\/wp-content\/uploads\/2023\/01\/Blue-Star-knob-unit-with-eyebolt.jpg","contentUrl":"https:\/\/nhkmachineryparts.com\/wp-content\/uploads\/2023\/01\/Blue-Star-knob-unit-with-eyebolt.jpg","width":500,"height":500,"caption":"Blue Star knob unit with eyebolt"},{"@type":"BreadcrumbList","@id":"https:\/\/nhkmachineryparts.com\/product\/star-knob-with-eyebolt\/#breadcrumb","itemListElement":[{"@type":"ListItem","position":1,"name":"Home","item":"https:\/\/nhkmachineryparts.com\/"},{"@type":"ListItem","position":2,"name":"Product line","item":"https:\/\/nhkmachineryparts.com\/product-line\/"},{"@type":"ListItem","position":3,"name":"Machinery Components and Mounting Bracket","item":"https:\/\/nhkmachineryparts.com\/product-line\/conveyor-components-and-machinery-parts\/"},{"@type":"ListItem","position":4,"name":"Star knob unit with eyebolt"}]},{"@type":"WebSite","@id":"https:\/\/nhkmachineryparts.com\/#website","url":"https:\/\/nhkmachineryparts.com\/","name":"NHK-Maschinenteile","description":"Lagergeh\u00e4use, seismische Nivellierf\u00fc\u00dfe und Nivellierrollen","publisher":{"@id":"https:\/\/nhkmachineryparts.com\/#organization"},"potentialAction":[{"@type":"SearchAction","target":{"@type":"EntryPoint","urlTemplate":"https:\/\/nhkmachineryparts.com\/?s={search_term_string}"},"query-input":{"@type":"PropertyValueSpecification","valueRequired":true,"valueName":"search_term_string"}}],"inLanguage":"de"},{"@type":"Organization","@id":"https:\/\/nhkmachineryparts.com\/#organization","name":"Nhk Group ApS","url":"https:\/\/nhkmachineryparts.com\/","logo":{"@type":"ImageObject","inLanguage":"de","@id":"https:\/\/nhkmachineryparts.com\/#\/schema\/logo\/image\/","url":"https:\/\/nhkmachineryparts.com\/wp-content\/uploads\/2022\/09\/NHKgroup_social.jpg","contentUrl":"https:\/\/nhkmachineryparts.com\/wp-content\/uploads\/2022\/09\/NHKgroup_social.jpg","width":1200,"height":630,"caption":"Nhk Group ApS"},"image":{"@id":"https:\/\/nhkmachineryparts.com\/#\/schema\/logo\/image\/"},"sameAs":["https:\/\/www.facebook.com\/NHK.Group.aps"]}]}},"_links":{"self":[{"href":"https:\/\/nhkmachineryparts.com\/de\/wp-json\/wp\/v2\/product\/3576","targetHints":{"allow":["GET"]}}],"collection":[{"href":"https:\/\/nhkmachineryparts.com\/de\/wp-json\/wp\/v2\/product"}],"about":[{"href":"https:\/\/nhkmachineryparts.com\/de\/wp-json\/wp\/v2\/types\/product"}],"wp:featuredmedia":[{"embeddable":true,"href":"https:\/\/nhkmachineryparts.com\/de\/wp-json\/wp\/v2\/media\/38327"}],"wp:attachment":[{"href":"https:\/\/nhkmachineryparts.com\/de\/wp-json\/wp\/v2\/media?parent=3576"}],"wp:term":[{"taxonomy":"product_brand","embeddable":true,"href":"https:\/\/nhkmachineryparts.com\/de\/wp-json\/wp\/v2\/product_brand?post=3576"},{"taxonomy":"product_cat","embeddable":true,"href":"https:\/\/nhkmachineryparts.com\/de\/wp-json\/wp\/v2\/product_cat?post=3576"},{"taxonomy":"product_tag","embeddable":true,"href":"https:\/\/nhkmachineryparts.com\/de\/wp-json\/wp\/v2\/product_tag?post=3576"}],"curies":[{"name":"wp","href":"https:\/\/api.w.org\/{rel}","templated":true}]}}