{"id":2917,"date":"2023-01-07T20:44:11","date_gmt":"2023-01-07T20:44:11","guid":{"rendered":"https:\/\/nhkmachineryparts.com\/?post_type=product&#038;p=2917"},"modified":"2026-02-27T16:04:11","modified_gmt":"2026-02-27T14:04:11","slug":"nivellierfuse-im-extra-hygienischen-design-boden-mit-spindel-mit-schutzhulse","status":"publish","type":"product","link":"https:\/\/nhkmachineryparts.com\/de\/product\/levelling-feet-in-extra-hygienic-design-shlf-with-spindle-with-protecting-sleeve\/","title":{"rendered":"3-A authorized levelling feet"},"content":{"rendered":"<section class=\"vc_row vc_custom_1662993827263 liquid-row-shadowbox-69d3ca4dc39fd vc_column-gap-0\"><div class=\"ld-container container\"><div class=\"row ld-row ld-row-outer\"><div class=\"wpb_column vc_column_container vc_col-sm-12 liquid-column-69d3ca4dc3b84\"><div class=\"vc_column-inner\" ><div class=\"wpb_wrapper\"  >\n\t<div class=\"wpb_text_column wpb_content_element\" >\n\t\t<div class=\"wpb_wrapper\">\n\t\t\t<h2>Optimieren Sie Sicherheit und Haltbarkeit mit hygienischen Nivellierf\u00fc\u00dfen der n\u00e4chsten Generation<\/h2>\n<p><a href=\"https:\/\/nhkmachineryparts.com\/de\/product-line\/stainless-steel-solid-base-feet\/\" data-internallinksmanager029f6b8e52c=\"7\" title=\"Maschinenstellf\u00fc\u00dfe mit massiver Grundplatte\">Stellf\u00fc\u00dfe<\/a> im geschlossenen Hygienedesign mit Gummiunterlage zur Vibrationsreduzierung und Rutschhemmung<br \/>\nUnser versiegeltes <a href=\"https:\/\/nhkmachineryparts.com\/de\/product-line\/stainless-steel-solid-base-feet\/\" data-internallinksmanager029f6b8e52c=\"17\" title=\"Maschinenstellf\u00fc\u00dfe mit massiver Grundplatte\">hygienische Nivellierf\u00fc\u00dfe<\/a> sind mit einem FDA-Zertifikat (FDA CFR 21 177 2600) mit eindeutiger Chargen-ID-Nummer zur R\u00fcckverfolgbarkeit der Lebensmittelsicherheit ausgestattet<\/p>\n<p><a href=\"https:\/\/nhkmachineryparts.com\/shop\/product-line\/machine-levelling-feet-in-a-hygienic-design\/levelling-feet-with-fully-threaded-spindle\/\">Probieren Sie unseren Produktselektor<\/a><\/p>\n<h3>Nivellierf\u00fc\u00dfe im versiegelten Hygienic Design \u2013 Merkmale und Vorteile<\/h3>\n<p>Versiegelt <a href=\"https:\/\/nhkmachineryparts.com\/de\/product-line\/stainless-steel-solid-base-feet\/\" data-internallinksmanager029f6b8e52c=\"17\" title=\"Maschinenstellf\u00fc\u00dfe mit massiver Grundplatte\">hygienische Nivellierf\u00fc\u00dfe<\/a> haben ein abgerundetes, hygienisches Design, das die Reinigung erleichtert.<br \/>\nVersiegelt <a href=\"https:\/\/nhkmachineryparts.com\/de\/product-line\/stainless-steel-solid-base-feet\/\" data-internallinksmanager029f6b8e52c=\"17\" title=\"Maschinenstellf\u00fc\u00dfe mit massiver Grundplatte\">hygienische Nivellierf\u00fc\u00dfe<\/a> bew\u00e4ltigt Neigungen von B\u00f6den und Ger\u00e4ten bis zu 10 Grad.<\/p>\n<h3>Nivellierf\u00fc\u00dfe aus versiegelten Materialien im Hygienedesign<\/h3>\n<p>Versiegelt <a href=\"https:\/\/nhkmachineryparts.com\/de\/product-line\/stainless-steel-solid-base-feet\/\" data-internallinksmanager029f6b8e52c=\"17\" title=\"Maschinenstellf\u00fc\u00dfe mit massiver Grundplatte\">hygienische Nivellierf\u00fc\u00dfe<\/a> vulkanisiertes Gummiteil mit FDA-Zertifikat gem\u00e4\u00df FDA CFR 21 177 2600.<\/p>\n<p>Beschreibung des Grundplattenmaterials:<br \/>\nEdelstahl Aisi 304 oder Aisi 316<\/p>\n<p>Beschreibung des Spindelmaterials:<br \/>\nEdelstahl A2-70 oder A4-70<\/p>\n<p>Beschreibung des Gummibasismaterials:<br \/>\nNBR-Gummi (Nitrilkautschuk CAS-Nr. 9005-98-5)<br \/>\nFDA-Zertifikat gem\u00e4\u00df FDA CFR 21 177 2600<\/p>\n<p>Alle Materialien weisen eine hohe Best\u00e4ndigkeit gegen\u00fcber Chemikalien und g\u00e4ngigen Reinigungsmitteln sowie gegen\u00fcber best\u00e4ndigen \u00d6len und Fetten auf.<\/p>\n<h3>Nivellierf\u00fc\u00dfe in versiegelten Hygienedesigngr\u00f6\u00dfen<\/h3>\n<p>Versiegelt <a href=\"https:\/\/nhkmachineryparts.com\/de\/product-line\/stainless-steel-solid-base-feet\/\" data-internallinksmanager029f6b8e52c=\"17\" title=\"Maschinenstellf\u00fc\u00dfe mit massiver Grundplatte\">hygienische Nivellierf\u00fc\u00dfe<\/a> Basis sind in einer gro\u00dfen Auswahl erh\u00e4ltlich und bieten optimale Flexibilit\u00e4t und Auswahl.<\/p>\n<div class=\"dcf-overflow-x-auto\" tabindex=\"0\">\n<table class=\"dcf-table dcf-table-bordered dcf-w-100%\">\n<thead>\n<tr>\n<th scope=\"col\">Basisgr\u00f6\u00dfe<\/th>\n<th scope=\"col\">Basisdurchmesser D<\/th>\n<th scope=\"col\">Durchmesser D Nom. Belastung<\/th>\n<\/tr>\n<\/thead>\n<tbody>\n<tr>\n<td data-label=\"EHMF Base Size \">HLF 50<\/td>\n<td data-label=\"Base Diameter D\">50 mm<\/td>\n<td data-label=\"Diameter D Nom. Load \">5.000 N<\/td>\n<\/tr>\n<tr>\n<td data-label=\"EHMF Base Size \">HLF 60<\/td>\n<td data-label=\"Base Diameter D\">60 mm<\/td>\n<td data-label=\"Diameter D Nom. Load \">7.000 N<\/td>\n<\/tr>\n<tr>\n<td data-label=\"EHMF Base Size \">HLF 80<\/td>\n<td data-label=\"Base Diameter D\">80 mm<\/td>\n<td data-label=\"Diameter D Nom. Load \">15.000 N<\/td>\n<\/tr>\n<tr>\n<td data-label=\"EHMF Base Size \">HLF 100<\/td>\n<td data-label=\"Base Diameter D\">100 mm<\/td>\n<td data-label=\"Diameter D Nom. Load \">20.000 N<\/td>\n<\/tr>\n<tr>\n<td data-label=\"EHMF Base Size \">HLF 120<\/td>\n<td data-label=\"Base Diameter D\">120 mm<\/td>\n<td data-label=\"Diameter D Nom. Load \">30.000 N<\/td>\n<\/tr>\n<tr>\n<td data-label=\"EHMF Base Size \">HLF 140<\/td>\n<td data-label=\"Base Diameter D\">140 mm<\/td>\n<td data-label=\"Diameter D Nom. Load \">40.000 N<\/td>\n<\/tr>\n<\/tbody>\n<\/table>\n<\/div>\n<p>Versiegelt <a href=\"https:\/\/nhkmachineryparts.com\/de\/product-line\/stainless-steel-solid-base-feet\/\" data-internallinksmanager029f6b8e52c=\"17\" title=\"Maschinenstellf\u00fc\u00dfe mit massiver Grundplatte\">hygienische Nivellierf\u00fc\u00dfe<\/a> Spindel mit Schutzh\u00fclse sind in einer gro\u00dfen Auswahl erh\u00e4ltlich und bieten optimale Flexibilit\u00e4t und Auswahl.<\/p>\n<div class=\"dcf-overflow-x-auto\" tabindex=\"0\">\n<table class=\"dcf-table dcf-table-bordered dcf-w-100%\">\n<caption>SHLF Spindel- und H\u00fclsendurchmesser<\/caption>\n<tbody>\n<tr>\n<td>M16<\/td>\n<td>M20<\/td>\n<td>M24<\/td>\n<td>M30<\/td>\n<td>M36<\/td>\n<td>M42<\/td>\n<td>M48<\/td>\n<\/tr>\n<\/tbody>\n<\/table>\n<\/div>\n<div class=\"dcf-overflow-x-auto\" tabindex=\"0\">\n<table class=\"dcf-table dcf-table-bordered dcf-w-100%\">\n<caption>SHLF Spindell\u00e4nge (L) und H\u00fclsenl\u00e4nge (H)<\/caption>\n<tbody>\n<tr>\n<td>L=135 mm H=55 mm<\/td>\n<td>Min. 80 mm bis max. 120 mm<\/td>\n<\/tr>\n<tr>\n<td>L=175 mm H=75 mm<\/td>\n<td>Min. 100 mm bis max. 160 mm<\/td>\n<\/tr>\n<tr>\n<td>L=215 mm H=95 mm<\/td>\n<td>Min. 120 mm bis max. 200 mm<\/td>\n<\/tr>\n<tr>\n<td>L=255 mm H=115 mm<\/td>\n<td>Min. 140 mm bis max. 240 mm<\/td>\n<\/tr>\n<tr>\n<td>L=295 mm H=125 mm<\/td>\n<td>Min. 180 mm bis max. 280 mm<\/td>\n<\/tr>\n<\/tbody>\n<\/table>\n<\/div>\n<p>F\u00fcr andere Gewindespindell\u00e4ngen (L) kontaktieren Sie uns bitte<br \/>\nGewinde in Zoll sind auf Anfrage erh\u00e4ltlich<br \/>\nDas Gewinde kann auch nach spezifischen Anforderungen angepasst werden, z. B. Trapezgewinde usw.<\/p>\n<h3>Nivellierf\u00fc\u00dfe im versiegelten Hygienic Design lieferbar<\/h3>\n<p>Bei gr\u00f6\u00dferen Bestellungen bieten wir an, die Basis und die Spindeln separat zu liefern<br \/>\nDer Vorteil liegt in der Flexibilit\u00e4t f\u00fcr den Kunden, der viele verschiedene Spindelgr\u00f6\u00dfen verwendet.<\/p>\n<h2 data-start=\"0\" data-end=\"84\">Hygienische Nivellierf\u00fc\u00dfe mit abgedichteter, gesch\u00fctzter Spindel<\/h2>\n<h3 data-start=\"0\" data-end=\"84\">Erleben Sie un\u00fcbertroffene Sauberkeit mit fortschrittlichen, versiegelten und gesch\u00fctzten Spindell\u00f6sungen<\/h3>\n<p data-start=\"86\" data-end=\"474\">In der heutigen schnelllebigen Industrie und im Gesundheitswesen ist die Einhaltung der Hygiene von gr\u00f6\u00dfter Bedeutung. Unsere <a href=\"https:\/\/nhkmachineryparts.com\/de\/product-line\/stainless-steel-solid-base-feet\/\" data-internallinksmanager029f6b8e52c=\"17\" title=\"Maschinenstellf\u00fc\u00dfe mit massiver Grundplatte\">hygienische Nivellierf\u00fc\u00dfe<\/a> Mit versiegelter, gesch\u00fctzter Spindel sind sie sorgf\u00e4ltig konzipiert und bieten un\u00fcbertroffene Sauberkeit, Stabilit\u00e4t und Leistung in verschiedenen Anwendungen. Dieses innovative Produkt sorgt daf\u00fcr, dass Ihre Ausr\u00fcstung waagerecht und sicher bleibt und reduziert gleichzeitig das Kontaminationsrisiko.<\/p>\n<h3 data-start=\"476\" data-end=\"517\">Innovatives Design f\u00fcr h\u00f6chste Hygiene<\/h3>\n<p data-start=\"518\" data-end=\"900\">Unsere Nivellierf\u00fc\u00dfe verf\u00fcgen \u00fcber eine abgedichtete, gesch\u00fctzte Spindel, die das Eindringen von Staub, Fl\u00fcssigkeiten und Schmutz in kritische Komponenten wirksam verhindert. Dieses Design garantiert eine sterile Betriebsumgebung, die f\u00fcr Krankenh\u00e4user, Labore und Lebensmittelverarbeitungsbetriebe unerl\u00e4sslich ist. Das hygienische Design verl\u00e4ngert nicht nur die Lebensdauer Ihrer Ger\u00e4te, sondern erh\u00f6ht auch die allgemeine Sicherheit am Arbeitsplatz.<\/p>\n<h3 data-start=\"902\" data-end=\"930\">Auf Langlebigkeit ausgelegt<\/h3>\n<p data-start=\"931\" data-end=\"1251\">Diese Nivellierf\u00fc\u00dfe sind aus hochwertigen, korrosionsbest\u00e4ndigen Materialien gefertigt und auf Langlebigkeit ausgelegt. Die abgedichtete, gesch\u00fctzte Spindel bietet robusten Halt und gleichbleibende Leistung auch bei hoher Belastung. Die robuste Konstruktion minimiert den Verschlei\u00df und sorgt so f\u00fcr geringere Wartungskosten und einen zuverl\u00e4ssigen Betrieb \u00fcber die Zeit.<\/p>\n<h3 data-start=\"1253\" data-end=\"1292\">Einfache Installation und Wartung<\/h3>\n<p data-start=\"1293\" data-end=\"1661\">Mit dem Fokus auf Benutzerfreundlichkeit, unsere <a href=\"https:\/\/nhkmachineryparts.com\/de\/product-line\/stainless-steel-solid-base-feet\/\" data-internallinksmanager029f6b8e52c=\"17\" title=\"Maschinenstellf\u00fc\u00dfe mit massiver Grundplatte\">hygienische Nivellierf\u00fc\u00dfe<\/a> sind f\u00fcr eine einfache Installation und problemlose Wartung ausgelegt. Die abgedichtete, gesch\u00fctzte Spindel erm\u00f6glicht schnelle Inspektionen und m\u00fchelose Reinigung und minimiert so Ausfallzeiten. Diese Effizienz macht sie zur idealen Wahl f\u00fcr <a href=\"https:\/\/nhkmachineryparts.com\/de\/our-industries\/\" data-internallinksmanager029f6b8e52c=\"4\" title=\"Unsere Branchen\">Branchen<\/a> die kontinuierliche Produktivit\u00e4t ohne Kompromisse bei der Sicherheit erfordern.<\/p>\n<h3 data-start=\"1663\" data-end=\"1701\">Vielseitige Einsatzm\u00f6glichkeiten und Vorteile<\/h3>\n<p data-start=\"1702\" data-end=\"2107\">Diese Nivellierf\u00fc\u00dfe eignen sich f\u00fcr eine Vielzahl von Umgebungen, von Industriewerkst\u00e4tten bis hin zu medizinischen Einrichtungen, und bieten au\u00dfergew\u00f6hnliche Stabilit\u00e4t und Hygiene. Sie bieten erh\u00f6hte Sicherheit, eine l\u00e4ngere Lebensdauer der Ger\u00e4te und einen hervorragenden Kontaminationsschutz. Werten Sie Ihren Arbeitsplatz mit unseren <a href=\"https:\/\/nhkmachineryparts.com\/de\/product-line\/stainless-steel-solid-base-feet\/\" data-internallinksmanager029f6b8e52c=\"17\" title=\"Maschinenstellf\u00fc\u00dfe mit massiver Grundplatte\">hygienische Nivellierf\u00fc\u00dfe<\/a> mit versiegelter, gesch\u00fctzter Spindel, um eine perfekte Mischung aus Innovation, Haltbarkeit und Zuverl\u00e4ssigkeit zu erleben.<\/p>\n<h3 data-start=\"2109\" data-end=\"2443\">Revolutionieren Sie die Haltbarkeit Ihrer Sanit\u00e4rausstattung<\/h3>\n<p data-start=\"2109\" data-end=\"2443\" data-is-last-node=\"\" data-is-only-node=\"\">Durch die Wahl unserer <a href=\"https:\/\/nhkmachineryparts.com\/de\/product-line\/stainless-steel-solid-base-feet\/\" data-internallinksmanager029f6b8e52c=\"17\" title=\"Maschinenstellf\u00fc\u00dfe mit massiver Grundplatte\">hygienische Nivellierf\u00fc\u00dfe<\/a> Mit der versiegelten, gesch\u00fctzten Spindel investieren Sie in Qualit\u00e4t und Innovation, die den Anforderungen moderner Arbeitspl\u00e4tze gerecht wird. Profitieren Sie von verbesserter Effizienz, Sicherheit und Langlebigkeit unter Einhaltung strenger Hygienestandards. Damit ist unser Produkt die bevorzugte L\u00f6sung f\u00fcr Profis, die zuverl\u00e4ssige Leistung suchen.<\/p>\n\n\t\t<\/div>\n\t<\/div>\n<\/div><\/div><\/div><\/div><\/div><\/section>","protected":false},"excerpt":{"rendered":"Optimize Safety and Durability with Next-Generation Hygienic Levelling Feet Levelling feet in sealed hygienic design with rubber base for vibration reduction and anti-slip properties Our sealed hygienic levelling feet are provided with FDA certificate (FDA CFR 21 177 2600) with unique batch ID number for food safety traceability Try our product selector Levelling feet in [...]","protected":false},"featured_media":8509,"template":"","meta":[],"product_brand":[],"product_cat":[98],"product_tag":[],"class_list":{"0":"post-2917","1":"product","2":"type-product","3":"status-publish","4":"has-post-thumbnail","6":"product_cat-ehedg-certified-3a-ssi-standard-components","8":"first","9":"instock","10":"shipping-taxable","11":"product-type-simple"},"yoast_head":"<!-- This site is optimized with the Yoast SEO plugin v27.3 - https:\/\/yoast.com\/product\/yoast-seo-wordpress\/ -->\n<title>3-A authorized levelling feet | NHK Machinery Parts<\/title>\n<meta name=\"description\" content=\"Levelling feet in hygienic design with sealed protected spindle. Transform your production. Special engineered for durability in demanding environments.\" \/>\n<meta name=\"robots\" content=\"index, follow, max-snippet:-1, max-image-preview:large, max-video-preview:-1\" \/>\n<link rel=\"canonical\" href=\"https:\/\/nhkmachineryparts.com\/de\/produkt\/nivellierfuse-im-extra-hygienischen-design-boden-mit-spindel-mit-schutzhulse\/\" \/>\n<meta property=\"og:locale\" content=\"de_DE\" \/>\n<meta property=\"og:type\" content=\"article\" \/>\n<meta property=\"og:title\" content=\"3-A authorized levelling feet | NHK Machinery Parts\" \/>\n<meta property=\"og:description\" content=\"Levelling feet in hygienic design with sealed protected spindle. Transform your production. Special engineered for durability in demanding environments.\" \/>\n<meta property=\"og:url\" content=\"https:\/\/nhkmachineryparts.com\/de\/produkt\/nivellierfuse-im-extra-hygienischen-design-boden-mit-spindel-mit-schutzhulse\/\" \/>\n<meta property=\"og:site_name\" content=\"NHK Machinery Parts\" \/>\n<meta property=\"article:publisher\" content=\"https:\/\/www.facebook.com\/NHK.Group.aps\" \/>\n<meta property=\"article:modified_time\" content=\"2026-02-27T14:04:11+00:00\" \/>\n<meta property=\"og:image\" content=\"https:\/\/nhkmachineryparts.com\/wp-content\/uploads\/2023\/01\/Levelling-feet-in-sealed-hygienic-design-SHLF-with-spindle-with-protecting-sleeve.jpg\" \/>\n\t<meta property=\"og:image:width\" content=\"1000\" \/>\n\t<meta property=\"og:image:height\" content=\"1000\" \/>\n\t<meta property=\"og:image:type\" content=\"image\/jpeg\" \/>\n<meta name=\"twitter:card\" content=\"summary_large_image\" \/>\n<meta name=\"twitter:label1\" content=\"Gesch\u00e4tzte Lesezeit\" \/>\n\t<meta name=\"twitter:data1\" content=\"4\u00a0Minuten\" \/>\n<script type=\"application\/ld+json\" class=\"yoast-schema-graph\">{\"@context\":\"https:\\\/\\\/schema.org\",\"@graph\":[{\"@type\":\"WebPage\",\"@id\":\"https:\\\/\\\/nhkmachineryparts.com\\\/product\\\/levelling-feet-in-extra-hygienic-design-shlf-with-spindle-with-protecting-sleeve\\\/\",\"url\":\"https:\\\/\\\/nhkmachineryparts.com\\\/product\\\/levelling-feet-in-extra-hygienic-design-shlf-with-spindle-with-protecting-sleeve\\\/\",\"name\":\"3-A authorized levelling feet | NHK Machinery Parts\",\"isPartOf\":{\"@id\":\"https:\\\/\\\/nhkmachineryparts.com\\\/#website\"},\"primaryImageOfPage\":{\"@id\":\"https:\\\/\\\/nhkmachineryparts.com\\\/product\\\/levelling-feet-in-extra-hygienic-design-shlf-with-spindle-with-protecting-sleeve\\\/#primaryimage\"},\"image\":{\"@id\":\"https:\\\/\\\/nhkmachineryparts.com\\\/product\\\/levelling-feet-in-extra-hygienic-design-shlf-with-spindle-with-protecting-sleeve\\\/#primaryimage\"},\"thumbnailUrl\":\"https:\\\/\\\/nhkmachineryparts.com\\\/wp-content\\\/uploads\\\/2023\\\/01\\\/Levelling-feet-in-sealed-hygienic-design-SHLF-with-spindle-with-protecting-sleeve.jpg\",\"datePublished\":\"2023-01-07T20:44:11+00:00\",\"dateModified\":\"2026-02-27T14:04:11+00:00\",\"description\":\"Levelling feet in hygienic design with sealed protected spindle. Transform your production. Special engineered for durability in demanding environments.\",\"breadcrumb\":{\"@id\":\"https:\\\/\\\/nhkmachineryparts.com\\\/product\\\/levelling-feet-in-extra-hygienic-design-shlf-with-spindle-with-protecting-sleeve\\\/#breadcrumb\"},\"inLanguage\":\"de\",\"potentialAction\":[{\"@type\":\"ReadAction\",\"target\":[\"https:\\\/\\\/nhkmachineryparts.com\\\/product\\\/levelling-feet-in-extra-hygienic-design-shlf-with-spindle-with-protecting-sleeve\\\/\"]}]},{\"@type\":\"ImageObject\",\"inLanguage\":\"de\",\"@id\":\"https:\\\/\\\/nhkmachineryparts.com\\\/product\\\/levelling-feet-in-extra-hygienic-design-shlf-with-spindle-with-protecting-sleeve\\\/#primaryimage\",\"url\":\"https:\\\/\\\/nhkmachineryparts.com\\\/wp-content\\\/uploads\\\/2023\\\/01\\\/Levelling-feet-in-sealed-hygienic-design-SHLF-with-spindle-with-protecting-sleeve.jpg\",\"contentUrl\":\"https:\\\/\\\/nhkmachineryparts.com\\\/wp-content\\\/uploads\\\/2023\\\/01\\\/Levelling-feet-in-sealed-hygienic-design-SHLF-with-spindle-with-protecting-sleeve.jpg\",\"width\":1000,\"height\":1000,\"caption\":\"Levelling feet in sealed hygienic design SHLF with spindle with protecting sleeve\"},{\"@type\":\"BreadcrumbList\",\"@id\":\"https:\\\/\\\/nhkmachineryparts.com\\\/product\\\/levelling-feet-in-extra-hygienic-design-shlf-with-spindle-with-protecting-sleeve\\\/#breadcrumb\",\"itemListElement\":[{\"@type\":\"ListItem\",\"position\":1,\"name\":\"Home\",\"item\":\"https:\\\/\\\/nhkmachineryparts.com\\\/\"},{\"@type\":\"ListItem\",\"position\":2,\"name\":\"Product line\",\"item\":\"https:\\\/\\\/nhkmachineryparts.com\\\/product-line\\\/\"},{\"@type\":\"ListItem\",\"position\":3,\"name\":\"Certified EHEDG standard components\",\"item\":\"https:\\\/\\\/nhkmachineryparts.com\\\/product-line\\\/ehedg-certified-3a-ssi-standard-components\\\/\"},{\"@type\":\"ListItem\",\"position\":4,\"name\":\"3-A authorized levelling feet\"}]},{\"@type\":\"WebSite\",\"@id\":\"https:\\\/\\\/nhkmachineryparts.com\\\/#website\",\"url\":\"https:\\\/\\\/nhkmachineryparts.com\\\/\",\"name\":\"NHK Machinery Parts\",\"description\":\"Bearing Houses, seismic levelling feet and levelling castors\",\"publisher\":{\"@id\":\"https:\\\/\\\/nhkmachineryparts.com\\\/#organization\"},\"potentialAction\":[{\"@type\":\"SearchAction\",\"target\":{\"@type\":\"EntryPoint\",\"urlTemplate\":\"https:\\\/\\\/nhkmachineryparts.com\\\/?s={search_term_string}\"},\"query-input\":{\"@type\":\"PropertyValueSpecification\",\"valueRequired\":true,\"valueName\":\"search_term_string\"}}],\"inLanguage\":\"de\"},{\"@type\":\"Organization\",\"@id\":\"https:\\\/\\\/nhkmachineryparts.com\\\/#organization\",\"name\":\"Nhk Group ApS\",\"url\":\"https:\\\/\\\/nhkmachineryparts.com\\\/\",\"logo\":{\"@type\":\"ImageObject\",\"inLanguage\":\"de\",\"@id\":\"https:\\\/\\\/nhkmachineryparts.com\\\/#\\\/schema\\\/logo\\\/image\\\/\",\"url\":\"https:\\\/\\\/nhkmachineryparts.com\\\/wp-content\\\/uploads\\\/2022\\\/09\\\/NHKgroup_social.jpg\",\"contentUrl\":\"https:\\\/\\\/nhkmachineryparts.com\\\/wp-content\\\/uploads\\\/2022\\\/09\\\/NHKgroup_social.jpg\",\"width\":1200,\"height\":630,\"caption\":\"Nhk Group ApS\"},\"image\":{\"@id\":\"https:\\\/\\\/nhkmachineryparts.com\\\/#\\\/schema\\\/logo\\\/image\\\/\"},\"sameAs\":[\"https:\\\/\\\/www.facebook.com\\\/NHK.Group.aps\"]}]}<\/script>\n<!-- \/ Yoast SEO plugin. -->","yoast_head_json":{"title":"3-A authorized levelling feet | NHK Machinery Parts","description":"Nivellierf\u00fc\u00dfe im Hygienedesign mit abgedichteter, gesch\u00fctzter Spindel. Transformieren Sie Ihre Produktion. Speziell konstruiert f\u00fcr Langlebigkeit in anspruchsvollen Umgebungen.","robots":{"index":"index","follow":"follow","max-snippet":"max-snippet:-1","max-image-preview":"max-image-preview:large","max-video-preview":"max-video-preview:-1"},"canonical":"https:\/\/nhkmachineryparts.com\/de\/produkt\/nivellierfuse-im-extra-hygienischen-design-boden-mit-spindel-mit-schutzhulse\/","og_locale":"de_DE","og_type":"article","og_title":"3-A authorized levelling feet | NHK Machinery Parts","og_description":"Levelling feet in hygienic design with sealed protected spindle. Transform your production. Special engineered for durability in demanding environments.","og_url":"https:\/\/nhkmachineryparts.com\/de\/produkt\/nivellierfuse-im-extra-hygienischen-design-boden-mit-spindel-mit-schutzhulse\/","og_site_name":"NHK Machinery Parts","article_publisher":"https:\/\/www.facebook.com\/NHK.Group.aps","article_modified_time":"2026-02-27T14:04:11+00:00","og_image":[{"width":1000,"height":1000,"url":"https:\/\/nhkmachineryparts.com\/wp-content\/uploads\/2023\/01\/Levelling-feet-in-sealed-hygienic-design-SHLF-with-spindle-with-protecting-sleeve.jpg","type":"image\/jpeg"}],"twitter_card":"summary_large_image","twitter_misc":{"Gesch\u00e4tzte Lesezeit":"4\u00a0Minuten"},"schema":{"@context":"https:\/\/schema.org","@graph":[{"@type":"WebPage","@id":"https:\/\/nhkmachineryparts.com\/product\/levelling-feet-in-extra-hygienic-design-shlf-with-spindle-with-protecting-sleeve\/","url":"https:\/\/nhkmachineryparts.com\/product\/levelling-feet-in-extra-hygienic-design-shlf-with-spindle-with-protecting-sleeve\/","name":"3-A authorized levelling feet | NHK Machinery Parts","isPartOf":{"@id":"https:\/\/nhkmachineryparts.com\/#website"},"primaryImageOfPage":{"@id":"https:\/\/nhkmachineryparts.com\/product\/levelling-feet-in-extra-hygienic-design-shlf-with-spindle-with-protecting-sleeve\/#primaryimage"},"image":{"@id":"https:\/\/nhkmachineryparts.com\/product\/levelling-feet-in-extra-hygienic-design-shlf-with-spindle-with-protecting-sleeve\/#primaryimage"},"thumbnailUrl":"https:\/\/nhkmachineryparts.com\/wp-content\/uploads\/2023\/01\/Levelling-feet-in-sealed-hygienic-design-SHLF-with-spindle-with-protecting-sleeve.jpg","datePublished":"2023-01-07T20:44:11+00:00","dateModified":"2026-02-27T14:04:11+00:00","description":"Nivellierf\u00fc\u00dfe im Hygienedesign mit abgedichteter, gesch\u00fctzter Spindel. Transformieren Sie Ihre Produktion. Speziell konstruiert f\u00fcr Langlebigkeit in anspruchsvollen Umgebungen.","breadcrumb":{"@id":"https:\/\/nhkmachineryparts.com\/product\/levelling-feet-in-extra-hygienic-design-shlf-with-spindle-with-protecting-sleeve\/#breadcrumb"},"inLanguage":"de","potentialAction":[{"@type":"ReadAction","target":["https:\/\/nhkmachineryparts.com\/product\/levelling-feet-in-extra-hygienic-design-shlf-with-spindle-with-protecting-sleeve\/"]}]},{"@type":"ImageObject","inLanguage":"de","@id":"https:\/\/nhkmachineryparts.com\/product\/levelling-feet-in-extra-hygienic-design-shlf-with-spindle-with-protecting-sleeve\/#primaryimage","url":"https:\/\/nhkmachineryparts.com\/wp-content\/uploads\/2023\/01\/Levelling-feet-in-sealed-hygienic-design-SHLF-with-spindle-with-protecting-sleeve.jpg","contentUrl":"https:\/\/nhkmachineryparts.com\/wp-content\/uploads\/2023\/01\/Levelling-feet-in-sealed-hygienic-design-SHLF-with-spindle-with-protecting-sleeve.jpg","width":1000,"height":1000,"caption":"Levelling feet in sealed hygienic design SHLF with spindle with protecting sleeve"},{"@type":"BreadcrumbList","@id":"https:\/\/nhkmachineryparts.com\/product\/levelling-feet-in-extra-hygienic-design-shlf-with-spindle-with-protecting-sleeve\/#breadcrumb","itemListElement":[{"@type":"ListItem","position":1,"name":"Home","item":"https:\/\/nhkmachineryparts.com\/"},{"@type":"ListItem","position":2,"name":"Product line","item":"https:\/\/nhkmachineryparts.com\/product-line\/"},{"@type":"ListItem","position":3,"name":"Certified EHEDG standard components","item":"https:\/\/nhkmachineryparts.com\/product-line\/ehedg-certified-3a-ssi-standard-components\/"},{"@type":"ListItem","position":4,"name":"3-A authorized levelling feet"}]},{"@type":"WebSite","@id":"https:\/\/nhkmachineryparts.com\/#website","url":"https:\/\/nhkmachineryparts.com\/","name":"NHK-Maschinenteile","description":"Lagergeh\u00e4use, seismische Nivellierf\u00fc\u00dfe und Nivellierrollen","publisher":{"@id":"https:\/\/nhkmachineryparts.com\/#organization"},"potentialAction":[{"@type":"SearchAction","target":{"@type":"EntryPoint","urlTemplate":"https:\/\/nhkmachineryparts.com\/?s={search_term_string}"},"query-input":{"@type":"PropertyValueSpecification","valueRequired":true,"valueName":"search_term_string"}}],"inLanguage":"de"},{"@type":"Organization","@id":"https:\/\/nhkmachineryparts.com\/#organization","name":"Nhk Group ApS","url":"https:\/\/nhkmachineryparts.com\/","logo":{"@type":"ImageObject","inLanguage":"de","@id":"https:\/\/nhkmachineryparts.com\/#\/schema\/logo\/image\/","url":"https:\/\/nhkmachineryparts.com\/wp-content\/uploads\/2022\/09\/NHKgroup_social.jpg","contentUrl":"https:\/\/nhkmachineryparts.com\/wp-content\/uploads\/2022\/09\/NHKgroup_social.jpg","width":1200,"height":630,"caption":"Nhk Group ApS"},"image":{"@id":"https:\/\/nhkmachineryparts.com\/#\/schema\/logo\/image\/"},"sameAs":["https:\/\/www.facebook.com\/NHK.Group.aps"]}]}},"_links":{"self":[{"href":"https:\/\/nhkmachineryparts.com\/de\/wp-json\/wp\/v2\/product\/2917","targetHints":{"allow":["GET"]}}],"collection":[{"href":"https:\/\/nhkmachineryparts.com\/de\/wp-json\/wp\/v2\/product"}],"about":[{"href":"https:\/\/nhkmachineryparts.com\/de\/wp-json\/wp\/v2\/types\/product"}],"wp:featuredmedia":[{"embeddable":true,"href":"https:\/\/nhkmachineryparts.com\/de\/wp-json\/wp\/v2\/media\/8509"}],"wp:attachment":[{"href":"https:\/\/nhkmachineryparts.com\/de\/wp-json\/wp\/v2\/media?parent=2917"}],"wp:term":[{"taxonomy":"product_brand","embeddable":true,"href":"https:\/\/nhkmachineryparts.com\/de\/wp-json\/wp\/v2\/product_brand?post=2917"},{"taxonomy":"product_cat","embeddable":true,"href":"https:\/\/nhkmachineryparts.com\/de\/wp-json\/wp\/v2\/product_cat?post=2917"},{"taxonomy":"product_tag","embeddable":true,"href":"https:\/\/nhkmachineryparts.com\/de\/wp-json\/wp\/v2\/product_tag?post=2917"}],"curies":[{"name":"wp","href":"https:\/\/api.w.org\/{rel}","templated":true}]}}