{"id":2911,"date":"2023-01-07T20:34:29","date_gmt":"2023-01-07T20:34:29","guid":{"rendered":"https:\/\/nhkmachineryparts.com\/?post_type=product&#038;p=2911"},"modified":"2026-02-23T14:42:24","modified_gmt":"2026-02-23T12:42:24","slug":"nivellierfuse-im-extra-hygienischen-design-ehlf-mit-spindel-mit-schutzhulse","status":"publish","type":"product","link":"https:\/\/nhkmachineryparts.com\/de\/product\/levelling-feet-in-extra-hygienic-design-ehlf-with-spindle-with-protecting-sleeve\/","title":{"rendered":"Hygienische Maschinenf\u00fc\u00dfe mit gesch\u00fctzter Spindel"},"content":{"rendered":"<section class=\"vc_row vc_custom_1662993827263 liquid-row-shadowbox-69d4279fa0894 vc_column-gap-0\"><div class=\"ld-container container\"><div class=\"row ld-row ld-row-outer\"><div class=\"wpb_column vc_column_container vc_col-sm-12 liquid-column-69d4279fa0afb\"><div class=\"vc_column-inner\" ><div class=\"wpb_wrapper\"  >\n\t<div class=\"wpb_text_column wpb_content_element\" >\n\t\t<div class=\"wpb_wrapper\">\n\t\t\t<h2>Sicherstellung von Sauberkeit und Stabilit\u00e4t<\/h2>\n<p><a href=\"https:\/\/nhkmachineryparts.com\/de\/product-line\/stainless-steel-solid-base-feet\/\" data-internallinksmanager029f6b8e52c=\"7\" title=\"Maschinenstellf\u00fc\u00dfe mit massiver Grundplatte\">Stellf\u00fc\u00dfe<\/a> im Hygienedesign mit Gummiboden zur Vibrationsreduzierung und Rutschfestigkeit<br \/>\nUnser <a href=\"https:\/\/nhkmachineryparts.com\/de\/product-line\/stainless-steel-solid-base-feet\/\" data-internallinksmanager029f6b8e52c=\"17\" title=\"Maschinenstellf\u00fc\u00dfe mit massiver Grundplatte\">hygienische Nivellierf\u00fc\u00dfe<\/a> sind mit einem FDA-Zertifikat (FDA CFR 21 177 2600) mit eindeutiger Chargen-ID-Nummer zur R\u00fcckverfolgbarkeit der Lebensmittelsicherheit ausgestattet<\/p>\n<p><a href=\"https:\/\/nhkmachineryparts.com\/de\/geschaft\/produktlinie\/machine-levelling-feet-in-a-hygienic-design\/hygienische-stellfuse-mit-geschutzter-spindel\/\">Probieren Sie unseren Produktselektor<\/a><\/p>\n<h3>Nivellierf\u00fc\u00dfe im Hygienic Design \u2013 Merkmale und Vorteile<\/h3>\n<p><a href=\"https:\/\/nhkmachineryparts.com\/de\/product-line\/stainless-steel-solid-base-feet\/\" data-internallinksmanager029f6b8e52c=\"17\" title=\"Maschinenstellf\u00fc\u00dfe mit massiver Grundplatte\">Hygienische Nivellierf\u00fc\u00dfe<\/a> haben ein abgerundetes, hygienisches Design, das die Reinigung erleichtert.<br \/>\n<a href=\"https:\/\/nhkmachineryparts.com\/de\/product-line\/stainless-steel-solid-base-feet\/\" data-internallinksmanager029f6b8e52c=\"17\" title=\"Maschinenstellf\u00fc\u00dfe mit massiver Grundplatte\">Hygienische Nivellierf\u00fc\u00dfe<\/a> bew\u00e4ltigt Neigungen von B\u00f6den und Ger\u00e4ten bis zu 10 Grad.<\/p>\n<h3>Nivellierf\u00fc\u00dfe aus Hygienic-Design-Materialien<\/h3>\n<p><a href=\"https:\/\/nhkmachineryparts.com\/de\/product-line\/stainless-steel-solid-base-feet\/\" data-internallinksmanager029f6b8e52c=\"17\" title=\"Maschinenstellf\u00fc\u00dfe mit massiver Grundplatte\">Hygienische Nivellierf\u00fc\u00dfe<\/a> vulkanisiertes Gummiteil mit FDA-Zertifikat gem\u00e4\u00df FDA CFR 21 177 2600.<\/p>\n<p>Beschreibung des Grundplattenmaterials:<br \/>\nEdelstahl Aisi 304 oder Aisi 316<\/p>\n<p>Beschreibung des Spindelmaterials:<br \/>\nEdelstahl A2-70 oder A4-70<\/p>\n<p>Beschreibung des Gummibasismaterials:<br \/>\nNBR-Gummi (Nitrilkautschuk CAS-Nr. 9005-98-5)<br \/>\nFDA-Zertifikat gem\u00e4\u00df FDA CFR 21 177 2600<\/p>\n<p>Alle Materialien weisen eine hohe Best\u00e4ndigkeit gegen\u00fcber Chemikalien und g\u00e4ngigen Reinigungsmitteln sowie gegen\u00fcber best\u00e4ndigen \u00d6len und Fetten auf.<\/p>\n<h3>Nivellierf\u00fc\u00dfe in Hygienedesign-Gr\u00f6\u00dfen<\/h3>\n<p><a href=\"https:\/\/nhkmachineryparts.com\/de\/product-line\/stainless-steel-solid-base-feet\/\" data-internallinksmanager029f6b8e52c=\"17\" title=\"Maschinenstellf\u00fc\u00dfe mit massiver Grundplatte\">Hygienische Nivellierf\u00fc\u00dfe<\/a> Basis sind in einer gro\u00dfen Auswahl erh\u00e4ltlich und bieten optimale Flexibilit\u00e4t und Auswahl.<\/p>\n<div class=\"dcf-overflow-x-auto\" tabindex=\"0\">\n<table class=\"dcf-table dcf-table-bordered dcf-w-100%\">\n<thead>\n<tr>\n<th scope=\"col\">Basisgr\u00f6\u00dfe<\/th>\n<th scope=\"col\">Basisdurchmesser D<\/th>\n<th scope=\"col\">Durchmesser D Nom. Belastung<\/th>\n<\/tr>\n<\/thead>\n<tbody>\n<tr>\n<td data-label=\"EHMF Base Size \">HLF 50<\/td>\n<td data-label=\"Base Diameter D\">50 mm<\/td>\n<td data-label=\"Diameter D Nom. Load \">5.000 N<\/td>\n<\/tr>\n<tr>\n<td data-label=\"EHMF Base Size \">HLF 60<\/td>\n<td data-label=\"Base Diameter D\">60 mm<\/td>\n<td data-label=\"Diameter D Nom. Load \">7.000 N<\/td>\n<\/tr>\n<tr>\n<td data-label=\"EHMF Base Size \">HLF 80<\/td>\n<td data-label=\"Base Diameter D\">80 mm<\/td>\n<td data-label=\"Diameter D Nom. Load \">15.000 N<\/td>\n<\/tr>\n<tr>\n<td data-label=\"EHMF Base Size \">HLF 100<\/td>\n<td data-label=\"Base Diameter D\">100 mm<\/td>\n<td data-label=\"Diameter D Nom. Load \">20.000 N<\/td>\n<\/tr>\n<tr>\n<td data-label=\"EHMF Base Size \">HLF 120<\/td>\n<td data-label=\"Base Diameter D\">120 mm<\/td>\n<td data-label=\"Diameter D Nom. Load \">30.000 N<\/td>\n<\/tr>\n<tr>\n<td data-label=\"EHMF Base Size \">HLF 140<\/td>\n<td data-label=\"Base Diameter D\">140 mm<\/td>\n<td data-label=\"Diameter D Nom. Load \">40.000 N<\/td>\n<\/tr>\n<\/tbody>\n<\/table>\n<\/div>\n<p><a href=\"https:\/\/nhkmachineryparts.com\/de\/product-line\/stainless-steel-solid-base-feet\/\" data-internallinksmanager029f6b8e52c=\"17\" title=\"Maschinenstellf\u00fc\u00dfe mit massiver Grundplatte\">Hygienische Nivellierf\u00fc\u00dfe<\/a> Spindel mit Schutzh\u00fclse sind in einer gro\u00dfen Auswahl erh\u00e4ltlich und bieten optimale Flexibilit\u00e4t und Auswahl.<\/p>\n<div class=\"dcf-overflow-x-auto\" tabindex=\"0\">\n<table class=\"dcf-table dcf-table-bordered dcf-w-100%\">\n<caption>EHLF Spindel- und H\u00fclsendurchmesser<\/caption>\n<tbody>\n<tr>\n<td>M16<\/td>\n<td>M20<\/td>\n<td>M24<\/td>\n<td>M30<\/td>\n<td>M36<\/td>\n<td>M42<\/td>\n<td>M48<\/td>\n<\/tr>\n<\/tbody>\n<\/table>\n<\/div>\n<div class=\"dcf-overflow-x-auto\" tabindex=\"0\">\n<table class=\"dcf-table dcf-table-bordered dcf-w-100%\">\n<caption>EHLF Spindell\u00e4nge (L) und H\u00fclsenl\u00e4nge (H)<\/caption>\n<tbody>\n<tr>\n<td>L=135 mm H=55 mm<\/td>\n<td>Min. 80 mm bis max. 120 mm<\/td>\n<\/tr>\n<tr>\n<td>L=175 mm H=75 mm<\/td>\n<td>Min. 100 mm bis max. 160 mm<\/td>\n<\/tr>\n<tr>\n<td>L=215 mm H=95 mm<\/td>\n<td>Min. 120 mm bis max. 200 mm<\/td>\n<\/tr>\n<tr>\n<td>L=255 mm H=115 mm<\/td>\n<td>Min. 140 mm bis max. 240 mm<\/td>\n<\/tr>\n<tr>\n<td>L=295 mm H=125 mm<\/td>\n<td>Min. 180 mm bis max. 280 mm<\/td>\n<\/tr>\n<\/tbody>\n<\/table>\n<\/div>\n<p>F\u00fcr andere Gewindespindell\u00e4ngen (L) kontaktieren Sie uns bitte<br \/>\nGewinde in Zoll sind auf Anfrage erh\u00e4ltlich<br \/>\nDas Gewinde kann auch nach spezifischen Anforderungen angepasst werden, z. B. Trapezgewinde usw.<\/p>\n<h3>Nivellierf\u00fc\u00dfe im Hygienic Design lieferbar<\/h3>\n<p>Bei gr\u00f6\u00dferen Bestellungen bieten wir an, die Basis und die Spindeln separat zu liefern<br \/>\nDer Vorteil liegt in der Flexibilit\u00e4t f\u00fcr den Kunden, der viele verschiedene Spindelgr\u00f6\u00dfen verwendet.<\/p>\n<h2 data-start=\"0\" data-end=\"86\">Hygienische Maschinenf\u00fc\u00dfe mit gesch\u00fctzter Spindel<\/h2>\n<h3 data-start=\"88\" data-end=\"148\">Verbesserte Hygiene f\u00fcr die Lebensmittel- und Pharmaindustrie<\/h3>\n<p data-start=\"150\" data-end=\"585\"><a href=\"https:\/\/nhkmachineryparts.com\/de\/product-line\/stainless-steel-solid-base-feet\/\" data-internallinksmanager029f6b8e52c=\"17\" title=\"Maschinenstellf\u00fc\u00dfe mit massiver Grundplatte\">Hygienische Nivellierf\u00fc\u00dfe<\/a> mit gesch\u00fctzten Spindeln sind wesentliche Komponenten in <a href=\"https:\/\/nhkmachineryparts.com\/de\/our-industries\/\" data-internallinksmanager029f6b8e52c=\"4\" title=\"Unsere Branchen\">Branchen<\/a> wo Sauberkeit und Sicherheit an erster Stelle stehen. Diese Komponenten sind so konzipiert, dass sie Kontaminationen verhindern, und werden h\u00e4ufig in der Lebensmittelverarbeitung, der Arzneimittelproduktion und in Biotechnologieanlagen eingesetzt. Ihre Edelstahlkonstruktion und das gesch\u00fctzte Spindeldesign sorgen daf\u00fcr, dass sich kein Schmutz, keine Feuchtigkeit oder Bakterien ansammeln k\u00f6nnen, wodurch strenge Hygienestandards eingehalten werden.<\/p>\n<h3 data-start=\"587\" data-end=\"634\">Robustes Design f\u00fcr lang anhaltende Leistung<\/h3>\n<p data-start=\"636\" data-end=\"1091\">Die robuste Konstruktion <a href=\"https:\/\/nhkmachineryparts.com\/de\/product-line\/stainless-steel-solid-base-feet\/\" data-internallinksmanager029f6b8e52c=\"17\" title=\"Maschinenstellf\u00fc\u00dfe mit massiver Grundplatte\">hygienische Nivellierf\u00fc\u00dfe<\/a> sorgt f\u00fcr dauerhafte Leistung auch in anspruchsvollen Umgebungen. Die gesch\u00fctzte Spindel ist in einer Schutzabdeckung eingeschlossen und sch\u00fctzt so vor \u00e4u\u00dferen Einfl\u00fcssen. Dieses Design minimiert Verschlei\u00df, reduziert den Wartungsaufwand und verl\u00e4ngert die Lebensdauer der Ger\u00e4te. Dar\u00fcber hinaus bieten Edelstahlmaterialien Korrosionsbest\u00e4ndigkeit, wodurch diese Komponenten ideal f\u00fcr nasse und raue Umgebungen geeignet sind.<\/p>\n<h3 data-start=\"1093\" data-end=\"1132\">Einhaltung von Industriestandards<\/h3>\n<p data-start=\"1134\" data-end=\"1512\"><a href=\"https:\/\/nhkmachineryparts.com\/de\/product-line\/stainless-steel-solid-base-feet\/\" data-internallinksmanager029f6b8e52c=\"17\" title=\"Maschinenstellf\u00fc\u00dfe mit massiver Grundplatte\">Hygienische Nivellierf\u00fc\u00dfe<\/a> mit gesch\u00fctzten Spindeln entsprechen den internationalen Hygienestandards, einschlie\u00dflich <a href=\"https:\/\/nhkmachineryparts.com\/de\/was-ist-der-unterschied-zwischen-3a-und-ehedg\/\" data-internallinksmanager029f6b8e52c=\"2\" title=\"EHEDG-zertifizierte Maschinenteile\">EHEDG<\/a> und 3A-Zertifizierungen. Ihre glatten Oberfl\u00e4chen und minimalen Spalten erm\u00f6glichen eine einfache Reinigung und gew\u00e4hrleisten die Einhaltung der Hygienevorschriften. Dieses Ma\u00df an Sauberkeit ist in Branchen von entscheidender Bedeutung, in denen Verunreinigungen die Produktsicherheit und -qualit\u00e4t beeintr\u00e4chtigen k\u00f6nnen.<\/p>\n<h3 data-start=\"1514\" data-end=\"1567\">Vielseitige Anwendungen in verschiedenen Branchen<\/h3>\n<p data-start=\"1569\" data-end=\"1909\">Diese Nivellierf\u00fc\u00dfe werden h\u00e4ufig in F\u00f6rdersystemen, Verpackungsmaschinen und Lebensmittelverarbeitungsanlagen verwendet. Ihr einstellbares Design erm\u00f6glicht eine pr\u00e4zise Ausrichtung und Stabilit\u00e4t und gew\u00e4hrleistet so eine optimale Maschinenleistung. Indem sie Vibrationen verhindern und das Gleichgewicht der Ger\u00e4te aufrechterhalten, tragen sie zur Verbesserung der Produktionseffizienz und Produktkonsistenz bei.<\/p>\n<h3 data-start=\"1911\" data-end=\"2134\"><strong data-start=\"1911\" data-end=\"1932\">Verbesserung von Hygiene und Stabilit\u00e4t<\/strong><\/h3>\n<p data-start=\"1911\" data-end=\"2134\" data-is-last-node=\"\" data-is-only-node=\"\">Entdecken Sie die Vorteile von <a href=\"https:\/\/nhkmachineryparts.com\/de\/product-line\/stainless-steel-solid-base-feet\/\" data-internallinksmanager029f6b8e52c=\"17\" title=\"Maschinenstellf\u00fc\u00dfe mit massiver Grundplatte\">hygienische Nivellierf\u00fc\u00dfe<\/a> mit gesch\u00fctzten Spindeln. Gew\u00e4hrleisten Sie Sauberkeit, Stabilit\u00e4t und Einhaltung der Industriestandards in der Lebensmittelverarbeitung, Pharmazie und Biotechnologie.<\/p>\n\n\t\t<\/div>\n\t<\/div>\n<\/div><\/div><\/div><\/div><\/div><\/section>","protected":false},"excerpt":{"rendered":"Ensuring Cleanliness and Stability Levelling feet in hygienic design with rubber base for vibration reduction and anti-slip properties Our hygienic levelling feet are provided with FDA certificate (FDA CFR 21 177 2600) with unique batch ID number for food safety traceability Try our product selector Levelling feet in hygienic design features and advantages Hygienic levelling [...]","protected":false},"featured_media":8504,"template":"","meta":[],"product_brand":[],"product_cat":[18],"product_tag":[],"class_list":{"0":"post-2911","1":"product","2":"type-product","3":"status-publish","4":"has-post-thumbnail","6":"product_cat-stainless-steel-machine-levelling-feet","8":"first","9":"instock","10":"shipping-taxable","11":"product-type-simple"},"yoast_head":"<!-- This site is optimized with the Yoast SEO plugin v27.3 - https:\/\/yoast.com\/product\/yoast-seo-wordpress\/ -->\n<title>Hygienic levelling feet with protected spindle | NHK Machinery Parts<\/title>\n<meta name=\"description\" content=\"In environments where contamination risks must be minimized, hygienic levelling feet with protected spindles provide reliable performance.\" \/>\n<meta name=\"robots\" content=\"index, follow, max-snippet:-1, max-image-preview:large, max-video-preview:-1\" \/>\n<link rel=\"canonical\" href=\"https:\/\/nhkmachineryparts.com\/de\/produkt\/nivellierfuse-im-extra-hygienischen-design-ehlf-mit-spindel-mit-schutzhulse\/\" \/>\n<meta property=\"og:locale\" content=\"de_DE\" \/>\n<meta property=\"og:type\" content=\"article\" \/>\n<meta property=\"og:title\" content=\"Hygienic levelling feet with protected spindle | NHK Machinery Parts\" \/>\n<meta property=\"og:description\" content=\"In environments where contamination risks must be minimized, hygienic levelling feet with protected spindles provide reliable performance.\" \/>\n<meta property=\"og:url\" content=\"https:\/\/nhkmachineryparts.com\/de\/produkt\/nivellierfuse-im-extra-hygienischen-design-ehlf-mit-spindel-mit-schutzhulse\/\" \/>\n<meta property=\"og:site_name\" content=\"NHK Machinery Parts\" \/>\n<meta property=\"article:publisher\" content=\"https:\/\/www.facebook.com\/NHK.Group.aps\" \/>\n<meta property=\"article:modified_time\" content=\"2026-02-23T12:42:24+00:00\" \/>\n<meta property=\"og:image\" content=\"https:\/\/nhkmachineryparts.com\/wp-content\/uploads\/2023\/01\/Levelling-feet-in-extra-hygienic-design-EHLF-with-spindle-with-protecting-sleeve.jpg\" \/>\n\t<meta property=\"og:image:width\" content=\"1000\" \/>\n\t<meta property=\"og:image:height\" content=\"1000\" \/>\n\t<meta property=\"og:image:type\" content=\"image\/jpeg\" \/>\n<meta name=\"twitter:card\" content=\"summary_large_image\" \/>\n<meta name=\"twitter:label1\" content=\"Gesch\u00e4tzte Lesezeit\" \/>\n\t<meta name=\"twitter:data1\" content=\"4\u00a0Minuten\" \/>\n<script type=\"application\/ld+json\" class=\"yoast-schema-graph\">{\"@context\":\"https:\\\/\\\/schema.org\",\"@graph\":[{\"@type\":\"WebPage\",\"@id\":\"https:\\\/\\\/nhkmachineryparts.com\\\/product\\\/levelling-feet-in-extra-hygienic-design-ehlf-with-spindle-with-protecting-sleeve\\\/\",\"url\":\"https:\\\/\\\/nhkmachineryparts.com\\\/product\\\/levelling-feet-in-extra-hygienic-design-ehlf-with-spindle-with-protecting-sleeve\\\/\",\"name\":\"Hygienic levelling feet with protected spindle | NHK Machinery Parts\",\"isPartOf\":{\"@id\":\"https:\\\/\\\/nhkmachineryparts.com\\\/#website\"},\"primaryImageOfPage\":{\"@id\":\"https:\\\/\\\/nhkmachineryparts.com\\\/product\\\/levelling-feet-in-extra-hygienic-design-ehlf-with-spindle-with-protecting-sleeve\\\/#primaryimage\"},\"image\":{\"@id\":\"https:\\\/\\\/nhkmachineryparts.com\\\/product\\\/levelling-feet-in-extra-hygienic-design-ehlf-with-spindle-with-protecting-sleeve\\\/#primaryimage\"},\"thumbnailUrl\":\"https:\\\/\\\/nhkmachineryparts.com\\\/wp-content\\\/uploads\\\/2023\\\/01\\\/Levelling-feet-in-extra-hygienic-design-EHLF-with-spindle-with-protecting-sleeve.jpg\",\"datePublished\":\"2023-01-07T20:34:29+00:00\",\"dateModified\":\"2026-02-23T12:42:24+00:00\",\"description\":\"In environments where contamination risks must be minimized, hygienic levelling feet with protected spindles provide reliable performance.\",\"breadcrumb\":{\"@id\":\"https:\\\/\\\/nhkmachineryparts.com\\\/product\\\/levelling-feet-in-extra-hygienic-design-ehlf-with-spindle-with-protecting-sleeve\\\/#breadcrumb\"},\"inLanguage\":\"de\",\"potentialAction\":[{\"@type\":\"ReadAction\",\"target\":[\"https:\\\/\\\/nhkmachineryparts.com\\\/product\\\/levelling-feet-in-extra-hygienic-design-ehlf-with-spindle-with-protecting-sleeve\\\/\"]}]},{\"@type\":\"ImageObject\",\"inLanguage\":\"de\",\"@id\":\"https:\\\/\\\/nhkmachineryparts.com\\\/product\\\/levelling-feet-in-extra-hygienic-design-ehlf-with-spindle-with-protecting-sleeve\\\/#primaryimage\",\"url\":\"https:\\\/\\\/nhkmachineryparts.com\\\/wp-content\\\/uploads\\\/2023\\\/01\\\/Levelling-feet-in-extra-hygienic-design-EHLF-with-spindle-with-protecting-sleeve.jpg\",\"contentUrl\":\"https:\\\/\\\/nhkmachineryparts.com\\\/wp-content\\\/uploads\\\/2023\\\/01\\\/Levelling-feet-in-extra-hygienic-design-EHLF-with-spindle-with-protecting-sleeve.jpg\",\"width\":1000,\"height\":1000,\"caption\":\"Levelling feet in extra hygienic design EHLF with spindle with protecting sleeve\"},{\"@type\":\"BreadcrumbList\",\"@id\":\"https:\\\/\\\/nhkmachineryparts.com\\\/product\\\/levelling-feet-in-extra-hygienic-design-ehlf-with-spindle-with-protecting-sleeve\\\/#breadcrumb\",\"itemListElement\":[{\"@type\":\"ListItem\",\"position\":1,\"name\":\"Home\",\"item\":\"https:\\\/\\\/nhkmachineryparts.com\\\/\"},{\"@type\":\"ListItem\",\"position\":2,\"name\":\"Product line\",\"item\":\"https:\\\/\\\/nhkmachineryparts.com\\\/product-line\\\/\"},{\"@type\":\"ListItem\",\"position\":3,\"name\":\"Industrial machine leveling feet in stainless steel\",\"item\":\"https:\\\/\\\/nhkmachineryparts.com\\\/product-line\\\/stainless-steel-machine-levelling-feet\\\/\"},{\"@type\":\"ListItem\",\"position\":4,\"name\":\"Hygienic levelling feet with protected spindle\"}]},{\"@type\":\"WebSite\",\"@id\":\"https:\\\/\\\/nhkmachineryparts.com\\\/#website\",\"url\":\"https:\\\/\\\/nhkmachineryparts.com\\\/\",\"name\":\"NHK Machinery Parts\",\"description\":\"Bearing Houses, seismic levelling feet and levelling castors\",\"publisher\":{\"@id\":\"https:\\\/\\\/nhkmachineryparts.com\\\/#organization\"},\"potentialAction\":[{\"@type\":\"SearchAction\",\"target\":{\"@type\":\"EntryPoint\",\"urlTemplate\":\"https:\\\/\\\/nhkmachineryparts.com\\\/?s={search_term_string}\"},\"query-input\":{\"@type\":\"PropertyValueSpecification\",\"valueRequired\":true,\"valueName\":\"search_term_string\"}}],\"inLanguage\":\"de\"},{\"@type\":\"Organization\",\"@id\":\"https:\\\/\\\/nhkmachineryparts.com\\\/#organization\",\"name\":\"Nhk Group ApS\",\"url\":\"https:\\\/\\\/nhkmachineryparts.com\\\/\",\"logo\":{\"@type\":\"ImageObject\",\"inLanguage\":\"de\",\"@id\":\"https:\\\/\\\/nhkmachineryparts.com\\\/#\\\/schema\\\/logo\\\/image\\\/\",\"url\":\"https:\\\/\\\/nhkmachineryparts.com\\\/wp-content\\\/uploads\\\/2022\\\/09\\\/NHKgroup_social.jpg\",\"contentUrl\":\"https:\\\/\\\/nhkmachineryparts.com\\\/wp-content\\\/uploads\\\/2022\\\/09\\\/NHKgroup_social.jpg\",\"width\":1200,\"height\":630,\"caption\":\"Nhk Group ApS\"},\"image\":{\"@id\":\"https:\\\/\\\/nhkmachineryparts.com\\\/#\\\/schema\\\/logo\\\/image\\\/\"},\"sameAs\":[\"https:\\\/\\\/www.facebook.com\\\/NHK.Group.aps\"]}]}<\/script>\n<!-- \/ Yoast SEO plugin. -->","yoast_head_json":{"title":"Hygienische Nivellierf\u00fc\u00dfe mit gesch\u00fctzter Spindel | NHK Machinery Parts","description":"In Umgebungen, in denen das Kontaminationsrisiko minimiert werden muss, sorgen hygienische Maschinenf\u00fc\u00dfe mit gesch\u00fctzten Spindeln f\u00fcr zuverl\u00e4ssige Leistung.","robots":{"index":"index","follow":"follow","max-snippet":"max-snippet:-1","max-image-preview":"max-image-preview:large","max-video-preview":"max-video-preview:-1"},"canonical":"https:\/\/nhkmachineryparts.com\/de\/produkt\/nivellierfuse-im-extra-hygienischen-design-ehlf-mit-spindel-mit-schutzhulse\/","og_locale":"de_DE","og_type":"article","og_title":"Hygienic levelling feet with protected spindle | NHK Machinery Parts","og_description":"In environments where contamination risks must be minimized, hygienic levelling feet with protected spindles provide reliable performance.","og_url":"https:\/\/nhkmachineryparts.com\/de\/produkt\/nivellierfuse-im-extra-hygienischen-design-ehlf-mit-spindel-mit-schutzhulse\/","og_site_name":"NHK Machinery Parts","article_publisher":"https:\/\/www.facebook.com\/NHK.Group.aps","article_modified_time":"2026-02-23T12:42:24+00:00","og_image":[{"width":1000,"height":1000,"url":"https:\/\/nhkmachineryparts.com\/wp-content\/uploads\/2023\/01\/Levelling-feet-in-extra-hygienic-design-EHLF-with-spindle-with-protecting-sleeve.jpg","type":"image\/jpeg"}],"twitter_card":"summary_large_image","twitter_misc":{"Gesch\u00e4tzte Lesezeit":"4\u00a0Minuten"},"schema":{"@context":"https:\/\/schema.org","@graph":[{"@type":"WebPage","@id":"https:\/\/nhkmachineryparts.com\/product\/levelling-feet-in-extra-hygienic-design-ehlf-with-spindle-with-protecting-sleeve\/","url":"https:\/\/nhkmachineryparts.com\/product\/levelling-feet-in-extra-hygienic-design-ehlf-with-spindle-with-protecting-sleeve\/","name":"Hygienische Nivellierf\u00fc\u00dfe mit gesch\u00fctzter Spindel | NHK Machinery Parts","isPartOf":{"@id":"https:\/\/nhkmachineryparts.com\/#website"},"primaryImageOfPage":{"@id":"https:\/\/nhkmachineryparts.com\/product\/levelling-feet-in-extra-hygienic-design-ehlf-with-spindle-with-protecting-sleeve\/#primaryimage"},"image":{"@id":"https:\/\/nhkmachineryparts.com\/product\/levelling-feet-in-extra-hygienic-design-ehlf-with-spindle-with-protecting-sleeve\/#primaryimage"},"thumbnailUrl":"https:\/\/nhkmachineryparts.com\/wp-content\/uploads\/2023\/01\/Levelling-feet-in-extra-hygienic-design-EHLF-with-spindle-with-protecting-sleeve.jpg","datePublished":"2023-01-07T20:34:29+00:00","dateModified":"2026-02-23T12:42:24+00:00","description":"In Umgebungen, in denen das Kontaminationsrisiko minimiert werden muss, sorgen hygienische Maschinenf\u00fc\u00dfe mit gesch\u00fctzten Spindeln f\u00fcr zuverl\u00e4ssige Leistung.","breadcrumb":{"@id":"https:\/\/nhkmachineryparts.com\/product\/levelling-feet-in-extra-hygienic-design-ehlf-with-spindle-with-protecting-sleeve\/#breadcrumb"},"inLanguage":"de","potentialAction":[{"@type":"ReadAction","target":["https:\/\/nhkmachineryparts.com\/product\/levelling-feet-in-extra-hygienic-design-ehlf-with-spindle-with-protecting-sleeve\/"]}]},{"@type":"ImageObject","inLanguage":"de","@id":"https:\/\/nhkmachineryparts.com\/product\/levelling-feet-in-extra-hygienic-design-ehlf-with-spindle-with-protecting-sleeve\/#primaryimage","url":"https:\/\/nhkmachineryparts.com\/wp-content\/uploads\/2023\/01\/Levelling-feet-in-extra-hygienic-design-EHLF-with-spindle-with-protecting-sleeve.jpg","contentUrl":"https:\/\/nhkmachineryparts.com\/wp-content\/uploads\/2023\/01\/Levelling-feet-in-extra-hygienic-design-EHLF-with-spindle-with-protecting-sleeve.jpg","width":1000,"height":1000,"caption":"Levelling feet in extra hygienic design EHLF with spindle with protecting sleeve"},{"@type":"BreadcrumbList","@id":"https:\/\/nhkmachineryparts.com\/product\/levelling-feet-in-extra-hygienic-design-ehlf-with-spindle-with-protecting-sleeve\/#breadcrumb","itemListElement":[{"@type":"ListItem","position":1,"name":"Home","item":"https:\/\/nhkmachineryparts.com\/"},{"@type":"ListItem","position":2,"name":"Product line","item":"https:\/\/nhkmachineryparts.com\/product-line\/"},{"@type":"ListItem","position":3,"name":"Industrial machine leveling feet in stainless steel","item":"https:\/\/nhkmachineryparts.com\/product-line\/stainless-steel-machine-levelling-feet\/"},{"@type":"ListItem","position":4,"name":"Hygienic levelling feet with protected spindle"}]},{"@type":"WebSite","@id":"https:\/\/nhkmachineryparts.com\/#website","url":"https:\/\/nhkmachineryparts.com\/","name":"NHK-Maschinenteile","description":"Lagergeh\u00e4use, seismische Nivellierf\u00fc\u00dfe und Nivellierrollen","publisher":{"@id":"https:\/\/nhkmachineryparts.com\/#organization"},"potentialAction":[{"@type":"SearchAction","target":{"@type":"EntryPoint","urlTemplate":"https:\/\/nhkmachineryparts.com\/?s={search_term_string}"},"query-input":{"@type":"PropertyValueSpecification","valueRequired":true,"valueName":"search_term_string"}}],"inLanguage":"de"},{"@type":"Organization","@id":"https:\/\/nhkmachineryparts.com\/#organization","name":"Nhk Group ApS","url":"https:\/\/nhkmachineryparts.com\/","logo":{"@type":"ImageObject","inLanguage":"de","@id":"https:\/\/nhkmachineryparts.com\/#\/schema\/logo\/image\/","url":"https:\/\/nhkmachineryparts.com\/wp-content\/uploads\/2022\/09\/NHKgroup_social.jpg","contentUrl":"https:\/\/nhkmachineryparts.com\/wp-content\/uploads\/2022\/09\/NHKgroup_social.jpg","width":1200,"height":630,"caption":"Nhk Group ApS"},"image":{"@id":"https:\/\/nhkmachineryparts.com\/#\/schema\/logo\/image\/"},"sameAs":["https:\/\/www.facebook.com\/NHK.Group.aps"]}]}},"_links":{"self":[{"href":"https:\/\/nhkmachineryparts.com\/de\/wp-json\/wp\/v2\/product\/2911","targetHints":{"allow":["GET"]}}],"collection":[{"href":"https:\/\/nhkmachineryparts.com\/de\/wp-json\/wp\/v2\/product"}],"about":[{"href":"https:\/\/nhkmachineryparts.com\/de\/wp-json\/wp\/v2\/types\/product"}],"wp:featuredmedia":[{"embeddable":true,"href":"https:\/\/nhkmachineryparts.com\/de\/wp-json\/wp\/v2\/media\/8504"}],"wp:attachment":[{"href":"https:\/\/nhkmachineryparts.com\/de\/wp-json\/wp\/v2\/media?parent=2911"}],"wp:term":[{"taxonomy":"product_brand","embeddable":true,"href":"https:\/\/nhkmachineryparts.com\/de\/wp-json\/wp\/v2\/product_brand?post=2911"},{"taxonomy":"product_cat","embeddable":true,"href":"https:\/\/nhkmachineryparts.com\/de\/wp-json\/wp\/v2\/product_cat?post=2911"},{"taxonomy":"product_tag","embeddable":true,"href":"https:\/\/nhkmachineryparts.com\/de\/wp-json\/wp\/v2\/product_tag?post=2911"}],"curies":[{"name":"wp","href":"https:\/\/api.w.org\/{rel}","templated":true}]}}