{"id":2869,"date":"2023-01-07T20:17:49","date_gmt":"2023-01-07T20:17:49","guid":{"rendered":"https:\/\/nhkmachineryparts.com\/?post_type=product&#038;p=2869"},"modified":"2026-02-23T14:42:37","modified_gmt":"2026-02-23T12:42:37","slug":"nivellierfuse-im-hygienic-design-hlf-mit-boden-arretierplatte-und-vollgewindespindel","status":"publish","type":"product","link":"https:\/\/nhkmachineryparts.com\/de\/product\/levelling-feet-in-hygienic-design-hlf-with-floor-lock-plate-and-fully-threaded-spindle\/","title":{"rendered":"Nivellierf\u00fc\u00dfe mit Bodenverriegelungsplatte und Vollgewindespindel"},"content":{"rendered":"<section class=\"vc_row vc_custom_1662993827263 liquid-row-shadowbox-69d411ebce099 vc_column-gap-0\"><div class=\"ld-container container\"><div class=\"row ld-row ld-row-outer\"><div class=\"wpb_column vc_column_container vc_col-sm-12 liquid-column-69d411ebce218\"><div class=\"vc_column-inner\" ><div class=\"wpb_wrapper\"  >\n\t<div class=\"wpb_text_column wpb_content_element\" >\n\t\t<div class=\"wpb_wrapper\">\n\t\t\t<h2>Die ideale L\u00f6sung f\u00fcr Stabilit\u00e4t und Sicherheit<\/h2>\n<p><a href=\"https:\/\/nhkmachineryparts.com\/de\/product-line\/stainless-steel-solid-base-feet\/\" data-internallinksmanager029f6b8e52c=\"7\" title=\"Maschinenstellf\u00fc\u00dfe mit massiver Grundplatte\">Stellf\u00fc\u00dfe<\/a> mit Gummibasis zur Vibrationsd\u00e4mpfung und Anti-Rutsch-Eigenschaften<br \/>\nUnsere Nivellierf\u00fc\u00dfe verf\u00fcgen \u00fcber ein FDA-Zertifikat (FDA CFR 21 177 2600) mit eindeutiger Chargen-ID-Nummer zur R\u00fcckverfolgbarkeit der Lebensmittelsicherheit.<\/p>\n<p><a href=\"https:\/\/nhkmachineryparts.com\/shop\/product-line\/machine-levelling-feet-in-a-hygienic-design\/levelling-feet-with-fully-threaded-spindle\/\">Probieren Sie unseren Produktselektor<\/a><\/p>\n<h3>Merkmale und Vorteile von Stellf\u00fc\u00dfen<\/h3>\n<p>Nivellierf\u00fc\u00dfe haben ein abgerundetes, hygienisches Design, das die Reinigung erleichtert.<br \/>\nNivellierf\u00fc\u00dfe k\u00f6nnen Neigungen von B\u00f6den und Ger\u00e4ten von bis zu 10 Grad bew\u00e4ltigen.<\/p>\n<h3>Werkstoffe f\u00fcr Stellf\u00fc\u00dfe<\/h3>\n<p>Stellf\u00fc\u00dfe aus vulkanisiertem Gummiteil mit FDA-Zertifikat nach FDA CFR 21 177 2600.<\/p>\n<p>Beschreibung des Grundplattenmaterials:<br \/>\nEdelstahl Aisi 304 oder Aisi 316<\/p>\n<p>Beschreibung des Spindelmaterials:<br \/>\nEdelstahl A2-70 oder A4-70<\/p>\n<p>Beschreibung des Gummibasismaterials:<br \/>\nNBR-Gummi (Nitrilkautschuk CAS-Nr. 9005-98-5)<br \/>\nFDA-Zertifikat gem\u00e4\u00df FDA CFR 21 177 2600<\/p>\n<p>Alle Materialien weisen eine hohe Best\u00e4ndigkeit gegen\u00fcber Chemikalien und g\u00e4ngigen Reinigungsmitteln sowie gegen\u00fcber best\u00e4ndigen \u00d6len und Fetten auf.<\/p>\n<h3>Stellfu\u00dfgr\u00f6\u00dfen<\/h3>\n<p>Die gro\u00dfe Auswahl an Nivellierf\u00fc\u00dfen gew\u00e4hrleistet optimale Flexibilit\u00e4t und Auswahl.<\/p>\n<div class=\"dcf-overflow-x-auto\" tabindex=\"0\">\n<table class=\"dcf-table dcf-table-responsive dcf-table-bordered dcf-w-100%\">\n<thead>\n<tr>\n<th scope=\"col\">Basistyp<\/th>\n<th scope=\"col\">Basisdurchmesser D<\/th>\n<th scope=\"col\">Nom. Belastung<\/th>\n<\/tr>\n<\/thead>\n<tbody>\n<tr>\n<td data-label=\"HMF Base Size\">HLF 61<\/td>\n<td data-label=\"Base Diameter D\">60mm<\/td>\n<td data-label=\"Nom. Load \">7.000 N<\/td>\n<\/tr>\n<tr>\n<td data-label=\"HMF Base Size\">HLF 81<\/td>\n<td data-label=\"Base Diameter D\">80mm<\/td>\n<td data-label=\"Nom. Load \">15.000 N<\/td>\n<\/tr>\n<tr>\n<td data-label=\"HMF Base Size\">HLF 101<\/td>\n<td data-label=\"Base Diameter D\">100mm<\/td>\n<td data-label=\"Nom. Load \">20.000 N<\/td>\n<\/tr>\n<tr>\n<td data-label=\"HMF Base Size\">HLF 121<\/td>\n<td data-label=\"Base Diameter D\">120mm<\/td>\n<td data-label=\"Nom. Load \">30.000 N<\/td>\n<\/tr>\n<\/tbody>\n<\/table>\n<\/div>\n<p>Die gro\u00dfe Auswahl an Nivellierfu\u00dfspindeln gew\u00e4hrleistet optimale Flexibilit\u00e4t und Auswahl.<\/p>\n<div class=\"dcf-overflow-x-auto\" tabindex=\"0\">\n<table class=\"dcf-table dcf-table-responsive dcf-table-bordered dcf-w-100%\">\n<caption>HLF-Spindelgewinde<\/caption>\n<tbody>\n<tr>\n<td>M12<\/td>\n<td>M16<\/td>\n<td>M20<\/td>\n<td>M24<\/td>\n<td>M30<\/td>\n<td>M36<\/td>\n<td>M42<\/td>\n<td>M48<\/td>\n<\/tr>\n<\/tbody>\n<\/table>\n<\/div>\n<div class=\"dcf-overflow-x-auto\" tabindex=\"0\">\n<table class=\"dcf-table dcf-table-responsive dcf-table-bordered dcf-w-100%\">\n<caption>HLF Spindell\u00e4nge (L)<\/caption>\n<tbody>\n<tr>\n<td>50mm<\/td>\n<td>70mm<\/td>\n<td>100mm<\/td>\n<td>120mm<\/td>\n<td>150mm<\/td>\n<td>180mm<\/td>\n<td>200mm<\/td>\n<td>230mm<\/td>\n<td>280mm<\/td>\n<td>330 mm<\/td>\n<\/tr>\n<\/tbody>\n<\/table>\n<\/div>\n<p>F\u00fcr andere Gewindespindell\u00e4ngen (L) kontaktieren Sie uns bitte<br \/>\nGewinde in Zoll sind auf Anfrage erh\u00e4ltlich<br \/>\nDas Gewinde kann auch nach spezifischen Anforderungen angepasst werden, z. B. Trapezgewinde usw.<\/p>\n<h3>Lieferoption Nivellierf\u00fc\u00dfe<\/h3>\n<p>Bei gr\u00f6\u00dferen Bestellungen bieten wir an, die Basis und die Spindeln separat zu liefern<br \/>\nDer Vorteil liegt in der Flexibilit\u00e4t f\u00fcr den Kunden, der viele verschiedene Spindelgr\u00f6\u00dfen verwendet.<\/p>\n<h2 data-start=\"0\" data-end=\"118\"><strong data-start=\"4\" data-end=\"116\">Nivellierf\u00fc\u00dfe mit Bodenverriegelungsplatte und Vollgewindespindel<\/strong><\/h2>\n<h3 data-start=\"120\" data-end=\"172\"><strong data-start=\"125\" data-end=\"170\">Verbesserte Stabilit\u00e4t mit Bodenverriegelungsplatten<\/strong><\/h3>\n<p data-start=\"173\" data-end=\"588\">Nivellierf\u00fc\u00dfe mit Bodenverriegelungsplatten sind unverzichtbare Komponenten f\u00fcr Maschinen und Ger\u00e4te, die sowohl Stabilit\u00e4t als auch eine sichere Positionierung erfordern. Die Verriegelungsplatte sorgt daf\u00fcr, dass die Maschinen fest verankert bleiben, wodurch Vibrationen reduziert und unbeabsichtigte Bewegungen w\u00e4hrend des Betriebs verhindert werden. Diese Funktion ist entscheidend in <a href=\"https:\/\/nhkmachineryparts.com\/de\/our-industries\/\" data-internallinksmanager029f6b8e52c=\"4\" title=\"Unsere Branchen\">Branchen<\/a> wie etwa in der Lebensmittelverarbeitung, Pharmazie und Verpackung, wo Pr\u00e4zision und Sicherheit von gr\u00f6\u00dfter Bedeutung sind.<\/p>\n<h3 data-start=\"590\" data-end=\"653\"><strong data-start=\"595\" data-end=\"651\">Vollgewindespindel f\u00fcr pr\u00e4zise H\u00f6heneinstellung<\/strong><\/h3>\n<p data-start=\"654\" data-end=\"1029\">Das Vollgewindespindeldesign erm\u00f6glicht eine fein abgestimmte H\u00f6heneinstellung und sorgt daf\u00fcr, dass Maschinen auf unebenen Fl\u00e4chen perfekt nivelliert sind. Dieses Design bietet nicht nur maximale Flexibilit\u00e4t, sondern erh\u00f6ht auch die Tragf\u00e4higkeit und ist daher f\u00fcr Schwerlastanwendungen geeignet. Das durchgehende Gewinde sorgt f\u00fcr einen sicheren Halt und h\u00e4lt die gew\u00fcnschte H\u00f6he, ohne zu verrutschen.<\/p>\n<h3 data-start=\"1031\" data-end=\"1085\"><strong data-start=\"1036\" data-end=\"1083\">Langlebige Materialien f\u00fcr hygienische Umgebungen<\/strong><\/h3>\n<p data-start=\"1086\" data-end=\"1433\">Diese Nivellierf\u00fc\u00dfe aus rostfreiem Stahl sind korrosionsbest\u00e4ndig und leicht zu reinigen, was sie ideal f\u00fcr hygienische Umgebungen macht. Das glatte, spaltfreie Design minimiert das Kontaminationsrisiko und passt sich an <a href=\"https:\/\/nhkmachineryparts.com\/de\/was-ist-der-unterschied-zwischen-3a-und-ehedg\/\" data-internallinksmanager029f6b8e52c=\"2\" title=\"EHEDG-zertifizierte Maschinenteile\">EHEDG<\/a> und FDA-Richtlinien. Ihre robuste Konstruktion gew\u00e4hrleistet dauerhafte Leistung, auch unter rauen Industriebedingungen.<\/p>\n<h3 data-start=\"1435\" data-end=\"1486\"><strong data-start=\"1440\" data-end=\"1484\">Vielseitige Anwendungen in allen Branchen<\/strong><\/h3>\n<p data-start=\"1487\" data-end=\"1829\">Nivellierf\u00fc\u00dfe mit Bodenverriegelungsplatten und Vollgewindespindeln werden in verschiedenen Branchen eingesetzt, darunter in der Lebensmittelverarbeitung, der Arzneimittelherstellung und im Schwermaschinenbau. Aufgrund ihrer F\u00e4higkeit, sowohl Mobilit\u00e4t als auch sichere Positionierung zu bieten, sind sie perfekt f\u00fcr Ger\u00e4te geeignet, die h\u00e4ufig umgestellt werden m\u00fcssen, ohne die Stabilit\u00e4t zu beeintr\u00e4chtigen.<\/p>\n\n\t\t<\/div>\n\t<\/div>\n<\/div><\/div><\/div><\/div><\/div><\/section>","protected":false},"excerpt":{"rendered":"The Ideal Solution for Stability and Safety Levelling feet with rubber base for vibration reduction and anti-slip properties Our levelling feet are provided with FDA certificate (FDA CFR 21 177 2600) with unique batch ID number for food safety traceability Try our product selector Levelling feet features and advantages Levelling feet have a rounded, hygienic [...]","protected":false},"featured_media":8502,"template":"","meta":[],"product_brand":[],"product_cat":[18],"product_tag":[],"class_list":{"0":"post-2869","1":"product","2":"type-product","3":"status-publish","4":"has-post-thumbnail","6":"product_cat-stainless-steel-machine-levelling-feet","8":"first","9":"instock","10":"shipping-taxable","11":"product-type-simple"},"yoast_head":"<!-- This site is optimized with the Yoast SEO plugin v27.3 - https:\/\/yoast.com\/product\/yoast-seo-wordpress\/ -->\n<title>Levelling feet with floor lock plate and fully-threaded spindle | NHK Machinery Parts<\/title>\n<meta name=\"description\" content=\"Ensure your machinery stays stable and secure with levelling feet designed with floor lock plates and fully-threaded spindles. Precise height adjustments.\" \/>\n<meta name=\"robots\" content=\"index, follow, max-snippet:-1, max-image-preview:large, max-video-preview:-1\" \/>\n<link rel=\"canonical\" href=\"https:\/\/nhkmachineryparts.com\/de\/produkt\/nivellierfuse-im-hygienic-design-hlf-mit-boden-arretierplatte-und-vollgewindespindel\/\" \/>\n<meta property=\"og:locale\" content=\"de_DE\" \/>\n<meta property=\"og:type\" content=\"article\" \/>\n<meta property=\"og:title\" content=\"Levelling feet with floor lock plate and fully-threaded spindle | NHK Machinery Parts\" \/>\n<meta property=\"og:description\" content=\"Ensure your machinery stays stable and secure with levelling feet designed with floor lock plates and fully-threaded spindles. Precise height adjustments.\" \/>\n<meta property=\"og:url\" content=\"https:\/\/nhkmachineryparts.com\/de\/produkt\/nivellierfuse-im-hygienic-design-hlf-mit-boden-arretierplatte-und-vollgewindespindel\/\" \/>\n<meta property=\"og:site_name\" content=\"NHK Machinery Parts\" \/>\n<meta property=\"article:publisher\" content=\"https:\/\/www.facebook.com\/NHK.Group.aps\" \/>\n<meta property=\"article:modified_time\" content=\"2026-02-23T12:42:37+00:00\" \/>\n<meta property=\"og:image\" content=\"https:\/\/nhkmachineryparts.com\/wp-content\/uploads\/2023\/01\/Levelling-feet-in-hygienic-design-HLF-with-floor-lock-plate-and-fully-threaded-spindle.jpg\" \/>\n\t<meta property=\"og:image:width\" content=\"1000\" \/>\n\t<meta property=\"og:image:height\" content=\"1000\" \/>\n\t<meta property=\"og:image:type\" content=\"image\/jpeg\" \/>\n<meta name=\"twitter:card\" content=\"summary_large_image\" \/>\n<meta name=\"twitter:label1\" content=\"Gesch\u00e4tzte Lesezeit\" \/>\n\t<meta name=\"twitter:data1\" content=\"3\u00a0Minuten\" \/>\n<script type=\"application\/ld+json\" class=\"yoast-schema-graph\">{\"@context\":\"https:\\\/\\\/schema.org\",\"@graph\":[{\"@type\":\"WebPage\",\"@id\":\"https:\\\/\\\/nhkmachineryparts.com\\\/product\\\/levelling-feet-in-hygienic-design-hlf-with-floor-lock-plate-and-fully-threaded-spindle\\\/\",\"url\":\"https:\\\/\\\/nhkmachineryparts.com\\\/product\\\/levelling-feet-in-hygienic-design-hlf-with-floor-lock-plate-and-fully-threaded-spindle\\\/\",\"name\":\"Levelling feet with floor lock plate and fully-threaded spindle | NHK Machinery Parts\",\"isPartOf\":{\"@id\":\"https:\\\/\\\/nhkmachineryparts.com\\\/#website\"},\"primaryImageOfPage\":{\"@id\":\"https:\\\/\\\/nhkmachineryparts.com\\\/product\\\/levelling-feet-in-hygienic-design-hlf-with-floor-lock-plate-and-fully-threaded-spindle\\\/#primaryimage\"},\"image\":{\"@id\":\"https:\\\/\\\/nhkmachineryparts.com\\\/product\\\/levelling-feet-in-hygienic-design-hlf-with-floor-lock-plate-and-fully-threaded-spindle\\\/#primaryimage\"},\"thumbnailUrl\":\"https:\\\/\\\/nhkmachineryparts.com\\\/wp-content\\\/uploads\\\/2023\\\/01\\\/Levelling-feet-in-hygienic-design-HLF-with-floor-lock-plate-and-fully-threaded-spindle.jpg\",\"datePublished\":\"2023-01-07T20:17:49+00:00\",\"dateModified\":\"2026-02-23T12:42:37+00:00\",\"description\":\"Ensure your machinery stays stable and secure with levelling feet designed with floor lock plates and fully-threaded spindles. Precise height adjustments.\",\"breadcrumb\":{\"@id\":\"https:\\\/\\\/nhkmachineryparts.com\\\/product\\\/levelling-feet-in-hygienic-design-hlf-with-floor-lock-plate-and-fully-threaded-spindle\\\/#breadcrumb\"},\"inLanguage\":\"de\",\"potentialAction\":[{\"@type\":\"ReadAction\",\"target\":[\"https:\\\/\\\/nhkmachineryparts.com\\\/product\\\/levelling-feet-in-hygienic-design-hlf-with-floor-lock-plate-and-fully-threaded-spindle\\\/\"]}]},{\"@type\":\"ImageObject\",\"inLanguage\":\"de\",\"@id\":\"https:\\\/\\\/nhkmachineryparts.com\\\/product\\\/levelling-feet-in-hygienic-design-hlf-with-floor-lock-plate-and-fully-threaded-spindle\\\/#primaryimage\",\"url\":\"https:\\\/\\\/nhkmachineryparts.com\\\/wp-content\\\/uploads\\\/2023\\\/01\\\/Levelling-feet-in-hygienic-design-HLF-with-floor-lock-plate-and-fully-threaded-spindle.jpg\",\"contentUrl\":\"https:\\\/\\\/nhkmachineryparts.com\\\/wp-content\\\/uploads\\\/2023\\\/01\\\/Levelling-feet-in-hygienic-design-HLF-with-floor-lock-plate-and-fully-threaded-spindle.jpg\",\"width\":1000,\"height\":1000,\"caption\":\"Levelling feet in hygienic design HLF with floor lock plate and fully-threaded spindle\"},{\"@type\":\"BreadcrumbList\",\"@id\":\"https:\\\/\\\/nhkmachineryparts.com\\\/product\\\/levelling-feet-in-hygienic-design-hlf-with-floor-lock-plate-and-fully-threaded-spindle\\\/#breadcrumb\",\"itemListElement\":[{\"@type\":\"ListItem\",\"position\":1,\"name\":\"Home\",\"item\":\"https:\\\/\\\/nhkmachineryparts.com\\\/\"},{\"@type\":\"ListItem\",\"position\":2,\"name\":\"Product line\",\"item\":\"https:\\\/\\\/nhkmachineryparts.com\\\/product-line\\\/\"},{\"@type\":\"ListItem\",\"position\":3,\"name\":\"Industrial machine leveling feet in stainless steel\",\"item\":\"https:\\\/\\\/nhkmachineryparts.com\\\/product-line\\\/stainless-steel-machine-levelling-feet\\\/\"},{\"@type\":\"ListItem\",\"position\":4,\"name\":\"Levelling feet with floor lock plate and fully-threaded spindle\"}]},{\"@type\":\"WebSite\",\"@id\":\"https:\\\/\\\/nhkmachineryparts.com\\\/#website\",\"url\":\"https:\\\/\\\/nhkmachineryparts.com\\\/\",\"name\":\"NHK Machinery Parts\",\"description\":\"Bearing Houses, seismic levelling feet and levelling castors\",\"publisher\":{\"@id\":\"https:\\\/\\\/nhkmachineryparts.com\\\/#organization\"},\"potentialAction\":[{\"@type\":\"SearchAction\",\"target\":{\"@type\":\"EntryPoint\",\"urlTemplate\":\"https:\\\/\\\/nhkmachineryparts.com\\\/?s={search_term_string}\"},\"query-input\":{\"@type\":\"PropertyValueSpecification\",\"valueRequired\":true,\"valueName\":\"search_term_string\"}}],\"inLanguage\":\"de\"},{\"@type\":\"Organization\",\"@id\":\"https:\\\/\\\/nhkmachineryparts.com\\\/#organization\",\"name\":\"Nhk Group ApS\",\"url\":\"https:\\\/\\\/nhkmachineryparts.com\\\/\",\"logo\":{\"@type\":\"ImageObject\",\"inLanguage\":\"de\",\"@id\":\"https:\\\/\\\/nhkmachineryparts.com\\\/#\\\/schema\\\/logo\\\/image\\\/\",\"url\":\"https:\\\/\\\/nhkmachineryparts.com\\\/wp-content\\\/uploads\\\/2022\\\/09\\\/NHKgroup_social.jpg\",\"contentUrl\":\"https:\\\/\\\/nhkmachineryparts.com\\\/wp-content\\\/uploads\\\/2022\\\/09\\\/NHKgroup_social.jpg\",\"width\":1200,\"height\":630,\"caption\":\"Nhk Group ApS\"},\"image\":{\"@id\":\"https:\\\/\\\/nhkmachineryparts.com\\\/#\\\/schema\\\/logo\\\/image\\\/\"},\"sameAs\":[\"https:\\\/\\\/www.facebook.com\\\/NHK.Group.aps\"]}]}<\/script>\n<!-- \/ Yoast SEO plugin. -->","yoast_head_json":{"title":"Nivellierf\u00fc\u00dfe mit Bodenverriegelungsplatte und Vollgewindespindel | NHK Machinery Parts","description":"Sorgen Sie mit Nivellierf\u00fc\u00dfen mit Bodenverriegelungsplatten und Vollgewindespindeln daf\u00fcr, dass Ihre Maschinen stabil und sicher stehen. Pr\u00e4zise H\u00f6heneinstellung.","robots":{"index":"index","follow":"follow","max-snippet":"max-snippet:-1","max-image-preview":"max-image-preview:large","max-video-preview":"max-video-preview:-1"},"canonical":"https:\/\/nhkmachineryparts.com\/de\/produkt\/nivellierfuse-im-hygienic-design-hlf-mit-boden-arretierplatte-und-vollgewindespindel\/","og_locale":"de_DE","og_type":"article","og_title":"Levelling feet with floor lock plate and fully-threaded spindle | NHK Machinery Parts","og_description":"Ensure your machinery stays stable and secure with levelling feet designed with floor lock plates and fully-threaded spindles. Precise height adjustments.","og_url":"https:\/\/nhkmachineryparts.com\/de\/produkt\/nivellierfuse-im-hygienic-design-hlf-mit-boden-arretierplatte-und-vollgewindespindel\/","og_site_name":"NHK Machinery Parts","article_publisher":"https:\/\/www.facebook.com\/NHK.Group.aps","article_modified_time":"2026-02-23T12:42:37+00:00","og_image":[{"width":1000,"height":1000,"url":"https:\/\/nhkmachineryparts.com\/wp-content\/uploads\/2023\/01\/Levelling-feet-in-hygienic-design-HLF-with-floor-lock-plate-and-fully-threaded-spindle.jpg","type":"image\/jpeg"}],"twitter_card":"summary_large_image","twitter_misc":{"Gesch\u00e4tzte Lesezeit":"3\u00a0Minuten"},"schema":{"@context":"https:\/\/schema.org","@graph":[{"@type":"WebPage","@id":"https:\/\/nhkmachineryparts.com\/product\/levelling-feet-in-hygienic-design-hlf-with-floor-lock-plate-and-fully-threaded-spindle\/","url":"https:\/\/nhkmachineryparts.com\/product\/levelling-feet-in-hygienic-design-hlf-with-floor-lock-plate-and-fully-threaded-spindle\/","name":"Nivellierf\u00fc\u00dfe mit Bodenverriegelungsplatte und Vollgewindespindel | NHK Machinery Parts","isPartOf":{"@id":"https:\/\/nhkmachineryparts.com\/#website"},"primaryImageOfPage":{"@id":"https:\/\/nhkmachineryparts.com\/product\/levelling-feet-in-hygienic-design-hlf-with-floor-lock-plate-and-fully-threaded-spindle\/#primaryimage"},"image":{"@id":"https:\/\/nhkmachineryparts.com\/product\/levelling-feet-in-hygienic-design-hlf-with-floor-lock-plate-and-fully-threaded-spindle\/#primaryimage"},"thumbnailUrl":"https:\/\/nhkmachineryparts.com\/wp-content\/uploads\/2023\/01\/Levelling-feet-in-hygienic-design-HLF-with-floor-lock-plate-and-fully-threaded-spindle.jpg","datePublished":"2023-01-07T20:17:49+00:00","dateModified":"2026-02-23T12:42:37+00:00","description":"Sorgen Sie mit Nivellierf\u00fc\u00dfen mit Bodenverriegelungsplatten und Vollgewindespindeln daf\u00fcr, dass Ihre Maschinen stabil und sicher stehen. Pr\u00e4zise H\u00f6heneinstellung.","breadcrumb":{"@id":"https:\/\/nhkmachineryparts.com\/product\/levelling-feet-in-hygienic-design-hlf-with-floor-lock-plate-and-fully-threaded-spindle\/#breadcrumb"},"inLanguage":"de","potentialAction":[{"@type":"ReadAction","target":["https:\/\/nhkmachineryparts.com\/product\/levelling-feet-in-hygienic-design-hlf-with-floor-lock-plate-and-fully-threaded-spindle\/"]}]},{"@type":"ImageObject","inLanguage":"de","@id":"https:\/\/nhkmachineryparts.com\/product\/levelling-feet-in-hygienic-design-hlf-with-floor-lock-plate-and-fully-threaded-spindle\/#primaryimage","url":"https:\/\/nhkmachineryparts.com\/wp-content\/uploads\/2023\/01\/Levelling-feet-in-hygienic-design-HLF-with-floor-lock-plate-and-fully-threaded-spindle.jpg","contentUrl":"https:\/\/nhkmachineryparts.com\/wp-content\/uploads\/2023\/01\/Levelling-feet-in-hygienic-design-HLF-with-floor-lock-plate-and-fully-threaded-spindle.jpg","width":1000,"height":1000,"caption":"Levelling feet in hygienic design HLF with floor lock plate and fully-threaded spindle"},{"@type":"BreadcrumbList","@id":"https:\/\/nhkmachineryparts.com\/product\/levelling-feet-in-hygienic-design-hlf-with-floor-lock-plate-and-fully-threaded-spindle\/#breadcrumb","itemListElement":[{"@type":"ListItem","position":1,"name":"Home","item":"https:\/\/nhkmachineryparts.com\/"},{"@type":"ListItem","position":2,"name":"Product line","item":"https:\/\/nhkmachineryparts.com\/product-line\/"},{"@type":"ListItem","position":3,"name":"Industrial machine leveling feet in stainless steel","item":"https:\/\/nhkmachineryparts.com\/product-line\/stainless-steel-machine-levelling-feet\/"},{"@type":"ListItem","position":4,"name":"Levelling feet with floor lock plate and fully-threaded spindle"}]},{"@type":"WebSite","@id":"https:\/\/nhkmachineryparts.com\/#website","url":"https:\/\/nhkmachineryparts.com\/","name":"NHK-Maschinenteile","description":"Lagergeh\u00e4use, seismische Nivellierf\u00fc\u00dfe und Nivellierrollen","publisher":{"@id":"https:\/\/nhkmachineryparts.com\/#organization"},"potentialAction":[{"@type":"SearchAction","target":{"@type":"EntryPoint","urlTemplate":"https:\/\/nhkmachineryparts.com\/?s={search_term_string}"},"query-input":{"@type":"PropertyValueSpecification","valueRequired":true,"valueName":"search_term_string"}}],"inLanguage":"de"},{"@type":"Organization","@id":"https:\/\/nhkmachineryparts.com\/#organization","name":"Nhk Group ApS","url":"https:\/\/nhkmachineryparts.com\/","logo":{"@type":"ImageObject","inLanguage":"de","@id":"https:\/\/nhkmachineryparts.com\/#\/schema\/logo\/image\/","url":"https:\/\/nhkmachineryparts.com\/wp-content\/uploads\/2022\/09\/NHKgroup_social.jpg","contentUrl":"https:\/\/nhkmachineryparts.com\/wp-content\/uploads\/2022\/09\/NHKgroup_social.jpg","width":1200,"height":630,"caption":"Nhk Group ApS"},"image":{"@id":"https:\/\/nhkmachineryparts.com\/#\/schema\/logo\/image\/"},"sameAs":["https:\/\/www.facebook.com\/NHK.Group.aps"]}]}},"_links":{"self":[{"href":"https:\/\/nhkmachineryparts.com\/de\/wp-json\/wp\/v2\/product\/2869","targetHints":{"allow":["GET"]}}],"collection":[{"href":"https:\/\/nhkmachineryparts.com\/de\/wp-json\/wp\/v2\/product"}],"about":[{"href":"https:\/\/nhkmachineryparts.com\/de\/wp-json\/wp\/v2\/types\/product"}],"wp:featuredmedia":[{"embeddable":true,"href":"https:\/\/nhkmachineryparts.com\/de\/wp-json\/wp\/v2\/media\/8502"}],"wp:attachment":[{"href":"https:\/\/nhkmachineryparts.com\/de\/wp-json\/wp\/v2\/media?parent=2869"}],"wp:term":[{"taxonomy":"product_brand","embeddable":true,"href":"https:\/\/nhkmachineryparts.com\/de\/wp-json\/wp\/v2\/product_brand?post=2869"},{"taxonomy":"product_cat","embeddable":true,"href":"https:\/\/nhkmachineryparts.com\/de\/wp-json\/wp\/v2\/product_cat?post=2869"},{"taxonomy":"product_tag","embeddable":true,"href":"https:\/\/nhkmachineryparts.com\/de\/wp-json\/wp\/v2\/product_tag?post=2869"}],"curies":[{"name":"wp","href":"https:\/\/api.w.org\/{rel}","templated":true}]}}