{"id":1904,"date":"2022-09-26T19:44:23","date_gmt":"2022-09-26T19:44:23","guid":{"rendered":"https:\/\/nhkmachineryparts.pawsfabrik.dk\/?post_type=product&#038;p=1904"},"modified":"2026-02-23T14:49:28","modified_gmt":"2026-02-23T12:49:28","slug":"295-ruckdichtung-fur-mini-edelstahllagereinheit","status":"publish","type":"product","link":"https:\/\/nhkmachineryparts.com\/de\/product\/295-back-seal-for-mini-stainless-bearing-unit\/","title":{"rendered":"R\u00fcckseitige Dichtung f\u00fcr Mini-Lagereinheit aus Edelstahl"},"content":{"rendered":"<section class=\"vc_row vc_custom_1662993827263 liquid-row-shadowbox-69d5105130dc1 vc_column-gap-0\"><div class=\"ld-container container\"><div class=\"row ld-row ld-row-outer\"><div class=\"wpb_column vc_column_container vc_col-sm-12 liquid-column-69d5105130f85\"><div class=\"vc_column-inner\" ><div class=\"wpb_wrapper\"  >\n\t<div class=\"wpb_text_column wpb_content_element\" >\n\t\t<div class=\"wpb_wrapper\">\n\t\t\t<h2>Mini-R\u00fcckdichtung der Lagereinheit aus Edelstahl (BS)<\/h2>\n<ul>\n<li>Hintere Dichtung der Lagereinheit aus Edelstahl in Schwarz<\/li>\n<li>Material der hinteren Dichtung: NBR-Gummi<\/li>\n<li>Hintere Dichtung TC (Doppellippe)<\/li>\n<li>R\u00fcckseitige Dichtung mit Edelstahlfeder<\/li>\n<\/ul>\n<h2>R\u00fcckseitige Dichtung f\u00fcr Mini-Lagereinheit aus Edelstahl (BS), verf\u00fcgbare Gr\u00f6\u00dfen<\/h2>\n<table width=\"236\">\n<tbody>\n<tr>\n<td width=\"118\">Wellendurchmesser<\/td>\n<td width=\"118\">Katalog-Nr.<\/td>\n<\/tr>\n<tr>\n<td width=\"118\" data-label=\"Shaft Diameter\">\u00d810 mm<\/td>\n<td width=\"118\" data-label=\"Catalog No.\">BS 200<\/td>\n<\/tr>\n<tr>\n<td width=\"118\" data-label=\"Shaft Diameter\">\u00d812 mm<\/td>\n<td width=\"118\" data-label=\"Catalog No.\">BS 201<\/td>\n<\/tr>\n<tr>\n<td width=\"118\" data-label=\"Shaft Diameter\">\u00d815 mm<\/td>\n<td width=\"118\" data-label=\"Catalog No.\">BS 202<\/td>\n<\/tr>\n<tr>\n<td width=\"118\" data-label=\"Shaft Diameter\">\u00d817 mm<\/td>\n<td width=\"118\" data-label=\"Catalog No.\">BS 203<\/td>\n<\/tr>\n<tr>\n<td width=\"118\" data-label=\"Shaft Diameter\">\u00d820 mm<\/td>\n<td width=\"118\" data-label=\"Catalog No.\">BS 204<\/td>\n<\/tr>\n<tr>\n<td width=\"118\" data-label=\"Shaft Diameter\">\u00d825 mm<\/td>\n<td width=\"118\" data-label=\"Catalog No.\">BS 205<\/td>\n<\/tr>\n<tr>\n<td width=\"118\" data-label=\"Shaft Diameter\">\u00d830 mm<\/td>\n<td width=\"118\" data-label=\"Catalog No.\">BS 206<\/td>\n<\/tr>\n<tr>\n<td width=\"118\" data-label=\"Shaft Diameter\">\u00d835 mm<\/td>\n<td width=\"118\" data-label=\"Catalog No.\">BS 207<\/td>\n<\/tr>\n<\/tbody>\n<\/table>\n\n\t\t<\/div>\n\t<\/div>\n<\/div><\/div><\/div><\/div><\/div><\/section>","protected":false},"excerpt":{"rendered":"Mini stainless steel bearing unit back seal (BS) Stainless bearing unit back seal in black Back seal material: NBR Rubber Back seal TC (Double lip) Back seal with stainless steel spring Back seal for mini stainless steel bearing unit (BS) available sizes Shaft Diameter Catalog No. \u00d810 mm BS 200 \u00d812 mm BS 201 \u00d815 [...]","protected":false},"featured_media":11568,"template":"","meta":[],"product_brand":[],"product_cat":[55],"product_tag":[],"class_list":{"0":"post-1904","1":"product","2":"type-product","3":"status-publish","4":"has-post-thumbnail","6":"product_cat-mini-bearing-units-in-stainless-steel","8":"first","9":"instock","10":"shipping-taxable","11":"product-type-simple"},"yoast_head":"<!-- This site is optimized with the Yoast SEO plugin v27.3 - https:\/\/yoast.com\/product\/yoast-seo-wordpress\/ -->\n<title>Back seal for mini stainless steel bearing unit | NHK Machinery Parts<\/title>\n<meta name=\"description\" content=\"The back seal for mini stainless steel bearing unit is suitable for the food industry and other demanding environments, due to the hygienic design\" \/>\n<meta name=\"robots\" content=\"index, follow, max-snippet:-1, max-image-preview:large, max-video-preview:-1\" \/>\n<link rel=\"canonical\" href=\"https:\/\/nhkmachineryparts.com\/de\/produkt\/295-ruckdichtung-fur-mini-edelstahllagereinheit\/\" \/>\n<meta property=\"og:locale\" content=\"de_DE\" \/>\n<meta property=\"og:type\" content=\"article\" \/>\n<meta property=\"og:title\" content=\"Back seal for mini stainless steel bearing unit | NHK Machinery Parts\" \/>\n<meta property=\"og:description\" content=\"The back seal for mini stainless steel bearing unit is suitable for the food industry and other demanding environments, due to the hygienic design\" \/>\n<meta property=\"og:url\" content=\"https:\/\/nhkmachineryparts.com\/de\/produkt\/295-ruckdichtung-fur-mini-edelstahllagereinheit\/\" \/>\n<meta property=\"og:site_name\" content=\"NHK Machinery Parts\" \/>\n<meta property=\"article:publisher\" content=\"https:\/\/www.facebook.com\/NHK.Group.aps\" \/>\n<meta property=\"article:modified_time\" content=\"2026-02-23T12:49:28+00:00\" \/>\n<meta property=\"og:image\" content=\"https:\/\/nhkmachineryparts.com\/wp-content\/uploads\/2022\/09\/Blue-back-seal-for-stainless-bearing-unit.jpg\" \/>\n\t<meta property=\"og:image:width\" content=\"1000\" \/>\n\t<meta property=\"og:image:height\" content=\"1000\" \/>\n\t<meta property=\"og:image:type\" content=\"image\/jpeg\" \/>\n<meta name=\"twitter:card\" content=\"summary_large_image\" \/>\n<meta name=\"twitter:label1\" content=\"Gesch\u00e4tzte Lesezeit\" \/>\n\t<meta name=\"twitter:data1\" content=\"1\u00a0Minute\" \/>\n<script type=\"application\/ld+json\" class=\"yoast-schema-graph\">{\"@context\":\"https:\\\/\\\/schema.org\",\"@graph\":[{\"@type\":\"WebPage\",\"@id\":\"https:\\\/\\\/nhkmachineryparts.com\\\/product\\\/295-back-seal-for-mini-stainless-bearing-unit\\\/\",\"url\":\"https:\\\/\\\/nhkmachineryparts.com\\\/product\\\/295-back-seal-for-mini-stainless-bearing-unit\\\/\",\"name\":\"Back seal for mini stainless steel bearing unit | NHK Machinery Parts\",\"isPartOf\":{\"@id\":\"https:\\\/\\\/nhkmachineryparts.com\\\/#website\"},\"primaryImageOfPage\":{\"@id\":\"https:\\\/\\\/nhkmachineryparts.com\\\/product\\\/295-back-seal-for-mini-stainless-bearing-unit\\\/#primaryimage\"},\"image\":{\"@id\":\"https:\\\/\\\/nhkmachineryparts.com\\\/product\\\/295-back-seal-for-mini-stainless-bearing-unit\\\/#primaryimage\"},\"thumbnailUrl\":\"https:\\\/\\\/nhkmachineryparts.com\\\/wp-content\\\/uploads\\\/2022\\\/09\\\/Blue-back-seal-for-stainless-bearing-unit.jpg\",\"datePublished\":\"2022-09-26T19:44:23+00:00\",\"dateModified\":\"2026-02-23T12:49:28+00:00\",\"description\":\"The back seal for mini stainless steel bearing unit is suitable for the food industry and other demanding environments, due to the hygienic design\",\"breadcrumb\":{\"@id\":\"https:\\\/\\\/nhkmachineryparts.com\\\/product\\\/295-back-seal-for-mini-stainless-bearing-unit\\\/#breadcrumb\"},\"inLanguage\":\"de\",\"potentialAction\":[{\"@type\":\"ReadAction\",\"target\":[\"https:\\\/\\\/nhkmachineryparts.com\\\/product\\\/295-back-seal-for-mini-stainless-bearing-unit\\\/\"]}]},{\"@type\":\"ImageObject\",\"inLanguage\":\"de\",\"@id\":\"https:\\\/\\\/nhkmachineryparts.com\\\/product\\\/295-back-seal-for-mini-stainless-bearing-unit\\\/#primaryimage\",\"url\":\"https:\\\/\\\/nhkmachineryparts.com\\\/wp-content\\\/uploads\\\/2022\\\/09\\\/Blue-back-seal-for-stainless-bearing-unit.jpg\",\"contentUrl\":\"https:\\\/\\\/nhkmachineryparts.com\\\/wp-content\\\/uploads\\\/2022\\\/09\\\/Blue-back-seal-for-stainless-bearing-unit.jpg\",\"width\":1000,\"height\":1000,\"caption\":\"Blue back seal for stainless bearing unit\"},{\"@type\":\"BreadcrumbList\",\"@id\":\"https:\\\/\\\/nhkmachineryparts.com\\\/product\\\/295-back-seal-for-mini-stainless-bearing-unit\\\/#breadcrumb\",\"itemListElement\":[{\"@type\":\"ListItem\",\"position\":1,\"name\":\"Home\",\"item\":\"https:\\\/\\\/nhkmachineryparts.com\\\/\"},{\"@type\":\"ListItem\",\"position\":2,\"name\":\"Product line\",\"item\":\"https:\\\/\\\/nhkmachineryparts.com\\\/product-line\\\/\"},{\"@type\":\"ListItem\",\"position\":3,\"name\":\"Mini Bearing Units in Stainless Steel\",\"item\":\"https:\\\/\\\/nhkmachineryparts.com\\\/product-line\\\/mini-bearing-units-in-stainless-steel\\\/\"},{\"@type\":\"ListItem\",\"position\":4,\"name\":\"Back seal for mini stainless steel bearing unit\"}]},{\"@type\":\"WebSite\",\"@id\":\"https:\\\/\\\/nhkmachineryparts.com\\\/#website\",\"url\":\"https:\\\/\\\/nhkmachineryparts.com\\\/\",\"name\":\"NHK Machinery Parts\",\"description\":\"Bearing Houses, seismic levelling feet and levelling castors\",\"publisher\":{\"@id\":\"https:\\\/\\\/nhkmachineryparts.com\\\/#organization\"},\"potentialAction\":[{\"@type\":\"SearchAction\",\"target\":{\"@type\":\"EntryPoint\",\"urlTemplate\":\"https:\\\/\\\/nhkmachineryparts.com\\\/?s={search_term_string}\"},\"query-input\":{\"@type\":\"PropertyValueSpecification\",\"valueRequired\":true,\"valueName\":\"search_term_string\"}}],\"inLanguage\":\"de\"},{\"@type\":\"Organization\",\"@id\":\"https:\\\/\\\/nhkmachineryparts.com\\\/#organization\",\"name\":\"Nhk Group ApS\",\"url\":\"https:\\\/\\\/nhkmachineryparts.com\\\/\",\"logo\":{\"@type\":\"ImageObject\",\"inLanguage\":\"de\",\"@id\":\"https:\\\/\\\/nhkmachineryparts.com\\\/#\\\/schema\\\/logo\\\/image\\\/\",\"url\":\"https:\\\/\\\/nhkmachineryparts.com\\\/wp-content\\\/uploads\\\/2022\\\/09\\\/NHKgroup_social.jpg\",\"contentUrl\":\"https:\\\/\\\/nhkmachineryparts.com\\\/wp-content\\\/uploads\\\/2022\\\/09\\\/NHKgroup_social.jpg\",\"width\":1200,\"height\":630,\"caption\":\"Nhk Group ApS\"},\"image\":{\"@id\":\"https:\\\/\\\/nhkmachineryparts.com\\\/#\\\/schema\\\/logo\\\/image\\\/\"},\"sameAs\":[\"https:\\\/\\\/www.facebook.com\\\/NHK.Group.aps\"]}]}<\/script>\n<!-- \/ Yoast SEO plugin. -->","yoast_head_json":{"title":"R\u00fcckseitige Dichtung f\u00fcr Mini-Edelstahllagereinheit | NHK-Maschinenteile","description":"Die hintere Dichtung f\u00fcr die Mini-Lagereinheit aus Edelstahl eignet sich aufgrund des hygienischen Designs f\u00fcr die Lebensmittelindustrie und andere anspruchsvolle Umgebungen","robots":{"index":"index","follow":"follow","max-snippet":"max-snippet:-1","max-image-preview":"max-image-preview:large","max-video-preview":"max-video-preview:-1"},"canonical":"https:\/\/nhkmachineryparts.com\/de\/produkt\/295-ruckdichtung-fur-mini-edelstahllagereinheit\/","og_locale":"de_DE","og_type":"article","og_title":"Back seal for mini stainless steel bearing unit | NHK Machinery Parts","og_description":"The back seal for mini stainless steel bearing unit is suitable for the food industry and other demanding environments, due to the hygienic design","og_url":"https:\/\/nhkmachineryparts.com\/de\/produkt\/295-ruckdichtung-fur-mini-edelstahllagereinheit\/","og_site_name":"NHK Machinery Parts","article_publisher":"https:\/\/www.facebook.com\/NHK.Group.aps","article_modified_time":"2026-02-23T12:49:28+00:00","og_image":[{"width":1000,"height":1000,"url":"https:\/\/nhkmachineryparts.com\/wp-content\/uploads\/2022\/09\/Blue-back-seal-for-stainless-bearing-unit.jpg","type":"image\/jpeg"}],"twitter_card":"summary_large_image","twitter_misc":{"Gesch\u00e4tzte Lesezeit":"1\u00a0Minute"},"schema":{"@context":"https:\/\/schema.org","@graph":[{"@type":"WebPage","@id":"https:\/\/nhkmachineryparts.com\/product\/295-back-seal-for-mini-stainless-bearing-unit\/","url":"https:\/\/nhkmachineryparts.com\/product\/295-back-seal-for-mini-stainless-bearing-unit\/","name":"R\u00fcckseitige Dichtung f\u00fcr Mini-Edelstahllagereinheit | NHK-Maschinenteile","isPartOf":{"@id":"https:\/\/nhkmachineryparts.com\/#website"},"primaryImageOfPage":{"@id":"https:\/\/nhkmachineryparts.com\/product\/295-back-seal-for-mini-stainless-bearing-unit\/#primaryimage"},"image":{"@id":"https:\/\/nhkmachineryparts.com\/product\/295-back-seal-for-mini-stainless-bearing-unit\/#primaryimage"},"thumbnailUrl":"https:\/\/nhkmachineryparts.com\/wp-content\/uploads\/2022\/09\/Blue-back-seal-for-stainless-bearing-unit.jpg","datePublished":"2022-09-26T19:44:23+00:00","dateModified":"2026-02-23T12:49:28+00:00","description":"Die hintere Dichtung f\u00fcr die Mini-Lagereinheit aus Edelstahl eignet sich aufgrund des hygienischen Designs f\u00fcr die Lebensmittelindustrie und andere anspruchsvolle Umgebungen","breadcrumb":{"@id":"https:\/\/nhkmachineryparts.com\/product\/295-back-seal-for-mini-stainless-bearing-unit\/#breadcrumb"},"inLanguage":"de","potentialAction":[{"@type":"ReadAction","target":["https:\/\/nhkmachineryparts.com\/product\/295-back-seal-for-mini-stainless-bearing-unit\/"]}]},{"@type":"ImageObject","inLanguage":"de","@id":"https:\/\/nhkmachineryparts.com\/product\/295-back-seal-for-mini-stainless-bearing-unit\/#primaryimage","url":"https:\/\/nhkmachineryparts.com\/wp-content\/uploads\/2022\/09\/Blue-back-seal-for-stainless-bearing-unit.jpg","contentUrl":"https:\/\/nhkmachineryparts.com\/wp-content\/uploads\/2022\/09\/Blue-back-seal-for-stainless-bearing-unit.jpg","width":1000,"height":1000,"caption":"Blue back seal for stainless bearing unit"},{"@type":"BreadcrumbList","@id":"https:\/\/nhkmachineryparts.com\/product\/295-back-seal-for-mini-stainless-bearing-unit\/#breadcrumb","itemListElement":[{"@type":"ListItem","position":1,"name":"Home","item":"https:\/\/nhkmachineryparts.com\/"},{"@type":"ListItem","position":2,"name":"Product line","item":"https:\/\/nhkmachineryparts.com\/product-line\/"},{"@type":"ListItem","position":3,"name":"Mini Bearing Units in Stainless Steel","item":"https:\/\/nhkmachineryparts.com\/product-line\/mini-bearing-units-in-stainless-steel\/"},{"@type":"ListItem","position":4,"name":"Back seal for mini stainless steel bearing unit"}]},{"@type":"WebSite","@id":"https:\/\/nhkmachineryparts.com\/#website","url":"https:\/\/nhkmachineryparts.com\/","name":"NHK-Maschinenteile","description":"Lagergeh\u00e4use, seismische Nivellierf\u00fc\u00dfe und Nivellierrollen","publisher":{"@id":"https:\/\/nhkmachineryparts.com\/#organization"},"potentialAction":[{"@type":"SearchAction","target":{"@type":"EntryPoint","urlTemplate":"https:\/\/nhkmachineryparts.com\/?s={search_term_string}"},"query-input":{"@type":"PropertyValueSpecification","valueRequired":true,"valueName":"search_term_string"}}],"inLanguage":"de"},{"@type":"Organization","@id":"https:\/\/nhkmachineryparts.com\/#organization","name":"Nhk Group ApS","url":"https:\/\/nhkmachineryparts.com\/","logo":{"@type":"ImageObject","inLanguage":"de","@id":"https:\/\/nhkmachineryparts.com\/#\/schema\/logo\/image\/","url":"https:\/\/nhkmachineryparts.com\/wp-content\/uploads\/2022\/09\/NHKgroup_social.jpg","contentUrl":"https:\/\/nhkmachineryparts.com\/wp-content\/uploads\/2022\/09\/NHKgroup_social.jpg","width":1200,"height":630,"caption":"Nhk Group ApS"},"image":{"@id":"https:\/\/nhkmachineryparts.com\/#\/schema\/logo\/image\/"},"sameAs":["https:\/\/www.facebook.com\/NHK.Group.aps"]}]}},"_links":{"self":[{"href":"https:\/\/nhkmachineryparts.com\/de\/wp-json\/wp\/v2\/product\/1904","targetHints":{"allow":["GET"]}}],"collection":[{"href":"https:\/\/nhkmachineryparts.com\/de\/wp-json\/wp\/v2\/product"}],"about":[{"href":"https:\/\/nhkmachineryparts.com\/de\/wp-json\/wp\/v2\/types\/product"}],"wp:featuredmedia":[{"embeddable":true,"href":"https:\/\/nhkmachineryparts.com\/de\/wp-json\/wp\/v2\/media\/11568"}],"wp:attachment":[{"href":"https:\/\/nhkmachineryparts.com\/de\/wp-json\/wp\/v2\/media?parent=1904"}],"wp:term":[{"taxonomy":"product_brand","embeddable":true,"href":"https:\/\/nhkmachineryparts.com\/de\/wp-json\/wp\/v2\/product_brand?post=1904"},{"taxonomy":"product_cat","embeddable":true,"href":"https:\/\/nhkmachineryparts.com\/de\/wp-json\/wp\/v2\/product_cat?post=1904"},{"taxonomy":"product_tag","embeddable":true,"href":"https:\/\/nhkmachineryparts.com\/de\/wp-json\/wp\/v2\/product_tag?post=1904"}],"curies":[{"name":"wp","href":"https:\/\/api.w.org\/{rel}","templated":true}]}}