{"id":1868,"date":"2022-09-26T19:06:06","date_gmt":"2022-09-26T19:06:06","guid":{"rendered":"https:\/\/nhkmachineryparts.pawsfabrik.dk\/?post_type=product&#038;p=1868"},"modified":"2026-02-23T14:53:26","modified_gmt":"2026-02-23T12:53:26","slug":"253-mini-zwei-loch-flanscheinheiten-aus-edelstahl-sufl","status":"publish","type":"product","link":"https:\/\/nhkmachineryparts.com\/de\/product\/253-mini-two-bolt-flange-units-in-stainless-steel-sufl\/","title":{"rendered":"Mini-Zweibolzen-Flanscheinheiten aus Edelstahl SUFL"},"content":{"rendered":"<section class=\"vc_row vc_custom_1662993827263 liquid-row-shadowbox-69d5105862fd9 vc_column-gap-0\"><div class=\"ld-container container\"><div class=\"row ld-row ld-row-outer\"><div class=\"wpb_column vc_column_container vc_col-sm-12 liquid-column-69d510586329a\"><div class=\"vc_column-inner\" ><div class=\"wpb_wrapper\"  >\n\t<div class=\"wpb_text_column wpb_content_element\" >\n\t\t<div class=\"wpb_wrapper\">\n\t\t\t<h2>Mini-Zweibolzen-Flanscheinheiten aus Edelstahl SUFL<\/h2>\n<p>Die 2-Loch-Mini-Edelstahl-Flanschlagereinheit Typ SUFL mit Exzenterbundverschl\u00fcssen sind extra schmale Lagereinheiten im Hygienedesign, geeignet f\u00fcr die Lebensmittelproduktion und andere anspruchsvolle Umgebungen.<\/p>\n<h2>Mini-Zweibolzen-Flanscheinheiten aus Edelstahl SUFL \u2013 Merkmale und Vorteile:<\/h2>\n<ul>\n<li>Geh\u00e4use aus Edelstahl AISI 304<\/li>\n<li>Edelstahllager AISI 440C<\/li>\n<li>Dichtung: Nitrilkautschuk (NBR) oder FDA-zugelassener Silikonkautschuk (Si).<\/li>\n<li>Schmale Lager<\/li>\n<li>Es ist keine Oberfl\u00e4chenbeschichtung erforderlich<\/li>\n<li>Exzentrischer Kragenverschluss<\/li>\n<li>Ausgezeichnete Lebensdauer<\/li>\n<li>Betriebstemperatur von -30\u00b0C bis +120\u00b0C.<\/li>\n<\/ul>\n<h2>Mini-Edelstahl-Zweibolzen-Flanscheinheiten mit exzentrischer Kragenverriegelung<\/h2>\n<p>Lager: SUS440C<br \/>\nLagergeh\u00e4use: SUS304<br \/>\nKragenverriegelung: SUS304<br \/>\nBohrungsgr\u00f6\u00dfe: 10 mm bis 35 mm<\/p>\n<h2>Mini-Edelstahl-Zwei-Loch-Flanscheinheiten, SUFL-Gr\u00f6\u00dfen.<\/h2>\n<table width=\"252\">\n<tbody>\n<tr>\n<td width=\"126\">Wellendurchmesser<\/td>\n<td width=\"126\">Katalog-Nr.<\/td>\n<\/tr>\n<tr>\n<td width=\"126\">SUFL000<\/td>\n<td width=\"126\">10mm Achse<\/td>\n<\/tr>\n<tr>\n<td width=\"126\">SUFL001<\/td>\n<td width=\"126\">12mm Achse<\/td>\n<\/tr>\n<tr>\n<td width=\"126\">SUFL002<\/td>\n<td width=\"126\">15mm Achse<\/td>\n<\/tr>\n<tr>\n<td width=\"126\">SUFL003<\/td>\n<td width=\"126\">17mm Achse<\/td>\n<\/tr>\n<tr>\n<td width=\"126\">SUFL004<\/td>\n<td width=\"126\">20mm Achse<\/td>\n<\/tr>\n<tr>\n<td width=\"126\">SUFL005<\/td>\n<td width=\"126\">25mm Achse<\/td>\n<\/tr>\n<tr>\n<td width=\"126\">SUFL006<\/td>\n<td width=\"126\">30mm Achse<\/td>\n<\/tr>\n<tr>\n<td width=\"126\">SUFL007<\/td>\n<td width=\"126\">35mm Achse<\/td>\n<\/tr>\n<\/tbody>\n<\/table>\n<p>Der SUFL00x kann mit offener oder geschlossener Kappe geliefert werden.<br \/>\nOffene Kappe aus Kunststoff, den Lagernummern wird das Suffix \u201eOC\u201c hinzugef\u00fcgt. Bsp.: SUFL00xOC<br \/>\nGeschlossene Kappe aus Kunststoff, den Lagernummern wird das Suffix \u201eCC\u201c hinzugef\u00fcgt. Bsp.: SUFL00xCC<\/p>\n\n\t\t<\/div>\n\t<\/div>\n<\/div><\/div><\/div><\/div><\/div><\/section>","protected":false},"excerpt":{"rendered":"Mini Two-bolt flange units in stainless steel SUFL The 2-holes mini stainless steel flange bearing unit type SUFL with eccentric collar locks are extra narrow bearing units in hygienic design, suitable in food production and other demanding environments. Mini Two-bolt flange units in stainless steel SUFL features and advantages: Stainless steel housings AISI 304 Stainless [...]","protected":false},"featured_media":11574,"template":"","meta":[],"product_brand":[],"product_cat":[55],"product_tag":[],"class_list":{"0":"post-1868","1":"product","2":"type-product","3":"status-publish","4":"has-post-thumbnail","6":"product_cat-mini-bearing-units-in-stainless-steel","8":"first","9":"instock","10":"shipping-taxable","11":"product-type-simple"},"yoast_head":"<!-- This site is optimized with the Yoast SEO plugin v27.3 - https:\/\/yoast.com\/product\/yoast-seo-wordpress\/ -->\n<title>Mini Two-bolt flange units in stainless steel SUFL | NHK Machinery Parts<\/title>\n<meta name=\"description\" content=\"2-holes mini stainless steel flange bearing unit type SUFL with eccentric collar locks are extra narrow bearing units in hygienic design, food production\" \/>\n<meta name=\"robots\" content=\"index, follow, max-snippet:-1, max-image-preview:large, max-video-preview:-1\" \/>\n<link rel=\"canonical\" href=\"https:\/\/nhkmachineryparts.com\/de\/produkt\/253-mini-zwei-loch-flanscheinheiten-aus-edelstahl-sufl\/\" \/>\n<meta property=\"og:locale\" content=\"de_DE\" \/>\n<meta property=\"og:type\" content=\"article\" \/>\n<meta property=\"og:title\" content=\"Mini Two-bolt flange units in stainless steel SUFL | NHK Machinery Parts\" \/>\n<meta property=\"og:description\" content=\"2-holes mini stainless steel flange bearing unit type SUFL with eccentric collar locks are extra narrow bearing units in hygienic design, food production\" \/>\n<meta property=\"og:url\" content=\"https:\/\/nhkmachineryparts.com\/de\/produkt\/253-mini-zwei-loch-flanscheinheiten-aus-edelstahl-sufl\/\" \/>\n<meta property=\"og:site_name\" content=\"NHK Machinery Parts\" \/>\n<meta property=\"article:publisher\" content=\"https:\/\/www.facebook.com\/NHK.Group.aps\" \/>\n<meta property=\"article:modified_time\" content=\"2026-02-23T12:53:26+00:00\" \/>\n<meta property=\"og:image\" content=\"https:\/\/nhkmachineryparts.com\/wp-content\/uploads\/2022\/09\/Mini-Two-bolt-flange-units-in-stainless-steel-304.jpg\" \/>\n\t<meta property=\"og:image:width\" content=\"1000\" \/>\n\t<meta property=\"og:image:height\" content=\"1000\" \/>\n\t<meta property=\"og:image:type\" content=\"image\/jpeg\" \/>\n<meta name=\"twitter:card\" content=\"summary_large_image\" \/>\n<meta name=\"twitter:label1\" content=\"Gesch\u00e4tzte Lesezeit\" \/>\n\t<meta name=\"twitter:data1\" content=\"2\u00a0Minuten\" \/>\n<script type=\"application\/ld+json\" class=\"yoast-schema-graph\">{\"@context\":\"https:\\\/\\\/schema.org\",\"@graph\":[{\"@type\":\"WebPage\",\"@id\":\"https:\\\/\\\/nhkmachineryparts.com\\\/product\\\/253-mini-two-bolt-flange-units-in-stainless-steel-sufl\\\/\",\"url\":\"https:\\\/\\\/nhkmachineryparts.com\\\/product\\\/253-mini-two-bolt-flange-units-in-stainless-steel-sufl\\\/\",\"name\":\"Mini Two-bolt flange units in stainless steel SUFL | NHK Machinery Parts\",\"isPartOf\":{\"@id\":\"https:\\\/\\\/nhkmachineryparts.com\\\/#website\"},\"primaryImageOfPage\":{\"@id\":\"https:\\\/\\\/nhkmachineryparts.com\\\/product\\\/253-mini-two-bolt-flange-units-in-stainless-steel-sufl\\\/#primaryimage\"},\"image\":{\"@id\":\"https:\\\/\\\/nhkmachineryparts.com\\\/product\\\/253-mini-two-bolt-flange-units-in-stainless-steel-sufl\\\/#primaryimage\"},\"thumbnailUrl\":\"https:\\\/\\\/nhkmachineryparts.com\\\/wp-content\\\/uploads\\\/2022\\\/09\\\/Mini-Two-bolt-flange-units-in-stainless-steel-304.jpg\",\"datePublished\":\"2022-09-26T19:06:06+00:00\",\"dateModified\":\"2026-02-23T12:53:26+00:00\",\"description\":\"2-holes mini stainless steel flange bearing unit type SUFL with eccentric collar locks are extra narrow bearing units in hygienic design, food production\",\"breadcrumb\":{\"@id\":\"https:\\\/\\\/nhkmachineryparts.com\\\/product\\\/253-mini-two-bolt-flange-units-in-stainless-steel-sufl\\\/#breadcrumb\"},\"inLanguage\":\"de\",\"potentialAction\":[{\"@type\":\"ReadAction\",\"target\":[\"https:\\\/\\\/nhkmachineryparts.com\\\/product\\\/253-mini-two-bolt-flange-units-in-stainless-steel-sufl\\\/\"]}]},{\"@type\":\"ImageObject\",\"inLanguage\":\"de\",\"@id\":\"https:\\\/\\\/nhkmachineryparts.com\\\/product\\\/253-mini-two-bolt-flange-units-in-stainless-steel-sufl\\\/#primaryimage\",\"url\":\"https:\\\/\\\/nhkmachineryparts.com\\\/wp-content\\\/uploads\\\/2022\\\/09\\\/Mini-Two-bolt-flange-units-in-stainless-steel-304.jpg\",\"contentUrl\":\"https:\\\/\\\/nhkmachineryparts.com\\\/wp-content\\\/uploads\\\/2022\\\/09\\\/Mini-Two-bolt-flange-units-in-stainless-steel-304.jpg\",\"width\":1000,\"height\":1000,\"caption\":\"Mini Two-bolt flange units in stainless steel 304\"},{\"@type\":\"BreadcrumbList\",\"@id\":\"https:\\\/\\\/nhkmachineryparts.com\\\/product\\\/253-mini-two-bolt-flange-units-in-stainless-steel-sufl\\\/#breadcrumb\",\"itemListElement\":[{\"@type\":\"ListItem\",\"position\":1,\"name\":\"Home\",\"item\":\"https:\\\/\\\/nhkmachineryparts.com\\\/\"},{\"@type\":\"ListItem\",\"position\":2,\"name\":\"Product line\",\"item\":\"https:\\\/\\\/nhkmachineryparts.com\\\/product-line\\\/\"},{\"@type\":\"ListItem\",\"position\":3,\"name\":\"Mini Bearing Units in Stainless Steel\",\"item\":\"https:\\\/\\\/nhkmachineryparts.com\\\/product-line\\\/mini-bearing-units-in-stainless-steel\\\/\"},{\"@type\":\"ListItem\",\"position\":4,\"name\":\"Mini Two-bolt flange units in stainless steel SUFL\"}]},{\"@type\":\"WebSite\",\"@id\":\"https:\\\/\\\/nhkmachineryparts.com\\\/#website\",\"url\":\"https:\\\/\\\/nhkmachineryparts.com\\\/\",\"name\":\"NHK Machinery Parts\",\"description\":\"Bearing Houses, seismic levelling feet and levelling castors\",\"publisher\":{\"@id\":\"https:\\\/\\\/nhkmachineryparts.com\\\/#organization\"},\"potentialAction\":[{\"@type\":\"SearchAction\",\"target\":{\"@type\":\"EntryPoint\",\"urlTemplate\":\"https:\\\/\\\/nhkmachineryparts.com\\\/?s={search_term_string}\"},\"query-input\":{\"@type\":\"PropertyValueSpecification\",\"valueRequired\":true,\"valueName\":\"search_term_string\"}}],\"inLanguage\":\"de\"},{\"@type\":\"Organization\",\"@id\":\"https:\\\/\\\/nhkmachineryparts.com\\\/#organization\",\"name\":\"Nhk Group ApS\",\"url\":\"https:\\\/\\\/nhkmachineryparts.com\\\/\",\"logo\":{\"@type\":\"ImageObject\",\"inLanguage\":\"de\",\"@id\":\"https:\\\/\\\/nhkmachineryparts.com\\\/#\\\/schema\\\/logo\\\/image\\\/\",\"url\":\"https:\\\/\\\/nhkmachineryparts.com\\\/wp-content\\\/uploads\\\/2022\\\/09\\\/NHKgroup_social.jpg\",\"contentUrl\":\"https:\\\/\\\/nhkmachineryparts.com\\\/wp-content\\\/uploads\\\/2022\\\/09\\\/NHKgroup_social.jpg\",\"width\":1200,\"height\":630,\"caption\":\"Nhk Group ApS\"},\"image\":{\"@id\":\"https:\\\/\\\/nhkmachineryparts.com\\\/#\\\/schema\\\/logo\\\/image\\\/\"},\"sameAs\":[\"https:\\\/\\\/www.facebook.com\\\/NHK.Group.aps\"]}]}<\/script>\n<!-- \/ Yoast SEO plugin. -->","yoast_head_json":{"title":"Mini-Zweibolzen-Flanscheinheiten aus Edelstahl SUFL | NHK-Maschinenteile","description":"2-Loch-Mini-Edelstahl-Flanschlagereinheiten Typ SUFL mit Exzenterbundverschl\u00fcssen sind extra schmale Lagereinheiten im Hygienedesign, Lebensmittelproduktion","robots":{"index":"index","follow":"follow","max-snippet":"max-snippet:-1","max-image-preview":"max-image-preview:large","max-video-preview":"max-video-preview:-1"},"canonical":"https:\/\/nhkmachineryparts.com\/de\/produkt\/253-mini-zwei-loch-flanscheinheiten-aus-edelstahl-sufl\/","og_locale":"de_DE","og_type":"article","og_title":"Mini Two-bolt flange units in stainless steel SUFL | NHK Machinery Parts","og_description":"2-holes mini stainless steel flange bearing unit type SUFL with eccentric collar locks are extra narrow bearing units in hygienic design, food production","og_url":"https:\/\/nhkmachineryparts.com\/de\/produkt\/253-mini-zwei-loch-flanscheinheiten-aus-edelstahl-sufl\/","og_site_name":"NHK Machinery Parts","article_publisher":"https:\/\/www.facebook.com\/NHK.Group.aps","article_modified_time":"2026-02-23T12:53:26+00:00","og_image":[{"width":1000,"height":1000,"url":"https:\/\/nhkmachineryparts.com\/wp-content\/uploads\/2022\/09\/Mini-Two-bolt-flange-units-in-stainless-steel-304.jpg","type":"image\/jpeg"}],"twitter_card":"summary_large_image","twitter_misc":{"Gesch\u00e4tzte Lesezeit":"2\u00a0Minuten"},"schema":{"@context":"https:\/\/schema.org","@graph":[{"@type":"WebPage","@id":"https:\/\/nhkmachineryparts.com\/product\/253-mini-two-bolt-flange-units-in-stainless-steel-sufl\/","url":"https:\/\/nhkmachineryparts.com\/product\/253-mini-two-bolt-flange-units-in-stainless-steel-sufl\/","name":"Mini-Zweibolzen-Flanscheinheiten aus Edelstahl SUFL | NHK-Maschinenteile","isPartOf":{"@id":"https:\/\/nhkmachineryparts.com\/#website"},"primaryImageOfPage":{"@id":"https:\/\/nhkmachineryparts.com\/product\/253-mini-two-bolt-flange-units-in-stainless-steel-sufl\/#primaryimage"},"image":{"@id":"https:\/\/nhkmachineryparts.com\/product\/253-mini-two-bolt-flange-units-in-stainless-steel-sufl\/#primaryimage"},"thumbnailUrl":"https:\/\/nhkmachineryparts.com\/wp-content\/uploads\/2022\/09\/Mini-Two-bolt-flange-units-in-stainless-steel-304.jpg","datePublished":"2022-09-26T19:06:06+00:00","dateModified":"2026-02-23T12:53:26+00:00","description":"2-Loch-Mini-Edelstahl-Flanschlagereinheiten Typ SUFL mit Exzenterbundverschl\u00fcssen sind extra schmale Lagereinheiten im Hygienedesign, Lebensmittelproduktion","breadcrumb":{"@id":"https:\/\/nhkmachineryparts.com\/product\/253-mini-two-bolt-flange-units-in-stainless-steel-sufl\/#breadcrumb"},"inLanguage":"de","potentialAction":[{"@type":"ReadAction","target":["https:\/\/nhkmachineryparts.com\/product\/253-mini-two-bolt-flange-units-in-stainless-steel-sufl\/"]}]},{"@type":"ImageObject","inLanguage":"de","@id":"https:\/\/nhkmachineryparts.com\/product\/253-mini-two-bolt-flange-units-in-stainless-steel-sufl\/#primaryimage","url":"https:\/\/nhkmachineryparts.com\/wp-content\/uploads\/2022\/09\/Mini-Two-bolt-flange-units-in-stainless-steel-304.jpg","contentUrl":"https:\/\/nhkmachineryparts.com\/wp-content\/uploads\/2022\/09\/Mini-Two-bolt-flange-units-in-stainless-steel-304.jpg","width":1000,"height":1000,"caption":"Mini Two-bolt flange units in stainless steel 304"},{"@type":"BreadcrumbList","@id":"https:\/\/nhkmachineryparts.com\/product\/253-mini-two-bolt-flange-units-in-stainless-steel-sufl\/#breadcrumb","itemListElement":[{"@type":"ListItem","position":1,"name":"Home","item":"https:\/\/nhkmachineryparts.com\/"},{"@type":"ListItem","position":2,"name":"Product line","item":"https:\/\/nhkmachineryparts.com\/product-line\/"},{"@type":"ListItem","position":3,"name":"Mini Bearing Units in Stainless Steel","item":"https:\/\/nhkmachineryparts.com\/product-line\/mini-bearing-units-in-stainless-steel\/"},{"@type":"ListItem","position":4,"name":"Mini Two-bolt flange units in stainless steel SUFL"}]},{"@type":"WebSite","@id":"https:\/\/nhkmachineryparts.com\/#website","url":"https:\/\/nhkmachineryparts.com\/","name":"NHK-Maschinenteile","description":"Lagergeh\u00e4use, seismische Nivellierf\u00fc\u00dfe und Nivellierrollen","publisher":{"@id":"https:\/\/nhkmachineryparts.com\/#organization"},"potentialAction":[{"@type":"SearchAction","target":{"@type":"EntryPoint","urlTemplate":"https:\/\/nhkmachineryparts.com\/?s={search_term_string}"},"query-input":{"@type":"PropertyValueSpecification","valueRequired":true,"valueName":"search_term_string"}}],"inLanguage":"de"},{"@type":"Organization","@id":"https:\/\/nhkmachineryparts.com\/#organization","name":"Nhk Group ApS","url":"https:\/\/nhkmachineryparts.com\/","logo":{"@type":"ImageObject","inLanguage":"de","@id":"https:\/\/nhkmachineryparts.com\/#\/schema\/logo\/image\/","url":"https:\/\/nhkmachineryparts.com\/wp-content\/uploads\/2022\/09\/NHKgroup_social.jpg","contentUrl":"https:\/\/nhkmachineryparts.com\/wp-content\/uploads\/2022\/09\/NHKgroup_social.jpg","width":1200,"height":630,"caption":"Nhk Group ApS"},"image":{"@id":"https:\/\/nhkmachineryparts.com\/#\/schema\/logo\/image\/"},"sameAs":["https:\/\/www.facebook.com\/NHK.Group.aps"]}]}},"_links":{"self":[{"href":"https:\/\/nhkmachineryparts.com\/de\/wp-json\/wp\/v2\/product\/1868","targetHints":{"allow":["GET"]}}],"collection":[{"href":"https:\/\/nhkmachineryparts.com\/de\/wp-json\/wp\/v2\/product"}],"about":[{"href":"https:\/\/nhkmachineryparts.com\/de\/wp-json\/wp\/v2\/types\/product"}],"wp:featuredmedia":[{"embeddable":true,"href":"https:\/\/nhkmachineryparts.com\/de\/wp-json\/wp\/v2\/media\/11574"}],"wp:attachment":[{"href":"https:\/\/nhkmachineryparts.com\/de\/wp-json\/wp\/v2\/media?parent=1868"}],"wp:term":[{"taxonomy":"product_brand","embeddable":true,"href":"https:\/\/nhkmachineryparts.com\/de\/wp-json\/wp\/v2\/product_brand?post=1868"},{"taxonomy":"product_cat","embeddable":true,"href":"https:\/\/nhkmachineryparts.com\/de\/wp-json\/wp\/v2\/product_cat?post=1868"},{"taxonomy":"product_tag","embeddable":true,"href":"https:\/\/nhkmachineryparts.com\/de\/wp-json\/wp\/v2\/product_tag?post=1868"}],"curies":[{"name":"wp","href":"https:\/\/api.w.org\/{rel}","templated":true}]}}