{"id":1856,"date":"2022-09-26T10:34:21","date_gmt":"2022-09-26T10:34:21","guid":{"rendered":"https:\/\/nhkmachineryparts.pawsfabrik.dk\/?post_type=product&#038;p=1856"},"modified":"2025-02-15T19:10:40","modified_gmt":"2025-02-15T17:10:40","slug":"229-thermoplast-einheit-offene-abdeckung","status":"publish","type":"product","link":"https:\/\/nhkmachineryparts.com\/de\/product\/229-thermo-plastic-unit-open-cover\/","title":{"rendered":"Offene Abdeckung der Thermoplast-Lagereinheit"},"content":{"rendered":"<section class=\"vc_row vc_custom_1662993827263 liquid-row-shadowbox-69d3f7003237b vc_column-gap-0\"><div class=\"ld-container container\"><div class=\"row ld-row ld-row-outer\"><div class=\"wpb_column vc_column_container vc_col-sm-12 liquid-column-69d3f700325e8\"><div class=\"vc_column-inner\" ><div class=\"wpb_wrapper\"  >\n\t<div class=\"wpb_text_column wpb_content_element\" >\n\t\t<div class=\"wpb_wrapper\">\n\t\t\t<h2>Verbessern Sie Haltbarkeit und Effizienz<\/h2>\n<ul>\n<li>Thermoplastische Geh\u00e4useabdeckung in Schwarz, Wei\u00df oder Blau<\/li>\n<li>Bezugsmaterial: Polypropylen<\/li>\n<li>\u00d6ldichtungsmaterial: NBR-Gummi<\/li>\n<li>\u00d6ldichtung TC (Doppellippe)<\/li>\n<li>\u00d6ldichtung mit Edelstahlfeder<\/li>\n<\/ul>\n<h2>Verf\u00fcgbare Gr\u00f6\u00dfen<\/h2>\n<div class=\"dcf-overflow-x-auto\" tabindex=\"0\">\n<table class=\"dcf-table dcf-table-bordered dcf-w-100%\">\n<thead>\n<tr>\n<th scope=\"col\">Wellendurchmesser<\/th>\n<th scope=\"col\">Katalog-Nr.<\/th>\n<\/tr>\n<\/thead>\n<tbody>\n<tr>\n<td data-label=\"Shaft Diameter\">\u00d820 mm<\/td>\n<td data-label=\"Catalog No.\">OC 204<\/td>\n<\/tr>\n<tr>\n<td data-label=\"Shaft Diameter\">\u00d825 mm<\/td>\n<td data-label=\"Catalog No.\">OC 205<\/td>\n<\/tr>\n<tr>\n<td data-label=\"Shaft Diameter\">\u00d830 mm<\/td>\n<td data-label=\"Catalog No.\">OC 206<\/td>\n<\/tr>\n<tr>\n<td data-label=\"Shaft Diameter\">\u00d835 mm<\/td>\n<td data-label=\"Catalog No.\">OC 207<\/td>\n<\/tr>\n<tr>\n<td data-label=\"Shaft Diameter\">\u00d840 mm<\/td>\n<td data-label=\"Catalog No.\">OC 208<\/td>\n<\/tr>\n<tr>\n<td data-label=\"Shaft Diameter\">\u00d845 mm<\/td>\n<td data-label=\"Catalog No.\">OC 209<\/td>\n<\/tr>\n<tr>\n<td data-label=\"Shaft Diameter\">\u00d850 mm<\/td>\n<td data-label=\"Catalog No.\">OC 210<\/td>\n<\/tr>\n<tr>\n<td data-label=\"Shaft Diameter\">\u00d855 mm<\/td>\n<td data-label=\"Catalog No.\">OC 211<\/td>\n<\/tr>\n<tr>\n<td data-label=\"Shaft Diameter\">\u00d860 mm<\/td>\n<td data-label=\"Catalog No.\">OC 212<\/td>\n<\/tr>\n<\/tbody>\n<\/table>\n<\/div>\n<h2 data-start=\"0\" data-end=\"96\"><strong data-start=\"4\" data-end=\"96\">Lagereinheiten im IP54-Verbundgeh\u00e4use mit offenem Deckel<\/strong><\/h2>\n<h3 data-start=\"0\" data-end=\"96\"><strong data-start=\"4\" data-end=\"96\">Langlebige und effiziente L\u00f6sungen<\/strong><\/h3>\n<p data-start=\"98\" data-end=\"546\">Lagereinheiten spielen in verschiedenen industriellen Anwendungen eine entscheidende Rolle und sorgen f\u00fcr einen reibungslosen und effizienten Betrieb. Zu den verschiedenen verf\u00fcgbaren Typen geh\u00f6ren <strong data-start=\"247\" data-end=\"304\">IP54-Lagereinheiten mit Verbundgeh\u00e4use und offenen Abdeckungen<\/strong> zeichnen sich durch ihre <strong data-start=\"328\" data-end=\"379\">Haltbarkeit, Vielseitigkeit und Kosteneffizienz<\/strong>. Diese Einheiten bieten hervorragenden Schutz gegen Staub und begrenzten Wasserkontakt und sind daher ideal f\u00fcr <a href=\"https:\/\/nhkmachineryparts.com\/de\/our-industries\/\" data-internallinksmanager029f6b8e52c=\"4\" title=\"Unsere Branchen\">Branchen<\/a> die erfordern <strong data-start=\"507\" data-end=\"545\">zuverl\u00e4ssige und dennoch leichte L\u00f6sungen<\/strong>.<\/p>\n<h3 data-start=\"548\" data-end=\"606\"><strong data-start=\"552\" data-end=\"606\">Vorteile von IP54-Lagereinheiten mit Verbundgeh\u00e4use<\/strong><\/h3>\n<ol data-start=\"607\" data-end=\"1288\">\n<li data-start=\"607\" data-end=\"774\"><strong data-start=\"610\" data-end=\"633\">Verbesserter Schutz<\/strong> - Der <strong data-start=\"640\" data-end=\"672\">IP54-zertifiziertes Verbundgeh\u00e4use<\/strong> bietet Widerstandsf\u00e4higkeit gegen Staub und Spritzwasser und gew\u00e4hrleistet so eine lange Lebensdauer in anspruchsvollen Umgebungen.<\/li>\n<li data-start=\"775\" data-end=\"942\"><strong data-start=\"778\" data-end=\"817\">Leicht und korrosionsbest\u00e4ndig<\/strong> \u2013 Im Gegensatz zu herk\u00f6mmlichen Metallgeh\u00e4usen sind Verbundwerkstoffe <strong data-start=\"879\" data-end=\"941\">leicht, korrosionsbest\u00e4ndig und wartungsfreundlich<\/strong>.<\/li>\n<li data-start=\"943\" data-end=\"1107\"><strong data-start=\"946\" data-end=\"966\">Hohe Leistung<\/strong> - Der <strong data-start=\"973\" data-end=\"994\">offenes Cover-Design<\/strong> erm\u00f6glicht eine bessere Luftzirkulation, verhindert \u00dcberhitzung und verbessert die Gesamtleistung in <strong data-start=\"1082\" data-end=\"1106\">dynamische Anwendungen<\/strong>.<\/li>\n<li data-start=\"1108\" data-end=\"1288\"><strong data-start=\"1111\" data-end=\"1138\">Kosteng\u00fcnstige L\u00f6sung<\/strong> - Im Vergleich zu <strong data-start=\"1153\" data-end=\"1185\">Edelstahl-Alternativen<\/strong>, Lagereinheiten mit Verbundgeh\u00e4use bieten eine <strong data-start=\"1227\" data-end=\"1245\">kosteneffizient<\/strong> Option ohne Kompromisse bei der Haltbarkeit.<\/li>\n<\/ol>\n<h3 data-start=\"1290\" data-end=\"1332\"><strong data-start=\"1294\" data-end=\"1332\">Anwendungen in verschiedenen Branchen<\/strong><\/h3>\n<ul data-start=\"1333\" data-end=\"1699\">\n<li data-start=\"1333\" data-end=\"1438\"><strong data-start=\"1335\" data-end=\"1367\">Lebensmittel- und Getr\u00e4nkeverarbeitung<\/strong> \u2013 Ideal f\u00fcr F\u00f6rdersysteme, bei denen Feuchtigkeitsbest\u00e4ndigkeit erforderlich ist.<\/li>\n<li data-start=\"1439\" data-end=\"1528\"><strong data-start=\"1441\" data-end=\"1468\">Pharmaindustrie<\/strong> \u2013 Gew\u00e4hrleistet die Einhaltung der Hygiene durch leicht zu reinigende Oberfl\u00e4chen.<\/li>\n<li data-start=\"1529\" data-end=\"1607\"><strong data-start=\"1531\" data-end=\"1553\">Verpackungsindustrie<\/strong> \u2013 Wird in Automatisierungs- und Materialhandhabungssystemen verwendet.<\/li>\n<li data-start=\"1608\" data-end=\"1699\"><strong data-start=\"1610\" data-end=\"1642\">Landwirtschaft und Gartenbau<\/strong> \u2013 Sch\u00fctzt vor Staub und Schmutz in Verarbeitungsanlagen.<\/li>\n<\/ul>\n<h2 data-start=\"1701\" data-end=\"1719\"><strong data-start=\"1705\" data-end=\"1719\">Haltbarkeit, Leistung und Kosteneffizienz<\/strong><\/h2>\n<p data-start=\"1720\" data-end=\"2052\">IP54-Verbundgeh\u00e4use-Lagereinheiten mit offenen Abdeckungen bieten <strong data-start=\"1782\" data-end=\"1836\">eine robuste, leichte und kosteng\u00fcnstige L\u00f6sung<\/strong> f\u00fcr Branchen, die <strong data-start=\"1860\" data-end=\"1896\">zuverl\u00e4ssige und langlebige Leistung<\/strong>. Ihre <strong data-start=\"1904\" data-end=\"1988\">Korrosionsbest\u00e4ndigkeit, verbesserte Luftzirkulation und Schutz vor Staub und Feuchtigkeit<\/strong> machen sie zu einem <strong data-start=\"2001\" data-end=\"2024\">wertvolle Investition<\/strong> f\u00fcr verschiedene Anwendungen.<\/p>\n<h2>Offene Abdeckung\/offene Kappe der Thermoplasteinheit (OC)<\/h2>\n<p><a href=\"https:\/\/nhkmachineryparts.com\/de\/produkt\/223-pillow-block-einheit-pers\/\">Stehlager-PPL-Kugellagereinheit<\/a><br \/>\n<a href=\"https:\/\/nhkmachineryparts.com\/de\/produkt\/222-quadrat-4-loch-flanscheinheit-fpl\/\">Quadratische 4-Loch-Flansch-FPL-Kugellagereinheit<\/a><br \/>\n<a href=\"https:\/\/nhkmachineryparts.com\/de\/produkt\/224-oval-2-bolt-flange-unit-flpl\/\">Ovale 2-Loch-Flansch-FLPL-Kugellagereinheit<\/a><br \/>\n<a href=\"https:\/\/nhkmachineryparts.com\/de\/produkt\/225-gewindeboden-kissenblock-einheit-papl\/\">Stehlagerblock mit Gewindebohrung, PAPL-Kugellagereinheit<\/a><br \/>\n<a href=\"https:\/\/nhkmachineryparts.com\/de\/produkt\/226-flanscheinheit-3-bolzen-eine-seite-fbpl\/\">3-Loch-FBPL-Kugellagereinheit mit einseitigem Flansch<\/a><br \/>\n<a href=\"https:\/\/nhkmachineryparts.com\/de\/produkt\/292-cartridge-4-bolt-flange-unit-fcpl\/\">Rundem-4-Loch-Flanscheinheit FCPL<\/a><br \/>\n<a href=\"https:\/\/nhkmachineryparts.com\/de\/produkt\/227-aufhangeeinheit-hppl\/\">Blue Hanger HPPL-Kugellagereinheit<\/a><br \/>\n<a href=\"https:\/\/nhkmachineryparts.com\/de\/produkt\/228-take-up-unit-tpl\/\">Blaue TPL-Kugellagereinheit<\/a><\/p>\n\n\t\t<\/div>\n\t<\/div>\n<\/div><\/div><\/div><\/div><\/div><\/section>","protected":false},"excerpt":{"rendered":"Enhance durability and efficiency Thermoplastic housings cover in Black, White or Blue Cover material: Polypropylene Oil seal material: NBR Rubber Oil seal TC (Double lip) Oil seal with stainless steel spring Available sizes Shaft Diameter Catalog No. \u00d820 mm OC 204 \u00d825 mm OC 205 \u00d830 mm OC 206 \u00d835 mm OC 207 \u00d840 mm [...]","protected":false},"featured_media":11569,"template":"","meta":[],"product_brand":[],"product_cat":[52],"product_tag":[],"class_list":{"0":"post-1856","1":"product","2":"type-product","3":"status-publish","4":"has-post-thumbnail","6":"product_cat-bearing-units-in-ip54-thermo-plastic-housing","8":"first","9":"instock","10":"shipping-taxable","11":"product-type-simple"},"yoast_head":"<!-- This site is optimized with the Yoast SEO plugin v27.3 - https:\/\/yoast.com\/product\/yoast-seo-wordpress\/ -->\n<title>Thermo plastic bearing unit open cover | Durability and Efficiency | NHK Machinery Parts<\/title>\n<meta name=\"description\" content=\"The open cover for thermo plastic bearing unit is suitable for the food industry and other demanding environments, due to the hygienic design\" \/>\n<meta name=\"robots\" content=\"index, follow, max-snippet:-1, max-image-preview:large, max-video-preview:-1\" \/>\n<link rel=\"canonical\" href=\"https:\/\/nhkmachineryparts.com\/de\/produkt\/229-thermoplast-einheit-offene-abdeckung\/\" \/>\n<meta property=\"og:locale\" content=\"de_DE\" \/>\n<meta property=\"og:type\" content=\"article\" \/>\n<meta property=\"og:title\" content=\"Thermo plastic bearing unit open cover | Durability and Efficiency | NHK Machinery Parts\" \/>\n<meta property=\"og:description\" content=\"The open cover for thermo plastic bearing unit is suitable for the food industry and other demanding environments, due to the hygienic design\" \/>\n<meta property=\"og:url\" content=\"https:\/\/nhkmachineryparts.com\/de\/produkt\/229-thermoplast-einheit-offene-abdeckung\/\" \/>\n<meta property=\"og:site_name\" content=\"NHK Machinery Parts\" \/>\n<meta property=\"article:publisher\" content=\"https:\/\/www.facebook.com\/NHK.Group.aps\" \/>\n<meta property=\"article:modified_time\" content=\"2025-02-15T17:10:40+00:00\" \/>\n<meta property=\"og:image\" content=\"https:\/\/nhkmachineryparts.com\/wp-content\/uploads\/2022\/09\/Blue-cover-for-bearing-units-1.jpg\" \/>\n\t<meta property=\"og:image:width\" content=\"1000\" \/>\n\t<meta property=\"og:image:height\" content=\"1000\" \/>\n\t<meta property=\"og:image:type\" content=\"image\/jpeg\" \/>\n<meta name=\"twitter:card\" content=\"summary_large_image\" \/>\n<meta name=\"twitter:label1\" content=\"Gesch\u00e4tzte Lesezeit\" \/>\n\t<meta name=\"twitter:data1\" content=\"2\u00a0Minuten\" \/>\n<script type=\"application\/ld+json\" class=\"yoast-schema-graph\">{\"@context\":\"https:\\\/\\\/schema.org\",\"@graph\":[{\"@type\":\"WebPage\",\"@id\":\"https:\\\/\\\/nhkmachineryparts.com\\\/product\\\/229-thermo-plastic-unit-open-cover\\\/\",\"url\":\"https:\\\/\\\/nhkmachineryparts.com\\\/product\\\/229-thermo-plastic-unit-open-cover\\\/\",\"name\":\"Thermo plastic bearing unit open cover | Durability and Efficiency | NHK Machinery Parts\",\"isPartOf\":{\"@id\":\"https:\\\/\\\/nhkmachineryparts.com\\\/#website\"},\"primaryImageOfPage\":{\"@id\":\"https:\\\/\\\/nhkmachineryparts.com\\\/product\\\/229-thermo-plastic-unit-open-cover\\\/#primaryimage\"},\"image\":{\"@id\":\"https:\\\/\\\/nhkmachineryparts.com\\\/product\\\/229-thermo-plastic-unit-open-cover\\\/#primaryimage\"},\"thumbnailUrl\":\"https:\\\/\\\/nhkmachineryparts.com\\\/wp-content\\\/uploads\\\/2022\\\/09\\\/Blue-cover-for-bearing-units-1.jpg\",\"datePublished\":\"2022-09-26T10:34:21+00:00\",\"dateModified\":\"2025-02-15T17:10:40+00:00\",\"description\":\"The open cover for thermo plastic bearing unit is suitable for the food industry and other demanding environments, due to the hygienic design\",\"breadcrumb\":{\"@id\":\"https:\\\/\\\/nhkmachineryparts.com\\\/product\\\/229-thermo-plastic-unit-open-cover\\\/#breadcrumb\"},\"inLanguage\":\"de\",\"potentialAction\":[{\"@type\":\"ReadAction\",\"target\":[\"https:\\\/\\\/nhkmachineryparts.com\\\/product\\\/229-thermo-plastic-unit-open-cover\\\/\"]}]},{\"@type\":\"ImageObject\",\"inLanguage\":\"de\",\"@id\":\"https:\\\/\\\/nhkmachineryparts.com\\\/product\\\/229-thermo-plastic-unit-open-cover\\\/#primaryimage\",\"url\":\"https:\\\/\\\/nhkmachineryparts.com\\\/wp-content\\\/uploads\\\/2022\\\/09\\\/Blue-cover-for-bearing-units-1.jpg\",\"contentUrl\":\"https:\\\/\\\/nhkmachineryparts.com\\\/wp-content\\\/uploads\\\/2022\\\/09\\\/Blue-cover-for-bearing-units-1.jpg\",\"width\":1000,\"height\":1000,\"caption\":\"Blue cover for bearing units\"},{\"@type\":\"BreadcrumbList\",\"@id\":\"https:\\\/\\\/nhkmachineryparts.com\\\/product\\\/229-thermo-plastic-unit-open-cover\\\/#breadcrumb\",\"itemListElement\":[{\"@type\":\"ListItem\",\"position\":1,\"name\":\"Home\",\"item\":\"https:\\\/\\\/nhkmachineryparts.com\\\/\"},{\"@type\":\"ListItem\",\"position\":2,\"name\":\"Product line\",\"item\":\"https:\\\/\\\/nhkmachineryparts.com\\\/product-line\\\/\"},{\"@type\":\"ListItem\",\"position\":3,\"name\":\"Bearing units in IP54\u00a0composite housing\",\"item\":\"https:\\\/\\\/nhkmachineryparts.com\\\/product-line\\\/bearing-units-in-ip54-thermo-plastic-housing\\\/\"},{\"@type\":\"ListItem\",\"position\":4,\"name\":\"Thermo plastic bearing unit open cover\"}]},{\"@type\":\"WebSite\",\"@id\":\"https:\\\/\\\/nhkmachineryparts.com\\\/#website\",\"url\":\"https:\\\/\\\/nhkmachineryparts.com\\\/\",\"name\":\"NHK Machinery Parts\",\"description\":\"Bearing Houses, seismic levelling feet and levelling castors\",\"publisher\":{\"@id\":\"https:\\\/\\\/nhkmachineryparts.com\\\/#organization\"},\"potentialAction\":[{\"@type\":\"SearchAction\",\"target\":{\"@type\":\"EntryPoint\",\"urlTemplate\":\"https:\\\/\\\/nhkmachineryparts.com\\\/?s={search_term_string}\"},\"query-input\":{\"@type\":\"PropertyValueSpecification\",\"valueRequired\":true,\"valueName\":\"search_term_string\"}}],\"inLanguage\":\"de\"},{\"@type\":\"Organization\",\"@id\":\"https:\\\/\\\/nhkmachineryparts.com\\\/#organization\",\"name\":\"Nhk Group ApS\",\"url\":\"https:\\\/\\\/nhkmachineryparts.com\\\/\",\"logo\":{\"@type\":\"ImageObject\",\"inLanguage\":\"de\",\"@id\":\"https:\\\/\\\/nhkmachineryparts.com\\\/#\\\/schema\\\/logo\\\/image\\\/\",\"url\":\"https:\\\/\\\/nhkmachineryparts.com\\\/wp-content\\\/uploads\\\/2022\\\/09\\\/NHKgroup_social.jpg\",\"contentUrl\":\"https:\\\/\\\/nhkmachineryparts.com\\\/wp-content\\\/uploads\\\/2022\\\/09\\\/NHKgroup_social.jpg\",\"width\":1200,\"height\":630,\"caption\":\"Nhk Group ApS\"},\"image\":{\"@id\":\"https:\\\/\\\/nhkmachineryparts.com\\\/#\\\/schema\\\/logo\\\/image\\\/\"},\"sameAs\":[\"https:\\\/\\\/www.facebook.com\\\/NHK.Group.aps\"]}]}<\/script>\n<!-- \/ Yoast SEO plugin. -->","yoast_head_json":{"title":"Offene Abdeckung f\u00fcr thermoplastische Lagereinheit | Haltbarkeit und Effizienz | NHK Machinery Parts","description":"Der offene Deckel f\u00fcr die Thermoplast-Lagereinheit ist aufgrund des hygienischen Designs f\u00fcr die Lebensmittelindustrie und andere anspruchsvolle Umgebungen geeignet","robots":{"index":"index","follow":"follow","max-snippet":"max-snippet:-1","max-image-preview":"max-image-preview:large","max-video-preview":"max-video-preview:-1"},"canonical":"https:\/\/nhkmachineryparts.com\/de\/produkt\/229-thermoplast-einheit-offene-abdeckung\/","og_locale":"de_DE","og_type":"article","og_title":"Thermo plastic bearing unit open cover | Durability and Efficiency | NHK Machinery Parts","og_description":"The open cover for thermo plastic bearing unit is suitable for the food industry and other demanding environments, due to the hygienic design","og_url":"https:\/\/nhkmachineryparts.com\/de\/produkt\/229-thermoplast-einheit-offene-abdeckung\/","og_site_name":"NHK Machinery Parts","article_publisher":"https:\/\/www.facebook.com\/NHK.Group.aps","article_modified_time":"2025-02-15T17:10:40+00:00","og_image":[{"width":1000,"height":1000,"url":"https:\/\/nhkmachineryparts.com\/wp-content\/uploads\/2022\/09\/Blue-cover-for-bearing-units-1.jpg","type":"image\/jpeg"}],"twitter_card":"summary_large_image","twitter_misc":{"Gesch\u00e4tzte Lesezeit":"2\u00a0Minuten"},"schema":{"@context":"https:\/\/schema.org","@graph":[{"@type":"WebPage","@id":"https:\/\/nhkmachineryparts.com\/product\/229-thermo-plastic-unit-open-cover\/","url":"https:\/\/nhkmachineryparts.com\/product\/229-thermo-plastic-unit-open-cover\/","name":"Offene Abdeckung f\u00fcr thermoplastische Lagereinheit | Haltbarkeit und Effizienz | NHK Machinery Parts","isPartOf":{"@id":"https:\/\/nhkmachineryparts.com\/#website"},"primaryImageOfPage":{"@id":"https:\/\/nhkmachineryparts.com\/product\/229-thermo-plastic-unit-open-cover\/#primaryimage"},"image":{"@id":"https:\/\/nhkmachineryparts.com\/product\/229-thermo-plastic-unit-open-cover\/#primaryimage"},"thumbnailUrl":"https:\/\/nhkmachineryparts.com\/wp-content\/uploads\/2022\/09\/Blue-cover-for-bearing-units-1.jpg","datePublished":"2022-09-26T10:34:21+00:00","dateModified":"2025-02-15T17:10:40+00:00","description":"Der offene Deckel f\u00fcr die Thermoplast-Lagereinheit ist aufgrund des hygienischen Designs f\u00fcr die Lebensmittelindustrie und andere anspruchsvolle Umgebungen geeignet","breadcrumb":{"@id":"https:\/\/nhkmachineryparts.com\/product\/229-thermo-plastic-unit-open-cover\/#breadcrumb"},"inLanguage":"de","potentialAction":[{"@type":"ReadAction","target":["https:\/\/nhkmachineryparts.com\/product\/229-thermo-plastic-unit-open-cover\/"]}]},{"@type":"ImageObject","inLanguage":"de","@id":"https:\/\/nhkmachineryparts.com\/product\/229-thermo-plastic-unit-open-cover\/#primaryimage","url":"https:\/\/nhkmachineryparts.com\/wp-content\/uploads\/2022\/09\/Blue-cover-for-bearing-units-1.jpg","contentUrl":"https:\/\/nhkmachineryparts.com\/wp-content\/uploads\/2022\/09\/Blue-cover-for-bearing-units-1.jpg","width":1000,"height":1000,"caption":"Blue cover for bearing units"},{"@type":"BreadcrumbList","@id":"https:\/\/nhkmachineryparts.com\/product\/229-thermo-plastic-unit-open-cover\/#breadcrumb","itemListElement":[{"@type":"ListItem","position":1,"name":"Home","item":"https:\/\/nhkmachineryparts.com\/"},{"@type":"ListItem","position":2,"name":"Product line","item":"https:\/\/nhkmachineryparts.com\/product-line\/"},{"@type":"ListItem","position":3,"name":"Bearing units in IP54\u00a0composite housing","item":"https:\/\/nhkmachineryparts.com\/product-line\/bearing-units-in-ip54-thermo-plastic-housing\/"},{"@type":"ListItem","position":4,"name":"Thermo plastic bearing unit open cover"}]},{"@type":"WebSite","@id":"https:\/\/nhkmachineryparts.com\/#website","url":"https:\/\/nhkmachineryparts.com\/","name":"NHK-Maschinenteile","description":"Lagergeh\u00e4use, seismische Nivellierf\u00fc\u00dfe und Nivellierrollen","publisher":{"@id":"https:\/\/nhkmachineryparts.com\/#organization"},"potentialAction":[{"@type":"SearchAction","target":{"@type":"EntryPoint","urlTemplate":"https:\/\/nhkmachineryparts.com\/?s={search_term_string}"},"query-input":{"@type":"PropertyValueSpecification","valueRequired":true,"valueName":"search_term_string"}}],"inLanguage":"de"},{"@type":"Organization","@id":"https:\/\/nhkmachineryparts.com\/#organization","name":"Nhk Group ApS","url":"https:\/\/nhkmachineryparts.com\/","logo":{"@type":"ImageObject","inLanguage":"de","@id":"https:\/\/nhkmachineryparts.com\/#\/schema\/logo\/image\/","url":"https:\/\/nhkmachineryparts.com\/wp-content\/uploads\/2022\/09\/NHKgroup_social.jpg","contentUrl":"https:\/\/nhkmachineryparts.com\/wp-content\/uploads\/2022\/09\/NHKgroup_social.jpg","width":1200,"height":630,"caption":"Nhk Group ApS"},"image":{"@id":"https:\/\/nhkmachineryparts.com\/#\/schema\/logo\/image\/"},"sameAs":["https:\/\/www.facebook.com\/NHK.Group.aps"]}]}},"_links":{"self":[{"href":"https:\/\/nhkmachineryparts.com\/de\/wp-json\/wp\/v2\/product\/1856","targetHints":{"allow":["GET"]}}],"collection":[{"href":"https:\/\/nhkmachineryparts.com\/de\/wp-json\/wp\/v2\/product"}],"about":[{"href":"https:\/\/nhkmachineryparts.com\/de\/wp-json\/wp\/v2\/types\/product"}],"wp:featuredmedia":[{"embeddable":true,"href":"https:\/\/nhkmachineryparts.com\/de\/wp-json\/wp\/v2\/media\/11569"}],"wp:attachment":[{"href":"https:\/\/nhkmachineryparts.com\/de\/wp-json\/wp\/v2\/media?parent=1856"}],"wp:term":[{"taxonomy":"product_brand","embeddable":true,"href":"https:\/\/nhkmachineryparts.com\/de\/wp-json\/wp\/v2\/product_brand?post=1856"},{"taxonomy":"product_cat","embeddable":true,"href":"https:\/\/nhkmachineryparts.com\/de\/wp-json\/wp\/v2\/product_cat?post=1856"},{"taxonomy":"product_tag","embeddable":true,"href":"https:\/\/nhkmachineryparts.com\/de\/wp-json\/wp\/v2\/product_tag?post=1856"}],"curies":[{"name":"wp","href":"https:\/\/api.w.org\/{rel}","templated":true}]}}