{"id":1820,"date":"2022-09-26T10:01:50","date_gmt":"2022-09-26T10:01:50","guid":{"rendered":"https:\/\/nhkmachineryparts.pawsfabrik.dk\/?post_type=product&#038;p=1820"},"modified":"2026-02-23T14:54:18","modified_gmt":"2026-02-23T12:54:18","slug":"228-take-up-unit-tpl","status":"publish","type":"product","link":"https:\/\/nhkmachineryparts.com\/de\/product\/228-take-up-unit-tpl\/","title":{"rendered":"Aufwickelbare TPL-Kugellagereinheit"},"content":{"rendered":"<section class=\"vc_row vc_custom_1662993827263 liquid-row-shadowbox-69d3f6da7204a vc_column-gap-0\"><div class=\"ld-container container\"><div class=\"row ld-row ld-row-outer\"><div class=\"wpb_column vc_column_container vc_col-sm-12 liquid-column-69d3f6da721e1\"><div class=\"vc_column-inner\" ><div class=\"wpb_wrapper\"  >\n\t<div class=\"wpb_text_column wpb_content_element\" >\n\t\t<div class=\"wpb_wrapper\">\n\t\t\t<h2>Langlebig und korrosionsbest\u00e4ndig<\/h2>\n<p>IP54-Lagergeh\u00e4use aus Polypropylen. (Farbe: Schwarz, Wei\u00df oder Blau)<br \/>\nDas IP54-Lagergeh\u00e4use verf\u00fcgt \u00fcber ein einstellbares, vorgeschmiertes Chromstahl- oder vorgeschmiertes Edelstahlkugellager.<br \/>\nDas Nachschmieren des Lagers kann mittels Schmiernippel oder Schnellkupplung erfolgen.<br \/>\nDas IP54-Lagergeh\u00e4use ist mit einer aufsteckbaren Sicherheitskappe ausgestattet.<br \/>\nRadialwellendichtring (TC) mit zus\u00e4tzlicher Staubschutzlippe aus NBR-Gummi.<\/p>\n<h2>Funktionen und Vorteile<\/h2>\n<ul>\n<li>Betriebstemperatur zwischen -20 \u00b0C und +100 \u00b0C.<\/li>\n<li>Wirtschaftlicher Betrieb.<\/li>\n<li>Langlebiger Lagereinsatz.<\/li>\n<li>Konzept und Design zur Erf\u00fcllung aller Sicherheitsanforderungen.<\/li>\n<li>Austauschbar mit standardm\u00e4\u00dfigen Flanschlagertr\u00e4gern aus Gusseisen.<\/li>\n<li>Maximale Fehlausrichtung zwischen Welle und Geh\u00e4use: 3 Grad.<\/li>\n<li>Komplett versiegelte Einheiten.<\/li>\n<li>Schmiernippel aus Edelstahl AISI304 M6x1mm<\/li>\n<li>Edelstahllager AISI 440C (vorgeschmiert)<\/li>\n<li>Mit Langzeitfett vorgeschmiertes Kugellager, ideal f\u00fcr Anwendungen in feuchten Umgebungen, mit Wasser, alkalischen oder sauren L\u00f6sungen.<\/li>\n<\/ul>\n<h2>Verf\u00fcgbare Gr\u00f6\u00dfen<\/h2>\n<div class=\"dcf-overflow-x-auto\" tabindex=\"0\">\n<table class=\"dcf-table dcf-table-bordered dcf-w-100%\">\n<thead>\n<tr>\n<th scope=\"col\">Wellendurchmesser<\/th>\n<th scope=\"col\">Katalog-Nr.<\/th>\n<\/tr>\n<\/thead>\n<tbody>\n<tr>\n<td data-label=\"Shaft Diameter\">\u00d820 mm<\/td>\n<td data-label=\"Catalog No.\">TPL 204<\/td>\n<\/tr>\n<tr>\n<td data-label=\"Shaft Diameter\">\u00d825 mm<\/td>\n<td data-label=\"Catalog No.\">TPL 205<\/td>\n<\/tr>\n<tr>\n<td data-label=\"Shaft Diameter\">\u00d830 mm<\/td>\n<td data-label=\"Catalog No.\">TPL 206<\/td>\n<\/tr>\n<tr>\n<td data-label=\"Shaft Diameter\">\u00d835 mm<\/td>\n<td data-label=\"Catalog No.\">TPL 207<\/td>\n<\/tr>\n<tr>\n<td data-label=\"Shaft Diameter\">\u00d840 mm<\/td>\n<td data-label=\"Catalog No.\">TPL 208<\/td>\n<\/tr>\n<tr>\n<td data-label=\"Shaft Diameter\">\u00d845 mm<\/td>\n<td data-label=\"Catalog No.\">TPL 209<\/td>\n<\/tr>\n<tr>\n<td data-label=\"Shaft Diameter\">\u00d850 mm<\/td>\n<td data-label=\"Catalog No.\">TPL 210<\/td>\n<\/tr>\n<tr>\n<td data-label=\"Shaft Diameter\">\u00d855 mm<\/td>\n<td data-label=\"Catalog No.\">TPL 211<\/td>\n<\/tr>\n<tr>\n<td data-label=\"Shaft Diameter\">\u00d860 mm<\/td>\n<td data-label=\"Catalog No.\">TPL 212<\/td>\n<\/tr>\n<\/tbody>\n<\/table>\n<\/div>\n<p>Auf Anfrage auch Aufwickeleinheit TPL mit Zollgewinde lieferbar<\/p>\n<p>Der TPL20x kann mit offener oder geschlossener Kappe geliefert werden.<br \/>\nBei offener Kappe wird den Lagernummern das Suffix \u201eOC\u201c hinzugef\u00fcgt. Bsp.: TPL204OC.<br \/>\nGeschlossene Kappe, den Lagernummern wird das Suffix \u201eCC\u201c hinzugef\u00fcgt. Bsp.: TPL204CC.<\/p>\n<h2 data-start=\"0\" data-end=\"105\"><strong data-start=\"4\" data-end=\"103\">Blaue Take-up TPL-Kugellagereinheit: <\/strong><\/h2>\n<h3><strong data-start=\"4\" data-end=\"103\">Eine langlebige und hygienische L\u00f6sung f\u00fcr industrielle Anwendungen<\/strong><\/h3>\n<p data-start=\"181\" data-end=\"524\">Der <strong data-start=\"185\" data-end=\"223\">Blaue Take-up TPL-Kugellagereinheit<\/strong> ist ein Game-Changer in <a href=\"https:\/\/nhkmachineryparts.com\/de\/our-industries\/\" data-internallinksmanager029f6b8e52c=\"4\" title=\"Unsere Branchen\">Branchen<\/a> erfordern leistungsstarke, hygienische und korrosionsbest\u00e4ndige Lagerl\u00f6sungen. Diese Lagereinheit wurde f\u00fcr anspruchsvolle Anwendungen entwickelt und wird h\u00e4ufig in der <strong data-start=\"416\" data-end=\"477\">Lebensmittelverarbeitung, Pharmazie und Verpackungsindustrie<\/strong>, wo Hygiene und Haltbarkeit an erster Stelle stehen.<\/p>\n<h3 data-start=\"526\" data-end=\"587\"><strong data-start=\"531\" data-end=\"585\">Hygienisches Design mit hervorragender Korrosionsbest\u00e4ndigkeit<\/strong><\/h3>\n<p data-start=\"588\" data-end=\"1064\">Der <strong data-start=\"592\" data-end=\"630\">Blaue Take-up TPL-Kugellagereinheit<\/strong> wurde speziell f\u00fcr die Erf\u00fcllung <strong data-start=\"664\" data-end=\"694\">strenge Hygienevorschriften<\/strong>, einschlie\u00dflich <strong data-start=\"706\" data-end=\"723\">FDA und <a href=\"https:\/\/nhkmachineryparts.com\/de\/was-ist-der-unterschied-zwischen-3a-und-ehedg\/\" data-internallinksmanager029f6b8e52c=\"2\" title=\"EHEDG-zertifizierte Maschinenteile\">EHEDG<\/a><\/strong> Standards. Seine porenfreie <strong data-start=\"750\" data-end=\"780\">blaues Thermoplast-Geh\u00e4use<\/strong> verbessert nicht nur die Sichtbarkeit bei der Kontaminationskontrolle, sondern bietet auch eine hervorragende <strong data-start=\"863\" data-end=\"921\">Best\u00e4ndigkeit gegen Feuchtigkeit, Chemikalien und Reinigungsmittel<\/strong>Das Edelstahlkugellager sorgt f\u00fcr <strong data-start=\"964\" data-end=\"1031\">reibungsloser Betrieb, l\u00e4ngere Lebensdauer und hohe Belastbarkeit<\/strong>, selbst in extremen Umgebungen.<\/p>\n<h3 data-start=\"1066\" data-end=\"1100\"><strong data-start=\"1071\" data-end=\"1098\">Hauptmerkmale und Vorteile<\/strong><\/h3>\n<p data-start=\"1101\" data-end=\"1433\">\u2705 <strong data-start=\"1103\" data-end=\"1128\">Hygienische Konstruktion<\/strong> \u2013 Ungiftiges, leicht zu reinigendes blaues Thermoplastgeh\u00e4use.<br data-start=\"1183\" data-end=\"1186\" \/>\u2705 <strong data-start=\"1188\" data-end=\"1211\">Korrosionsbest\u00e4ndig<\/strong> \u2013 Edelstahllager f\u00fcr Langlebigkeit unter rauen Bedingungen.<br data-start=\"1272\" data-end=\"1275\" \/>\u2705 <strong data-start=\"1277\" data-end=\"1311\">Feuchtigkeits- und Chemikalienbest\u00e4ndigkeit<\/strong> \u2013 Ideal f\u00fcr Waschumgebungen.<br data-start=\"1346\" data-end=\"1349\" \/>\u2705 <strong data-start=\"1351\" data-end=\"1386\">Einfache Installation und Wartung<\/strong> \u2013 Selbstausrichtendes Design f\u00fcr reduzierte Ausfallzeiten.<\/p>\n<h3 data-start=\"1435\" data-end=\"1476\"><strong data-start=\"1440\" data-end=\"1474\">Branchen\u00fcbergreifende Anwendungen<\/strong><\/h3>\n<p data-start=\"1477\" data-end=\"1531\">Die Blue Take-up TPL-Kugellagereinheit ist ideal f\u00fcr:<\/p>\n<ul data-start=\"1532\" data-end=\"1811\">\n<li data-start=\"1532\" data-end=\"1623\"><strong data-start=\"1534\" data-end=\"1564\">Lebensmittel- und Getr\u00e4nkeverarbeitung<\/strong> \u2013 F\u00f6rdersysteme, Abf\u00fcllmaschinen, Aufschneideger\u00e4te.<\/li>\n<li data-start=\"1624\" data-end=\"1717\"><strong data-start=\"1626\" data-end=\"1655\">Pharmazeutische Produktion<\/strong> \u2013 Mischsysteme, Verpackungslinien, Sterilisationsger\u00e4te.<\/li>\n<li data-start=\"1718\" data-end=\"1811\"><strong data-start=\"1720\" data-end=\"1746\">Verpackung &amp; Automatisierung<\/strong> \u2013 F\u00f6rderbandsysteme, Etikettiermaschinen, Materialhandhabung.<\/li>\n<\/ul>\n<h2 data-start=\"1813\" data-end=\"1833\"><strong data-start=\"1817\" data-end=\"1831\">Die ultimative hygienische und korrosionsbest\u00e4ndige L\u00f6sung<\/strong><\/h2>\n<p data-start=\"1834\" data-end=\"2114\">Investieren in eine <strong data-start=\"1849\" data-end=\"1887\">Blaue Take-up TPL-Kugellagereinheit<\/strong> verbessert <strong data-start=\"1897\" data-end=\"1968\">Maschinenzuverl\u00e4ssigkeit, Hygienekonformit\u00e4t und Betriebseffizienz<\/strong>Ob in der Lebensmittelproduktion, in der Pharmazie oder in der Verpackung, diese langlebige Lagerl\u00f6sung ist der Schl\u00fcssel zu langfristiger Leistung und Kosteneinsparungen.<\/p>\n<p data-start=\"2116\" data-end=\"2231\" data-is-last-node=\"\">\ud83d\udd39 <strong data-start=\"2119\" data-end=\"2231\" data-is-last-node=\"\">R\u00fcsten Sie Ihre Ausr\u00fcstung noch heute mit einer Blue Take-up TPL-Kugellagereinheit f\u00fcr un\u00fcbertroffene Haltbarkeit und Hygiene auf!<\/strong><\/p>\n<p>Wir sind bereit, Ihnen und Ihrem Unternehmen hygienische L\u00f6sungen zu liefern, ganz gleich, ob Sie diese ben\u00f6tigen\u00a0<a href=\"https:\/\/nhkmachineryparts.com\/de\/produktlinie\/kategorie\/stainless-feet-in-hygienic-design\/\">Maschinenf\u00fc\u00dfe<\/a>,\u00a0<a href=\"https:\/\/nhkmachineryparts.com\/de\/produktlinie\/kategorie\/31-waterproof-bearing-house-ip67-waterproof-bearing-units\/\">wasserdichte IP67-Lager<\/a>\u00a0oder\u00a0<a href=\"https:\/\/nhkmachineryparts.com\/de\/produktlinie\/kategorie\/34-bearing-house-units-in-stainless-steel\/\">rostfreie Lagereinheiten<\/a>, wir haben alles.<\/p>\n\n\t\t<\/div>\n\t<\/div>\n<\/div><\/div><\/div><\/div><\/div><\/section>","protected":false},"excerpt":{"rendered":"Durable and Corrosion-Resistant IP54 bearing housing in Polypropylene. (Colour in Black, White or Blue) IP54 bearing housing has adjustable pre-lubricated chrome steel or pre-lubricated stainless steel ball bearing. The bearing can be re-lubricated by means of grease-nipple or a quick coupler. IP54 bearing housing is fitted with clip-on safety cap. Rotary shaft seal ring (TC) [...]","protected":false},"featured_media":9075,"template":"","meta":[],"product_brand":[],"product_cat":[52],"product_tag":[],"class_list":{"0":"post-1820","1":"product","2":"type-product","3":"status-publish","4":"has-post-thumbnail","6":"product_cat-bearing-units-in-ip54-thermo-plastic-housing","8":"first","9":"instock","10":"shipping-taxable","11":"product-type-simple"},"yoast_head":"<!-- This site is optimized with the Yoast SEO plugin v27.3 - https:\/\/yoast.com\/product\/yoast-seo-wordpress\/ -->\n<title>Take-up TPL ball bearing unit | Enhance performance | NHK Machinery Parts<\/title>\n<meta name=\"description\" content=\"Our maintenance free take-up bearing units are resistant to all cleaning agents and chemicals, hygienic design and easy-to-clean. Enhance performance.\" \/>\n<meta name=\"robots\" content=\"index, follow, max-snippet:-1, max-image-preview:large, max-video-preview:-1\" \/>\n<link rel=\"canonical\" href=\"https:\/\/nhkmachineryparts.com\/de\/produkt\/228-take-up-unit-tpl\/\" \/>\n<meta property=\"og:locale\" content=\"de_DE\" \/>\n<meta property=\"og:type\" content=\"article\" \/>\n<meta property=\"og:title\" content=\"Take-up TPL ball bearing unit | Enhance performance | NHK Machinery Parts\" \/>\n<meta property=\"og:description\" content=\"Our maintenance free take-up bearing units are resistant to all cleaning agents and chemicals, hygienic design and easy-to-clean. Enhance performance.\" \/>\n<meta property=\"og:url\" content=\"https:\/\/nhkmachineryparts.com\/de\/produkt\/228-take-up-unit-tpl\/\" \/>\n<meta property=\"og:site_name\" content=\"NHK Machinery Parts\" \/>\n<meta property=\"article:publisher\" content=\"https:\/\/www.facebook.com\/NHK.Group.aps\" \/>\n<meta property=\"article:modified_time\" content=\"2026-02-23T12:54:18+00:00\" \/>\n<meta property=\"og:image\" content=\"https:\/\/nhkmachineryparts.com\/wp-content\/uploads\/2022\/09\/Blue-Take-up-TPL-ball-bearing-unit.jpg\" \/>\n\t<meta property=\"og:image:width\" content=\"1000\" \/>\n\t<meta property=\"og:image:height\" content=\"1000\" \/>\n\t<meta property=\"og:image:type\" content=\"image\/jpeg\" \/>\n<meta name=\"twitter:card\" content=\"summary_large_image\" \/>\n<meta name=\"twitter:label1\" content=\"Gesch\u00e4tzte Lesezeit\" \/>\n\t<meta name=\"twitter:data1\" content=\"3\u00a0Minuten\" \/>\n<script type=\"application\/ld+json\" class=\"yoast-schema-graph\">{\"@context\":\"https:\\\/\\\/schema.org\",\"@graph\":[{\"@type\":\"WebPage\",\"@id\":\"https:\\\/\\\/nhkmachineryparts.com\\\/product\\\/228-take-up-unit-tpl\\\/\",\"url\":\"https:\\\/\\\/nhkmachineryparts.com\\\/product\\\/228-take-up-unit-tpl\\\/\",\"name\":\"Take-up TPL ball bearing unit | Enhance performance | NHK Machinery Parts\",\"isPartOf\":{\"@id\":\"https:\\\/\\\/nhkmachineryparts.com\\\/#website\"},\"primaryImageOfPage\":{\"@id\":\"https:\\\/\\\/nhkmachineryparts.com\\\/product\\\/228-take-up-unit-tpl\\\/#primaryimage\"},\"image\":{\"@id\":\"https:\\\/\\\/nhkmachineryparts.com\\\/product\\\/228-take-up-unit-tpl\\\/#primaryimage\"},\"thumbnailUrl\":\"https:\\\/\\\/nhkmachineryparts.com\\\/wp-content\\\/uploads\\\/2022\\\/09\\\/Blue-Take-up-TPL-ball-bearing-unit.jpg\",\"datePublished\":\"2022-09-26T10:01:50+00:00\",\"dateModified\":\"2026-02-23T12:54:18+00:00\",\"description\":\"Our maintenance free take-up bearing units are resistant to all cleaning agents and chemicals, hygienic design and easy-to-clean. Enhance performance.\",\"breadcrumb\":{\"@id\":\"https:\\\/\\\/nhkmachineryparts.com\\\/product\\\/228-take-up-unit-tpl\\\/#breadcrumb\"},\"inLanguage\":\"de\",\"potentialAction\":[{\"@type\":\"ReadAction\",\"target\":[\"https:\\\/\\\/nhkmachineryparts.com\\\/product\\\/228-take-up-unit-tpl\\\/\"]}]},{\"@type\":\"ImageObject\",\"inLanguage\":\"de\",\"@id\":\"https:\\\/\\\/nhkmachineryparts.com\\\/product\\\/228-take-up-unit-tpl\\\/#primaryimage\",\"url\":\"https:\\\/\\\/nhkmachineryparts.com\\\/wp-content\\\/uploads\\\/2022\\\/09\\\/Blue-Take-up-TPL-ball-bearing-unit.jpg\",\"contentUrl\":\"https:\\\/\\\/nhkmachineryparts.com\\\/wp-content\\\/uploads\\\/2022\\\/09\\\/Blue-Take-up-TPL-ball-bearing-unit.jpg\",\"width\":1000,\"height\":1000,\"caption\":\"Blue Take-up TPL ball bearing unit\"},{\"@type\":\"BreadcrumbList\",\"@id\":\"https:\\\/\\\/nhkmachineryparts.com\\\/product\\\/228-take-up-unit-tpl\\\/#breadcrumb\",\"itemListElement\":[{\"@type\":\"ListItem\",\"position\":1,\"name\":\"Home\",\"item\":\"https:\\\/\\\/nhkmachineryparts.com\\\/\"},{\"@type\":\"ListItem\",\"position\":2,\"name\":\"Product line\",\"item\":\"https:\\\/\\\/nhkmachineryparts.com\\\/product-line\\\/\"},{\"@type\":\"ListItem\",\"position\":3,\"name\":\"Bearing units in IP54\u00a0composite housing\",\"item\":\"https:\\\/\\\/nhkmachineryparts.com\\\/product-line\\\/bearing-units-in-ip54-thermo-plastic-housing\\\/\"},{\"@type\":\"ListItem\",\"position\":4,\"name\":\"Take-up TPL ball bearing unit\"}]},{\"@type\":\"WebSite\",\"@id\":\"https:\\\/\\\/nhkmachineryparts.com\\\/#website\",\"url\":\"https:\\\/\\\/nhkmachineryparts.com\\\/\",\"name\":\"NHK Machinery Parts\",\"description\":\"Bearing Houses, seismic levelling feet and levelling castors\",\"publisher\":{\"@id\":\"https:\\\/\\\/nhkmachineryparts.com\\\/#organization\"},\"potentialAction\":[{\"@type\":\"SearchAction\",\"target\":{\"@type\":\"EntryPoint\",\"urlTemplate\":\"https:\\\/\\\/nhkmachineryparts.com\\\/?s={search_term_string}\"},\"query-input\":{\"@type\":\"PropertyValueSpecification\",\"valueRequired\":true,\"valueName\":\"search_term_string\"}}],\"inLanguage\":\"de\"},{\"@type\":\"Organization\",\"@id\":\"https:\\\/\\\/nhkmachineryparts.com\\\/#organization\",\"name\":\"Nhk Group ApS\",\"url\":\"https:\\\/\\\/nhkmachineryparts.com\\\/\",\"logo\":{\"@type\":\"ImageObject\",\"inLanguage\":\"de\",\"@id\":\"https:\\\/\\\/nhkmachineryparts.com\\\/#\\\/schema\\\/logo\\\/image\\\/\",\"url\":\"https:\\\/\\\/nhkmachineryparts.com\\\/wp-content\\\/uploads\\\/2022\\\/09\\\/NHKgroup_social.jpg\",\"contentUrl\":\"https:\\\/\\\/nhkmachineryparts.com\\\/wp-content\\\/uploads\\\/2022\\\/09\\\/NHKgroup_social.jpg\",\"width\":1200,\"height\":630,\"caption\":\"Nhk Group ApS\"},\"image\":{\"@id\":\"https:\\\/\\\/nhkmachineryparts.com\\\/#\\\/schema\\\/logo\\\/image\\\/\"},\"sameAs\":[\"https:\\\/\\\/www.facebook.com\\\/NHK.Group.aps\"]}]}<\/script>\n<!-- \/ Yoast SEO plugin. -->","yoast_head_json":{"title":"Aufwickel-TPL-Kugellagereinheit | Leistungssteigerung | NHK Machinery Parts","description":"Unsere wartungsfreien Spannlagereinheiten sind best\u00e4ndig gegen alle Reinigungsmittel und Chemikalien, haben ein hygienisches Design und sind leicht zu reinigen. Steigern Sie die Leistung.","robots":{"index":"index","follow":"follow","max-snippet":"max-snippet:-1","max-image-preview":"max-image-preview:large","max-video-preview":"max-video-preview:-1"},"canonical":"https:\/\/nhkmachineryparts.com\/de\/produkt\/228-take-up-unit-tpl\/","og_locale":"de_DE","og_type":"article","og_title":"Take-up TPL ball bearing unit | Enhance performance | NHK Machinery Parts","og_description":"Our maintenance free take-up bearing units are resistant to all cleaning agents and chemicals, hygienic design and easy-to-clean. Enhance performance.","og_url":"https:\/\/nhkmachineryparts.com\/de\/produkt\/228-take-up-unit-tpl\/","og_site_name":"NHK Machinery Parts","article_publisher":"https:\/\/www.facebook.com\/NHK.Group.aps","article_modified_time":"2026-02-23T12:54:18+00:00","og_image":[{"width":1000,"height":1000,"url":"https:\/\/nhkmachineryparts.com\/wp-content\/uploads\/2022\/09\/Blue-Take-up-TPL-ball-bearing-unit.jpg","type":"image\/jpeg"}],"twitter_card":"summary_large_image","twitter_misc":{"Gesch\u00e4tzte Lesezeit":"3\u00a0Minuten"},"schema":{"@context":"https:\/\/schema.org","@graph":[{"@type":"WebPage","@id":"https:\/\/nhkmachineryparts.com\/product\/228-take-up-unit-tpl\/","url":"https:\/\/nhkmachineryparts.com\/product\/228-take-up-unit-tpl\/","name":"Aufwickel-TPL-Kugellagereinheit | Leistungssteigerung | NHK Machinery Parts","isPartOf":{"@id":"https:\/\/nhkmachineryparts.com\/#website"},"primaryImageOfPage":{"@id":"https:\/\/nhkmachineryparts.com\/product\/228-take-up-unit-tpl\/#primaryimage"},"image":{"@id":"https:\/\/nhkmachineryparts.com\/product\/228-take-up-unit-tpl\/#primaryimage"},"thumbnailUrl":"https:\/\/nhkmachineryparts.com\/wp-content\/uploads\/2022\/09\/Blue-Take-up-TPL-ball-bearing-unit.jpg","datePublished":"2022-09-26T10:01:50+00:00","dateModified":"2026-02-23T12:54:18+00:00","description":"Unsere wartungsfreien Spannlagereinheiten sind best\u00e4ndig gegen alle Reinigungsmittel und Chemikalien, haben ein hygienisches Design und sind leicht zu reinigen. Steigern Sie die Leistung.","breadcrumb":{"@id":"https:\/\/nhkmachineryparts.com\/product\/228-take-up-unit-tpl\/#breadcrumb"},"inLanguage":"de","potentialAction":[{"@type":"ReadAction","target":["https:\/\/nhkmachineryparts.com\/product\/228-take-up-unit-tpl\/"]}]},{"@type":"ImageObject","inLanguage":"de","@id":"https:\/\/nhkmachineryparts.com\/product\/228-take-up-unit-tpl\/#primaryimage","url":"https:\/\/nhkmachineryparts.com\/wp-content\/uploads\/2022\/09\/Blue-Take-up-TPL-ball-bearing-unit.jpg","contentUrl":"https:\/\/nhkmachineryparts.com\/wp-content\/uploads\/2022\/09\/Blue-Take-up-TPL-ball-bearing-unit.jpg","width":1000,"height":1000,"caption":"Blue Take-up TPL ball bearing unit"},{"@type":"BreadcrumbList","@id":"https:\/\/nhkmachineryparts.com\/product\/228-take-up-unit-tpl\/#breadcrumb","itemListElement":[{"@type":"ListItem","position":1,"name":"Home","item":"https:\/\/nhkmachineryparts.com\/"},{"@type":"ListItem","position":2,"name":"Product line","item":"https:\/\/nhkmachineryparts.com\/product-line\/"},{"@type":"ListItem","position":3,"name":"Bearing units in IP54\u00a0composite housing","item":"https:\/\/nhkmachineryparts.com\/product-line\/bearing-units-in-ip54-thermo-plastic-housing\/"},{"@type":"ListItem","position":4,"name":"Take-up TPL ball bearing unit"}]},{"@type":"WebSite","@id":"https:\/\/nhkmachineryparts.com\/#website","url":"https:\/\/nhkmachineryparts.com\/","name":"NHK-Maschinenteile","description":"Lagergeh\u00e4use, seismische Nivellierf\u00fc\u00dfe und Nivellierrollen","publisher":{"@id":"https:\/\/nhkmachineryparts.com\/#organization"},"potentialAction":[{"@type":"SearchAction","target":{"@type":"EntryPoint","urlTemplate":"https:\/\/nhkmachineryparts.com\/?s={search_term_string}"},"query-input":{"@type":"PropertyValueSpecification","valueRequired":true,"valueName":"search_term_string"}}],"inLanguage":"de"},{"@type":"Organization","@id":"https:\/\/nhkmachineryparts.com\/#organization","name":"Nhk Group ApS","url":"https:\/\/nhkmachineryparts.com\/","logo":{"@type":"ImageObject","inLanguage":"de","@id":"https:\/\/nhkmachineryparts.com\/#\/schema\/logo\/image\/","url":"https:\/\/nhkmachineryparts.com\/wp-content\/uploads\/2022\/09\/NHKgroup_social.jpg","contentUrl":"https:\/\/nhkmachineryparts.com\/wp-content\/uploads\/2022\/09\/NHKgroup_social.jpg","width":1200,"height":630,"caption":"Nhk Group ApS"},"image":{"@id":"https:\/\/nhkmachineryparts.com\/#\/schema\/logo\/image\/"},"sameAs":["https:\/\/www.facebook.com\/NHK.Group.aps"]}]}},"_links":{"self":[{"href":"https:\/\/nhkmachineryparts.com\/de\/wp-json\/wp\/v2\/product\/1820","targetHints":{"allow":["GET"]}}],"collection":[{"href":"https:\/\/nhkmachineryparts.com\/de\/wp-json\/wp\/v2\/product"}],"about":[{"href":"https:\/\/nhkmachineryparts.com\/de\/wp-json\/wp\/v2\/types\/product"}],"wp:featuredmedia":[{"embeddable":true,"href":"https:\/\/nhkmachineryparts.com\/de\/wp-json\/wp\/v2\/media\/9075"}],"wp:attachment":[{"href":"https:\/\/nhkmachineryparts.com\/de\/wp-json\/wp\/v2\/media?parent=1820"}],"wp:term":[{"taxonomy":"product_brand","embeddable":true,"href":"https:\/\/nhkmachineryparts.com\/de\/wp-json\/wp\/v2\/product_brand?post=1820"},{"taxonomy":"product_cat","embeddable":true,"href":"https:\/\/nhkmachineryparts.com\/de\/wp-json\/wp\/v2\/product_cat?post=1820"},{"taxonomy":"product_tag","embeddable":true,"href":"https:\/\/nhkmachineryparts.com\/de\/wp-json\/wp\/v2\/product_tag?post=1820"}],"curies":[{"name":"wp","href":"https:\/\/api.w.org\/{rel}","templated":true}]}}