{"id":1783,"date":"2022-09-26T09:45:47","date_gmt":"2022-09-26T09:45:47","guid":{"rendered":"https:\/\/nhkmachineryparts.pawsfabrik.dk\/?post_type=product&#038;p=1783"},"modified":"2026-02-23T14:55:38","modified_gmt":"2026-02-23T12:55:38","slug":"226-flanscheinheit-3-bolzen-eine-seite-fbpl","status":"publish","type":"product","link":"https:\/\/nhkmachineryparts.com\/de\/product\/226-flange-unit-3-bolt-one-side-fbpl\/","title":{"rendered":"3-Loch-FBPL-Kugellagereinheit mit einseitigem Flansch"},"content":{"rendered":"<section class=\"vc_row vc_custom_1662993827263 liquid-row-shadowbox-69d40e7e4519a vc_column-gap-0\"><div class=\"ld-container container\"><div class=\"row ld-row ld-row-outer\"><div class=\"wpb_column vc_column_container vc_col-sm-12 liquid-column-69d40e7e453a6\"><div class=\"vc_column-inner\" ><div class=\"wpb_wrapper\"  >\n\t<div class=\"wpb_text_column wpb_content_element\" >\n\t\t<div class=\"wpb_wrapper\">\n\t\t\t<h2>Optimieren Sie Leistung und Haltbarkeit<\/h2>\n<p>IP54-Lagergeh\u00e4use aus Polypropylen. (Farbe: Schwarz, Wei\u00df oder Blau)<br \/>\nDas IP54-Lagergeh\u00e4use verf\u00fcgt \u00fcber ein einstellbares, vorgeschmiertes Chromstahl- oder vorgeschmiertes Edelstahlkugellager.<br \/>\nDas Nachschmieren des Lagers kann mittels Schmiernippel oder Schnellkupplung erfolgen.<br \/>\nDas IP54-Lagergeh\u00e4use ist mit einer aufsteckbaren Sicherheitskappe ausgestattet.<br \/>\nRadialwellendichtring (TC) mit zus\u00e4tzlicher Staubschutzlippe aus NBR-Gummi.<\/p>\n<h2>Funktionen und Vorteile<\/h2>\n<ul>\n<li>Betriebstemperatur zwischen -20 \u00b0C und +100 \u00b0C.<\/li>\n<li>Wirtschaftlicher Betrieb.<\/li>\n<li>Langlebiger Lagereinsatz.<\/li>\n<li>Konzept und Design zur Erf\u00fcllung aller Sicherheitsanforderungen.<\/li>\n<li>Austauschbar mit standardm\u00e4\u00dfigen Flanschlagertr\u00e4gern aus Gusseisen.<\/li>\n<li>Maximale Fehlausrichtung zwischen Welle und Geh\u00e4use: 3 Grad.<\/li>\n<li>Komplett versiegelte Einheiten.<\/li>\n<li>Schmiernippel aus Edelstahl AISI304 M6x1mm<\/li>\n<li>Edelstahllager AISI 440C (vorgeschmiert)<\/li>\n<li>Mit Langzeitfett vorgeschmiertes Kugellager, ideal f\u00fcr Anwendungen in feuchten Umgebungen, mit Wasser, alkalischen oder sauren L\u00f6sungen.<\/li>\n<\/ul>\n<h2>Verf\u00fcgbare Gr\u00f6\u00dfen<\/h2>\n<div class=\"dcf-overflow-x-auto\" tabindex=\"0\">\n<table class=\"dcf-table dcf-table-bordered dcf-w-100%\">\n<thead>\n<tr>\n<th scope=\"col\">Wellendurchmesser<\/th>\n<th scope=\"col\">Katalog-Nr.<\/th>\n<\/tr>\n<\/thead>\n<tbody>\n<tr>\n<td data-label=\"Shaft Diameter\">\u00d820 mm<\/td>\n<td data-label=\"Catalog No.\">FBPL 204<\/td>\n<\/tr>\n<tr>\n<td data-label=\"Shaft Diameter\">\u00d825 mm<\/td>\n<td data-label=\"Catalog No.\">FBPL 205<\/td>\n<\/tr>\n<tr>\n<td data-label=\"Shaft Diameter\">\u00d830 mm<\/td>\n<td data-label=\"Catalog No.\">FBPL 206<\/td>\n<\/tr>\n<tr>\n<td data-label=\"Shaft Diameter\">\u00d835 mm<\/td>\n<td data-label=\"Catalog No.\">FBPL 207<\/td>\n<\/tr>\n<tr>\n<td data-label=\"Shaft Diameter\">\u00d840 mm<\/td>\n<td data-label=\"Catalog No.\">FBPL 208<\/td>\n<\/tr>\n<tr>\n<td data-label=\"Shaft Diameter\">\u00d845 mm<\/td>\n<td data-label=\"Catalog No.\">FBPL 209<\/td>\n<\/tr>\n<tr>\n<td data-label=\"Shaft Diameter\">\u00d850 mm<\/td>\n<td data-label=\"Catalog No.\">FBPL 210<\/td>\n<\/tr>\n<tr>\n<td data-label=\"Shaft Diameter\">\u00d855 mm<\/td>\n<td data-label=\"Catalog No.\">FBPL 211<\/td>\n<\/tr>\n<tr>\n<td data-label=\"Shaft Diameter\">\u00d860 mm<\/td>\n<td data-label=\"Catalog No.\">FBPL 212<\/td>\n<\/tr>\n<\/tbody>\n<\/table>\n<\/div>\n<p>Der FBPL20x kann mit offener oder geschlossener Kappe geliefert werden.<br \/>\nBei offener Kappe wird den Lagernummern das Suffix \u201eOC\u201c hinzugef\u00fcgt. Bsp.: FBPL204OC.<br \/>\nGeschlossene Kappe, den Lagernummern wird das Suffix \u201eCC\u201c hinzugef\u00fcgt. Bsp.: FBPL204CC.<\/p>\n<h2 data-start=\"0\" data-end=\"86\"><strong data-start=\"4\" data-end=\"84\">FBPL Kugellagereinheit mit 3 Bolzen und einseitigem Flansch<\/strong><\/h2>\n<h3 data-start=\"0\" data-end=\"86\"><strong data-start=\"4\" data-end=\"84\">Leistungssteigerung:\u00a0<\/strong><strong data-start=\"93\" data-end=\"131\">\u00dcberlegene Stabilit\u00e4t und Zuverl\u00e4ssigkeit<\/strong><\/h3>\n<p data-start=\"134\" data-end=\"506\">Der <strong data-start=\"138\" data-end=\"187\">3-Loch-Einflansch-Kugellagereinheit FBPL<\/strong> ist eine Premium-L\u00f6sung f\u00fcr <a href=\"https:\/\/nhkmachineryparts.com\/de\/our-industries\/\" data-internallinksmanager029f6b8e52c=\"4\" title=\"Unsere Branchen\">Branchen<\/a> erfordern <strong data-start=\"235\" data-end=\"289\">hohe Stabilit\u00e4t, Langlebigkeit und hygienischer Betrieb<\/strong>. Dieses f\u00fcr Hochleistungsanwendungen konzipierte Ger\u00e4t bietet <strong data-start=\"348\" data-end=\"376\">Au\u00dfergew\u00f6hnliche Lastunterst\u00fctzung<\/strong> unter Beibehaltung der pr\u00e4zisen Ausrichtung, was es zur idealen Wahl f\u00fcr <strong data-start=\"444\" data-end=\"505\">Lebensmittelverarbeitung, Pharmazie und Verpackungsindustrie<\/strong>.<\/p>\n<h3 data-start=\"508\" data-end=\"561\"><strong data-start=\"513\" data-end=\"559\">Hauptmerkmale der FBPL-Kugellagereinheit<\/strong><\/h3>\n<ul data-start=\"562\" data-end=\"1198\">\n<li data-start=\"562\" data-end=\"727\"><strong data-start=\"564\" data-end=\"587\">Robuste Konstruktion<\/strong> \u2013 Hergestellt aus <strong data-start=\"608\" data-end=\"638\">hochwertiger Edelstahl<\/strong>und gew\u00e4hrleistet <strong data-start=\"649\" data-end=\"698\">Korrosionsbest\u00e4ndigkeit und lange Haltbarkeit<\/strong> In <strong data-start=\"702\" data-end=\"724\">raue Umgebungen<\/strong>.<\/li>\n<li data-start=\"728\" data-end=\"860\"><strong data-start=\"730\" data-end=\"756\"><a href=\"https:\/\/nhkmachineryparts.com\/de\/produkt\/217-wasserdichte-flanschlagereinheiten-mit-spharischen-einsatzen-ip67\/\" data-internallinksmanager029f6b8e52c=\"22\" title=\"IP67 wasserdicht\">IP67 Wasserdicht<\/a> Design<\/strong> \u2013 Sch\u00fctzt vor Feuchtigkeit, Staub und Schmutz und ist somit <strong data-start=\"820\" data-end=\"857\">perfekt f\u00fcr hygienische Anwendungen<\/strong>.<\/li>\n<li data-start=\"861\" data-end=\"979\"><strong data-start=\"863\" data-end=\"891\">Einseitige Flanschmontage<\/strong> \u2013 Erm\u00f6glicht <strong data-start=\"905\" data-end=\"942\">einfache Installation auf engstem Raum<\/strong>, wodurch die betriebliche Effizienz verbessert wird.<\/li>\n<li data-start=\"980\" data-end=\"1092\"><strong data-start=\"982\" data-end=\"1014\">Hochpr\u00e4zise Kugellager<\/strong> - Bieten <strong data-start=\"1025\" data-end=\"1089\">sanfte Rotation, reduzierte Reibung und l\u00e4ngere Lebensdauer<\/strong>.<\/li>\n<li data-start=\"1093\" data-end=\"1198\"><strong data-start=\"1095\" data-end=\"1121\">Selbstschmierende Dichtungen<\/strong> \u2013 Reduzieren Sie den Wartungsaufwand und gew\u00e4hrleisten Sie gleichzeitig <strong data-start=\"1171\" data-end=\"1197\">gleichbleibende Leistung<\/strong>.<\/li>\n<\/ul>\n<h3 data-start=\"1200\" data-end=\"1241\"><strong data-start=\"1205\" data-end=\"1239\">Anwendungen in Schl\u00fcsselindustrien<\/strong><\/h3>\n<p data-start=\"1242\" data-end=\"1288\">Der <strong data-start=\"1246\" data-end=\"1267\">FBPL-Lagereinheit<\/strong> wird h\u00e4ufig verwendet in:<\/p>\n<ul data-start=\"1289\" data-end=\"1599\">\n<li data-start=\"1289\" data-end=\"1401\"><strong data-start=\"1291\" data-end=\"1321\">Lebensmittel- und Getr\u00e4nkeverarbeitung<\/strong> \u2013 Sicherstellung eines hygienischen Betriebs in <strong data-start=\"1355\" data-end=\"1398\">F\u00f6rderb\u00e4nder, Mischer und Abf\u00fcllmaschinen<\/strong>.<\/li>\n<li data-start=\"1402\" data-end=\"1505\"><strong data-start=\"1404\" data-end=\"1436\">Pharmazeutische Herstellung<\/strong> \u2013 Unterst\u00fctzung <strong data-start=\"1450\" data-end=\"1479\">Reinraum-Ausr\u00fcstung<\/strong> f\u00fcr die Sterilproduktion.<\/li>\n<li data-start=\"1506\" data-end=\"1599\"><strong data-start=\"1508\" data-end=\"1534\">Verpackung &amp; Automatisierung<\/strong> \u2013 Bereitstellung <strong data-start=\"1547\" data-end=\"1596\">effizientes Lasthandling in Hochgeschwindigkeitssystemen<\/strong>.<\/li>\n<\/ul>\n<h3 data-start=\"1601\" data-end=\"1644\"><strong data-start=\"1606\" data-end=\"1642\">Optimiert f\u00fcr maximale Effizienz<\/strong><\/h3>\n<p data-start=\"1645\" data-end=\"1921\">Entworfen mit <strong data-start=\"1659\" data-end=\"1694\"><a href=\"https:\/\/nhkmachineryparts.com\/de\/was-ist-der-unterschied-zwischen-3a-und-ehedg\/\" data-internallinksmanager029f6b8e52c=\"2\" title=\"EHEDG-zertifizierte Maschinenteile\">EHEDG<\/a> und 3A Hygiene-Compliance<\/strong>, Die <strong data-start=\"1700\" data-end=\"1749\">3-Loch-Einflansch-Kugellagereinheit FBPL<\/strong> reduziert Ausfallzeiten, erh\u00f6ht die Lebensdauer der Ausr\u00fcstung und steigert die Produktivit\u00e4t. <strong data-start=\"1829\" data-end=\"1858\">kompaktes und dennoch robustes Design<\/strong> macht es zu einem wichtigen Bestandteil in <strong data-start=\"1889\" data-end=\"1920\">moderne Industriemaschinen<\/strong>.<\/p>\n<h3 data-start=\"1923\" data-end=\"2033\"><strong data-start=\"1923\" data-end=\"2033\" data-is-last-node=\"\">Steigern Sie die Betriebseffizienz mit der FBPL-Lagereinheit<\/strong><\/h3>\n<p><strong data-start=\"1923\" data-end=\"2033\" data-is-last-node=\"\">Entwickelt f\u00fcr Pr\u00e4zision, Haltbarkeit und Hygiene.<\/strong><\/p>\n<p>Wir sind bereit, Ihnen und Ihrem Unternehmen hygienische L\u00f6sungen zu liefern, ganz gleich, ob Sie diese ben\u00f6tigen <a href=\"https:\/\/nhkmachineryparts.com\/de\/produktlinie\/maschinenfuse-im-hygienic-design-edelstahlfuse\/\">Maschinenf\u00fc\u00dfe<\/a>, <a href=\"https:\/\/nhkmachineryparts.com\/de\/produktlinie\/wasserdichtes-lagergehause-ip67-wasserdichte-lagereinheiten\/\">wasserdichte IP67-Lager<\/a> oder <a href=\"https:\/\/nhkmachineryparts.com\/de\/produktlinie\/lagergehauseeinheiten-aus-edelstahl\/\">rostfreie Lagereinheiten<\/a>, wir haben alles.<\/p>\n\n\t\t<\/div>\n\t<\/div>\n<\/div><\/div><\/div><\/div><\/div><\/section>","protected":false},"excerpt":{"rendered":"Optimize Performance and Durability IP54 bearing housing in Polypropylene. (Colour in Black, White or Blue) IP54 bearing housing has adjustable pre-lubricated chrome steel or pre-lubricated stainless steel ball bearing. The bearing can be re-lubricated by means of grease-nipple or a quick coupler. IP54 bearing housing is fitted with clip-on safety cap. Rotary shaft seal ring [...]","protected":false},"featured_media":11646,"template":"","meta":[],"product_brand":[],"product_cat":[52],"product_tag":[],"class_list":{"0":"post-1783","1":"product","2":"type-product","3":"status-publish","4":"has-post-thumbnail","6":"product_cat-bearing-units-in-ip54-thermo-plastic-housing","8":"first","9":"instock","10":"shipping-taxable","11":"product-type-simple"},"yoast_head":"<!-- This site is optimized with the Yoast SEO plugin v27.3 - https:\/\/yoast.com\/product\/yoast-seo-wordpress\/ -->\n<title>3 bolt one side flange FBPL ball bearing unit | Optimize Performance | NHK Machinery Parts<\/title>\n<meta name=\"description\" content=\"Our maintenance free 3 bolt one side flange bearing units are resistant to all cleaning agents and chemicals, hygienic design and easy-to-clean. Performance\" \/>\n<meta name=\"robots\" content=\"index, follow, max-snippet:-1, max-image-preview:large, max-video-preview:-1\" \/>\n<link rel=\"canonical\" href=\"https:\/\/nhkmachineryparts.com\/de\/produkt\/226-flanscheinheit-3-bolzen-eine-seite-fbpl\/\" \/>\n<meta property=\"og:locale\" content=\"de_DE\" \/>\n<meta property=\"og:type\" content=\"article\" \/>\n<meta property=\"og:title\" content=\"3 bolt one side flange FBPL ball bearing unit | Optimize Performance | NHK Machinery Parts\" \/>\n<meta property=\"og:description\" content=\"Our maintenance free 3 bolt one side flange bearing units are resistant to all cleaning agents and chemicals, hygienic design and easy-to-clean. Performance\" \/>\n<meta property=\"og:url\" content=\"https:\/\/nhkmachineryparts.com\/de\/produkt\/226-flanscheinheit-3-bolzen-eine-seite-fbpl\/\" \/>\n<meta property=\"og:site_name\" content=\"NHK Machinery Parts\" \/>\n<meta property=\"article:publisher\" content=\"https:\/\/www.facebook.com\/NHK.Group.aps\" \/>\n<meta property=\"article:modified_time\" content=\"2026-02-23T12:55:38+00:00\" \/>\n<meta property=\"og:image\" content=\"https:\/\/nhkmachineryparts.com\/wp-content\/uploads\/2022\/09\/3-bolt-one-side-flange-FBPL-ball-bearing-unit-2.jpg\" \/>\n\t<meta property=\"og:image:width\" content=\"1000\" \/>\n\t<meta property=\"og:image:height\" content=\"1000\" \/>\n\t<meta property=\"og:image:type\" content=\"image\/jpeg\" \/>\n<meta name=\"twitter:card\" content=\"summary_large_image\" \/>\n<meta name=\"twitter:label1\" content=\"Gesch\u00e4tzte Lesezeit\" \/>\n\t<meta name=\"twitter:data1\" content=\"3\u00a0Minuten\" \/>\n<script type=\"application\/ld+json\" class=\"yoast-schema-graph\">{\"@context\":\"https:\\\/\\\/schema.org\",\"@graph\":[{\"@type\":\"WebPage\",\"@id\":\"https:\\\/\\\/nhkmachineryparts.com\\\/product\\\/226-flange-unit-3-bolt-one-side-fbpl\\\/\",\"url\":\"https:\\\/\\\/nhkmachineryparts.com\\\/product\\\/226-flange-unit-3-bolt-one-side-fbpl\\\/\",\"name\":\"3 bolt one side flange FBPL ball bearing unit | Optimize Performance | NHK Machinery Parts\",\"isPartOf\":{\"@id\":\"https:\\\/\\\/nhkmachineryparts.com\\\/#website\"},\"primaryImageOfPage\":{\"@id\":\"https:\\\/\\\/nhkmachineryparts.com\\\/product\\\/226-flange-unit-3-bolt-one-side-fbpl\\\/#primaryimage\"},\"image\":{\"@id\":\"https:\\\/\\\/nhkmachineryparts.com\\\/product\\\/226-flange-unit-3-bolt-one-side-fbpl\\\/#primaryimage\"},\"thumbnailUrl\":\"https:\\\/\\\/nhkmachineryparts.com\\\/wp-content\\\/uploads\\\/2022\\\/09\\\/3-bolt-one-side-flange-FBPL-ball-bearing-unit-2.jpg\",\"datePublished\":\"2022-09-26T09:45:47+00:00\",\"dateModified\":\"2026-02-23T12:55:38+00:00\",\"description\":\"Our maintenance free 3 bolt one side flange bearing units are resistant to all cleaning agents and chemicals, hygienic design and easy-to-clean. Performance\",\"breadcrumb\":{\"@id\":\"https:\\\/\\\/nhkmachineryparts.com\\\/product\\\/226-flange-unit-3-bolt-one-side-fbpl\\\/#breadcrumb\"},\"inLanguage\":\"de\",\"potentialAction\":[{\"@type\":\"ReadAction\",\"target\":[\"https:\\\/\\\/nhkmachineryparts.com\\\/product\\\/226-flange-unit-3-bolt-one-side-fbpl\\\/\"]}]},{\"@type\":\"ImageObject\",\"inLanguage\":\"de\",\"@id\":\"https:\\\/\\\/nhkmachineryparts.com\\\/product\\\/226-flange-unit-3-bolt-one-side-fbpl\\\/#primaryimage\",\"url\":\"https:\\\/\\\/nhkmachineryparts.com\\\/wp-content\\\/uploads\\\/2022\\\/09\\\/3-bolt-one-side-flange-FBPL-ball-bearing-unit-2.jpg\",\"contentUrl\":\"https:\\\/\\\/nhkmachineryparts.com\\\/wp-content\\\/uploads\\\/2022\\\/09\\\/3-bolt-one-side-flange-FBPL-ball-bearing-unit-2.jpg\",\"width\":1000,\"height\":1000,\"caption\":\"3 bolt one side flange FBPL ball bearing unit\"},{\"@type\":\"BreadcrumbList\",\"@id\":\"https:\\\/\\\/nhkmachineryparts.com\\\/product\\\/226-flange-unit-3-bolt-one-side-fbpl\\\/#breadcrumb\",\"itemListElement\":[{\"@type\":\"ListItem\",\"position\":1,\"name\":\"Home\",\"item\":\"https:\\\/\\\/nhkmachineryparts.com\\\/\"},{\"@type\":\"ListItem\",\"position\":2,\"name\":\"Product line\",\"item\":\"https:\\\/\\\/nhkmachineryparts.com\\\/product-line\\\/\"},{\"@type\":\"ListItem\",\"position\":3,\"name\":\"Bearing units in IP54\u00a0composite housing\",\"item\":\"https:\\\/\\\/nhkmachineryparts.com\\\/product-line\\\/bearing-units-in-ip54-thermo-plastic-housing\\\/\"},{\"@type\":\"ListItem\",\"position\":4,\"name\":\"3 bolt one side flange FBPL ball bearing unit\"}]},{\"@type\":\"WebSite\",\"@id\":\"https:\\\/\\\/nhkmachineryparts.com\\\/#website\",\"url\":\"https:\\\/\\\/nhkmachineryparts.com\\\/\",\"name\":\"NHK Machinery Parts\",\"description\":\"Bearing Houses, seismic levelling feet and levelling castors\",\"publisher\":{\"@id\":\"https:\\\/\\\/nhkmachineryparts.com\\\/#organization\"},\"potentialAction\":[{\"@type\":\"SearchAction\",\"target\":{\"@type\":\"EntryPoint\",\"urlTemplate\":\"https:\\\/\\\/nhkmachineryparts.com\\\/?s={search_term_string}\"},\"query-input\":{\"@type\":\"PropertyValueSpecification\",\"valueRequired\":true,\"valueName\":\"search_term_string\"}}],\"inLanguage\":\"de\"},{\"@type\":\"Organization\",\"@id\":\"https:\\\/\\\/nhkmachineryparts.com\\\/#organization\",\"name\":\"Nhk Group ApS\",\"url\":\"https:\\\/\\\/nhkmachineryparts.com\\\/\",\"logo\":{\"@type\":\"ImageObject\",\"inLanguage\":\"de\",\"@id\":\"https:\\\/\\\/nhkmachineryparts.com\\\/#\\\/schema\\\/logo\\\/image\\\/\",\"url\":\"https:\\\/\\\/nhkmachineryparts.com\\\/wp-content\\\/uploads\\\/2022\\\/09\\\/NHKgroup_social.jpg\",\"contentUrl\":\"https:\\\/\\\/nhkmachineryparts.com\\\/wp-content\\\/uploads\\\/2022\\\/09\\\/NHKgroup_social.jpg\",\"width\":1200,\"height\":630,\"caption\":\"Nhk Group ApS\"},\"image\":{\"@id\":\"https:\\\/\\\/nhkmachineryparts.com\\\/#\\\/schema\\\/logo\\\/image\\\/\"},\"sameAs\":[\"https:\\\/\\\/www.facebook.com\\\/NHK.Group.aps\"]}]}<\/script>\n<!-- \/ Yoast SEO plugin. -->","yoast_head_json":{"title":"FBPL-Kugellagereinheit mit 3 Bolzen und einseitigem Flansch | Leistung optimieren | NHK Machinery Parts","description":"Unsere wartungsfreien 3-Schrauben-Lagereinheiten mit einseitigem Flansch sind best\u00e4ndig gegen alle Reinigungsmittel und Chemikalien, haben ein hygienisches Design und sind leicht zu reinigen. Leistung","robots":{"index":"index","follow":"follow","max-snippet":"max-snippet:-1","max-image-preview":"max-image-preview:large","max-video-preview":"max-video-preview:-1"},"canonical":"https:\/\/nhkmachineryparts.com\/de\/produkt\/226-flanscheinheit-3-bolzen-eine-seite-fbpl\/","og_locale":"de_DE","og_type":"article","og_title":"3 bolt one side flange FBPL ball bearing unit | Optimize Performance | NHK Machinery Parts","og_description":"Our maintenance free 3 bolt one side flange bearing units are resistant to all cleaning agents and chemicals, hygienic design and easy-to-clean. Performance","og_url":"https:\/\/nhkmachineryparts.com\/de\/produkt\/226-flanscheinheit-3-bolzen-eine-seite-fbpl\/","og_site_name":"NHK Machinery Parts","article_publisher":"https:\/\/www.facebook.com\/NHK.Group.aps","article_modified_time":"2026-02-23T12:55:38+00:00","og_image":[{"width":1000,"height":1000,"url":"https:\/\/nhkmachineryparts.com\/wp-content\/uploads\/2022\/09\/3-bolt-one-side-flange-FBPL-ball-bearing-unit-2.jpg","type":"image\/jpeg"}],"twitter_card":"summary_large_image","twitter_misc":{"Gesch\u00e4tzte Lesezeit":"3\u00a0Minuten"},"schema":{"@context":"https:\/\/schema.org","@graph":[{"@type":"WebPage","@id":"https:\/\/nhkmachineryparts.com\/product\/226-flange-unit-3-bolt-one-side-fbpl\/","url":"https:\/\/nhkmachineryparts.com\/product\/226-flange-unit-3-bolt-one-side-fbpl\/","name":"FBPL-Kugellagereinheit mit 3 Bolzen und einseitigem Flansch | Leistung optimieren | NHK Machinery Parts","isPartOf":{"@id":"https:\/\/nhkmachineryparts.com\/#website"},"primaryImageOfPage":{"@id":"https:\/\/nhkmachineryparts.com\/product\/226-flange-unit-3-bolt-one-side-fbpl\/#primaryimage"},"image":{"@id":"https:\/\/nhkmachineryparts.com\/product\/226-flange-unit-3-bolt-one-side-fbpl\/#primaryimage"},"thumbnailUrl":"https:\/\/nhkmachineryparts.com\/wp-content\/uploads\/2022\/09\/3-bolt-one-side-flange-FBPL-ball-bearing-unit-2.jpg","datePublished":"2022-09-26T09:45:47+00:00","dateModified":"2026-02-23T12:55:38+00:00","description":"Unsere wartungsfreien 3-Schrauben-Lagereinheiten mit einseitigem Flansch sind best\u00e4ndig gegen alle Reinigungsmittel und Chemikalien, haben ein hygienisches Design und sind leicht zu reinigen. Leistung","breadcrumb":{"@id":"https:\/\/nhkmachineryparts.com\/product\/226-flange-unit-3-bolt-one-side-fbpl\/#breadcrumb"},"inLanguage":"de","potentialAction":[{"@type":"ReadAction","target":["https:\/\/nhkmachineryparts.com\/product\/226-flange-unit-3-bolt-one-side-fbpl\/"]}]},{"@type":"ImageObject","inLanguage":"de","@id":"https:\/\/nhkmachineryparts.com\/product\/226-flange-unit-3-bolt-one-side-fbpl\/#primaryimage","url":"https:\/\/nhkmachineryparts.com\/wp-content\/uploads\/2022\/09\/3-bolt-one-side-flange-FBPL-ball-bearing-unit-2.jpg","contentUrl":"https:\/\/nhkmachineryparts.com\/wp-content\/uploads\/2022\/09\/3-bolt-one-side-flange-FBPL-ball-bearing-unit-2.jpg","width":1000,"height":1000,"caption":"3 bolt one side flange FBPL ball bearing unit"},{"@type":"BreadcrumbList","@id":"https:\/\/nhkmachineryparts.com\/product\/226-flange-unit-3-bolt-one-side-fbpl\/#breadcrumb","itemListElement":[{"@type":"ListItem","position":1,"name":"Home","item":"https:\/\/nhkmachineryparts.com\/"},{"@type":"ListItem","position":2,"name":"Product line","item":"https:\/\/nhkmachineryparts.com\/product-line\/"},{"@type":"ListItem","position":3,"name":"Bearing units in IP54\u00a0composite housing","item":"https:\/\/nhkmachineryparts.com\/product-line\/bearing-units-in-ip54-thermo-plastic-housing\/"},{"@type":"ListItem","position":4,"name":"3 bolt one side flange FBPL ball bearing unit"}]},{"@type":"WebSite","@id":"https:\/\/nhkmachineryparts.com\/#website","url":"https:\/\/nhkmachineryparts.com\/","name":"NHK-Maschinenteile","description":"Lagergeh\u00e4use, seismische Nivellierf\u00fc\u00dfe und Nivellierrollen","publisher":{"@id":"https:\/\/nhkmachineryparts.com\/#organization"},"potentialAction":[{"@type":"SearchAction","target":{"@type":"EntryPoint","urlTemplate":"https:\/\/nhkmachineryparts.com\/?s={search_term_string}"},"query-input":{"@type":"PropertyValueSpecification","valueRequired":true,"valueName":"search_term_string"}}],"inLanguage":"de"},{"@type":"Organization","@id":"https:\/\/nhkmachineryparts.com\/#organization","name":"Nhk Group ApS","url":"https:\/\/nhkmachineryparts.com\/","logo":{"@type":"ImageObject","inLanguage":"de","@id":"https:\/\/nhkmachineryparts.com\/#\/schema\/logo\/image\/","url":"https:\/\/nhkmachineryparts.com\/wp-content\/uploads\/2022\/09\/NHKgroup_social.jpg","contentUrl":"https:\/\/nhkmachineryparts.com\/wp-content\/uploads\/2022\/09\/NHKgroup_social.jpg","width":1200,"height":630,"caption":"Nhk Group ApS"},"image":{"@id":"https:\/\/nhkmachineryparts.com\/#\/schema\/logo\/image\/"},"sameAs":["https:\/\/www.facebook.com\/NHK.Group.aps"]}]}},"_links":{"self":[{"href":"https:\/\/nhkmachineryparts.com\/de\/wp-json\/wp\/v2\/product\/1783","targetHints":{"allow":["GET"]}}],"collection":[{"href":"https:\/\/nhkmachineryparts.com\/de\/wp-json\/wp\/v2\/product"}],"about":[{"href":"https:\/\/nhkmachineryparts.com\/de\/wp-json\/wp\/v2\/types\/product"}],"wp:featuredmedia":[{"embeddable":true,"href":"https:\/\/nhkmachineryparts.com\/de\/wp-json\/wp\/v2\/media\/11646"}],"wp:attachment":[{"href":"https:\/\/nhkmachineryparts.com\/de\/wp-json\/wp\/v2\/media?parent=1783"}],"wp:term":[{"taxonomy":"product_brand","embeddable":true,"href":"https:\/\/nhkmachineryparts.com\/de\/wp-json\/wp\/v2\/product_brand?post=1783"},{"taxonomy":"product_cat","embeddable":true,"href":"https:\/\/nhkmachineryparts.com\/de\/wp-json\/wp\/v2\/product_cat?post=1783"},{"taxonomy":"product_tag","embeddable":true,"href":"https:\/\/nhkmachineryparts.com\/de\/wp-json\/wp\/v2\/product_tag?post=1783"}],"curies":[{"name":"wp","href":"https:\/\/api.w.org\/{rel}","templated":true}]}}