{"id":1770,"date":"2022-09-25T19:40:16","date_gmt":"2022-09-25T19:40:16","guid":{"rendered":"https:\/\/nhkmachineryparts.pawsfabrik.dk\/?post_type=product&#038;p=1770"},"modified":"2026-02-23T14:55:53","modified_gmt":"2026-02-23T12:55:53","slug":"225-gewindeboden-kissenblock-einheit-papl","status":"publish","type":"product","link":"https:\/\/nhkmachineryparts.com\/de\/product\/225-tapped-base-pillow-block-unit-papl\/","title":{"rendered":"Stehlagerblock mit Gewindebohrung, PAPL-Kugellagereinheit"},"content":{"rendered":"<section class=\"vc_row vc_custom_1662993827263 liquid-row-shadowbox-69d3f6f9bed56 vc_column-gap-0\"><div class=\"ld-container container\"><div class=\"row ld-row ld-row-outer\"><div class=\"wpb_column vc_column_container vc_col-sm-12 liquid-column-69d3f6f9beeed\"><div class=\"vc_column-inner\" ><div class=\"wpb_wrapper\"  >\n\t<div class=\"wpb_text_column wpb_content_element\" >\n\t\t<div class=\"wpb_wrapper\">\n\t\t\t<h2>Verbesserte Stabilit\u00e4t und Haltbarkeit<\/h2>\n<p>IP54-Lagergeh\u00e4use aus Polypropylen. (Farbe: Schwarz, Wei\u00df oder Blau)<br \/>\nDas IP54-Lagergeh\u00e4use verf\u00fcgt \u00fcber ein einstellbares, vorgeschmiertes Chromstahl- oder vorgeschmiertes Edelstahlkugellager.<br \/>\nDas Nachschmieren des Lagers kann mittels Schmiernippel oder Schnellkupplung erfolgen.<br \/>\nDas IP54-Lagergeh\u00e4use ist mit einer aufsteckbaren Sicherheitskappe ausgestattet.<br \/>\nRadialwellendichtring (TC) mit zus\u00e4tzlicher Staubschutzlippe aus NBR-Gummi.<\/p>\n<h2>Funktionen und Vorteile<\/h2>\n<ul>\n<li>Betriebstemperatur zwischen -20 \u00b0C und +100 \u00b0C.<\/li>\n<li>Wirtschaftlicher Betrieb.<\/li>\n<li>Langlebiger Lagereinsatz.<\/li>\n<li>Konzept und Design zur Erf\u00fcllung aller Sicherheitsanforderungen.<\/li>\n<li>Austauschbar mit standardm\u00e4\u00dfigen Flanschlagertr\u00e4gern aus Gusseisen.<\/li>\n<li>Maximale Fehlausrichtung zwischen Welle und Geh\u00e4use: 3 Grad.<\/li>\n<li>Komplett versiegelte Einheiten.<\/li>\n<li>Schmiernippel aus Edelstahl AISI304 M6x1mm<\/li>\n<li>Edelstahllager AISI 440C (vorgeschmiert)<\/li>\n<li>Mit Langzeitfett vorgeschmiertes Kugellager, ideal f\u00fcr Anwendungen in feuchten Umgebungen, mit Wasser, alkalischen oder sauren L\u00f6sungen.<\/li>\n<\/ul>\n<h2>Verf\u00fcgbare Gr\u00f6\u00dfen<\/h2>\n<div class=\"dcf-overflow-x-auto\" tabindex=\"0\">\n<table class=\"dcf-table dcf-table-bordered dcf-w-100%\">\n<thead>\n<tr>\n<th scope=\"col\">Wellendurchmesser<\/th>\n<th scope=\"col\">Katalog-Nr.<\/th>\n<\/tr>\n<\/thead>\n<tbody>\n<tr>\n<td data-label=\"Shaft Diameter\">\u00d820 mm<\/td>\n<td data-label=\"Catalog No.\">PAPL 204<\/td>\n<\/tr>\n<tr>\n<td data-label=\"Shaft Diameter\">\u00d825 mm<\/td>\n<td data-label=\"Catalog No.\">PAPL 205<\/td>\n<\/tr>\n<tr>\n<td data-label=\"Shaft Diameter\">\u00d830 mm<\/td>\n<td data-label=\"Catalog No.\">PAPL 206<\/td>\n<\/tr>\n<tr>\n<td data-label=\"Shaft Diameter\">\u00d835 mm<\/td>\n<td data-label=\"Catalog No.\">PAPL 207<\/td>\n<\/tr>\n<tr>\n<td data-label=\"Shaft Diameter\">\u00d840 mm<\/td>\n<td data-label=\"Catalog No.\">PAPL 208<\/td>\n<\/tr>\n<tr>\n<td data-label=\"Shaft Diameter\">\u00d845 mm<\/td>\n<td data-label=\"Catalog No.\">PAPL 209<\/td>\n<\/tr>\n<tr>\n<td data-label=\"Shaft Diameter\">\u00d850 mm<\/td>\n<td data-label=\"Catalog No.\">PAPL 210<\/td>\n<\/tr>\n<tr>\n<td data-label=\"Shaft Diameter\">\u00d855 mm<\/td>\n<td data-label=\"Catalog No.\">PAPL 211<\/td>\n<\/tr>\n<tr>\n<td data-label=\"Shaft Diameter\">\u00d860 mm<\/td>\n<td data-label=\"Catalog No.\">PAPL 212<\/td>\n<\/tr>\n<\/tbody>\n<\/table>\n<\/div>\n<p>Stehlagereinheit PAPL mit Innengewinde und Zollgewinde auf Anfrage ebenfalls erh\u00e4ltlich<\/p>\n<p>Der PAPL20x kann mit Stiftkappe oder geschlossener Kappe geliefert werden.<br \/>\nBei offener Kappe wird den Lagernummern das Suffix \u201eOC\u201c hinzugef\u00fcgt. Bsp.: PAPL204OC<br \/>\nGeschlossener Vap, den Lagernummern wird das Suffix \u201eCC\u201c hinzugef\u00fcgt. Bsp.: PAPL204CC<\/p>\n<h2 data-start=\"0\" data-end=\"100\">PAPL-Kugellagereinheit mit Gewindesockel und Stehlagerblock:<\/h2>\n<h3 data-start=\"0\" data-end=\"100\">Eine langlebige L\u00f6sung f\u00fcr industrielle Anwendungen<\/h3>\n<p data-start=\"122\" data-end=\"434\">Der <strong data-start=\"126\" data-end=\"177\">PAPL-Kugellagereinheit mit Gewindesockel<\/strong> ist eine wesentliche Komponente in verschiedenen industriellen Anwendungen und bietet robusten Halt f\u00fcr rotierende Wellen bei gleichzeitiger Gew\u00e4hrleistung von Stabilit\u00e4t und Haltbarkeit. Diese Lagereinheit ist f\u00fcr hohe Tragf\u00e4higkeiten ausgelegt und bietet au\u00dfergew\u00f6hnliche Leistung in rauen Umgebungen.<\/p>\n<h3 data-start=\"436\" data-end=\"463\">Eigenschaften und Vorteile<\/h3>\n<ol data-start=\"465\" data-end=\"1384\">\n<li data-start=\"465\" data-end=\"717\">\n<p data-start=\"468\" data-end=\"717\"><strong data-start=\"468\" data-end=\"503\">Gewindebohrung f\u00fcr sichere Befestigung<\/strong><br data-start=\"503\" data-end=\"506\" \/>Der <strong data-start=\"513\" data-end=\"539\">PAPL Kugellagereinheit<\/strong> verf\u00fcgt \u00fcber einen Gewindesockel, der eine einfache und sichere Montage erm\u00f6glicht. Dieses Design verbessert die Stabilit\u00e4t und reduziert Vibrationen, wodurch es ideal f\u00fcr Maschinen ist, die eine pr\u00e4zise Ausrichtung erfordern.<\/p>\n<\/li>\n<li data-start=\"719\" data-end=\"967\">\n<p data-start=\"722\" data-end=\"967\"><strong data-start=\"722\" data-end=\"748\">Hochwertige Materialien<\/strong><br data-start=\"748\" data-end=\"751\" \/>Hergestellt mit <strong data-start=\"773\" data-end=\"825\">korrosionsbest\u00e4ndiger Edelstahl oder Gusseisen<\/strong>gew\u00e4hrleistet die Einheit Langlebigkeit und Haltbarkeit, selbst unter anspruchsvollen Bedingungen wie in der Lebensmittelverarbeitung, Pharmazie und Chemie <a href=\"https:\/\/nhkmachineryparts.com\/de\/our-industries\/\" data-internallinksmanager029f6b8e52c=\"4\" title=\"Unsere Branchen\">Branchen<\/a>.<\/p>\n<\/li>\n<li data-start=\"969\" data-end=\"1174\">\n<p data-start=\"972\" data-end=\"1174\"><strong data-start=\"972\" data-end=\"1005\">Abgedichtetes Lager zum Schutz<\/strong><br data-start=\"1005\" data-end=\"1008\" \/>Der <strong data-start=\"1015\" data-end=\"1054\">vorgeschmiertes, abgedichtetes Kugellager<\/strong> verhindert die Verunreinigung durch Staub, Feuchtigkeit und Schmutz, verl\u00e4ngert die Lebensdauer des Ger\u00e4ts und senkt die Wartungskosten.<\/p>\n<\/li>\n<li data-start=\"1176\" data-end=\"1384\">\n<p data-start=\"1179\" data-end=\"1384\"><strong data-start=\"1179\" data-end=\"1205\">Vielseitige Einsatzm\u00f6glichkeiten<\/strong><br data-start=\"1205\" data-end=\"1208\" \/>Der <strong data-start=\"1215\" data-end=\"1241\">PAPL Stehlagereinheit<\/strong> wird h\u00e4ufig in F\u00f6rdersystemen, Verpackungsmaschinen und landwirtschaftlichen Ger\u00e4ten verwendet und bietet zuverl\u00e4ssige Leistung in verschiedenen Branchen.<\/p>\n<\/li>\n<\/ol>\n<h3 data-start=\"1386\" data-end=\"1443\">Warum sollten Sie sich f\u00fcr ein PAPL-Stehlager mit Gewindebohrung entscheiden?<\/h3>\n<ul data-start=\"1445\" data-end=\"1666\">\n<li data-start=\"1445\" data-end=\"1522\"><strong data-start=\"1447\" data-end=\"1469\">Verbesserte Stabilit\u00e4t<\/strong>: Bietet durch die geriffelte Basis einen festen Halt.<\/li>\n<li data-start=\"1523\" data-end=\"1592\"><strong data-start=\"1525\" data-end=\"1545\">Reduzierte Ausfallzeiten<\/strong>: Abgedichtete Lager minimieren den Wartungsbedarf.<\/li>\n<li data-start=\"1593\" data-end=\"1666\"><strong data-start=\"1595\" data-end=\"1619\">Korrosionsbest\u00e4ndigkeit<\/strong>: Geeignet f\u00fcr feuchte und hygienische Umgebungen.<\/li>\n<\/ul>\n<h2 data-start=\"0\" data-end=\"100\">Eine langlebige L\u00f6sung f\u00fcr industrielle Anwendungen<\/h2>\n<p data-start=\"1686\" data-end=\"1948\">Der <strong data-start=\"1690\" data-end=\"1741\">PAPL-Kugellagereinheit mit Gewindesockel<\/strong> ist eine zuverl\u00e4ssige und langlebige Wahl f\u00fcr industrielle Anwendungen. Mit seiner hohen Tragf\u00e4higkeit, Korrosionsbest\u00e4ndigkeit und sicheren Befestigung steigert es die Betriebseffizienz und reduziert gleichzeitig den Wartungsaufwand.<\/p>\n<p>Wir sind bereit, Ihnen und Ihrem Unternehmen hygienische L\u00f6sungen zu liefern, ganz gleich, ob Sie diese ben\u00f6tigen <a href=\"https:\/\/nhkmachineryparts.com\/de\/produktlinie\/maschinenfuse-im-hygienic-design-edelstahlfuse\/\">Maschinenf\u00fc\u00dfe<\/a>, <a href=\"https:\/\/nhkmachineryparts.com\/de\/produktlinie\/wasserdichtes-lagergehause-ip67-wasserdichte-lagereinheiten\/\">wasserdichte IP67-Lager<\/a> oder <a href=\"https:\/\/nhkmachineryparts.com\/de\/produktlinie\/lagergehauseeinheiten-aus-edelstahl\/\">rostfreie Lagereinheiten<\/a>, wir haben alles.<\/p>\n\n\t\t<\/div>\n\t<\/div>\n<\/div><\/div><\/div><\/div><\/div><\/section>","protected":false},"excerpt":{"rendered":"Enhanced Stability and Durability IP54 bearing housing in Polypropylene. (Colour in Black, White or Blue) IP54 bearing housing has adjustable pre-lubricated chrome steel or pre-lubricated stainless steel ball bearing. The bearing can be re-lubricated by means of grease-nipple or a quick coupler. IP54 bearing housing is fitted with clip-on safety cap. Rotary shaft seal ring [...]","protected":false},"featured_media":11648,"template":"","meta":[],"product_brand":[],"product_cat":[52],"product_tag":[],"class_list":{"0":"post-1770","1":"product","2":"type-product","3":"status-publish","4":"has-post-thumbnail","6":"product_cat-bearing-units-in-ip54-thermo-plastic-housing","8":"first","9":"instock","10":"shipping-taxable","11":"product-type-simple"},"yoast_head":"<!-- This site is optimized with the Yoast SEO plugin v27.3 - https:\/\/yoast.com\/product\/yoast-seo-wordpress\/ -->\n<title>Tapped base pillow block PAPL ball bearing unit | Durability | NHK Machinery Parts<\/title>\n<meta name=\"description\" content=\"Our maintenance free tapped pillow block bearing units are resistant to all cleaning agents and chemicals, hygienic design and easy-to-clean. Durability\" \/>\n<meta name=\"robots\" content=\"index, follow, max-snippet:-1, max-image-preview:large, max-video-preview:-1\" \/>\n<link rel=\"canonical\" href=\"https:\/\/nhkmachineryparts.com\/de\/produkt\/225-gewindeboden-kissenblock-einheit-papl\/\" \/>\n<meta property=\"og:locale\" content=\"de_DE\" \/>\n<meta property=\"og:type\" content=\"article\" \/>\n<meta property=\"og:title\" content=\"Tapped base pillow block PAPL ball bearing unit | Durability | NHK Machinery Parts\" \/>\n<meta property=\"og:description\" content=\"Our maintenance free tapped pillow block bearing units are resistant to all cleaning agents and chemicals, hygienic design and easy-to-clean. Durability\" \/>\n<meta property=\"og:url\" content=\"https:\/\/nhkmachineryparts.com\/de\/produkt\/225-gewindeboden-kissenblock-einheit-papl\/\" \/>\n<meta property=\"og:site_name\" content=\"NHK Machinery Parts\" \/>\n<meta property=\"article:publisher\" content=\"https:\/\/www.facebook.com\/NHK.Group.aps\" \/>\n<meta property=\"article:modified_time\" content=\"2026-02-23T12:55:53+00:00\" \/>\n<meta property=\"og:image\" content=\"https:\/\/nhkmachineryparts.com\/wp-content\/uploads\/2022\/09\/Tapped-base-pillow-block-PAPL-ball-bearing-unit-2.jpg\" \/>\n\t<meta property=\"og:image:width\" content=\"1000\" \/>\n\t<meta property=\"og:image:height\" content=\"1000\" \/>\n\t<meta property=\"og:image:type\" content=\"image\/jpeg\" \/>\n<meta name=\"twitter:card\" content=\"summary_large_image\" \/>\n<meta name=\"twitter:label1\" content=\"Gesch\u00e4tzte Lesezeit\" \/>\n\t<meta name=\"twitter:data1\" content=\"3\u00a0Minuten\" \/>\n<script type=\"application\/ld+json\" class=\"yoast-schema-graph\">{\"@context\":\"https:\\\/\\\/schema.org\",\"@graph\":[{\"@type\":\"WebPage\",\"@id\":\"https:\\\/\\\/nhkmachineryparts.com\\\/product\\\/225-tapped-base-pillow-block-unit-papl\\\/\",\"url\":\"https:\\\/\\\/nhkmachineryparts.com\\\/product\\\/225-tapped-base-pillow-block-unit-papl\\\/\",\"name\":\"Tapped base pillow block PAPL ball bearing unit | Durability | NHK Machinery Parts\",\"isPartOf\":{\"@id\":\"https:\\\/\\\/nhkmachineryparts.com\\\/#website\"},\"primaryImageOfPage\":{\"@id\":\"https:\\\/\\\/nhkmachineryparts.com\\\/product\\\/225-tapped-base-pillow-block-unit-papl\\\/#primaryimage\"},\"image\":{\"@id\":\"https:\\\/\\\/nhkmachineryparts.com\\\/product\\\/225-tapped-base-pillow-block-unit-papl\\\/#primaryimage\"},\"thumbnailUrl\":\"https:\\\/\\\/nhkmachineryparts.com\\\/wp-content\\\/uploads\\\/2022\\\/09\\\/Tapped-base-pillow-block-PAPL-ball-bearing-unit-2.jpg\",\"datePublished\":\"2022-09-25T19:40:16+00:00\",\"dateModified\":\"2026-02-23T12:55:53+00:00\",\"description\":\"Our maintenance free tapped pillow block bearing units are resistant to all cleaning agents and chemicals, hygienic design and easy-to-clean. Durability\",\"breadcrumb\":{\"@id\":\"https:\\\/\\\/nhkmachineryparts.com\\\/product\\\/225-tapped-base-pillow-block-unit-papl\\\/#breadcrumb\"},\"inLanguage\":\"de\",\"potentialAction\":[{\"@type\":\"ReadAction\",\"target\":[\"https:\\\/\\\/nhkmachineryparts.com\\\/product\\\/225-tapped-base-pillow-block-unit-papl\\\/\"]}]},{\"@type\":\"ImageObject\",\"inLanguage\":\"de\",\"@id\":\"https:\\\/\\\/nhkmachineryparts.com\\\/product\\\/225-tapped-base-pillow-block-unit-papl\\\/#primaryimage\",\"url\":\"https:\\\/\\\/nhkmachineryparts.com\\\/wp-content\\\/uploads\\\/2022\\\/09\\\/Tapped-base-pillow-block-PAPL-ball-bearing-unit-2.jpg\",\"contentUrl\":\"https:\\\/\\\/nhkmachineryparts.com\\\/wp-content\\\/uploads\\\/2022\\\/09\\\/Tapped-base-pillow-block-PAPL-ball-bearing-unit-2.jpg\",\"width\":1000,\"height\":1000,\"caption\":\"Tapped base pillow block PAPL ball bearing unit\"},{\"@type\":\"BreadcrumbList\",\"@id\":\"https:\\\/\\\/nhkmachineryparts.com\\\/product\\\/225-tapped-base-pillow-block-unit-papl\\\/#breadcrumb\",\"itemListElement\":[{\"@type\":\"ListItem\",\"position\":1,\"name\":\"Home\",\"item\":\"https:\\\/\\\/nhkmachineryparts.com\\\/\"},{\"@type\":\"ListItem\",\"position\":2,\"name\":\"Product line\",\"item\":\"https:\\\/\\\/nhkmachineryparts.com\\\/product-line\\\/\"},{\"@type\":\"ListItem\",\"position\":3,\"name\":\"Bearing units in IP54\u00a0composite housing\",\"item\":\"https:\\\/\\\/nhkmachineryparts.com\\\/product-line\\\/bearing-units-in-ip54-thermo-plastic-housing\\\/\"},{\"@type\":\"ListItem\",\"position\":4,\"name\":\"Tapped base pillow block PAPL ball bearing unit\"}]},{\"@type\":\"WebSite\",\"@id\":\"https:\\\/\\\/nhkmachineryparts.com\\\/#website\",\"url\":\"https:\\\/\\\/nhkmachineryparts.com\\\/\",\"name\":\"NHK Machinery Parts\",\"description\":\"Bearing Houses, seismic levelling feet and levelling castors\",\"publisher\":{\"@id\":\"https:\\\/\\\/nhkmachineryparts.com\\\/#organization\"},\"potentialAction\":[{\"@type\":\"SearchAction\",\"target\":{\"@type\":\"EntryPoint\",\"urlTemplate\":\"https:\\\/\\\/nhkmachineryparts.com\\\/?s={search_term_string}\"},\"query-input\":{\"@type\":\"PropertyValueSpecification\",\"valueRequired\":true,\"valueName\":\"search_term_string\"}}],\"inLanguage\":\"de\"},{\"@type\":\"Organization\",\"@id\":\"https:\\\/\\\/nhkmachineryparts.com\\\/#organization\",\"name\":\"Nhk Group ApS\",\"url\":\"https:\\\/\\\/nhkmachineryparts.com\\\/\",\"logo\":{\"@type\":\"ImageObject\",\"inLanguage\":\"de\",\"@id\":\"https:\\\/\\\/nhkmachineryparts.com\\\/#\\\/schema\\\/logo\\\/image\\\/\",\"url\":\"https:\\\/\\\/nhkmachineryparts.com\\\/wp-content\\\/uploads\\\/2022\\\/09\\\/NHKgroup_social.jpg\",\"contentUrl\":\"https:\\\/\\\/nhkmachineryparts.com\\\/wp-content\\\/uploads\\\/2022\\\/09\\\/NHKgroup_social.jpg\",\"width\":1200,\"height\":630,\"caption\":\"Nhk Group ApS\"},\"image\":{\"@id\":\"https:\\\/\\\/nhkmachineryparts.com\\\/#\\\/schema\\\/logo\\\/image\\\/\"},\"sameAs\":[\"https:\\\/\\\/www.facebook.com\\\/NHK.Group.aps\"]}]}<\/script>\n<!-- \/ Yoast SEO plugin. -->","yoast_head_json":{"title":"PAPL-Kugellagereinheit mit Gewindesockel | Haltbarkeit | NHK Machinery Parts","description":"Unsere wartungsfreien Stehlagereinheiten mit Gewindebohrung sind best\u00e4ndig gegen alle Reinigungsmittel und Chemikalien, haben ein hygienisches Design und sind leicht zu reinigen. Haltbarkeit","robots":{"index":"index","follow":"follow","max-snippet":"max-snippet:-1","max-image-preview":"max-image-preview:large","max-video-preview":"max-video-preview:-1"},"canonical":"https:\/\/nhkmachineryparts.com\/de\/produkt\/225-gewindeboden-kissenblock-einheit-papl\/","og_locale":"de_DE","og_type":"article","og_title":"Tapped base pillow block PAPL ball bearing unit | Durability | NHK Machinery Parts","og_description":"Our maintenance free tapped pillow block bearing units are resistant to all cleaning agents and chemicals, hygienic design and easy-to-clean. Durability","og_url":"https:\/\/nhkmachineryparts.com\/de\/produkt\/225-gewindeboden-kissenblock-einheit-papl\/","og_site_name":"NHK Machinery Parts","article_publisher":"https:\/\/www.facebook.com\/NHK.Group.aps","article_modified_time":"2026-02-23T12:55:53+00:00","og_image":[{"width":1000,"height":1000,"url":"https:\/\/nhkmachineryparts.com\/wp-content\/uploads\/2022\/09\/Tapped-base-pillow-block-PAPL-ball-bearing-unit-2.jpg","type":"image\/jpeg"}],"twitter_card":"summary_large_image","twitter_misc":{"Gesch\u00e4tzte Lesezeit":"3\u00a0Minuten"},"schema":{"@context":"https:\/\/schema.org","@graph":[{"@type":"WebPage","@id":"https:\/\/nhkmachineryparts.com\/product\/225-tapped-base-pillow-block-unit-papl\/","url":"https:\/\/nhkmachineryparts.com\/product\/225-tapped-base-pillow-block-unit-papl\/","name":"PAPL-Kugellagereinheit mit Gewindesockel | Haltbarkeit | NHK Machinery Parts","isPartOf":{"@id":"https:\/\/nhkmachineryparts.com\/#website"},"primaryImageOfPage":{"@id":"https:\/\/nhkmachineryparts.com\/product\/225-tapped-base-pillow-block-unit-papl\/#primaryimage"},"image":{"@id":"https:\/\/nhkmachineryparts.com\/product\/225-tapped-base-pillow-block-unit-papl\/#primaryimage"},"thumbnailUrl":"https:\/\/nhkmachineryparts.com\/wp-content\/uploads\/2022\/09\/Tapped-base-pillow-block-PAPL-ball-bearing-unit-2.jpg","datePublished":"2022-09-25T19:40:16+00:00","dateModified":"2026-02-23T12:55:53+00:00","description":"Unsere wartungsfreien Stehlagereinheiten mit Gewindebohrung sind best\u00e4ndig gegen alle Reinigungsmittel und Chemikalien, haben ein hygienisches Design und sind leicht zu reinigen. Haltbarkeit","breadcrumb":{"@id":"https:\/\/nhkmachineryparts.com\/product\/225-tapped-base-pillow-block-unit-papl\/#breadcrumb"},"inLanguage":"de","potentialAction":[{"@type":"ReadAction","target":["https:\/\/nhkmachineryparts.com\/product\/225-tapped-base-pillow-block-unit-papl\/"]}]},{"@type":"ImageObject","inLanguage":"de","@id":"https:\/\/nhkmachineryparts.com\/product\/225-tapped-base-pillow-block-unit-papl\/#primaryimage","url":"https:\/\/nhkmachineryparts.com\/wp-content\/uploads\/2022\/09\/Tapped-base-pillow-block-PAPL-ball-bearing-unit-2.jpg","contentUrl":"https:\/\/nhkmachineryparts.com\/wp-content\/uploads\/2022\/09\/Tapped-base-pillow-block-PAPL-ball-bearing-unit-2.jpg","width":1000,"height":1000,"caption":"Tapped base pillow block PAPL ball bearing unit"},{"@type":"BreadcrumbList","@id":"https:\/\/nhkmachineryparts.com\/product\/225-tapped-base-pillow-block-unit-papl\/#breadcrumb","itemListElement":[{"@type":"ListItem","position":1,"name":"Home","item":"https:\/\/nhkmachineryparts.com\/"},{"@type":"ListItem","position":2,"name":"Product line","item":"https:\/\/nhkmachineryparts.com\/product-line\/"},{"@type":"ListItem","position":3,"name":"Bearing units in IP54\u00a0composite housing","item":"https:\/\/nhkmachineryparts.com\/product-line\/bearing-units-in-ip54-thermo-plastic-housing\/"},{"@type":"ListItem","position":4,"name":"Tapped base pillow block PAPL ball bearing unit"}]},{"@type":"WebSite","@id":"https:\/\/nhkmachineryparts.com\/#website","url":"https:\/\/nhkmachineryparts.com\/","name":"NHK-Maschinenteile","description":"Lagergeh\u00e4use, seismische Nivellierf\u00fc\u00dfe und Nivellierrollen","publisher":{"@id":"https:\/\/nhkmachineryparts.com\/#organization"},"potentialAction":[{"@type":"SearchAction","target":{"@type":"EntryPoint","urlTemplate":"https:\/\/nhkmachineryparts.com\/?s={search_term_string}"},"query-input":{"@type":"PropertyValueSpecification","valueRequired":true,"valueName":"search_term_string"}}],"inLanguage":"de"},{"@type":"Organization","@id":"https:\/\/nhkmachineryparts.com\/#organization","name":"Nhk Group ApS","url":"https:\/\/nhkmachineryparts.com\/","logo":{"@type":"ImageObject","inLanguage":"de","@id":"https:\/\/nhkmachineryparts.com\/#\/schema\/logo\/image\/","url":"https:\/\/nhkmachineryparts.com\/wp-content\/uploads\/2022\/09\/NHKgroup_social.jpg","contentUrl":"https:\/\/nhkmachineryparts.com\/wp-content\/uploads\/2022\/09\/NHKgroup_social.jpg","width":1200,"height":630,"caption":"Nhk Group ApS"},"image":{"@id":"https:\/\/nhkmachineryparts.com\/#\/schema\/logo\/image\/"},"sameAs":["https:\/\/www.facebook.com\/NHK.Group.aps"]}]}},"_links":{"self":[{"href":"https:\/\/nhkmachineryparts.com\/de\/wp-json\/wp\/v2\/product\/1770","targetHints":{"allow":["GET"]}}],"collection":[{"href":"https:\/\/nhkmachineryparts.com\/de\/wp-json\/wp\/v2\/product"}],"about":[{"href":"https:\/\/nhkmachineryparts.com\/de\/wp-json\/wp\/v2\/types\/product"}],"wp:featuredmedia":[{"embeddable":true,"href":"https:\/\/nhkmachineryparts.com\/de\/wp-json\/wp\/v2\/media\/11648"}],"wp:attachment":[{"href":"https:\/\/nhkmachineryparts.com\/de\/wp-json\/wp\/v2\/media?parent=1770"}],"wp:term":[{"taxonomy":"product_brand","embeddable":true,"href":"https:\/\/nhkmachineryparts.com\/de\/wp-json\/wp\/v2\/product_brand?post=1770"},{"taxonomy":"product_cat","embeddable":true,"href":"https:\/\/nhkmachineryparts.com\/de\/wp-json\/wp\/v2\/product_cat?post=1770"},{"taxonomy":"product_tag","embeddable":true,"href":"https:\/\/nhkmachineryparts.com\/de\/wp-json\/wp\/v2\/product_tag?post=1770"}],"curies":[{"name":"wp","href":"https:\/\/api.w.org\/{rel}","templated":true}]}}