{"id":1520,"date":"2022-09-24T18:06:11","date_gmt":"2022-09-24T18:06:11","guid":{"rendered":"https:\/\/nhkmachineryparts.pawsfabrik.dk\/?post_type=product&#038;p=1520"},"modified":"2026-02-23T15:03:54","modified_gmt":"2026-02-23T13:03:54","slug":"ip67-wasserdichte-2-loch-stehlagereinheiten","status":"publish","type":"product","link":"https:\/\/nhkmachineryparts.com\/de\/product\/ip67-waterproof-2-hole-pillow-block-bearing-units\/","title":{"rendered":"IP67 Wasserdichte Stehlagereinheiten"},"content":{"rendered":"<section class=\"vc_row vc_custom_1662993827263 liquid-row-shadowbox-69d398761b0d5 vc_column-gap-0\"><div class=\"ld-container container\"><div class=\"row ld-row ld-row-outer\"><div class=\"wpb_column vc_column_container vc_col-sm-12 liquid-column-69d398761b365\"><div class=\"vc_column-inner\" ><div class=\"wpb_wrapper\"  >\n\t<div class=\"wpb_text_column wpb_content_element\" >\n\t\t<div class=\"wpb_wrapper\">\n\t\t\t<h2>Ultimativer Schutz und Leistung<\/h2>\n<p>Unser <a href=\"https:\/\/nhkmachineryparts.com\/de\/product-line\/ip67-waterproof-bearing-house-units\/\" data-internallinksmanager029f6b8e52c=\"3\" title=\"IP67 Wasserdichte Lagergeh\u00e4useeinheiten\">IP67<\/a> Lagereinheiten erhalten hat <a href=\"https:\/\/nhkmachineryparts.com\/de\/produktlinie\/wasserdichtes-lagergehause-ip67-wasserdichte-lagereinheiten\/\" data-internallinksmanager029f6b8e52c=\"6\" title=\"USDA\">USDA<\/a> Zertifikat.<br \/>\nDie IP67-Lagereinheiten verf\u00fcgen \u00fcber eine eindeutige Chargen-ID-Nummer zur R\u00fcckverfolgbarkeit der Lebensmittelsicherheit.<br \/>\nIP67 dampfbest\u00e4ndige, wasserdichte und korrosionssichere Flanschlagereinheiten, die besonders f\u00fcr nasse und raue Umgebungen geeignet sind.<\/p>\n<h2>Bleiben Sie stark in extremen Umgebungen und harten Bedingungen<\/h2>\n<p>Unsere IP67-Lagereinheiten sind daf\u00fcr ausgelegt <a href=\"https:\/\/nhkmachineryparts.com\/de\/our-industries\/\" data-internallinksmanager029f6b8e52c=\"4\" title=\"Unsere Branchen\">Branchen<\/a> mit immer h\u00f6heren Anforderungen an die Materialbest\u00e4ndigkeit und einer reinigungsfreundlichen Bauweise. Um das Risiko des Bakterienwachstums zu verringern, zeichnet sich dieses Design durch glatte Oberfl\u00e4chen und abgerundete Ecken aus.<\/p>\n<p>Die IP67-Lagereinheiten entsprechen 3A und <a href=\"https:\/\/nhkmachineryparts.com\/de\/was-ist-der-unterschied-zwischen-3a-und-ehedg\/\" data-internallinksmanager029f6b8e52c=\"2\" title=\"EHEDG-zertifizierte Maschinenteile\">EHEDG<\/a> Die Schutzart IP67 gew\u00e4hrleistet, dass die Lagereinheiten mit Hochdruckwasser aus allen Richtungen gereinigt werden k\u00f6nnen. Ein \u00d6ldichtring mit Edelstahlfeder sorgt daf\u00fcr, dass kein Wasser in das Geh\u00e4use eindringen kann.<\/p>\n<p>Die Lager sind wartungsfrei und best\u00e4ndig gegen alle Reinigungsmittel und die meisten Chemikalien.<\/p>\n<h2>Maximieren Sie die Haltbarkeit bei extremen Anwendungen<\/h2>\n<ul>\n<li>Kompakter und stabiler Lagergeh\u00e4usesockel, wobei die Abdeckung mit dem Sockel verschraubt ist.<\/li>\n<li>Das Lagergeh\u00e4use ist von Dupolit gefertigt und zeichnet sich durch extreme Stabilit\u00e4t und Festigkeit aus.<\/li>\n<li>Rostfreier Schmiernippel f\u00fcr optimale Fettf\u00fcllung in Lebensmittelqualit\u00e4t, verhindert Kondensation im Geh\u00e4use.<\/li>\n<li>Das Lagergeh\u00e4use ist mit einem sph\u00e4rischen, lebensdauergeschmierten Kugellager mit Exzenterspannring ausgestattet.<\/li>\n<li>Das sph\u00e4rische Lager ist selbstausrichtend.<\/li>\n<li>Die Abmessungen des Lagergeh\u00e4uses entsprechen den Marktstandards und erm\u00f6glichen einen einfachen Austausch.<\/li>\n<li>Das Lagergeh\u00e4use kann in allen Winkeln montiert werden<\/li>\n<li>Die rostfreien Kugellager erm\u00f6glichen eine einfache und pr\u00e4zise Montage<\/li>\n<li>Das Lagergeh\u00e4use ist hitzebest\u00e4ndig von -30\u00b0C bis +100\u00b0C<\/li>\n<li>Die Lagereins\u00e4tze werden mit NSF H1-registriertem Fett geschmiert, das Anforderungen wie DIN 51825 erf\u00fcllt<\/li>\n<li>Die Lagereinheiten sind USDA-akzeptiert und erf\u00fcllen die Norm NSF\/ANSI\/3-A 14159-1-2010<\/li>\n<li>Lebensmitteltauglich im Sinne der Verordnung (EG) Nr. 1935\/2004<\/li>\n<li>M\u00f6glichkeit f\u00fcr Private Label<\/li>\n<\/ul>\n<h2>IP67 wasserdichte Stehlagereinheiten<\/h2>\n<div class=\"dcf-overflow-x-auto\" tabindex=\"0\">\n<table class=\"dcf-table dcf-table-bordered dcf-w-100%\">\n<thead>\n<tr>\n<th scope=\"col\">Typ IP67 P<\/th>\n<th scope=\"col\">Katalog-Nr.<\/th>\n<th scope=\"col\">Katalog-Nr.<\/th>\n<\/tr>\n<\/thead>\n<tbody>\n<tr>\n<td data-label=\"Type IP67 F\">Stehlagereinheit<\/td>\n<td data-label=\"Catalogue No.\">geschlossene Abdeckung<\/td>\n<td data-label=\"Catalogue No.\">Offene Abdeckung<\/td>\n<\/tr>\n<tr>\n<td data-label=\"Type IP67 F\">\u00d820 mm<\/td>\n<td data-label=\"Catalogue No.\">IP67 P204 CC<\/td>\n<td data-label=\"Catalogue No.\">IP67 P204 OC<\/td>\n<\/tr>\n<tr>\n<td data-label=\"Type IP67 F\">\u00d825 mm<\/td>\n<td data-label=\"Catalogue No.\">IP67 P205 CC<\/td>\n<td data-label=\"Catalogue No.\">IP67 P205 OC<\/td>\n<\/tr>\n<tr>\n<td data-label=\"Type IP67 F\">\u00d830 mm<\/td>\n<td data-label=\"Catalogue No.\">IP67 P206 CC<\/td>\n<td data-label=\"Catalogue No.\">IP67 P206 OC<\/td>\n<\/tr>\n<tr>\n<td data-label=\"Type IP67 F\">\u00d835 mm<\/td>\n<td data-label=\"Catalogue No.\">IP67 P207 CC<\/td>\n<td data-label=\"Catalogue No.\">IP67 P207 OC<\/td>\n<\/tr>\n<tr>\n<td data-label=\"Type IP67 F\">\u00d840 mm<\/td>\n<td data-label=\"Catalogue No.\">IP67 P208 CC<\/td>\n<td data-label=\"Catalogue No.\">IP67 P208 OC<\/td>\n<\/tr>\n<\/tbody>\n<\/table>\n<p><a href=\"https:\/\/nhkmachineryparts.com\/de\/produktlinie\/kategorie\/31-waterproof-bearing-house-ip67-waterproof-bearing-units\/\">Sehen Sie sich auch unsere anderen wasserdichten Lager mit FDA-Zertifikaten an.<\/a><\/p>\n<div class=\"w-full text-token-text-primary border-b border-black\/10 gizmo:border-0 dark:border-gray-900\/50 gizmo:dark:border-0 bg-gray-50 gizmo:bg-transparent dark:bg-&#091;#444654&#093; gizmo:dark:bg-transparent\" data-testid=\"conversation-turn-3\">\n<div class=\"p-4 gizmo:py-2 justify-center text-base md:gap-6 md:py-6 m-auto\">\n<div class=\"flex flex-1 gap-4 text-base mx-auto md:gap-6 gizmo:gap-3 gizmo:md:px-5 gizmo:lg:px-1 gizmo:xl:px-5 md:max-w-2xl lg:max-w-&#091;38rem&#093; gizmo:md:max-w-3xl gizmo:lg:max-w-&#091;40rem&#093; gizmo:xl:max-w-&#091;48rem&#093; xl:max-w-3xl } group\">\n<div class=\"relative flex w-&#091;calc(100%-50px)&#093; flex-col gizmo:w-full lg:w-&#091;calc(100%-115px)&#093; agent-turn\">\n<div class=\"flex-col gap-1 md:gap-3\">\n<div class=\"flex flex-grow flex-col max-w-full gap-3 gizmo:gap-0\">\n<div class=\"min-h-&#091;20px&#093; text-message peer flex flex-col items-start gap-3 whitespace-pre-wrap break-words peer-&#091;.text-message&#093;:mt-5 overflow-x-auto\" data-message-author-role=\"assistant\" data-message-id=\"6162d90c-acdb-4ffc-82be-d3c77259ca95\">\n<div class=\"markdown prose w-full break-words dark:prose-invert light\">\n<h2>IP67-zertifiziertes Lagergeh\u00e4use<\/h2>\n<p>Die Schutzart IP67 f\u00fcr ein Lagergeh\u00e4use oder ein anderes elektronisches oder mechanisches Geh\u00e4use weist auf ein hohes Ma\u00df an Schutz vor Staub und Wasser hin. Lassen Sie uns aufschl\u00fcsseln, was IP67 bedeutet:<\/p>\n<ol>\n<li>IP-Bewertung (Ingress Protection): Die IP-Bewertung ist ein standardisiertes System zur Klassifizierung des Schutzniveaus, das ein Geh\u00e4use gegen verschiedene Umwelteinfl\u00fcsse wie Staub und Wasser bietet.<\/li>\n<li>Erste Ziffer (6): Die erste Ziffer der IP-Schutzart bezieht sich auf den Schutz gegen feste Gegenst\u00e4nde, einschlie\u00dflich Staub. In diesem Fall bedeutet die Bewertung 6, dass das Geh\u00e4use staubdicht ist. Es bietet vollst\u00e4ndigen Schutz vor Staub und anderen festen Partikeln.<\/li>\n<li>Zweite Ziffer (7): Die zweite Ziffer der IP-Schutzart bezieht sich auf den Schutz gegen Fl\u00fcssigkeiten, insbesondere Wasser. Eine Bewertung von 7 bedeutet, dass das Geh\u00e4use einem Eintauchen in bis zu 1 Meter tiefes Wasser f\u00fcr 30 Minuten standh\u00e4lt, ohne dass Wasser eindringen kann.<\/li>\n<\/ol>\n<p>Ein wasserdichtes IP67-Lagergeh\u00e4use ist daher so konzipiert, dass es staubdicht ist und auch zeitweiliges Eintauchen in Wasser \u00fcbersteht, ohne dass Wasser eindringt. Dieses Schutzniveau wird h\u00e4ufig in verschiedenen Industrie-, Au\u00dfen- oder Schiffsanwendungen eingesetzt, bei denen das Lagergeh\u00e4use funktionsf\u00e4hig und frei von Sch\u00e4den durch Staub- und Wassereinwirkung bleiben muss.<\/p>\n<\/div>\n<\/div>\n<\/div>\n<\/div>\n<\/div>\n<\/div>\n<\/div>\n<\/div>\n<h2>Fragen und Kontakt<\/h2>\n<p>Wenn Sie Fragen zu unseren Produkten haben.\u00a0<a href=\"https:\/\/nhkmachineryparts.com\/de\/kontakt\/\">Bei Fragen zu Leistung und L\u00f6sungen f\u00fcr Ihre Maschine oder anderen Themen k\u00f6nnen Sie sich jederzeit an uns wenden. Weitere Informationen zur Kontaktaufnahme finden Sie hier.<\/a>\u00a0Sie finden uns in D\u00e4nemark, Gro\u00dfbritannien, Deutschland und Hongkong.<\/p>\n<\/div>\n\n\t\t<\/div>\n\t<\/div>\n<\/div><\/div><\/div><\/div><\/div><\/section>","protected":false},"excerpt":{"rendered":"Ultimate Protection and Performance Our IP67 Bearing units has obtained USDA certificate. The IP67 Bearing units has unique batch ID number for food safety traceability. IP67 Steam resistant, waterproof and corrosion safe flange bearing units which are special suitable in wet and harsh environments. Stay Strong in Extreme Environment and Harsh Conditions Our IP67 bearing [...]","protected":false},"featured_media":8898,"template":"","meta":[],"product_brand":[],"product_cat":[46],"product_tag":[],"class_list":{"0":"post-1520","1":"product","2":"type-product","3":"status-publish","4":"has-post-thumbnail","6":"product_cat-ip67-waterproof-bearing-house-units","8":"first","9":"instock","10":"shipping-taxable","11":"product-type-simple"},"yoast_head":"<!-- This site is optimized with the Yoast SEO plugin v27.3 - https:\/\/yoast.com\/product\/yoast-seo-wordpress\/ -->\n<title>IP67 Waterproof pillow block bearing units | Certified Hygienic Bearing Houses<\/title>\n<meta name=\"description\" content=\"IP67 Steam resistant, waterproof and corrosion safe pillow block bearing units which are special suitable in wet and harsh environments.\" \/>\n<meta name=\"robots\" content=\"index, follow, max-snippet:-1, max-image-preview:large, max-video-preview:-1\" \/>\n<link rel=\"canonical\" href=\"https:\/\/nhkmachineryparts.com\/de\/produkt\/ip67-wasserdichte-2-loch-stehlagereinheiten\/\" \/>\n<meta property=\"og:locale\" content=\"de_DE\" \/>\n<meta property=\"og:type\" content=\"article\" \/>\n<meta property=\"og:title\" content=\"IP67 Waterproof pillow block bearing units | Certified Hygienic Bearing Houses\" \/>\n<meta property=\"og:description\" content=\"IP67 Steam resistant, waterproof and corrosion safe pillow block bearing units which are special suitable in wet and harsh environments.\" \/>\n<meta property=\"og:url\" content=\"https:\/\/nhkmachineryparts.com\/de\/produkt\/ip67-wasserdichte-2-loch-stehlagereinheiten\/\" \/>\n<meta property=\"og:site_name\" content=\"NHK Machinery Parts\" \/>\n<meta property=\"article:publisher\" content=\"https:\/\/www.facebook.com\/NHK.Group.aps\" \/>\n<meta property=\"article:modified_time\" content=\"2026-02-23T13:03:54+00:00\" \/>\n<meta property=\"og:image\" content=\"https:\/\/nhkmachineryparts.com\/wp-content\/uploads\/2022\/09\/Waterproof-pillow-block-bearing-units-with-spherical-inserts-IP67.jpg\" \/>\n\t<meta property=\"og:image:width\" content=\"1000\" \/>\n\t<meta property=\"og:image:height\" content=\"1000\" \/>\n\t<meta property=\"og:image:type\" content=\"image\/jpeg\" \/>\n<meta name=\"twitter:card\" content=\"summary_large_image\" \/>\n<meta name=\"twitter:label1\" content=\"Gesch\u00e4tzte Lesezeit\" \/>\n\t<meta name=\"twitter:data1\" content=\"4\u00a0Minuten\" \/>\n<script type=\"application\/ld+json\" class=\"yoast-schema-graph\">{\"@context\":\"https:\\\/\\\/schema.org\",\"@graph\":[{\"@type\":\"WebPage\",\"@id\":\"https:\\\/\\\/nhkmachineryparts.com\\\/product\\\/ip67-waterproof-2-hole-pillow-block-bearing-units\\\/\",\"url\":\"https:\\\/\\\/nhkmachineryparts.com\\\/product\\\/ip67-waterproof-2-hole-pillow-block-bearing-units\\\/\",\"name\":\"IP67 Waterproof pillow block bearing units | Certified Hygienic Bearing Houses\",\"isPartOf\":{\"@id\":\"https:\\\/\\\/nhkmachineryparts.com\\\/#website\"},\"primaryImageOfPage\":{\"@id\":\"https:\\\/\\\/nhkmachineryparts.com\\\/product\\\/ip67-waterproof-2-hole-pillow-block-bearing-units\\\/#primaryimage\"},\"image\":{\"@id\":\"https:\\\/\\\/nhkmachineryparts.com\\\/product\\\/ip67-waterproof-2-hole-pillow-block-bearing-units\\\/#primaryimage\"},\"thumbnailUrl\":\"https:\\\/\\\/nhkmachineryparts.com\\\/wp-content\\\/uploads\\\/2022\\\/09\\\/Waterproof-pillow-block-bearing-units-with-spherical-inserts-IP67.jpg\",\"datePublished\":\"2022-09-24T18:06:11+00:00\",\"dateModified\":\"2026-02-23T13:03:54+00:00\",\"description\":\"IP67 Steam resistant, waterproof and corrosion safe pillow block bearing units which are special suitable in wet and harsh environments.\",\"breadcrumb\":{\"@id\":\"https:\\\/\\\/nhkmachineryparts.com\\\/product\\\/ip67-waterproof-2-hole-pillow-block-bearing-units\\\/#breadcrumb\"},\"inLanguage\":\"de\",\"potentialAction\":[{\"@type\":\"ReadAction\",\"target\":[\"https:\\\/\\\/nhkmachineryparts.com\\\/product\\\/ip67-waterproof-2-hole-pillow-block-bearing-units\\\/\"]}]},{\"@type\":\"ImageObject\",\"inLanguage\":\"de\",\"@id\":\"https:\\\/\\\/nhkmachineryparts.com\\\/product\\\/ip67-waterproof-2-hole-pillow-block-bearing-units\\\/#primaryimage\",\"url\":\"https:\\\/\\\/nhkmachineryparts.com\\\/wp-content\\\/uploads\\\/2022\\\/09\\\/Waterproof-pillow-block-bearing-units-with-spherical-inserts-IP67.jpg\",\"contentUrl\":\"https:\\\/\\\/nhkmachineryparts.com\\\/wp-content\\\/uploads\\\/2022\\\/09\\\/Waterproof-pillow-block-bearing-units-with-spherical-inserts-IP67.jpg\",\"width\":1000,\"height\":1000,\"caption\":\"Waterproof pillow block bearing units with spherical inserts IP67\"},{\"@type\":\"BreadcrumbList\",\"@id\":\"https:\\\/\\\/nhkmachineryparts.com\\\/product\\\/ip67-waterproof-2-hole-pillow-block-bearing-units\\\/#breadcrumb\",\"itemListElement\":[{\"@type\":\"ListItem\",\"position\":1,\"name\":\"Home\",\"item\":\"https:\\\/\\\/nhkmachineryparts.com\\\/\"},{\"@type\":\"ListItem\",\"position\":2,\"name\":\"Product line\",\"item\":\"https:\\\/\\\/nhkmachineryparts.com\\\/product-line\\\/\"},{\"@type\":\"ListItem\",\"position\":3,\"name\":\"IP67 Waterproof bearing house units\",\"item\":\"https:\\\/\\\/nhkmachineryparts.com\\\/product-line\\\/ip67-waterproof-bearing-house-units\\\/\"},{\"@type\":\"ListItem\",\"position\":4,\"name\":\"IP67 Waterproof pillow block bearing units\"}]},{\"@type\":\"WebSite\",\"@id\":\"https:\\\/\\\/nhkmachineryparts.com\\\/#website\",\"url\":\"https:\\\/\\\/nhkmachineryparts.com\\\/\",\"name\":\"NHK Machinery Parts\",\"description\":\"Bearing Houses, seismic levelling feet and levelling castors\",\"publisher\":{\"@id\":\"https:\\\/\\\/nhkmachineryparts.com\\\/#organization\"},\"potentialAction\":[{\"@type\":\"SearchAction\",\"target\":{\"@type\":\"EntryPoint\",\"urlTemplate\":\"https:\\\/\\\/nhkmachineryparts.com\\\/?s={search_term_string}\"},\"query-input\":{\"@type\":\"PropertyValueSpecification\",\"valueRequired\":true,\"valueName\":\"search_term_string\"}}],\"inLanguage\":\"de\"},{\"@type\":\"Organization\",\"@id\":\"https:\\\/\\\/nhkmachineryparts.com\\\/#organization\",\"name\":\"Nhk Group ApS\",\"url\":\"https:\\\/\\\/nhkmachineryparts.com\\\/\",\"logo\":{\"@type\":\"ImageObject\",\"inLanguage\":\"de\",\"@id\":\"https:\\\/\\\/nhkmachineryparts.com\\\/#\\\/schema\\\/logo\\\/image\\\/\",\"url\":\"https:\\\/\\\/nhkmachineryparts.com\\\/wp-content\\\/uploads\\\/2022\\\/09\\\/NHKgroup_social.jpg\",\"contentUrl\":\"https:\\\/\\\/nhkmachineryparts.com\\\/wp-content\\\/uploads\\\/2022\\\/09\\\/NHKgroup_social.jpg\",\"width\":1200,\"height\":630,\"caption\":\"Nhk Group ApS\"},\"image\":{\"@id\":\"https:\\\/\\\/nhkmachineryparts.com\\\/#\\\/schema\\\/logo\\\/image\\\/\"},\"sameAs\":[\"https:\\\/\\\/www.facebook.com\\\/NHK.Group.aps\"]}]}<\/script>\n<!-- \/ Yoast SEO plugin. -->","yoast_head_json":{"title":"IP67 Wasserdichte Stehlagereinheiten | Zertifizierte hygienische Lagergeh\u00e4use","description":"IP67 Dampfbest\u00e4ndige, wasserdichte und korrosionssichere Stehlagereinheiten, die besonders f\u00fcr nasse und raue Umgebungen geeignet sind.","robots":{"index":"index","follow":"follow","max-snippet":"max-snippet:-1","max-image-preview":"max-image-preview:large","max-video-preview":"max-video-preview:-1"},"canonical":"https:\/\/nhkmachineryparts.com\/de\/produkt\/ip67-wasserdichte-2-loch-stehlagereinheiten\/","og_locale":"de_DE","og_type":"article","og_title":"IP67 Waterproof pillow block bearing units | Certified Hygienic Bearing Houses","og_description":"IP67 Steam resistant, waterproof and corrosion safe pillow block bearing units which are special suitable in wet and harsh environments.","og_url":"https:\/\/nhkmachineryparts.com\/de\/produkt\/ip67-wasserdichte-2-loch-stehlagereinheiten\/","og_site_name":"NHK Machinery Parts","article_publisher":"https:\/\/www.facebook.com\/NHK.Group.aps","article_modified_time":"2026-02-23T13:03:54+00:00","og_image":[{"width":1000,"height":1000,"url":"https:\/\/nhkmachineryparts.com\/wp-content\/uploads\/2022\/09\/Waterproof-pillow-block-bearing-units-with-spherical-inserts-IP67.jpg","type":"image\/jpeg"}],"twitter_card":"summary_large_image","twitter_misc":{"Gesch\u00e4tzte Lesezeit":"4\u00a0Minuten"},"schema":{"@context":"https:\/\/schema.org","@graph":[{"@type":"WebPage","@id":"https:\/\/nhkmachineryparts.com\/product\/ip67-waterproof-2-hole-pillow-block-bearing-units\/","url":"https:\/\/nhkmachineryparts.com\/product\/ip67-waterproof-2-hole-pillow-block-bearing-units\/","name":"IP67 Wasserdichte Stehlagereinheiten | Zertifizierte hygienische Lagergeh\u00e4use","isPartOf":{"@id":"https:\/\/nhkmachineryparts.com\/#website"},"primaryImageOfPage":{"@id":"https:\/\/nhkmachineryparts.com\/product\/ip67-waterproof-2-hole-pillow-block-bearing-units\/#primaryimage"},"image":{"@id":"https:\/\/nhkmachineryparts.com\/product\/ip67-waterproof-2-hole-pillow-block-bearing-units\/#primaryimage"},"thumbnailUrl":"https:\/\/nhkmachineryparts.com\/wp-content\/uploads\/2022\/09\/Waterproof-pillow-block-bearing-units-with-spherical-inserts-IP67.jpg","datePublished":"2022-09-24T18:06:11+00:00","dateModified":"2026-02-23T13:03:54+00:00","description":"IP67 Dampfbest\u00e4ndige, wasserdichte und korrosionssichere Stehlagereinheiten, die besonders f\u00fcr nasse und raue Umgebungen geeignet sind.","breadcrumb":{"@id":"https:\/\/nhkmachineryparts.com\/product\/ip67-waterproof-2-hole-pillow-block-bearing-units\/#breadcrumb"},"inLanguage":"de","potentialAction":[{"@type":"ReadAction","target":["https:\/\/nhkmachineryparts.com\/product\/ip67-waterproof-2-hole-pillow-block-bearing-units\/"]}]},{"@type":"ImageObject","inLanguage":"de","@id":"https:\/\/nhkmachineryparts.com\/product\/ip67-waterproof-2-hole-pillow-block-bearing-units\/#primaryimage","url":"https:\/\/nhkmachineryparts.com\/wp-content\/uploads\/2022\/09\/Waterproof-pillow-block-bearing-units-with-spherical-inserts-IP67.jpg","contentUrl":"https:\/\/nhkmachineryparts.com\/wp-content\/uploads\/2022\/09\/Waterproof-pillow-block-bearing-units-with-spherical-inserts-IP67.jpg","width":1000,"height":1000,"caption":"Waterproof pillow block bearing units with spherical inserts IP67"},{"@type":"BreadcrumbList","@id":"https:\/\/nhkmachineryparts.com\/product\/ip67-waterproof-2-hole-pillow-block-bearing-units\/#breadcrumb","itemListElement":[{"@type":"ListItem","position":1,"name":"Home","item":"https:\/\/nhkmachineryparts.com\/"},{"@type":"ListItem","position":2,"name":"Product line","item":"https:\/\/nhkmachineryparts.com\/product-line\/"},{"@type":"ListItem","position":3,"name":"IP67 Waterproof bearing house units","item":"https:\/\/nhkmachineryparts.com\/product-line\/ip67-waterproof-bearing-house-units\/"},{"@type":"ListItem","position":4,"name":"IP67 Waterproof pillow block bearing units"}]},{"@type":"WebSite","@id":"https:\/\/nhkmachineryparts.com\/#website","url":"https:\/\/nhkmachineryparts.com\/","name":"NHK-Maschinenteile","description":"Lagergeh\u00e4use, seismische Nivellierf\u00fc\u00dfe und Nivellierrollen","publisher":{"@id":"https:\/\/nhkmachineryparts.com\/#organization"},"potentialAction":[{"@type":"SearchAction","target":{"@type":"EntryPoint","urlTemplate":"https:\/\/nhkmachineryparts.com\/?s={search_term_string}"},"query-input":{"@type":"PropertyValueSpecification","valueRequired":true,"valueName":"search_term_string"}}],"inLanguage":"de"},{"@type":"Organization","@id":"https:\/\/nhkmachineryparts.com\/#organization","name":"Nhk Group ApS","url":"https:\/\/nhkmachineryparts.com\/","logo":{"@type":"ImageObject","inLanguage":"de","@id":"https:\/\/nhkmachineryparts.com\/#\/schema\/logo\/image\/","url":"https:\/\/nhkmachineryparts.com\/wp-content\/uploads\/2022\/09\/NHKgroup_social.jpg","contentUrl":"https:\/\/nhkmachineryparts.com\/wp-content\/uploads\/2022\/09\/NHKgroup_social.jpg","width":1200,"height":630,"caption":"Nhk Group ApS"},"image":{"@id":"https:\/\/nhkmachineryparts.com\/#\/schema\/logo\/image\/"},"sameAs":["https:\/\/www.facebook.com\/NHK.Group.aps"]}]}},"_links":{"self":[{"href":"https:\/\/nhkmachineryparts.com\/de\/wp-json\/wp\/v2\/product\/1520","targetHints":{"allow":["GET"]}}],"collection":[{"href":"https:\/\/nhkmachineryparts.com\/de\/wp-json\/wp\/v2\/product"}],"about":[{"href":"https:\/\/nhkmachineryparts.com\/de\/wp-json\/wp\/v2\/types\/product"}],"wp:featuredmedia":[{"embeddable":true,"href":"https:\/\/nhkmachineryparts.com\/de\/wp-json\/wp\/v2\/media\/8898"}],"wp:attachment":[{"href":"https:\/\/nhkmachineryparts.com\/de\/wp-json\/wp\/v2\/media?parent=1520"}],"wp:term":[{"taxonomy":"product_brand","embeddable":true,"href":"https:\/\/nhkmachineryparts.com\/de\/wp-json\/wp\/v2\/product_brand?post=1520"},{"taxonomy":"product_cat","embeddable":true,"href":"https:\/\/nhkmachineryparts.com\/de\/wp-json\/wp\/v2\/product_cat?post=1520"},{"taxonomy":"product_tag","embeddable":true,"href":"https:\/\/nhkmachineryparts.com\/de\/wp-json\/wp\/v2\/product_tag?post=1520"}],"curies":[{"name":"wp","href":"https:\/\/api.w.org\/{rel}","templated":true}]}}