{"id":1383,"date":"2022-09-23T13:59:45","date_gmt":"2022-09-23T13:59:45","guid":{"rendered":"https:\/\/nhkmachineryparts.pawsfabrik.dk\/?post_type=product&#038;p=1383"},"modified":"2026-02-27T16:02:06","modified_gmt":"2026-02-27T14:02:06","slug":"345-edelstahl-fuse-im-versiegelten-hygienic-design-ehedg","status":"publish","type":"product","link":"https:\/\/nhkmachineryparts.com\/de\/product\/345-stainless-feet-in-sealed-hygienic-design-ehedg\/","title":{"rendered":"EHEDG-certified stainless steel solid base feet with floor lock holes"},"content":{"rendered":"<section class=\"vc_row vc_custom_1662993827263 liquid-row-shadowbox-69d121ab877c7 vc_column-gap-0\"><div class=\"ld-container container\"><div class=\"row ld-row ld-row-outer\"><div class=\"wpb_column vc_column_container vc_col-sm-12 liquid-column-69d121ab87969\"><div class=\"vc_column-inner\" ><div class=\"wpb_wrapper\"  >\n\t<div class=\"wpb_text_column wpb_content_element\" >\n\t\t<div class=\"wpb_wrapper\">\n\t\t\t<p>Konzipiert f\u00fcr schwere Lasten in rauen Umgebungen unter harten Bedingungen<br \/>\nZur Vibrationsreduzierung und Rutschfestigkeit k\u00f6nnen hygienische Edelstahlf\u00fc\u00dfe mit Gummiauflage angebracht werden<br \/>\nUnser <a href=\"https:\/\/nhkmachineryparts.com\/de\/was-ist-der-unterschied-zwischen-3a-und-ehedg\/\" data-internallinksmanager029f6b8e52c=\"2\" title=\"EHEDG-zertifizierte Maschinenteile\">EHEDG<\/a> Zertifizierte, hygienische Edelstahlf\u00fc\u00dfe sind mit einem FDA-Zertifikat (FDA CFR 21 177 2600) mit eindeutiger Chargen-ID-Nummer zur R\u00fcckverfolgbarkeit der Lebensmittelsicherheit ausgestattet<\/p>\n<p><a href=\"https:\/\/nhkmachineryparts.com\/shop\/product-line\/certified-hygienic-feet\/\">Probieren Sie unseren Produktselektor f\u00fcr zertifizierte Edelstahlf\u00fc\u00dfe<\/a><\/p>\n<h2>EHEDG-zertifizierte Edelstahlf\u00fc\u00dfe<\/h2>\n<p>Die Spindeln sind am Ende zur Basis hin glatt und die Gewinde sind durch eine H\u00fclse gesch\u00fctzt, um eine einfache Reinigung zu gew\u00e4hrleisten.<br \/>\nDie H\u00fclse fungiert auch als Mutter.<br \/>\nSpindel und Sockel sind mit Silikondichtung abgedichtet.<br \/>\nDie H\u00fclse ist mit einer Silikondichtung am glatten Ende der Spindel abgedichtet und mit einer Silikondichtung an der Montageplatte abgedichtet<br \/>\nDie Basis kann mit einem von der FDA zugelassenen Gummipolster zur Vibrationsreduzierung ausgestattet werden<br \/>\nEHEDG-zertifizierte, versiegelte, hygienische Edelstahlf\u00fc\u00dfe halten Neigungen von B\u00f6den und Ger\u00e4ten von bis zu 10 Grad stand.<\/p>\n<h2>Materialien<\/h2>\n<p>EHEDG-zertifizierte, versiegelte, hygienische Edelstahlf\u00fc\u00dfe mit eingebettetem Gummi und FDA-Zertifikat gem\u00e4\u00df FDA CFR 21 177 2600.<\/p>\n<p>Beschreibung des Grundplattenmaterials:<br \/>\nEdelstahl Aisi 304 oder Aisi 316<\/p>\n<p>Beschreibung des Spindelmaterials:<br \/>\nEdelstahl A2-70 oder A4-70<\/p>\n<p>Beschreibung des Gummibasismaterials:<br \/>\nNBR-Gummi (Nitrilkautschuk CAS-Nr. 9005-98-5)<br \/>\nFDA-Zertifikat gem\u00e4\u00df FDA CFR 21 177 2600<\/p>\n<p>Alle Materialien weisen eine hohe Best\u00e4ndigkeit gegen\u00fcber Chemikalien und g\u00e4ngigen Reinigungsmitteln sowie gegen\u00fcber best\u00e4ndigen \u00d6len und Fetten auf.<\/p>\n<h2>Typ und Gr\u00f6\u00dfen<\/h2>\n<p><a href=\"https:\/\/nhkmachineryparts.com\/shop\/product-line\/certified-hygienic-feet\/\">Probieren Sie unseren zertifizierten Produktselektor f\u00fcr hygienische F\u00fc\u00dfe<\/a><\/p>\n<p>Die EHEDG-zertifizierten, versiegelten, hygienischen Fu\u00dfgestelle aus Edelstahl sind in einer gro\u00dfen Auswahl erh\u00e4ltlich und bieten optimale Flexibilit\u00e4t und Auswahl.<\/p>\n<div class=\"dcf-overflow-x-auto\" tabindex=\"0\">\n<table class=\"dcf-table dcf-table-bordered dcf-w-100%\">\n<thead>\n<tr>\n<th scope=\"col\">EHEDG-Basistyp<\/th>\n<th scope=\"col\">Basisdurchmesser D<\/th>\n<\/tr>\n<\/thead>\n<tbody>\n<tr>\n<td data-label=\"PF Base Size\">EHEDG 79<\/td>\n<td data-label=\"Base Diameter D\">78 mm<\/td>\n<\/tr>\n<tr>\n<td data-label=\"PF Base Size\">EHEDG 99<\/td>\n<td data-label=\"Base Diameter D\">98 mm<\/td>\n<\/tr>\n<tr>\n<td data-label=\"PF Base Size\">EHEDG 119<\/td>\n<td data-label=\"Base Diameter D\">118 mm<\/td>\n<\/tr>\n<tr>\n<td data-label=\"PF Base Size\">EHEDG 139<\/td>\n<td data-label=\"Base Diameter D\">138 mm<\/td>\n<\/tr>\n<tr>\n<td data-label=\"PF Base Size\">EHEDG 159<\/td>\n<td data-label=\"Base Diameter D\">158 mm<\/td>\n<\/tr>\n<tr>\n<td data-label=\"PF Base Size\">EHEDG 179<\/td>\n<td data-label=\"Base Diameter D\">178 mm<\/td>\n<\/tr>\n<tr>\n<td data-label=\"PF Base Size\">EHEDG 199<\/td>\n<td data-label=\"Base Diameter D\">198 mm<\/td>\n<\/tr>\n<tr>\n<td data-label=\"PF Base Size\">EHEDG 249<\/td>\n<td data-label=\"Base Diameter D\">248 mm<\/td>\n<\/tr>\n<tr>\n<td data-label=\"PF Base Size\">EHEDG 299<\/td>\n<td data-label=\"Base Diameter D\">298 mm<\/td>\n<\/tr>\n<\/tbody>\n<\/table>\n<\/div>\n<p>EHEDG-zertifizierte, versiegelte, hygienische Fu\u00dfspindeln aus Edelstahl sind in einer gro\u00dfen Auswahl erh\u00e4ltlich und bieten optimale Flexibilit\u00e4t und Auswahl.<\/p>\n<table width=\"549\">\n<tbody>\n<tr>\n<td colspan=\"8\" width=\"549\">EHEDG-Gewindespindel mit abgedichteter Schutzh\u00fclse<\/td>\n<\/tr>\n<tr>\n<td width=\"80\">M12<\/td>\n<td width=\"67\">M16<\/td>\n<td width=\"67\">M20<\/td>\n<td width=\"67\">M24<\/td>\n<td width=\"67\">M30<\/td>\n<td width=\"67\">M36<\/td>\n<td width=\"67\">M42<\/td>\n<td width=\"67\">M48<\/td>\n<\/tr>\n<tr>\n<td colspan=\"4\" width=\"281\">EHEDG Spindell\u00e4nge (L) und H\u00fclsenl\u00e4nge (H)<\/td>\n<td colspan=\"4\" width=\"268\">Einstellh\u00f6he<\/td>\n<\/tr>\n<tr>\n<td colspan=\"4\" width=\"281\">L=135 mm H=55 mm<\/td>\n<td colspan=\"4\" width=\"268\">Min. 80 mm bis max. 120 mm<\/td>\n<\/tr>\n<tr>\n<td colspan=\"4\" width=\"281\">L=175 mm H=75 mm<\/td>\n<td colspan=\"4\" width=\"268\">Min. 100 mm bis max. 160 mm<\/td>\n<\/tr>\n<tr>\n<td colspan=\"4\" width=\"281\">L=215 mm H=95 mm<\/td>\n<td colspan=\"4\" width=\"268\">Min. 120 mm bis max. 200 mm<\/td>\n<\/tr>\n<tr>\n<td colspan=\"4\" width=\"281\">L=255 mm H=115 mm<\/td>\n<td colspan=\"4\" width=\"268\">Min. 140 mm bis max. 240 mm<\/td>\n<\/tr>\n<tr>\n<td colspan=\"4\" width=\"281\">L=295 mm H=125 mm<\/td>\n<td colspan=\"4\" width=\"268\">Min. 180 mm bis max. 280 mm<\/td>\n<\/tr>\n<\/tbody>\n<\/table>\n<p>F\u00fcr andere Gewindespindell\u00e4ngen (L) kontaktieren Sie uns bitte<br \/>\nGewinde in Zoll sind auf Anfrage erh\u00e4ltlich<br \/>\nDas Gewinde kann auch nach spezifischen Anforderungen angepasst werden, z. B. Trapezgewinde usw.<\/p>\n<h2>Lieferoption<\/h2>\n<h3>EHEDG-zertifizierte Edelstahlf\u00fc\u00dfe im geschlossenen Hygienedesign<\/h3>\n<p>Bei gr\u00f6\u00dferen Bestellungen bieten wir an, die Basis und die Spindeln separat zu liefern<br \/>\nDer Vorteil liegt in der Flexibilit\u00e4t f\u00fcr den Kunden, der viele verschiedene Spindelgr\u00f6\u00dfen verwendet<\/p>\n<p><a href=\"https:\/\/nhkmachineryparts.com\/de\/produktlinie\/produkt\/287-edelstahlfuse-im-hygienic-design-hsf\/\">Bei NHK Machinery Parts finden Sie eine gro\u00dfe Auswahl an Produkten in der Kategorie Maschinenf\u00fc\u00dfe aus Edelstahl<\/a><\/p>\n\n\t\t<\/div>\n\t<\/div>\n<\/div><\/div><\/div><\/div><\/div><\/section>","protected":false},"excerpt":{"rendered":"Designed for heavy load in harsh environments under tough conditions Hygienic stainless steel feet can be applied with rubber pad for vibration reduction and anti-slip properties Our EHEDG certified hygienic stainless steel feet are provided with FDA certificate (FDA CFR 21 177 2600) with unique batch ID number for food safety traceability Try our certified [...]","protected":false},"featured_media":8486,"template":"","meta":[],"product_brand":[],"product_cat":[98],"product_tag":[],"class_list":{"0":"post-1383","1":"product","2":"type-product","3":"status-publish","4":"has-post-thumbnail","6":"product_cat-ehedg-certified-3a-ssi-standard-components","8":"first","9":"instock","10":"shipping-taxable","11":"product-type-simple"},"yoast_head":"<!-- This site is optimized with the Yoast SEO plugin v27.2 - https:\/\/yoast.com\/product\/yoast-seo-wordpress\/ -->\n<title>EHEDG-certified stainless steel solid base feet with floor lock holes | NHK Machinery Parts<\/title>\n<meta name=\"description\" content=\"EHEDG certified stainless feet in hygienic design with floor lock holes and sealed protected spindle, A2-70, Aisi 1.4301, NBR rubber pad, FDA certificate\" \/>\n<meta name=\"robots\" content=\"index, follow, max-snippet:-1, max-image-preview:large, max-video-preview:-1\" \/>\n<link rel=\"canonical\" href=\"https:\/\/nhkmachineryparts.com\/de\/produkt\/345-edelstahl-fuse-im-versiegelten-hygienic-design-ehedg\/\" \/>\n<meta property=\"og:locale\" content=\"de_DE\" \/>\n<meta property=\"og:type\" content=\"article\" \/>\n<meta property=\"og:title\" content=\"EHEDG-certified stainless steel solid base feet with floor lock holes | NHK Machinery Parts\" \/>\n<meta property=\"og:description\" content=\"EHEDG certified stainless feet in hygienic design with floor lock holes and sealed protected spindle, A2-70, Aisi 1.4301, NBR rubber pad, FDA certificate\" \/>\n<meta property=\"og:url\" content=\"https:\/\/nhkmachineryparts.com\/de\/produkt\/345-edelstahl-fuse-im-versiegelten-hygienic-design-ehedg\/\" \/>\n<meta property=\"og:site_name\" content=\"NHK Machinery Parts\" \/>\n<meta property=\"article:publisher\" content=\"https:\/\/www.facebook.com\/NHK.Group.aps\" \/>\n<meta property=\"article:modified_time\" content=\"2026-02-27T14:02:06+00:00\" \/>\n<meta property=\"og:image\" content=\"https:\/\/nhkmachineryparts.com\/wp-content\/uploads\/2022\/09\/EHEDG-certified-stainless-steel-feet-in-sealed-hygienic-design-with-floor-lock-holes-and-spindle-with-protecting-sleeve.jpg\" \/>\n\t<meta property=\"og:image:width\" content=\"1000\" \/>\n\t<meta property=\"og:image:height\" content=\"1000\" \/>\n\t<meta property=\"og:image:type\" content=\"image\/jpeg\" \/>\n<meta name=\"twitter:card\" content=\"summary_large_image\" \/>\n<meta name=\"twitter:label1\" content=\"Gesch\u00e4tzte Lesezeit\" \/>\n\t<meta name=\"twitter:data1\" content=\"3\u00a0Minuten\" \/>\n<script type=\"application\/ld+json\" class=\"yoast-schema-graph\">{\"@context\":\"https:\/\/schema.org\",\"@graph\":[{\"@type\":\"WebPage\",\"@id\":\"https:\/\/nhkmachineryparts.com\/product\/345-stainless-feet-in-sealed-hygienic-design-ehedg\/\",\"url\":\"https:\/\/nhkmachineryparts.com\/product\/345-stainless-feet-in-sealed-hygienic-design-ehedg\/\",\"name\":\"EHEDG-certified stainless steel solid base feet with floor lock holes | NHK Machinery Parts\",\"isPartOf\":{\"@id\":\"https:\/\/nhkmachineryparts.com\/#website\"},\"primaryImageOfPage\":{\"@id\":\"https:\/\/nhkmachineryparts.com\/product\/345-stainless-feet-in-sealed-hygienic-design-ehedg\/#primaryimage\"},\"image\":{\"@id\":\"https:\/\/nhkmachineryparts.com\/product\/345-stainless-feet-in-sealed-hygienic-design-ehedg\/#primaryimage\"},\"thumbnailUrl\":\"https:\/\/nhkmachineryparts.com\/wp-content\/uploads\/2022\/09\/EHEDG-certified-stainless-steel-feet-in-sealed-hygienic-design-with-floor-lock-holes-and-spindle-with-protecting-sleeve.jpg\",\"datePublished\":\"2022-09-23T13:59:45+00:00\",\"dateModified\":\"2026-02-27T14:02:06+00:00\",\"description\":\"EHEDG certified stainless feet in hygienic design with floor lock holes and sealed protected spindle, A2-70, Aisi 1.4301, NBR rubber pad, FDA certificate\",\"breadcrumb\":{\"@id\":\"https:\/\/nhkmachineryparts.com\/product\/345-stainless-feet-in-sealed-hygienic-design-ehedg\/#breadcrumb\"},\"inLanguage\":\"de\",\"potentialAction\":[{\"@type\":\"ReadAction\",\"target\":[\"https:\/\/nhkmachineryparts.com\/product\/345-stainless-feet-in-sealed-hygienic-design-ehedg\/\"]}]},{\"@type\":\"ImageObject\",\"inLanguage\":\"de\",\"@id\":\"https:\/\/nhkmachineryparts.com\/product\/345-stainless-feet-in-sealed-hygienic-design-ehedg\/#primaryimage\",\"url\":\"https:\/\/nhkmachineryparts.com\/wp-content\/uploads\/2022\/09\/EHEDG-certified-stainless-steel-feet-in-sealed-hygienic-design-with-floor-lock-holes-and-spindle-with-protecting-sleeve.jpg\",\"contentUrl\":\"https:\/\/nhkmachineryparts.com\/wp-content\/uploads\/2022\/09\/EHEDG-certified-stainless-steel-feet-in-sealed-hygienic-design-with-floor-lock-holes-and-spindle-with-protecting-sleeve.jpg\",\"width\":1000,\"height\":1000,\"caption\":\"EHEDG certified stainless steel feet in sealed hygienic design with floor lock holes and spindle with protecting sleeve\"},{\"@type\":\"BreadcrumbList\",\"@id\":\"https:\/\/nhkmachineryparts.com\/product\/345-stainless-feet-in-sealed-hygienic-design-ehedg\/#breadcrumb\",\"itemListElement\":[{\"@type\":\"ListItem\",\"position\":1,\"name\":\"Home\",\"item\":\"https:\/\/nhkmachineryparts.com\/\"},{\"@type\":\"ListItem\",\"position\":2,\"name\":\"Product line\",\"item\":\"https:\/\/nhkmachineryparts.com\/product-line\/\"},{\"@type\":\"ListItem\",\"position\":3,\"name\":\"Certified EHEDG standard components\",\"item\":\"https:\/\/nhkmachineryparts.com\/product-line\/ehedg-certified-3a-ssi-standard-components\/\"},{\"@type\":\"ListItem\",\"position\":4,\"name\":\"EHEDG-certified stainless steel solid base feet with floor lock holes\"}]},{\"@type\":\"WebSite\",\"@id\":\"https:\/\/nhkmachineryparts.com\/#website\",\"url\":\"https:\/\/nhkmachineryparts.com\/\",\"name\":\"NHK Machinery Parts\",\"description\":\"Bearing Houses, seismic levelling feet and levelling castors\",\"publisher\":{\"@id\":\"https:\/\/nhkmachineryparts.com\/#organization\"},\"potentialAction\":[{\"@type\":\"SearchAction\",\"target\":{\"@type\":\"EntryPoint\",\"urlTemplate\":\"https:\/\/nhkmachineryparts.com\/?s={search_term_string}\"},\"query-input\":{\"@type\":\"PropertyValueSpecification\",\"valueRequired\":true,\"valueName\":\"search_term_string\"}}],\"inLanguage\":\"de\"},{\"@type\":\"Organization\",\"@id\":\"https:\/\/nhkmachineryparts.com\/#organization\",\"name\":\"Nhk Group ApS\",\"url\":\"https:\/\/nhkmachineryparts.com\/\",\"logo\":{\"@type\":\"ImageObject\",\"inLanguage\":\"de\",\"@id\":\"https:\/\/nhkmachineryparts.com\/#\/schema\/logo\/image\/\",\"url\":\"https:\/\/nhkmachineryparts.com\/wp-content\/uploads\/2022\/09\/NHKgroup_social.jpg\",\"contentUrl\":\"https:\/\/nhkmachineryparts.com\/wp-content\/uploads\/2022\/09\/NHKgroup_social.jpg\",\"width\":1200,\"height\":630,\"caption\":\"Nhk Group ApS\"},\"image\":{\"@id\":\"https:\/\/nhkmachineryparts.com\/#\/schema\/logo\/image\/\"},\"sameAs\":[\"https:\/\/www.facebook.com\/NHK.Group.aps\"]}]}<\/script>\n<!-- \/ Yoast SEO plugin. -->","yoast_head_json":{"title":"EHEDG-certified stainless steel solid base feet with floor lock holes | NHK Machinery Parts","description":"EHEDG-zertifizierte Edelstahlf\u00fc\u00dfe im Hygienedesign mit Bodenverriegelungsl\u00f6chern und abgedichteter, gesch\u00fctzter Spindel, A2-70, Aisi 1.4301, NBR-Gummiauflage, FDA-Zertifikat","robots":{"index":"index","follow":"follow","max-snippet":"max-snippet:-1","max-image-preview":"max-image-preview:large","max-video-preview":"max-video-preview:-1"},"canonical":"https:\/\/nhkmachineryparts.com\/de\/produkt\/345-edelstahl-fuse-im-versiegelten-hygienic-design-ehedg\/","og_locale":"de_DE","og_type":"article","og_title":"EHEDG-certified stainless steel solid base feet with floor lock holes | NHK Machinery Parts","og_description":"EHEDG certified stainless feet in hygienic design with floor lock holes and sealed protected spindle, A2-70, Aisi 1.4301, NBR rubber pad, FDA certificate","og_url":"https:\/\/nhkmachineryparts.com\/de\/produkt\/345-edelstahl-fuse-im-versiegelten-hygienic-design-ehedg\/","og_site_name":"NHK Machinery Parts","article_publisher":"https:\/\/www.facebook.com\/NHK.Group.aps","article_modified_time":"2026-02-27T14:02:06+00:00","og_image":[{"width":1000,"height":1000,"url":"https:\/\/nhkmachineryparts.com\/wp-content\/uploads\/2022\/09\/EHEDG-certified-stainless-steel-feet-in-sealed-hygienic-design-with-floor-lock-holes-and-spindle-with-protecting-sleeve.jpg","type":"image\/jpeg"}],"twitter_card":"summary_large_image","twitter_misc":{"Gesch\u00e4tzte Lesezeit":"3\u00a0Minuten"},"schema":{"@context":"https:\/\/schema.org","@graph":[{"@type":"WebPage","@id":"https:\/\/nhkmachineryparts.com\/product\/345-stainless-feet-in-sealed-hygienic-design-ehedg\/","url":"https:\/\/nhkmachineryparts.com\/product\/345-stainless-feet-in-sealed-hygienic-design-ehedg\/","name":"EHEDG-certified stainless steel solid base feet with floor lock holes | NHK Machinery Parts","isPartOf":{"@id":"https:\/\/nhkmachineryparts.com\/#website"},"primaryImageOfPage":{"@id":"https:\/\/nhkmachineryparts.com\/product\/345-stainless-feet-in-sealed-hygienic-design-ehedg\/#primaryimage"},"image":{"@id":"https:\/\/nhkmachineryparts.com\/product\/345-stainless-feet-in-sealed-hygienic-design-ehedg\/#primaryimage"},"thumbnailUrl":"https:\/\/nhkmachineryparts.com\/wp-content\/uploads\/2022\/09\/EHEDG-certified-stainless-steel-feet-in-sealed-hygienic-design-with-floor-lock-holes-and-spindle-with-protecting-sleeve.jpg","datePublished":"2022-09-23T13:59:45+00:00","dateModified":"2026-02-27T14:02:06+00:00","description":"EHEDG-zertifizierte Edelstahlf\u00fc\u00dfe im Hygienedesign mit Bodenverriegelungsl\u00f6chern und abgedichteter, gesch\u00fctzter Spindel, A2-70, Aisi 1.4301, NBR-Gummiauflage, FDA-Zertifikat","breadcrumb":{"@id":"https:\/\/nhkmachineryparts.com\/product\/345-stainless-feet-in-sealed-hygienic-design-ehedg\/#breadcrumb"},"inLanguage":"de","potentialAction":[{"@type":"ReadAction","target":["https:\/\/nhkmachineryparts.com\/product\/345-stainless-feet-in-sealed-hygienic-design-ehedg\/"]}]},{"@type":"ImageObject","inLanguage":"de","@id":"https:\/\/nhkmachineryparts.com\/product\/345-stainless-feet-in-sealed-hygienic-design-ehedg\/#primaryimage","url":"https:\/\/nhkmachineryparts.com\/wp-content\/uploads\/2022\/09\/EHEDG-certified-stainless-steel-feet-in-sealed-hygienic-design-with-floor-lock-holes-and-spindle-with-protecting-sleeve.jpg","contentUrl":"https:\/\/nhkmachineryparts.com\/wp-content\/uploads\/2022\/09\/EHEDG-certified-stainless-steel-feet-in-sealed-hygienic-design-with-floor-lock-holes-and-spindle-with-protecting-sleeve.jpg","width":1000,"height":1000,"caption":"EHEDG certified stainless steel feet in sealed hygienic design with floor lock holes and spindle with protecting sleeve"},{"@type":"BreadcrumbList","@id":"https:\/\/nhkmachineryparts.com\/product\/345-stainless-feet-in-sealed-hygienic-design-ehedg\/#breadcrumb","itemListElement":[{"@type":"ListItem","position":1,"name":"Home","item":"https:\/\/nhkmachineryparts.com\/"},{"@type":"ListItem","position":2,"name":"Product line","item":"https:\/\/nhkmachineryparts.com\/product-line\/"},{"@type":"ListItem","position":3,"name":"Certified EHEDG standard components","item":"https:\/\/nhkmachineryparts.com\/product-line\/ehedg-certified-3a-ssi-standard-components\/"},{"@type":"ListItem","position":4,"name":"EHEDG-certified stainless steel solid base feet with floor lock holes"}]},{"@type":"WebSite","@id":"https:\/\/nhkmachineryparts.com\/#website","url":"https:\/\/nhkmachineryparts.com\/","name":"NHK-Maschinenteile","description":"Lagergeh\u00e4use, seismische Nivellierf\u00fc\u00dfe und Nivellierrollen","publisher":{"@id":"https:\/\/nhkmachineryparts.com\/#organization"},"potentialAction":[{"@type":"SearchAction","target":{"@type":"EntryPoint","urlTemplate":"https:\/\/nhkmachineryparts.com\/?s={search_term_string}"},"query-input":{"@type":"PropertyValueSpecification","valueRequired":true,"valueName":"search_term_string"}}],"inLanguage":"de"},{"@type":"Organization","@id":"https:\/\/nhkmachineryparts.com\/#organization","name":"Nhk Group ApS","url":"https:\/\/nhkmachineryparts.com\/","logo":{"@type":"ImageObject","inLanguage":"de","@id":"https:\/\/nhkmachineryparts.com\/#\/schema\/logo\/image\/","url":"https:\/\/nhkmachineryparts.com\/wp-content\/uploads\/2022\/09\/NHKgroup_social.jpg","contentUrl":"https:\/\/nhkmachineryparts.com\/wp-content\/uploads\/2022\/09\/NHKgroup_social.jpg","width":1200,"height":630,"caption":"Nhk Group ApS"},"image":{"@id":"https:\/\/nhkmachineryparts.com\/#\/schema\/logo\/image\/"},"sameAs":["https:\/\/www.facebook.com\/NHK.Group.aps"]}]}},"_links":{"self":[{"href":"https:\/\/nhkmachineryparts.com\/de\/wp-json\/wp\/v2\/product\/1383","targetHints":{"allow":["GET"]}}],"collection":[{"href":"https:\/\/nhkmachineryparts.com\/de\/wp-json\/wp\/v2\/product"}],"about":[{"href":"https:\/\/nhkmachineryparts.com\/de\/wp-json\/wp\/v2\/types\/product"}],"wp:featuredmedia":[{"embeddable":true,"href":"https:\/\/nhkmachineryparts.com\/de\/wp-json\/wp\/v2\/media\/8486"}],"wp:attachment":[{"href":"https:\/\/nhkmachineryparts.com\/de\/wp-json\/wp\/v2\/media?parent=1383"}],"wp:term":[{"taxonomy":"product_brand","embeddable":true,"href":"https:\/\/nhkmachineryparts.com\/de\/wp-json\/wp\/v2\/product_brand?post=1383"},{"taxonomy":"product_cat","embeddable":true,"href":"https:\/\/nhkmachineryparts.com\/de\/wp-json\/wp\/v2\/product_cat?post=1383"},{"taxonomy":"product_tag","embeddable":true,"href":"https:\/\/nhkmachineryparts.com\/de\/wp-json\/wp\/v2\/product_tag?post=1383"}],"curies":[{"name":"wp","href":"https:\/\/api.w.org\/{rel}","templated":true}]}}