{"id":12778,"date":"2024-11-09T22:42:55","date_gmt":"2024-11-09T20:42:55","guid":{"rendered":"https:\/\/nhkmachineryparts.com\/?post_type=product&#038;p=12778"},"modified":"2026-02-27T15:48:56","modified_gmt":"2026-02-27T13:48:56","slug":"hygienische-maschinenfuse-mit-2-bodenverriegelungsplatten-und-abgedichteter-geschutzter-spindel","status":"publish","type":"product","link":"https:\/\/nhkmachineryparts.com\/de\/product\/hygienic-machine-feet-with-2-floor-locking-plates-and-sealed-protected-spindle\/","title":{"rendered":"3-A machine feet with 2 floor locking plates\u00a0"},"content":{"rendered":"<section class=\"vc_row vc_custom_1662993827263 liquid-row-shadowbox-69d3ca4bce41d vc_column-gap-0\"><div class=\"ld-container container\"><div class=\"row ld-row ld-row-outer\"><div class=\"wpb_column vc_column_container vc_col-sm-12 liquid-column-69d3ca4bce5a1\"><div class=\"vc_column-inner\" ><div class=\"wpb_wrapper\"  >\n\t<div class=\"wpb_text_column wpb_content_element\" >\n\t\t<div class=\"wpb_wrapper\">\n\t\t\t<h2>Ma\u00dfgeschneiderte Spitzenleistung: Ma\u00dfgeschneiderte Industriel\u00f6sungen f\u00fcr hygienische Anforderungen<\/h2>\n<p><a href=\"https:\/\/nhkmachineryparts.com\/de\/produkt\/301-maschinenfuse-im-versiegelten-hygienic-design-shmf-mit-bodenverriegelungsplatte\/\" data-internallinksmanager029f6b8e52c=\"20\" title=\"Maschinenf\u00fc\u00dfe\">Maschinenf\u00fc\u00dfe<\/a> im geschlossenen Hygienedesign mit Gummiunterlage zur Vibrationsreduzierung und Rutschhemmung<br \/>\nUnsere versiegelten, hygienischen Maschinenf\u00fc\u00dfe sind mit einem FDA-Zertifikat (FDA CFR 21 177 2600) mit eindeutiger Chargen-ID-Nummer zur R\u00fcckverfolgbarkeit der Lebensmittelsicherheit ausgestattet<\/p>\n<p><a href=\"https:\/\/nhkmachineryparts.com\/de\/geschaft\/produktlinie\/machine-levelling-feet-in-a-hygienic-design\/sanitary-machine-feet-with-protected-spindle\/\">Probieren Sie unseren Produktselektor<\/a><\/p>\n<h3>Maschinenf\u00fc\u00dfe im versiegelten Hygienic Design \u2013 Merkmale und Vorteile<\/h3>\n<p>Versiegelte, hygienische Maschinenf\u00fc\u00dfe haben ein abgerundetes, hygienisches Design, das die Reinigung erleichtert.<br \/>\nVersiegelte, hygienische Maschinenf\u00fc\u00dfe k\u00f6nnen bis zu 10 Grad Neigung von B\u00f6den und Ger\u00e4ten bew\u00e4ltigen.<\/p>\n<h3>Maschinenf\u00fc\u00dfe aus versiegelten Hygienedesign-Materialien<\/h3>\n<p>Abgedichtete hygienische Maschinenf\u00fc\u00dfe aus vulkanisiertem Gummiteil mit FDA-Zertifikat gem\u00e4\u00df FDA CFR 21 177 2600.<\/p>\n<p>Beschreibung des Grundplattenmaterials:<br \/>\nEdelstahl Aisi 304 oder Aisi 316<\/p>\n<p>Beschreibung des Spindelmaterials:<br \/>\nEdelstahl A2-70 oder A4-70<\/p>\n<p>Beschreibung des Gummibasismaterials:<br \/>\nNBR-Gummi (Nitrilkautschuk CAS-Nr. 9005-98-5)<br \/>\nFDA-Zertifikat gem\u00e4\u00df FDA CFR 21 177 2600<\/p>\n<p>Alle Materialien weisen eine hohe Best\u00e4ndigkeit gegen\u00fcber Chemikalien und g\u00e4ngigen Reinigungsmitteln sowie gegen\u00fcber best\u00e4ndigen \u00d6len und Fetten auf.<\/p>\n<h3>Maschinenf\u00fc\u00dfe in versiegelten Hygienedesigngr\u00f6\u00dfen<\/h3>\n<p>Versiegelte, hygienische Maschinenf\u00fc\u00dfe sind in vielen verschiedenen Ausf\u00fchrungen erh\u00e4ltlich und bieten optimale Flexibilit\u00e4t und Auswahl.<\/p>\n<table class=\"dcf-table dcf-table-responsive dcf-table-bordered dcf-w-100%\">\n<thead>\n<tr>\n<th scope=\"col\">Basistyp<\/th>\n<th scope=\"col\">Basisdurchmesser D<\/th>\n<th scope=\"col\">Nom. Belastung<\/th>\n<\/tr>\n<\/thead>\n<tbody>\n<tr>\n<td data-label=\"HMF Base Size\">HMF 62<\/td>\n<td data-label=\"Base Diameter D\">60mm<\/td>\n<td data-label=\"Nom. Load \">7.000 N<\/td>\n<\/tr>\n<tr>\n<td data-label=\"HMF Base Size\">HMF 82<\/td>\n<td data-label=\"Base Diameter D\">80mm<\/td>\n<td data-label=\"Nom. Load \">15.000 N<\/td>\n<\/tr>\n<tr>\n<td data-label=\"HMF Base Size\">HMF 102<\/td>\n<td data-label=\"Base Diameter D\">100mm<\/td>\n<td data-label=\"Nom. Load \">20.000 N<\/td>\n<\/tr>\n<tr>\n<td data-label=\"HMF Base Size\">HMF 122<\/td>\n<td data-label=\"Base Diameter D\">120mm<\/td>\n<td data-label=\"Nom. Load \">30.000 N<\/td>\n<\/tr>\n<\/tbody>\n<\/table>\n<p>Abgedichtete, hygienische Maschinenfu\u00dfspindeln mit Schutzh\u00fclse sind in gro\u00dfer Auswahl erh\u00e4ltlich und bieten optimale Flexibilit\u00e4t und Auswahl.<\/p>\n<div class=\"dcf-overflow-x-auto\" tabindex=\"0\">\n<table class=\"dcf-table dcf-table-bordered dcf-w-100%\">\n<caption>SHMF Spindel- und H\u00fclsendurchmesser<\/caption>\n<tbody>\n<tr>\n<td>M16<\/td>\n<td>M20<\/td>\n<td>M24<\/td>\n<td>M30<\/td>\n<td>M36<\/td>\n<td>M42<\/td>\n<td>M48<\/td>\n<\/tr>\n<\/tbody>\n<\/table>\n<\/div>\n<div class=\"dcf-overflow-x-auto\" tabindex=\"0\">\n<table class=\"dcf-table dcf-table-bordered dcf-w-100%\">\n<caption>SHMF Spindell\u00e4nge (L) und H\u00fclsenl\u00e4nge (H)<\/caption>\n<tbody>\n<tr>\n<td>L=135 mm H=55 mm<\/td>\n<td>Min. 80 mm bis max. 120 mm<\/td>\n<\/tr>\n<tr>\n<td>L=175 mm H=75 mm<\/td>\n<td>Min. 100 mm bis max. 160 mm<\/td>\n<\/tr>\n<tr>\n<td>L=215 mm H=95 mm<\/td>\n<td>Min. 120 mm bis max. 200 mm<\/td>\n<\/tr>\n<tr>\n<td>L=255 mm H=115 mm<\/td>\n<td>Min. 140 mm bis max. 240 mm<\/td>\n<\/tr>\n<tr>\n<td>L=295 mm H=125 mm<\/td>\n<td>Min. 180 mm bis max. 280 mm<\/td>\n<\/tr>\n<\/tbody>\n<\/table>\n<\/div>\n<p>F\u00fcr andere Gewindespindell\u00e4ngen (L) kontaktieren Sie uns bitte<br \/>\nGewinde in Zoll sind auf Anfrage erh\u00e4ltlich<br \/>\nDas Gewinde kann auch nach spezifischen Anforderungen angepasst werden, z. B. Trapezgewinde usw.<\/p>\n<h3>Maschinenf\u00fc\u00dfe im versiegelten Hygienic Design lieferbar<\/h3>\n<p>Bei gr\u00f6\u00dferen Bestellungen bieten wir an, die Basis und die Spindeln separat zu liefern<br \/>\nDer Vorteil liegt in der Flexibilit\u00e4t f\u00fcr den Kunden, der viele verschiedene Spindelgr\u00f6\u00dfen verwendet.<\/p>\n<h2>Hygienische Maschinenf\u00fc\u00dfe mit 2 Bodenverriegelungsplatten und abgedichteter, gesch\u00fctzter Spindel<\/h2>\n<h3 data-start=\"59\" data-end=\"112\">Optimale Stabilit\u00e4t durch doppelte Bodenverriegelungsplatten<\/h3>\n<p data-start=\"113\" data-end=\"483\">Unsere innovativen hygienischen Maschinenf\u00fc\u00dfe sind f\u00fcr \u00fcberragende Stabilit\u00e4t in anspruchsvollen Industrieumgebungen ausgelegt. Mit zwei robusten Bodenverriegelungsplatten halten diese Maschinenf\u00fc\u00dfe schwere Ger\u00e4te fest an ihrem Platz. Das doppelte Verriegelungssystem verteilt das Gewicht gleichm\u00e4\u00dfig, minimiert Vibrationen und verhindert unerw\u00fcnschte Bewegungen, wodurch optimale Betriebssicherheit und Leistung gew\u00e4hrleistet werden.<\/p>\n<h3 data-start=\"485\" data-end=\"527\">Verbesserte Hygiene und einfache Wartung<\/h3>\n<p data-start=\"528\" data-end=\"944\">Unsere hygienischen Maschinenf\u00fc\u00dfe wurden f\u00fcr saubere Umgebungen entwickelt und sind ideal f\u00fcr <a href=\"https:\/\/nhkmachineryparts.com\/de\/our-industries\/\" data-internallinksmanager029f6b8e52c=\"4\" title=\"Unsere Branchen\">Branchen<\/a> Anwendungen mit strengen Hygienestandards, wie z. B. in der Lebensmittelverarbeitung, Pharmaindustrie und Reinr\u00e4umen. Das glatte, schmutzabweisende Oberfl\u00e4chendesign erf\u00fcllt nicht nur Hygieneanforderungen, sondern vereinfacht auch Reinigung und Wartung. Reduzierte Ausfallzeiten und geringere Wartungskosten sind wesentliche Vorteile dieses modernen Designs.<\/p>\n<h3 data-start=\"946\" data-end=\"995\">Fortschrittliche, versiegelte und gesch\u00fctzte Spindeltechnologie<\/h3>\n<p data-start=\"996\" data-end=\"1377\">Ein Hauptmerkmal unseres Systems ist die versiegelte, gesch\u00fctzte Spindel, die f\u00fcr raue Bedingungen ausgelegt ist. Diese fortschrittliche Technologie verhindert das Eindringen von Staub, Feuchtigkeit und Chemikalien und stellt sicher, dass die Spindel in einem Topzustand bleibt. Das versiegelte Design verl\u00e4ngert die Lebensdauer der Ausr\u00fcstung und sorgt gleichzeitig f\u00fcr eine gleichbleibende Leistung unter hoher Belastung und in anspruchsvollen Umgebungen.<\/p>\n<h3 data-start=\"1379\" data-end=\"1438\">Ma\u00dfgeschneiderte L\u00f6sungen f\u00fcr industrielle Spitzenleistung<\/h3>\n<p data-start=\"1439\" data-end=\"1935\">Wir wissen, dass jede industrielle Anwendung einzigartige Anforderungen stellt. Deshalb sind unsere hygienischen Maschinenf\u00fc\u00dfe als ma\u00dfgeschneiderte L\u00f6sungen erh\u00e4ltlich, die auf Ihre spezifischen Anforderungen zugeschnitten sind. Ob Sie eine verbesserte Stabilit\u00e4t f\u00fcr Schwermaschinen oder erweiterte Hygienestandards f\u00fcr sensible Produktionsbereiche ben\u00f6tigen, unsere ma\u00dfgeschneiderten Optionen bieten un\u00fcbertroffene Zuverl\u00e4ssigkeit. Investieren Sie in unsere innovativen Maschinenf\u00fc\u00dfe, um die Betriebseffizienz zu steigern, die Wartungskosten zu senken und eine langfristige Haltbarkeit in Ihrer Anlage zu erreichen.<\/p>\n<h3 data-start=\"0\" data-end=\"57\">Innovative hygienische Maschinenf\u00fc\u00dfe f\u00fcr verbesserte Stabilit\u00e4t<\/h3>\n<p data-start=\"1937\" data-end=\"2258\" data-is-last-node=\"\" data-is-only-node=\"\">Unser Engagement f\u00fcr Qualit\u00e4t und Pr\u00e4zision zeigt sich in jedem Aspekt unseres Maschinenfu\u00dfdesigns. Durch die Integration von Technik, doppelten Verriegelungsmechanismen und versiegelter Spindeltechnologie liefern wir L\u00f6sungen, die den h\u00f6chsten Industriestandards entsprechen. W\u00e4hlen Sie unsere hygienischen Maschinenf\u00fc\u00dfe f\u00fcr einen sichereren, saubereren und effizienteren Betrieb.<\/p>\n\n\t\t<\/div>\n\t<\/div>\n<\/div><\/div><\/div><\/div><\/div><\/section>","protected":false},"excerpt":{"rendered":"Tailored Excellence: Bespoke Industrial Solutions for Sanitary Need Machine feet in sealed hygienic design with rubber base for vibration reduction and anti-slip properties Our sealed hygienic machine feet are provided with FDA certificate (FDA CFR 21 177 2600) with unique batch ID number for food safety traceability Try our product selector Machine feet in sealed [...]","protected":false},"featured_media":12779,"template":"","meta":[],"product_brand":[],"product_cat":[98],"product_tag":[],"class_list":{"0":"post-12778","1":"product","2":"type-product","3":"status-publish","4":"has-post-thumbnail","6":"product_cat-ehedg-certified-3a-ssi-standard-components","8":"first","9":"instock","10":"shipping-taxable","11":"product-type-simple"},"yoast_head":"<!-- This site is optimized with the Yoast SEO plugin v27.3 - https:\/\/yoast.com\/product\/yoast-seo-wordpress\/ -->\n<title>3-A machine feet with 2 floor locking plates\u00a0 | NHK Machinery Parts<\/title>\n<meta name=\"description\" content=\"Revolutionize your operations with hygienic machine feet engineered for unmatched stability and protection. Unmatched Stability with Hygienic Machine Feet.\" \/>\n<meta name=\"robots\" content=\"index, follow, max-snippet:-1, max-image-preview:large, max-video-preview:-1\" \/>\n<link rel=\"canonical\" href=\"https:\/\/nhkmachineryparts.com\/de\/produkt\/hygienische-maschinenfuse-mit-2-bodenverriegelungsplatten-und-abgedichteter-geschutzter-spindel\/\" \/>\n<meta property=\"og:locale\" content=\"de_DE\" \/>\n<meta property=\"og:type\" content=\"article\" \/>\n<meta property=\"og:title\" content=\"3-A machine feet with 2 floor locking plates\u00a0 | NHK Machinery Parts\" \/>\n<meta property=\"og:description\" content=\"Revolutionize your operations with hygienic machine feet engineered for unmatched stability and protection. Unmatched Stability with Hygienic Machine Feet.\" \/>\n<meta property=\"og:url\" content=\"https:\/\/nhkmachineryparts.com\/de\/produkt\/hygienische-maschinenfuse-mit-2-bodenverriegelungsplatten-und-abgedichteter-geschutzter-spindel\/\" \/>\n<meta property=\"og:site_name\" content=\"NHK Machinery Parts\" \/>\n<meta property=\"article:publisher\" content=\"https:\/\/www.facebook.com\/NHK.Group.aps\" \/>\n<meta property=\"article:modified_time\" content=\"2026-02-27T13:48:56+00:00\" \/>\n<meta property=\"og:image\" content=\"https:\/\/nhkmachineryparts.com\/wp-content\/uploads\/2024\/11\/HMF-x2-3A-1.jpg\" \/>\n\t<meta property=\"og:image:width\" content=\"1000\" \/>\n\t<meta property=\"og:image:height\" content=\"1006\" \/>\n\t<meta property=\"og:image:type\" content=\"image\/jpeg\" \/>\n<meta name=\"twitter:card\" content=\"summary_large_image\" \/>\n<meta name=\"twitter:label1\" content=\"Gesch\u00e4tzte Lesezeit\" \/>\n\t<meta name=\"twitter:data1\" content=\"4\u00a0Minuten\" \/>\n<script type=\"application\/ld+json\" class=\"yoast-schema-graph\">{\"@context\":\"https:\\\/\\\/schema.org\",\"@graph\":[{\"@type\":\"WebPage\",\"@id\":\"https:\\\/\\\/nhkmachineryparts.com\\\/product\\\/hygienic-machine-feet-with-2-floor-locking-plates-and-sealed-protected-spindle\\\/\",\"url\":\"https:\\\/\\\/nhkmachineryparts.com\\\/product\\\/hygienic-machine-feet-with-2-floor-locking-plates-and-sealed-protected-spindle\\\/\",\"name\":\"3-A machine feet with 2 floor locking plates\u00a0 | NHK Machinery Parts\",\"isPartOf\":{\"@id\":\"https:\\\/\\\/nhkmachineryparts.com\\\/#website\"},\"primaryImageOfPage\":{\"@id\":\"https:\\\/\\\/nhkmachineryparts.com\\\/product\\\/hygienic-machine-feet-with-2-floor-locking-plates-and-sealed-protected-spindle\\\/#primaryimage\"},\"image\":{\"@id\":\"https:\\\/\\\/nhkmachineryparts.com\\\/product\\\/hygienic-machine-feet-with-2-floor-locking-plates-and-sealed-protected-spindle\\\/#primaryimage\"},\"thumbnailUrl\":\"https:\\\/\\\/nhkmachineryparts.com\\\/wp-content\\\/uploads\\\/2024\\\/11\\\/HMF-x2-3A-1.jpg\",\"datePublished\":\"2024-11-09T20:42:55+00:00\",\"dateModified\":\"2026-02-27T13:48:56+00:00\",\"description\":\"Revolutionize your operations with hygienic machine feet engineered for unmatched stability and protection. Unmatched Stability with Hygienic Machine Feet.\",\"breadcrumb\":{\"@id\":\"https:\\\/\\\/nhkmachineryparts.com\\\/product\\\/hygienic-machine-feet-with-2-floor-locking-plates-and-sealed-protected-spindle\\\/#breadcrumb\"},\"inLanguage\":\"de\",\"potentialAction\":[{\"@type\":\"ReadAction\",\"target\":[\"https:\\\/\\\/nhkmachineryparts.com\\\/product\\\/hygienic-machine-feet-with-2-floor-locking-plates-and-sealed-protected-spindle\\\/\"]}]},{\"@type\":\"ImageObject\",\"inLanguage\":\"de\",\"@id\":\"https:\\\/\\\/nhkmachineryparts.com\\\/product\\\/hygienic-machine-feet-with-2-floor-locking-plates-and-sealed-protected-spindle\\\/#primaryimage\",\"url\":\"https:\\\/\\\/nhkmachineryparts.com\\\/wp-content\\\/uploads\\\/2024\\\/11\\\/HMF-x2-3A-1.jpg\",\"contentUrl\":\"https:\\\/\\\/nhkmachineryparts.com\\\/wp-content\\\/uploads\\\/2024\\\/11\\\/HMF-x2-3A-1.jpg\",\"width\":1000,\"height\":1006,\"caption\":\"Hygienic machine feet with 2 floor locking plates\u00a0and sealed protected spindle\"},{\"@type\":\"BreadcrumbList\",\"@id\":\"https:\\\/\\\/nhkmachineryparts.com\\\/product\\\/hygienic-machine-feet-with-2-floor-locking-plates-and-sealed-protected-spindle\\\/#breadcrumb\",\"itemListElement\":[{\"@type\":\"ListItem\",\"position\":1,\"name\":\"Home\",\"item\":\"https:\\\/\\\/nhkmachineryparts.com\\\/\"},{\"@type\":\"ListItem\",\"position\":2,\"name\":\"Product line\",\"item\":\"https:\\\/\\\/nhkmachineryparts.com\\\/product-line\\\/\"},{\"@type\":\"ListItem\",\"position\":3,\"name\":\"Certified EHEDG standard components\",\"item\":\"https:\\\/\\\/nhkmachineryparts.com\\\/product-line\\\/ehedg-certified-3a-ssi-standard-components\\\/\"},{\"@type\":\"ListItem\",\"position\":4,\"name\":\"3-A machine feet with 2 floor locking plates\u00a0\"}]},{\"@type\":\"WebSite\",\"@id\":\"https:\\\/\\\/nhkmachineryparts.com\\\/#website\",\"url\":\"https:\\\/\\\/nhkmachineryparts.com\\\/\",\"name\":\"NHK Machinery Parts\",\"description\":\"Bearing Houses, seismic levelling feet and levelling castors\",\"publisher\":{\"@id\":\"https:\\\/\\\/nhkmachineryparts.com\\\/#organization\"},\"potentialAction\":[{\"@type\":\"SearchAction\",\"target\":{\"@type\":\"EntryPoint\",\"urlTemplate\":\"https:\\\/\\\/nhkmachineryparts.com\\\/?s={search_term_string}\"},\"query-input\":{\"@type\":\"PropertyValueSpecification\",\"valueRequired\":true,\"valueName\":\"search_term_string\"}}],\"inLanguage\":\"de\"},{\"@type\":\"Organization\",\"@id\":\"https:\\\/\\\/nhkmachineryparts.com\\\/#organization\",\"name\":\"Nhk Group ApS\",\"url\":\"https:\\\/\\\/nhkmachineryparts.com\\\/\",\"logo\":{\"@type\":\"ImageObject\",\"inLanguage\":\"de\",\"@id\":\"https:\\\/\\\/nhkmachineryparts.com\\\/#\\\/schema\\\/logo\\\/image\\\/\",\"url\":\"https:\\\/\\\/nhkmachineryparts.com\\\/wp-content\\\/uploads\\\/2022\\\/09\\\/NHKgroup_social.jpg\",\"contentUrl\":\"https:\\\/\\\/nhkmachineryparts.com\\\/wp-content\\\/uploads\\\/2022\\\/09\\\/NHKgroup_social.jpg\",\"width\":1200,\"height\":630,\"caption\":\"Nhk Group ApS\"},\"image\":{\"@id\":\"https:\\\/\\\/nhkmachineryparts.com\\\/#\\\/schema\\\/logo\\\/image\\\/\"},\"sameAs\":[\"https:\\\/\\\/www.facebook.com\\\/NHK.Group.aps\"]}]}<\/script>\n<!-- \/ Yoast SEO plugin. -->","yoast_head_json":{"title":"3-A machine feet with 2 floor locking plates\u00a0 | NHK Machinery Parts","description":"Revolutionieren Sie Ihren Betrieb mit hygienischen Maschinenf\u00fc\u00dfen, die f\u00fcr un\u00fcbertroffene Stabilit\u00e4t und Schutz ausgelegt sind. Un\u00fcbertroffene Stabilit\u00e4t mit hygienischen Maschinenf\u00fc\u00dfen.","robots":{"index":"index","follow":"follow","max-snippet":"max-snippet:-1","max-image-preview":"max-image-preview:large","max-video-preview":"max-video-preview:-1"},"canonical":"https:\/\/nhkmachineryparts.com\/de\/produkt\/hygienische-maschinenfuse-mit-2-bodenverriegelungsplatten-und-abgedichteter-geschutzter-spindel\/","og_locale":"de_DE","og_type":"article","og_title":"3-A machine feet with 2 floor locking plates\u00a0 | NHK Machinery Parts","og_description":"Revolutionize your operations with hygienic machine feet engineered for unmatched stability and protection. Unmatched Stability with Hygienic Machine Feet.","og_url":"https:\/\/nhkmachineryparts.com\/de\/produkt\/hygienische-maschinenfuse-mit-2-bodenverriegelungsplatten-und-abgedichteter-geschutzter-spindel\/","og_site_name":"NHK Machinery Parts","article_publisher":"https:\/\/www.facebook.com\/NHK.Group.aps","article_modified_time":"2026-02-27T13:48:56+00:00","og_image":[{"width":1000,"height":1006,"url":"https:\/\/nhkmachineryparts.com\/wp-content\/uploads\/2024\/11\/HMF-x2-3A-1.jpg","type":"image\/jpeg"}],"twitter_card":"summary_large_image","twitter_misc":{"Gesch\u00e4tzte Lesezeit":"4\u00a0Minuten"},"schema":{"@context":"https:\/\/schema.org","@graph":[{"@type":"WebPage","@id":"https:\/\/nhkmachineryparts.com\/product\/hygienic-machine-feet-with-2-floor-locking-plates-and-sealed-protected-spindle\/","url":"https:\/\/nhkmachineryparts.com\/product\/hygienic-machine-feet-with-2-floor-locking-plates-and-sealed-protected-spindle\/","name":"3-A machine feet with 2 floor locking plates\u00a0 | NHK Machinery Parts","isPartOf":{"@id":"https:\/\/nhkmachineryparts.com\/#website"},"primaryImageOfPage":{"@id":"https:\/\/nhkmachineryparts.com\/product\/hygienic-machine-feet-with-2-floor-locking-plates-and-sealed-protected-spindle\/#primaryimage"},"image":{"@id":"https:\/\/nhkmachineryparts.com\/product\/hygienic-machine-feet-with-2-floor-locking-plates-and-sealed-protected-spindle\/#primaryimage"},"thumbnailUrl":"https:\/\/nhkmachineryparts.com\/wp-content\/uploads\/2024\/11\/HMF-x2-3A-1.jpg","datePublished":"2024-11-09T20:42:55+00:00","dateModified":"2026-02-27T13:48:56+00:00","description":"Revolutionieren Sie Ihren Betrieb mit hygienischen Maschinenf\u00fc\u00dfen, die f\u00fcr un\u00fcbertroffene Stabilit\u00e4t und Schutz ausgelegt sind. Un\u00fcbertroffene Stabilit\u00e4t mit hygienischen Maschinenf\u00fc\u00dfen.","breadcrumb":{"@id":"https:\/\/nhkmachineryparts.com\/product\/hygienic-machine-feet-with-2-floor-locking-plates-and-sealed-protected-spindle\/#breadcrumb"},"inLanguage":"de","potentialAction":[{"@type":"ReadAction","target":["https:\/\/nhkmachineryparts.com\/product\/hygienic-machine-feet-with-2-floor-locking-plates-and-sealed-protected-spindle\/"]}]},{"@type":"ImageObject","inLanguage":"de","@id":"https:\/\/nhkmachineryparts.com\/product\/hygienic-machine-feet-with-2-floor-locking-plates-and-sealed-protected-spindle\/#primaryimage","url":"https:\/\/nhkmachineryparts.com\/wp-content\/uploads\/2024\/11\/HMF-x2-3A-1.jpg","contentUrl":"https:\/\/nhkmachineryparts.com\/wp-content\/uploads\/2024\/11\/HMF-x2-3A-1.jpg","width":1000,"height":1006,"caption":"Hygienic machine feet with 2 floor locking plates\u00a0and sealed protected spindle"},{"@type":"BreadcrumbList","@id":"https:\/\/nhkmachineryparts.com\/product\/hygienic-machine-feet-with-2-floor-locking-plates-and-sealed-protected-spindle\/#breadcrumb","itemListElement":[{"@type":"ListItem","position":1,"name":"Home","item":"https:\/\/nhkmachineryparts.com\/"},{"@type":"ListItem","position":2,"name":"Product line","item":"https:\/\/nhkmachineryparts.com\/product-line\/"},{"@type":"ListItem","position":3,"name":"Certified EHEDG standard components","item":"https:\/\/nhkmachineryparts.com\/product-line\/ehedg-certified-3a-ssi-standard-components\/"},{"@type":"ListItem","position":4,"name":"3-A machine feet with 2 floor locking plates\u00a0"}]},{"@type":"WebSite","@id":"https:\/\/nhkmachineryparts.com\/#website","url":"https:\/\/nhkmachineryparts.com\/","name":"NHK-Maschinenteile","description":"Lagergeh\u00e4use, seismische Nivellierf\u00fc\u00dfe und Nivellierrollen","publisher":{"@id":"https:\/\/nhkmachineryparts.com\/#organization"},"potentialAction":[{"@type":"SearchAction","target":{"@type":"EntryPoint","urlTemplate":"https:\/\/nhkmachineryparts.com\/?s={search_term_string}"},"query-input":{"@type":"PropertyValueSpecification","valueRequired":true,"valueName":"search_term_string"}}],"inLanguage":"de"},{"@type":"Organization","@id":"https:\/\/nhkmachineryparts.com\/#organization","name":"Nhk Group ApS","url":"https:\/\/nhkmachineryparts.com\/","logo":{"@type":"ImageObject","inLanguage":"de","@id":"https:\/\/nhkmachineryparts.com\/#\/schema\/logo\/image\/","url":"https:\/\/nhkmachineryparts.com\/wp-content\/uploads\/2022\/09\/NHKgroup_social.jpg","contentUrl":"https:\/\/nhkmachineryparts.com\/wp-content\/uploads\/2022\/09\/NHKgroup_social.jpg","width":1200,"height":630,"caption":"Nhk Group ApS"},"image":{"@id":"https:\/\/nhkmachineryparts.com\/#\/schema\/logo\/image\/"},"sameAs":["https:\/\/www.facebook.com\/NHK.Group.aps"]}]}},"_links":{"self":[{"href":"https:\/\/nhkmachineryparts.com\/de\/wp-json\/wp\/v2\/product\/12778","targetHints":{"allow":["GET"]}}],"collection":[{"href":"https:\/\/nhkmachineryparts.com\/de\/wp-json\/wp\/v2\/product"}],"about":[{"href":"https:\/\/nhkmachineryparts.com\/de\/wp-json\/wp\/v2\/types\/product"}],"wp:featuredmedia":[{"embeddable":true,"href":"https:\/\/nhkmachineryparts.com\/de\/wp-json\/wp\/v2\/media\/12779"}],"wp:attachment":[{"href":"https:\/\/nhkmachineryparts.com\/de\/wp-json\/wp\/v2\/media?parent=12778"}],"wp:term":[{"taxonomy":"product_brand","embeddable":true,"href":"https:\/\/nhkmachineryparts.com\/de\/wp-json\/wp\/v2\/product_brand?post=12778"},{"taxonomy":"product_cat","embeddable":true,"href":"https:\/\/nhkmachineryparts.com\/de\/wp-json\/wp\/v2\/product_cat?post=12778"},{"taxonomy":"product_tag","embeddable":true,"href":"https:\/\/nhkmachineryparts.com\/de\/wp-json\/wp\/v2\/product_tag?post=12778"}],"curies":[{"name":"wp","href":"https:\/\/api.w.org\/{rel}","templated":true}]}}