{"id":12768,"date":"2024-11-09T22:00:04","date_gmt":"2024-11-09T20:00:04","guid":{"rendered":"https:\/\/nhkmachineryparts.com\/?post_type=product&#038;p=12768"},"modified":"2026-02-23T13:34:38","modified_gmt":"2026-02-23T11:34:38","slug":"nivellierfuse-mit-2-bodenverriegelungsplatten-und-vollgewindespindel","status":"publish","type":"product","link":"https:\/\/nhkmachineryparts.com\/de\/product\/levelling-feet-with-2-floor-locking-plates-and-fully-threaded-spindle\/","title":{"rendered":"Nivellierf\u00fc\u00dfe mit 2 Bodenverriegelungsplatten und Vollgewindespindel"},"content":{"rendered":"<section class=\"vc_row vc_custom_1662993827263 liquid-row-shadowbox-69d439e72399a vc_column-gap-0\"><div class=\"ld-container container\"><div class=\"row ld-row ld-row-outer\"><div class=\"wpb_column vc_column_container vc_col-sm-12 liquid-column-69d439e723ba6\"><div class=\"vc_column-inner\" ><div class=\"wpb_wrapper\"  >\n\t<div class=\"wpb_text_column wpb_content_element\" >\n\t\t<div class=\"wpb_wrapper\">\n\t\t\t<h2 data-start=\"3\" data-end=\"114\"><strong data-start=\"3\" data-end=\"112\" data-is-only-node=\"\">Maximieren Sie die Maschinenstabilit\u00e4t und <\/strong><strong data-start=\"119\" data-end=\"204\" data-is-last-node=\"\" data-is-only-node=\"\">Verbessern Sie die Ger\u00e4teleistung<\/strong><\/h2>\n<p><a href=\"https:\/\/nhkmachineryparts.com\/de\/product-line\/stainless-steel-solid-base-feet\/\" data-internallinksmanager029f6b8e52c=\"7\" title=\"Maschinenstellf\u00fc\u00dfe mit massiver Grundplatte\">Stellf\u00fc\u00dfe<\/a> mit Gummibasis zur Vibrationsd\u00e4mpfung und Anti-Rutsch-Eigenschaften<br \/>\nUnsere Nivellierf\u00fc\u00dfe verf\u00fcgen \u00fcber ein FDA-Zertifikat (FDA CFR 21 177 2600) mit eindeutiger Chargen-ID-Nummer zur R\u00fcckverfolgbarkeit der Lebensmittelsicherheit.<\/p>\n<p><a href=\"https:\/\/nhkmachineryparts.com\/shop\/product-line\/machine-levelling-feet-in-a-hygienic-design\/levelling-feet-with-fully-threaded-spindle\/\">Probieren Sie unseren Produktselektor<\/a><\/p>\n<h3>Merkmale und Vorteile von Stellf\u00fc\u00dfen<\/h3>\n<p>Nivellierf\u00fc\u00dfe haben ein abgerundetes, hygienisches Design, das die Reinigung erleichtert.<br \/>\nNivellierf\u00fc\u00dfe k\u00f6nnen Neigungen von B\u00f6den und Ger\u00e4ten von bis zu 10 Grad bew\u00e4ltigen.<\/p>\n<h3>Werkstoffe f\u00fcr Stellf\u00fc\u00dfe<\/h3>\n<p>Stellf\u00fc\u00dfe aus vulkanisiertem Gummiteil mit FDA-Zertifikat nach FDA CFR 21 177 2600.<\/p>\n<p>Beschreibung des Grundplattenmaterials:<br \/>\nEdelstahl Aisi 304 oder Aisi 316<\/p>\n<p>Beschreibung des Spindelmaterials:<br \/>\nEdelstahl A2-70 oder A4-70<\/p>\n<p>Beschreibung des Gummibasismaterials:<br \/>\nNBR-Gummi (Nitrilkautschuk CAS-Nr. 9005-98-5)<br \/>\nFDA-Zertifikat gem\u00e4\u00df FDA CFR 21 177 2600<\/p>\n<p>Alle Materialien weisen eine hohe Best\u00e4ndigkeit gegen\u00fcber Chemikalien und g\u00e4ngigen Reinigungsmitteln sowie gegen\u00fcber best\u00e4ndigen \u00d6len und Fetten auf.<\/p>\n<h3>Stellfu\u00dfgr\u00f6\u00dfen<\/h3>\n<p>Die gro\u00dfe Auswahl an Nivellierf\u00fc\u00dfen gew\u00e4hrleistet optimale Flexibilit\u00e4t und Auswahl.<\/p>\n<div class=\"dcf-overflow-x-auto\" tabindex=\"0\">\n<table class=\"dcf-table dcf-table-responsive dcf-table-bordered dcf-w-100%\">\n<thead>\n<tr>\n<th scope=\"col\">Basistyp<\/th>\n<th scope=\"col\">Basisdurchmesser D<\/th>\n<th scope=\"col\">Nom. Belastung<\/th>\n<\/tr>\n<\/thead>\n<tbody>\n<tr>\n<td data-label=\"HMF Base Size\">HLF 62<\/td>\n<td data-label=\"Base Diameter D\">60mm<\/td>\n<td data-label=\"Nom. Load \">7.000 N<\/td>\n<\/tr>\n<tr>\n<td data-label=\"HMF Base Size\">HLF 82<\/td>\n<td data-label=\"Base Diameter D\">80mm<\/td>\n<td data-label=\"Nom. Load \">15.000 N<\/td>\n<\/tr>\n<tr>\n<td data-label=\"HMF Base Size\">HLF 102<\/td>\n<td data-label=\"Base Diameter D\">100mm<\/td>\n<td data-label=\"Nom. Load \">20.000 N<\/td>\n<\/tr>\n<tr>\n<td data-label=\"HMF Base Size\">HLF 122<\/td>\n<td data-label=\"Base Diameter D\">120mm<\/td>\n<td data-label=\"Nom. Load \">30.000 N<\/td>\n<\/tr>\n<\/tbody>\n<\/table>\n<\/div>\n<p>Die gro\u00dfe Auswahl an Nivellierfu\u00dfspindeln gew\u00e4hrleistet optimale Flexibilit\u00e4t und Auswahl.<\/p>\n<div class=\"dcf-overflow-x-auto\" tabindex=\"0\">\n<table class=\"dcf-table dcf-table-responsive dcf-table-bordered dcf-w-100%\">\n<caption>HLF-Spindelgewinde<\/caption>\n<tbody>\n<tr>\n<td>M12<\/td>\n<td>M16<\/td>\n<td>M20<\/td>\n<td>M24<\/td>\n<td>M30<\/td>\n<td>M36<\/td>\n<td>M42<\/td>\n<td>M48<\/td>\n<\/tr>\n<\/tbody>\n<\/table>\n<\/div>\n<div class=\"dcf-overflow-x-auto\" tabindex=\"0\">\n<table class=\"dcf-table dcf-table-responsive dcf-table-bordered dcf-w-100%\">\n<caption>HLF Spindell\u00e4nge (L)<\/caption>\n<tbody>\n<tr>\n<td>50mm<\/td>\n<td>70mm<\/td>\n<td>100mm<\/td>\n<td>120mm<\/td>\n<td>150mm<\/td>\n<td>180mm<\/td>\n<td>200mm<\/td>\n<td>230mm<\/td>\n<td>280mm<\/td>\n<td>330 mm<\/td>\n<\/tr>\n<\/tbody>\n<\/table>\n<\/div>\n<p>F\u00fcr andere Gewindespindell\u00e4ngen (L) kontaktieren Sie uns bitte<br \/>\nGewinde in Zoll sind auf Anfrage erh\u00e4ltlich<br \/>\nDas Gewinde kann auch nach spezifischen Anforderungen angepasst werden, z. B. Trapezgewinde usw.<\/p>\n<h3>Lieferoption Nivellierf\u00fc\u00dfe<\/h3>\n<p>Bei gr\u00f6\u00dferen Bestellungen bieten wir an, die Basis und die Spindeln separat zu liefern<br \/>\nDer Vorteil liegt in der Flexibilit\u00e4t f\u00fcr den Kunden, der viele verschiedene Spindelgr\u00f6\u00dfen verwendet.<\/p>\n<h2 data-start=\"0\" data-end=\"81\"><strong data-start=\"4\" data-end=\"79\">Nivellierf\u00fc\u00dfe mit zwei Bodenverriegelungsplatten und Vollgewindespindel<\/strong><\/h2>\n<h3 data-start=\"83\" data-end=\"150\"><strong data-start=\"88\" data-end=\"148\">Verbesserte Stabilit\u00e4t und Pr\u00e4zision bei Industrieanlagen<\/strong><\/h3>\n<p data-start=\"151\" data-end=\"533\">Nivellierf\u00fc\u00dfe mit zwei Bodenverriegelungsplatten und einer Vollgewindespindel sind wesentliche Komponenten in Industriemaschinen, da sie f\u00fcr verbesserte Stabilit\u00e4t und pr\u00e4zise H\u00f6heneinstellung sorgen. Die 2 Verriegelungsplatten verankern die Ger\u00e4te sicher am Boden, minimieren Vibrationen und gew\u00e4hrleisten optimale Leistung, insbesondere in Umgebungen mit strengen Hygiene- und Sicherheitsstandards.<\/p>\n<h3 data-start=\"535\" data-end=\"601\"><strong data-start=\"540\" data-end=\"599\">Hauptmerkmale der Nivellierf\u00fc\u00dfe mit 2 Feststellplatten<\/strong><\/h3>\n<p data-start=\"602\" data-end=\"1008\">Diese Nivellierf\u00fc\u00dfe sind mit einer Vollgewindespindel ausgestattet, die eine einfache und genaue H\u00f6heneinstellung erm\u00f6glicht. Die beiden Bodenverriegelungsplatten sorgen f\u00fcr zus\u00e4tzliche Stabilit\u00e4t, verhindern Bewegungen und reduzieren den Verschlei\u00df <a href=\"https:\/\/nhkmachineryparts.com\/de\/\" data-internallinksmanager029f6b8e52c=\"14\" title=\"Maschinenkomponenten\">Maschinenkomponenten<\/a>. Sie werden normalerweise aus rostfreiem Stahl hergestellt, sind korrosionsbest\u00e4ndig und ideal f\u00fcr die Lebensmittelverarbeitung, Pharmazie und Verpackung <a href=\"https:\/\/nhkmachineryparts.com\/de\/our-industries\/\" data-internallinksmanager029f6b8e52c=\"4\" title=\"Unsere Branchen\">Branchen<\/a> wo Sauberkeit an erster Stelle steht.<\/p>\n<h3 data-start=\"1010\" data-end=\"1076\"><strong data-start=\"1015\" data-end=\"1074\">Vorteile der Verwendung von Nivellierf\u00fc\u00dfen mit Vollgewindespindel<\/strong><\/h3>\n<p data-start=\"1077\" data-end=\"1474\">Das vollst\u00e4ndig mit Gewinde versehene Spindeldesign gew\u00e4hrleistet fein abgestimmte Einstellungen, sodass die Maschinen auch auf unebenen Fl\u00e4chen waagerecht bleiben. Diese pr\u00e4zise Steuerung tr\u00e4gt dazu bei, die Effizienz der Ger\u00e4te aufrechtzuerhalten und die Lebensdauer der Maschinen zu verl\u00e4ngern, indem Belastungen und Fehlausrichtungen reduziert werden. Dar\u00fcber hinaus verteilen die beiden Verriegelungsplatten das Gewicht gleichm\u00e4\u00dfig, was die Sicherheit erh\u00f6ht und das Risiko verringert, dass die Ger\u00e4te umkippen oder sich verschieben.<\/p>\n<h3 data-start=\"1476\" data-end=\"1521\"><strong data-start=\"1481\" data-end=\"1519\">Anwendungen in verschiedenen Branchen<\/strong><\/h3>\n<p data-start=\"1522\" data-end=\"1956\">Diese Nivellierf\u00fc\u00dfe werden h\u00e4ufig in Bereichen wie Lebensmittelverarbeitung, Pharmazie, Biotechnologie und Verpackung eingesetzt. Aufgrund ihrer robusten Bauweise und zuverl\u00e4ssigen Leistung sind sie ideal f\u00fcr Ger\u00e4te wie F\u00f6rderb\u00e4nder, Mischer, Abf\u00fcllmaschinen und Hochleistungsproduktionslinien. Die Edelstahlkonstruktion gew\u00e4hrleistet die Einhaltung der Industrievorschriften und macht sie f\u00fcr Reinraumumgebungen und hygienische Verarbeitungsanlagen geeignet.<\/p>\n<h3 data-start=\"3\" data-end=\"114\"><strong data-start=\"3\" data-end=\"112\" data-is-only-node=\"\">Maschinen optimal nutzen <\/strong><strong data-start=\"119\" data-end=\"204\" data-is-last-node=\"\" data-is-only-node=\"\"> Leistung und Sicherheit<\/strong><\/h3>\n<p data-start=\"1958\" data-end=\"2154\" data-is-last-node=\"\" data-is-only-node=\"\">W\u00e4hlen Sie f\u00fcr eine zuverl\u00e4ssige und stabile Maschinenunterst\u00fctzung Nivellierf\u00fc\u00dfe mit zwei Bodenverriegelungsplatten und einer Vollgewindespindel, die Pr\u00e4zision, Haltbarkeit und Sicherheit in jeder industriellen Umgebung gew\u00e4hrleisten.<\/p>\n\n\t\t<\/div>\n\t<\/div>\n<\/div><\/div><\/div><\/div><\/div><\/section>","protected":false},"excerpt":{"rendered":"Maximize Machinery Stability and Enhance Equipment Performance Levelling feet with rubber base for vibration reduction and anti-slip properties Our levelling feet are provided with FDA certificate (FDA CFR 21 177 2600) with unique batch ID number for food safety traceability Try our product selector Levelling feet features and advantages Levelling feet have a rounded, hygienic [...]","protected":false},"featured_media":12769,"template":"","meta":[],"product_brand":[],"product_cat":[18],"product_tag":[],"class_list":{"0":"post-12768","1":"product","2":"type-product","3":"status-publish","4":"has-post-thumbnail","6":"product_cat-stainless-steel-machine-levelling-feet","8":"first","9":"instock","10":"shipping-taxable","11":"product-type-simple"},"yoast_head":"<!-- This site is optimized with the Yoast SEO plugin v27.3 - https:\/\/yoast.com\/product\/yoast-seo-wordpress\/ -->\n<title>Levelling feet with 2 floor locking plates and fully-threaded spindle | NHK Machinery Parts<\/title>\n<meta name=\"description\" content=\"Ensure optimal performance and safety in demanding environments using levelling feet engineered for secure anchoring and fine-tuned adjustments.\" \/>\n<meta name=\"robots\" content=\"index, follow, max-snippet:-1, max-image-preview:large, max-video-preview:-1\" \/>\n<link rel=\"canonical\" href=\"https:\/\/nhkmachineryparts.com\/de\/produkt\/nivellierfuse-mit-2-bodenverriegelungsplatten-und-vollgewindespindel\/\" \/>\n<meta property=\"og:locale\" content=\"de_DE\" \/>\n<meta property=\"og:type\" content=\"article\" \/>\n<meta property=\"og:title\" content=\"Levelling feet with 2 floor locking plates and fully-threaded spindle | NHK Machinery Parts\" \/>\n<meta property=\"og:description\" content=\"Ensure optimal performance and safety in demanding environments using levelling feet engineered for secure anchoring and fine-tuned adjustments.\" \/>\n<meta property=\"og:url\" content=\"https:\/\/nhkmachineryparts.com\/de\/produkt\/nivellierfuse-mit-2-bodenverriegelungsplatten-und-vollgewindespindel\/\" \/>\n<meta property=\"og:site_name\" content=\"NHK Machinery Parts\" \/>\n<meta property=\"article:publisher\" content=\"https:\/\/www.facebook.com\/NHK.Group.aps\" \/>\n<meta property=\"article:modified_time\" content=\"2026-02-23T11:34:38+00:00\" \/>\n<meta property=\"og:image\" content=\"https:\/\/nhkmachineryparts.com\/wp-content\/uploads\/2024\/11\/HLF-x2-1.jpg\" \/>\n\t<meta property=\"og:image:width\" content=\"1000\" \/>\n\t<meta property=\"og:image:height\" content=\"1000\" \/>\n\t<meta property=\"og:image:type\" content=\"image\/jpeg\" \/>\n<meta name=\"twitter:card\" content=\"summary_large_image\" \/>\n<meta name=\"twitter:label1\" content=\"Gesch\u00e4tzte Lesezeit\" \/>\n\t<meta name=\"twitter:data1\" content=\"3\u00a0Minuten\" \/>\n<script type=\"application\/ld+json\" class=\"yoast-schema-graph\">{\"@context\":\"https:\\\/\\\/schema.org\",\"@graph\":[{\"@type\":\"WebPage\",\"@id\":\"https:\\\/\\\/nhkmachineryparts.com\\\/product\\\/levelling-feet-with-2-floor-locking-plates-and-fully-threaded-spindle\\\/\",\"url\":\"https:\\\/\\\/nhkmachineryparts.com\\\/product\\\/levelling-feet-with-2-floor-locking-plates-and-fully-threaded-spindle\\\/\",\"name\":\"Levelling feet with 2 floor locking plates and fully-threaded spindle | NHK Machinery Parts\",\"isPartOf\":{\"@id\":\"https:\\\/\\\/nhkmachineryparts.com\\\/#website\"},\"primaryImageOfPage\":{\"@id\":\"https:\\\/\\\/nhkmachineryparts.com\\\/product\\\/levelling-feet-with-2-floor-locking-plates-and-fully-threaded-spindle\\\/#primaryimage\"},\"image\":{\"@id\":\"https:\\\/\\\/nhkmachineryparts.com\\\/product\\\/levelling-feet-with-2-floor-locking-plates-and-fully-threaded-spindle\\\/#primaryimage\"},\"thumbnailUrl\":\"https:\\\/\\\/nhkmachineryparts.com\\\/wp-content\\\/uploads\\\/2024\\\/11\\\/HLF-x2-1.jpg\",\"datePublished\":\"2024-11-09T20:00:04+00:00\",\"dateModified\":\"2026-02-23T11:34:38+00:00\",\"description\":\"Ensure optimal performance and safety in demanding environments using levelling feet engineered for secure anchoring and fine-tuned adjustments.\",\"breadcrumb\":{\"@id\":\"https:\\\/\\\/nhkmachineryparts.com\\\/product\\\/levelling-feet-with-2-floor-locking-plates-and-fully-threaded-spindle\\\/#breadcrumb\"},\"inLanguage\":\"de\",\"potentialAction\":[{\"@type\":\"ReadAction\",\"target\":[\"https:\\\/\\\/nhkmachineryparts.com\\\/product\\\/levelling-feet-with-2-floor-locking-plates-and-fully-threaded-spindle\\\/\"]}]},{\"@type\":\"ImageObject\",\"inLanguage\":\"de\",\"@id\":\"https:\\\/\\\/nhkmachineryparts.com\\\/product\\\/levelling-feet-with-2-floor-locking-plates-and-fully-threaded-spindle\\\/#primaryimage\",\"url\":\"https:\\\/\\\/nhkmachineryparts.com\\\/wp-content\\\/uploads\\\/2024\\\/11\\\/HLF-x2-1.jpg\",\"contentUrl\":\"https:\\\/\\\/nhkmachineryparts.com\\\/wp-content\\\/uploads\\\/2024\\\/11\\\/HLF-x2-1.jpg\",\"width\":1000,\"height\":1000,\"caption\":\"Levelling feet with 2 floor locking plates and fully-threaded spindle\"},{\"@type\":\"BreadcrumbList\",\"@id\":\"https:\\\/\\\/nhkmachineryparts.com\\\/product\\\/levelling-feet-with-2-floor-locking-plates-and-fully-threaded-spindle\\\/#breadcrumb\",\"itemListElement\":[{\"@type\":\"ListItem\",\"position\":1,\"name\":\"Home\",\"item\":\"https:\\\/\\\/nhkmachineryparts.com\\\/\"},{\"@type\":\"ListItem\",\"position\":2,\"name\":\"Product line\",\"item\":\"https:\\\/\\\/nhkmachineryparts.com\\\/product-line\\\/\"},{\"@type\":\"ListItem\",\"position\":3,\"name\":\"Industrial machine leveling feet in stainless steel\",\"item\":\"https:\\\/\\\/nhkmachineryparts.com\\\/product-line\\\/stainless-steel-machine-levelling-feet\\\/\"},{\"@type\":\"ListItem\",\"position\":4,\"name\":\"Levelling feet with 2 floor locking plates and fully-threaded spindle\"}]},{\"@type\":\"WebSite\",\"@id\":\"https:\\\/\\\/nhkmachineryparts.com\\\/#website\",\"url\":\"https:\\\/\\\/nhkmachineryparts.com\\\/\",\"name\":\"NHK Machinery Parts\",\"description\":\"Bearing Houses, seismic levelling feet and levelling castors\",\"publisher\":{\"@id\":\"https:\\\/\\\/nhkmachineryparts.com\\\/#organization\"},\"potentialAction\":[{\"@type\":\"SearchAction\",\"target\":{\"@type\":\"EntryPoint\",\"urlTemplate\":\"https:\\\/\\\/nhkmachineryparts.com\\\/?s={search_term_string}\"},\"query-input\":{\"@type\":\"PropertyValueSpecification\",\"valueRequired\":true,\"valueName\":\"search_term_string\"}}],\"inLanguage\":\"de\"},{\"@type\":\"Organization\",\"@id\":\"https:\\\/\\\/nhkmachineryparts.com\\\/#organization\",\"name\":\"Nhk Group ApS\",\"url\":\"https:\\\/\\\/nhkmachineryparts.com\\\/\",\"logo\":{\"@type\":\"ImageObject\",\"inLanguage\":\"de\",\"@id\":\"https:\\\/\\\/nhkmachineryparts.com\\\/#\\\/schema\\\/logo\\\/image\\\/\",\"url\":\"https:\\\/\\\/nhkmachineryparts.com\\\/wp-content\\\/uploads\\\/2022\\\/09\\\/NHKgroup_social.jpg\",\"contentUrl\":\"https:\\\/\\\/nhkmachineryparts.com\\\/wp-content\\\/uploads\\\/2022\\\/09\\\/NHKgroup_social.jpg\",\"width\":1200,\"height\":630,\"caption\":\"Nhk Group ApS\"},\"image\":{\"@id\":\"https:\\\/\\\/nhkmachineryparts.com\\\/#\\\/schema\\\/logo\\\/image\\\/\"},\"sameAs\":[\"https:\\\/\\\/www.facebook.com\\\/NHK.Group.aps\"]}]}<\/script>\n<!-- \/ Yoast SEO plugin. -->","yoast_head_json":{"title":"Nivellierf\u00fc\u00dfe mit 2 Bodenverriegelungsplatten und Vollgewindespindel | NHK Machinery Parts","description":"Sorgen Sie f\u00fcr optimale Leistung und Sicherheit in anspruchsvollen Umgebungen mithilfe von Nivellierf\u00fc\u00dfen, die f\u00fcr eine sichere Verankerung und Feineinstellung ausgelegt sind.","robots":{"index":"index","follow":"follow","max-snippet":"max-snippet:-1","max-image-preview":"max-image-preview:large","max-video-preview":"max-video-preview:-1"},"canonical":"https:\/\/nhkmachineryparts.com\/de\/produkt\/nivellierfuse-mit-2-bodenverriegelungsplatten-und-vollgewindespindel\/","og_locale":"de_DE","og_type":"article","og_title":"Levelling feet with 2 floor locking plates and fully-threaded spindle | NHK Machinery Parts","og_description":"Ensure optimal performance and safety in demanding environments using levelling feet engineered for secure anchoring and fine-tuned adjustments.","og_url":"https:\/\/nhkmachineryparts.com\/de\/produkt\/nivellierfuse-mit-2-bodenverriegelungsplatten-und-vollgewindespindel\/","og_site_name":"NHK Machinery Parts","article_publisher":"https:\/\/www.facebook.com\/NHK.Group.aps","article_modified_time":"2026-02-23T11:34:38+00:00","og_image":[{"width":1000,"height":1000,"url":"https:\/\/nhkmachineryparts.com\/wp-content\/uploads\/2024\/11\/HLF-x2-1.jpg","type":"image\/jpeg"}],"twitter_card":"summary_large_image","twitter_misc":{"Gesch\u00e4tzte Lesezeit":"3\u00a0Minuten"},"schema":{"@context":"https:\/\/schema.org","@graph":[{"@type":"WebPage","@id":"https:\/\/nhkmachineryparts.com\/product\/levelling-feet-with-2-floor-locking-plates-and-fully-threaded-spindle\/","url":"https:\/\/nhkmachineryparts.com\/product\/levelling-feet-with-2-floor-locking-plates-and-fully-threaded-spindle\/","name":"Nivellierf\u00fc\u00dfe mit 2 Bodenverriegelungsplatten und Vollgewindespindel | NHK Machinery Parts","isPartOf":{"@id":"https:\/\/nhkmachineryparts.com\/#website"},"primaryImageOfPage":{"@id":"https:\/\/nhkmachineryparts.com\/product\/levelling-feet-with-2-floor-locking-plates-and-fully-threaded-spindle\/#primaryimage"},"image":{"@id":"https:\/\/nhkmachineryparts.com\/product\/levelling-feet-with-2-floor-locking-plates-and-fully-threaded-spindle\/#primaryimage"},"thumbnailUrl":"https:\/\/nhkmachineryparts.com\/wp-content\/uploads\/2024\/11\/HLF-x2-1.jpg","datePublished":"2024-11-09T20:00:04+00:00","dateModified":"2026-02-23T11:34:38+00:00","description":"Sorgen Sie f\u00fcr optimale Leistung und Sicherheit in anspruchsvollen Umgebungen mithilfe von Nivellierf\u00fc\u00dfen, die f\u00fcr eine sichere Verankerung und Feineinstellung ausgelegt sind.","breadcrumb":{"@id":"https:\/\/nhkmachineryparts.com\/product\/levelling-feet-with-2-floor-locking-plates-and-fully-threaded-spindle\/#breadcrumb"},"inLanguage":"de","potentialAction":[{"@type":"ReadAction","target":["https:\/\/nhkmachineryparts.com\/product\/levelling-feet-with-2-floor-locking-plates-and-fully-threaded-spindle\/"]}]},{"@type":"ImageObject","inLanguage":"de","@id":"https:\/\/nhkmachineryparts.com\/product\/levelling-feet-with-2-floor-locking-plates-and-fully-threaded-spindle\/#primaryimage","url":"https:\/\/nhkmachineryparts.com\/wp-content\/uploads\/2024\/11\/HLF-x2-1.jpg","contentUrl":"https:\/\/nhkmachineryparts.com\/wp-content\/uploads\/2024\/11\/HLF-x2-1.jpg","width":1000,"height":1000,"caption":"Levelling feet with 2 floor locking plates and fully-threaded spindle"},{"@type":"BreadcrumbList","@id":"https:\/\/nhkmachineryparts.com\/product\/levelling-feet-with-2-floor-locking-plates-and-fully-threaded-spindle\/#breadcrumb","itemListElement":[{"@type":"ListItem","position":1,"name":"Home","item":"https:\/\/nhkmachineryparts.com\/"},{"@type":"ListItem","position":2,"name":"Product line","item":"https:\/\/nhkmachineryparts.com\/product-line\/"},{"@type":"ListItem","position":3,"name":"Industrial machine leveling feet in stainless steel","item":"https:\/\/nhkmachineryparts.com\/product-line\/stainless-steel-machine-levelling-feet\/"},{"@type":"ListItem","position":4,"name":"Levelling feet with 2 floor locking plates and fully-threaded spindle"}]},{"@type":"WebSite","@id":"https:\/\/nhkmachineryparts.com\/#website","url":"https:\/\/nhkmachineryparts.com\/","name":"NHK-Maschinenteile","description":"Lagergeh\u00e4use, seismische Nivellierf\u00fc\u00dfe und Nivellierrollen","publisher":{"@id":"https:\/\/nhkmachineryparts.com\/#organization"},"potentialAction":[{"@type":"SearchAction","target":{"@type":"EntryPoint","urlTemplate":"https:\/\/nhkmachineryparts.com\/?s={search_term_string}"},"query-input":{"@type":"PropertyValueSpecification","valueRequired":true,"valueName":"search_term_string"}}],"inLanguage":"de"},{"@type":"Organization","@id":"https:\/\/nhkmachineryparts.com\/#organization","name":"Nhk Group ApS","url":"https:\/\/nhkmachineryparts.com\/","logo":{"@type":"ImageObject","inLanguage":"de","@id":"https:\/\/nhkmachineryparts.com\/#\/schema\/logo\/image\/","url":"https:\/\/nhkmachineryparts.com\/wp-content\/uploads\/2022\/09\/NHKgroup_social.jpg","contentUrl":"https:\/\/nhkmachineryparts.com\/wp-content\/uploads\/2022\/09\/NHKgroup_social.jpg","width":1200,"height":630,"caption":"Nhk Group ApS"},"image":{"@id":"https:\/\/nhkmachineryparts.com\/#\/schema\/logo\/image\/"},"sameAs":["https:\/\/www.facebook.com\/NHK.Group.aps"]}]}},"_links":{"self":[{"href":"https:\/\/nhkmachineryparts.com\/de\/wp-json\/wp\/v2\/product\/12768","targetHints":{"allow":["GET"]}}],"collection":[{"href":"https:\/\/nhkmachineryparts.com\/de\/wp-json\/wp\/v2\/product"}],"about":[{"href":"https:\/\/nhkmachineryparts.com\/de\/wp-json\/wp\/v2\/types\/product"}],"wp:featuredmedia":[{"embeddable":true,"href":"https:\/\/nhkmachineryparts.com\/de\/wp-json\/wp\/v2\/media\/12769"}],"wp:attachment":[{"href":"https:\/\/nhkmachineryparts.com\/de\/wp-json\/wp\/v2\/media?parent=12768"}],"wp:term":[{"taxonomy":"product_brand","embeddable":true,"href":"https:\/\/nhkmachineryparts.com\/de\/wp-json\/wp\/v2\/product_brand?post=12768"},{"taxonomy":"product_cat","embeddable":true,"href":"https:\/\/nhkmachineryparts.com\/de\/wp-json\/wp\/v2\/product_cat?post=12768"},{"taxonomy":"product_tag","embeddable":true,"href":"https:\/\/nhkmachineryparts.com\/de\/wp-json\/wp\/v2\/product_tag?post=12768"}],"curies":[{"name":"wp","href":"https:\/\/api.w.org\/{rel}","templated":true}]}}